{"id":9047,"date":"2023-02-26T12:15:02","date_gmt":"2023-02-26T12:15:02","guid":{"rendered":"https:\/\/yaomarket.cl\/?post_type=product&#038;p=9047"},"modified":"2025-11-04T16:26:41","modified_gmt":"2025-11-04T16:26:41","slug":"capsulas-de-cafe-costa-rica-brisamar-10-unidades-guzzini-2","status":"publish","type":"product","link":"https:\/\/yaomarket.cl\/?product=capsulas-de-cafe-costa-rica-brisamar-10-unidades-guzzini-2","title":{"rendered":"C\u00e1psulas De Caf\u00e9 Costa Rica Brisamar 10 Unidades guzzini"},"content":{"rendered":"","protected":false},"excerpt":{"rendered":"<div id=\"product-description-short-29\" class=\"rte-content product-description\">\n<p>Un caf\u00e9 con cuerpo de Centroam\u00e9rica con un sabor dulce y vivo. Toques de chocolate y frutas tropicales.\u00a0<strong>C\u00e1psulas de caf\u00e9 molido espresso Hausbrandt para m\u00e1quina Guzzini<\/strong>.<strong>\u00a0<\/strong><\/p>\n<p>Contenido por envase: 10 unidades<\/p>\n<\/div>\n<div class=\"product-actions\">\n<form id=\"add-to-cart-or-refresh\" action=\"https:\/\/europasecreta.cl\/carrito\" method=\"post\">\n<div class=\"product-variants\"><\/div>\n<div class=\"product-add-to-cart pt-3\">\n<div class=\"row extra-small-gutters product-quantity \">\n<div class=\"col col-12 col-sm-auto col-add-qty\">\n<div class=\"qty \">\n<div class=\"input-group bootstrap-touchspin\"><\/div>\n<\/div>\n<\/div>\n<\/div>\n<\/div>\n<\/form>\n<\/div>\n","protected":false},"featured_media":9036,"template":"","meta":[],"product_cat":[72,76,78,81],"product_tag":[104,103,109,127,110,107,105,106,128,108],"class_list":{"0":"post-9047","1":"product","2":"type-product","3":"status-publish","4":"has-post-thumbnail","6":"product_cat-cafe","7":"product_cat-cafe-alto-en-cafeina","8":"product_cat-cafe-en-capsulas","9":"product_cat-guzzini","10":"product_tag-arabico","11":"product_tag-cafe","12":"product_tag-cafeina","13":"product_tag-capsula","14":"product_tag-extrema-cafeina","15":"product_tag-grano","16":"product_tag-hausbrandt","17":"product_tag-italia","18":"product_tag-nespresso","19":"product_tag-robusta","20":"pa_tipo-de-cafe-cafe-en-grano","22":"first","23":"outofstock","24":"shipping-taxable","25":"purchasable","26":"product-type-simple"},"yoast_head":"<!-- This site is optimized with the Yoast SEO plugin v25.2 - https:\/\/yoast.com\/wordpress\/plugins\/seo\/ -->\n<title>C\u00e1psulas De Caf\u00e9 Costa Rica Brisamar 10 Unidades guzzini - YAOMARKET<\/title>\n<meta name=\"robots\" content=\"index, follow, max-snippet:-1, max-image-preview:large, max-video-preview:-1\" \/>\n<link rel=\"canonical\" href=\"https:\/\/yaomarket.cl\/?product=capsulas-de-cafe-costa-rica-brisamar-10-unidades-guzzini-2\" \/>\n<meta property=\"og:locale\" content=\"es_ES\" \/>\n<meta property=\"og:type\" content=\"article\" \/>\n<meta property=\"og:title\" content=\"C\u00e1psulas De Caf\u00e9 Costa Rica Brisamar 10 Unidades guzzini - YAOMARKET\" \/>\n<meta property=\"og:description\" content=\"Un caf\u00e9 con cuerpo de Centroam\u00e9rica con un sabor dulce y vivo. Toques de chocolate y frutas tropicales.\u00a0C\u00e1psulas de caf\u00e9 molido espresso Hausbrandt para m\u00e1quina Guzzini.\u00a0  Contenido por envase: 10 unidades\" \/>\n<meta property=\"og:url\" content=\"https:\/\/yaomarket.cl\/?product=capsulas-de-cafe-costa-rica-brisamar-10-unidades-guzzini-2\" \/>\n<meta property=\"og:site_name\" content=\"YAOMARKET\" \/>\n<meta property=\"article:publisher\" content=\"https:\/\/www.facebook.com\/yaomarketchile\/\" \/>\n<meta property=\"article:modified_time\" content=\"2025-11-04T16:26:41+00:00\" \/>\n<meta property=\"og:image\" content=\"https:\/\/yaomarket.cl\/wp-content\/uploads\/2023\/02\/capsulas-de-cafe-hausbrandt-costa-rica-brisamar-10-unidades.png\" \/>\n\t<meta property=\"og:image:width\" content=\"1100\" \/>\n\t<meta property=\"og:image:height\" content=\"1422\" \/>\n\t<meta property=\"og:image:type\" content=\"image\/png\" \/>\n<meta name=\"twitter:card\" content=\"summary_large_image\" \/>\n<script type=\"application\/ld+json\" class=\"yoast-schema-graph\">{\"@context\":\"https:\/\/schema.org\",\"@graph\":[{\"@type\":\"WebPage\",\"@id\":\"https:\/\/yaomarket.cl\/?product=capsulas-de-cafe-costa-rica-brisamar-10-unidades-guzzini-2\",\"url\":\"https:\/\/yaomarket.cl\/?product=capsulas-de-cafe-costa-rica-brisamar-10-unidades-guzzini-2\",\"name\":\"C\u00e1psulas De Caf\u00e9 Costa Rica Brisamar 10 Unidades guzzini - YAOMARKET\",\"isPartOf\":{\"@id\":\"https:\/\/yaomarket.cl\/#website\"},\"primaryImageOfPage\":{\"@id\":\"https:\/\/yaomarket.cl\/?product=capsulas-de-cafe-costa-rica-brisamar-10-unidades-guzzini-2#primaryimage\"},\"image\":{\"@id\":\"https:\/\/yaomarket.cl\/?product=capsulas-de-cafe-costa-rica-brisamar-10-unidades-guzzini-2#primaryimage\"},\"thumbnailUrl\":\"https:\/\/yaomarket.cl\/wp-content\/uploads\/2023\/02\/capsulas-de-cafe-hausbrandt-costa-rica-brisamar-10-unidades.png\",\"datePublished\":\"2023-02-26T12:15:02+00:00\",\"dateModified\":\"2025-11-04T16:26:41+00:00\",\"breadcrumb\":{\"@id\":\"https:\/\/yaomarket.cl\/?product=capsulas-de-cafe-costa-rica-brisamar-10-unidades-guzzini-2#breadcrumb\"},\"inLanguage\":\"es\",\"potentialAction\":[{\"@type\":\"ReadAction\",\"target\":[\"https:\/\/yaomarket.cl\/?product=capsulas-de-cafe-costa-rica-brisamar-10-unidades-guzzini-2\"]}]},{\"@type\":\"ImageObject\",\"inLanguage\":\"es\",\"@id\":\"https:\/\/yaomarket.cl\/?product=capsulas-de-cafe-costa-rica-brisamar-10-unidades-guzzini-2#primaryimage\",\"url\":\"https:\/\/yaomarket.cl\/wp-content\/uploads\/2023\/02\/capsulas-de-cafe-hausbrandt-costa-rica-brisamar-10-unidades.png\",\"contentUrl\":\"https:\/\/yaomarket.cl\/wp-content\/uploads\/2023\/02\/capsulas-de-cafe-hausbrandt-costa-rica-brisamar-10-unidades.png\",\"width\":1100,\"height\":1422},{\"@type\":\"BreadcrumbList\",\"@id\":\"https:\/\/yaomarket.cl\/?product=capsulas-de-cafe-costa-rica-brisamar-10-unidades-guzzini-2#breadcrumb\",\"itemListElement\":[{\"@type\":\"ListItem\",\"position\":1,\"name\":\"Portada\",\"item\":\"https:\/\/yaomarket.cl\/\"},{\"@type\":\"ListItem\",\"position\":2,\"name\":\"TIENDA\",\"item\":\"https:\/\/yaomarket.cl\/?page_id=8\"},{\"@type\":\"ListItem\",\"position\":3,\"name\":\"C\u00e1psulas De Caf\u00e9 Costa Rica Brisamar 10 Unidades guzzini\"}]},{\"@type\":\"WebSite\",\"@id\":\"https:\/\/yaomarket.cl\/#website\",\"url\":\"https:\/\/yaomarket.cl\/\",\"name\":\"YAOMARKET\",\"description\":\"\",\"publisher\":{\"@id\":\"https:\/\/yaomarket.cl\/#organization\"},\"potentialAction\":[{\"@type\":\"SearchAction\",\"target\":{\"@type\":\"EntryPoint\",\"urlTemplate\":\"https:\/\/yaomarket.cl\/?s={search_term_string}\"},\"query-input\":{\"@type\":\"PropertyValueSpecification\",\"valueRequired\":true,\"valueName\":\"search_term_string\"}}],\"inLanguage\":\"es\"},{\"@type\":\"Organization\",\"@id\":\"https:\/\/yaomarket.cl\/#organization\",\"name\":\"YAOMARKET\",\"url\":\"https:\/\/yaomarket.cl\/\",\"logo\":{\"@type\":\"ImageObject\",\"inLanguage\":\"es\",\"@id\":\"https:\/\/yaomarket.cl\/#\/schema\/logo\/image\/\",\"url\":\"https:\/\/yaomarket.cl\/wp-content\/uploads\/2023\/08\/Logo-Original-Yao-Market-Circular.png\",\"contentUrl\":\"https:\/\/yaomarket.cl\/wp-content\/uploads\/2023\/08\/Logo-Original-Yao-Market-Circular.png\",\"width\":522,\"height\":522,\"caption\":\"YAOMARKET\"},\"image\":{\"@id\":\"https:\/\/yaomarket.cl\/#\/schema\/logo\/image\/\"},\"sameAs\":[\"https:\/\/www.facebook.com\/yaomarketchile\/\",\"https:\/\/www.instagram.com\/yao_market\/\"]}]}<\/script>\n<!-- \/ Yoast SEO plugin. -->","yoast_head_json":{"title":"C\u00e1psulas De Caf\u00e9 Costa Rica Brisamar 10 Unidades guzzini - YAOMARKET","robots":{"index":"index","follow":"follow","max-snippet":"max-snippet:-1","max-image-preview":"max-image-preview:large","max-video-preview":"max-video-preview:-1"},"canonical":"https:\/\/yaomarket.cl\/?product=capsulas-de-cafe-costa-rica-brisamar-10-unidades-guzzini-2","og_locale":"es_ES","og_type":"article","og_title":"C\u00e1psulas De Caf\u00e9 Costa Rica Brisamar 10 Unidades guzzini - YAOMARKET","og_description":"Un caf\u00e9 con cuerpo de Centroam\u00e9rica con un sabor dulce y vivo. Toques de chocolate y frutas tropicales.\u00a0C\u00e1psulas de caf\u00e9 molido espresso Hausbrandt para m\u00e1quina Guzzini.\u00a0  Contenido por envase: 10 unidades","og_url":"https:\/\/yaomarket.cl\/?product=capsulas-de-cafe-costa-rica-brisamar-10-unidades-guzzini-2","og_site_name":"YAOMARKET","article_publisher":"https:\/\/www.facebook.com\/yaomarketchile\/","article_modified_time":"2025-11-04T16:26:41+00:00","og_image":[{"width":1100,"height":1422,"url":"https:\/\/yaomarket.cl\/wp-content\/uploads\/2023\/02\/capsulas-de-cafe-hausbrandt-costa-rica-brisamar-10-unidades.png","type":"image\/png"}],"twitter_card":"summary_large_image","schema":{"@context":"https:\/\/schema.org","@graph":[{"@type":"WebPage","@id":"https:\/\/yaomarket.cl\/?product=capsulas-de-cafe-costa-rica-brisamar-10-unidades-guzzini-2","url":"https:\/\/yaomarket.cl\/?product=capsulas-de-cafe-costa-rica-brisamar-10-unidades-guzzini-2","name":"C\u00e1psulas De Caf\u00e9 Costa Rica Brisamar 10 Unidades guzzini - YAOMARKET","isPartOf":{"@id":"https:\/\/yaomarket.cl\/#website"},"primaryImageOfPage":{"@id":"https:\/\/yaomarket.cl\/?product=capsulas-de-cafe-costa-rica-brisamar-10-unidades-guzzini-2#primaryimage"},"image":{"@id":"https:\/\/yaomarket.cl\/?product=capsulas-de-cafe-costa-rica-brisamar-10-unidades-guzzini-2#primaryimage"},"thumbnailUrl":"https:\/\/yaomarket.cl\/wp-content\/uploads\/2023\/02\/capsulas-de-cafe-hausbrandt-costa-rica-brisamar-10-unidades.png","datePublished":"2023-02-26T12:15:02+00:00","dateModified":"2025-11-04T16:26:41+00:00","breadcrumb":{"@id":"https:\/\/yaomarket.cl\/?product=capsulas-de-cafe-costa-rica-brisamar-10-unidades-guzzini-2#breadcrumb"},"inLanguage":"es","potentialAction":[{"@type":"ReadAction","target":["https:\/\/yaomarket.cl\/?product=capsulas-de-cafe-costa-rica-brisamar-10-unidades-guzzini-2"]}]},{"@type":"ImageObject","inLanguage":"es","@id":"https:\/\/yaomarket.cl\/?product=capsulas-de-cafe-costa-rica-brisamar-10-unidades-guzzini-2#primaryimage","url":"https:\/\/yaomarket.cl\/wp-content\/uploads\/2023\/02\/capsulas-de-cafe-hausbrandt-costa-rica-brisamar-10-unidades.png","contentUrl":"https:\/\/yaomarket.cl\/wp-content\/uploads\/2023\/02\/capsulas-de-cafe-hausbrandt-costa-rica-brisamar-10-unidades.png","width":1100,"height":1422},{"@type":"BreadcrumbList","@id":"https:\/\/yaomarket.cl\/?product=capsulas-de-cafe-costa-rica-brisamar-10-unidades-guzzini-2#breadcrumb","itemListElement":[{"@type":"ListItem","position":1,"name":"Portada","item":"https:\/\/yaomarket.cl\/"},{"@type":"ListItem","position":2,"name":"TIENDA","item":"https:\/\/yaomarket.cl\/?page_id=8"},{"@type":"ListItem","position":3,"name":"C\u00e1psulas De Caf\u00e9 Costa Rica Brisamar 10 Unidades guzzini"}]},{"@type":"WebSite","@id":"https:\/\/yaomarket.cl\/#website","url":"https:\/\/yaomarket.cl\/","name":"YAOMARKET","description":"","publisher":{"@id":"https:\/\/yaomarket.cl\/#organization"},"potentialAction":[{"@type":"SearchAction","target":{"@type":"EntryPoint","urlTemplate":"https:\/\/yaomarket.cl\/?s={search_term_string}"},"query-input":{"@type":"PropertyValueSpecification","valueRequired":true,"valueName":"search_term_string"}}],"inLanguage":"es"},{"@type":"Organization","@id":"https:\/\/yaomarket.cl\/#organization","name":"YAOMARKET","url":"https:\/\/yaomarket.cl\/","logo":{"@type":"ImageObject","inLanguage":"es","@id":"https:\/\/yaomarket.cl\/#\/schema\/logo\/image\/","url":"https:\/\/yaomarket.cl\/wp-content\/uploads\/2023\/08\/Logo-Original-Yao-Market-Circular.png","contentUrl":"https:\/\/yaomarket.cl\/wp-content\/uploads\/2023\/08\/Logo-Original-Yao-Market-Circular.png","width":522,"height":522,"caption":"YAOMARKET"},"image":{"@id":"https:\/\/yaomarket.cl\/#\/schema\/logo\/image\/"},"sameAs":["https:\/\/www.facebook.com\/yaomarketchile\/","https:\/\/www.instagram.com\/yao_market\/"]}]}},"_links":{"self":[{"href":"https:\/\/yaomarket.cl\/index.php?rest_route=\/wp\/v2\/product\/9047","targetHints":{"allow":["GET"]}}],"collection":[{"href":"https:\/\/yaomarket.cl\/index.php?rest_route=\/wp\/v2\/product"}],"about":[{"href":"https:\/\/yaomarket.cl\/index.php?rest_route=\/wp\/v2\/types\/product"}],"wp:featuredmedia":[{"embeddable":true,"href":"https:\/\/yaomarket.cl\/index.php?rest_route=\/wp\/v2\/media\/9036"}],"wp:attachment":[{"href":"https:\/\/yaomarket.cl\/index.php?rest_route=%2Fwp%2Fv2%2Fmedia&parent=9047"}],"wp:term":[{"taxonomy":"product_cat","embeddable":true,"href":"https:\/\/yaomarket.cl\/index.php?rest_route=%2Fwp%2Fv2%2Fproduct_cat&post=9047"},{"taxonomy":"product_tag","embeddable":true,"href":"https:\/\/yaomarket.cl\/index.php?rest_route=%2Fwp%2Fv2%2Fproduct_tag&post=9047"}],"curies":[{"name":"wp","href":"https:\/\/api.w.org\/{rel}","templated":true}]}}