{"id":9041,"date":"2023-02-26T11:50:44","date_gmt":"2023-02-26T11:50:44","guid":{"rendered":"https:\/\/yaomarket.cl\/?post_type=product&#038;p=9041"},"modified":"2025-11-04T16:27:15","modified_gmt":"2025-11-04T16:27:15","slug":"capsulas-nespresso-compatible-hausbrandt-intenso-10-un","status":"publish","type":"product","link":"https:\/\/yaomarket.cl\/?product=capsulas-nespresso-compatible-hausbrandt-intenso-10-un","title":{"rendered":"C\u00e1psulas Nespresso Compatible Hausbrandt intenso 10 Un"},"content":{"rendered":"","protected":false},"excerpt":{"rendered":"<p>Variedad: Intenso El sabor fuerte y la consistencia cremosa se caracterizan por la combinaci\u00f3n de los dulces Ar\u00e1bicas brasile\u00f1os con las fuertes variedades arom\u00e1ticas de Robusta. Una acidez muy ligera, apenas perceptible, completa el paladar. Los aromas tostados recuerdan al pan horneado. En el retrogusto se notan ligeros toques de cacao y avellana.<\/p>\n<p>Intensidad: 8 Compatible con todas las m\u00e1quinas fabricadas para el sistema Nespresso\u00ae<\/p>\n<p>Contenido Neto: 200grs<\/p>\n","protected":false},"featured_media":12608,"template":"","meta":[],"product_cat":[72,76,78,80],"product_tag":[104,103,109,127,110,107,106,128,108],"class_list":{"0":"post-9041","1":"product","2":"type-product","3":"status-publish","4":"has-post-thumbnail","6":"product_cat-cafe","7":"product_cat-cafe-alto-en-cafeina","8":"product_cat-cafe-en-capsulas","9":"product_cat-nespresso-compatible","10":"product_tag-arabico","11":"product_tag-cafe","12":"product_tag-cafeina","13":"product_tag-capsula","14":"product_tag-extrema-cafeina","15":"product_tag-grano","16":"product_tag-italia","17":"product_tag-nespresso","18":"product_tag-robusta","19":"pa_tipo-de-cafe-cafe-en-grano","21":"first","22":"instock","23":"shipping-taxable","24":"purchasable","25":"product-type-simple"},"yoast_head":"<!-- This site is optimized with the Yoast SEO plugin v25.2 - https:\/\/yoast.com\/wordpress\/plugins\/seo\/ -->\n<title>C\u00e1psulas Nespresso Compatible Hausbrandt intenso 10 Un - YAOMARKET<\/title>\n<meta name=\"robots\" content=\"index, follow, max-snippet:-1, max-image-preview:large, max-video-preview:-1\" \/>\n<link rel=\"canonical\" href=\"https:\/\/yaomarket.cl\/?product=capsulas-nespresso-compatible-hausbrandt-intenso-10-un\" \/>\n<meta property=\"og:locale\" content=\"es_ES\" \/>\n<meta property=\"og:type\" content=\"article\" \/>\n<meta property=\"og:title\" content=\"C\u00e1psulas Nespresso Compatible Hausbrandt intenso 10 Un - YAOMARKET\" \/>\n<meta property=\"og:description\" content=\"Variedad: Intenso El sabor fuerte y la consistencia cremosa se caracterizan por la combinaci\u00f3n de los dulces Ar\u00e1bicas brasile\u00f1os con las fuertes variedades arom\u00e1ticas de Robusta. Una acidez muy ligera, apenas perceptible, completa el paladar. Los aromas tostados recuerdan al pan horneado. En el retrogusto se notan ligeros toques de cacao y avellana.  Intensidad: 8 Compatible con todas las m\u00e1quinas fabricadas para el sistema Nespresso\u00ae  Contenido Neto: 200grs\" \/>\n<meta property=\"og:url\" content=\"https:\/\/yaomarket.cl\/?product=capsulas-nespresso-compatible-hausbrandt-intenso-10-un\" \/>\n<meta property=\"og:site_name\" content=\"YAOMARKET\" \/>\n<meta property=\"article:publisher\" content=\"https:\/\/www.facebook.com\/yaomarketchile\/\" \/>\n<meta property=\"article:modified_time\" content=\"2025-11-04T16:27:15+00:00\" \/>\n<meta property=\"og:image\" content=\"https:\/\/yaomarket.cl\/wp-content\/uploads\/2023\/02\/capsulas-nespresso-compatible-hausbrandt-intenso-10-un-1.png\" \/>\n\t<meta property=\"og:image:width\" content=\"800\" \/>\n\t<meta property=\"og:image:height\" content=\"800\" \/>\n\t<meta property=\"og:image:type\" content=\"image\/png\" \/>\n<meta name=\"twitter:card\" content=\"summary_large_image\" \/>\n<meta name=\"twitter:label1\" content=\"Tiempo de lectura\" \/>\n\t<meta name=\"twitter:data1\" content=\"1 minuto\" \/>\n<script type=\"application\/ld+json\" class=\"yoast-schema-graph\">{\"@context\":\"https:\/\/schema.org\",\"@graph\":[{\"@type\":\"WebPage\",\"@id\":\"https:\/\/yaomarket.cl\/?product=capsulas-nespresso-compatible-hausbrandt-intenso-10-un\",\"url\":\"https:\/\/yaomarket.cl\/?product=capsulas-nespresso-compatible-hausbrandt-intenso-10-un\",\"name\":\"C\u00e1psulas Nespresso Compatible Hausbrandt intenso 10 Un - YAOMARKET\",\"isPartOf\":{\"@id\":\"https:\/\/yaomarket.cl\/#website\"},\"primaryImageOfPage\":{\"@id\":\"https:\/\/yaomarket.cl\/?product=capsulas-nespresso-compatible-hausbrandt-intenso-10-un#primaryimage\"},\"image\":{\"@id\":\"https:\/\/yaomarket.cl\/?product=capsulas-nespresso-compatible-hausbrandt-intenso-10-un#primaryimage\"},\"thumbnailUrl\":\"https:\/\/yaomarket.cl\/wp-content\/uploads\/2023\/02\/capsulas-nespresso-compatible-hausbrandt-intenso-10-un-1.png\",\"datePublished\":\"2023-02-26T11:50:44+00:00\",\"dateModified\":\"2025-11-04T16:27:15+00:00\",\"breadcrumb\":{\"@id\":\"https:\/\/yaomarket.cl\/?product=capsulas-nespresso-compatible-hausbrandt-intenso-10-un#breadcrumb\"},\"inLanguage\":\"es\",\"potentialAction\":[{\"@type\":\"ReadAction\",\"target\":[\"https:\/\/yaomarket.cl\/?product=capsulas-nespresso-compatible-hausbrandt-intenso-10-un\"]}]},{\"@type\":\"ImageObject\",\"inLanguage\":\"es\",\"@id\":\"https:\/\/yaomarket.cl\/?product=capsulas-nespresso-compatible-hausbrandt-intenso-10-un#primaryimage\",\"url\":\"https:\/\/yaomarket.cl\/wp-content\/uploads\/2023\/02\/capsulas-nespresso-compatible-hausbrandt-intenso-10-un-1.png\",\"contentUrl\":\"https:\/\/yaomarket.cl\/wp-content\/uploads\/2023\/02\/capsulas-nespresso-compatible-hausbrandt-intenso-10-un-1.png\",\"width\":800,\"height\":800},{\"@type\":\"BreadcrumbList\",\"@id\":\"https:\/\/yaomarket.cl\/?product=capsulas-nespresso-compatible-hausbrandt-intenso-10-un#breadcrumb\",\"itemListElement\":[{\"@type\":\"ListItem\",\"position\":1,\"name\":\"Portada\",\"item\":\"https:\/\/yaomarket.cl\/\"},{\"@type\":\"ListItem\",\"position\":2,\"name\":\"TIENDA\",\"item\":\"https:\/\/yaomarket.cl\/?page_id=8\"},{\"@type\":\"ListItem\",\"position\":3,\"name\":\"C\u00e1psulas Nespresso Compatible Hausbrandt intenso 10 Un\"}]},{\"@type\":\"WebSite\",\"@id\":\"https:\/\/yaomarket.cl\/#website\",\"url\":\"https:\/\/yaomarket.cl\/\",\"name\":\"YAOMARKET\",\"description\":\"\",\"publisher\":{\"@id\":\"https:\/\/yaomarket.cl\/#organization\"},\"potentialAction\":[{\"@type\":\"SearchAction\",\"target\":{\"@type\":\"EntryPoint\",\"urlTemplate\":\"https:\/\/yaomarket.cl\/?s={search_term_string}\"},\"query-input\":{\"@type\":\"PropertyValueSpecification\",\"valueRequired\":true,\"valueName\":\"search_term_string\"}}],\"inLanguage\":\"es\"},{\"@type\":\"Organization\",\"@id\":\"https:\/\/yaomarket.cl\/#organization\",\"name\":\"YAOMARKET\",\"url\":\"https:\/\/yaomarket.cl\/\",\"logo\":{\"@type\":\"ImageObject\",\"inLanguage\":\"es\",\"@id\":\"https:\/\/yaomarket.cl\/#\/schema\/logo\/image\/\",\"url\":\"https:\/\/yaomarket.cl\/wp-content\/uploads\/2023\/08\/Logo-Original-Yao-Market-Circular.png\",\"contentUrl\":\"https:\/\/yaomarket.cl\/wp-content\/uploads\/2023\/08\/Logo-Original-Yao-Market-Circular.png\",\"width\":522,\"height\":522,\"caption\":\"YAOMARKET\"},\"image\":{\"@id\":\"https:\/\/yaomarket.cl\/#\/schema\/logo\/image\/\"},\"sameAs\":[\"https:\/\/www.facebook.com\/yaomarketchile\/\",\"https:\/\/www.instagram.com\/yao_market\/\"]}]}<\/script>\n<!-- \/ Yoast SEO plugin. -->","yoast_head_json":{"title":"C\u00e1psulas Nespresso Compatible Hausbrandt intenso 10 Un - YAOMARKET","robots":{"index":"index","follow":"follow","max-snippet":"max-snippet:-1","max-image-preview":"max-image-preview:large","max-video-preview":"max-video-preview:-1"},"canonical":"https:\/\/yaomarket.cl\/?product=capsulas-nespresso-compatible-hausbrandt-intenso-10-un","og_locale":"es_ES","og_type":"article","og_title":"C\u00e1psulas Nespresso Compatible Hausbrandt intenso 10 Un - YAOMARKET","og_description":"Variedad: Intenso El sabor fuerte y la consistencia cremosa se caracterizan por la combinaci\u00f3n de los dulces Ar\u00e1bicas brasile\u00f1os con las fuertes variedades arom\u00e1ticas de Robusta. Una acidez muy ligera, apenas perceptible, completa el paladar. Los aromas tostados recuerdan al pan horneado. En el retrogusto se notan ligeros toques de cacao y avellana.  Intensidad: 8 Compatible con todas las m\u00e1quinas fabricadas para el sistema Nespresso\u00ae  Contenido Neto: 200grs","og_url":"https:\/\/yaomarket.cl\/?product=capsulas-nespresso-compatible-hausbrandt-intenso-10-un","og_site_name":"YAOMARKET","article_publisher":"https:\/\/www.facebook.com\/yaomarketchile\/","article_modified_time":"2025-11-04T16:27:15+00:00","og_image":[{"width":800,"height":800,"url":"https:\/\/yaomarket.cl\/wp-content\/uploads\/2023\/02\/capsulas-nespresso-compatible-hausbrandt-intenso-10-un-1.png","type":"image\/png"}],"twitter_card":"summary_large_image","twitter_misc":{"Tiempo de lectura":"1 minuto"},"schema":{"@context":"https:\/\/schema.org","@graph":[{"@type":"WebPage","@id":"https:\/\/yaomarket.cl\/?product=capsulas-nespresso-compatible-hausbrandt-intenso-10-un","url":"https:\/\/yaomarket.cl\/?product=capsulas-nespresso-compatible-hausbrandt-intenso-10-un","name":"C\u00e1psulas Nespresso Compatible Hausbrandt intenso 10 Un - YAOMARKET","isPartOf":{"@id":"https:\/\/yaomarket.cl\/#website"},"primaryImageOfPage":{"@id":"https:\/\/yaomarket.cl\/?product=capsulas-nespresso-compatible-hausbrandt-intenso-10-un#primaryimage"},"image":{"@id":"https:\/\/yaomarket.cl\/?product=capsulas-nespresso-compatible-hausbrandt-intenso-10-un#primaryimage"},"thumbnailUrl":"https:\/\/yaomarket.cl\/wp-content\/uploads\/2023\/02\/capsulas-nespresso-compatible-hausbrandt-intenso-10-un-1.png","datePublished":"2023-02-26T11:50:44+00:00","dateModified":"2025-11-04T16:27:15+00:00","breadcrumb":{"@id":"https:\/\/yaomarket.cl\/?product=capsulas-nespresso-compatible-hausbrandt-intenso-10-un#breadcrumb"},"inLanguage":"es","potentialAction":[{"@type":"ReadAction","target":["https:\/\/yaomarket.cl\/?product=capsulas-nespresso-compatible-hausbrandt-intenso-10-un"]}]},{"@type":"ImageObject","inLanguage":"es","@id":"https:\/\/yaomarket.cl\/?product=capsulas-nespresso-compatible-hausbrandt-intenso-10-un#primaryimage","url":"https:\/\/yaomarket.cl\/wp-content\/uploads\/2023\/02\/capsulas-nespresso-compatible-hausbrandt-intenso-10-un-1.png","contentUrl":"https:\/\/yaomarket.cl\/wp-content\/uploads\/2023\/02\/capsulas-nespresso-compatible-hausbrandt-intenso-10-un-1.png","width":800,"height":800},{"@type":"BreadcrumbList","@id":"https:\/\/yaomarket.cl\/?product=capsulas-nespresso-compatible-hausbrandt-intenso-10-un#breadcrumb","itemListElement":[{"@type":"ListItem","position":1,"name":"Portada","item":"https:\/\/yaomarket.cl\/"},{"@type":"ListItem","position":2,"name":"TIENDA","item":"https:\/\/yaomarket.cl\/?page_id=8"},{"@type":"ListItem","position":3,"name":"C\u00e1psulas Nespresso Compatible Hausbrandt intenso 10 Un"}]},{"@type":"WebSite","@id":"https:\/\/yaomarket.cl\/#website","url":"https:\/\/yaomarket.cl\/","name":"YAOMARKET","description":"","publisher":{"@id":"https:\/\/yaomarket.cl\/#organization"},"potentialAction":[{"@type":"SearchAction","target":{"@type":"EntryPoint","urlTemplate":"https:\/\/yaomarket.cl\/?s={search_term_string}"},"query-input":{"@type":"PropertyValueSpecification","valueRequired":true,"valueName":"search_term_string"}}],"inLanguage":"es"},{"@type":"Organization","@id":"https:\/\/yaomarket.cl\/#organization","name":"YAOMARKET","url":"https:\/\/yaomarket.cl\/","logo":{"@type":"ImageObject","inLanguage":"es","@id":"https:\/\/yaomarket.cl\/#\/schema\/logo\/image\/","url":"https:\/\/yaomarket.cl\/wp-content\/uploads\/2023\/08\/Logo-Original-Yao-Market-Circular.png","contentUrl":"https:\/\/yaomarket.cl\/wp-content\/uploads\/2023\/08\/Logo-Original-Yao-Market-Circular.png","width":522,"height":522,"caption":"YAOMARKET"},"image":{"@id":"https:\/\/yaomarket.cl\/#\/schema\/logo\/image\/"},"sameAs":["https:\/\/www.facebook.com\/yaomarketchile\/","https:\/\/www.instagram.com\/yao_market\/"]}]}},"_links":{"self":[{"href":"https:\/\/yaomarket.cl\/index.php?rest_route=\/wp\/v2\/product\/9041","targetHints":{"allow":["GET"]}}],"collection":[{"href":"https:\/\/yaomarket.cl\/index.php?rest_route=\/wp\/v2\/product"}],"about":[{"href":"https:\/\/yaomarket.cl\/index.php?rest_route=\/wp\/v2\/types\/product"}],"wp:featuredmedia":[{"embeddable":true,"href":"https:\/\/yaomarket.cl\/index.php?rest_route=\/wp\/v2\/media\/12608"}],"wp:attachment":[{"href":"https:\/\/yaomarket.cl\/index.php?rest_route=%2Fwp%2Fv2%2Fmedia&parent=9041"}],"wp:term":[{"taxonomy":"product_cat","embeddable":true,"href":"https:\/\/yaomarket.cl\/index.php?rest_route=%2Fwp%2Fv2%2Fproduct_cat&post=9041"},{"taxonomy":"product_tag","embeddable":true,"href":"https:\/\/yaomarket.cl\/index.php?rest_route=%2Fwp%2Fv2%2Fproduct_tag&post=9041"}],"curies":[{"name":"wp","href":"https:\/\/api.w.org\/{rel}","templated":true}]}}