{"id":9015,"date":"2023-02-26T01:09:31","date_gmt":"2023-02-26T01:09:31","guid":{"rendered":"https:\/\/yaomarket.cl\/?post_type=product&#038;p=9015"},"modified":"2025-11-04T16:19:10","modified_gmt":"2025-11-04T16:19:10","slug":"caja-pods-descafeinado-50-unidades","status":"publish","type":"product","link":"https:\/\/yaomarket.cl\/?product=caja-pods-descafeinado-50-unidades","title":{"rendered":"Caja Pods Descafeinado 50 unidades Morettino"},"content":{"rendered":"","protected":false},"excerpt":{"rendered":"<p>Una mezcla equilibrada de caf\u00e9 reci\u00e9n molido de refinados caf\u00e9s descafeinados que combina las agradables notas frutales de los m\u00e1s exclusivos or\u00edgenes centroamericanos con los suaves tonos chocolate de los caf\u00e9s indios.<\/p>\n<p>Contiene 50 unidades monodosis.<\/p>\n","protected":false},"featured_media":9016,"template":"","meta":[],"product_cat":[72,77],"product_tag":[104,103,119,113,107,106,117,114,130,108],"class_list":{"0":"post-9015","1":"product","2":"type-product","3":"status-publish","4":"has-post-thumbnail","6":"product_cat-cafe","7":"product_cat-cafe-en-pods","8":"product_tag-arabico","9":"product_tag-cafe","10":"product_tag-descafeinado","11":"product_tag-espresso","12":"product_tag-grano","13":"product_tag-italia","14":"product_tag-molido","15":"product_tag-morettino","16":"product_tag-pods","17":"product_tag-robusta","18":"pa_tipo-de-cafe-cafe-molido","20":"first","21":"outofstock","22":"shipping-taxable","23":"purchasable","24":"product-type-simple"},"yoast_head":"<!-- This site is optimized with the Yoast SEO plugin v25.2 - https:\/\/yoast.com\/wordpress\/plugins\/seo\/ -->\n<title>Caja Pods Descafeinado 50 unidades Morettino - YAOMARKET<\/title>\n<meta name=\"robots\" content=\"index, follow, max-snippet:-1, max-image-preview:large, max-video-preview:-1\" \/>\n<link rel=\"canonical\" href=\"https:\/\/yaomarket.cl\/?product=caja-pods-descafeinado-50-unidades\" \/>\n<meta property=\"og:locale\" content=\"es_ES\" \/>\n<meta property=\"og:type\" content=\"article\" \/>\n<meta property=\"og:title\" content=\"Caja Pods Descafeinado 50 unidades Morettino - YAOMARKET\" \/>\n<meta property=\"og:description\" content=\"Una mezcla equilibrada de caf\u00e9 reci\u00e9n molido de refinados caf\u00e9s descafeinados que combina las agradables notas frutales de los m\u00e1s exclusivos or\u00edgenes centroamericanos con los suaves tonos chocolate de los caf\u00e9s indios.  Contiene 50 unidades monodosis.\" \/>\n<meta property=\"og:url\" content=\"https:\/\/yaomarket.cl\/?product=caja-pods-descafeinado-50-unidades\" \/>\n<meta property=\"og:site_name\" content=\"YAOMARKET\" \/>\n<meta property=\"article:publisher\" content=\"https:\/\/www.facebook.com\/yaomarketchile\/\" \/>\n<meta property=\"article:modified_time\" content=\"2025-11-04T16:19:10+00:00\" \/>\n<meta property=\"og:image\" content=\"https:\/\/yaomarket.cl\/wp-content\/uploads\/2023\/02\/caja-pods-descafeinado-50-unidades.png\" \/>\n\t<meta property=\"og:image:width\" content=\"1100\" \/>\n\t<meta property=\"og:image:height\" content=\"1422\" \/>\n\t<meta property=\"og:image:type\" content=\"image\/png\" \/>\n<meta name=\"twitter:card\" content=\"summary_large_image\" \/>\n<script type=\"application\/ld+json\" class=\"yoast-schema-graph\">{\"@context\":\"https:\/\/schema.org\",\"@graph\":[{\"@type\":\"WebPage\",\"@id\":\"https:\/\/yaomarket.cl\/?product=caja-pods-descafeinado-50-unidades\",\"url\":\"https:\/\/yaomarket.cl\/?product=caja-pods-descafeinado-50-unidades\",\"name\":\"Caja Pods Descafeinado 50 unidades Morettino - YAOMARKET\",\"isPartOf\":{\"@id\":\"https:\/\/yaomarket.cl\/#website\"},\"primaryImageOfPage\":{\"@id\":\"https:\/\/yaomarket.cl\/?product=caja-pods-descafeinado-50-unidades#primaryimage\"},\"image\":{\"@id\":\"https:\/\/yaomarket.cl\/?product=caja-pods-descafeinado-50-unidades#primaryimage\"},\"thumbnailUrl\":\"https:\/\/yaomarket.cl\/wp-content\/uploads\/2023\/02\/caja-pods-descafeinado-50-unidades.png\",\"datePublished\":\"2023-02-26T01:09:31+00:00\",\"dateModified\":\"2025-11-04T16:19:10+00:00\",\"breadcrumb\":{\"@id\":\"https:\/\/yaomarket.cl\/?product=caja-pods-descafeinado-50-unidades#breadcrumb\"},\"inLanguage\":\"es\",\"potentialAction\":[{\"@type\":\"ReadAction\",\"target\":[\"https:\/\/yaomarket.cl\/?product=caja-pods-descafeinado-50-unidades\"]}]},{\"@type\":\"ImageObject\",\"inLanguage\":\"es\",\"@id\":\"https:\/\/yaomarket.cl\/?product=caja-pods-descafeinado-50-unidades#primaryimage\",\"url\":\"https:\/\/yaomarket.cl\/wp-content\/uploads\/2023\/02\/caja-pods-descafeinado-50-unidades.png\",\"contentUrl\":\"https:\/\/yaomarket.cl\/wp-content\/uploads\/2023\/02\/caja-pods-descafeinado-50-unidades.png\",\"width\":1100,\"height\":1422},{\"@type\":\"BreadcrumbList\",\"@id\":\"https:\/\/yaomarket.cl\/?product=caja-pods-descafeinado-50-unidades#breadcrumb\",\"itemListElement\":[{\"@type\":\"ListItem\",\"position\":1,\"name\":\"Portada\",\"item\":\"https:\/\/yaomarket.cl\/\"},{\"@type\":\"ListItem\",\"position\":2,\"name\":\"TIENDA\",\"item\":\"https:\/\/yaomarket.cl\/?page_id=8\"},{\"@type\":\"ListItem\",\"position\":3,\"name\":\"Caja Pods Descafeinado 50 unidades Morettino\"}]},{\"@type\":\"WebSite\",\"@id\":\"https:\/\/yaomarket.cl\/#website\",\"url\":\"https:\/\/yaomarket.cl\/\",\"name\":\"YAOMARKET\",\"description\":\"\",\"publisher\":{\"@id\":\"https:\/\/yaomarket.cl\/#organization\"},\"potentialAction\":[{\"@type\":\"SearchAction\",\"target\":{\"@type\":\"EntryPoint\",\"urlTemplate\":\"https:\/\/yaomarket.cl\/?s={search_term_string}\"},\"query-input\":{\"@type\":\"PropertyValueSpecification\",\"valueRequired\":true,\"valueName\":\"search_term_string\"}}],\"inLanguage\":\"es\"},{\"@type\":\"Organization\",\"@id\":\"https:\/\/yaomarket.cl\/#organization\",\"name\":\"YAOMARKET\",\"url\":\"https:\/\/yaomarket.cl\/\",\"logo\":{\"@type\":\"ImageObject\",\"inLanguage\":\"es\",\"@id\":\"https:\/\/yaomarket.cl\/#\/schema\/logo\/image\/\",\"url\":\"https:\/\/yaomarket.cl\/wp-content\/uploads\/2023\/08\/Logo-Original-Yao-Market-Circular.png\",\"contentUrl\":\"https:\/\/yaomarket.cl\/wp-content\/uploads\/2023\/08\/Logo-Original-Yao-Market-Circular.png\",\"width\":522,\"height\":522,\"caption\":\"YAOMARKET\"},\"image\":{\"@id\":\"https:\/\/yaomarket.cl\/#\/schema\/logo\/image\/\"},\"sameAs\":[\"https:\/\/www.facebook.com\/yaomarketchile\/\",\"https:\/\/www.instagram.com\/yao_market\/\"]}]}<\/script>\n<!-- \/ Yoast SEO plugin. -->","yoast_head_json":{"title":"Caja Pods Descafeinado 50 unidades Morettino - YAOMARKET","robots":{"index":"index","follow":"follow","max-snippet":"max-snippet:-1","max-image-preview":"max-image-preview:large","max-video-preview":"max-video-preview:-1"},"canonical":"https:\/\/yaomarket.cl\/?product=caja-pods-descafeinado-50-unidades","og_locale":"es_ES","og_type":"article","og_title":"Caja Pods Descafeinado 50 unidades Morettino - YAOMARKET","og_description":"Una mezcla equilibrada de caf\u00e9 reci\u00e9n molido de refinados caf\u00e9s descafeinados que combina las agradables notas frutales de los m\u00e1s exclusivos or\u00edgenes centroamericanos con los suaves tonos chocolate de los caf\u00e9s indios.  Contiene 50 unidades monodosis.","og_url":"https:\/\/yaomarket.cl\/?product=caja-pods-descafeinado-50-unidades","og_site_name":"YAOMARKET","article_publisher":"https:\/\/www.facebook.com\/yaomarketchile\/","article_modified_time":"2025-11-04T16:19:10+00:00","og_image":[{"width":1100,"height":1422,"url":"https:\/\/yaomarket.cl\/wp-content\/uploads\/2023\/02\/caja-pods-descafeinado-50-unidades.png","type":"image\/png"}],"twitter_card":"summary_large_image","schema":{"@context":"https:\/\/schema.org","@graph":[{"@type":"WebPage","@id":"https:\/\/yaomarket.cl\/?product=caja-pods-descafeinado-50-unidades","url":"https:\/\/yaomarket.cl\/?product=caja-pods-descafeinado-50-unidades","name":"Caja Pods Descafeinado 50 unidades Morettino - YAOMARKET","isPartOf":{"@id":"https:\/\/yaomarket.cl\/#website"},"primaryImageOfPage":{"@id":"https:\/\/yaomarket.cl\/?product=caja-pods-descafeinado-50-unidades#primaryimage"},"image":{"@id":"https:\/\/yaomarket.cl\/?product=caja-pods-descafeinado-50-unidades#primaryimage"},"thumbnailUrl":"https:\/\/yaomarket.cl\/wp-content\/uploads\/2023\/02\/caja-pods-descafeinado-50-unidades.png","datePublished":"2023-02-26T01:09:31+00:00","dateModified":"2025-11-04T16:19:10+00:00","breadcrumb":{"@id":"https:\/\/yaomarket.cl\/?product=caja-pods-descafeinado-50-unidades#breadcrumb"},"inLanguage":"es","potentialAction":[{"@type":"ReadAction","target":["https:\/\/yaomarket.cl\/?product=caja-pods-descafeinado-50-unidades"]}]},{"@type":"ImageObject","inLanguage":"es","@id":"https:\/\/yaomarket.cl\/?product=caja-pods-descafeinado-50-unidades#primaryimage","url":"https:\/\/yaomarket.cl\/wp-content\/uploads\/2023\/02\/caja-pods-descafeinado-50-unidades.png","contentUrl":"https:\/\/yaomarket.cl\/wp-content\/uploads\/2023\/02\/caja-pods-descafeinado-50-unidades.png","width":1100,"height":1422},{"@type":"BreadcrumbList","@id":"https:\/\/yaomarket.cl\/?product=caja-pods-descafeinado-50-unidades#breadcrumb","itemListElement":[{"@type":"ListItem","position":1,"name":"Portada","item":"https:\/\/yaomarket.cl\/"},{"@type":"ListItem","position":2,"name":"TIENDA","item":"https:\/\/yaomarket.cl\/?page_id=8"},{"@type":"ListItem","position":3,"name":"Caja Pods Descafeinado 50 unidades Morettino"}]},{"@type":"WebSite","@id":"https:\/\/yaomarket.cl\/#website","url":"https:\/\/yaomarket.cl\/","name":"YAOMARKET","description":"","publisher":{"@id":"https:\/\/yaomarket.cl\/#organization"},"potentialAction":[{"@type":"SearchAction","target":{"@type":"EntryPoint","urlTemplate":"https:\/\/yaomarket.cl\/?s={search_term_string}"},"query-input":{"@type":"PropertyValueSpecification","valueRequired":true,"valueName":"search_term_string"}}],"inLanguage":"es"},{"@type":"Organization","@id":"https:\/\/yaomarket.cl\/#organization","name":"YAOMARKET","url":"https:\/\/yaomarket.cl\/","logo":{"@type":"ImageObject","inLanguage":"es","@id":"https:\/\/yaomarket.cl\/#\/schema\/logo\/image\/","url":"https:\/\/yaomarket.cl\/wp-content\/uploads\/2023\/08\/Logo-Original-Yao-Market-Circular.png","contentUrl":"https:\/\/yaomarket.cl\/wp-content\/uploads\/2023\/08\/Logo-Original-Yao-Market-Circular.png","width":522,"height":522,"caption":"YAOMARKET"},"image":{"@id":"https:\/\/yaomarket.cl\/#\/schema\/logo\/image\/"},"sameAs":["https:\/\/www.facebook.com\/yaomarketchile\/","https:\/\/www.instagram.com\/yao_market\/"]}]}},"_links":{"self":[{"href":"https:\/\/yaomarket.cl\/index.php?rest_route=\/wp\/v2\/product\/9015","targetHints":{"allow":["GET"]}}],"collection":[{"href":"https:\/\/yaomarket.cl\/index.php?rest_route=\/wp\/v2\/product"}],"about":[{"href":"https:\/\/yaomarket.cl\/index.php?rest_route=\/wp\/v2\/types\/product"}],"wp:featuredmedia":[{"embeddable":true,"href":"https:\/\/yaomarket.cl\/index.php?rest_route=\/wp\/v2\/media\/9016"}],"wp:attachment":[{"href":"https:\/\/yaomarket.cl\/index.php?rest_route=%2Fwp%2Fv2%2Fmedia&parent=9015"}],"wp:term":[{"taxonomy":"product_cat","embeddable":true,"href":"https:\/\/yaomarket.cl\/index.php?rest_route=%2Fwp%2Fv2%2Fproduct_cat&post=9015"},{"taxonomy":"product_tag","embeddable":true,"href":"https:\/\/yaomarket.cl\/index.php?rest_route=%2Fwp%2Fv2%2Fproduct_tag&post=9015"}],"curies":[{"name":"wp","href":"https:\/\/api.w.org\/{rel}","templated":true}]}}