{"id":9002,"date":"2023-02-24T02:57:11","date_gmt":"2023-02-24T02:57:11","guid":{"rendered":"https:\/\/yaomarket.cl\/?post_type=product&#038;p=9002"},"modified":"2025-11-04T16:19:11","modified_gmt":"2025-11-04T16:19:11","slug":"cafe-instantaneo-organico-100-arabica-100-gr","status":"publish","type":"product","link":"https:\/\/yaomarket.cl\/?product=cafe-instantaneo-organico-100-arabica-100-gr","title":{"rendered":"Caf\u00e9 Instantaneo Org\u00e1nico 100% Arabica 100 Gr Morettino"},"content":{"rendered":"","protected":false},"excerpt":{"rendered":"<p>Morettino es un caf\u00e9 artesanal de trabajo lento creado seg\u00fan la antigua tradici\u00f3n siciliana. A trav\u00e9s de una cuidadosa selecci\u00f3n de los mejores caf\u00e9s del mundo, una sabia saz\u00f3n, un tostado lento y ecol\u00f3gico, creamos mezclas de caf\u00e9 con un aroma \u00fanico. El respeto por la naturaleza nos gu\u00eda en cada momento del procesamiento del caf\u00e9, desde la plantaci\u00f3n hasta la taza. Seleccionamos cuidadosamente las mejores cosechas directamente en los c\u00e1lidos pa\u00edses de origen del caf\u00e9, a trav\u00e9s de la colaboraci\u00f3n con peque\u00f1os productores. Los trabajamos con \u00e9tica y respeto, seg\u00fan un proceso lento y sostenible, que garantiza la salubridad de nuestras selecciones. Amamos nuestra tierra y contagiamos sus tradiciones milenarias transmitiendo el saber hacer artesanal. Sicilia siempre ha sido una tierra que siempre ha sido una expresi\u00f3n \u00fanica de sabores, colores y aromas al igual que nuestros blends de caf\u00e9, s\u00edmbolo de la uni\u00f3n entre pueblos y culturas de todo el mundo.<\/p>\n<p>Mezcla exclusiva de caf\u00e9 artesanal tostado lentamente con notas afrutadas vivas de los mejores Ar\u00e1bicas del centro y sur de Am\u00e9rica, y un acento de chocolate negro de Robustas asi\u00e1ticos de calidad superior seleccionados. Notas de cata espresso: aut\u00e9ntico Espresso mediterr\u00e1neo cremoso y con cuerpo con una crema persistente. Caf\u00e9 intenso y pleno con aromas de cacao y caramelo. De cuerpo completo con toques de chocolate negro y almendras tostadas para un sabor fuerte.<\/p>\n<p>Contenido Neto: 100grs<\/p>\n","protected":false},"featured_media":9003,"template":"","meta":[],"product_cat":[72,75],"product_tag":[104,103,113,129,106,117,114,108],"class_list":{"0":"post-9002","1":"product","2":"type-product","3":"status-publish","4":"has-post-thumbnail","6":"product_cat-cafe","7":"product_cat-cafe-instantaneo","8":"product_tag-arabico","9":"product_tag-cafe","10":"product_tag-espresso","11":"product_tag-instantaneo","12":"product_tag-italia","13":"product_tag-molido","14":"product_tag-morettino","15":"product_tag-robusta","16":"pa_tipo-de-cafe-cafe-molido","18":"first","19":"outofstock","20":"shipping-taxable","21":"purchasable","22":"product-type-simple"},"yoast_head":"<!-- This site is optimized with the Yoast SEO plugin v25.2 - https:\/\/yoast.com\/wordpress\/plugins\/seo\/ -->\n<title>Caf\u00e9 Instantaneo Org\u00e1nico 100% Arabica 100 Gr Morettino - YAOMARKET<\/title>\n<meta name=\"robots\" content=\"index, follow, max-snippet:-1, max-image-preview:large, max-video-preview:-1\" \/>\n<link rel=\"canonical\" href=\"https:\/\/yaomarket.cl\/?product=cafe-instantaneo-organico-100-arabica-100-gr\" \/>\n<meta property=\"og:locale\" content=\"es_ES\" \/>\n<meta property=\"og:type\" content=\"article\" \/>\n<meta property=\"og:title\" content=\"Caf\u00e9 Instantaneo Org\u00e1nico 100% Arabica 100 Gr Morettino - YAOMARKET\" \/>\n<meta property=\"og:description\" content=\"Morettino es un caf\u00e9 artesanal de trabajo lento creado seg\u00fan la antigua tradici\u00f3n siciliana. A trav\u00e9s de una cuidadosa selecci\u00f3n de los mejores caf\u00e9s del mundo, una sabia saz\u00f3n, un tostado lento y ecol\u00f3gico, creamos mezclas de caf\u00e9 con un aroma \u00fanico. El respeto por la naturaleza nos gu\u00eda en cada momento del procesamiento del caf\u00e9, desde la plantaci\u00f3n hasta la taza. Seleccionamos cuidadosamente las mejores cosechas directamente en los c\u00e1lidos pa\u00edses de origen del caf\u00e9, a trav\u00e9s de la colaboraci\u00f3n con peque\u00f1os productores. Los trabajamos con \u00e9tica y respeto, seg\u00fan un proceso lento y sostenible, que garantiza la salubridad de nuestras selecciones. Amamos nuestra tierra y contagiamos sus tradiciones milenarias transmitiendo el saber hacer artesanal. Sicilia siempre ha sido una tierra que siempre ha sido una expresi\u00f3n \u00fanica de sabores, colores y aromas al igual que nuestros blends de caf\u00e9, s\u00edmbolo de la uni\u00f3n entre pueblos y culturas de todo el mundo.  Mezcla exclusiva de caf\u00e9 artesanal tostado lentamente con notas afrutadas vivas de los mejores Ar\u00e1bicas del centro y sur de Am\u00e9rica, y un acento de chocolate negro de Robustas asi\u00e1ticos de calidad superior seleccionados. Notas de cata espresso: aut\u00e9ntico Espresso mediterr\u00e1neo cremoso y con cuerpo con una crema persistente. Caf\u00e9 intenso y pleno con aromas de cacao y caramelo. De cuerpo completo con toques de chocolate negro y almendras tostadas para un sabor fuerte.  Contenido Neto: 100grs\" \/>\n<meta property=\"og:url\" content=\"https:\/\/yaomarket.cl\/?product=cafe-instantaneo-organico-100-arabica-100-gr\" \/>\n<meta property=\"og:site_name\" content=\"YAOMARKET\" \/>\n<meta property=\"article:publisher\" content=\"https:\/\/www.facebook.com\/yaomarketchile\/\" \/>\n<meta property=\"article:modified_time\" content=\"2025-11-04T16:19:11+00:00\" \/>\n<meta property=\"og:image\" content=\"https:\/\/yaomarket.cl\/wp-content\/uploads\/2023\/02\/cafe-instantaneo-organico-100-arabica-100-gr.png\" \/>\n\t<meta property=\"og:image:width\" content=\"1100\" \/>\n\t<meta property=\"og:image:height\" content=\"1422\" \/>\n\t<meta property=\"og:image:type\" content=\"image\/png\" \/>\n<meta name=\"twitter:card\" content=\"summary_large_image\" \/>\n<script type=\"application\/ld+json\" class=\"yoast-schema-graph\">{\"@context\":\"https:\/\/schema.org\",\"@graph\":[{\"@type\":\"WebPage\",\"@id\":\"https:\/\/yaomarket.cl\/?product=cafe-instantaneo-organico-100-arabica-100-gr\",\"url\":\"https:\/\/yaomarket.cl\/?product=cafe-instantaneo-organico-100-arabica-100-gr\",\"name\":\"Caf\u00e9 Instantaneo Org\u00e1nico 100% Arabica 100 Gr Morettino - YAOMARKET\",\"isPartOf\":{\"@id\":\"https:\/\/yaomarket.cl\/#website\"},\"primaryImageOfPage\":{\"@id\":\"https:\/\/yaomarket.cl\/?product=cafe-instantaneo-organico-100-arabica-100-gr#primaryimage\"},\"image\":{\"@id\":\"https:\/\/yaomarket.cl\/?product=cafe-instantaneo-organico-100-arabica-100-gr#primaryimage\"},\"thumbnailUrl\":\"https:\/\/yaomarket.cl\/wp-content\/uploads\/2023\/02\/cafe-instantaneo-organico-100-arabica-100-gr.png\",\"datePublished\":\"2023-02-24T02:57:11+00:00\",\"dateModified\":\"2025-11-04T16:19:11+00:00\",\"breadcrumb\":{\"@id\":\"https:\/\/yaomarket.cl\/?product=cafe-instantaneo-organico-100-arabica-100-gr#breadcrumb\"},\"inLanguage\":\"es\",\"potentialAction\":[{\"@type\":\"ReadAction\",\"target\":[\"https:\/\/yaomarket.cl\/?product=cafe-instantaneo-organico-100-arabica-100-gr\"]}]},{\"@type\":\"ImageObject\",\"inLanguage\":\"es\",\"@id\":\"https:\/\/yaomarket.cl\/?product=cafe-instantaneo-organico-100-arabica-100-gr#primaryimage\",\"url\":\"https:\/\/yaomarket.cl\/wp-content\/uploads\/2023\/02\/cafe-instantaneo-organico-100-arabica-100-gr.png\",\"contentUrl\":\"https:\/\/yaomarket.cl\/wp-content\/uploads\/2023\/02\/cafe-instantaneo-organico-100-arabica-100-gr.png\",\"width\":1100,\"height\":1422},{\"@type\":\"BreadcrumbList\",\"@id\":\"https:\/\/yaomarket.cl\/?product=cafe-instantaneo-organico-100-arabica-100-gr#breadcrumb\",\"itemListElement\":[{\"@type\":\"ListItem\",\"position\":1,\"name\":\"Portada\",\"item\":\"https:\/\/yaomarket.cl\/\"},{\"@type\":\"ListItem\",\"position\":2,\"name\":\"TIENDA\",\"item\":\"https:\/\/yaomarket.cl\/?page_id=8\"},{\"@type\":\"ListItem\",\"position\":3,\"name\":\"Caf\u00e9 Instantaneo Org\u00e1nico 100% Arabica 100 Gr Morettino\"}]},{\"@type\":\"WebSite\",\"@id\":\"https:\/\/yaomarket.cl\/#website\",\"url\":\"https:\/\/yaomarket.cl\/\",\"name\":\"YAOMARKET\",\"description\":\"\",\"publisher\":{\"@id\":\"https:\/\/yaomarket.cl\/#organization\"},\"potentialAction\":[{\"@type\":\"SearchAction\",\"target\":{\"@type\":\"EntryPoint\",\"urlTemplate\":\"https:\/\/yaomarket.cl\/?s={search_term_string}\"},\"query-input\":{\"@type\":\"PropertyValueSpecification\",\"valueRequired\":true,\"valueName\":\"search_term_string\"}}],\"inLanguage\":\"es\"},{\"@type\":\"Organization\",\"@id\":\"https:\/\/yaomarket.cl\/#organization\",\"name\":\"YAOMARKET\",\"url\":\"https:\/\/yaomarket.cl\/\",\"logo\":{\"@type\":\"ImageObject\",\"inLanguage\":\"es\",\"@id\":\"https:\/\/yaomarket.cl\/#\/schema\/logo\/image\/\",\"url\":\"https:\/\/yaomarket.cl\/wp-content\/uploads\/2023\/08\/Logo-Original-Yao-Market-Circular.png\",\"contentUrl\":\"https:\/\/yaomarket.cl\/wp-content\/uploads\/2023\/08\/Logo-Original-Yao-Market-Circular.png\",\"width\":522,\"height\":522,\"caption\":\"YAOMARKET\"},\"image\":{\"@id\":\"https:\/\/yaomarket.cl\/#\/schema\/logo\/image\/\"},\"sameAs\":[\"https:\/\/www.facebook.com\/yaomarketchile\/\",\"https:\/\/www.instagram.com\/yao_market\/\"]}]}<\/script>\n<!-- \/ Yoast SEO plugin. -->","yoast_head_json":{"title":"Caf\u00e9 Instantaneo Org\u00e1nico 100% Arabica 100 Gr Morettino - YAOMARKET","robots":{"index":"index","follow":"follow","max-snippet":"max-snippet:-1","max-image-preview":"max-image-preview:large","max-video-preview":"max-video-preview:-1"},"canonical":"https:\/\/yaomarket.cl\/?product=cafe-instantaneo-organico-100-arabica-100-gr","og_locale":"es_ES","og_type":"article","og_title":"Caf\u00e9 Instantaneo Org\u00e1nico 100% Arabica 100 Gr Morettino - YAOMARKET","og_description":"Morettino es un caf\u00e9 artesanal de trabajo lento creado seg\u00fan la antigua tradici\u00f3n siciliana. A trav\u00e9s de una cuidadosa selecci\u00f3n de los mejores caf\u00e9s del mundo, una sabia saz\u00f3n, un tostado lento y ecol\u00f3gico, creamos mezclas de caf\u00e9 con un aroma \u00fanico. El respeto por la naturaleza nos gu\u00eda en cada momento del procesamiento del caf\u00e9, desde la plantaci\u00f3n hasta la taza. Seleccionamos cuidadosamente las mejores cosechas directamente en los c\u00e1lidos pa\u00edses de origen del caf\u00e9, a trav\u00e9s de la colaboraci\u00f3n con peque\u00f1os productores. Los trabajamos con \u00e9tica y respeto, seg\u00fan un proceso lento y sostenible, que garantiza la salubridad de nuestras selecciones. Amamos nuestra tierra y contagiamos sus tradiciones milenarias transmitiendo el saber hacer artesanal. Sicilia siempre ha sido una tierra que siempre ha sido una expresi\u00f3n \u00fanica de sabores, colores y aromas al igual que nuestros blends de caf\u00e9, s\u00edmbolo de la uni\u00f3n entre pueblos y culturas de todo el mundo.  Mezcla exclusiva de caf\u00e9 artesanal tostado lentamente con notas afrutadas vivas de los mejores Ar\u00e1bicas del centro y sur de Am\u00e9rica, y un acento de chocolate negro de Robustas asi\u00e1ticos de calidad superior seleccionados. Notas de cata espresso: aut\u00e9ntico Espresso mediterr\u00e1neo cremoso y con cuerpo con una crema persistente. Caf\u00e9 intenso y pleno con aromas de cacao y caramelo. De cuerpo completo con toques de chocolate negro y almendras tostadas para un sabor fuerte.  Contenido Neto: 100grs","og_url":"https:\/\/yaomarket.cl\/?product=cafe-instantaneo-organico-100-arabica-100-gr","og_site_name":"YAOMARKET","article_publisher":"https:\/\/www.facebook.com\/yaomarketchile\/","article_modified_time":"2025-11-04T16:19:11+00:00","og_image":[{"width":1100,"height":1422,"url":"https:\/\/yaomarket.cl\/wp-content\/uploads\/2023\/02\/cafe-instantaneo-organico-100-arabica-100-gr.png","type":"image\/png"}],"twitter_card":"summary_large_image","schema":{"@context":"https:\/\/schema.org","@graph":[{"@type":"WebPage","@id":"https:\/\/yaomarket.cl\/?product=cafe-instantaneo-organico-100-arabica-100-gr","url":"https:\/\/yaomarket.cl\/?product=cafe-instantaneo-organico-100-arabica-100-gr","name":"Caf\u00e9 Instantaneo Org\u00e1nico 100% Arabica 100 Gr Morettino - YAOMARKET","isPartOf":{"@id":"https:\/\/yaomarket.cl\/#website"},"primaryImageOfPage":{"@id":"https:\/\/yaomarket.cl\/?product=cafe-instantaneo-organico-100-arabica-100-gr#primaryimage"},"image":{"@id":"https:\/\/yaomarket.cl\/?product=cafe-instantaneo-organico-100-arabica-100-gr#primaryimage"},"thumbnailUrl":"https:\/\/yaomarket.cl\/wp-content\/uploads\/2023\/02\/cafe-instantaneo-organico-100-arabica-100-gr.png","datePublished":"2023-02-24T02:57:11+00:00","dateModified":"2025-11-04T16:19:11+00:00","breadcrumb":{"@id":"https:\/\/yaomarket.cl\/?product=cafe-instantaneo-organico-100-arabica-100-gr#breadcrumb"},"inLanguage":"es","potentialAction":[{"@type":"ReadAction","target":["https:\/\/yaomarket.cl\/?product=cafe-instantaneo-organico-100-arabica-100-gr"]}]},{"@type":"ImageObject","inLanguage":"es","@id":"https:\/\/yaomarket.cl\/?product=cafe-instantaneo-organico-100-arabica-100-gr#primaryimage","url":"https:\/\/yaomarket.cl\/wp-content\/uploads\/2023\/02\/cafe-instantaneo-organico-100-arabica-100-gr.png","contentUrl":"https:\/\/yaomarket.cl\/wp-content\/uploads\/2023\/02\/cafe-instantaneo-organico-100-arabica-100-gr.png","width":1100,"height":1422},{"@type":"BreadcrumbList","@id":"https:\/\/yaomarket.cl\/?product=cafe-instantaneo-organico-100-arabica-100-gr#breadcrumb","itemListElement":[{"@type":"ListItem","position":1,"name":"Portada","item":"https:\/\/yaomarket.cl\/"},{"@type":"ListItem","position":2,"name":"TIENDA","item":"https:\/\/yaomarket.cl\/?page_id=8"},{"@type":"ListItem","position":3,"name":"Caf\u00e9 Instantaneo Org\u00e1nico 100% Arabica 100 Gr Morettino"}]},{"@type":"WebSite","@id":"https:\/\/yaomarket.cl\/#website","url":"https:\/\/yaomarket.cl\/","name":"YAOMARKET","description":"","publisher":{"@id":"https:\/\/yaomarket.cl\/#organization"},"potentialAction":[{"@type":"SearchAction","target":{"@type":"EntryPoint","urlTemplate":"https:\/\/yaomarket.cl\/?s={search_term_string}"},"query-input":{"@type":"PropertyValueSpecification","valueRequired":true,"valueName":"search_term_string"}}],"inLanguage":"es"},{"@type":"Organization","@id":"https:\/\/yaomarket.cl\/#organization","name":"YAOMARKET","url":"https:\/\/yaomarket.cl\/","logo":{"@type":"ImageObject","inLanguage":"es","@id":"https:\/\/yaomarket.cl\/#\/schema\/logo\/image\/","url":"https:\/\/yaomarket.cl\/wp-content\/uploads\/2023\/08\/Logo-Original-Yao-Market-Circular.png","contentUrl":"https:\/\/yaomarket.cl\/wp-content\/uploads\/2023\/08\/Logo-Original-Yao-Market-Circular.png","width":522,"height":522,"caption":"YAOMARKET"},"image":{"@id":"https:\/\/yaomarket.cl\/#\/schema\/logo\/image\/"},"sameAs":["https:\/\/www.facebook.com\/yaomarketchile\/","https:\/\/www.instagram.com\/yao_market\/"]}]}},"_links":{"self":[{"href":"https:\/\/yaomarket.cl\/index.php?rest_route=\/wp\/v2\/product\/9002","targetHints":{"allow":["GET"]}}],"collection":[{"href":"https:\/\/yaomarket.cl\/index.php?rest_route=\/wp\/v2\/product"}],"about":[{"href":"https:\/\/yaomarket.cl\/index.php?rest_route=\/wp\/v2\/types\/product"}],"wp:featuredmedia":[{"embeddable":true,"href":"https:\/\/yaomarket.cl\/index.php?rest_route=\/wp\/v2\/media\/9003"}],"wp:attachment":[{"href":"https:\/\/yaomarket.cl\/index.php?rest_route=%2Fwp%2Fv2%2Fmedia&parent=9002"}],"wp:term":[{"taxonomy":"product_cat","embeddable":true,"href":"https:\/\/yaomarket.cl\/index.php?rest_route=%2Fwp%2Fv2%2Fproduct_cat&post=9002"},{"taxonomy":"product_tag","embeddable":true,"href":"https:\/\/yaomarket.cl\/index.php?rest_route=%2Fwp%2Fv2%2Fproduct_tag&post=9002"}],"curies":[{"name":"wp","href":"https:\/\/api.w.org\/{rel}","templated":true}]}}