{"id":9000,"date":"2023-02-24T02:45:58","date_gmt":"2023-02-24T02:45:58","guid":{"rendered":"https:\/\/yaomarket.cl\/?post_type=product&#038;p=9000"},"modified":"2025-11-04T16:19:11","modified_gmt":"2025-11-04T16:19:11","slug":"capsulas-nespresso-compatibles-black-insomnia-10-un","status":"publish","type":"product","link":"https:\/\/yaomarket.cl\/?product=capsulas-nespresso-compatibles-black-insomnia-10-un","title":{"rendered":"C\u00e1psulas Nespresso compatibles Black Insomnia 10 un"},"content":{"rendered":"","protected":false},"excerpt":{"rendered":"<p><strong>AMA TU CAF\u00c9 Y EL PLANETA<\/strong><\/p>\n<p>Nuestras c\u00e1psulas compatibles con Nespresso no contienen pl\u00e1stico y son de origen vegetal . Para que sean 100% compostables en casa<\/p>\n<p>Dise\u00f1ado para aquellos que lo beben negro!<br \/>\nNuestro tueste oscuro tiene un sabor a caf\u00e9 m\u00e1s intenso con todo el cuerpo de un tueste oscuro pero sin la amargura.<\/p>\n<p>Un equilibrio perfectamente tostado entre un sabor audaz y suave.<\/p>\n<p>Ideal para aquellos que quieren el toque de cafe\u00edna de un verdadero tueste oscuro.<\/p>\n<p>Una mezcla cuidadosamente seleccionada y tostada de granos de Ar\u00e1bica y Robusta de la m\u00e1s alta calidad garantiza un sabor audaz sin sabor a quemado o amargo.<\/p>\n<p>Contenido: 10 c\u00e1psulas<br \/>\nSolo compatible con m\u00e1quinas Nespresso.<\/p>\n","protected":false},"featured_media":9001,"template":"","meta":[],"product_cat":[72,76,78,80],"product_tag":[104,111,103,109,127,110,107,106,128,108],"class_list":{"0":"post-9000","1":"product","2":"type-product","3":"status-publish","4":"has-post-thumbnail","6":"product_cat-cafe","7":"product_cat-cafe-alto-en-cafeina","8":"product_cat-cafe-en-capsulas","9":"product_cat-nespresso-compatible","10":"product_tag-arabico","11":"product_tag-black-insomnia","12":"product_tag-cafe","13":"product_tag-cafeina","14":"product_tag-capsula","15":"product_tag-extrema-cafeina","16":"product_tag-grano","17":"product_tag-italia","18":"product_tag-nespresso","19":"product_tag-robusta","20":"pa_tipo-de-cafe-cafe-en-grano","22":"first","23":"outofstock","24":"shipping-taxable","25":"purchasable","26":"product-type-simple"},"yoast_head":"<!-- This site is optimized with the Yoast SEO plugin v25.2 - https:\/\/yoast.com\/wordpress\/plugins\/seo\/ -->\n<title>C\u00e1psulas Nespresso compatibles Black Insomnia 10 un - YAOMARKET<\/title>\n<meta name=\"robots\" content=\"index, follow, max-snippet:-1, max-image-preview:large, max-video-preview:-1\" \/>\n<link rel=\"canonical\" href=\"https:\/\/yaomarket.cl\/?product=capsulas-nespresso-compatibles-black-insomnia-10-un\" \/>\n<meta property=\"og:locale\" content=\"es_ES\" \/>\n<meta property=\"og:type\" content=\"article\" \/>\n<meta property=\"og:title\" content=\"C\u00e1psulas Nespresso compatibles Black Insomnia 10 un - YAOMARKET\" \/>\n<meta property=\"og:description\" content=\"AMA TU CAF\u00c9 Y EL PLANETA  Nuestras c\u00e1psulas compatibles con Nespresso no contienen pl\u00e1stico y son de origen vegetal . Para que sean 100% compostables en casa  Dise\u00f1ado para aquellos que lo beben negro! Nuestro tueste oscuro tiene un sabor a caf\u00e9 m\u00e1s intenso con todo el cuerpo de un tueste oscuro pero sin la amargura.  Un equilibrio perfectamente tostado entre un sabor audaz y suave.  Ideal para aquellos que quieren el toque de cafe\u00edna de un verdadero tueste oscuro.  Una mezcla cuidadosamente seleccionada y tostada de granos de Ar\u00e1bica y Robusta de la m\u00e1s alta calidad garantiza un sabor audaz sin sabor a quemado o amargo.  Contenido: 10 c\u00e1psulas Solo compatible con m\u00e1quinas Nespresso.\" \/>\n<meta property=\"og:url\" content=\"https:\/\/yaomarket.cl\/?product=capsulas-nespresso-compatibles-black-insomnia-10-un\" \/>\n<meta property=\"og:site_name\" content=\"YAOMARKET\" \/>\n<meta property=\"article:publisher\" content=\"https:\/\/www.facebook.com\/yaomarketchile\/\" \/>\n<meta property=\"article:modified_time\" content=\"2025-11-04T16:19:11+00:00\" \/>\n<meta property=\"og:image\" content=\"https:\/\/yaomarket.cl\/wp-content\/uploads\/2023\/02\/capsulas-black-insomnia-compatibles-nespresso-1.jpg\" \/>\n\t<meta property=\"og:image:width\" content=\"1100\" \/>\n\t<meta property=\"og:image:height\" content=\"1422\" \/>\n\t<meta property=\"og:image:type\" content=\"image\/jpeg\" \/>\n<meta name=\"twitter:card\" content=\"summary_large_image\" \/>\n<script type=\"application\/ld+json\" class=\"yoast-schema-graph\">{\"@context\":\"https:\/\/schema.org\",\"@graph\":[{\"@type\":\"WebPage\",\"@id\":\"https:\/\/yaomarket.cl\/?product=capsulas-nespresso-compatibles-black-insomnia-10-un\",\"url\":\"https:\/\/yaomarket.cl\/?product=capsulas-nespresso-compatibles-black-insomnia-10-un\",\"name\":\"C\u00e1psulas Nespresso compatibles Black Insomnia 10 un - YAOMARKET\",\"isPartOf\":{\"@id\":\"https:\/\/yaomarket.cl\/#website\"},\"primaryImageOfPage\":{\"@id\":\"https:\/\/yaomarket.cl\/?product=capsulas-nespresso-compatibles-black-insomnia-10-un#primaryimage\"},\"image\":{\"@id\":\"https:\/\/yaomarket.cl\/?product=capsulas-nespresso-compatibles-black-insomnia-10-un#primaryimage\"},\"thumbnailUrl\":\"https:\/\/yaomarket.cl\/wp-content\/uploads\/2023\/02\/capsulas-black-insomnia-compatibles-nespresso-1.jpg\",\"datePublished\":\"2023-02-24T02:45:58+00:00\",\"dateModified\":\"2025-11-04T16:19:11+00:00\",\"breadcrumb\":{\"@id\":\"https:\/\/yaomarket.cl\/?product=capsulas-nespresso-compatibles-black-insomnia-10-un#breadcrumb\"},\"inLanguage\":\"es\",\"potentialAction\":[{\"@type\":\"ReadAction\",\"target\":[\"https:\/\/yaomarket.cl\/?product=capsulas-nespresso-compatibles-black-insomnia-10-un\"]}]},{\"@type\":\"ImageObject\",\"inLanguage\":\"es\",\"@id\":\"https:\/\/yaomarket.cl\/?product=capsulas-nespresso-compatibles-black-insomnia-10-un#primaryimage\",\"url\":\"https:\/\/yaomarket.cl\/wp-content\/uploads\/2023\/02\/capsulas-black-insomnia-compatibles-nespresso-1.jpg\",\"contentUrl\":\"https:\/\/yaomarket.cl\/wp-content\/uploads\/2023\/02\/capsulas-black-insomnia-compatibles-nespresso-1.jpg\",\"width\":1100,\"height\":1422},{\"@type\":\"BreadcrumbList\",\"@id\":\"https:\/\/yaomarket.cl\/?product=capsulas-nespresso-compatibles-black-insomnia-10-un#breadcrumb\",\"itemListElement\":[{\"@type\":\"ListItem\",\"position\":1,\"name\":\"Portada\",\"item\":\"https:\/\/yaomarket.cl\/\"},{\"@type\":\"ListItem\",\"position\":2,\"name\":\"TIENDA\",\"item\":\"https:\/\/yaomarket.cl\/?page_id=8\"},{\"@type\":\"ListItem\",\"position\":3,\"name\":\"C\u00e1psulas Nespresso compatibles Black Insomnia 10 un\"}]},{\"@type\":\"WebSite\",\"@id\":\"https:\/\/yaomarket.cl\/#website\",\"url\":\"https:\/\/yaomarket.cl\/\",\"name\":\"YAOMARKET\",\"description\":\"\",\"publisher\":{\"@id\":\"https:\/\/yaomarket.cl\/#organization\"},\"potentialAction\":[{\"@type\":\"SearchAction\",\"target\":{\"@type\":\"EntryPoint\",\"urlTemplate\":\"https:\/\/yaomarket.cl\/?s={search_term_string}\"},\"query-input\":{\"@type\":\"PropertyValueSpecification\",\"valueRequired\":true,\"valueName\":\"search_term_string\"}}],\"inLanguage\":\"es\"},{\"@type\":\"Organization\",\"@id\":\"https:\/\/yaomarket.cl\/#organization\",\"name\":\"YAOMARKET\",\"url\":\"https:\/\/yaomarket.cl\/\",\"logo\":{\"@type\":\"ImageObject\",\"inLanguage\":\"es\",\"@id\":\"https:\/\/yaomarket.cl\/#\/schema\/logo\/image\/\",\"url\":\"https:\/\/yaomarket.cl\/wp-content\/uploads\/2023\/08\/Logo-Original-Yao-Market-Circular.png\",\"contentUrl\":\"https:\/\/yaomarket.cl\/wp-content\/uploads\/2023\/08\/Logo-Original-Yao-Market-Circular.png\",\"width\":522,\"height\":522,\"caption\":\"YAOMARKET\"},\"image\":{\"@id\":\"https:\/\/yaomarket.cl\/#\/schema\/logo\/image\/\"},\"sameAs\":[\"https:\/\/www.facebook.com\/yaomarketchile\/\",\"https:\/\/www.instagram.com\/yao_market\/\"]}]}<\/script>\n<!-- \/ Yoast SEO plugin. -->","yoast_head_json":{"title":"C\u00e1psulas Nespresso compatibles Black Insomnia 10 un - YAOMARKET","robots":{"index":"index","follow":"follow","max-snippet":"max-snippet:-1","max-image-preview":"max-image-preview:large","max-video-preview":"max-video-preview:-1"},"canonical":"https:\/\/yaomarket.cl\/?product=capsulas-nespresso-compatibles-black-insomnia-10-un","og_locale":"es_ES","og_type":"article","og_title":"C\u00e1psulas Nespresso compatibles Black Insomnia 10 un - YAOMARKET","og_description":"AMA TU CAF\u00c9 Y EL PLANETA  Nuestras c\u00e1psulas compatibles con Nespresso no contienen pl\u00e1stico y son de origen vegetal . Para que sean 100% compostables en casa  Dise\u00f1ado para aquellos que lo beben negro! Nuestro tueste oscuro tiene un sabor a caf\u00e9 m\u00e1s intenso con todo el cuerpo de un tueste oscuro pero sin la amargura.  Un equilibrio perfectamente tostado entre un sabor audaz y suave.  Ideal para aquellos que quieren el toque de cafe\u00edna de un verdadero tueste oscuro.  Una mezcla cuidadosamente seleccionada y tostada de granos de Ar\u00e1bica y Robusta de la m\u00e1s alta calidad garantiza un sabor audaz sin sabor a quemado o amargo.  Contenido: 10 c\u00e1psulas Solo compatible con m\u00e1quinas Nespresso.","og_url":"https:\/\/yaomarket.cl\/?product=capsulas-nespresso-compatibles-black-insomnia-10-un","og_site_name":"YAOMARKET","article_publisher":"https:\/\/www.facebook.com\/yaomarketchile\/","article_modified_time":"2025-11-04T16:19:11+00:00","og_image":[{"width":1100,"height":1422,"url":"https:\/\/yaomarket.cl\/wp-content\/uploads\/2023\/02\/capsulas-black-insomnia-compatibles-nespresso-1.jpg","type":"image\/jpeg"}],"twitter_card":"summary_large_image","schema":{"@context":"https:\/\/schema.org","@graph":[{"@type":"WebPage","@id":"https:\/\/yaomarket.cl\/?product=capsulas-nespresso-compatibles-black-insomnia-10-un","url":"https:\/\/yaomarket.cl\/?product=capsulas-nespresso-compatibles-black-insomnia-10-un","name":"C\u00e1psulas Nespresso compatibles Black Insomnia 10 un - YAOMARKET","isPartOf":{"@id":"https:\/\/yaomarket.cl\/#website"},"primaryImageOfPage":{"@id":"https:\/\/yaomarket.cl\/?product=capsulas-nespresso-compatibles-black-insomnia-10-un#primaryimage"},"image":{"@id":"https:\/\/yaomarket.cl\/?product=capsulas-nespresso-compatibles-black-insomnia-10-un#primaryimage"},"thumbnailUrl":"https:\/\/yaomarket.cl\/wp-content\/uploads\/2023\/02\/capsulas-black-insomnia-compatibles-nespresso-1.jpg","datePublished":"2023-02-24T02:45:58+00:00","dateModified":"2025-11-04T16:19:11+00:00","breadcrumb":{"@id":"https:\/\/yaomarket.cl\/?product=capsulas-nespresso-compatibles-black-insomnia-10-un#breadcrumb"},"inLanguage":"es","potentialAction":[{"@type":"ReadAction","target":["https:\/\/yaomarket.cl\/?product=capsulas-nespresso-compatibles-black-insomnia-10-un"]}]},{"@type":"ImageObject","inLanguage":"es","@id":"https:\/\/yaomarket.cl\/?product=capsulas-nespresso-compatibles-black-insomnia-10-un#primaryimage","url":"https:\/\/yaomarket.cl\/wp-content\/uploads\/2023\/02\/capsulas-black-insomnia-compatibles-nespresso-1.jpg","contentUrl":"https:\/\/yaomarket.cl\/wp-content\/uploads\/2023\/02\/capsulas-black-insomnia-compatibles-nespresso-1.jpg","width":1100,"height":1422},{"@type":"BreadcrumbList","@id":"https:\/\/yaomarket.cl\/?product=capsulas-nespresso-compatibles-black-insomnia-10-un#breadcrumb","itemListElement":[{"@type":"ListItem","position":1,"name":"Portada","item":"https:\/\/yaomarket.cl\/"},{"@type":"ListItem","position":2,"name":"TIENDA","item":"https:\/\/yaomarket.cl\/?page_id=8"},{"@type":"ListItem","position":3,"name":"C\u00e1psulas Nespresso compatibles Black Insomnia 10 un"}]},{"@type":"WebSite","@id":"https:\/\/yaomarket.cl\/#website","url":"https:\/\/yaomarket.cl\/","name":"YAOMARKET","description":"","publisher":{"@id":"https:\/\/yaomarket.cl\/#organization"},"potentialAction":[{"@type":"SearchAction","target":{"@type":"EntryPoint","urlTemplate":"https:\/\/yaomarket.cl\/?s={search_term_string}"},"query-input":{"@type":"PropertyValueSpecification","valueRequired":true,"valueName":"search_term_string"}}],"inLanguage":"es"},{"@type":"Organization","@id":"https:\/\/yaomarket.cl\/#organization","name":"YAOMARKET","url":"https:\/\/yaomarket.cl\/","logo":{"@type":"ImageObject","inLanguage":"es","@id":"https:\/\/yaomarket.cl\/#\/schema\/logo\/image\/","url":"https:\/\/yaomarket.cl\/wp-content\/uploads\/2023\/08\/Logo-Original-Yao-Market-Circular.png","contentUrl":"https:\/\/yaomarket.cl\/wp-content\/uploads\/2023\/08\/Logo-Original-Yao-Market-Circular.png","width":522,"height":522,"caption":"YAOMARKET"},"image":{"@id":"https:\/\/yaomarket.cl\/#\/schema\/logo\/image\/"},"sameAs":["https:\/\/www.facebook.com\/yaomarketchile\/","https:\/\/www.instagram.com\/yao_market\/"]}]}},"_links":{"self":[{"href":"https:\/\/yaomarket.cl\/index.php?rest_route=\/wp\/v2\/product\/9000","targetHints":{"allow":["GET"]}}],"collection":[{"href":"https:\/\/yaomarket.cl\/index.php?rest_route=\/wp\/v2\/product"}],"about":[{"href":"https:\/\/yaomarket.cl\/index.php?rest_route=\/wp\/v2\/types\/product"}],"wp:featuredmedia":[{"embeddable":true,"href":"https:\/\/yaomarket.cl\/index.php?rest_route=\/wp\/v2\/media\/9001"}],"wp:attachment":[{"href":"https:\/\/yaomarket.cl\/index.php?rest_route=%2Fwp%2Fv2%2Fmedia&parent=9000"}],"wp:term":[{"taxonomy":"product_cat","embeddable":true,"href":"https:\/\/yaomarket.cl\/index.php?rest_route=%2Fwp%2Fv2%2Fproduct_cat&post=9000"},{"taxonomy":"product_tag","embeddable":true,"href":"https:\/\/yaomarket.cl\/index.php?rest_route=%2Fwp%2Fv2%2Fproduct_tag&post=9000"}],"curies":[{"name":"wp","href":"https:\/\/api.w.org\/{rel}","templated":true}]}}