{"id":8999,"date":"2023-02-24T02:43:06","date_gmt":"2023-02-24T02:43:06","guid":{"rendered":"https:\/\/yaomarket.cl\/?post_type=product&#038;p=8999"},"modified":"2025-11-04T16:19:11","modified_gmt":"2025-11-04T16:19:11","slug":"cafe-black-insomnia-extreme-caffeine-molido-227-gr","status":"publish","type":"product","link":"https:\/\/yaomarket.cl\/?product=cafe-black-insomnia-extreme-caffeine-molido-227-gr","title":{"rendered":"Caf\u00e9 Black Insomnia Extreme Caffeine &#8211; Molido 227 gr"},"content":{"rendered":"","protected":false},"excerpt":{"rendered":"<p>El Caf\u00e9 Black Insomnia es Ideal para aquellos que quieren el toque de cafe\u00edna de un verdadero caf\u00e9 tostado oscuro.<\/p>\n<p>Tiene todo el cuerpo de un tueste oscuro pero nada de la amargura. Aromas suaves y fuertes de caramelo, avellana y macadamia.<br \/>\nUn audaz sabor a chocolate negro con un cuerpo aterciopelado y crema.<\/p>\n<p>Una mezcla cuidadosamente seleccionada y tostada de granos de Ar\u00e1bica y Robusta de la m\u00e1s alta calidad garantiza un sabor audaz sin sabor a quemado o amargo.<\/p>\n<p>Contenido: Caf\u00e9 Molido 227 Grs<\/p>\n<p><strong>Black Insomnia es<\/strong><br \/>\n4 veces m\u00e1s energ\u00eda de cafe\u00edna natural<br \/>\nBaja acidez &#8211; baja amargura<br \/>\nGranos de caf\u00e9 Premium &#8211; Tostados por expertos<\/p>\n","protected":false},"featured_media":8958,"template":"","meta":[],"product_cat":[72,76,74],"product_tag":[104,111,103,109,110,107,105,106,108],"class_list":{"0":"post-8999","1":"product","2":"type-product","3":"status-publish","4":"has-post-thumbnail","6":"product_cat-cafe","7":"product_cat-cafe-alto-en-cafeina","8":"product_cat-cafe-molido","9":"product_tag-arabico","10":"product_tag-black-insomnia","11":"product_tag-cafe","12":"product_tag-cafeina","13":"product_tag-extrema-cafeina","14":"product_tag-grano","15":"product_tag-hausbrandt","16":"product_tag-italia","17":"product_tag-robusta","18":"pa_tipo-de-cafe-cafe-en-grano","20":"first","21":"outofstock","22":"shipping-taxable","23":"purchasable","24":"product-type-simple"},"yoast_head":"<!-- This site is optimized with the Yoast SEO plugin v25.2 - https:\/\/yoast.com\/wordpress\/plugins\/seo\/ -->\n<title>Caf\u00e9 Black Insomnia Extreme Caffeine - Molido 227 gr - YAOMARKET<\/title>\n<meta name=\"robots\" content=\"index, follow, max-snippet:-1, max-image-preview:large, max-video-preview:-1\" \/>\n<link rel=\"canonical\" href=\"https:\/\/yaomarket.cl\/?product=cafe-black-insomnia-extreme-caffeine-molido-227-gr\" \/>\n<meta property=\"og:locale\" content=\"es_ES\" \/>\n<meta property=\"og:type\" content=\"article\" \/>\n<meta property=\"og:title\" content=\"Caf\u00e9 Black Insomnia Extreme Caffeine - Molido 227 gr - YAOMARKET\" \/>\n<meta property=\"og:description\" content=\"El Caf\u00e9 Black Insomnia es Ideal para aquellos que quieren el toque de cafe\u00edna de un verdadero caf\u00e9 tostado oscuro.  Tiene todo el cuerpo de un tueste oscuro pero nada de la amargura. Aromas suaves y fuertes de caramelo, avellana y macadamia. Un audaz sabor a chocolate negro con un cuerpo aterciopelado y crema.  Una mezcla cuidadosamente seleccionada y tostada de granos de Ar\u00e1bica y Robusta de la m\u00e1s alta calidad garantiza un sabor audaz sin sabor a quemado o amargo.  Contenido: Caf\u00e9 Molido 227 Grs  Black Insomnia es 4 veces m\u00e1s energ\u00eda de cafe\u00edna natural Baja acidez - baja amargura Granos de caf\u00e9 Premium - Tostados por expertos\" \/>\n<meta property=\"og:url\" content=\"https:\/\/yaomarket.cl\/?product=cafe-black-insomnia-extreme-caffeine-molido-227-gr\" \/>\n<meta property=\"og:site_name\" content=\"YAOMARKET\" \/>\n<meta property=\"article:publisher\" content=\"https:\/\/www.facebook.com\/yaomarketchile\/\" \/>\n<meta property=\"article:modified_time\" content=\"2025-11-04T16:19:11+00:00\" \/>\n<meta property=\"og:image\" content=\"https:\/\/yaomarket.cl\/wp-content\/uploads\/2023\/01\/cafe-black-insomnia-extreme-caffeine-grano-227-gr.jpg\" \/>\n\t<meta property=\"og:image:width\" content=\"1100\" \/>\n\t<meta property=\"og:image:height\" content=\"1422\" \/>\n\t<meta property=\"og:image:type\" content=\"image\/jpeg\" \/>\n<meta name=\"twitter:card\" content=\"summary_large_image\" \/>\n<script type=\"application\/ld+json\" class=\"yoast-schema-graph\">{\"@context\":\"https:\/\/schema.org\",\"@graph\":[{\"@type\":\"WebPage\",\"@id\":\"https:\/\/yaomarket.cl\/?product=cafe-black-insomnia-extreme-caffeine-molido-227-gr\",\"url\":\"https:\/\/yaomarket.cl\/?product=cafe-black-insomnia-extreme-caffeine-molido-227-gr\",\"name\":\"Caf\u00e9 Black Insomnia Extreme Caffeine - Molido 227 gr - YAOMARKET\",\"isPartOf\":{\"@id\":\"https:\/\/yaomarket.cl\/#website\"},\"primaryImageOfPage\":{\"@id\":\"https:\/\/yaomarket.cl\/?product=cafe-black-insomnia-extreme-caffeine-molido-227-gr#primaryimage\"},\"image\":{\"@id\":\"https:\/\/yaomarket.cl\/?product=cafe-black-insomnia-extreme-caffeine-molido-227-gr#primaryimage\"},\"thumbnailUrl\":\"https:\/\/yaomarket.cl\/wp-content\/uploads\/2023\/01\/cafe-black-insomnia-extreme-caffeine-grano-227-gr.jpg\",\"datePublished\":\"2023-02-24T02:43:06+00:00\",\"dateModified\":\"2025-11-04T16:19:11+00:00\",\"breadcrumb\":{\"@id\":\"https:\/\/yaomarket.cl\/?product=cafe-black-insomnia-extreme-caffeine-molido-227-gr#breadcrumb\"},\"inLanguage\":\"es\",\"potentialAction\":[{\"@type\":\"ReadAction\",\"target\":[\"https:\/\/yaomarket.cl\/?product=cafe-black-insomnia-extreme-caffeine-molido-227-gr\"]}]},{\"@type\":\"ImageObject\",\"inLanguage\":\"es\",\"@id\":\"https:\/\/yaomarket.cl\/?product=cafe-black-insomnia-extreme-caffeine-molido-227-gr#primaryimage\",\"url\":\"https:\/\/yaomarket.cl\/wp-content\/uploads\/2023\/01\/cafe-black-insomnia-extreme-caffeine-grano-227-gr.jpg\",\"contentUrl\":\"https:\/\/yaomarket.cl\/wp-content\/uploads\/2023\/01\/cafe-black-insomnia-extreme-caffeine-grano-227-gr.jpg\",\"width\":1100,\"height\":1422},{\"@type\":\"BreadcrumbList\",\"@id\":\"https:\/\/yaomarket.cl\/?product=cafe-black-insomnia-extreme-caffeine-molido-227-gr#breadcrumb\",\"itemListElement\":[{\"@type\":\"ListItem\",\"position\":1,\"name\":\"Portada\",\"item\":\"https:\/\/yaomarket.cl\/\"},{\"@type\":\"ListItem\",\"position\":2,\"name\":\"TIENDA\",\"item\":\"https:\/\/yaomarket.cl\/?page_id=8\"},{\"@type\":\"ListItem\",\"position\":3,\"name\":\"Caf\u00e9 Black Insomnia Extreme Caffeine &#8211; Molido 227 gr\"}]},{\"@type\":\"WebSite\",\"@id\":\"https:\/\/yaomarket.cl\/#website\",\"url\":\"https:\/\/yaomarket.cl\/\",\"name\":\"YAOMARKET\",\"description\":\"\",\"publisher\":{\"@id\":\"https:\/\/yaomarket.cl\/#organization\"},\"potentialAction\":[{\"@type\":\"SearchAction\",\"target\":{\"@type\":\"EntryPoint\",\"urlTemplate\":\"https:\/\/yaomarket.cl\/?s={search_term_string}\"},\"query-input\":{\"@type\":\"PropertyValueSpecification\",\"valueRequired\":true,\"valueName\":\"search_term_string\"}}],\"inLanguage\":\"es\"},{\"@type\":\"Organization\",\"@id\":\"https:\/\/yaomarket.cl\/#organization\",\"name\":\"YAOMARKET\",\"url\":\"https:\/\/yaomarket.cl\/\",\"logo\":{\"@type\":\"ImageObject\",\"inLanguage\":\"es\",\"@id\":\"https:\/\/yaomarket.cl\/#\/schema\/logo\/image\/\",\"url\":\"https:\/\/yaomarket.cl\/wp-content\/uploads\/2023\/08\/Logo-Original-Yao-Market-Circular.png\",\"contentUrl\":\"https:\/\/yaomarket.cl\/wp-content\/uploads\/2023\/08\/Logo-Original-Yao-Market-Circular.png\",\"width\":522,\"height\":522,\"caption\":\"YAOMARKET\"},\"image\":{\"@id\":\"https:\/\/yaomarket.cl\/#\/schema\/logo\/image\/\"},\"sameAs\":[\"https:\/\/www.facebook.com\/yaomarketchile\/\",\"https:\/\/www.instagram.com\/yao_market\/\"]}]}<\/script>\n<!-- \/ Yoast SEO plugin. -->","yoast_head_json":{"title":"Caf\u00e9 Black Insomnia Extreme Caffeine - Molido 227 gr - YAOMARKET","robots":{"index":"index","follow":"follow","max-snippet":"max-snippet:-1","max-image-preview":"max-image-preview:large","max-video-preview":"max-video-preview:-1"},"canonical":"https:\/\/yaomarket.cl\/?product=cafe-black-insomnia-extreme-caffeine-molido-227-gr","og_locale":"es_ES","og_type":"article","og_title":"Caf\u00e9 Black Insomnia Extreme Caffeine - Molido 227 gr - YAOMARKET","og_description":"El Caf\u00e9 Black Insomnia es Ideal para aquellos que quieren el toque de cafe\u00edna de un verdadero caf\u00e9 tostado oscuro.  Tiene todo el cuerpo de un tueste oscuro pero nada de la amargura. Aromas suaves y fuertes de caramelo, avellana y macadamia. Un audaz sabor a chocolate negro con un cuerpo aterciopelado y crema.  Una mezcla cuidadosamente seleccionada y tostada de granos de Ar\u00e1bica y Robusta de la m\u00e1s alta calidad garantiza un sabor audaz sin sabor a quemado o amargo.  Contenido: Caf\u00e9 Molido 227 Grs  Black Insomnia es 4 veces m\u00e1s energ\u00eda de cafe\u00edna natural Baja acidez - baja amargura Granos de caf\u00e9 Premium - Tostados por expertos","og_url":"https:\/\/yaomarket.cl\/?product=cafe-black-insomnia-extreme-caffeine-molido-227-gr","og_site_name":"YAOMARKET","article_publisher":"https:\/\/www.facebook.com\/yaomarketchile\/","article_modified_time":"2025-11-04T16:19:11+00:00","og_image":[{"width":1100,"height":1422,"url":"https:\/\/yaomarket.cl\/wp-content\/uploads\/2023\/01\/cafe-black-insomnia-extreme-caffeine-grano-227-gr.jpg","type":"image\/jpeg"}],"twitter_card":"summary_large_image","schema":{"@context":"https:\/\/schema.org","@graph":[{"@type":"WebPage","@id":"https:\/\/yaomarket.cl\/?product=cafe-black-insomnia-extreme-caffeine-molido-227-gr","url":"https:\/\/yaomarket.cl\/?product=cafe-black-insomnia-extreme-caffeine-molido-227-gr","name":"Caf\u00e9 Black Insomnia Extreme Caffeine - Molido 227 gr - YAOMARKET","isPartOf":{"@id":"https:\/\/yaomarket.cl\/#website"},"primaryImageOfPage":{"@id":"https:\/\/yaomarket.cl\/?product=cafe-black-insomnia-extreme-caffeine-molido-227-gr#primaryimage"},"image":{"@id":"https:\/\/yaomarket.cl\/?product=cafe-black-insomnia-extreme-caffeine-molido-227-gr#primaryimage"},"thumbnailUrl":"https:\/\/yaomarket.cl\/wp-content\/uploads\/2023\/01\/cafe-black-insomnia-extreme-caffeine-grano-227-gr.jpg","datePublished":"2023-02-24T02:43:06+00:00","dateModified":"2025-11-04T16:19:11+00:00","breadcrumb":{"@id":"https:\/\/yaomarket.cl\/?product=cafe-black-insomnia-extreme-caffeine-molido-227-gr#breadcrumb"},"inLanguage":"es","potentialAction":[{"@type":"ReadAction","target":["https:\/\/yaomarket.cl\/?product=cafe-black-insomnia-extreme-caffeine-molido-227-gr"]}]},{"@type":"ImageObject","inLanguage":"es","@id":"https:\/\/yaomarket.cl\/?product=cafe-black-insomnia-extreme-caffeine-molido-227-gr#primaryimage","url":"https:\/\/yaomarket.cl\/wp-content\/uploads\/2023\/01\/cafe-black-insomnia-extreme-caffeine-grano-227-gr.jpg","contentUrl":"https:\/\/yaomarket.cl\/wp-content\/uploads\/2023\/01\/cafe-black-insomnia-extreme-caffeine-grano-227-gr.jpg","width":1100,"height":1422},{"@type":"BreadcrumbList","@id":"https:\/\/yaomarket.cl\/?product=cafe-black-insomnia-extreme-caffeine-molido-227-gr#breadcrumb","itemListElement":[{"@type":"ListItem","position":1,"name":"Portada","item":"https:\/\/yaomarket.cl\/"},{"@type":"ListItem","position":2,"name":"TIENDA","item":"https:\/\/yaomarket.cl\/?page_id=8"},{"@type":"ListItem","position":3,"name":"Caf\u00e9 Black Insomnia Extreme Caffeine &#8211; Molido 227 gr"}]},{"@type":"WebSite","@id":"https:\/\/yaomarket.cl\/#website","url":"https:\/\/yaomarket.cl\/","name":"YAOMARKET","description":"","publisher":{"@id":"https:\/\/yaomarket.cl\/#organization"},"potentialAction":[{"@type":"SearchAction","target":{"@type":"EntryPoint","urlTemplate":"https:\/\/yaomarket.cl\/?s={search_term_string}"},"query-input":{"@type":"PropertyValueSpecification","valueRequired":true,"valueName":"search_term_string"}}],"inLanguage":"es"},{"@type":"Organization","@id":"https:\/\/yaomarket.cl\/#organization","name":"YAOMARKET","url":"https:\/\/yaomarket.cl\/","logo":{"@type":"ImageObject","inLanguage":"es","@id":"https:\/\/yaomarket.cl\/#\/schema\/logo\/image\/","url":"https:\/\/yaomarket.cl\/wp-content\/uploads\/2023\/08\/Logo-Original-Yao-Market-Circular.png","contentUrl":"https:\/\/yaomarket.cl\/wp-content\/uploads\/2023\/08\/Logo-Original-Yao-Market-Circular.png","width":522,"height":522,"caption":"YAOMARKET"},"image":{"@id":"https:\/\/yaomarket.cl\/#\/schema\/logo\/image\/"},"sameAs":["https:\/\/www.facebook.com\/yaomarketchile\/","https:\/\/www.instagram.com\/yao_market\/"]}]}},"_links":{"self":[{"href":"https:\/\/yaomarket.cl\/index.php?rest_route=\/wp\/v2\/product\/8999","targetHints":{"allow":["GET"]}}],"collection":[{"href":"https:\/\/yaomarket.cl\/index.php?rest_route=\/wp\/v2\/product"}],"about":[{"href":"https:\/\/yaomarket.cl\/index.php?rest_route=\/wp\/v2\/types\/product"}],"wp:featuredmedia":[{"embeddable":true,"href":"https:\/\/yaomarket.cl\/index.php?rest_route=\/wp\/v2\/media\/8958"}],"wp:attachment":[{"href":"https:\/\/yaomarket.cl\/index.php?rest_route=%2Fwp%2Fv2%2Fmedia&parent=8999"}],"wp:term":[{"taxonomy":"product_cat","embeddable":true,"href":"https:\/\/yaomarket.cl\/index.php?rest_route=%2Fwp%2Fv2%2Fproduct_cat&post=8999"},{"taxonomy":"product_tag","embeddable":true,"href":"https:\/\/yaomarket.cl\/index.php?rest_route=%2Fwp%2Fv2%2Fproduct_tag&post=8999"}],"curies":[{"name":"wp","href":"https:\/\/api.w.org\/{rel}","templated":true}]}}