{"id":8993,"date":"2023-02-24T02:15:24","date_gmt":"2023-02-24T02:15:24","guid":{"rendered":"https:\/\/yaomarket.cl\/?post_type=product&#038;p=8993"},"modified":"2025-11-04T16:19:11","modified_gmt":"2025-11-04T16:19:11","slug":"cafe-molido-hausbrandt-liberty-500-grs","status":"publish","type":"product","link":"https:\/\/yaomarket.cl\/?product=cafe-molido-hausbrandt-liberty-500-grs","title":{"rendered":"Caf\u00e9 Molido Hausbrandt Liberty 500 Grs"},"content":{"rendered":"<p>&nbsp;<\/p>\n<p>&nbsp;<\/p>\n","protected":false},"excerpt":{"rendered":"<div>Caf\u00e9 Hausbrandt fue el resultado de un capit\u00e1n de marina mercante y, al mismo tiempo, un talentoso tostador del caf\u00e9 italiano. En 1892 fund\u00f3 el caf\u00e9 gourmet Hausbrandt en el puerto de Trieste, principal entrada para la comercializaci\u00f3n del grano en Europa. A lo largo de los a\u00f1os, su fundador se preocup\u00f3 de desarrollar sus propios procesos de mezclas y utiliz\u00f3 la \u00faltima tecnolog\u00eda para aumentar a\u00fan m\u00e1s la calidad del caf\u00e9. Los perfeccion\u00f3 tanto que son recetas fundamentales y propias de la marca que perduran hasta el d\u00eda de hoy.<\/div>\n<div><\/div>\n<div id=\"product-description-short-9\" class=\"rte-content product-description\">Contenido Neto: 500grs<\/div>\n<div class=\"product-actions\">\n<form id=\"add-to-cart-or-refresh\" action=\"https:\/\/europasecreta.cl\/carrito\" method=\"post\">\n<div class=\"product-variants\"><\/div>\n<div class=\"product-add-to-cart pt-3\">\n<div class=\"row extra-small-gutters product-quantity \">\n<div class=\"col col-12 col-sm-auto col-add-qty\">\n<div class=\"qty \">\n<div class=\"input-group bootstrap-touchspin\"><\/div>\n<\/div>\n<\/div>\n<\/div>\n<\/div>\n<\/form>\n<\/div>\n<p>&nbsp;<\/p>\n","protected":false},"featured_media":8994,"template":"","meta":[],"product_cat":[72,74],"product_tag":[104,103,113,105,106,117],"class_list":{"0":"post-8993","1":"product","2":"type-product","3":"status-publish","4":"has-post-thumbnail","6":"product_cat-cafe","7":"product_cat-cafe-molido","8":"product_tag-arabico","9":"product_tag-cafe","10":"product_tag-espresso","11":"product_tag-hausbrandt","12":"product_tag-italia","13":"product_tag-molido","14":"pa_tipo-de-cafe-cafe-molido","16":"first","17":"outofstock","18":"shipping-taxable","19":"purchasable","20":"product-type-simple"},"yoast_head":"<!-- This site is optimized with the Yoast SEO plugin v25.2 - https:\/\/yoast.com\/wordpress\/plugins\/seo\/ -->\n<title>Caf\u00e9 Molido Hausbrandt Liberty 500 Grs - YAOMARKET<\/title>\n<meta name=\"robots\" content=\"index, follow, max-snippet:-1, max-image-preview:large, max-video-preview:-1\" \/>\n<link rel=\"canonical\" href=\"https:\/\/yaomarket.cl\/?product=cafe-molido-hausbrandt-liberty-500-grs\" \/>\n<meta property=\"og:locale\" content=\"es_ES\" \/>\n<meta property=\"og:type\" content=\"article\" \/>\n<meta property=\"og:title\" content=\"Caf\u00e9 Molido Hausbrandt Liberty 500 Grs - YAOMARKET\" \/>\n<meta property=\"og:description\" content=\"Caf\u00e9 Hausbrandt fue el resultado de un capit\u00e1n de marina mercante y, al mismo tiempo, un talentoso tostador del caf\u00e9 italiano. En 1892 fund\u00f3 el caf\u00e9 gourmet Hausbrandt en el puerto de Trieste, principal entrada para la comercializaci\u00f3n del grano en Europa. A lo largo de los a\u00f1os, su fundador se preocup\u00f3 de desarrollar sus propios procesos de mezclas y utiliz\u00f3 la \u00faltima tecnolog\u00eda para aumentar a\u00fan m\u00e1s la calidad del caf\u00e9. Los perfeccion\u00f3 tanto que son recetas fundamentales y propias de la marca que perduran hasta el d\u00eda de hoy.  Contenido Neto: 500grs             &nbsp;\" \/>\n<meta property=\"og:url\" content=\"https:\/\/yaomarket.cl\/?product=cafe-molido-hausbrandt-liberty-500-grs\" \/>\n<meta property=\"og:site_name\" content=\"YAOMARKET\" \/>\n<meta property=\"article:publisher\" content=\"https:\/\/www.facebook.com\/yaomarketchile\/\" \/>\n<meta property=\"article:modified_time\" content=\"2025-11-04T16:19:11+00:00\" \/>\n<meta property=\"og:image\" content=\"https:\/\/yaomarket.cl\/wp-content\/uploads\/2023\/02\/cafe-molido-hausbrandt-barattolo-liberty-500-grs.png\" \/>\n\t<meta property=\"og:image:width\" content=\"1100\" \/>\n\t<meta property=\"og:image:height\" content=\"1422\" \/>\n\t<meta property=\"og:image:type\" content=\"image\/png\" \/>\n<meta name=\"twitter:card\" content=\"summary_large_image\" \/>\n<script type=\"application\/ld+json\" class=\"yoast-schema-graph\">{\"@context\":\"https:\/\/schema.org\",\"@graph\":[{\"@type\":\"WebPage\",\"@id\":\"https:\/\/yaomarket.cl\/?product=cafe-molido-hausbrandt-liberty-500-grs\",\"url\":\"https:\/\/yaomarket.cl\/?product=cafe-molido-hausbrandt-liberty-500-grs\",\"name\":\"Caf\u00e9 Molido Hausbrandt Liberty 500 Grs - YAOMARKET\",\"isPartOf\":{\"@id\":\"https:\/\/yaomarket.cl\/#website\"},\"primaryImageOfPage\":{\"@id\":\"https:\/\/yaomarket.cl\/?product=cafe-molido-hausbrandt-liberty-500-grs#primaryimage\"},\"image\":{\"@id\":\"https:\/\/yaomarket.cl\/?product=cafe-molido-hausbrandt-liberty-500-grs#primaryimage\"},\"thumbnailUrl\":\"https:\/\/yaomarket.cl\/wp-content\/uploads\/2023\/02\/cafe-molido-hausbrandt-barattolo-liberty-500-grs.png\",\"datePublished\":\"2023-02-24T02:15:24+00:00\",\"dateModified\":\"2025-11-04T16:19:11+00:00\",\"breadcrumb\":{\"@id\":\"https:\/\/yaomarket.cl\/?product=cafe-molido-hausbrandt-liberty-500-grs#breadcrumb\"},\"inLanguage\":\"es\",\"potentialAction\":[{\"@type\":\"ReadAction\",\"target\":[\"https:\/\/yaomarket.cl\/?product=cafe-molido-hausbrandt-liberty-500-grs\"]}]},{\"@type\":\"ImageObject\",\"inLanguage\":\"es\",\"@id\":\"https:\/\/yaomarket.cl\/?product=cafe-molido-hausbrandt-liberty-500-grs#primaryimage\",\"url\":\"https:\/\/yaomarket.cl\/wp-content\/uploads\/2023\/02\/cafe-molido-hausbrandt-barattolo-liberty-500-grs.png\",\"contentUrl\":\"https:\/\/yaomarket.cl\/wp-content\/uploads\/2023\/02\/cafe-molido-hausbrandt-barattolo-liberty-500-grs.png\",\"width\":1100,\"height\":1422},{\"@type\":\"BreadcrumbList\",\"@id\":\"https:\/\/yaomarket.cl\/?product=cafe-molido-hausbrandt-liberty-500-grs#breadcrumb\",\"itemListElement\":[{\"@type\":\"ListItem\",\"position\":1,\"name\":\"Portada\",\"item\":\"https:\/\/yaomarket.cl\/\"},{\"@type\":\"ListItem\",\"position\":2,\"name\":\"TIENDA\",\"item\":\"https:\/\/yaomarket.cl\/?page_id=8\"},{\"@type\":\"ListItem\",\"position\":3,\"name\":\"Caf\u00e9 Molido Hausbrandt Liberty 500 Grs\"}]},{\"@type\":\"WebSite\",\"@id\":\"https:\/\/yaomarket.cl\/#website\",\"url\":\"https:\/\/yaomarket.cl\/\",\"name\":\"YAOMARKET\",\"description\":\"\",\"publisher\":{\"@id\":\"https:\/\/yaomarket.cl\/#organization\"},\"potentialAction\":[{\"@type\":\"SearchAction\",\"target\":{\"@type\":\"EntryPoint\",\"urlTemplate\":\"https:\/\/yaomarket.cl\/?s={search_term_string}\"},\"query-input\":{\"@type\":\"PropertyValueSpecification\",\"valueRequired\":true,\"valueName\":\"search_term_string\"}}],\"inLanguage\":\"es\"},{\"@type\":\"Organization\",\"@id\":\"https:\/\/yaomarket.cl\/#organization\",\"name\":\"YAOMARKET\",\"url\":\"https:\/\/yaomarket.cl\/\",\"logo\":{\"@type\":\"ImageObject\",\"inLanguage\":\"es\",\"@id\":\"https:\/\/yaomarket.cl\/#\/schema\/logo\/image\/\",\"url\":\"https:\/\/yaomarket.cl\/wp-content\/uploads\/2023\/08\/Logo-Original-Yao-Market-Circular.png\",\"contentUrl\":\"https:\/\/yaomarket.cl\/wp-content\/uploads\/2023\/08\/Logo-Original-Yao-Market-Circular.png\",\"width\":522,\"height\":522,\"caption\":\"YAOMARKET\"},\"image\":{\"@id\":\"https:\/\/yaomarket.cl\/#\/schema\/logo\/image\/\"},\"sameAs\":[\"https:\/\/www.facebook.com\/yaomarketchile\/\",\"https:\/\/www.instagram.com\/yao_market\/\"]}]}<\/script>\n<!-- \/ Yoast SEO plugin. -->","yoast_head_json":{"title":"Caf\u00e9 Molido Hausbrandt Liberty 500 Grs - YAOMARKET","robots":{"index":"index","follow":"follow","max-snippet":"max-snippet:-1","max-image-preview":"max-image-preview:large","max-video-preview":"max-video-preview:-1"},"canonical":"https:\/\/yaomarket.cl\/?product=cafe-molido-hausbrandt-liberty-500-grs","og_locale":"es_ES","og_type":"article","og_title":"Caf\u00e9 Molido Hausbrandt Liberty 500 Grs - YAOMARKET","og_description":"Caf\u00e9 Hausbrandt fue el resultado de un capit\u00e1n de marina mercante y, al mismo tiempo, un talentoso tostador del caf\u00e9 italiano. En 1892 fund\u00f3 el caf\u00e9 gourmet Hausbrandt en el puerto de Trieste, principal entrada para la comercializaci\u00f3n del grano en Europa. A lo largo de los a\u00f1os, su fundador se preocup\u00f3 de desarrollar sus propios procesos de mezclas y utiliz\u00f3 la \u00faltima tecnolog\u00eda para aumentar a\u00fan m\u00e1s la calidad del caf\u00e9. Los perfeccion\u00f3 tanto que son recetas fundamentales y propias de la marca que perduran hasta el d\u00eda de hoy.  Contenido Neto: 500grs             &nbsp;","og_url":"https:\/\/yaomarket.cl\/?product=cafe-molido-hausbrandt-liberty-500-grs","og_site_name":"YAOMARKET","article_publisher":"https:\/\/www.facebook.com\/yaomarketchile\/","article_modified_time":"2025-11-04T16:19:11+00:00","og_image":[{"width":1100,"height":1422,"url":"https:\/\/yaomarket.cl\/wp-content\/uploads\/2023\/02\/cafe-molido-hausbrandt-barattolo-liberty-500-grs.png","type":"image\/png"}],"twitter_card":"summary_large_image","schema":{"@context":"https:\/\/schema.org","@graph":[{"@type":"WebPage","@id":"https:\/\/yaomarket.cl\/?product=cafe-molido-hausbrandt-liberty-500-grs","url":"https:\/\/yaomarket.cl\/?product=cafe-molido-hausbrandt-liberty-500-grs","name":"Caf\u00e9 Molido Hausbrandt Liberty 500 Grs - YAOMARKET","isPartOf":{"@id":"https:\/\/yaomarket.cl\/#website"},"primaryImageOfPage":{"@id":"https:\/\/yaomarket.cl\/?product=cafe-molido-hausbrandt-liberty-500-grs#primaryimage"},"image":{"@id":"https:\/\/yaomarket.cl\/?product=cafe-molido-hausbrandt-liberty-500-grs#primaryimage"},"thumbnailUrl":"https:\/\/yaomarket.cl\/wp-content\/uploads\/2023\/02\/cafe-molido-hausbrandt-barattolo-liberty-500-grs.png","datePublished":"2023-02-24T02:15:24+00:00","dateModified":"2025-11-04T16:19:11+00:00","breadcrumb":{"@id":"https:\/\/yaomarket.cl\/?product=cafe-molido-hausbrandt-liberty-500-grs#breadcrumb"},"inLanguage":"es","potentialAction":[{"@type":"ReadAction","target":["https:\/\/yaomarket.cl\/?product=cafe-molido-hausbrandt-liberty-500-grs"]}]},{"@type":"ImageObject","inLanguage":"es","@id":"https:\/\/yaomarket.cl\/?product=cafe-molido-hausbrandt-liberty-500-grs#primaryimage","url":"https:\/\/yaomarket.cl\/wp-content\/uploads\/2023\/02\/cafe-molido-hausbrandt-barattolo-liberty-500-grs.png","contentUrl":"https:\/\/yaomarket.cl\/wp-content\/uploads\/2023\/02\/cafe-molido-hausbrandt-barattolo-liberty-500-grs.png","width":1100,"height":1422},{"@type":"BreadcrumbList","@id":"https:\/\/yaomarket.cl\/?product=cafe-molido-hausbrandt-liberty-500-grs#breadcrumb","itemListElement":[{"@type":"ListItem","position":1,"name":"Portada","item":"https:\/\/yaomarket.cl\/"},{"@type":"ListItem","position":2,"name":"TIENDA","item":"https:\/\/yaomarket.cl\/?page_id=8"},{"@type":"ListItem","position":3,"name":"Caf\u00e9 Molido Hausbrandt Liberty 500 Grs"}]},{"@type":"WebSite","@id":"https:\/\/yaomarket.cl\/#website","url":"https:\/\/yaomarket.cl\/","name":"YAOMARKET","description":"","publisher":{"@id":"https:\/\/yaomarket.cl\/#organization"},"potentialAction":[{"@type":"SearchAction","target":{"@type":"EntryPoint","urlTemplate":"https:\/\/yaomarket.cl\/?s={search_term_string}"},"query-input":{"@type":"PropertyValueSpecification","valueRequired":true,"valueName":"search_term_string"}}],"inLanguage":"es"},{"@type":"Organization","@id":"https:\/\/yaomarket.cl\/#organization","name":"YAOMARKET","url":"https:\/\/yaomarket.cl\/","logo":{"@type":"ImageObject","inLanguage":"es","@id":"https:\/\/yaomarket.cl\/#\/schema\/logo\/image\/","url":"https:\/\/yaomarket.cl\/wp-content\/uploads\/2023\/08\/Logo-Original-Yao-Market-Circular.png","contentUrl":"https:\/\/yaomarket.cl\/wp-content\/uploads\/2023\/08\/Logo-Original-Yao-Market-Circular.png","width":522,"height":522,"caption":"YAOMARKET"},"image":{"@id":"https:\/\/yaomarket.cl\/#\/schema\/logo\/image\/"},"sameAs":["https:\/\/www.facebook.com\/yaomarketchile\/","https:\/\/www.instagram.com\/yao_market\/"]}]}},"_links":{"self":[{"href":"https:\/\/yaomarket.cl\/index.php?rest_route=\/wp\/v2\/product\/8993","targetHints":{"allow":["GET"]}}],"collection":[{"href":"https:\/\/yaomarket.cl\/index.php?rest_route=\/wp\/v2\/product"}],"about":[{"href":"https:\/\/yaomarket.cl\/index.php?rest_route=\/wp\/v2\/types\/product"}],"wp:featuredmedia":[{"embeddable":true,"href":"https:\/\/yaomarket.cl\/index.php?rest_route=\/wp\/v2\/media\/8994"}],"wp:attachment":[{"href":"https:\/\/yaomarket.cl\/index.php?rest_route=%2Fwp%2Fv2%2Fmedia&parent=8993"}],"wp:term":[{"taxonomy":"product_cat","embeddable":true,"href":"https:\/\/yaomarket.cl\/index.php?rest_route=%2Fwp%2Fv2%2Fproduct_cat&post=8993"},{"taxonomy":"product_tag","embeddable":true,"href":"https:\/\/yaomarket.cl\/index.php?rest_route=%2Fwp%2Fv2%2Fproduct_tag&post=8993"}],"curies":[{"name":"wp","href":"https:\/\/api.w.org\/{rel}","templated":true}]}}