{"id":8991,"date":"2023-02-24T02:09:50","date_gmt":"2023-02-24T02:09:50","guid":{"rendered":"https:\/\/yaomarket.cl\/?post_type=product&#038;p=8991"},"modified":"2025-11-04T16:19:11","modified_gmt":"2025-11-04T16:19:11","slug":"cafe-molido-hausbrandt-120o-aniversario-250-grs","status":"publish","type":"product","link":"https:\/\/yaomarket.cl\/?product=cafe-molido-hausbrandt-120o-aniversario-250-grs","title":{"rendered":"Caf\u00e9 Molido Hausbrandt 120\u00ba Aniversario 250 Grs"},"content":{"rendered":"<p>&nbsp;<\/p>\n<p>&nbsp;<\/p>\n","protected":false},"excerpt":{"rendered":"<p>Para celebrar su 120\u00ba aniversario, Hausbrandt ha creado el nuevo tin box \u201cAnniversario\u201d con sus personajes hist\u00f3ricos \u201cnonnetti\u201d (abuelos), una ilustraci\u00f3n que hizo historia en la publicidad de Hausbrandt. En el interior, hay un paquete de 250 g de caf\u00e9 molido premium Ar\u00e1bica y Robusta (calidad \u201cNero\u201d).<\/p>\n<p>Una mezcla con cuerpo creada para quienes disfrutan de los sabores decisivos, presenta notas dulces acompa\u00f1adas de matices tostados y toques de nueces. El aroma ofrece fragancias de galletas y cacao.<\/p>\n<p>Contenido Neto: 250grs de caf\u00e9 molido<\/p>\n<p>&nbsp;<\/p>\n","protected":false},"featured_media":8992,"template":"","meta":[],"product_cat":[72,74],"product_tag":[104,103,105,106,117],"class_list":{"0":"post-8991","1":"product","2":"type-product","3":"status-publish","4":"has-post-thumbnail","6":"product_cat-cafe","7":"product_cat-cafe-molido","8":"product_tag-arabico","9":"product_tag-cafe","10":"product_tag-hausbrandt","11":"product_tag-italia","12":"product_tag-molido","13":"pa_tipo-de-cafe-cafe-molido","15":"first","16":"outofstock","17":"shipping-taxable","18":"purchasable","19":"product-type-simple"},"yoast_head":"<!-- This site is optimized with the Yoast SEO plugin v25.2 - https:\/\/yoast.com\/wordpress\/plugins\/seo\/ -->\n<title>Caf\u00e9 Molido Hausbrandt 120\u00ba Aniversario 250 Grs - YAOMARKET<\/title>\n<meta name=\"robots\" content=\"index, follow, max-snippet:-1, max-image-preview:large, max-video-preview:-1\" \/>\n<link rel=\"canonical\" href=\"https:\/\/yaomarket.cl\/?product=cafe-molido-hausbrandt-120o-aniversario-250-grs\" \/>\n<meta property=\"og:locale\" content=\"es_ES\" \/>\n<meta property=\"og:type\" content=\"article\" \/>\n<meta property=\"og:title\" content=\"Caf\u00e9 Molido Hausbrandt 120\u00ba Aniversario 250 Grs - YAOMARKET\" \/>\n<meta property=\"og:description\" content=\"Para celebrar su 120\u00ba aniversario, Hausbrandt ha creado el nuevo tin box \u201cAnniversario\u201d con sus personajes hist\u00f3ricos \u201cnonnetti\u201d (abuelos), una ilustraci\u00f3n que hizo historia en la publicidad de Hausbrandt. En el interior, hay un paquete de 250 g de caf\u00e9 molido premium Ar\u00e1bica y Robusta (calidad \u201cNero\u201d).  Una mezcla con cuerpo creada para quienes disfrutan de los sabores decisivos, presenta notas dulces acompa\u00f1adas de matices tostados y toques de nueces. El aroma ofrece fragancias de galletas y cacao.  Contenido Neto: 250grs de caf\u00e9 molido  &nbsp;\" \/>\n<meta property=\"og:url\" content=\"https:\/\/yaomarket.cl\/?product=cafe-molido-hausbrandt-120o-aniversario-250-grs\" \/>\n<meta property=\"og:site_name\" content=\"YAOMARKET\" \/>\n<meta property=\"article:publisher\" content=\"https:\/\/www.facebook.com\/yaomarketchile\/\" \/>\n<meta property=\"article:modified_time\" content=\"2025-11-04T16:19:11+00:00\" \/>\n<meta property=\"og:image\" content=\"https:\/\/yaomarket.cl\/wp-content\/uploads\/2023\/02\/cafe-molido-hausbrandt-edicion-aniversario-250-grs.png\" \/>\n\t<meta property=\"og:image:width\" content=\"1100\" \/>\n\t<meta property=\"og:image:height\" content=\"1422\" \/>\n\t<meta property=\"og:image:type\" content=\"image\/png\" \/>\n<meta name=\"twitter:card\" content=\"summary_large_image\" \/>\n<script type=\"application\/ld+json\" class=\"yoast-schema-graph\">{\"@context\":\"https:\/\/schema.org\",\"@graph\":[{\"@type\":\"WebPage\",\"@id\":\"https:\/\/yaomarket.cl\/?product=cafe-molido-hausbrandt-120o-aniversario-250-grs\",\"url\":\"https:\/\/yaomarket.cl\/?product=cafe-molido-hausbrandt-120o-aniversario-250-grs\",\"name\":\"Caf\u00e9 Molido Hausbrandt 120\u00ba Aniversario 250 Grs - YAOMARKET\",\"isPartOf\":{\"@id\":\"https:\/\/yaomarket.cl\/#website\"},\"primaryImageOfPage\":{\"@id\":\"https:\/\/yaomarket.cl\/?product=cafe-molido-hausbrandt-120o-aniversario-250-grs#primaryimage\"},\"image\":{\"@id\":\"https:\/\/yaomarket.cl\/?product=cafe-molido-hausbrandt-120o-aniversario-250-grs#primaryimage\"},\"thumbnailUrl\":\"https:\/\/yaomarket.cl\/wp-content\/uploads\/2023\/02\/cafe-molido-hausbrandt-edicion-aniversario-250-grs.png\",\"datePublished\":\"2023-02-24T02:09:50+00:00\",\"dateModified\":\"2025-11-04T16:19:11+00:00\",\"breadcrumb\":{\"@id\":\"https:\/\/yaomarket.cl\/?product=cafe-molido-hausbrandt-120o-aniversario-250-grs#breadcrumb\"},\"inLanguage\":\"es\",\"potentialAction\":[{\"@type\":\"ReadAction\",\"target\":[\"https:\/\/yaomarket.cl\/?product=cafe-molido-hausbrandt-120o-aniversario-250-grs\"]}]},{\"@type\":\"ImageObject\",\"inLanguage\":\"es\",\"@id\":\"https:\/\/yaomarket.cl\/?product=cafe-molido-hausbrandt-120o-aniversario-250-grs#primaryimage\",\"url\":\"https:\/\/yaomarket.cl\/wp-content\/uploads\/2023\/02\/cafe-molido-hausbrandt-edicion-aniversario-250-grs.png\",\"contentUrl\":\"https:\/\/yaomarket.cl\/wp-content\/uploads\/2023\/02\/cafe-molido-hausbrandt-edicion-aniversario-250-grs.png\",\"width\":1100,\"height\":1422},{\"@type\":\"BreadcrumbList\",\"@id\":\"https:\/\/yaomarket.cl\/?product=cafe-molido-hausbrandt-120o-aniversario-250-grs#breadcrumb\",\"itemListElement\":[{\"@type\":\"ListItem\",\"position\":1,\"name\":\"Portada\",\"item\":\"https:\/\/yaomarket.cl\/\"},{\"@type\":\"ListItem\",\"position\":2,\"name\":\"TIENDA\",\"item\":\"https:\/\/yaomarket.cl\/?page_id=8\"},{\"@type\":\"ListItem\",\"position\":3,\"name\":\"Caf\u00e9 Molido Hausbrandt 120\u00ba Aniversario 250 Grs\"}]},{\"@type\":\"WebSite\",\"@id\":\"https:\/\/yaomarket.cl\/#website\",\"url\":\"https:\/\/yaomarket.cl\/\",\"name\":\"YAOMARKET\",\"description\":\"\",\"publisher\":{\"@id\":\"https:\/\/yaomarket.cl\/#organization\"},\"potentialAction\":[{\"@type\":\"SearchAction\",\"target\":{\"@type\":\"EntryPoint\",\"urlTemplate\":\"https:\/\/yaomarket.cl\/?s={search_term_string}\"},\"query-input\":{\"@type\":\"PropertyValueSpecification\",\"valueRequired\":true,\"valueName\":\"search_term_string\"}}],\"inLanguage\":\"es\"},{\"@type\":\"Organization\",\"@id\":\"https:\/\/yaomarket.cl\/#organization\",\"name\":\"YAOMARKET\",\"url\":\"https:\/\/yaomarket.cl\/\",\"logo\":{\"@type\":\"ImageObject\",\"inLanguage\":\"es\",\"@id\":\"https:\/\/yaomarket.cl\/#\/schema\/logo\/image\/\",\"url\":\"https:\/\/yaomarket.cl\/wp-content\/uploads\/2023\/08\/Logo-Original-Yao-Market-Circular.png\",\"contentUrl\":\"https:\/\/yaomarket.cl\/wp-content\/uploads\/2023\/08\/Logo-Original-Yao-Market-Circular.png\",\"width\":522,\"height\":522,\"caption\":\"YAOMARKET\"},\"image\":{\"@id\":\"https:\/\/yaomarket.cl\/#\/schema\/logo\/image\/\"},\"sameAs\":[\"https:\/\/www.facebook.com\/yaomarketchile\/\",\"https:\/\/www.instagram.com\/yao_market\/\"]}]}<\/script>\n<!-- \/ Yoast SEO plugin. -->","yoast_head_json":{"title":"Caf\u00e9 Molido Hausbrandt 120\u00ba Aniversario 250 Grs - YAOMARKET","robots":{"index":"index","follow":"follow","max-snippet":"max-snippet:-1","max-image-preview":"max-image-preview:large","max-video-preview":"max-video-preview:-1"},"canonical":"https:\/\/yaomarket.cl\/?product=cafe-molido-hausbrandt-120o-aniversario-250-grs","og_locale":"es_ES","og_type":"article","og_title":"Caf\u00e9 Molido Hausbrandt 120\u00ba Aniversario 250 Grs - YAOMARKET","og_description":"Para celebrar su 120\u00ba aniversario, Hausbrandt ha creado el nuevo tin box \u201cAnniversario\u201d con sus personajes hist\u00f3ricos \u201cnonnetti\u201d (abuelos), una ilustraci\u00f3n que hizo historia en la publicidad de Hausbrandt. En el interior, hay un paquete de 250 g de caf\u00e9 molido premium Ar\u00e1bica y Robusta (calidad \u201cNero\u201d).  Una mezcla con cuerpo creada para quienes disfrutan de los sabores decisivos, presenta notas dulces acompa\u00f1adas de matices tostados y toques de nueces. El aroma ofrece fragancias de galletas y cacao.  Contenido Neto: 250grs de caf\u00e9 molido  &nbsp;","og_url":"https:\/\/yaomarket.cl\/?product=cafe-molido-hausbrandt-120o-aniversario-250-grs","og_site_name":"YAOMARKET","article_publisher":"https:\/\/www.facebook.com\/yaomarketchile\/","article_modified_time":"2025-11-04T16:19:11+00:00","og_image":[{"width":1100,"height":1422,"url":"https:\/\/yaomarket.cl\/wp-content\/uploads\/2023\/02\/cafe-molido-hausbrandt-edicion-aniversario-250-grs.png","type":"image\/png"}],"twitter_card":"summary_large_image","schema":{"@context":"https:\/\/schema.org","@graph":[{"@type":"WebPage","@id":"https:\/\/yaomarket.cl\/?product=cafe-molido-hausbrandt-120o-aniversario-250-grs","url":"https:\/\/yaomarket.cl\/?product=cafe-molido-hausbrandt-120o-aniversario-250-grs","name":"Caf\u00e9 Molido Hausbrandt 120\u00ba Aniversario 250 Grs - YAOMARKET","isPartOf":{"@id":"https:\/\/yaomarket.cl\/#website"},"primaryImageOfPage":{"@id":"https:\/\/yaomarket.cl\/?product=cafe-molido-hausbrandt-120o-aniversario-250-grs#primaryimage"},"image":{"@id":"https:\/\/yaomarket.cl\/?product=cafe-molido-hausbrandt-120o-aniversario-250-grs#primaryimage"},"thumbnailUrl":"https:\/\/yaomarket.cl\/wp-content\/uploads\/2023\/02\/cafe-molido-hausbrandt-edicion-aniversario-250-grs.png","datePublished":"2023-02-24T02:09:50+00:00","dateModified":"2025-11-04T16:19:11+00:00","breadcrumb":{"@id":"https:\/\/yaomarket.cl\/?product=cafe-molido-hausbrandt-120o-aniversario-250-grs#breadcrumb"},"inLanguage":"es","potentialAction":[{"@type":"ReadAction","target":["https:\/\/yaomarket.cl\/?product=cafe-molido-hausbrandt-120o-aniversario-250-grs"]}]},{"@type":"ImageObject","inLanguage":"es","@id":"https:\/\/yaomarket.cl\/?product=cafe-molido-hausbrandt-120o-aniversario-250-grs#primaryimage","url":"https:\/\/yaomarket.cl\/wp-content\/uploads\/2023\/02\/cafe-molido-hausbrandt-edicion-aniversario-250-grs.png","contentUrl":"https:\/\/yaomarket.cl\/wp-content\/uploads\/2023\/02\/cafe-molido-hausbrandt-edicion-aniversario-250-grs.png","width":1100,"height":1422},{"@type":"BreadcrumbList","@id":"https:\/\/yaomarket.cl\/?product=cafe-molido-hausbrandt-120o-aniversario-250-grs#breadcrumb","itemListElement":[{"@type":"ListItem","position":1,"name":"Portada","item":"https:\/\/yaomarket.cl\/"},{"@type":"ListItem","position":2,"name":"TIENDA","item":"https:\/\/yaomarket.cl\/?page_id=8"},{"@type":"ListItem","position":3,"name":"Caf\u00e9 Molido Hausbrandt 120\u00ba Aniversario 250 Grs"}]},{"@type":"WebSite","@id":"https:\/\/yaomarket.cl\/#website","url":"https:\/\/yaomarket.cl\/","name":"YAOMARKET","description":"","publisher":{"@id":"https:\/\/yaomarket.cl\/#organization"},"potentialAction":[{"@type":"SearchAction","target":{"@type":"EntryPoint","urlTemplate":"https:\/\/yaomarket.cl\/?s={search_term_string}"},"query-input":{"@type":"PropertyValueSpecification","valueRequired":true,"valueName":"search_term_string"}}],"inLanguage":"es"},{"@type":"Organization","@id":"https:\/\/yaomarket.cl\/#organization","name":"YAOMARKET","url":"https:\/\/yaomarket.cl\/","logo":{"@type":"ImageObject","inLanguage":"es","@id":"https:\/\/yaomarket.cl\/#\/schema\/logo\/image\/","url":"https:\/\/yaomarket.cl\/wp-content\/uploads\/2023\/08\/Logo-Original-Yao-Market-Circular.png","contentUrl":"https:\/\/yaomarket.cl\/wp-content\/uploads\/2023\/08\/Logo-Original-Yao-Market-Circular.png","width":522,"height":522,"caption":"YAOMARKET"},"image":{"@id":"https:\/\/yaomarket.cl\/#\/schema\/logo\/image\/"},"sameAs":["https:\/\/www.facebook.com\/yaomarketchile\/","https:\/\/www.instagram.com\/yao_market\/"]}]}},"_links":{"self":[{"href":"https:\/\/yaomarket.cl\/index.php?rest_route=\/wp\/v2\/product\/8991","targetHints":{"allow":["GET"]}}],"collection":[{"href":"https:\/\/yaomarket.cl\/index.php?rest_route=\/wp\/v2\/product"}],"about":[{"href":"https:\/\/yaomarket.cl\/index.php?rest_route=\/wp\/v2\/types\/product"}],"wp:featuredmedia":[{"embeddable":true,"href":"https:\/\/yaomarket.cl\/index.php?rest_route=\/wp\/v2\/media\/8992"}],"wp:attachment":[{"href":"https:\/\/yaomarket.cl\/index.php?rest_route=%2Fwp%2Fv2%2Fmedia&parent=8991"}],"wp:term":[{"taxonomy":"product_cat","embeddable":true,"href":"https:\/\/yaomarket.cl\/index.php?rest_route=%2Fwp%2Fv2%2Fproduct_cat&post=8991"},{"taxonomy":"product_tag","embeddable":true,"href":"https:\/\/yaomarket.cl\/index.php?rest_route=%2Fwp%2Fv2%2Fproduct_tag&post=8991"}],"curies":[{"name":"wp","href":"https:\/\/api.w.org\/{rel}","templated":true}]}}