{"id":8970,"date":"2023-02-24T01:10:50","date_gmt":"2023-02-24T01:10:50","guid":{"rendered":"https:\/\/yaomarket.cl\/?post_type=product&#038;p=8970"},"modified":"2025-11-04T16:48:26","modified_gmt":"2025-11-04T16:48:26","slug":"cafe-molido-hausbrandt-gourmet-columbus-250-grs","status":"publish","type":"product","link":"https:\/\/yaomarket.cl\/?product=cafe-molido-hausbrandt-gourmet-columbus-250-grs","title":{"rendered":"Caf\u00e9 en grano Sublime expreso hausbrandt 100% Arabica 250 gr"},"content":{"rendered":"","protected":false},"excerpt":{"rendered":"<p>Caf\u00e9 molido mezcla 100% ar\u00e1bica, que combina h\u00e1bilmente los aromas y sabores nobles del grano ar\u00e1bica de Colombia. fusionando calidad y superioridad que le da al caf\u00e9 una exquisita combinaci\u00f3n de matices de cacao amargo y ra\u00edz de regaliz.<\/p>\n<p>Contenido Neto: 250grs<\/p>\n","protected":false},"featured_media":12604,"template":"","meta":[],"product_cat":[72,74],"product_tag":[104,103,116,115,105,117],"class_list":{"0":"post-8970","1":"product","2":"type-product","3":"status-publish","4":"has-post-thumbnail","6":"product_cat-cafe","7":"product_cat-cafe-molido","8":"product_tag-arabico","9":"product_tag-cafe","10":"product_tag-columbus","11":"product_tag-gourmet","12":"product_tag-hausbrandt","13":"product_tag-molido","14":"pa_tipo-de-cafe-cafe-molido","16":"first","17":"instock","18":"shipping-taxable","19":"purchasable","20":"product-type-simple"},"yoast_head":"<!-- This site is optimized with the Yoast SEO plugin v25.2 - https:\/\/yoast.com\/wordpress\/plugins\/seo\/ -->\n<title>Caf\u00e9 en grano Sublime expreso hausbrandt 100% Arabica 250 gr - YAOMARKET<\/title>\n<meta name=\"robots\" content=\"index, follow, max-snippet:-1, max-image-preview:large, max-video-preview:-1\" \/>\n<link rel=\"canonical\" href=\"https:\/\/yaomarket.cl\/?product=cafe-molido-hausbrandt-gourmet-columbus-250-grs\" \/>\n<meta property=\"og:locale\" content=\"es_ES\" \/>\n<meta property=\"og:type\" content=\"article\" \/>\n<meta property=\"og:title\" content=\"Caf\u00e9 en grano Sublime expreso hausbrandt 100% Arabica 250 gr - YAOMARKET\" \/>\n<meta property=\"og:description\" content=\"Caf\u00e9 molido mezcla 100% ar\u00e1bica, que combina h\u00e1bilmente los aromas y sabores nobles del grano ar\u00e1bica de Colombia. fusionando calidad y superioridad que le da al caf\u00e9 una exquisita combinaci\u00f3n de matices de cacao amargo y ra\u00edz de regaliz.  Contenido Neto: 250grs\" \/>\n<meta property=\"og:url\" content=\"https:\/\/yaomarket.cl\/?product=cafe-molido-hausbrandt-gourmet-columbus-250-grs\" \/>\n<meta property=\"og:site_name\" content=\"YAOMARKET\" \/>\n<meta property=\"article:publisher\" content=\"https:\/\/www.facebook.com\/yaomarketchile\/\" \/>\n<meta property=\"article:modified_time\" content=\"2025-11-04T16:48:26+00:00\" \/>\n<meta property=\"og:image\" content=\"https:\/\/yaomarket.cl\/wp-content\/uploads\/2023\/02\/cafe-molido-sublime-100-arabica-250-gr.jpg\" \/>\n\t<meta property=\"og:image:width\" content=\"800\" \/>\n\t<meta property=\"og:image:height\" content=\"800\" \/>\n\t<meta property=\"og:image:type\" content=\"image\/jpeg\" \/>\n<meta name=\"twitter:card\" content=\"summary_large_image\" \/>\n<meta name=\"twitter:label1\" content=\"Tiempo de lectura\" \/>\n\t<meta name=\"twitter:data1\" content=\"1 minuto\" \/>\n<script type=\"application\/ld+json\" class=\"yoast-schema-graph\">{\"@context\":\"https:\/\/schema.org\",\"@graph\":[{\"@type\":\"WebPage\",\"@id\":\"https:\/\/yaomarket.cl\/?product=cafe-molido-hausbrandt-gourmet-columbus-250-grs\",\"url\":\"https:\/\/yaomarket.cl\/?product=cafe-molido-hausbrandt-gourmet-columbus-250-grs\",\"name\":\"Caf\u00e9 en grano Sublime expreso hausbrandt 100% Arabica 250 gr - YAOMARKET\",\"isPartOf\":{\"@id\":\"https:\/\/yaomarket.cl\/#website\"},\"primaryImageOfPage\":{\"@id\":\"https:\/\/yaomarket.cl\/?product=cafe-molido-hausbrandt-gourmet-columbus-250-grs#primaryimage\"},\"image\":{\"@id\":\"https:\/\/yaomarket.cl\/?product=cafe-molido-hausbrandt-gourmet-columbus-250-grs#primaryimage\"},\"thumbnailUrl\":\"https:\/\/yaomarket.cl\/wp-content\/uploads\/2023\/02\/cafe-molido-sublime-100-arabica-250-gr.jpg\",\"datePublished\":\"2023-02-24T01:10:50+00:00\",\"dateModified\":\"2025-11-04T16:48:26+00:00\",\"breadcrumb\":{\"@id\":\"https:\/\/yaomarket.cl\/?product=cafe-molido-hausbrandt-gourmet-columbus-250-grs#breadcrumb\"},\"inLanguage\":\"es\",\"potentialAction\":[{\"@type\":\"ReadAction\",\"target\":[\"https:\/\/yaomarket.cl\/?product=cafe-molido-hausbrandt-gourmet-columbus-250-grs\"]}]},{\"@type\":\"ImageObject\",\"inLanguage\":\"es\",\"@id\":\"https:\/\/yaomarket.cl\/?product=cafe-molido-hausbrandt-gourmet-columbus-250-grs#primaryimage\",\"url\":\"https:\/\/yaomarket.cl\/wp-content\/uploads\/2023\/02\/cafe-molido-sublime-100-arabica-250-gr.jpg\",\"contentUrl\":\"https:\/\/yaomarket.cl\/wp-content\/uploads\/2023\/02\/cafe-molido-sublime-100-arabica-250-gr.jpg\",\"width\":800,\"height\":800},{\"@type\":\"BreadcrumbList\",\"@id\":\"https:\/\/yaomarket.cl\/?product=cafe-molido-hausbrandt-gourmet-columbus-250-grs#breadcrumb\",\"itemListElement\":[{\"@type\":\"ListItem\",\"position\":1,\"name\":\"Portada\",\"item\":\"https:\/\/yaomarket.cl\/\"},{\"@type\":\"ListItem\",\"position\":2,\"name\":\"TIENDA\",\"item\":\"https:\/\/yaomarket.cl\/?page_id=8\"},{\"@type\":\"ListItem\",\"position\":3,\"name\":\"Caf\u00e9 en grano Sublime expreso hausbrandt 100% Arabica 250 gr\"}]},{\"@type\":\"WebSite\",\"@id\":\"https:\/\/yaomarket.cl\/#website\",\"url\":\"https:\/\/yaomarket.cl\/\",\"name\":\"YAOMARKET\",\"description\":\"\",\"publisher\":{\"@id\":\"https:\/\/yaomarket.cl\/#organization\"},\"potentialAction\":[{\"@type\":\"SearchAction\",\"target\":{\"@type\":\"EntryPoint\",\"urlTemplate\":\"https:\/\/yaomarket.cl\/?s={search_term_string}\"},\"query-input\":{\"@type\":\"PropertyValueSpecification\",\"valueRequired\":true,\"valueName\":\"search_term_string\"}}],\"inLanguage\":\"es\"},{\"@type\":\"Organization\",\"@id\":\"https:\/\/yaomarket.cl\/#organization\",\"name\":\"YAOMARKET\",\"url\":\"https:\/\/yaomarket.cl\/\",\"logo\":{\"@type\":\"ImageObject\",\"inLanguage\":\"es\",\"@id\":\"https:\/\/yaomarket.cl\/#\/schema\/logo\/image\/\",\"url\":\"https:\/\/yaomarket.cl\/wp-content\/uploads\/2023\/08\/Logo-Original-Yao-Market-Circular.png\",\"contentUrl\":\"https:\/\/yaomarket.cl\/wp-content\/uploads\/2023\/08\/Logo-Original-Yao-Market-Circular.png\",\"width\":522,\"height\":522,\"caption\":\"YAOMARKET\"},\"image\":{\"@id\":\"https:\/\/yaomarket.cl\/#\/schema\/logo\/image\/\"},\"sameAs\":[\"https:\/\/www.facebook.com\/yaomarketchile\/\",\"https:\/\/www.instagram.com\/yao_market\/\"]}]}<\/script>\n<!-- \/ Yoast SEO plugin. -->","yoast_head_json":{"title":"Caf\u00e9 en grano Sublime expreso hausbrandt 100% Arabica 250 gr - YAOMARKET","robots":{"index":"index","follow":"follow","max-snippet":"max-snippet:-1","max-image-preview":"max-image-preview:large","max-video-preview":"max-video-preview:-1"},"canonical":"https:\/\/yaomarket.cl\/?product=cafe-molido-hausbrandt-gourmet-columbus-250-grs","og_locale":"es_ES","og_type":"article","og_title":"Caf\u00e9 en grano Sublime expreso hausbrandt 100% Arabica 250 gr - YAOMARKET","og_description":"Caf\u00e9 molido mezcla 100% ar\u00e1bica, que combina h\u00e1bilmente los aromas y sabores nobles del grano ar\u00e1bica de Colombia. fusionando calidad y superioridad que le da al caf\u00e9 una exquisita combinaci\u00f3n de matices de cacao amargo y ra\u00edz de regaliz.  Contenido Neto: 250grs","og_url":"https:\/\/yaomarket.cl\/?product=cafe-molido-hausbrandt-gourmet-columbus-250-grs","og_site_name":"YAOMARKET","article_publisher":"https:\/\/www.facebook.com\/yaomarketchile\/","article_modified_time":"2025-11-04T16:48:26+00:00","og_image":[{"width":800,"height":800,"url":"https:\/\/yaomarket.cl\/wp-content\/uploads\/2023\/02\/cafe-molido-sublime-100-arabica-250-gr.jpg","type":"image\/jpeg"}],"twitter_card":"summary_large_image","twitter_misc":{"Tiempo de lectura":"1 minuto"},"schema":{"@context":"https:\/\/schema.org","@graph":[{"@type":"WebPage","@id":"https:\/\/yaomarket.cl\/?product=cafe-molido-hausbrandt-gourmet-columbus-250-grs","url":"https:\/\/yaomarket.cl\/?product=cafe-molido-hausbrandt-gourmet-columbus-250-grs","name":"Caf\u00e9 en grano Sublime expreso hausbrandt 100% Arabica 250 gr - YAOMARKET","isPartOf":{"@id":"https:\/\/yaomarket.cl\/#website"},"primaryImageOfPage":{"@id":"https:\/\/yaomarket.cl\/?product=cafe-molido-hausbrandt-gourmet-columbus-250-grs#primaryimage"},"image":{"@id":"https:\/\/yaomarket.cl\/?product=cafe-molido-hausbrandt-gourmet-columbus-250-grs#primaryimage"},"thumbnailUrl":"https:\/\/yaomarket.cl\/wp-content\/uploads\/2023\/02\/cafe-molido-sublime-100-arabica-250-gr.jpg","datePublished":"2023-02-24T01:10:50+00:00","dateModified":"2025-11-04T16:48:26+00:00","breadcrumb":{"@id":"https:\/\/yaomarket.cl\/?product=cafe-molido-hausbrandt-gourmet-columbus-250-grs#breadcrumb"},"inLanguage":"es","potentialAction":[{"@type":"ReadAction","target":["https:\/\/yaomarket.cl\/?product=cafe-molido-hausbrandt-gourmet-columbus-250-grs"]}]},{"@type":"ImageObject","inLanguage":"es","@id":"https:\/\/yaomarket.cl\/?product=cafe-molido-hausbrandt-gourmet-columbus-250-grs#primaryimage","url":"https:\/\/yaomarket.cl\/wp-content\/uploads\/2023\/02\/cafe-molido-sublime-100-arabica-250-gr.jpg","contentUrl":"https:\/\/yaomarket.cl\/wp-content\/uploads\/2023\/02\/cafe-molido-sublime-100-arabica-250-gr.jpg","width":800,"height":800},{"@type":"BreadcrumbList","@id":"https:\/\/yaomarket.cl\/?product=cafe-molido-hausbrandt-gourmet-columbus-250-grs#breadcrumb","itemListElement":[{"@type":"ListItem","position":1,"name":"Portada","item":"https:\/\/yaomarket.cl\/"},{"@type":"ListItem","position":2,"name":"TIENDA","item":"https:\/\/yaomarket.cl\/?page_id=8"},{"@type":"ListItem","position":3,"name":"Caf\u00e9 en grano Sublime expreso hausbrandt 100% Arabica 250 gr"}]},{"@type":"WebSite","@id":"https:\/\/yaomarket.cl\/#website","url":"https:\/\/yaomarket.cl\/","name":"YAOMARKET","description":"","publisher":{"@id":"https:\/\/yaomarket.cl\/#organization"},"potentialAction":[{"@type":"SearchAction","target":{"@type":"EntryPoint","urlTemplate":"https:\/\/yaomarket.cl\/?s={search_term_string}"},"query-input":{"@type":"PropertyValueSpecification","valueRequired":true,"valueName":"search_term_string"}}],"inLanguage":"es"},{"@type":"Organization","@id":"https:\/\/yaomarket.cl\/#organization","name":"YAOMARKET","url":"https:\/\/yaomarket.cl\/","logo":{"@type":"ImageObject","inLanguage":"es","@id":"https:\/\/yaomarket.cl\/#\/schema\/logo\/image\/","url":"https:\/\/yaomarket.cl\/wp-content\/uploads\/2023\/08\/Logo-Original-Yao-Market-Circular.png","contentUrl":"https:\/\/yaomarket.cl\/wp-content\/uploads\/2023\/08\/Logo-Original-Yao-Market-Circular.png","width":522,"height":522,"caption":"YAOMARKET"},"image":{"@id":"https:\/\/yaomarket.cl\/#\/schema\/logo\/image\/"},"sameAs":["https:\/\/www.facebook.com\/yaomarketchile\/","https:\/\/www.instagram.com\/yao_market\/"]}]}},"_links":{"self":[{"href":"https:\/\/yaomarket.cl\/index.php?rest_route=\/wp\/v2\/product\/8970","targetHints":{"allow":["GET"]}}],"collection":[{"href":"https:\/\/yaomarket.cl\/index.php?rest_route=\/wp\/v2\/product"}],"about":[{"href":"https:\/\/yaomarket.cl\/index.php?rest_route=\/wp\/v2\/types\/product"}],"wp:featuredmedia":[{"embeddable":true,"href":"https:\/\/yaomarket.cl\/index.php?rest_route=\/wp\/v2\/media\/12604"}],"wp:attachment":[{"href":"https:\/\/yaomarket.cl\/index.php?rest_route=%2Fwp%2Fv2%2Fmedia&parent=8970"}],"wp:term":[{"taxonomy":"product_cat","embeddable":true,"href":"https:\/\/yaomarket.cl\/index.php?rest_route=%2Fwp%2Fv2%2Fproduct_cat&post=8970"},{"taxonomy":"product_tag","embeddable":true,"href":"https:\/\/yaomarket.cl\/index.php?rest_route=%2Fwp%2Fv2%2Fproduct_tag&post=8970"}],"curies":[{"name":"wp","href":"https:\/\/api.w.org\/{rel}","templated":true}]}}