{"id":8892,"date":"2023-01-10T19:51:14","date_gmt":"2023-01-10T19:51:14","guid":{"rendered":"https:\/\/yaomarket.cl\/?post_type=product&#038;p=8892"},"modified":"2025-11-04T16:02:34","modified_gmt":"2025-11-04T16:02:34","slug":"caja-mix-classic-kombucha-4-unidades-330cc","status":"publish","type":"product","link":"https:\/\/yaomarket.cl\/?product=caja-mix-classic-kombucha-4-unidades-330cc","title":{"rendered":"CAJA MIX CLASSIC KOMBUCHA (4 UNIDADES &#8211; 330cc)"},"content":{"rendered":"","protected":false},"excerpt":{"rendered":"<p>Nuestras Kombuchas contienen probi\u00f3ticos certificados 100% naturales (no a\u00f1adidos) producto de nuestra t\u00e9cnica de fermentaci\u00f3n y SCOBY madre. Esto se encuentra certificado por el laboratorio Microbiol\u00f3gico Macrogen de EEUU.<\/p>\n<p>\u00bb Sabores:<\/p>\n<p>Mango-Maracuy\u00e1<br \/>\nBerries<br \/>\nNaranja \u00bb<br \/>\nlimon &#8211; jengibre<\/p>\n","protected":false},"featured_media":8902,"template":"","meta":[],"product_cat":[94],"product_tag":[],"class_list":{"0":"post-8892","1":"product","2":"type-product","3":"status-publish","4":"has-post-thumbnail","6":"product_cat-kombuchas","8":"first","9":"outofstock","10":"shipping-taxable","11":"purchasable","12":"product-type-simple"},"yoast_head":"<!-- This site is optimized with the Yoast SEO plugin v25.2 - https:\/\/yoast.com\/wordpress\/plugins\/seo\/ -->\n<title>CAJA MIX CLASSIC KOMBUCHA (4 UNIDADES - 330cc) - YAOMARKET<\/title>\n<meta name=\"robots\" content=\"index, follow, max-snippet:-1, max-image-preview:large, max-video-preview:-1\" \/>\n<link rel=\"canonical\" href=\"https:\/\/yaomarket.cl\/?product=caja-mix-classic-kombucha-4-unidades-330cc\" \/>\n<meta property=\"og:locale\" content=\"es_ES\" \/>\n<meta property=\"og:type\" content=\"article\" \/>\n<meta property=\"og:title\" content=\"CAJA MIX CLASSIC KOMBUCHA (4 UNIDADES - 330cc) - YAOMARKET\" \/>\n<meta property=\"og:description\" content=\"Nuestras Kombuchas contienen probi\u00f3ticos certificados 100% naturales (no a\u00f1adidos) producto de nuestra t\u00e9cnica de fermentaci\u00f3n y SCOBY madre. Esto se encuentra certificado por el laboratorio Microbiol\u00f3gico Macrogen de EEUU.  &quot; Sabores:  Mango-Maracuy\u00e1 Berries Naranja &quot; limon - jengibre\" \/>\n<meta property=\"og:url\" content=\"https:\/\/yaomarket.cl\/?product=caja-mix-classic-kombucha-4-unidades-330cc\" \/>\n<meta property=\"og:site_name\" content=\"YAOMARKET\" \/>\n<meta property=\"article:publisher\" content=\"https:\/\/www.facebook.com\/yaomarketchile\/\" \/>\n<meta property=\"article:modified_time\" content=\"2025-11-04T16:02:34+00:00\" \/>\n<meta property=\"og:image\" content=\"https:\/\/yaomarket.cl\/wp-content\/uploads\/2023\/01\/P7.jpg\" \/>\n\t<meta property=\"og:image:width\" content=\"800\" \/>\n\t<meta property=\"og:image:height\" content=\"800\" \/>\n\t<meta property=\"og:image:type\" content=\"image\/jpeg\" \/>\n<meta name=\"twitter:card\" content=\"summary_large_image\" \/>\n<script type=\"application\/ld+json\" class=\"yoast-schema-graph\">{\"@context\":\"https:\/\/schema.org\",\"@graph\":[{\"@type\":\"WebPage\",\"@id\":\"https:\/\/yaomarket.cl\/?product=caja-mix-classic-kombucha-4-unidades-330cc\",\"url\":\"https:\/\/yaomarket.cl\/?product=caja-mix-classic-kombucha-4-unidades-330cc\",\"name\":\"CAJA MIX CLASSIC KOMBUCHA (4 UNIDADES - 330cc) - YAOMARKET\",\"isPartOf\":{\"@id\":\"https:\/\/yaomarket.cl\/#website\"},\"primaryImageOfPage\":{\"@id\":\"https:\/\/yaomarket.cl\/?product=caja-mix-classic-kombucha-4-unidades-330cc#primaryimage\"},\"image\":{\"@id\":\"https:\/\/yaomarket.cl\/?product=caja-mix-classic-kombucha-4-unidades-330cc#primaryimage\"},\"thumbnailUrl\":\"https:\/\/yaomarket.cl\/wp-content\/uploads\/2023\/01\/P7.jpg\",\"datePublished\":\"2023-01-10T19:51:14+00:00\",\"dateModified\":\"2025-11-04T16:02:34+00:00\",\"breadcrumb\":{\"@id\":\"https:\/\/yaomarket.cl\/?product=caja-mix-classic-kombucha-4-unidades-330cc#breadcrumb\"},\"inLanguage\":\"es\",\"potentialAction\":[{\"@type\":\"ReadAction\",\"target\":[\"https:\/\/yaomarket.cl\/?product=caja-mix-classic-kombucha-4-unidades-330cc\"]}]},{\"@type\":\"ImageObject\",\"inLanguage\":\"es\",\"@id\":\"https:\/\/yaomarket.cl\/?product=caja-mix-classic-kombucha-4-unidades-330cc#primaryimage\",\"url\":\"https:\/\/yaomarket.cl\/wp-content\/uploads\/2023\/01\/P7.jpg\",\"contentUrl\":\"https:\/\/yaomarket.cl\/wp-content\/uploads\/2023\/01\/P7.jpg\",\"width\":800,\"height\":800},{\"@type\":\"BreadcrumbList\",\"@id\":\"https:\/\/yaomarket.cl\/?product=caja-mix-classic-kombucha-4-unidades-330cc#breadcrumb\",\"itemListElement\":[{\"@type\":\"ListItem\",\"position\":1,\"name\":\"Portada\",\"item\":\"https:\/\/yaomarket.cl\/\"},{\"@type\":\"ListItem\",\"position\":2,\"name\":\"TIENDA\",\"item\":\"https:\/\/yaomarket.cl\/?page_id=8\"},{\"@type\":\"ListItem\",\"position\":3,\"name\":\"CAJA MIX CLASSIC KOMBUCHA (4 UNIDADES &#8211; 330cc)\"}]},{\"@type\":\"WebSite\",\"@id\":\"https:\/\/yaomarket.cl\/#website\",\"url\":\"https:\/\/yaomarket.cl\/\",\"name\":\"YAOMARKET\",\"description\":\"\",\"publisher\":{\"@id\":\"https:\/\/yaomarket.cl\/#organization\"},\"potentialAction\":[{\"@type\":\"SearchAction\",\"target\":{\"@type\":\"EntryPoint\",\"urlTemplate\":\"https:\/\/yaomarket.cl\/?s={search_term_string}\"},\"query-input\":{\"@type\":\"PropertyValueSpecification\",\"valueRequired\":true,\"valueName\":\"search_term_string\"}}],\"inLanguage\":\"es\"},{\"@type\":\"Organization\",\"@id\":\"https:\/\/yaomarket.cl\/#organization\",\"name\":\"YAOMARKET\",\"url\":\"https:\/\/yaomarket.cl\/\",\"logo\":{\"@type\":\"ImageObject\",\"inLanguage\":\"es\",\"@id\":\"https:\/\/yaomarket.cl\/#\/schema\/logo\/image\/\",\"url\":\"https:\/\/yaomarket.cl\/wp-content\/uploads\/2023\/08\/Logo-Original-Yao-Market-Circular.png\",\"contentUrl\":\"https:\/\/yaomarket.cl\/wp-content\/uploads\/2023\/08\/Logo-Original-Yao-Market-Circular.png\",\"width\":522,\"height\":522,\"caption\":\"YAOMARKET\"},\"image\":{\"@id\":\"https:\/\/yaomarket.cl\/#\/schema\/logo\/image\/\"},\"sameAs\":[\"https:\/\/www.facebook.com\/yaomarketchile\/\",\"https:\/\/www.instagram.com\/yao_market\/\"]}]}<\/script>\n<!-- \/ Yoast SEO plugin. -->","yoast_head_json":{"title":"CAJA MIX CLASSIC KOMBUCHA (4 UNIDADES - 330cc) - YAOMARKET","robots":{"index":"index","follow":"follow","max-snippet":"max-snippet:-1","max-image-preview":"max-image-preview:large","max-video-preview":"max-video-preview:-1"},"canonical":"https:\/\/yaomarket.cl\/?product=caja-mix-classic-kombucha-4-unidades-330cc","og_locale":"es_ES","og_type":"article","og_title":"CAJA MIX CLASSIC KOMBUCHA (4 UNIDADES - 330cc) - YAOMARKET","og_description":"Nuestras Kombuchas contienen probi\u00f3ticos certificados 100% naturales (no a\u00f1adidos) producto de nuestra t\u00e9cnica de fermentaci\u00f3n y SCOBY madre. Esto se encuentra certificado por el laboratorio Microbiol\u00f3gico Macrogen de EEUU.  \" Sabores:  Mango-Maracuy\u00e1 Berries Naranja \" limon - jengibre","og_url":"https:\/\/yaomarket.cl\/?product=caja-mix-classic-kombucha-4-unidades-330cc","og_site_name":"YAOMARKET","article_publisher":"https:\/\/www.facebook.com\/yaomarketchile\/","article_modified_time":"2025-11-04T16:02:34+00:00","og_image":[{"width":800,"height":800,"url":"https:\/\/yaomarket.cl\/wp-content\/uploads\/2023\/01\/P7.jpg","type":"image\/jpeg"}],"twitter_card":"summary_large_image","schema":{"@context":"https:\/\/schema.org","@graph":[{"@type":"WebPage","@id":"https:\/\/yaomarket.cl\/?product=caja-mix-classic-kombucha-4-unidades-330cc","url":"https:\/\/yaomarket.cl\/?product=caja-mix-classic-kombucha-4-unidades-330cc","name":"CAJA MIX CLASSIC KOMBUCHA (4 UNIDADES - 330cc) - YAOMARKET","isPartOf":{"@id":"https:\/\/yaomarket.cl\/#website"},"primaryImageOfPage":{"@id":"https:\/\/yaomarket.cl\/?product=caja-mix-classic-kombucha-4-unidades-330cc#primaryimage"},"image":{"@id":"https:\/\/yaomarket.cl\/?product=caja-mix-classic-kombucha-4-unidades-330cc#primaryimage"},"thumbnailUrl":"https:\/\/yaomarket.cl\/wp-content\/uploads\/2023\/01\/P7.jpg","datePublished":"2023-01-10T19:51:14+00:00","dateModified":"2025-11-04T16:02:34+00:00","breadcrumb":{"@id":"https:\/\/yaomarket.cl\/?product=caja-mix-classic-kombucha-4-unidades-330cc#breadcrumb"},"inLanguage":"es","potentialAction":[{"@type":"ReadAction","target":["https:\/\/yaomarket.cl\/?product=caja-mix-classic-kombucha-4-unidades-330cc"]}]},{"@type":"ImageObject","inLanguage":"es","@id":"https:\/\/yaomarket.cl\/?product=caja-mix-classic-kombucha-4-unidades-330cc#primaryimage","url":"https:\/\/yaomarket.cl\/wp-content\/uploads\/2023\/01\/P7.jpg","contentUrl":"https:\/\/yaomarket.cl\/wp-content\/uploads\/2023\/01\/P7.jpg","width":800,"height":800},{"@type":"BreadcrumbList","@id":"https:\/\/yaomarket.cl\/?product=caja-mix-classic-kombucha-4-unidades-330cc#breadcrumb","itemListElement":[{"@type":"ListItem","position":1,"name":"Portada","item":"https:\/\/yaomarket.cl\/"},{"@type":"ListItem","position":2,"name":"TIENDA","item":"https:\/\/yaomarket.cl\/?page_id=8"},{"@type":"ListItem","position":3,"name":"CAJA MIX CLASSIC KOMBUCHA (4 UNIDADES &#8211; 330cc)"}]},{"@type":"WebSite","@id":"https:\/\/yaomarket.cl\/#website","url":"https:\/\/yaomarket.cl\/","name":"YAOMARKET","description":"","publisher":{"@id":"https:\/\/yaomarket.cl\/#organization"},"potentialAction":[{"@type":"SearchAction","target":{"@type":"EntryPoint","urlTemplate":"https:\/\/yaomarket.cl\/?s={search_term_string}"},"query-input":{"@type":"PropertyValueSpecification","valueRequired":true,"valueName":"search_term_string"}}],"inLanguage":"es"},{"@type":"Organization","@id":"https:\/\/yaomarket.cl\/#organization","name":"YAOMARKET","url":"https:\/\/yaomarket.cl\/","logo":{"@type":"ImageObject","inLanguage":"es","@id":"https:\/\/yaomarket.cl\/#\/schema\/logo\/image\/","url":"https:\/\/yaomarket.cl\/wp-content\/uploads\/2023\/08\/Logo-Original-Yao-Market-Circular.png","contentUrl":"https:\/\/yaomarket.cl\/wp-content\/uploads\/2023\/08\/Logo-Original-Yao-Market-Circular.png","width":522,"height":522,"caption":"YAOMARKET"},"image":{"@id":"https:\/\/yaomarket.cl\/#\/schema\/logo\/image\/"},"sameAs":["https:\/\/www.facebook.com\/yaomarketchile\/","https:\/\/www.instagram.com\/yao_market\/"]}]}},"_links":{"self":[{"href":"https:\/\/yaomarket.cl\/index.php?rest_route=\/wp\/v2\/product\/8892","targetHints":{"allow":["GET"]}}],"collection":[{"href":"https:\/\/yaomarket.cl\/index.php?rest_route=\/wp\/v2\/product"}],"about":[{"href":"https:\/\/yaomarket.cl\/index.php?rest_route=\/wp\/v2\/types\/product"}],"wp:featuredmedia":[{"embeddable":true,"href":"https:\/\/yaomarket.cl\/index.php?rest_route=\/wp\/v2\/media\/8902"}],"wp:attachment":[{"href":"https:\/\/yaomarket.cl\/index.php?rest_route=%2Fwp%2Fv2%2Fmedia&parent=8892"}],"wp:term":[{"taxonomy":"product_cat","embeddable":true,"href":"https:\/\/yaomarket.cl\/index.php?rest_route=%2Fwp%2Fv2%2Fproduct_cat&post=8892"},{"taxonomy":"product_tag","embeddable":true,"href":"https:\/\/yaomarket.cl\/index.php?rest_route=%2Fwp%2Fv2%2Fproduct_tag&post=8892"}],"curies":[{"name":"wp","href":"https:\/\/api.w.org\/{rel}","templated":true}]}}