{"id":12625,"date":"2025-11-04T19:34:54","date_gmt":"2025-11-04T19:34:54","guid":{"rendered":"https:\/\/yaomarket.cl\/?post_type=product&#038;p=12625"},"modified":"2025-12-04T13:44:06","modified_gmt":"2025-12-04T13:44:06","slug":"set-patas-largas-60cm-navidad-monos-peluches-reno-viejo-pascuero-y-muneco-de-nieve-copy","status":"publish","type":"product","link":"https:\/\/yaomarket.cl\/?product=set-patas-largas-60cm-navidad-monos-peluches-reno-viejo-pascuero-y-muneco-de-nieve-copy","title":{"rendered":"SET PATAS LARGAS 60CM NAVIDAD  (Copy)"},"content":{"rendered":"<p>ARMA A GUSTO TU SET DE 3 PATAS LARGAS AL +569 7184 3548 DESPU\u00c9S DE REALIZAR LA COMPRA<\/p>\n<p>&nbsp;<\/p>\n<p>Transforma tu hogar en un m\u00e1gico escenario navide\u00f1o con los encantadores Monos Patas Larga Pascuero Reno Nieve. Con una altura de 60 cm, estos mu\u00f1ecos de peluche son ideales para decorar cualquier rinc\u00f3n, aportando un toque festivo y acogedor. Su dise\u00f1o incluye tres adorables personajes que evocan la alegr\u00eda de la temporada, perfectos para complementar tu decoraci\u00f3n navide\u00f1a.<\/p>\n<p>Cada mu\u00f1eco cuenta con un acabado de peluche suave y agradable al tacto, lo que los convierte en una opci\u00f3n ideal para hogares con ni\u00f1os. Su tama\u00f1o y forma permiten que sean f\u00e1cilmente colocados en estanter\u00edas, mesas o junto al \u00e1rbol de Navidad, creando un ambiente festivo y lleno de calidez.<\/p>\n<p>La combinaci\u00f3n de los personajes de Pascuero, Reno y Mu\u00f1eco de Nieve ofrece una variedad visual que encantar\u00e1 a grandes y peque\u00f1os. Estos mu\u00f1ecos no solo son decorativos, sino que tambi\u00e9n invitan a la interacci\u00f3n y al juego, convirti\u00e9ndose en parte de las memorias familiares durante las celebraciones.<\/p>\n<p>A\u00f1ade un toque de alegr\u00eda a tus festividades con estos mu\u00f1ecos que capturan la esencia de la Navidad. Su dise\u00f1o atractivo y su calidad los hacen un complemento perfecto para cualquier hogar que desee celebrar la temporada con estilo y diversi\u00f3n.<\/p>\n","protected":false},"excerpt":{"rendered":"<p><span style=\"color: #000000;\">Caf\u00e9 molido Qualit\u00e0 Oro de Hausbrandt Trieste 1892, suave y envolvente con una mezcla equilibrada de acidez leve y aroma intenso. Sus irresistibles notas de tostado y cacao lo convierten en una experiencia \u00fanica. Ideal para preparar con cafetera moka, en presentaci\u00f3n de 250g.<\/span><\/p>\n","protected":false},"featured_media":12622,"template":"","meta":[],"product_cat":[750,749,752,753,751],"product_tag":[742,741,745,739,738,740,744,746,743],"class_list":{"0":"post-12625","1":"product","2":"type-product","3":"status-publish","4":"has-post-thumbnail","6":"product_cat-arriendo","7":"product_cat-banqueteria-y-eventos","8":"product_cat-box-con-montaje","9":"product_cat-box-para-llevar","10":"product_cat-eventos-corporativos","11":"product_tag-60cm","12":"product_tag-monos","13":"product_tag-muneco-de-nieve","14":"product_tag-navidad","15":"product_tag-patas-largas","16":"product_tag-peluches","17":"product_tag-reno","18":"product_tag-snowman","19":"product_tag-viejo-pascuero","21":"first","22":"outofstock","23":"shipping-taxable","24":"purchasable","25":"product-type-simple"},"yoast_head":"<!-- This site is optimized with the Yoast SEO plugin v25.2 - https:\/\/yoast.com\/wordpress\/plugins\/seo\/ -->\n<title>SET PATAS LARGAS 60CM NAVIDAD (Copy) - YAOMARKET<\/title>\n<meta name=\"robots\" content=\"index, follow, max-snippet:-1, max-image-preview:large, max-video-preview:-1\" \/>\n<link rel=\"canonical\" href=\"https:\/\/yaomarket.cl\/?product=set-patas-largas-60cm-navidad-monos-peluches-reno-viejo-pascuero-y-muneco-de-nieve-copy\" \/>\n<meta property=\"og:locale\" content=\"es_ES\" \/>\n<meta property=\"og:type\" content=\"article\" \/>\n<meta property=\"og:title\" content=\"SET PATAS LARGAS 60CM NAVIDAD (Copy) - YAOMARKET\" \/>\n<meta property=\"og:description\" content=\"Caf\u00e9 molido Qualit\u00e0 Oro de Hausbrandt Trieste 1892, suave y envolvente con una mezcla equilibrada de acidez leve y aroma intenso. Sus irresistibles notas de tostado y cacao lo convierten en una experiencia \u00fanica. Ideal para preparar con cafetera moka, en presentaci\u00f3n de 250g.\" \/>\n<meta property=\"og:url\" content=\"https:\/\/yaomarket.cl\/?product=set-patas-largas-60cm-navidad-monos-peluches-reno-viejo-pascuero-y-muneco-de-nieve-copy\" \/>\n<meta property=\"og:site_name\" content=\"YAOMARKET\" \/>\n<meta property=\"article:publisher\" content=\"https:\/\/www.facebook.com\/yaomarketchile\/\" \/>\n<meta property=\"article:modified_time\" content=\"2025-12-04T13:44:06+00:00\" \/>\n<meta property=\"og:image\" content=\"https:\/\/yaomarket.cl\/wp-content\/uploads\/2025\/11\/D_NQ_NP_2X_655150-MLC96682037800_112025-F-mono-pata-larga-viejito-pascuero-reno-muneco-nieve-navideno.jpg\" \/>\n\t<meta property=\"og:image:width\" content=\"1000\" \/>\n\t<meta property=\"og:image:height\" content=\"953\" \/>\n\t<meta property=\"og:image:type\" content=\"image\/jpeg\" \/>\n<meta name=\"twitter:card\" content=\"summary_large_image\" \/>\n<meta name=\"twitter:label1\" content=\"Tiempo de lectura\" \/>\n\t<meta name=\"twitter:data1\" content=\"2 minutos\" \/>\n<script type=\"application\/ld+json\" class=\"yoast-schema-graph\">{\"@context\":\"https:\/\/schema.org\",\"@graph\":[{\"@type\":\"WebPage\",\"@id\":\"https:\/\/yaomarket.cl\/?product=set-patas-largas-60cm-navidad-monos-peluches-reno-viejo-pascuero-y-muneco-de-nieve-copy\",\"url\":\"https:\/\/yaomarket.cl\/?product=set-patas-largas-60cm-navidad-monos-peluches-reno-viejo-pascuero-y-muneco-de-nieve-copy\",\"name\":\"SET PATAS LARGAS 60CM NAVIDAD (Copy) - YAOMARKET\",\"isPartOf\":{\"@id\":\"https:\/\/yaomarket.cl\/#website\"},\"primaryImageOfPage\":{\"@id\":\"https:\/\/yaomarket.cl\/?product=set-patas-largas-60cm-navidad-monos-peluches-reno-viejo-pascuero-y-muneco-de-nieve-copy#primaryimage\"},\"image\":{\"@id\":\"https:\/\/yaomarket.cl\/?product=set-patas-largas-60cm-navidad-monos-peluches-reno-viejo-pascuero-y-muneco-de-nieve-copy#primaryimage\"},\"thumbnailUrl\":\"https:\/\/yaomarket.cl\/wp-content\/uploads\/2025\/11\/D_NQ_NP_2X_655150-MLC96682037800_112025-F-mono-pata-larga-viejito-pascuero-reno-muneco-nieve-navideno.jpg\",\"datePublished\":\"2025-11-04T19:34:54+00:00\",\"dateModified\":\"2025-12-04T13:44:06+00:00\",\"breadcrumb\":{\"@id\":\"https:\/\/yaomarket.cl\/?product=set-patas-largas-60cm-navidad-monos-peluches-reno-viejo-pascuero-y-muneco-de-nieve-copy#breadcrumb\"},\"inLanguage\":\"es\",\"potentialAction\":[{\"@type\":\"ReadAction\",\"target\":[\"https:\/\/yaomarket.cl\/?product=set-patas-largas-60cm-navidad-monos-peluches-reno-viejo-pascuero-y-muneco-de-nieve-copy\"]}]},{\"@type\":\"ImageObject\",\"inLanguage\":\"es\",\"@id\":\"https:\/\/yaomarket.cl\/?product=set-patas-largas-60cm-navidad-monos-peluches-reno-viejo-pascuero-y-muneco-de-nieve-copy#primaryimage\",\"url\":\"https:\/\/yaomarket.cl\/wp-content\/uploads\/2025\/11\/D_NQ_NP_2X_655150-MLC96682037800_112025-F-mono-pata-larga-viejito-pascuero-reno-muneco-nieve-navideno.jpg\",\"contentUrl\":\"https:\/\/yaomarket.cl\/wp-content\/uploads\/2025\/11\/D_NQ_NP_2X_655150-MLC96682037800_112025-F-mono-pata-larga-viejito-pascuero-reno-muneco-nieve-navideno.jpg\",\"width\":1000,\"height\":953},{\"@type\":\"BreadcrumbList\",\"@id\":\"https:\/\/yaomarket.cl\/?product=set-patas-largas-60cm-navidad-monos-peluches-reno-viejo-pascuero-y-muneco-de-nieve-copy#breadcrumb\",\"itemListElement\":[{\"@type\":\"ListItem\",\"position\":1,\"name\":\"Portada\",\"item\":\"https:\/\/yaomarket.cl\/\"},{\"@type\":\"ListItem\",\"position\":2,\"name\":\"TIENDA\",\"item\":\"https:\/\/yaomarket.cl\/?page_id=8\"},{\"@type\":\"ListItem\",\"position\":3,\"name\":\"SET PATAS LARGAS 60CM NAVIDAD (Copy)\"}]},{\"@type\":\"WebSite\",\"@id\":\"https:\/\/yaomarket.cl\/#website\",\"url\":\"https:\/\/yaomarket.cl\/\",\"name\":\"YAOMARKET\",\"description\":\"\",\"publisher\":{\"@id\":\"https:\/\/yaomarket.cl\/#organization\"},\"potentialAction\":[{\"@type\":\"SearchAction\",\"target\":{\"@type\":\"EntryPoint\",\"urlTemplate\":\"https:\/\/yaomarket.cl\/?s={search_term_string}\"},\"query-input\":{\"@type\":\"PropertyValueSpecification\",\"valueRequired\":true,\"valueName\":\"search_term_string\"}}],\"inLanguage\":\"es\"},{\"@type\":\"Organization\",\"@id\":\"https:\/\/yaomarket.cl\/#organization\",\"name\":\"YAOMARKET\",\"url\":\"https:\/\/yaomarket.cl\/\",\"logo\":{\"@type\":\"ImageObject\",\"inLanguage\":\"es\",\"@id\":\"https:\/\/yaomarket.cl\/#\/schema\/logo\/image\/\",\"url\":\"https:\/\/yaomarket.cl\/wp-content\/uploads\/2023\/08\/Logo-Original-Yao-Market-Circular.png\",\"contentUrl\":\"https:\/\/yaomarket.cl\/wp-content\/uploads\/2023\/08\/Logo-Original-Yao-Market-Circular.png\",\"width\":522,\"height\":522,\"caption\":\"YAOMARKET\"},\"image\":{\"@id\":\"https:\/\/yaomarket.cl\/#\/schema\/logo\/image\/\"},\"sameAs\":[\"https:\/\/www.facebook.com\/yaomarketchile\/\",\"https:\/\/www.instagram.com\/yao_market\/\"]}]}<\/script>\n<!-- \/ Yoast SEO plugin. -->","yoast_head_json":{"title":"SET PATAS LARGAS 60CM NAVIDAD (Copy) - YAOMARKET","robots":{"index":"index","follow":"follow","max-snippet":"max-snippet:-1","max-image-preview":"max-image-preview:large","max-video-preview":"max-video-preview:-1"},"canonical":"https:\/\/yaomarket.cl\/?product=set-patas-largas-60cm-navidad-monos-peluches-reno-viejo-pascuero-y-muneco-de-nieve-copy","og_locale":"es_ES","og_type":"article","og_title":"SET PATAS LARGAS 60CM NAVIDAD (Copy) - YAOMARKET","og_description":"Caf\u00e9 molido Qualit\u00e0 Oro de Hausbrandt Trieste 1892, suave y envolvente con una mezcla equilibrada de acidez leve y aroma intenso. Sus irresistibles notas de tostado y cacao lo convierten en una experiencia \u00fanica. Ideal para preparar con cafetera moka, en presentaci\u00f3n de 250g.","og_url":"https:\/\/yaomarket.cl\/?product=set-patas-largas-60cm-navidad-monos-peluches-reno-viejo-pascuero-y-muneco-de-nieve-copy","og_site_name":"YAOMARKET","article_publisher":"https:\/\/www.facebook.com\/yaomarketchile\/","article_modified_time":"2025-12-04T13:44:06+00:00","og_image":[{"width":1000,"height":953,"url":"https:\/\/yaomarket.cl\/wp-content\/uploads\/2025\/11\/D_NQ_NP_2X_655150-MLC96682037800_112025-F-mono-pata-larga-viejito-pascuero-reno-muneco-nieve-navideno.jpg","type":"image\/jpeg"}],"twitter_card":"summary_large_image","twitter_misc":{"Tiempo de lectura":"2 minutos"},"schema":{"@context":"https:\/\/schema.org","@graph":[{"@type":"WebPage","@id":"https:\/\/yaomarket.cl\/?product=set-patas-largas-60cm-navidad-monos-peluches-reno-viejo-pascuero-y-muneco-de-nieve-copy","url":"https:\/\/yaomarket.cl\/?product=set-patas-largas-60cm-navidad-monos-peluches-reno-viejo-pascuero-y-muneco-de-nieve-copy","name":"SET PATAS LARGAS 60CM NAVIDAD (Copy) - YAOMARKET","isPartOf":{"@id":"https:\/\/yaomarket.cl\/#website"},"primaryImageOfPage":{"@id":"https:\/\/yaomarket.cl\/?product=set-patas-largas-60cm-navidad-monos-peluches-reno-viejo-pascuero-y-muneco-de-nieve-copy#primaryimage"},"image":{"@id":"https:\/\/yaomarket.cl\/?product=set-patas-largas-60cm-navidad-monos-peluches-reno-viejo-pascuero-y-muneco-de-nieve-copy#primaryimage"},"thumbnailUrl":"https:\/\/yaomarket.cl\/wp-content\/uploads\/2025\/11\/D_NQ_NP_2X_655150-MLC96682037800_112025-F-mono-pata-larga-viejito-pascuero-reno-muneco-nieve-navideno.jpg","datePublished":"2025-11-04T19:34:54+00:00","dateModified":"2025-12-04T13:44:06+00:00","breadcrumb":{"@id":"https:\/\/yaomarket.cl\/?product=set-patas-largas-60cm-navidad-monos-peluches-reno-viejo-pascuero-y-muneco-de-nieve-copy#breadcrumb"},"inLanguage":"es","potentialAction":[{"@type":"ReadAction","target":["https:\/\/yaomarket.cl\/?product=set-patas-largas-60cm-navidad-monos-peluches-reno-viejo-pascuero-y-muneco-de-nieve-copy"]}]},{"@type":"ImageObject","inLanguage":"es","@id":"https:\/\/yaomarket.cl\/?product=set-patas-largas-60cm-navidad-monos-peluches-reno-viejo-pascuero-y-muneco-de-nieve-copy#primaryimage","url":"https:\/\/yaomarket.cl\/wp-content\/uploads\/2025\/11\/D_NQ_NP_2X_655150-MLC96682037800_112025-F-mono-pata-larga-viejito-pascuero-reno-muneco-nieve-navideno.jpg","contentUrl":"https:\/\/yaomarket.cl\/wp-content\/uploads\/2025\/11\/D_NQ_NP_2X_655150-MLC96682037800_112025-F-mono-pata-larga-viejito-pascuero-reno-muneco-nieve-navideno.jpg","width":1000,"height":953},{"@type":"BreadcrumbList","@id":"https:\/\/yaomarket.cl\/?product=set-patas-largas-60cm-navidad-monos-peluches-reno-viejo-pascuero-y-muneco-de-nieve-copy#breadcrumb","itemListElement":[{"@type":"ListItem","position":1,"name":"Portada","item":"https:\/\/yaomarket.cl\/"},{"@type":"ListItem","position":2,"name":"TIENDA","item":"https:\/\/yaomarket.cl\/?page_id=8"},{"@type":"ListItem","position":3,"name":"SET PATAS LARGAS 60CM NAVIDAD (Copy)"}]},{"@type":"WebSite","@id":"https:\/\/yaomarket.cl\/#website","url":"https:\/\/yaomarket.cl\/","name":"YAOMARKET","description":"","publisher":{"@id":"https:\/\/yaomarket.cl\/#organization"},"potentialAction":[{"@type":"SearchAction","target":{"@type":"EntryPoint","urlTemplate":"https:\/\/yaomarket.cl\/?s={search_term_string}"},"query-input":{"@type":"PropertyValueSpecification","valueRequired":true,"valueName":"search_term_string"}}],"inLanguage":"es"},{"@type":"Organization","@id":"https:\/\/yaomarket.cl\/#organization","name":"YAOMARKET","url":"https:\/\/yaomarket.cl\/","logo":{"@type":"ImageObject","inLanguage":"es","@id":"https:\/\/yaomarket.cl\/#\/schema\/logo\/image\/","url":"https:\/\/yaomarket.cl\/wp-content\/uploads\/2023\/08\/Logo-Original-Yao-Market-Circular.png","contentUrl":"https:\/\/yaomarket.cl\/wp-content\/uploads\/2023\/08\/Logo-Original-Yao-Market-Circular.png","width":522,"height":522,"caption":"YAOMARKET"},"image":{"@id":"https:\/\/yaomarket.cl\/#\/schema\/logo\/image\/"},"sameAs":["https:\/\/www.facebook.com\/yaomarketchile\/","https:\/\/www.instagram.com\/yao_market\/"]}]}},"_links":{"self":[{"href":"https:\/\/yaomarket.cl\/index.php?rest_route=\/wp\/v2\/product\/12625","targetHints":{"allow":["GET"]}}],"collection":[{"href":"https:\/\/yaomarket.cl\/index.php?rest_route=\/wp\/v2\/product"}],"about":[{"href":"https:\/\/yaomarket.cl\/index.php?rest_route=\/wp\/v2\/types\/product"}],"wp:featuredmedia":[{"embeddable":true,"href":"https:\/\/yaomarket.cl\/index.php?rest_route=\/wp\/v2\/media\/12622"}],"wp:attachment":[{"href":"https:\/\/yaomarket.cl\/index.php?rest_route=%2Fwp%2Fv2%2Fmedia&parent=12625"}],"wp:term":[{"taxonomy":"product_cat","embeddable":true,"href":"https:\/\/yaomarket.cl\/index.php?rest_route=%2Fwp%2Fv2%2Fproduct_cat&post=12625"},{"taxonomy":"product_tag","embeddable":true,"href":"https:\/\/yaomarket.cl\/index.php?rest_route=%2Fwp%2Fv2%2Fproduct_tag&post=12625"}],"curies":[{"name":"wp","href":"https:\/\/api.w.org\/{rel}","templated":true}]}}