{"id":12445,"date":"2025-05-30T22:14:42","date_gmt":"2025-05-30T22:14:42","guid":{"rendered":"https:\/\/yaomarket.cl\/?post_type=product&#038;p=12445"},"modified":"2025-11-04T13:56:07","modified_gmt":"2025-11-04T13:56:07","slug":"prote-nuss-crema-untable-250-grs","status":"publish","type":"product","link":"https:\/\/yaomarket.cl\/?product=prote-nuss-crema-untable-250-grs","title":{"rendered":"Prote &#038; Nuss Crema Untable 250 grs."},"content":{"rendered":"","protected":false},"excerpt":{"rendered":"<p><span style=\"color: #000000;\"><strong>Prote &amp; nuss crema untable 250 grs<\/strong>. fue elaborada por Revitta Wellness posicion\u00e1ndose hoy como una de las mejores cremas o pastas proteicas y untables del mundo fitness y sum\u00e1ndose a la maravillosa familia de cremas de Revitta (Mantequilla de man\u00ed). No puedes quedarte sin probarla!<\/span><\/p>\n<ul>\n<li><span style=\"color: #000000;\">Prote\u00edna whey (suero de leche)<\/span><\/li>\n<li><span style=\"color: #000000;\">8 grs. de prote\u00edna por porci\u00f3n<\/span><\/li>\n<li><span style=\"color: #000000;\">38% de prote\u00edna whey<\/span><\/li>\n<li><span style=\"color: #000000;\">0% sodio<\/span><\/li>\n<li><span style=\"color: #000000;\">Sin az\u00facar a\u00f1adida<\/span><\/li>\n<\/ul>\n<p><span style=\"color: #000000;\"><strong>Formato:<\/strong> Pasta<\/span><\/p>\n<p><span style=\"color: #000000;\"><strong>Contenido:<\/strong> 250 grs.<\/span><\/p>\n<p><span style=\"color: #000000;\"><strong>Porciones:<\/strong> 13 aprox.<\/span><\/p>\n<p><span style=\"color: #000000;\"><strong>Modo de uso:<\/strong> Consumir 1 porci\u00f3n (1 cucharada) al d\u00eda en tus preparaciones.<\/span><\/p>\n","protected":false},"featured_media":12446,"template":"","meta":[],"product_cat":[722,534,726],"product_tag":[],"class_list":{"0":"post-12445","1":"product","2":"type-product","3":"status-publish","4":"has-post-thumbnail","6":"product_cat-alimentos-saludables","7":"product_cat-deportista","8":"product_cat-super-alimentos","10":"first","11":"outofstock","12":"shipping-taxable","13":"purchasable","14":"product-type-simple"},"yoast_head":"<!-- This site is optimized with the Yoast SEO plugin v25.2 - https:\/\/yoast.com\/wordpress\/plugins\/seo\/ -->\n<title>Prote &amp; Nuss Crema Untable 250 grs. - YAOMARKET<\/title>\n<meta name=\"robots\" content=\"index, follow, max-snippet:-1, max-image-preview:large, max-video-preview:-1\" \/>\n<link rel=\"canonical\" href=\"https:\/\/yaomarket.cl\/?product=prote-nuss-crema-untable-250-grs\" \/>\n<meta property=\"og:locale\" content=\"es_ES\" \/>\n<meta property=\"og:type\" content=\"article\" \/>\n<meta property=\"og:title\" content=\"Prote &amp; Nuss Crema Untable 250 grs. - YAOMARKET\" \/>\n<meta property=\"og:description\" content=\"Prote &amp; nuss crema untable 250 grs. fue elaborada por Revitta Wellness posicion\u00e1ndose hoy como una de las mejores cremas o pastas proteicas y untables del mundo fitness y sum\u00e1ndose a la maravillosa familia de cremas de Revitta (Mantequilla de man\u00ed). No puedes quedarte sin probarla!   Prote\u00edna whey (suero de leche)  8 grs. de prote\u00edna por porci\u00f3n  38% de prote\u00edna whey  0% sodio  Sin az\u00facar a\u00f1adida  Formato: Pasta  Contenido: 250 grs.  Porciones: 13 aprox.  Modo de uso: Consumir 1 porci\u00f3n (1 cucharada) al d\u00eda en tus preparaciones.\" \/>\n<meta property=\"og:url\" content=\"https:\/\/yaomarket.cl\/?product=prote-nuss-crema-untable-250-grs\" \/>\n<meta property=\"og:site_name\" content=\"YAOMARKET\" \/>\n<meta property=\"article:publisher\" content=\"https:\/\/www.facebook.com\/yaomarketchile\/\" \/>\n<meta property=\"article:modified_time\" content=\"2025-11-04T13:56:07+00:00\" \/>\n<meta property=\"og:image\" content=\"https:\/\/yaomarket.cl\/wp-content\/uploads\/2025\/05\/ProteNuss1_600px-1-550x550-1.jpg\" \/>\n\t<meta property=\"og:image:width\" content=\"550\" \/>\n\t<meta property=\"og:image:height\" content=\"550\" \/>\n\t<meta property=\"og:image:type\" content=\"image\/jpeg\" \/>\n<meta name=\"twitter:card\" content=\"summary_large_image\" \/>\n<meta name=\"twitter:label1\" content=\"Tiempo de lectura\" \/>\n\t<meta name=\"twitter:data1\" content=\"1 minuto\" \/>\n<script type=\"application\/ld+json\" class=\"yoast-schema-graph\">{\"@context\":\"https:\/\/schema.org\",\"@graph\":[{\"@type\":\"WebPage\",\"@id\":\"https:\/\/yaomarket.cl\/?product=prote-nuss-crema-untable-250-grs\",\"url\":\"https:\/\/yaomarket.cl\/?product=prote-nuss-crema-untable-250-grs\",\"name\":\"Prote & Nuss Crema Untable 250 grs. - YAOMARKET\",\"isPartOf\":{\"@id\":\"https:\/\/yaomarket.cl\/#website\"},\"primaryImageOfPage\":{\"@id\":\"https:\/\/yaomarket.cl\/?product=prote-nuss-crema-untable-250-grs#primaryimage\"},\"image\":{\"@id\":\"https:\/\/yaomarket.cl\/?product=prote-nuss-crema-untable-250-grs#primaryimage\"},\"thumbnailUrl\":\"https:\/\/yaomarket.cl\/wp-content\/uploads\/2025\/05\/ProteNuss1_600px-1-550x550-1.jpg\",\"datePublished\":\"2025-05-30T22:14:42+00:00\",\"dateModified\":\"2025-11-04T13:56:07+00:00\",\"breadcrumb\":{\"@id\":\"https:\/\/yaomarket.cl\/?product=prote-nuss-crema-untable-250-grs#breadcrumb\"},\"inLanguage\":\"es\",\"potentialAction\":[{\"@type\":\"ReadAction\",\"target\":[\"https:\/\/yaomarket.cl\/?product=prote-nuss-crema-untable-250-grs\"]}]},{\"@type\":\"ImageObject\",\"inLanguage\":\"es\",\"@id\":\"https:\/\/yaomarket.cl\/?product=prote-nuss-crema-untable-250-grs#primaryimage\",\"url\":\"https:\/\/yaomarket.cl\/wp-content\/uploads\/2025\/05\/ProteNuss1_600px-1-550x550-1.jpg\",\"contentUrl\":\"https:\/\/yaomarket.cl\/wp-content\/uploads\/2025\/05\/ProteNuss1_600px-1-550x550-1.jpg\",\"width\":550,\"height\":550},{\"@type\":\"BreadcrumbList\",\"@id\":\"https:\/\/yaomarket.cl\/?product=prote-nuss-crema-untable-250-grs#breadcrumb\",\"itemListElement\":[{\"@type\":\"ListItem\",\"position\":1,\"name\":\"Portada\",\"item\":\"https:\/\/yaomarket.cl\/\"},{\"@type\":\"ListItem\",\"position\":2,\"name\":\"TIENDA\",\"item\":\"https:\/\/yaomarket.cl\/?page_id=8\"},{\"@type\":\"ListItem\",\"position\":3,\"name\":\"Prote &#038; Nuss Crema Untable 250 grs.\"}]},{\"@type\":\"WebSite\",\"@id\":\"https:\/\/yaomarket.cl\/#website\",\"url\":\"https:\/\/yaomarket.cl\/\",\"name\":\"YAOMARKET\",\"description\":\"\",\"publisher\":{\"@id\":\"https:\/\/yaomarket.cl\/#organization\"},\"potentialAction\":[{\"@type\":\"SearchAction\",\"target\":{\"@type\":\"EntryPoint\",\"urlTemplate\":\"https:\/\/yaomarket.cl\/?s={search_term_string}\"},\"query-input\":{\"@type\":\"PropertyValueSpecification\",\"valueRequired\":true,\"valueName\":\"search_term_string\"}}],\"inLanguage\":\"es\"},{\"@type\":\"Organization\",\"@id\":\"https:\/\/yaomarket.cl\/#organization\",\"name\":\"YAOMARKET\",\"url\":\"https:\/\/yaomarket.cl\/\",\"logo\":{\"@type\":\"ImageObject\",\"inLanguage\":\"es\",\"@id\":\"https:\/\/yaomarket.cl\/#\/schema\/logo\/image\/\",\"url\":\"https:\/\/yaomarket.cl\/wp-content\/uploads\/2023\/08\/Logo-Original-Yao-Market-Circular.png\",\"contentUrl\":\"https:\/\/yaomarket.cl\/wp-content\/uploads\/2023\/08\/Logo-Original-Yao-Market-Circular.png\",\"width\":522,\"height\":522,\"caption\":\"YAOMARKET\"},\"image\":{\"@id\":\"https:\/\/yaomarket.cl\/#\/schema\/logo\/image\/\"},\"sameAs\":[\"https:\/\/www.facebook.com\/yaomarketchile\/\",\"https:\/\/www.instagram.com\/yao_market\/\"]}]}<\/script>\n<!-- \/ Yoast SEO plugin. -->","yoast_head_json":{"title":"Prote & Nuss Crema Untable 250 grs. - YAOMARKET","robots":{"index":"index","follow":"follow","max-snippet":"max-snippet:-1","max-image-preview":"max-image-preview:large","max-video-preview":"max-video-preview:-1"},"canonical":"https:\/\/yaomarket.cl\/?product=prote-nuss-crema-untable-250-grs","og_locale":"es_ES","og_type":"article","og_title":"Prote & Nuss Crema Untable 250 grs. - YAOMARKET","og_description":"Prote &amp; nuss crema untable 250 grs. fue elaborada por Revitta Wellness posicion\u00e1ndose hoy como una de las mejores cremas o pastas proteicas y untables del mundo fitness y sum\u00e1ndose a la maravillosa familia de cremas de Revitta (Mantequilla de man\u00ed). No puedes quedarte sin probarla!   Prote\u00edna whey (suero de leche)  8 grs. de prote\u00edna por porci\u00f3n  38% de prote\u00edna whey  0% sodio  Sin az\u00facar a\u00f1adida  Formato: Pasta  Contenido: 250 grs.  Porciones: 13 aprox.  Modo de uso: Consumir 1 porci\u00f3n (1 cucharada) al d\u00eda en tus preparaciones.","og_url":"https:\/\/yaomarket.cl\/?product=prote-nuss-crema-untable-250-grs","og_site_name":"YAOMARKET","article_publisher":"https:\/\/www.facebook.com\/yaomarketchile\/","article_modified_time":"2025-11-04T13:56:07+00:00","og_image":[{"width":550,"height":550,"url":"https:\/\/yaomarket.cl\/wp-content\/uploads\/2025\/05\/ProteNuss1_600px-1-550x550-1.jpg","type":"image\/jpeg"}],"twitter_card":"summary_large_image","twitter_misc":{"Tiempo de lectura":"1 minuto"},"schema":{"@context":"https:\/\/schema.org","@graph":[{"@type":"WebPage","@id":"https:\/\/yaomarket.cl\/?product=prote-nuss-crema-untable-250-grs","url":"https:\/\/yaomarket.cl\/?product=prote-nuss-crema-untable-250-grs","name":"Prote & Nuss Crema Untable 250 grs. - YAOMARKET","isPartOf":{"@id":"https:\/\/yaomarket.cl\/#website"},"primaryImageOfPage":{"@id":"https:\/\/yaomarket.cl\/?product=prote-nuss-crema-untable-250-grs#primaryimage"},"image":{"@id":"https:\/\/yaomarket.cl\/?product=prote-nuss-crema-untable-250-grs#primaryimage"},"thumbnailUrl":"https:\/\/yaomarket.cl\/wp-content\/uploads\/2025\/05\/ProteNuss1_600px-1-550x550-1.jpg","datePublished":"2025-05-30T22:14:42+00:00","dateModified":"2025-11-04T13:56:07+00:00","breadcrumb":{"@id":"https:\/\/yaomarket.cl\/?product=prote-nuss-crema-untable-250-grs#breadcrumb"},"inLanguage":"es","potentialAction":[{"@type":"ReadAction","target":["https:\/\/yaomarket.cl\/?product=prote-nuss-crema-untable-250-grs"]}]},{"@type":"ImageObject","inLanguage":"es","@id":"https:\/\/yaomarket.cl\/?product=prote-nuss-crema-untable-250-grs#primaryimage","url":"https:\/\/yaomarket.cl\/wp-content\/uploads\/2025\/05\/ProteNuss1_600px-1-550x550-1.jpg","contentUrl":"https:\/\/yaomarket.cl\/wp-content\/uploads\/2025\/05\/ProteNuss1_600px-1-550x550-1.jpg","width":550,"height":550},{"@type":"BreadcrumbList","@id":"https:\/\/yaomarket.cl\/?product=prote-nuss-crema-untable-250-grs#breadcrumb","itemListElement":[{"@type":"ListItem","position":1,"name":"Portada","item":"https:\/\/yaomarket.cl\/"},{"@type":"ListItem","position":2,"name":"TIENDA","item":"https:\/\/yaomarket.cl\/?page_id=8"},{"@type":"ListItem","position":3,"name":"Prote &#038; Nuss Crema Untable 250 grs."}]},{"@type":"WebSite","@id":"https:\/\/yaomarket.cl\/#website","url":"https:\/\/yaomarket.cl\/","name":"YAOMARKET","description":"","publisher":{"@id":"https:\/\/yaomarket.cl\/#organization"},"potentialAction":[{"@type":"SearchAction","target":{"@type":"EntryPoint","urlTemplate":"https:\/\/yaomarket.cl\/?s={search_term_string}"},"query-input":{"@type":"PropertyValueSpecification","valueRequired":true,"valueName":"search_term_string"}}],"inLanguage":"es"},{"@type":"Organization","@id":"https:\/\/yaomarket.cl\/#organization","name":"YAOMARKET","url":"https:\/\/yaomarket.cl\/","logo":{"@type":"ImageObject","inLanguage":"es","@id":"https:\/\/yaomarket.cl\/#\/schema\/logo\/image\/","url":"https:\/\/yaomarket.cl\/wp-content\/uploads\/2023\/08\/Logo-Original-Yao-Market-Circular.png","contentUrl":"https:\/\/yaomarket.cl\/wp-content\/uploads\/2023\/08\/Logo-Original-Yao-Market-Circular.png","width":522,"height":522,"caption":"YAOMARKET"},"image":{"@id":"https:\/\/yaomarket.cl\/#\/schema\/logo\/image\/"},"sameAs":["https:\/\/www.facebook.com\/yaomarketchile\/","https:\/\/www.instagram.com\/yao_market\/"]}]}},"_links":{"self":[{"href":"https:\/\/yaomarket.cl\/index.php?rest_route=\/wp\/v2\/product\/12445","targetHints":{"allow":["GET"]}}],"collection":[{"href":"https:\/\/yaomarket.cl\/index.php?rest_route=\/wp\/v2\/product"}],"about":[{"href":"https:\/\/yaomarket.cl\/index.php?rest_route=\/wp\/v2\/types\/product"}],"wp:featuredmedia":[{"embeddable":true,"href":"https:\/\/yaomarket.cl\/index.php?rest_route=\/wp\/v2\/media\/12446"}],"wp:attachment":[{"href":"https:\/\/yaomarket.cl\/index.php?rest_route=%2Fwp%2Fv2%2Fmedia&parent=12445"}],"wp:term":[{"taxonomy":"product_cat","embeddable":true,"href":"https:\/\/yaomarket.cl\/index.php?rest_route=%2Fwp%2Fv2%2Fproduct_cat&post=12445"},{"taxonomy":"product_tag","embeddable":true,"href":"https:\/\/yaomarket.cl\/index.php?rest_route=%2Fwp%2Fv2%2Fproduct_tag&post=12445"}],"curies":[{"name":"wp","href":"https:\/\/api.w.org\/{rel}","templated":true}]}}