{"id":12391,"date":"2025-05-28T02:21:46","date_gmt":"2025-05-28T02:21:46","guid":{"rendered":"https:\/\/yaomarket.cl\/?post_type=product&#038;p=12391"},"modified":"2025-11-04T15:08:12","modified_gmt":"2025-11-04T15:08:12","slug":"salsa-de-perejil-piamontesa-170-grs","status":"publish","type":"product","link":"https:\/\/yaomarket.cl\/?product=salsa-de-perejil-piamontesa-170-grs","title":{"rendered":"Salsa de Perejil Piamontesa 170 grs"},"content":{"rendered":"<p><strong><span style=\"color: #000000;\">Consejos del chef:<\/span><\/strong><\/p>\n<p><span style=\"color: #000000;\">Este condimento sirve para aportar a los platos el agradable y refinado aroma de la Trufa Blanca de Alba, signo de distinci\u00f3n y refinamiento. Se utiliza como sustituto de la trufa o junto con el tub\u00e9rculo para potenciar el aroma. Se a\u00f1ade al risotto, tallarines, huevos, fondue, carpaccio, ensaladas u otros, s\u00f3lo antes de salir de la cocina.<\/span><\/p>\n<p><span style=\"color: #000000;\">Mantener en un lugar fresco y alejado de la luz solar directa.<\/span><\/p>\n","protected":false},"excerpt":{"rendered":"<p><span style=\"color: #000000;\">Salsa t\u00edpica piamontesa a base de perejil, anchoas y alcaparras. Ideal para acompa\u00f1ar carnes cocidas y a la parrilla o filetes de anchoa, para la preparaci\u00f3n de crostoni y bruschetta, con patatas hervidas y en combinaci\u00f3n con quesos frescos, con tomates frescos en rodajas.<\/span><\/p>\n<p><span style=\"color: #000000;\"><strong>Contenido Neto:<\/strong> 170 gr.<\/span><\/p>\n","protected":false},"featured_media":12392,"template":"","meta":[],"product_cat":[708,696,697],"product_tag":[],"class_list":{"0":"post-12391","1":"product","2":"type-product","3":"status-publish","4":"has-post-thumbnail","6":"product_cat-conservas-para-cocinar","7":"product_cat-gourmet","8":"product_cat-para-cocinar","10":"first","11":"outofstock","12":"shipping-taxable","13":"purchasable","14":"product-type-simple"},"yoast_head":"<!-- This site is optimized with the Yoast SEO plugin v25.2 - https:\/\/yoast.com\/wordpress\/plugins\/seo\/ -->\n<title>Salsa de Perejil Piamontesa 170 grs - YAOMARKET<\/title>\n<meta name=\"robots\" content=\"index, follow, max-snippet:-1, max-image-preview:large, max-video-preview:-1\" \/>\n<link rel=\"canonical\" href=\"https:\/\/yaomarket.cl\/?product=salsa-de-perejil-piamontesa-170-grs\" \/>\n<meta property=\"og:locale\" content=\"es_ES\" \/>\n<meta property=\"og:type\" content=\"article\" \/>\n<meta property=\"og:title\" content=\"Salsa de Perejil Piamontesa 170 grs - YAOMARKET\" \/>\n<meta property=\"og:description\" content=\"Salsa t\u00edpica piamontesa a base de perejil, anchoas y alcaparras. Ideal para acompa\u00f1ar carnes cocidas y a la parrilla o filetes de anchoa, para la preparaci\u00f3n de crostoni y bruschetta, con patatas hervidas y en combinaci\u00f3n con quesos frescos, con tomates frescos en rodajas.  Contenido Neto: 170 gr.\" \/>\n<meta property=\"og:url\" content=\"https:\/\/yaomarket.cl\/?product=salsa-de-perejil-piamontesa-170-grs\" \/>\n<meta property=\"og:site_name\" content=\"YAOMARKET\" \/>\n<meta property=\"article:publisher\" content=\"https:\/\/www.facebook.com\/yaomarketchile\/\" \/>\n<meta property=\"article:modified_time\" content=\"2025-11-04T15:08:12+00:00\" \/>\n<meta property=\"og:image\" content=\"https:\/\/yaomarket.cl\/wp-content\/uploads\/2025\/05\/salsa-de-perejil-piamontesa-170-grs.jpg\" \/>\n\t<meta property=\"og:image:width\" content=\"800\" \/>\n\t<meta property=\"og:image:height\" content=\"800\" \/>\n\t<meta property=\"og:image:type\" content=\"image\/jpeg\" \/>\n<meta name=\"twitter:card\" content=\"summary_large_image\" \/>\n<meta name=\"twitter:label1\" content=\"Tiempo de lectura\" \/>\n\t<meta name=\"twitter:data1\" content=\"1 minuto\" \/>\n<script type=\"application\/ld+json\" class=\"yoast-schema-graph\">{\"@context\":\"https:\/\/schema.org\",\"@graph\":[{\"@type\":\"WebPage\",\"@id\":\"https:\/\/yaomarket.cl\/?product=salsa-de-perejil-piamontesa-170-grs\",\"url\":\"https:\/\/yaomarket.cl\/?product=salsa-de-perejil-piamontesa-170-grs\",\"name\":\"Salsa de Perejil Piamontesa 170 grs - YAOMARKET\",\"isPartOf\":{\"@id\":\"https:\/\/yaomarket.cl\/#website\"},\"primaryImageOfPage\":{\"@id\":\"https:\/\/yaomarket.cl\/?product=salsa-de-perejil-piamontesa-170-grs#primaryimage\"},\"image\":{\"@id\":\"https:\/\/yaomarket.cl\/?product=salsa-de-perejil-piamontesa-170-grs#primaryimage\"},\"thumbnailUrl\":\"https:\/\/yaomarket.cl\/wp-content\/uploads\/2025\/05\/salsa-de-perejil-piamontesa-170-grs.jpg\",\"datePublished\":\"2025-05-28T02:21:46+00:00\",\"dateModified\":\"2025-11-04T15:08:12+00:00\",\"breadcrumb\":{\"@id\":\"https:\/\/yaomarket.cl\/?product=salsa-de-perejil-piamontesa-170-grs#breadcrumb\"},\"inLanguage\":\"es\",\"potentialAction\":[{\"@type\":\"ReadAction\",\"target\":[\"https:\/\/yaomarket.cl\/?product=salsa-de-perejil-piamontesa-170-grs\"]}]},{\"@type\":\"ImageObject\",\"inLanguage\":\"es\",\"@id\":\"https:\/\/yaomarket.cl\/?product=salsa-de-perejil-piamontesa-170-grs#primaryimage\",\"url\":\"https:\/\/yaomarket.cl\/wp-content\/uploads\/2025\/05\/salsa-de-perejil-piamontesa-170-grs.jpg\",\"contentUrl\":\"https:\/\/yaomarket.cl\/wp-content\/uploads\/2025\/05\/salsa-de-perejil-piamontesa-170-grs.jpg\",\"width\":800,\"height\":800},{\"@type\":\"BreadcrumbList\",\"@id\":\"https:\/\/yaomarket.cl\/?product=salsa-de-perejil-piamontesa-170-grs#breadcrumb\",\"itemListElement\":[{\"@type\":\"ListItem\",\"position\":1,\"name\":\"Portada\",\"item\":\"https:\/\/yaomarket.cl\/\"},{\"@type\":\"ListItem\",\"position\":2,\"name\":\"TIENDA\",\"item\":\"https:\/\/yaomarket.cl\/?page_id=8\"},{\"@type\":\"ListItem\",\"position\":3,\"name\":\"Salsa de Perejil Piamontesa 170 grs\"}]},{\"@type\":\"WebSite\",\"@id\":\"https:\/\/yaomarket.cl\/#website\",\"url\":\"https:\/\/yaomarket.cl\/\",\"name\":\"YAOMARKET\",\"description\":\"\",\"publisher\":{\"@id\":\"https:\/\/yaomarket.cl\/#organization\"},\"potentialAction\":[{\"@type\":\"SearchAction\",\"target\":{\"@type\":\"EntryPoint\",\"urlTemplate\":\"https:\/\/yaomarket.cl\/?s={search_term_string}\"},\"query-input\":{\"@type\":\"PropertyValueSpecification\",\"valueRequired\":true,\"valueName\":\"search_term_string\"}}],\"inLanguage\":\"es\"},{\"@type\":\"Organization\",\"@id\":\"https:\/\/yaomarket.cl\/#organization\",\"name\":\"YAOMARKET\",\"url\":\"https:\/\/yaomarket.cl\/\",\"logo\":{\"@type\":\"ImageObject\",\"inLanguage\":\"es\",\"@id\":\"https:\/\/yaomarket.cl\/#\/schema\/logo\/image\/\",\"url\":\"https:\/\/yaomarket.cl\/wp-content\/uploads\/2023\/08\/Logo-Original-Yao-Market-Circular.png\",\"contentUrl\":\"https:\/\/yaomarket.cl\/wp-content\/uploads\/2023\/08\/Logo-Original-Yao-Market-Circular.png\",\"width\":522,\"height\":522,\"caption\":\"YAOMARKET\"},\"image\":{\"@id\":\"https:\/\/yaomarket.cl\/#\/schema\/logo\/image\/\"},\"sameAs\":[\"https:\/\/www.facebook.com\/yaomarketchile\/\",\"https:\/\/www.instagram.com\/yao_market\/\"]}]}<\/script>\n<!-- \/ Yoast SEO plugin. -->","yoast_head_json":{"title":"Salsa de Perejil Piamontesa 170 grs - YAOMARKET","robots":{"index":"index","follow":"follow","max-snippet":"max-snippet:-1","max-image-preview":"max-image-preview:large","max-video-preview":"max-video-preview:-1"},"canonical":"https:\/\/yaomarket.cl\/?product=salsa-de-perejil-piamontesa-170-grs","og_locale":"es_ES","og_type":"article","og_title":"Salsa de Perejil Piamontesa 170 grs - YAOMARKET","og_description":"Salsa t\u00edpica piamontesa a base de perejil, anchoas y alcaparras. Ideal para acompa\u00f1ar carnes cocidas y a la parrilla o filetes de anchoa, para la preparaci\u00f3n de crostoni y bruschetta, con patatas hervidas y en combinaci\u00f3n con quesos frescos, con tomates frescos en rodajas.  Contenido Neto: 170 gr.","og_url":"https:\/\/yaomarket.cl\/?product=salsa-de-perejil-piamontesa-170-grs","og_site_name":"YAOMARKET","article_publisher":"https:\/\/www.facebook.com\/yaomarketchile\/","article_modified_time":"2025-11-04T15:08:12+00:00","og_image":[{"width":800,"height":800,"url":"https:\/\/yaomarket.cl\/wp-content\/uploads\/2025\/05\/salsa-de-perejil-piamontesa-170-grs.jpg","type":"image\/jpeg"}],"twitter_card":"summary_large_image","twitter_misc":{"Tiempo de lectura":"1 minuto"},"schema":{"@context":"https:\/\/schema.org","@graph":[{"@type":"WebPage","@id":"https:\/\/yaomarket.cl\/?product=salsa-de-perejil-piamontesa-170-grs","url":"https:\/\/yaomarket.cl\/?product=salsa-de-perejil-piamontesa-170-grs","name":"Salsa de Perejil Piamontesa 170 grs - YAOMARKET","isPartOf":{"@id":"https:\/\/yaomarket.cl\/#website"},"primaryImageOfPage":{"@id":"https:\/\/yaomarket.cl\/?product=salsa-de-perejil-piamontesa-170-grs#primaryimage"},"image":{"@id":"https:\/\/yaomarket.cl\/?product=salsa-de-perejil-piamontesa-170-grs#primaryimage"},"thumbnailUrl":"https:\/\/yaomarket.cl\/wp-content\/uploads\/2025\/05\/salsa-de-perejil-piamontesa-170-grs.jpg","datePublished":"2025-05-28T02:21:46+00:00","dateModified":"2025-11-04T15:08:12+00:00","breadcrumb":{"@id":"https:\/\/yaomarket.cl\/?product=salsa-de-perejil-piamontesa-170-grs#breadcrumb"},"inLanguage":"es","potentialAction":[{"@type":"ReadAction","target":["https:\/\/yaomarket.cl\/?product=salsa-de-perejil-piamontesa-170-grs"]}]},{"@type":"ImageObject","inLanguage":"es","@id":"https:\/\/yaomarket.cl\/?product=salsa-de-perejil-piamontesa-170-grs#primaryimage","url":"https:\/\/yaomarket.cl\/wp-content\/uploads\/2025\/05\/salsa-de-perejil-piamontesa-170-grs.jpg","contentUrl":"https:\/\/yaomarket.cl\/wp-content\/uploads\/2025\/05\/salsa-de-perejil-piamontesa-170-grs.jpg","width":800,"height":800},{"@type":"BreadcrumbList","@id":"https:\/\/yaomarket.cl\/?product=salsa-de-perejil-piamontesa-170-grs#breadcrumb","itemListElement":[{"@type":"ListItem","position":1,"name":"Portada","item":"https:\/\/yaomarket.cl\/"},{"@type":"ListItem","position":2,"name":"TIENDA","item":"https:\/\/yaomarket.cl\/?page_id=8"},{"@type":"ListItem","position":3,"name":"Salsa de Perejil Piamontesa 170 grs"}]},{"@type":"WebSite","@id":"https:\/\/yaomarket.cl\/#website","url":"https:\/\/yaomarket.cl\/","name":"YAOMARKET","description":"","publisher":{"@id":"https:\/\/yaomarket.cl\/#organization"},"potentialAction":[{"@type":"SearchAction","target":{"@type":"EntryPoint","urlTemplate":"https:\/\/yaomarket.cl\/?s={search_term_string}"},"query-input":{"@type":"PropertyValueSpecification","valueRequired":true,"valueName":"search_term_string"}}],"inLanguage":"es"},{"@type":"Organization","@id":"https:\/\/yaomarket.cl\/#organization","name":"YAOMARKET","url":"https:\/\/yaomarket.cl\/","logo":{"@type":"ImageObject","inLanguage":"es","@id":"https:\/\/yaomarket.cl\/#\/schema\/logo\/image\/","url":"https:\/\/yaomarket.cl\/wp-content\/uploads\/2023\/08\/Logo-Original-Yao-Market-Circular.png","contentUrl":"https:\/\/yaomarket.cl\/wp-content\/uploads\/2023\/08\/Logo-Original-Yao-Market-Circular.png","width":522,"height":522,"caption":"YAOMARKET"},"image":{"@id":"https:\/\/yaomarket.cl\/#\/schema\/logo\/image\/"},"sameAs":["https:\/\/www.facebook.com\/yaomarketchile\/","https:\/\/www.instagram.com\/yao_market\/"]}]}},"_links":{"self":[{"href":"https:\/\/yaomarket.cl\/index.php?rest_route=\/wp\/v2\/product\/12391","targetHints":{"allow":["GET"]}}],"collection":[{"href":"https:\/\/yaomarket.cl\/index.php?rest_route=\/wp\/v2\/product"}],"about":[{"href":"https:\/\/yaomarket.cl\/index.php?rest_route=\/wp\/v2\/types\/product"}],"wp:featuredmedia":[{"embeddable":true,"href":"https:\/\/yaomarket.cl\/index.php?rest_route=\/wp\/v2\/media\/12392"}],"wp:attachment":[{"href":"https:\/\/yaomarket.cl\/index.php?rest_route=%2Fwp%2Fv2%2Fmedia&parent=12391"}],"wp:term":[{"taxonomy":"product_cat","embeddable":true,"href":"https:\/\/yaomarket.cl\/index.php?rest_route=%2Fwp%2Fv2%2Fproduct_cat&post=12391"},{"taxonomy":"product_tag","embeddable":true,"href":"https:\/\/yaomarket.cl\/index.php?rest_route=%2Fwp%2Fv2%2Fproduct_tag&post=12391"}],"curies":[{"name":"wp","href":"https:\/\/api.w.org\/{rel}","templated":true}]}}