{"id":12389,"date":"2025-05-28T02:20:21","date_gmt":"2025-05-28T02:20:21","guid":{"rendered":"https:\/\/yaomarket.cl\/?post_type=product&#038;p=12389"},"modified":"2025-05-28T02:20:21","modified_gmt":"2025-05-28T02:20:21","slug":"cebollas-boretane-en-vinagre-balsamico-de-modena-31-kg","status":"publish","type":"product","link":"https:\/\/yaomarket.cl\/?product=cebollas-boretane-en-vinagre-balsamico-de-modena-31-kg","title":{"rendered":"Cebollas Boretane en \u00abVinagre Bals\u00e1mico de M\u00f3dena\u00bb 3,1 Kg"},"content":{"rendered":"<p><span style=\"color: #000000;\">Nuestras Cebollas Boretane en Vinagre Bals\u00e1mico de M\u00f3dena son un acompa\u00f1amiento sofisticado que elevar\u00e1 tus platos a otro nivel. Con un sabor agridulce y una textura crujiente, estas cebollas son ideales para ensaladas, hamburguesas gourmet y tablas de quesos. Aporta un toque de elegancia a tus comidas con estas cebollas en vinagre bals\u00e1mico.<\/span><\/p>\n","protected":false},"excerpt":{"rendered":"<p><span style=\"color: #000000;\">Peque\u00f1as cebollitas Borettanas en aceto bals\u00e1mico y az\u00facar.<\/span><\/p>\n<p><span style=\"color: #000000;\">Especiales para coctel y entrem\u00e9s o guarnici\u00f3n en platos calientes.<\/span><\/p>\n<p><span style=\"color: #000000;\"><strong>Valores nutricionales:<\/strong> (REFERIDOS A 100 G. DE PRODUCTO ESCURRIDO)<\/span><\/p>\n<ul>\n<li><span style=\"color: #000000;\">Valor energ\u00e9tico \/ Calor\u00edas: 57 kcal<\/span><\/li>\n<li><span style=\"color: #000000;\">Grasa \/ Grasa: 0,10 g<\/span><\/li>\n<li><span style=\"color: #000000;\">Saturados 0 g<\/span><\/li>\n<li><span style=\"color: #000000;\">Carbohidratos: 11,90 g<\/span><\/li>\n<li><span style=\"color: #000000;\">Az\u00facar: 11,60 g<\/span><\/li>\n<li><span style=\"color: #000000;\">Fibras: 1,60 g<\/span><\/li>\n<li><span style=\"color: #000000;\">Prote\u00edna: 1,40 g<\/span><\/li>\n<li><span style=\"color: #000000;\">Sal: 1,20 g<\/span><\/li>\n<\/ul>\n<p><span style=\"color: #000000;\"><strong>Contenido neto:<\/strong> 3,1 Kg.\u00a0<\/span><\/p>\n","protected":false},"featured_media":12390,"template":"","meta":[],"product_cat":[708,696,697],"product_tag":[],"class_list":{"0":"post-12389","1":"product","2":"type-product","3":"status-publish","4":"has-post-thumbnail","6":"product_cat-conservas-para-cocinar","7":"product_cat-gourmet","8":"product_cat-para-cocinar","10":"first","11":"instock","12":"shipping-taxable","13":"purchasable","14":"product-type-simple"},"yoast_head":"<!-- This site is optimized with the Yoast SEO plugin v25.2 - https:\/\/yoast.com\/wordpress\/plugins\/seo\/ -->\n<title>Cebollas Boretane en &quot;Vinagre Bals\u00e1mico de M\u00f3dena&quot; 3,1 Kg - YAOMARKET<\/title>\n<meta name=\"robots\" content=\"index, follow, max-snippet:-1, max-image-preview:large, max-video-preview:-1\" \/>\n<link rel=\"canonical\" href=\"https:\/\/yaomarket.cl\/?product=cebollas-boretane-en-vinagre-balsamico-de-modena-31-kg\" \/>\n<meta property=\"og:locale\" content=\"es_ES\" \/>\n<meta property=\"og:type\" content=\"article\" \/>\n<meta property=\"og:title\" content=\"Cebollas Boretane en &quot;Vinagre Bals\u00e1mico de M\u00f3dena&quot; 3,1 Kg - YAOMARKET\" \/>\n<meta property=\"og:description\" content=\"Peque\u00f1as cebollitas Borettanas en aceto bals\u00e1mico y az\u00facar.  Especiales para coctel y entrem\u00e9s o guarnici\u00f3n en platos calientes.  Valores nutricionales: (REFERIDOS A 100 G. DE PRODUCTO ESCURRIDO)   Valor energ\u00e9tico \/ Calor\u00edas: 57 kcal  Grasa \/ Grasa: 0,10 g  Saturados 0 g  Carbohidratos: 11,90 g  Az\u00facar: 11,60 g  Fibras: 1,60 g  Prote\u00edna: 1,40 g  Sal: 1,20 g  Contenido neto: 3,1 Kg.\u00a0\" \/>\n<meta property=\"og:url\" content=\"https:\/\/yaomarket.cl\/?product=cebollas-boretane-en-vinagre-balsamico-de-modena-31-kg\" \/>\n<meta property=\"og:site_name\" content=\"YAOMARKET\" \/>\n<meta property=\"article:publisher\" content=\"https:\/\/www.facebook.com\/yaomarketchile\/\" \/>\n<meta property=\"og:image\" content=\"https:\/\/yaomarket.cl\/wp-content\/uploads\/2025\/05\/cebollas-boretane-en-vinagre-balsamico-de-modena-31-kg.jpg\" \/>\n\t<meta property=\"og:image:width\" content=\"800\" \/>\n\t<meta property=\"og:image:height\" content=\"800\" \/>\n\t<meta property=\"og:image:type\" content=\"image\/jpeg\" \/>\n<meta name=\"twitter:card\" content=\"summary_large_image\" \/>\n<meta name=\"twitter:label1\" content=\"Tiempo de lectura\" \/>\n\t<meta name=\"twitter:data1\" content=\"1 minuto\" \/>\n<script type=\"application\/ld+json\" class=\"yoast-schema-graph\">{\"@context\":\"https:\/\/schema.org\",\"@graph\":[{\"@type\":\"WebPage\",\"@id\":\"https:\/\/yaomarket.cl\/?product=cebollas-boretane-en-vinagre-balsamico-de-modena-31-kg\",\"url\":\"https:\/\/yaomarket.cl\/?product=cebollas-boretane-en-vinagre-balsamico-de-modena-31-kg\",\"name\":\"Cebollas Boretane en \\\"Vinagre Bals\u00e1mico de M\u00f3dena\\\" 3,1 Kg - YAOMARKET\",\"isPartOf\":{\"@id\":\"https:\/\/yaomarket.cl\/#website\"},\"primaryImageOfPage\":{\"@id\":\"https:\/\/yaomarket.cl\/?product=cebollas-boretane-en-vinagre-balsamico-de-modena-31-kg#primaryimage\"},\"image\":{\"@id\":\"https:\/\/yaomarket.cl\/?product=cebollas-boretane-en-vinagre-balsamico-de-modena-31-kg#primaryimage\"},\"thumbnailUrl\":\"https:\/\/yaomarket.cl\/wp-content\/uploads\/2025\/05\/cebollas-boretane-en-vinagre-balsamico-de-modena-31-kg.jpg\",\"datePublished\":\"2025-05-28T02:20:21+00:00\",\"breadcrumb\":{\"@id\":\"https:\/\/yaomarket.cl\/?product=cebollas-boretane-en-vinagre-balsamico-de-modena-31-kg#breadcrumb\"},\"inLanguage\":\"es\",\"potentialAction\":[{\"@type\":\"ReadAction\",\"target\":[\"https:\/\/yaomarket.cl\/?product=cebollas-boretane-en-vinagre-balsamico-de-modena-31-kg\"]}]},{\"@type\":\"ImageObject\",\"inLanguage\":\"es\",\"@id\":\"https:\/\/yaomarket.cl\/?product=cebollas-boretane-en-vinagre-balsamico-de-modena-31-kg#primaryimage\",\"url\":\"https:\/\/yaomarket.cl\/wp-content\/uploads\/2025\/05\/cebollas-boretane-en-vinagre-balsamico-de-modena-31-kg.jpg\",\"contentUrl\":\"https:\/\/yaomarket.cl\/wp-content\/uploads\/2025\/05\/cebollas-boretane-en-vinagre-balsamico-de-modena-31-kg.jpg\",\"width\":800,\"height\":800},{\"@type\":\"BreadcrumbList\",\"@id\":\"https:\/\/yaomarket.cl\/?product=cebollas-boretane-en-vinagre-balsamico-de-modena-31-kg#breadcrumb\",\"itemListElement\":[{\"@type\":\"ListItem\",\"position\":1,\"name\":\"Portada\",\"item\":\"https:\/\/yaomarket.cl\/\"},{\"@type\":\"ListItem\",\"position\":2,\"name\":\"TIENDA\",\"item\":\"https:\/\/yaomarket.cl\/?page_id=8\"},{\"@type\":\"ListItem\",\"position\":3,\"name\":\"Cebollas Boretane en \u00abVinagre Bals\u00e1mico de M\u00f3dena\u00bb 3,1 Kg\"}]},{\"@type\":\"WebSite\",\"@id\":\"https:\/\/yaomarket.cl\/#website\",\"url\":\"https:\/\/yaomarket.cl\/\",\"name\":\"YAOMARKET\",\"description\":\"\",\"publisher\":{\"@id\":\"https:\/\/yaomarket.cl\/#organization\"},\"potentialAction\":[{\"@type\":\"SearchAction\",\"target\":{\"@type\":\"EntryPoint\",\"urlTemplate\":\"https:\/\/yaomarket.cl\/?s={search_term_string}\"},\"query-input\":{\"@type\":\"PropertyValueSpecification\",\"valueRequired\":true,\"valueName\":\"search_term_string\"}}],\"inLanguage\":\"es\"},{\"@type\":\"Organization\",\"@id\":\"https:\/\/yaomarket.cl\/#organization\",\"name\":\"YAOMARKET\",\"url\":\"https:\/\/yaomarket.cl\/\",\"logo\":{\"@type\":\"ImageObject\",\"inLanguage\":\"es\",\"@id\":\"https:\/\/yaomarket.cl\/#\/schema\/logo\/image\/\",\"url\":\"https:\/\/yaomarket.cl\/wp-content\/uploads\/2023\/08\/Logo-Original-Yao-Market-Circular.png\",\"contentUrl\":\"https:\/\/yaomarket.cl\/wp-content\/uploads\/2023\/08\/Logo-Original-Yao-Market-Circular.png\",\"width\":522,\"height\":522,\"caption\":\"YAOMARKET\"},\"image\":{\"@id\":\"https:\/\/yaomarket.cl\/#\/schema\/logo\/image\/\"},\"sameAs\":[\"https:\/\/www.facebook.com\/yaomarketchile\/\",\"https:\/\/www.instagram.com\/yao_market\/\"]}]}<\/script>\n<!-- \/ Yoast SEO plugin. -->","yoast_head_json":{"title":"Cebollas Boretane en \"Vinagre Bals\u00e1mico de M\u00f3dena\" 3,1 Kg - YAOMARKET","robots":{"index":"index","follow":"follow","max-snippet":"max-snippet:-1","max-image-preview":"max-image-preview:large","max-video-preview":"max-video-preview:-1"},"canonical":"https:\/\/yaomarket.cl\/?product=cebollas-boretane-en-vinagre-balsamico-de-modena-31-kg","og_locale":"es_ES","og_type":"article","og_title":"Cebollas Boretane en \"Vinagre Bals\u00e1mico de M\u00f3dena\" 3,1 Kg - YAOMARKET","og_description":"Peque\u00f1as cebollitas Borettanas en aceto bals\u00e1mico y az\u00facar.  Especiales para coctel y entrem\u00e9s o guarnici\u00f3n en platos calientes.  Valores nutricionales: (REFERIDOS A 100 G. DE PRODUCTO ESCURRIDO)   Valor energ\u00e9tico \/ Calor\u00edas: 57 kcal  Grasa \/ Grasa: 0,10 g  Saturados 0 g  Carbohidratos: 11,90 g  Az\u00facar: 11,60 g  Fibras: 1,60 g  Prote\u00edna: 1,40 g  Sal: 1,20 g  Contenido neto: 3,1 Kg.\u00a0","og_url":"https:\/\/yaomarket.cl\/?product=cebollas-boretane-en-vinagre-balsamico-de-modena-31-kg","og_site_name":"YAOMARKET","article_publisher":"https:\/\/www.facebook.com\/yaomarketchile\/","og_image":[{"width":800,"height":800,"url":"https:\/\/yaomarket.cl\/wp-content\/uploads\/2025\/05\/cebollas-boretane-en-vinagre-balsamico-de-modena-31-kg.jpg","type":"image\/jpeg"}],"twitter_card":"summary_large_image","twitter_misc":{"Tiempo de lectura":"1 minuto"},"schema":{"@context":"https:\/\/schema.org","@graph":[{"@type":"WebPage","@id":"https:\/\/yaomarket.cl\/?product=cebollas-boretane-en-vinagre-balsamico-de-modena-31-kg","url":"https:\/\/yaomarket.cl\/?product=cebollas-boretane-en-vinagre-balsamico-de-modena-31-kg","name":"Cebollas Boretane en \"Vinagre Bals\u00e1mico de M\u00f3dena\" 3,1 Kg - YAOMARKET","isPartOf":{"@id":"https:\/\/yaomarket.cl\/#website"},"primaryImageOfPage":{"@id":"https:\/\/yaomarket.cl\/?product=cebollas-boretane-en-vinagre-balsamico-de-modena-31-kg#primaryimage"},"image":{"@id":"https:\/\/yaomarket.cl\/?product=cebollas-boretane-en-vinagre-balsamico-de-modena-31-kg#primaryimage"},"thumbnailUrl":"https:\/\/yaomarket.cl\/wp-content\/uploads\/2025\/05\/cebollas-boretane-en-vinagre-balsamico-de-modena-31-kg.jpg","datePublished":"2025-05-28T02:20:21+00:00","breadcrumb":{"@id":"https:\/\/yaomarket.cl\/?product=cebollas-boretane-en-vinagre-balsamico-de-modena-31-kg#breadcrumb"},"inLanguage":"es","potentialAction":[{"@type":"ReadAction","target":["https:\/\/yaomarket.cl\/?product=cebollas-boretane-en-vinagre-balsamico-de-modena-31-kg"]}]},{"@type":"ImageObject","inLanguage":"es","@id":"https:\/\/yaomarket.cl\/?product=cebollas-boretane-en-vinagre-balsamico-de-modena-31-kg#primaryimage","url":"https:\/\/yaomarket.cl\/wp-content\/uploads\/2025\/05\/cebollas-boretane-en-vinagre-balsamico-de-modena-31-kg.jpg","contentUrl":"https:\/\/yaomarket.cl\/wp-content\/uploads\/2025\/05\/cebollas-boretane-en-vinagre-balsamico-de-modena-31-kg.jpg","width":800,"height":800},{"@type":"BreadcrumbList","@id":"https:\/\/yaomarket.cl\/?product=cebollas-boretane-en-vinagre-balsamico-de-modena-31-kg#breadcrumb","itemListElement":[{"@type":"ListItem","position":1,"name":"Portada","item":"https:\/\/yaomarket.cl\/"},{"@type":"ListItem","position":2,"name":"TIENDA","item":"https:\/\/yaomarket.cl\/?page_id=8"},{"@type":"ListItem","position":3,"name":"Cebollas Boretane en \u00abVinagre Bals\u00e1mico de M\u00f3dena\u00bb 3,1 Kg"}]},{"@type":"WebSite","@id":"https:\/\/yaomarket.cl\/#website","url":"https:\/\/yaomarket.cl\/","name":"YAOMARKET","description":"","publisher":{"@id":"https:\/\/yaomarket.cl\/#organization"},"potentialAction":[{"@type":"SearchAction","target":{"@type":"EntryPoint","urlTemplate":"https:\/\/yaomarket.cl\/?s={search_term_string}"},"query-input":{"@type":"PropertyValueSpecification","valueRequired":true,"valueName":"search_term_string"}}],"inLanguage":"es"},{"@type":"Organization","@id":"https:\/\/yaomarket.cl\/#organization","name":"YAOMARKET","url":"https:\/\/yaomarket.cl\/","logo":{"@type":"ImageObject","inLanguage":"es","@id":"https:\/\/yaomarket.cl\/#\/schema\/logo\/image\/","url":"https:\/\/yaomarket.cl\/wp-content\/uploads\/2023\/08\/Logo-Original-Yao-Market-Circular.png","contentUrl":"https:\/\/yaomarket.cl\/wp-content\/uploads\/2023\/08\/Logo-Original-Yao-Market-Circular.png","width":522,"height":522,"caption":"YAOMARKET"},"image":{"@id":"https:\/\/yaomarket.cl\/#\/schema\/logo\/image\/"},"sameAs":["https:\/\/www.facebook.com\/yaomarketchile\/","https:\/\/www.instagram.com\/yao_market\/"]}]}},"_links":{"self":[{"href":"https:\/\/yaomarket.cl\/index.php?rest_route=\/wp\/v2\/product\/12389","targetHints":{"allow":["GET"]}}],"collection":[{"href":"https:\/\/yaomarket.cl\/index.php?rest_route=\/wp\/v2\/product"}],"about":[{"href":"https:\/\/yaomarket.cl\/index.php?rest_route=\/wp\/v2\/types\/product"}],"wp:featuredmedia":[{"embeddable":true,"href":"https:\/\/yaomarket.cl\/index.php?rest_route=\/wp\/v2\/media\/12390"}],"wp:attachment":[{"href":"https:\/\/yaomarket.cl\/index.php?rest_route=%2Fwp%2Fv2%2Fmedia&parent=12389"}],"wp:term":[{"taxonomy":"product_cat","embeddable":true,"href":"https:\/\/yaomarket.cl\/index.php?rest_route=%2Fwp%2Fv2%2Fproduct_cat&post=12389"},{"taxonomy":"product_tag","embeddable":true,"href":"https:\/\/yaomarket.cl\/index.php?rest_route=%2Fwp%2Fv2%2Fproduct_tag&post=12389"}],"curies":[{"name":"wp","href":"https:\/\/api.w.org\/{rel}","templated":true}]}}