{"id":12373,"date":"2025-05-27T21:17:59","date_gmt":"2025-05-27T21:17:59","guid":{"rendered":"https:\/\/yaomarket.cl\/?post_type=product&#038;p=12373"},"modified":"2025-05-27T21:18:00","modified_gmt":"2025-05-27T21:18:00","slug":"brocoli-alla-napoletana-980-grs","status":"publish","type":"product","link":"https:\/\/yaomarket.cl\/?product=brocoli-alla-napoletana-980-grs","title":{"rendered":"Br\u00f3coli alla Napoletana &#8211; 980 grs"},"content":{"rendered":"<p><span style=\"color: #000000;\">Informaci\u00f3n adicional:<\/span><\/p>\n<p><span style=\"color: #000000;\"><strong>Hecho en Italia<\/strong><\/span><\/p>\n<p><span style=\"color: #000000;\">Este producto ha sido producido \u00edntegramente o ha pasado su \u00faltima transformaci\u00f3n sustancial en Italia.\u00a0<\/span><\/p>\n<p><strong><span style=\"color: #000000;\">Almacenamiento:<\/span><\/strong><\/p>\n<p><span style=\"color: #000000;\">Mantenga el producto alejado del calor y la luz solar directa a temperatura ambiente en un lugar seco y fresco. Cubra el producto con aceite, refrigere y consuma poco despu\u00e9s de abrir.<\/span><\/p>\n<p><strong><span style=\"color: #000000;\">Vida \u00fatil:<\/span><\/strong><br \/>\n<span style=\"color: #000000;\">30 meses desde la fecha de producci\u00f3n.<\/span><\/p>\n","protected":false},"excerpt":{"rendered":"<p><span style=\"color: #000000;\">Br\u00f3coli conservado en aceite de semilla de girasol.<\/span><\/p>\n<p><span style=\"color: #000000;\">Ingredientes:\u00a0grelos, aceite de girasol, sal, perejil, ajo, guindilla (picante).\u00a0<\/span><\/p>\n<p><span style=\"color: #000000;\"><strong>Contenido Neto:<\/strong> 980 gr.<\/span><\/p>\n","protected":false},"featured_media":12374,"template":"","meta":[],"product_cat":[708,696,697],"product_tag":[],"class_list":{"0":"post-12373","1":"product","2":"type-product","3":"status-publish","4":"has-post-thumbnail","6":"product_cat-conservas-para-cocinar","7":"product_cat-gourmet","8":"product_cat-para-cocinar","10":"first","11":"instock","12":"shipping-taxable","13":"purchasable","14":"product-type-simple"},"yoast_head":"<!-- This site is optimized with the Yoast SEO plugin v25.2 - https:\/\/yoast.com\/wordpress\/plugins\/seo\/ -->\n<title>Br\u00f3coli alla Napoletana - 980 grs - YAOMARKET<\/title>\n<meta name=\"robots\" content=\"index, follow, max-snippet:-1, max-image-preview:large, max-video-preview:-1\" \/>\n<link rel=\"canonical\" href=\"https:\/\/yaomarket.cl\/?product=brocoli-alla-napoletana-980-grs\" \/>\n<meta property=\"og:locale\" content=\"es_ES\" \/>\n<meta property=\"og:type\" content=\"article\" \/>\n<meta property=\"og:title\" content=\"Br\u00f3coli alla Napoletana - 980 grs - YAOMARKET\" \/>\n<meta property=\"og:description\" content=\"Br\u00f3coli conservado en aceite de semilla de girasol.  Ingredientes:\u00a0grelos, aceite de girasol, sal, perejil, ajo, guindilla (picante).\u00a0  Contenido Neto: 980 gr.\" \/>\n<meta property=\"og:url\" content=\"https:\/\/yaomarket.cl\/?product=brocoli-alla-napoletana-980-grs\" \/>\n<meta property=\"og:site_name\" content=\"YAOMARKET\" \/>\n<meta property=\"article:publisher\" content=\"https:\/\/www.facebook.com\/yaomarketchile\/\" \/>\n<meta property=\"article:modified_time\" content=\"2025-05-27T21:18:00+00:00\" \/>\n<meta property=\"og:image\" content=\"https:\/\/yaomarket.cl\/wp-content\/uploads\/2025\/05\/brocoli-alla-napoletana-980-grs.jpg\" \/>\n\t<meta property=\"og:image:width\" content=\"800\" \/>\n\t<meta property=\"og:image:height\" content=\"800\" \/>\n\t<meta property=\"og:image:type\" content=\"image\/jpeg\" \/>\n<meta name=\"twitter:card\" content=\"summary_large_image\" \/>\n<meta name=\"twitter:label1\" content=\"Tiempo de lectura\" \/>\n\t<meta name=\"twitter:data1\" content=\"1 minuto\" \/>\n<script type=\"application\/ld+json\" class=\"yoast-schema-graph\">{\"@context\":\"https:\/\/schema.org\",\"@graph\":[{\"@type\":\"WebPage\",\"@id\":\"https:\/\/yaomarket.cl\/?product=brocoli-alla-napoletana-980-grs\",\"url\":\"https:\/\/yaomarket.cl\/?product=brocoli-alla-napoletana-980-grs\",\"name\":\"Br\u00f3coli alla Napoletana - 980 grs - YAOMARKET\",\"isPartOf\":{\"@id\":\"https:\/\/yaomarket.cl\/#website\"},\"primaryImageOfPage\":{\"@id\":\"https:\/\/yaomarket.cl\/?product=brocoli-alla-napoletana-980-grs#primaryimage\"},\"image\":{\"@id\":\"https:\/\/yaomarket.cl\/?product=brocoli-alla-napoletana-980-grs#primaryimage\"},\"thumbnailUrl\":\"https:\/\/yaomarket.cl\/wp-content\/uploads\/2025\/05\/brocoli-alla-napoletana-980-grs.jpg\",\"datePublished\":\"2025-05-27T21:17:59+00:00\",\"dateModified\":\"2025-05-27T21:18:00+00:00\",\"breadcrumb\":{\"@id\":\"https:\/\/yaomarket.cl\/?product=brocoli-alla-napoletana-980-grs#breadcrumb\"},\"inLanguage\":\"es\",\"potentialAction\":[{\"@type\":\"ReadAction\",\"target\":[\"https:\/\/yaomarket.cl\/?product=brocoli-alla-napoletana-980-grs\"]}]},{\"@type\":\"ImageObject\",\"inLanguage\":\"es\",\"@id\":\"https:\/\/yaomarket.cl\/?product=brocoli-alla-napoletana-980-grs#primaryimage\",\"url\":\"https:\/\/yaomarket.cl\/wp-content\/uploads\/2025\/05\/brocoli-alla-napoletana-980-grs.jpg\",\"contentUrl\":\"https:\/\/yaomarket.cl\/wp-content\/uploads\/2025\/05\/brocoli-alla-napoletana-980-grs.jpg\",\"width\":800,\"height\":800},{\"@type\":\"BreadcrumbList\",\"@id\":\"https:\/\/yaomarket.cl\/?product=brocoli-alla-napoletana-980-grs#breadcrumb\",\"itemListElement\":[{\"@type\":\"ListItem\",\"position\":1,\"name\":\"Portada\",\"item\":\"https:\/\/yaomarket.cl\/\"},{\"@type\":\"ListItem\",\"position\":2,\"name\":\"TIENDA\",\"item\":\"https:\/\/yaomarket.cl\/?page_id=8\"},{\"@type\":\"ListItem\",\"position\":3,\"name\":\"Br\u00f3coli alla Napoletana &#8211; 980 grs\"}]},{\"@type\":\"WebSite\",\"@id\":\"https:\/\/yaomarket.cl\/#website\",\"url\":\"https:\/\/yaomarket.cl\/\",\"name\":\"YAOMARKET\",\"description\":\"\",\"publisher\":{\"@id\":\"https:\/\/yaomarket.cl\/#organization\"},\"potentialAction\":[{\"@type\":\"SearchAction\",\"target\":{\"@type\":\"EntryPoint\",\"urlTemplate\":\"https:\/\/yaomarket.cl\/?s={search_term_string}\"},\"query-input\":{\"@type\":\"PropertyValueSpecification\",\"valueRequired\":true,\"valueName\":\"search_term_string\"}}],\"inLanguage\":\"es\"},{\"@type\":\"Organization\",\"@id\":\"https:\/\/yaomarket.cl\/#organization\",\"name\":\"YAOMARKET\",\"url\":\"https:\/\/yaomarket.cl\/\",\"logo\":{\"@type\":\"ImageObject\",\"inLanguage\":\"es\",\"@id\":\"https:\/\/yaomarket.cl\/#\/schema\/logo\/image\/\",\"url\":\"https:\/\/yaomarket.cl\/wp-content\/uploads\/2023\/08\/Logo-Original-Yao-Market-Circular.png\",\"contentUrl\":\"https:\/\/yaomarket.cl\/wp-content\/uploads\/2023\/08\/Logo-Original-Yao-Market-Circular.png\",\"width\":522,\"height\":522,\"caption\":\"YAOMARKET\"},\"image\":{\"@id\":\"https:\/\/yaomarket.cl\/#\/schema\/logo\/image\/\"},\"sameAs\":[\"https:\/\/www.facebook.com\/yaomarketchile\/\",\"https:\/\/www.instagram.com\/yao_market\/\"]}]}<\/script>\n<!-- \/ Yoast SEO plugin. -->","yoast_head_json":{"title":"Br\u00f3coli alla Napoletana - 980 grs - YAOMARKET","robots":{"index":"index","follow":"follow","max-snippet":"max-snippet:-1","max-image-preview":"max-image-preview:large","max-video-preview":"max-video-preview:-1"},"canonical":"https:\/\/yaomarket.cl\/?product=brocoli-alla-napoletana-980-grs","og_locale":"es_ES","og_type":"article","og_title":"Br\u00f3coli alla Napoletana - 980 grs - YAOMARKET","og_description":"Br\u00f3coli conservado en aceite de semilla de girasol.  Ingredientes:\u00a0grelos, aceite de girasol, sal, perejil, ajo, guindilla (picante).\u00a0  Contenido Neto: 980 gr.","og_url":"https:\/\/yaomarket.cl\/?product=brocoli-alla-napoletana-980-grs","og_site_name":"YAOMARKET","article_publisher":"https:\/\/www.facebook.com\/yaomarketchile\/","article_modified_time":"2025-05-27T21:18:00+00:00","og_image":[{"width":800,"height":800,"url":"https:\/\/yaomarket.cl\/wp-content\/uploads\/2025\/05\/brocoli-alla-napoletana-980-grs.jpg","type":"image\/jpeg"}],"twitter_card":"summary_large_image","twitter_misc":{"Tiempo de lectura":"1 minuto"},"schema":{"@context":"https:\/\/schema.org","@graph":[{"@type":"WebPage","@id":"https:\/\/yaomarket.cl\/?product=brocoli-alla-napoletana-980-grs","url":"https:\/\/yaomarket.cl\/?product=brocoli-alla-napoletana-980-grs","name":"Br\u00f3coli alla Napoletana - 980 grs - YAOMARKET","isPartOf":{"@id":"https:\/\/yaomarket.cl\/#website"},"primaryImageOfPage":{"@id":"https:\/\/yaomarket.cl\/?product=brocoli-alla-napoletana-980-grs#primaryimage"},"image":{"@id":"https:\/\/yaomarket.cl\/?product=brocoli-alla-napoletana-980-grs#primaryimage"},"thumbnailUrl":"https:\/\/yaomarket.cl\/wp-content\/uploads\/2025\/05\/brocoli-alla-napoletana-980-grs.jpg","datePublished":"2025-05-27T21:17:59+00:00","dateModified":"2025-05-27T21:18:00+00:00","breadcrumb":{"@id":"https:\/\/yaomarket.cl\/?product=brocoli-alla-napoletana-980-grs#breadcrumb"},"inLanguage":"es","potentialAction":[{"@type":"ReadAction","target":["https:\/\/yaomarket.cl\/?product=brocoli-alla-napoletana-980-grs"]}]},{"@type":"ImageObject","inLanguage":"es","@id":"https:\/\/yaomarket.cl\/?product=brocoli-alla-napoletana-980-grs#primaryimage","url":"https:\/\/yaomarket.cl\/wp-content\/uploads\/2025\/05\/brocoli-alla-napoletana-980-grs.jpg","contentUrl":"https:\/\/yaomarket.cl\/wp-content\/uploads\/2025\/05\/brocoli-alla-napoletana-980-grs.jpg","width":800,"height":800},{"@type":"BreadcrumbList","@id":"https:\/\/yaomarket.cl\/?product=brocoli-alla-napoletana-980-grs#breadcrumb","itemListElement":[{"@type":"ListItem","position":1,"name":"Portada","item":"https:\/\/yaomarket.cl\/"},{"@type":"ListItem","position":2,"name":"TIENDA","item":"https:\/\/yaomarket.cl\/?page_id=8"},{"@type":"ListItem","position":3,"name":"Br\u00f3coli alla Napoletana &#8211; 980 grs"}]},{"@type":"WebSite","@id":"https:\/\/yaomarket.cl\/#website","url":"https:\/\/yaomarket.cl\/","name":"YAOMARKET","description":"","publisher":{"@id":"https:\/\/yaomarket.cl\/#organization"},"potentialAction":[{"@type":"SearchAction","target":{"@type":"EntryPoint","urlTemplate":"https:\/\/yaomarket.cl\/?s={search_term_string}"},"query-input":{"@type":"PropertyValueSpecification","valueRequired":true,"valueName":"search_term_string"}}],"inLanguage":"es"},{"@type":"Organization","@id":"https:\/\/yaomarket.cl\/#organization","name":"YAOMARKET","url":"https:\/\/yaomarket.cl\/","logo":{"@type":"ImageObject","inLanguage":"es","@id":"https:\/\/yaomarket.cl\/#\/schema\/logo\/image\/","url":"https:\/\/yaomarket.cl\/wp-content\/uploads\/2023\/08\/Logo-Original-Yao-Market-Circular.png","contentUrl":"https:\/\/yaomarket.cl\/wp-content\/uploads\/2023\/08\/Logo-Original-Yao-Market-Circular.png","width":522,"height":522,"caption":"YAOMARKET"},"image":{"@id":"https:\/\/yaomarket.cl\/#\/schema\/logo\/image\/"},"sameAs":["https:\/\/www.facebook.com\/yaomarketchile\/","https:\/\/www.instagram.com\/yao_market\/"]}]}},"_links":{"self":[{"href":"https:\/\/yaomarket.cl\/index.php?rest_route=\/wp\/v2\/product\/12373","targetHints":{"allow":["GET"]}}],"collection":[{"href":"https:\/\/yaomarket.cl\/index.php?rest_route=\/wp\/v2\/product"}],"about":[{"href":"https:\/\/yaomarket.cl\/index.php?rest_route=\/wp\/v2\/types\/product"}],"wp:featuredmedia":[{"embeddable":true,"href":"https:\/\/yaomarket.cl\/index.php?rest_route=\/wp\/v2\/media\/12374"}],"wp:attachment":[{"href":"https:\/\/yaomarket.cl\/index.php?rest_route=%2Fwp%2Fv2%2Fmedia&parent=12373"}],"wp:term":[{"taxonomy":"product_cat","embeddable":true,"href":"https:\/\/yaomarket.cl\/index.php?rest_route=%2Fwp%2Fv2%2Fproduct_cat&post=12373"},{"taxonomy":"product_tag","embeddable":true,"href":"https:\/\/yaomarket.cl\/index.php?rest_route=%2Fwp%2Fv2%2Fproduct_tag&post=12373"}],"curies":[{"name":"wp","href":"https:\/\/api.w.org\/{rel}","templated":true}]}}