{"id":12319,"date":"2025-05-27T08:25:54","date_gmt":"2025-05-27T08:25:54","guid":{"rendered":"https:\/\/yaomarket.cl\/?post_type=product&#038;p=12319"},"modified":"2025-05-27T08:25:54","modified_gmt":"2025-05-27T08:25:54","slug":"speculoos-monbana-galletas-especiadas-50-unidades","status":"publish","type":"product","link":"https:\/\/yaomarket.cl\/?product=speculoos-monbana-galletas-especiadas-50-unidades","title":{"rendered":"Speculoos Monbana Galletas Especiadas 50 Unidades"},"content":{"rendered":"<p><span style=\"color: #000000;\">D\u00e9jate seducir por el sabor inconfundible de los Speculoos Monbana, un cl\u00e1sico de la pasteler\u00eda belga. Elaborados con ingredientes de calidad y siguiendo una receta tradicional, estos peque\u00f1os biscuits crujientes y aromatizados a la canela te transportar\u00e1n a los mercados navide\u00f1os de B\u00e9lgica. Perfectos para acompa\u00f1ar tu caf\u00e9, t\u00e9 o chocolate caliente, los Speculoos Monbana son una delicia que podr\u00e1s disfrutar en cualquier momento del d\u00eda.<\/span><\/p>\n","protected":false},"excerpt":{"rendered":"<p><span style=\"color: #000000;\">Desde las tradicionales fiestas de fin de a\u00f1o en B\u00e9lgica hasta tu taza de caf\u00e9 diaria, los Speculoos Monbana son un cl\u00e1sico que nunca pasa de moda. Elaborados seg\u00fan una receta tradicional, estos peque\u00f1os biscuits crujientes y aromatizados a la canela te transportar\u00e1n a los sabores de la infancia. Perfectos para acompa\u00f1ar tu caf\u00e9 o t\u00e9, los Speculoos Monbana son ideales para compartir y disfrutar en cualquier momento del d\u00eda.<\/span><\/p>\n","protected":false},"featured_media":12320,"template":"","meta":[],"product_cat":[721,714],"product_tag":[],"class_list":{"0":"post-12319","1":"product","2":"type-product","3":"status-publish","4":"has-post-thumbnail","6":"product_cat-galletas-mermeladas-y-dulces","7":"product_cat-mermeladas-y-dulces","9":"first","10":"instock","11":"shipping-taxable","12":"purchasable","13":"product-type-simple"},"yoast_head":"<!-- This site is optimized with the Yoast SEO plugin v25.2 - https:\/\/yoast.com\/wordpress\/plugins\/seo\/ -->\n<title>Speculoos Monbana Galletas Especiadas 50 Unidades - YAOMARKET<\/title>\n<meta name=\"robots\" content=\"index, follow, max-snippet:-1, max-image-preview:large, max-video-preview:-1\" \/>\n<link rel=\"canonical\" href=\"https:\/\/yaomarket.cl\/?product=speculoos-monbana-galletas-especiadas-50-unidades\" \/>\n<meta property=\"og:locale\" content=\"es_ES\" \/>\n<meta property=\"og:type\" content=\"article\" \/>\n<meta property=\"og:title\" content=\"Speculoos Monbana Galletas Especiadas 50 Unidades - YAOMARKET\" \/>\n<meta property=\"og:description\" content=\"Desde las tradicionales fiestas de fin de a\u00f1o en B\u00e9lgica hasta tu taza de caf\u00e9 diaria, los Speculoos Monbana son un cl\u00e1sico que nunca pasa de moda. Elaborados seg\u00fan una receta tradicional, estos peque\u00f1os biscuits crujientes y aromatizados a la canela te transportar\u00e1n a los sabores de la infancia. Perfectos para acompa\u00f1ar tu caf\u00e9 o t\u00e9, los Speculoos Monbana son ideales para compartir y disfrutar en cualquier momento del d\u00eda.\" \/>\n<meta property=\"og:url\" content=\"https:\/\/yaomarket.cl\/?product=speculoos-monbana-galletas-especiadas-50-unidades\" \/>\n<meta property=\"og:site_name\" content=\"YAOMARKET\" \/>\n<meta property=\"article:publisher\" content=\"https:\/\/www.facebook.com\/yaomarketchile\/\" \/>\n<meta property=\"og:image\" content=\"https:\/\/yaomarket.cl\/wp-content\/uploads\/2025\/05\/speculoos-monbana-galletas-especiadas-50-unidades.png\" \/>\n\t<meta property=\"og:image:width\" content=\"800\" \/>\n\t<meta property=\"og:image:height\" content=\"800\" \/>\n\t<meta property=\"og:image:type\" content=\"image\/png\" \/>\n<meta name=\"twitter:card\" content=\"summary_large_image\" \/>\n<meta name=\"twitter:label1\" content=\"Tiempo de lectura\" \/>\n\t<meta name=\"twitter:data1\" content=\"1 minuto\" \/>\n<script type=\"application\/ld+json\" class=\"yoast-schema-graph\">{\"@context\":\"https:\/\/schema.org\",\"@graph\":[{\"@type\":\"WebPage\",\"@id\":\"https:\/\/yaomarket.cl\/?product=speculoos-monbana-galletas-especiadas-50-unidades\",\"url\":\"https:\/\/yaomarket.cl\/?product=speculoos-monbana-galletas-especiadas-50-unidades\",\"name\":\"Speculoos Monbana Galletas Especiadas 50 Unidades - YAOMARKET\",\"isPartOf\":{\"@id\":\"https:\/\/yaomarket.cl\/#website\"},\"primaryImageOfPage\":{\"@id\":\"https:\/\/yaomarket.cl\/?product=speculoos-monbana-galletas-especiadas-50-unidades#primaryimage\"},\"image\":{\"@id\":\"https:\/\/yaomarket.cl\/?product=speculoos-monbana-galletas-especiadas-50-unidades#primaryimage\"},\"thumbnailUrl\":\"https:\/\/yaomarket.cl\/wp-content\/uploads\/2025\/05\/speculoos-monbana-galletas-especiadas-50-unidades.png\",\"datePublished\":\"2025-05-27T08:25:54+00:00\",\"breadcrumb\":{\"@id\":\"https:\/\/yaomarket.cl\/?product=speculoos-monbana-galletas-especiadas-50-unidades#breadcrumb\"},\"inLanguage\":\"es\",\"potentialAction\":[{\"@type\":\"ReadAction\",\"target\":[\"https:\/\/yaomarket.cl\/?product=speculoos-monbana-galletas-especiadas-50-unidades\"]}]},{\"@type\":\"ImageObject\",\"inLanguage\":\"es\",\"@id\":\"https:\/\/yaomarket.cl\/?product=speculoos-monbana-galletas-especiadas-50-unidades#primaryimage\",\"url\":\"https:\/\/yaomarket.cl\/wp-content\/uploads\/2025\/05\/speculoos-monbana-galletas-especiadas-50-unidades.png\",\"contentUrl\":\"https:\/\/yaomarket.cl\/wp-content\/uploads\/2025\/05\/speculoos-monbana-galletas-especiadas-50-unidades.png\",\"width\":800,\"height\":800},{\"@type\":\"BreadcrumbList\",\"@id\":\"https:\/\/yaomarket.cl\/?product=speculoos-monbana-galletas-especiadas-50-unidades#breadcrumb\",\"itemListElement\":[{\"@type\":\"ListItem\",\"position\":1,\"name\":\"Portada\",\"item\":\"https:\/\/yaomarket.cl\/\"},{\"@type\":\"ListItem\",\"position\":2,\"name\":\"TIENDA\",\"item\":\"https:\/\/yaomarket.cl\/?page_id=8\"},{\"@type\":\"ListItem\",\"position\":3,\"name\":\"Speculoos Monbana Galletas Especiadas 50 Unidades\"}]},{\"@type\":\"WebSite\",\"@id\":\"https:\/\/yaomarket.cl\/#website\",\"url\":\"https:\/\/yaomarket.cl\/\",\"name\":\"YAOMARKET\",\"description\":\"\",\"publisher\":{\"@id\":\"https:\/\/yaomarket.cl\/#organization\"},\"potentialAction\":[{\"@type\":\"SearchAction\",\"target\":{\"@type\":\"EntryPoint\",\"urlTemplate\":\"https:\/\/yaomarket.cl\/?s={search_term_string}\"},\"query-input\":{\"@type\":\"PropertyValueSpecification\",\"valueRequired\":true,\"valueName\":\"search_term_string\"}}],\"inLanguage\":\"es\"},{\"@type\":\"Organization\",\"@id\":\"https:\/\/yaomarket.cl\/#organization\",\"name\":\"YAOMARKET\",\"url\":\"https:\/\/yaomarket.cl\/\",\"logo\":{\"@type\":\"ImageObject\",\"inLanguage\":\"es\",\"@id\":\"https:\/\/yaomarket.cl\/#\/schema\/logo\/image\/\",\"url\":\"https:\/\/yaomarket.cl\/wp-content\/uploads\/2023\/08\/Logo-Original-Yao-Market-Circular.png\",\"contentUrl\":\"https:\/\/yaomarket.cl\/wp-content\/uploads\/2023\/08\/Logo-Original-Yao-Market-Circular.png\",\"width\":522,\"height\":522,\"caption\":\"YAOMARKET\"},\"image\":{\"@id\":\"https:\/\/yaomarket.cl\/#\/schema\/logo\/image\/\"},\"sameAs\":[\"https:\/\/www.facebook.com\/yaomarketchile\/\",\"https:\/\/www.instagram.com\/yao_market\/\"]}]}<\/script>\n<!-- \/ Yoast SEO plugin. -->","yoast_head_json":{"title":"Speculoos Monbana Galletas Especiadas 50 Unidades - YAOMARKET","robots":{"index":"index","follow":"follow","max-snippet":"max-snippet:-1","max-image-preview":"max-image-preview:large","max-video-preview":"max-video-preview:-1"},"canonical":"https:\/\/yaomarket.cl\/?product=speculoos-monbana-galletas-especiadas-50-unidades","og_locale":"es_ES","og_type":"article","og_title":"Speculoos Monbana Galletas Especiadas 50 Unidades - YAOMARKET","og_description":"Desde las tradicionales fiestas de fin de a\u00f1o en B\u00e9lgica hasta tu taza de caf\u00e9 diaria, los Speculoos Monbana son un cl\u00e1sico que nunca pasa de moda. Elaborados seg\u00fan una receta tradicional, estos peque\u00f1os biscuits crujientes y aromatizados a la canela te transportar\u00e1n a los sabores de la infancia. Perfectos para acompa\u00f1ar tu caf\u00e9 o t\u00e9, los Speculoos Monbana son ideales para compartir y disfrutar en cualquier momento del d\u00eda.","og_url":"https:\/\/yaomarket.cl\/?product=speculoos-monbana-galletas-especiadas-50-unidades","og_site_name":"YAOMARKET","article_publisher":"https:\/\/www.facebook.com\/yaomarketchile\/","og_image":[{"width":800,"height":800,"url":"https:\/\/yaomarket.cl\/wp-content\/uploads\/2025\/05\/speculoos-monbana-galletas-especiadas-50-unidades.png","type":"image\/png"}],"twitter_card":"summary_large_image","twitter_misc":{"Tiempo de lectura":"1 minuto"},"schema":{"@context":"https:\/\/schema.org","@graph":[{"@type":"WebPage","@id":"https:\/\/yaomarket.cl\/?product=speculoos-monbana-galletas-especiadas-50-unidades","url":"https:\/\/yaomarket.cl\/?product=speculoos-monbana-galletas-especiadas-50-unidades","name":"Speculoos Monbana Galletas Especiadas 50 Unidades - YAOMARKET","isPartOf":{"@id":"https:\/\/yaomarket.cl\/#website"},"primaryImageOfPage":{"@id":"https:\/\/yaomarket.cl\/?product=speculoos-monbana-galletas-especiadas-50-unidades#primaryimage"},"image":{"@id":"https:\/\/yaomarket.cl\/?product=speculoos-monbana-galletas-especiadas-50-unidades#primaryimage"},"thumbnailUrl":"https:\/\/yaomarket.cl\/wp-content\/uploads\/2025\/05\/speculoos-monbana-galletas-especiadas-50-unidades.png","datePublished":"2025-05-27T08:25:54+00:00","breadcrumb":{"@id":"https:\/\/yaomarket.cl\/?product=speculoos-monbana-galletas-especiadas-50-unidades#breadcrumb"},"inLanguage":"es","potentialAction":[{"@type":"ReadAction","target":["https:\/\/yaomarket.cl\/?product=speculoos-monbana-galletas-especiadas-50-unidades"]}]},{"@type":"ImageObject","inLanguage":"es","@id":"https:\/\/yaomarket.cl\/?product=speculoos-monbana-galletas-especiadas-50-unidades#primaryimage","url":"https:\/\/yaomarket.cl\/wp-content\/uploads\/2025\/05\/speculoos-monbana-galletas-especiadas-50-unidades.png","contentUrl":"https:\/\/yaomarket.cl\/wp-content\/uploads\/2025\/05\/speculoos-monbana-galletas-especiadas-50-unidades.png","width":800,"height":800},{"@type":"BreadcrumbList","@id":"https:\/\/yaomarket.cl\/?product=speculoos-monbana-galletas-especiadas-50-unidades#breadcrumb","itemListElement":[{"@type":"ListItem","position":1,"name":"Portada","item":"https:\/\/yaomarket.cl\/"},{"@type":"ListItem","position":2,"name":"TIENDA","item":"https:\/\/yaomarket.cl\/?page_id=8"},{"@type":"ListItem","position":3,"name":"Speculoos Monbana Galletas Especiadas 50 Unidades"}]},{"@type":"WebSite","@id":"https:\/\/yaomarket.cl\/#website","url":"https:\/\/yaomarket.cl\/","name":"YAOMARKET","description":"","publisher":{"@id":"https:\/\/yaomarket.cl\/#organization"},"potentialAction":[{"@type":"SearchAction","target":{"@type":"EntryPoint","urlTemplate":"https:\/\/yaomarket.cl\/?s={search_term_string}"},"query-input":{"@type":"PropertyValueSpecification","valueRequired":true,"valueName":"search_term_string"}}],"inLanguage":"es"},{"@type":"Organization","@id":"https:\/\/yaomarket.cl\/#organization","name":"YAOMARKET","url":"https:\/\/yaomarket.cl\/","logo":{"@type":"ImageObject","inLanguage":"es","@id":"https:\/\/yaomarket.cl\/#\/schema\/logo\/image\/","url":"https:\/\/yaomarket.cl\/wp-content\/uploads\/2023\/08\/Logo-Original-Yao-Market-Circular.png","contentUrl":"https:\/\/yaomarket.cl\/wp-content\/uploads\/2023\/08\/Logo-Original-Yao-Market-Circular.png","width":522,"height":522,"caption":"YAOMARKET"},"image":{"@id":"https:\/\/yaomarket.cl\/#\/schema\/logo\/image\/"},"sameAs":["https:\/\/www.facebook.com\/yaomarketchile\/","https:\/\/www.instagram.com\/yao_market\/"]}]}},"_links":{"self":[{"href":"https:\/\/yaomarket.cl\/index.php?rest_route=\/wp\/v2\/product\/12319","targetHints":{"allow":["GET"]}}],"collection":[{"href":"https:\/\/yaomarket.cl\/index.php?rest_route=\/wp\/v2\/product"}],"about":[{"href":"https:\/\/yaomarket.cl\/index.php?rest_route=\/wp\/v2\/types\/product"}],"wp:featuredmedia":[{"embeddable":true,"href":"https:\/\/yaomarket.cl\/index.php?rest_route=\/wp\/v2\/media\/12320"}],"wp:attachment":[{"href":"https:\/\/yaomarket.cl\/index.php?rest_route=%2Fwp%2Fv2%2Fmedia&parent=12319"}],"wp:term":[{"taxonomy":"product_cat","embeddable":true,"href":"https:\/\/yaomarket.cl\/index.php?rest_route=%2Fwp%2Fv2%2Fproduct_cat&post=12319"},{"taxonomy":"product_tag","embeddable":true,"href":"https:\/\/yaomarket.cl\/index.php?rest_route=%2Fwp%2Fv2%2Fproduct_tag&post=12319"}],"curies":[{"name":"wp","href":"https:\/\/api.w.org\/{rel}","templated":true}]}}