{"id":12223,"date":"2025-05-27T07:00:42","date_gmt":"2025-05-27T07:00:42","guid":{"rendered":"https:\/\/yaomarket.cl\/?post_type=product&#038;p=12223"},"modified":"2025-05-27T07:00:42","modified_gmt":"2025-05-27T07:00:42","slug":"caramelos-de-anis-sabor-menta-50-gr","status":"publish","type":"product","link":"https:\/\/yaomarket.cl\/?product=caramelos-de-anis-sabor-menta-50-gr","title":{"rendered":"Caramelos De An\u00eds Sabor Menta 50 Gr"},"content":{"rendered":"<p><span style=\"color: #000000;\">Descubre los exquisitos sabores de YAO MARKET. Envasados en elegantes latas ovaladas de 50 g, cada bocado te sumergir\u00e1 en una emotiva historia de amor entre un pastor y su amada pastora. Desde su primer encuentro bajo los azahares en flor, hasta el presente donde sue\u00f1an juntos, estos productos gourmet te cautivar\u00e1n con su calidad y pasi\u00f3n.<\/span><\/p>\n<p><span style=\"color: #000000;\"><strong>Pa\u00eds de origen:<\/strong> Francia.<\/span><\/p>\n","protected":false},"excerpt":{"rendered":"<p><span style=\"color: #000000;\">Sabor a menta totalmente natural, recubierto alrededor de un peque\u00f1o an\u00eds junto con finas capas de az\u00facar. Una alternativa deliciosa y refrescante a las cl\u00e1sicas mentas, los caramelos de menta Anis de Flavigny seguramente complacer\u00e1n.<\/span><\/p>\n<p><span style=\"color: #000000;\">Envasado en nuestras cl\u00e1sicas latas ovaladas de 50 g. Cada lata representa una parte de una historia de amor entre un pastor y su amada pastora.<\/span><br \/>\n<span style=\"color: #000000;\">En un campo de rosas, la joven pastora abraza un ramo de rosas. Sonriendo, sue\u00f1a con amar y ser amada&#8230;\u00a0colecciona esta dulce historia de amor.<\/span><\/p>\n<p><span style=\"color: #000000;\"><strong>Contenido Neto:<\/strong> 50grs.<\/span><\/p>\n","protected":false},"featured_media":12224,"template":"","meta":[],"product_cat":[717,714],"product_tag":[],"class_list":{"0":"post-12223","1":"product","2":"type-product","3":"status-publish","4":"has-post-thumbnail","6":"product_cat-dulces-de-anis","7":"product_cat-mermeladas-y-dulces","9":"first","10":"instock","11":"shipping-taxable","12":"purchasable","13":"product-type-simple"},"yoast_head":"<!-- This site is optimized with the Yoast SEO plugin v25.2 - https:\/\/yoast.com\/wordpress\/plugins\/seo\/ -->\n<title>Caramelos De An\u00eds Sabor Menta 50 Gr - YAOMARKET<\/title>\n<meta name=\"robots\" content=\"index, follow, max-snippet:-1, max-image-preview:large, max-video-preview:-1\" \/>\n<link rel=\"canonical\" href=\"https:\/\/yaomarket.cl\/?product=caramelos-de-anis-sabor-menta-50-gr\" \/>\n<meta property=\"og:locale\" content=\"es_ES\" \/>\n<meta property=\"og:type\" content=\"article\" \/>\n<meta property=\"og:title\" content=\"Caramelos De An\u00eds Sabor Menta 50 Gr - YAOMARKET\" \/>\n<meta property=\"og:description\" content=\"Sabor a menta totalmente natural, recubierto alrededor de un peque\u00f1o an\u00eds junto con finas capas de az\u00facar. Una alternativa deliciosa y refrescante a las cl\u00e1sicas mentas, los caramelos de menta Anis de Flavigny seguramente complacer\u00e1n.  Envasado en nuestras cl\u00e1sicas latas ovaladas de 50 g. Cada lata representa una parte de una historia de amor entre un pastor y su amada pastora. En un campo de rosas, la joven pastora abraza un ramo de rosas. Sonriendo, sue\u00f1a con amar y ser amada...\u00a0colecciona esta dulce historia de amor.  Contenido Neto: 50grs.\" \/>\n<meta property=\"og:url\" content=\"https:\/\/yaomarket.cl\/?product=caramelos-de-anis-sabor-menta-50-gr\" \/>\n<meta property=\"og:site_name\" content=\"YAOMARKET\" \/>\n<meta property=\"article:publisher\" content=\"https:\/\/www.facebook.com\/yaomarketchile\/\" \/>\n<meta property=\"og:image\" content=\"https:\/\/yaomarket.cl\/wp-content\/uploads\/2025\/05\/caramelos-de-anis-sabor-menta-50-gr.png\" \/>\n\t<meta property=\"og:image:width\" content=\"800\" \/>\n\t<meta property=\"og:image:height\" content=\"800\" \/>\n\t<meta property=\"og:image:type\" content=\"image\/png\" \/>\n<meta name=\"twitter:card\" content=\"summary_large_image\" \/>\n<meta name=\"twitter:label1\" content=\"Tiempo de lectura\" \/>\n\t<meta name=\"twitter:data1\" content=\"1 minuto\" \/>\n<script type=\"application\/ld+json\" class=\"yoast-schema-graph\">{\"@context\":\"https:\/\/schema.org\",\"@graph\":[{\"@type\":\"WebPage\",\"@id\":\"https:\/\/yaomarket.cl\/?product=caramelos-de-anis-sabor-menta-50-gr\",\"url\":\"https:\/\/yaomarket.cl\/?product=caramelos-de-anis-sabor-menta-50-gr\",\"name\":\"Caramelos De An\u00eds Sabor Menta 50 Gr - YAOMARKET\",\"isPartOf\":{\"@id\":\"https:\/\/yaomarket.cl\/#website\"},\"primaryImageOfPage\":{\"@id\":\"https:\/\/yaomarket.cl\/?product=caramelos-de-anis-sabor-menta-50-gr#primaryimage\"},\"image\":{\"@id\":\"https:\/\/yaomarket.cl\/?product=caramelos-de-anis-sabor-menta-50-gr#primaryimage\"},\"thumbnailUrl\":\"https:\/\/yaomarket.cl\/wp-content\/uploads\/2025\/05\/caramelos-de-anis-sabor-menta-50-gr.png\",\"datePublished\":\"2025-05-27T07:00:42+00:00\",\"breadcrumb\":{\"@id\":\"https:\/\/yaomarket.cl\/?product=caramelos-de-anis-sabor-menta-50-gr#breadcrumb\"},\"inLanguage\":\"es\",\"potentialAction\":[{\"@type\":\"ReadAction\",\"target\":[\"https:\/\/yaomarket.cl\/?product=caramelos-de-anis-sabor-menta-50-gr\"]}]},{\"@type\":\"ImageObject\",\"inLanguage\":\"es\",\"@id\":\"https:\/\/yaomarket.cl\/?product=caramelos-de-anis-sabor-menta-50-gr#primaryimage\",\"url\":\"https:\/\/yaomarket.cl\/wp-content\/uploads\/2025\/05\/caramelos-de-anis-sabor-menta-50-gr.png\",\"contentUrl\":\"https:\/\/yaomarket.cl\/wp-content\/uploads\/2025\/05\/caramelos-de-anis-sabor-menta-50-gr.png\",\"width\":800,\"height\":800},{\"@type\":\"BreadcrumbList\",\"@id\":\"https:\/\/yaomarket.cl\/?product=caramelos-de-anis-sabor-menta-50-gr#breadcrumb\",\"itemListElement\":[{\"@type\":\"ListItem\",\"position\":1,\"name\":\"Portada\",\"item\":\"https:\/\/yaomarket.cl\/\"},{\"@type\":\"ListItem\",\"position\":2,\"name\":\"TIENDA\",\"item\":\"https:\/\/yaomarket.cl\/?page_id=8\"},{\"@type\":\"ListItem\",\"position\":3,\"name\":\"Caramelos De An\u00eds Sabor Menta 50 Gr\"}]},{\"@type\":\"WebSite\",\"@id\":\"https:\/\/yaomarket.cl\/#website\",\"url\":\"https:\/\/yaomarket.cl\/\",\"name\":\"YAOMARKET\",\"description\":\"\",\"publisher\":{\"@id\":\"https:\/\/yaomarket.cl\/#organization\"},\"potentialAction\":[{\"@type\":\"SearchAction\",\"target\":{\"@type\":\"EntryPoint\",\"urlTemplate\":\"https:\/\/yaomarket.cl\/?s={search_term_string}\"},\"query-input\":{\"@type\":\"PropertyValueSpecification\",\"valueRequired\":true,\"valueName\":\"search_term_string\"}}],\"inLanguage\":\"es\"},{\"@type\":\"Organization\",\"@id\":\"https:\/\/yaomarket.cl\/#organization\",\"name\":\"YAOMARKET\",\"url\":\"https:\/\/yaomarket.cl\/\",\"logo\":{\"@type\":\"ImageObject\",\"inLanguage\":\"es\",\"@id\":\"https:\/\/yaomarket.cl\/#\/schema\/logo\/image\/\",\"url\":\"https:\/\/yaomarket.cl\/wp-content\/uploads\/2023\/08\/Logo-Original-Yao-Market-Circular.png\",\"contentUrl\":\"https:\/\/yaomarket.cl\/wp-content\/uploads\/2023\/08\/Logo-Original-Yao-Market-Circular.png\",\"width\":522,\"height\":522,\"caption\":\"YAOMARKET\"},\"image\":{\"@id\":\"https:\/\/yaomarket.cl\/#\/schema\/logo\/image\/\"},\"sameAs\":[\"https:\/\/www.facebook.com\/yaomarketchile\/\",\"https:\/\/www.instagram.com\/yao_market\/\"]}]}<\/script>\n<!-- \/ Yoast SEO plugin. -->","yoast_head_json":{"title":"Caramelos De An\u00eds Sabor Menta 50 Gr - YAOMARKET","robots":{"index":"index","follow":"follow","max-snippet":"max-snippet:-1","max-image-preview":"max-image-preview:large","max-video-preview":"max-video-preview:-1"},"canonical":"https:\/\/yaomarket.cl\/?product=caramelos-de-anis-sabor-menta-50-gr","og_locale":"es_ES","og_type":"article","og_title":"Caramelos De An\u00eds Sabor Menta 50 Gr - YAOMARKET","og_description":"Sabor a menta totalmente natural, recubierto alrededor de un peque\u00f1o an\u00eds junto con finas capas de az\u00facar. Una alternativa deliciosa y refrescante a las cl\u00e1sicas mentas, los caramelos de menta Anis de Flavigny seguramente complacer\u00e1n.  Envasado en nuestras cl\u00e1sicas latas ovaladas de 50 g. Cada lata representa una parte de una historia de amor entre un pastor y su amada pastora. En un campo de rosas, la joven pastora abraza un ramo de rosas. Sonriendo, sue\u00f1a con amar y ser amada...\u00a0colecciona esta dulce historia de amor.  Contenido Neto: 50grs.","og_url":"https:\/\/yaomarket.cl\/?product=caramelos-de-anis-sabor-menta-50-gr","og_site_name":"YAOMARKET","article_publisher":"https:\/\/www.facebook.com\/yaomarketchile\/","og_image":[{"width":800,"height":800,"url":"https:\/\/yaomarket.cl\/wp-content\/uploads\/2025\/05\/caramelos-de-anis-sabor-menta-50-gr.png","type":"image\/png"}],"twitter_card":"summary_large_image","twitter_misc":{"Tiempo de lectura":"1 minuto"},"schema":{"@context":"https:\/\/schema.org","@graph":[{"@type":"WebPage","@id":"https:\/\/yaomarket.cl\/?product=caramelos-de-anis-sabor-menta-50-gr","url":"https:\/\/yaomarket.cl\/?product=caramelos-de-anis-sabor-menta-50-gr","name":"Caramelos De An\u00eds Sabor Menta 50 Gr - YAOMARKET","isPartOf":{"@id":"https:\/\/yaomarket.cl\/#website"},"primaryImageOfPage":{"@id":"https:\/\/yaomarket.cl\/?product=caramelos-de-anis-sabor-menta-50-gr#primaryimage"},"image":{"@id":"https:\/\/yaomarket.cl\/?product=caramelos-de-anis-sabor-menta-50-gr#primaryimage"},"thumbnailUrl":"https:\/\/yaomarket.cl\/wp-content\/uploads\/2025\/05\/caramelos-de-anis-sabor-menta-50-gr.png","datePublished":"2025-05-27T07:00:42+00:00","breadcrumb":{"@id":"https:\/\/yaomarket.cl\/?product=caramelos-de-anis-sabor-menta-50-gr#breadcrumb"},"inLanguage":"es","potentialAction":[{"@type":"ReadAction","target":["https:\/\/yaomarket.cl\/?product=caramelos-de-anis-sabor-menta-50-gr"]}]},{"@type":"ImageObject","inLanguage":"es","@id":"https:\/\/yaomarket.cl\/?product=caramelos-de-anis-sabor-menta-50-gr#primaryimage","url":"https:\/\/yaomarket.cl\/wp-content\/uploads\/2025\/05\/caramelos-de-anis-sabor-menta-50-gr.png","contentUrl":"https:\/\/yaomarket.cl\/wp-content\/uploads\/2025\/05\/caramelos-de-anis-sabor-menta-50-gr.png","width":800,"height":800},{"@type":"BreadcrumbList","@id":"https:\/\/yaomarket.cl\/?product=caramelos-de-anis-sabor-menta-50-gr#breadcrumb","itemListElement":[{"@type":"ListItem","position":1,"name":"Portada","item":"https:\/\/yaomarket.cl\/"},{"@type":"ListItem","position":2,"name":"TIENDA","item":"https:\/\/yaomarket.cl\/?page_id=8"},{"@type":"ListItem","position":3,"name":"Caramelos De An\u00eds Sabor Menta 50 Gr"}]},{"@type":"WebSite","@id":"https:\/\/yaomarket.cl\/#website","url":"https:\/\/yaomarket.cl\/","name":"YAOMARKET","description":"","publisher":{"@id":"https:\/\/yaomarket.cl\/#organization"},"potentialAction":[{"@type":"SearchAction","target":{"@type":"EntryPoint","urlTemplate":"https:\/\/yaomarket.cl\/?s={search_term_string}"},"query-input":{"@type":"PropertyValueSpecification","valueRequired":true,"valueName":"search_term_string"}}],"inLanguage":"es"},{"@type":"Organization","@id":"https:\/\/yaomarket.cl\/#organization","name":"YAOMARKET","url":"https:\/\/yaomarket.cl\/","logo":{"@type":"ImageObject","inLanguage":"es","@id":"https:\/\/yaomarket.cl\/#\/schema\/logo\/image\/","url":"https:\/\/yaomarket.cl\/wp-content\/uploads\/2023\/08\/Logo-Original-Yao-Market-Circular.png","contentUrl":"https:\/\/yaomarket.cl\/wp-content\/uploads\/2023\/08\/Logo-Original-Yao-Market-Circular.png","width":522,"height":522,"caption":"YAOMARKET"},"image":{"@id":"https:\/\/yaomarket.cl\/#\/schema\/logo\/image\/"},"sameAs":["https:\/\/www.facebook.com\/yaomarketchile\/","https:\/\/www.instagram.com\/yao_market\/"]}]}},"_links":{"self":[{"href":"https:\/\/yaomarket.cl\/index.php?rest_route=\/wp\/v2\/product\/12223","targetHints":{"allow":["GET"]}}],"collection":[{"href":"https:\/\/yaomarket.cl\/index.php?rest_route=\/wp\/v2\/product"}],"about":[{"href":"https:\/\/yaomarket.cl\/index.php?rest_route=\/wp\/v2\/types\/product"}],"wp:featuredmedia":[{"embeddable":true,"href":"https:\/\/yaomarket.cl\/index.php?rest_route=\/wp\/v2\/media\/12224"}],"wp:attachment":[{"href":"https:\/\/yaomarket.cl\/index.php?rest_route=%2Fwp%2Fv2%2Fmedia&parent=12223"}],"wp:term":[{"taxonomy":"product_cat","embeddable":true,"href":"https:\/\/yaomarket.cl\/index.php?rest_route=%2Fwp%2Fv2%2Fproduct_cat&post=12223"},{"taxonomy":"product_tag","embeddable":true,"href":"https:\/\/yaomarket.cl\/index.php?rest_route=%2Fwp%2Fv2%2Fproduct_tag&post=12223"}],"curies":[{"name":"wp","href":"https:\/\/api.w.org\/{rel}","templated":true}]}}