{"id":12187,"date":"2025-05-27T06:27:56","date_gmt":"2025-05-27T06:27:56","guid":{"rendered":"https:\/\/yaomarket.cl\/?post_type=product&#038;p=12187"},"modified":"2025-05-27T06:28:16","modified_gmt":"2025-05-27T06:28:16","slug":"maquina-de-cafe-para-capsulas-guzzini-negra","status":"publish","type":"product","link":"https:\/\/yaomarket.cl\/?product=maquina-de-cafe-para-capsulas-guzzini-negra","title":{"rendered":"M\u00e1quina De Caf\u00e9 Para C\u00e1psulas Guzzini Negra"},"content":{"rendered":"","protected":false},"excerpt":{"rendered":"<p><span style=\"color: #000000;\">M\u00e1quina para c\u00e1psulas Epica de caf\u00e9 Hausbrandt. \u00a1Una forma r\u00e1pida y sencilla de hacer un caf\u00e9 perfecto! Color Negro.<\/span><\/p>\n","protected":false},"featured_media":12191,"template":"","meta":[],"product_cat":[713,72,79],"product_tag":[],"class_list":{"0":"post-12187","1":"product","2":"type-product","3":"status-publish","4":"has-post-thumbnail","6":"product_cat-maquinas","7":"product_cat-cafe","8":"product_cat-accesorios-para-cafe","10":"first","11":"instock","12":"shipping-taxable","13":"purchasable","14":"product-type-simple"},"yoast_head":"<!-- This site is optimized with the Yoast SEO plugin v25.2 - https:\/\/yoast.com\/wordpress\/plugins\/seo\/ -->\n<title>M\u00e1quina De Caf\u00e9 Para C\u00e1psulas Guzzini Negra - YAOMARKET<\/title>\n<meta name=\"robots\" content=\"index, follow, max-snippet:-1, max-image-preview:large, max-video-preview:-1\" \/>\n<link rel=\"canonical\" href=\"https:\/\/yaomarket.cl\/?product=maquina-de-cafe-para-capsulas-guzzini-negra\" \/>\n<meta property=\"og:locale\" content=\"es_ES\" \/>\n<meta property=\"og:type\" content=\"article\" \/>\n<meta property=\"og:title\" content=\"M\u00e1quina De Caf\u00e9 Para C\u00e1psulas Guzzini Negra - YAOMARKET\" \/>\n<meta property=\"og:description\" content=\"M\u00e1quina para c\u00e1psulas Epica de caf\u00e9 Hausbrandt. \u00a1Una forma r\u00e1pida y sencilla de hacer un caf\u00e9 perfecto! Color Negro.\" \/>\n<meta property=\"og:url\" content=\"https:\/\/yaomarket.cl\/?product=maquina-de-cafe-para-capsulas-guzzini-negra\" \/>\n<meta property=\"og:site_name\" content=\"YAOMARKET\" \/>\n<meta property=\"article:publisher\" content=\"https:\/\/www.facebook.com\/yaomarketchile\/\" \/>\n<meta property=\"article:modified_time\" content=\"2025-05-27T06:28:16+00:00\" \/>\n<meta property=\"og:image\" content=\"https:\/\/yaomarket.cl\/wp-content\/uploads\/2025\/05\/maquina-de-cafe-para-capsulas-guzzini-negra.png\" \/>\n\t<meta property=\"og:image:width\" content=\"800\" \/>\n\t<meta property=\"og:image:height\" content=\"800\" \/>\n\t<meta property=\"og:image:type\" content=\"image\/png\" \/>\n<meta name=\"twitter:card\" content=\"summary_large_image\" \/>\n<meta name=\"twitter:label1\" content=\"Tiempo de lectura\" \/>\n\t<meta name=\"twitter:data1\" content=\"1 minuto\" \/>\n<script type=\"application\/ld+json\" class=\"yoast-schema-graph\">{\"@context\":\"https:\/\/schema.org\",\"@graph\":[{\"@type\":\"WebPage\",\"@id\":\"https:\/\/yaomarket.cl\/?product=maquina-de-cafe-para-capsulas-guzzini-negra\",\"url\":\"https:\/\/yaomarket.cl\/?product=maquina-de-cafe-para-capsulas-guzzini-negra\",\"name\":\"M\u00e1quina De Caf\u00e9 Para C\u00e1psulas Guzzini Negra - YAOMARKET\",\"isPartOf\":{\"@id\":\"https:\/\/yaomarket.cl\/#website\"},\"primaryImageOfPage\":{\"@id\":\"https:\/\/yaomarket.cl\/?product=maquina-de-cafe-para-capsulas-guzzini-negra#primaryimage\"},\"image\":{\"@id\":\"https:\/\/yaomarket.cl\/?product=maquina-de-cafe-para-capsulas-guzzini-negra#primaryimage\"},\"thumbnailUrl\":\"https:\/\/yaomarket.cl\/wp-content\/uploads\/2025\/05\/maquina-de-cafe-para-capsulas-guzzini-negra.png\",\"datePublished\":\"2025-05-27T06:27:56+00:00\",\"dateModified\":\"2025-05-27T06:28:16+00:00\",\"breadcrumb\":{\"@id\":\"https:\/\/yaomarket.cl\/?product=maquina-de-cafe-para-capsulas-guzzini-negra#breadcrumb\"},\"inLanguage\":\"es\",\"potentialAction\":[{\"@type\":\"ReadAction\",\"target\":[\"https:\/\/yaomarket.cl\/?product=maquina-de-cafe-para-capsulas-guzzini-negra\"]}]},{\"@type\":\"ImageObject\",\"inLanguage\":\"es\",\"@id\":\"https:\/\/yaomarket.cl\/?product=maquina-de-cafe-para-capsulas-guzzini-negra#primaryimage\",\"url\":\"https:\/\/yaomarket.cl\/wp-content\/uploads\/2025\/05\/maquina-de-cafe-para-capsulas-guzzini-negra.png\",\"contentUrl\":\"https:\/\/yaomarket.cl\/wp-content\/uploads\/2025\/05\/maquina-de-cafe-para-capsulas-guzzini-negra.png\",\"width\":800,\"height\":800},{\"@type\":\"BreadcrumbList\",\"@id\":\"https:\/\/yaomarket.cl\/?product=maquina-de-cafe-para-capsulas-guzzini-negra#breadcrumb\",\"itemListElement\":[{\"@type\":\"ListItem\",\"position\":1,\"name\":\"Portada\",\"item\":\"https:\/\/yaomarket.cl\/\"},{\"@type\":\"ListItem\",\"position\":2,\"name\":\"TIENDA\",\"item\":\"https:\/\/yaomarket.cl\/?page_id=8\"},{\"@type\":\"ListItem\",\"position\":3,\"name\":\"M\u00e1quina De Caf\u00e9 Para C\u00e1psulas Guzzini Negra\"}]},{\"@type\":\"WebSite\",\"@id\":\"https:\/\/yaomarket.cl\/#website\",\"url\":\"https:\/\/yaomarket.cl\/\",\"name\":\"YAOMARKET\",\"description\":\"\",\"publisher\":{\"@id\":\"https:\/\/yaomarket.cl\/#organization\"},\"potentialAction\":[{\"@type\":\"SearchAction\",\"target\":{\"@type\":\"EntryPoint\",\"urlTemplate\":\"https:\/\/yaomarket.cl\/?s={search_term_string}\"},\"query-input\":{\"@type\":\"PropertyValueSpecification\",\"valueRequired\":true,\"valueName\":\"search_term_string\"}}],\"inLanguage\":\"es\"},{\"@type\":\"Organization\",\"@id\":\"https:\/\/yaomarket.cl\/#organization\",\"name\":\"YAOMARKET\",\"url\":\"https:\/\/yaomarket.cl\/\",\"logo\":{\"@type\":\"ImageObject\",\"inLanguage\":\"es\",\"@id\":\"https:\/\/yaomarket.cl\/#\/schema\/logo\/image\/\",\"url\":\"https:\/\/yaomarket.cl\/wp-content\/uploads\/2023\/08\/Logo-Original-Yao-Market-Circular.png\",\"contentUrl\":\"https:\/\/yaomarket.cl\/wp-content\/uploads\/2023\/08\/Logo-Original-Yao-Market-Circular.png\",\"width\":522,\"height\":522,\"caption\":\"YAOMARKET\"},\"image\":{\"@id\":\"https:\/\/yaomarket.cl\/#\/schema\/logo\/image\/\"},\"sameAs\":[\"https:\/\/www.facebook.com\/yaomarketchile\/\",\"https:\/\/www.instagram.com\/yao_market\/\"]}]}<\/script>\n<!-- \/ Yoast SEO plugin. -->","yoast_head_json":{"title":"M\u00e1quina De Caf\u00e9 Para C\u00e1psulas Guzzini Negra - YAOMARKET","robots":{"index":"index","follow":"follow","max-snippet":"max-snippet:-1","max-image-preview":"max-image-preview:large","max-video-preview":"max-video-preview:-1"},"canonical":"https:\/\/yaomarket.cl\/?product=maquina-de-cafe-para-capsulas-guzzini-negra","og_locale":"es_ES","og_type":"article","og_title":"M\u00e1quina De Caf\u00e9 Para C\u00e1psulas Guzzini Negra - YAOMARKET","og_description":"M\u00e1quina para c\u00e1psulas Epica de caf\u00e9 Hausbrandt. \u00a1Una forma r\u00e1pida y sencilla de hacer un caf\u00e9 perfecto! Color Negro.","og_url":"https:\/\/yaomarket.cl\/?product=maquina-de-cafe-para-capsulas-guzzini-negra","og_site_name":"YAOMARKET","article_publisher":"https:\/\/www.facebook.com\/yaomarketchile\/","article_modified_time":"2025-05-27T06:28:16+00:00","og_image":[{"width":800,"height":800,"url":"https:\/\/yaomarket.cl\/wp-content\/uploads\/2025\/05\/maquina-de-cafe-para-capsulas-guzzini-negra.png","type":"image\/png"}],"twitter_card":"summary_large_image","twitter_misc":{"Tiempo de lectura":"1 minuto"},"schema":{"@context":"https:\/\/schema.org","@graph":[{"@type":"WebPage","@id":"https:\/\/yaomarket.cl\/?product=maquina-de-cafe-para-capsulas-guzzini-negra","url":"https:\/\/yaomarket.cl\/?product=maquina-de-cafe-para-capsulas-guzzini-negra","name":"M\u00e1quina De Caf\u00e9 Para C\u00e1psulas Guzzini Negra - YAOMARKET","isPartOf":{"@id":"https:\/\/yaomarket.cl\/#website"},"primaryImageOfPage":{"@id":"https:\/\/yaomarket.cl\/?product=maquina-de-cafe-para-capsulas-guzzini-negra#primaryimage"},"image":{"@id":"https:\/\/yaomarket.cl\/?product=maquina-de-cafe-para-capsulas-guzzini-negra#primaryimage"},"thumbnailUrl":"https:\/\/yaomarket.cl\/wp-content\/uploads\/2025\/05\/maquina-de-cafe-para-capsulas-guzzini-negra.png","datePublished":"2025-05-27T06:27:56+00:00","dateModified":"2025-05-27T06:28:16+00:00","breadcrumb":{"@id":"https:\/\/yaomarket.cl\/?product=maquina-de-cafe-para-capsulas-guzzini-negra#breadcrumb"},"inLanguage":"es","potentialAction":[{"@type":"ReadAction","target":["https:\/\/yaomarket.cl\/?product=maquina-de-cafe-para-capsulas-guzzini-negra"]}]},{"@type":"ImageObject","inLanguage":"es","@id":"https:\/\/yaomarket.cl\/?product=maquina-de-cafe-para-capsulas-guzzini-negra#primaryimage","url":"https:\/\/yaomarket.cl\/wp-content\/uploads\/2025\/05\/maquina-de-cafe-para-capsulas-guzzini-negra.png","contentUrl":"https:\/\/yaomarket.cl\/wp-content\/uploads\/2025\/05\/maquina-de-cafe-para-capsulas-guzzini-negra.png","width":800,"height":800},{"@type":"BreadcrumbList","@id":"https:\/\/yaomarket.cl\/?product=maquina-de-cafe-para-capsulas-guzzini-negra#breadcrumb","itemListElement":[{"@type":"ListItem","position":1,"name":"Portada","item":"https:\/\/yaomarket.cl\/"},{"@type":"ListItem","position":2,"name":"TIENDA","item":"https:\/\/yaomarket.cl\/?page_id=8"},{"@type":"ListItem","position":3,"name":"M\u00e1quina De Caf\u00e9 Para C\u00e1psulas Guzzini Negra"}]},{"@type":"WebSite","@id":"https:\/\/yaomarket.cl\/#website","url":"https:\/\/yaomarket.cl\/","name":"YAOMARKET","description":"","publisher":{"@id":"https:\/\/yaomarket.cl\/#organization"},"potentialAction":[{"@type":"SearchAction","target":{"@type":"EntryPoint","urlTemplate":"https:\/\/yaomarket.cl\/?s={search_term_string}"},"query-input":{"@type":"PropertyValueSpecification","valueRequired":true,"valueName":"search_term_string"}}],"inLanguage":"es"},{"@type":"Organization","@id":"https:\/\/yaomarket.cl\/#organization","name":"YAOMARKET","url":"https:\/\/yaomarket.cl\/","logo":{"@type":"ImageObject","inLanguage":"es","@id":"https:\/\/yaomarket.cl\/#\/schema\/logo\/image\/","url":"https:\/\/yaomarket.cl\/wp-content\/uploads\/2023\/08\/Logo-Original-Yao-Market-Circular.png","contentUrl":"https:\/\/yaomarket.cl\/wp-content\/uploads\/2023\/08\/Logo-Original-Yao-Market-Circular.png","width":522,"height":522,"caption":"YAOMARKET"},"image":{"@id":"https:\/\/yaomarket.cl\/#\/schema\/logo\/image\/"},"sameAs":["https:\/\/www.facebook.com\/yaomarketchile\/","https:\/\/www.instagram.com\/yao_market\/"]}]}},"_links":{"self":[{"href":"https:\/\/yaomarket.cl\/index.php?rest_route=\/wp\/v2\/product\/12187","targetHints":{"allow":["GET"]}}],"collection":[{"href":"https:\/\/yaomarket.cl\/index.php?rest_route=\/wp\/v2\/product"}],"about":[{"href":"https:\/\/yaomarket.cl\/index.php?rest_route=\/wp\/v2\/types\/product"}],"wp:featuredmedia":[{"embeddable":true,"href":"https:\/\/yaomarket.cl\/index.php?rest_route=\/wp\/v2\/media\/12191"}],"wp:attachment":[{"href":"https:\/\/yaomarket.cl\/index.php?rest_route=%2Fwp%2Fv2%2Fmedia&parent=12187"}],"wp:term":[{"taxonomy":"product_cat","embeddable":true,"href":"https:\/\/yaomarket.cl\/index.php?rest_route=%2Fwp%2Fv2%2Fproduct_cat&post=12187"},{"taxonomy":"product_tag","embeddable":true,"href":"https:\/\/yaomarket.cl\/index.php?rest_route=%2Fwp%2Fv2%2Fproduct_tag&post=12187"}],"curies":[{"name":"wp","href":"https:\/\/api.w.org\/{rel}","templated":true}]}}