{"id":12163,"date":"2025-05-27T05:45:19","date_gmt":"2025-05-27T05:45:19","guid":{"rendered":"https:\/\/yaomarket.cl\/?post_type=product&#038;p=12163"},"modified":"2025-05-27T05:45:19","modified_gmt":"2025-05-27T05:45:19","slug":"jamon-mangalica-monte-nevado-con-interfoliado-al-vacio-85-grs","status":"publish","type":"product","link":"https:\/\/yaomarket.cl\/?product=jamon-mangalica-monte-nevado-con-interfoliado-al-vacio-85-grs","title":{"rendered":"Jam\u00f3n Mangalica Monte Nevado, con interfoliado al vac\u00edo &#8211; 85 grs"},"content":{"rendered":"","protected":false},"excerpt":{"rendered":"<p><span style=\"color: #000000;\">El Jam\u00f3n Mangalica ofrece una experiencia gourmet \u00fanica con su sabor intenso y su textura suave, ideal para los aficionados a productos de alta calidad.<\/span><\/p>\n<p><span style=\"color: #000000;\">Procedente de Cerdos Mangalica, criados en la estepa h\u00fangara, alimentados a base de ma\u00edz, trigo y pastos, y curados de forma natural en Espa\u00f1a.<\/span><\/p>\n<p><span style=\"color: #000000;\"><strong>Nota de Cata:<\/strong> Corte de rojos intensos, con un espectacular veteado. Grasa muy ligera y fluida, se funde inmediatamente en boca. Con aroma delicado y con car\u00e1cter, destacan sus matices de frutos secos que permanecen en el paladar.<\/span><\/p>\n<p><span style=\"color: #000000;\"><strong>Contenido:<\/strong> 85 gr.<\/span><\/p>\n","protected":false},"featured_media":12164,"template":"","meta":[],"product_cat":[696,712,698],"product_tag":[],"class_list":{"0":"post-12163","1":"product","2":"type-product","3":"status-publish","4":"has-post-thumbnail","6":"product_cat-gourmet","7":"product_cat-jamones","8":"product_cat-para-untar","10":"first","11":"instock","12":"shipping-taxable","13":"purchasable","14":"product-type-simple"},"yoast_head":"<!-- This site is optimized with the Yoast SEO plugin v25.2 - https:\/\/yoast.com\/wordpress\/plugins\/seo\/ -->\n<title>Jam\u00f3n Mangalica Monte Nevado, con interfoliado al vac\u00edo - 85 grs - YAOMARKET<\/title>\n<meta name=\"robots\" content=\"index, follow, max-snippet:-1, max-image-preview:large, max-video-preview:-1\" \/>\n<link rel=\"canonical\" href=\"https:\/\/yaomarket.cl\/?product=jamon-mangalica-monte-nevado-con-interfoliado-al-vacio-85-grs\" \/>\n<meta property=\"og:locale\" content=\"es_ES\" \/>\n<meta property=\"og:type\" content=\"article\" \/>\n<meta property=\"og:title\" content=\"Jam\u00f3n Mangalica Monte Nevado, con interfoliado al vac\u00edo - 85 grs - YAOMARKET\" \/>\n<meta property=\"og:description\" content=\"El Jam\u00f3n Mangalica ofrece una experiencia gourmet \u00fanica con su sabor intenso y su textura suave, ideal para los aficionados a productos de alta calidad.  Procedente de Cerdos Mangalica, criados en la estepa h\u00fangara, alimentados a base de ma\u00edz, trigo y pastos, y curados de forma natural en Espa\u00f1a.  Nota de Cata: Corte de rojos intensos, con un espectacular veteado. Grasa muy ligera y fluida, se funde inmediatamente en boca. Con aroma delicado y con car\u00e1cter, destacan sus matices de frutos secos que permanecen en el paladar.  Contenido: 85 gr.\" \/>\n<meta property=\"og:url\" content=\"https:\/\/yaomarket.cl\/?product=jamon-mangalica-monte-nevado-con-interfoliado-al-vacio-85-grs\" \/>\n<meta property=\"og:site_name\" content=\"YAOMARKET\" \/>\n<meta property=\"article:publisher\" content=\"https:\/\/www.facebook.com\/yaomarketchile\/\" \/>\n<meta property=\"og:image\" content=\"https:\/\/yaomarket.cl\/wp-content\/uploads\/2025\/05\/jamon-mangalica-monte-nevado-con-interfoliado-al-vacio-85-grs.jpg\" \/>\n\t<meta property=\"og:image:width\" content=\"800\" \/>\n\t<meta property=\"og:image:height\" content=\"800\" \/>\n\t<meta property=\"og:image:type\" content=\"image\/jpeg\" \/>\n<meta name=\"twitter:card\" content=\"summary_large_image\" \/>\n<meta name=\"twitter:label1\" content=\"Tiempo de lectura\" \/>\n\t<meta name=\"twitter:data1\" content=\"1 minuto\" \/>\n<script type=\"application\/ld+json\" class=\"yoast-schema-graph\">{\"@context\":\"https:\/\/schema.org\",\"@graph\":[{\"@type\":\"WebPage\",\"@id\":\"https:\/\/yaomarket.cl\/?product=jamon-mangalica-monte-nevado-con-interfoliado-al-vacio-85-grs\",\"url\":\"https:\/\/yaomarket.cl\/?product=jamon-mangalica-monte-nevado-con-interfoliado-al-vacio-85-grs\",\"name\":\"Jam\u00f3n Mangalica Monte Nevado, con interfoliado al vac\u00edo - 85 grs - YAOMARKET\",\"isPartOf\":{\"@id\":\"https:\/\/yaomarket.cl\/#website\"},\"primaryImageOfPage\":{\"@id\":\"https:\/\/yaomarket.cl\/?product=jamon-mangalica-monte-nevado-con-interfoliado-al-vacio-85-grs#primaryimage\"},\"image\":{\"@id\":\"https:\/\/yaomarket.cl\/?product=jamon-mangalica-monte-nevado-con-interfoliado-al-vacio-85-grs#primaryimage\"},\"thumbnailUrl\":\"https:\/\/yaomarket.cl\/wp-content\/uploads\/2025\/05\/jamon-mangalica-monte-nevado-con-interfoliado-al-vacio-85-grs.jpg\",\"datePublished\":\"2025-05-27T05:45:19+00:00\",\"breadcrumb\":{\"@id\":\"https:\/\/yaomarket.cl\/?product=jamon-mangalica-monte-nevado-con-interfoliado-al-vacio-85-grs#breadcrumb\"},\"inLanguage\":\"es\",\"potentialAction\":[{\"@type\":\"ReadAction\",\"target\":[\"https:\/\/yaomarket.cl\/?product=jamon-mangalica-monte-nevado-con-interfoliado-al-vacio-85-grs\"]}]},{\"@type\":\"ImageObject\",\"inLanguage\":\"es\",\"@id\":\"https:\/\/yaomarket.cl\/?product=jamon-mangalica-monte-nevado-con-interfoliado-al-vacio-85-grs#primaryimage\",\"url\":\"https:\/\/yaomarket.cl\/wp-content\/uploads\/2025\/05\/jamon-mangalica-monte-nevado-con-interfoliado-al-vacio-85-grs.jpg\",\"contentUrl\":\"https:\/\/yaomarket.cl\/wp-content\/uploads\/2025\/05\/jamon-mangalica-monte-nevado-con-interfoliado-al-vacio-85-grs.jpg\",\"width\":800,\"height\":800},{\"@type\":\"BreadcrumbList\",\"@id\":\"https:\/\/yaomarket.cl\/?product=jamon-mangalica-monte-nevado-con-interfoliado-al-vacio-85-grs#breadcrumb\",\"itemListElement\":[{\"@type\":\"ListItem\",\"position\":1,\"name\":\"Portada\",\"item\":\"https:\/\/yaomarket.cl\/\"},{\"@type\":\"ListItem\",\"position\":2,\"name\":\"TIENDA\",\"item\":\"https:\/\/yaomarket.cl\/?page_id=8\"},{\"@type\":\"ListItem\",\"position\":3,\"name\":\"Jam\u00f3n Mangalica Monte Nevado, con interfoliado al vac\u00edo &#8211; 85 grs\"}]},{\"@type\":\"WebSite\",\"@id\":\"https:\/\/yaomarket.cl\/#website\",\"url\":\"https:\/\/yaomarket.cl\/\",\"name\":\"YAOMARKET\",\"description\":\"\",\"publisher\":{\"@id\":\"https:\/\/yaomarket.cl\/#organization\"},\"potentialAction\":[{\"@type\":\"SearchAction\",\"target\":{\"@type\":\"EntryPoint\",\"urlTemplate\":\"https:\/\/yaomarket.cl\/?s={search_term_string}\"},\"query-input\":{\"@type\":\"PropertyValueSpecification\",\"valueRequired\":true,\"valueName\":\"search_term_string\"}}],\"inLanguage\":\"es\"},{\"@type\":\"Organization\",\"@id\":\"https:\/\/yaomarket.cl\/#organization\",\"name\":\"YAOMARKET\",\"url\":\"https:\/\/yaomarket.cl\/\",\"logo\":{\"@type\":\"ImageObject\",\"inLanguage\":\"es\",\"@id\":\"https:\/\/yaomarket.cl\/#\/schema\/logo\/image\/\",\"url\":\"https:\/\/yaomarket.cl\/wp-content\/uploads\/2023\/08\/Logo-Original-Yao-Market-Circular.png\",\"contentUrl\":\"https:\/\/yaomarket.cl\/wp-content\/uploads\/2023\/08\/Logo-Original-Yao-Market-Circular.png\",\"width\":522,\"height\":522,\"caption\":\"YAOMARKET\"},\"image\":{\"@id\":\"https:\/\/yaomarket.cl\/#\/schema\/logo\/image\/\"},\"sameAs\":[\"https:\/\/www.facebook.com\/yaomarketchile\/\",\"https:\/\/www.instagram.com\/yao_market\/\"]}]}<\/script>\n<!-- \/ Yoast SEO plugin. -->","yoast_head_json":{"title":"Jam\u00f3n Mangalica Monte Nevado, con interfoliado al vac\u00edo - 85 grs - YAOMARKET","robots":{"index":"index","follow":"follow","max-snippet":"max-snippet:-1","max-image-preview":"max-image-preview:large","max-video-preview":"max-video-preview:-1"},"canonical":"https:\/\/yaomarket.cl\/?product=jamon-mangalica-monte-nevado-con-interfoliado-al-vacio-85-grs","og_locale":"es_ES","og_type":"article","og_title":"Jam\u00f3n Mangalica Monte Nevado, con interfoliado al vac\u00edo - 85 grs - YAOMARKET","og_description":"El Jam\u00f3n Mangalica ofrece una experiencia gourmet \u00fanica con su sabor intenso y su textura suave, ideal para los aficionados a productos de alta calidad.  Procedente de Cerdos Mangalica, criados en la estepa h\u00fangara, alimentados a base de ma\u00edz, trigo y pastos, y curados de forma natural en Espa\u00f1a.  Nota de Cata: Corte de rojos intensos, con un espectacular veteado. Grasa muy ligera y fluida, se funde inmediatamente en boca. Con aroma delicado y con car\u00e1cter, destacan sus matices de frutos secos que permanecen en el paladar.  Contenido: 85 gr.","og_url":"https:\/\/yaomarket.cl\/?product=jamon-mangalica-monte-nevado-con-interfoliado-al-vacio-85-grs","og_site_name":"YAOMARKET","article_publisher":"https:\/\/www.facebook.com\/yaomarketchile\/","og_image":[{"width":800,"height":800,"url":"https:\/\/yaomarket.cl\/wp-content\/uploads\/2025\/05\/jamon-mangalica-monte-nevado-con-interfoliado-al-vacio-85-grs.jpg","type":"image\/jpeg"}],"twitter_card":"summary_large_image","twitter_misc":{"Tiempo de lectura":"1 minuto"},"schema":{"@context":"https:\/\/schema.org","@graph":[{"@type":"WebPage","@id":"https:\/\/yaomarket.cl\/?product=jamon-mangalica-monte-nevado-con-interfoliado-al-vacio-85-grs","url":"https:\/\/yaomarket.cl\/?product=jamon-mangalica-monte-nevado-con-interfoliado-al-vacio-85-grs","name":"Jam\u00f3n Mangalica Monte Nevado, con interfoliado al vac\u00edo - 85 grs - YAOMARKET","isPartOf":{"@id":"https:\/\/yaomarket.cl\/#website"},"primaryImageOfPage":{"@id":"https:\/\/yaomarket.cl\/?product=jamon-mangalica-monte-nevado-con-interfoliado-al-vacio-85-grs#primaryimage"},"image":{"@id":"https:\/\/yaomarket.cl\/?product=jamon-mangalica-monte-nevado-con-interfoliado-al-vacio-85-grs#primaryimage"},"thumbnailUrl":"https:\/\/yaomarket.cl\/wp-content\/uploads\/2025\/05\/jamon-mangalica-monte-nevado-con-interfoliado-al-vacio-85-grs.jpg","datePublished":"2025-05-27T05:45:19+00:00","breadcrumb":{"@id":"https:\/\/yaomarket.cl\/?product=jamon-mangalica-monte-nevado-con-interfoliado-al-vacio-85-grs#breadcrumb"},"inLanguage":"es","potentialAction":[{"@type":"ReadAction","target":["https:\/\/yaomarket.cl\/?product=jamon-mangalica-monte-nevado-con-interfoliado-al-vacio-85-grs"]}]},{"@type":"ImageObject","inLanguage":"es","@id":"https:\/\/yaomarket.cl\/?product=jamon-mangalica-monte-nevado-con-interfoliado-al-vacio-85-grs#primaryimage","url":"https:\/\/yaomarket.cl\/wp-content\/uploads\/2025\/05\/jamon-mangalica-monte-nevado-con-interfoliado-al-vacio-85-grs.jpg","contentUrl":"https:\/\/yaomarket.cl\/wp-content\/uploads\/2025\/05\/jamon-mangalica-monte-nevado-con-interfoliado-al-vacio-85-grs.jpg","width":800,"height":800},{"@type":"BreadcrumbList","@id":"https:\/\/yaomarket.cl\/?product=jamon-mangalica-monte-nevado-con-interfoliado-al-vacio-85-grs#breadcrumb","itemListElement":[{"@type":"ListItem","position":1,"name":"Portada","item":"https:\/\/yaomarket.cl\/"},{"@type":"ListItem","position":2,"name":"TIENDA","item":"https:\/\/yaomarket.cl\/?page_id=8"},{"@type":"ListItem","position":3,"name":"Jam\u00f3n Mangalica Monte Nevado, con interfoliado al vac\u00edo &#8211; 85 grs"}]},{"@type":"WebSite","@id":"https:\/\/yaomarket.cl\/#website","url":"https:\/\/yaomarket.cl\/","name":"YAOMARKET","description":"","publisher":{"@id":"https:\/\/yaomarket.cl\/#organization"},"potentialAction":[{"@type":"SearchAction","target":{"@type":"EntryPoint","urlTemplate":"https:\/\/yaomarket.cl\/?s={search_term_string}"},"query-input":{"@type":"PropertyValueSpecification","valueRequired":true,"valueName":"search_term_string"}}],"inLanguage":"es"},{"@type":"Organization","@id":"https:\/\/yaomarket.cl\/#organization","name":"YAOMARKET","url":"https:\/\/yaomarket.cl\/","logo":{"@type":"ImageObject","inLanguage":"es","@id":"https:\/\/yaomarket.cl\/#\/schema\/logo\/image\/","url":"https:\/\/yaomarket.cl\/wp-content\/uploads\/2023\/08\/Logo-Original-Yao-Market-Circular.png","contentUrl":"https:\/\/yaomarket.cl\/wp-content\/uploads\/2023\/08\/Logo-Original-Yao-Market-Circular.png","width":522,"height":522,"caption":"YAOMARKET"},"image":{"@id":"https:\/\/yaomarket.cl\/#\/schema\/logo\/image\/"},"sameAs":["https:\/\/www.facebook.com\/yaomarketchile\/","https:\/\/www.instagram.com\/yao_market\/"]}]}},"_links":{"self":[{"href":"https:\/\/yaomarket.cl\/index.php?rest_route=\/wp\/v2\/product\/12163","targetHints":{"allow":["GET"]}}],"collection":[{"href":"https:\/\/yaomarket.cl\/index.php?rest_route=\/wp\/v2\/product"}],"about":[{"href":"https:\/\/yaomarket.cl\/index.php?rest_route=\/wp\/v2\/types\/product"}],"wp:featuredmedia":[{"embeddable":true,"href":"https:\/\/yaomarket.cl\/index.php?rest_route=\/wp\/v2\/media\/12164"}],"wp:attachment":[{"href":"https:\/\/yaomarket.cl\/index.php?rest_route=%2Fwp%2Fv2%2Fmedia&parent=12163"}],"wp:term":[{"taxonomy":"product_cat","embeddable":true,"href":"https:\/\/yaomarket.cl\/index.php?rest_route=%2Fwp%2Fv2%2Fproduct_cat&post=12163"},{"taxonomy":"product_tag","embeddable":true,"href":"https:\/\/yaomarket.cl\/index.php?rest_route=%2Fwp%2Fv2%2Fproduct_tag&post=12163"}],"curies":[{"name":"wp","href":"https:\/\/api.w.org\/{rel}","templated":true}]}}