{"id":12133,"date":"2025-05-27T05:17:29","date_gmt":"2025-05-27T05:17:29","guid":{"rendered":"https:\/\/yaomarket.cl\/?post_type=product&#038;p=12133"},"modified":"2025-05-27T05:17:29","modified_gmt":"2025-05-27T05:17:29","slug":"vainilla-bourbon-kotanyi-5-vainas-enteras","status":"publish","type":"product","link":"https:\/\/yaomarket.cl\/?product=vainilla-bourbon-kotanyi-5-vainas-enteras","title":{"rendered":"Vainilla Bourbon Kot\u00e1nyi: 5 Vainas Enteras"},"content":{"rendered":"","protected":false},"excerpt":{"rendered":"<p><span style=\"color: #000000;\">La Vainilla Bourbon Kot\u00e1nyi es la elecci\u00f3n perfecta para los amantes de la cocina gourmet. Con estas 5 vainas enteras, podr\u00e1s disfrutar de la aut\u00e9ntica esencia de la vainilla en todas tus creaciones. Su intenso aroma y sabor te transportar\u00e1n a ex\u00f3ticos para\u00edsos.<\/span><\/p>\n","protected":false},"featured_media":12134,"template":"","meta":[],"product_cat":[707,696,697],"product_tag":[],"class_list":{"0":"post-12133","1":"product","2":"type-product","3":"status-publish","4":"has-post-thumbnail","6":"product_cat-condimentos-para-cocinar","7":"product_cat-gourmet","8":"product_cat-para-cocinar","10":"first","11":"instock","12":"shipping-taxable","13":"purchasable","14":"product-type-simple"},"yoast_head":"<!-- This site is optimized with the Yoast SEO plugin v25.2 - https:\/\/yoast.com\/wordpress\/plugins\/seo\/ -->\n<title>Vainilla Bourbon Kot\u00e1nyi: 5 Vainas Enteras - YAOMARKET<\/title>\n<meta name=\"robots\" content=\"index, follow, max-snippet:-1, max-image-preview:large, max-video-preview:-1\" \/>\n<link rel=\"canonical\" href=\"https:\/\/yaomarket.cl\/?product=vainilla-bourbon-kotanyi-5-vainas-enteras\" \/>\n<meta property=\"og:locale\" content=\"es_ES\" \/>\n<meta property=\"og:type\" content=\"article\" \/>\n<meta property=\"og:title\" content=\"Vainilla Bourbon Kot\u00e1nyi: 5 Vainas Enteras - YAOMARKET\" \/>\n<meta property=\"og:description\" content=\"La Vainilla Bourbon Kot\u00e1nyi es la elecci\u00f3n perfecta para los amantes de la cocina gourmet. Con estas 5 vainas enteras, podr\u00e1s disfrutar de la aut\u00e9ntica esencia de la vainilla en todas tus creaciones. Su intenso aroma y sabor te transportar\u00e1n a ex\u00f3ticos para\u00edsos.\" \/>\n<meta property=\"og:url\" content=\"https:\/\/yaomarket.cl\/?product=vainilla-bourbon-kotanyi-5-vainas-enteras\" \/>\n<meta property=\"og:site_name\" content=\"YAOMARKET\" \/>\n<meta property=\"article:publisher\" content=\"https:\/\/www.facebook.com\/yaomarketchile\/\" \/>\n<meta property=\"og:image\" content=\"https:\/\/yaomarket.cl\/wp-content\/uploads\/2025\/05\/vainilla-bourbon-kotanyi-5-vainas-enteras.png\" \/>\n\t<meta property=\"og:image:width\" content=\"800\" \/>\n\t<meta property=\"og:image:height\" content=\"800\" \/>\n\t<meta property=\"og:image:type\" content=\"image\/png\" \/>\n<meta name=\"twitter:card\" content=\"summary_large_image\" \/>\n<meta name=\"twitter:label1\" content=\"Tiempo de lectura\" \/>\n\t<meta name=\"twitter:data1\" content=\"1 minuto\" \/>\n<script type=\"application\/ld+json\" class=\"yoast-schema-graph\">{\"@context\":\"https:\/\/schema.org\",\"@graph\":[{\"@type\":\"WebPage\",\"@id\":\"https:\/\/yaomarket.cl\/?product=vainilla-bourbon-kotanyi-5-vainas-enteras\",\"url\":\"https:\/\/yaomarket.cl\/?product=vainilla-bourbon-kotanyi-5-vainas-enteras\",\"name\":\"Vainilla Bourbon Kot\u00e1nyi: 5 Vainas Enteras - YAOMARKET\",\"isPartOf\":{\"@id\":\"https:\/\/yaomarket.cl\/#website\"},\"primaryImageOfPage\":{\"@id\":\"https:\/\/yaomarket.cl\/?product=vainilla-bourbon-kotanyi-5-vainas-enteras#primaryimage\"},\"image\":{\"@id\":\"https:\/\/yaomarket.cl\/?product=vainilla-bourbon-kotanyi-5-vainas-enteras#primaryimage\"},\"thumbnailUrl\":\"https:\/\/yaomarket.cl\/wp-content\/uploads\/2025\/05\/vainilla-bourbon-kotanyi-5-vainas-enteras.png\",\"datePublished\":\"2025-05-27T05:17:29+00:00\",\"breadcrumb\":{\"@id\":\"https:\/\/yaomarket.cl\/?product=vainilla-bourbon-kotanyi-5-vainas-enteras#breadcrumb\"},\"inLanguage\":\"es\",\"potentialAction\":[{\"@type\":\"ReadAction\",\"target\":[\"https:\/\/yaomarket.cl\/?product=vainilla-bourbon-kotanyi-5-vainas-enteras\"]}]},{\"@type\":\"ImageObject\",\"inLanguage\":\"es\",\"@id\":\"https:\/\/yaomarket.cl\/?product=vainilla-bourbon-kotanyi-5-vainas-enteras#primaryimage\",\"url\":\"https:\/\/yaomarket.cl\/wp-content\/uploads\/2025\/05\/vainilla-bourbon-kotanyi-5-vainas-enteras.png\",\"contentUrl\":\"https:\/\/yaomarket.cl\/wp-content\/uploads\/2025\/05\/vainilla-bourbon-kotanyi-5-vainas-enteras.png\",\"width\":800,\"height\":800},{\"@type\":\"BreadcrumbList\",\"@id\":\"https:\/\/yaomarket.cl\/?product=vainilla-bourbon-kotanyi-5-vainas-enteras#breadcrumb\",\"itemListElement\":[{\"@type\":\"ListItem\",\"position\":1,\"name\":\"Portada\",\"item\":\"https:\/\/yaomarket.cl\/\"},{\"@type\":\"ListItem\",\"position\":2,\"name\":\"TIENDA\",\"item\":\"https:\/\/yaomarket.cl\/?page_id=8\"},{\"@type\":\"ListItem\",\"position\":3,\"name\":\"Vainilla Bourbon Kot\u00e1nyi: 5 Vainas Enteras\"}]},{\"@type\":\"WebSite\",\"@id\":\"https:\/\/yaomarket.cl\/#website\",\"url\":\"https:\/\/yaomarket.cl\/\",\"name\":\"YAOMARKET\",\"description\":\"\",\"publisher\":{\"@id\":\"https:\/\/yaomarket.cl\/#organization\"},\"potentialAction\":[{\"@type\":\"SearchAction\",\"target\":{\"@type\":\"EntryPoint\",\"urlTemplate\":\"https:\/\/yaomarket.cl\/?s={search_term_string}\"},\"query-input\":{\"@type\":\"PropertyValueSpecification\",\"valueRequired\":true,\"valueName\":\"search_term_string\"}}],\"inLanguage\":\"es\"},{\"@type\":\"Organization\",\"@id\":\"https:\/\/yaomarket.cl\/#organization\",\"name\":\"YAOMARKET\",\"url\":\"https:\/\/yaomarket.cl\/\",\"logo\":{\"@type\":\"ImageObject\",\"inLanguage\":\"es\",\"@id\":\"https:\/\/yaomarket.cl\/#\/schema\/logo\/image\/\",\"url\":\"https:\/\/yaomarket.cl\/wp-content\/uploads\/2023\/08\/Logo-Original-Yao-Market-Circular.png\",\"contentUrl\":\"https:\/\/yaomarket.cl\/wp-content\/uploads\/2023\/08\/Logo-Original-Yao-Market-Circular.png\",\"width\":522,\"height\":522,\"caption\":\"YAOMARKET\"},\"image\":{\"@id\":\"https:\/\/yaomarket.cl\/#\/schema\/logo\/image\/\"},\"sameAs\":[\"https:\/\/www.facebook.com\/yaomarketchile\/\",\"https:\/\/www.instagram.com\/yao_market\/\"]}]}<\/script>\n<!-- \/ Yoast SEO plugin. -->","yoast_head_json":{"title":"Vainilla Bourbon Kot\u00e1nyi: 5 Vainas Enteras - YAOMARKET","robots":{"index":"index","follow":"follow","max-snippet":"max-snippet:-1","max-image-preview":"max-image-preview:large","max-video-preview":"max-video-preview:-1"},"canonical":"https:\/\/yaomarket.cl\/?product=vainilla-bourbon-kotanyi-5-vainas-enteras","og_locale":"es_ES","og_type":"article","og_title":"Vainilla Bourbon Kot\u00e1nyi: 5 Vainas Enteras - YAOMARKET","og_description":"La Vainilla Bourbon Kot\u00e1nyi es la elecci\u00f3n perfecta para los amantes de la cocina gourmet. Con estas 5 vainas enteras, podr\u00e1s disfrutar de la aut\u00e9ntica esencia de la vainilla en todas tus creaciones. Su intenso aroma y sabor te transportar\u00e1n a ex\u00f3ticos para\u00edsos.","og_url":"https:\/\/yaomarket.cl\/?product=vainilla-bourbon-kotanyi-5-vainas-enteras","og_site_name":"YAOMARKET","article_publisher":"https:\/\/www.facebook.com\/yaomarketchile\/","og_image":[{"width":800,"height":800,"url":"https:\/\/yaomarket.cl\/wp-content\/uploads\/2025\/05\/vainilla-bourbon-kotanyi-5-vainas-enteras.png","type":"image\/png"}],"twitter_card":"summary_large_image","twitter_misc":{"Tiempo de lectura":"1 minuto"},"schema":{"@context":"https:\/\/schema.org","@graph":[{"@type":"WebPage","@id":"https:\/\/yaomarket.cl\/?product=vainilla-bourbon-kotanyi-5-vainas-enteras","url":"https:\/\/yaomarket.cl\/?product=vainilla-bourbon-kotanyi-5-vainas-enteras","name":"Vainilla Bourbon Kot\u00e1nyi: 5 Vainas Enteras - YAOMARKET","isPartOf":{"@id":"https:\/\/yaomarket.cl\/#website"},"primaryImageOfPage":{"@id":"https:\/\/yaomarket.cl\/?product=vainilla-bourbon-kotanyi-5-vainas-enteras#primaryimage"},"image":{"@id":"https:\/\/yaomarket.cl\/?product=vainilla-bourbon-kotanyi-5-vainas-enteras#primaryimage"},"thumbnailUrl":"https:\/\/yaomarket.cl\/wp-content\/uploads\/2025\/05\/vainilla-bourbon-kotanyi-5-vainas-enteras.png","datePublished":"2025-05-27T05:17:29+00:00","breadcrumb":{"@id":"https:\/\/yaomarket.cl\/?product=vainilla-bourbon-kotanyi-5-vainas-enteras#breadcrumb"},"inLanguage":"es","potentialAction":[{"@type":"ReadAction","target":["https:\/\/yaomarket.cl\/?product=vainilla-bourbon-kotanyi-5-vainas-enteras"]}]},{"@type":"ImageObject","inLanguage":"es","@id":"https:\/\/yaomarket.cl\/?product=vainilla-bourbon-kotanyi-5-vainas-enteras#primaryimage","url":"https:\/\/yaomarket.cl\/wp-content\/uploads\/2025\/05\/vainilla-bourbon-kotanyi-5-vainas-enteras.png","contentUrl":"https:\/\/yaomarket.cl\/wp-content\/uploads\/2025\/05\/vainilla-bourbon-kotanyi-5-vainas-enteras.png","width":800,"height":800},{"@type":"BreadcrumbList","@id":"https:\/\/yaomarket.cl\/?product=vainilla-bourbon-kotanyi-5-vainas-enteras#breadcrumb","itemListElement":[{"@type":"ListItem","position":1,"name":"Portada","item":"https:\/\/yaomarket.cl\/"},{"@type":"ListItem","position":2,"name":"TIENDA","item":"https:\/\/yaomarket.cl\/?page_id=8"},{"@type":"ListItem","position":3,"name":"Vainilla Bourbon Kot\u00e1nyi: 5 Vainas Enteras"}]},{"@type":"WebSite","@id":"https:\/\/yaomarket.cl\/#website","url":"https:\/\/yaomarket.cl\/","name":"YAOMARKET","description":"","publisher":{"@id":"https:\/\/yaomarket.cl\/#organization"},"potentialAction":[{"@type":"SearchAction","target":{"@type":"EntryPoint","urlTemplate":"https:\/\/yaomarket.cl\/?s={search_term_string}"},"query-input":{"@type":"PropertyValueSpecification","valueRequired":true,"valueName":"search_term_string"}}],"inLanguage":"es"},{"@type":"Organization","@id":"https:\/\/yaomarket.cl\/#organization","name":"YAOMARKET","url":"https:\/\/yaomarket.cl\/","logo":{"@type":"ImageObject","inLanguage":"es","@id":"https:\/\/yaomarket.cl\/#\/schema\/logo\/image\/","url":"https:\/\/yaomarket.cl\/wp-content\/uploads\/2023\/08\/Logo-Original-Yao-Market-Circular.png","contentUrl":"https:\/\/yaomarket.cl\/wp-content\/uploads\/2023\/08\/Logo-Original-Yao-Market-Circular.png","width":522,"height":522,"caption":"YAOMARKET"},"image":{"@id":"https:\/\/yaomarket.cl\/#\/schema\/logo\/image\/"},"sameAs":["https:\/\/www.facebook.com\/yaomarketchile\/","https:\/\/www.instagram.com\/yao_market\/"]}]}},"_links":{"self":[{"href":"https:\/\/yaomarket.cl\/index.php?rest_route=\/wp\/v2\/product\/12133","targetHints":{"allow":["GET"]}}],"collection":[{"href":"https:\/\/yaomarket.cl\/index.php?rest_route=\/wp\/v2\/product"}],"about":[{"href":"https:\/\/yaomarket.cl\/index.php?rest_route=\/wp\/v2\/types\/product"}],"wp:featuredmedia":[{"embeddable":true,"href":"https:\/\/yaomarket.cl\/index.php?rest_route=\/wp\/v2\/media\/12134"}],"wp:attachment":[{"href":"https:\/\/yaomarket.cl\/index.php?rest_route=%2Fwp%2Fv2%2Fmedia&parent=12133"}],"wp:term":[{"taxonomy":"product_cat","embeddable":true,"href":"https:\/\/yaomarket.cl\/index.php?rest_route=%2Fwp%2Fv2%2Fproduct_cat&post=12133"},{"taxonomy":"product_tag","embeddable":true,"href":"https:\/\/yaomarket.cl\/index.php?rest_route=%2Fwp%2Fv2%2Fproduct_tag&post=12133"}],"curies":[{"name":"wp","href":"https:\/\/api.w.org\/{rel}","templated":true}]}}