{"id":12112,"date":"2025-05-27T04:52:08","date_gmt":"2025-05-27T04:52:08","guid":{"rendered":"https:\/\/yaomarket.cl\/?post_type=product&#038;p=12112"},"modified":"2025-05-27T04:52:33","modified_gmt":"2025-05-27T04:52:33","slug":"jarabe-syrup-natural-de-maple-250-ml","status":"publish","type":"product","link":"https:\/\/yaomarket.cl\/?product=jarabe-syrup-natural-de-maple-250-ml","title":{"rendered":"Jarabe\/Syrup Natural de Maple 250 ml"},"content":{"rendered":"<p><span style=\"color: #000000;\"><strong>M\u00e9todo de conservaci\u00f3n:<\/strong><\/span><\/p>\n<p><span style=\"color: #000000;\">El producto debe almacenarse en un lugar fresco y seco.<\/span><\/p>\n<p><span style=\"color: #000000;\"><strong>Pa\u00eds de origen:<\/strong><\/span><\/p>\n<p><span style=\"color: #000000;\">Canad\u00e1.<\/span><\/p>\n","protected":false},"excerpt":{"rendered":"<h2><span style=\"color: #000000;\">VENCIMIENTO: 06\/12\/2025<\/span><\/h2>\n<h2><span style=\"color: #000000;\">PRODUCTO NO ESTA SUJETO A CAMBIOS.<\/span><\/h2>\n<p style=\"font-weight: 400;\"><span style=\"color: #000000;\">Este jarabe de sabor original\u00a0se utiliza como\u00a0acompa\u00f1ante para panqueques, waffles, tostadas francesas, frutas, avena o granola. Tambi\u00e9n se utiliza como ingrediente para hornear, como edulcorante o aromatizante o incluso en el caf\u00e9 o t\u00e9 de la ma\u00f1ana.<\/span><\/p>\n<p style=\"font-weight: 400;\"><span style=\"color: #000000;\">Ingredientes:<\/span><br \/>\n<span style=\"color: #000000;\">Az\u00facar de ca\u00f1a natural, jarabe de arce puro, sabor natural de arce.<\/span><\/p>\n<p style=\"font-weight: 400;\"><span style=\"color: #000000;\">Este jarabe\u00a0 viene en un\u00a0envase de vidrio f\u00e1cil de abrir, f\u00e1cil de verter y a prueba de manipulaciones, lo que garantiza que el jarabe conserve su sabor natural.\u00a0<\/span><\/p>\n<p style=\"font-weight: 400;\"><span style=\"color: #000000;\">Puedes ver ac\u00e1 una idea para\u00a0aprovechar este jarabe con tu caf\u00e9:<\/span><\/p>\n<p><iframe loading=\"lazy\" title=\"Te ense\u00f1amos a preparar un latte maple en casa\" src=\"https:\/\/www.youtube.com\/embed\/gpFndF-a8Bs\" width=\"560\" height=\"315\" frameborder=\"0\" allowfullscreen=\"allowfullscreen\"><\/iframe><\/p>\n","protected":false},"featured_media":12113,"template":"","meta":[],"product_cat":[696,705,697],"product_tag":[],"class_list":{"0":"post-12112","1":"product","2":"type-product","3":"status-publish","4":"has-post-thumbnail","6":"product_cat-gourmet","7":"product_cat-maple-syrup","8":"product_cat-para-cocinar","10":"first","11":"instock","12":"shipping-taxable","13":"purchasable","14":"product-type-simple"},"yoast_head":"<!-- This site is optimized with the Yoast SEO plugin v25.2 - https:\/\/yoast.com\/wordpress\/plugins\/seo\/ -->\n<title>Jarabe\/Syrup Natural de Maple 250 ml - YAOMARKET<\/title>\n<meta name=\"robots\" content=\"index, follow, max-snippet:-1, max-image-preview:large, max-video-preview:-1\" \/>\n<link rel=\"canonical\" href=\"https:\/\/yaomarket.cl\/?product=jarabe-syrup-natural-de-maple-250-ml\" \/>\n<meta property=\"og:locale\" content=\"es_ES\" \/>\n<meta property=\"og:type\" content=\"article\" \/>\n<meta property=\"og:title\" content=\"Jarabe\/Syrup Natural de Maple 250 ml - YAOMARKET\" \/>\n<meta property=\"og:description\" content=\"VENCIMIENTO: 06\/12\/2025 PRODUCTO NO ESTA SUJETO A CAMBIOS. Este jarabe de sabor original\u00a0se utiliza como\u00a0acompa\u00f1ante para panqueques, waffles, tostadas francesas, frutas, avena o granola. Tambi\u00e9n se utiliza como ingrediente para hornear, como edulcorante o aromatizante o incluso en el caf\u00e9 o t\u00e9 de la ma\u00f1ana. Ingredientes: Az\u00facar de ca\u00f1a natural, jarabe de arce puro, sabor natural de arce. Este jarabe\u00a0 viene en un\u00a0envase de vidrio f\u00e1cil de abrir, f\u00e1cil de verter y a prueba de manipulaciones, lo que garantiza que el jarabe conserve su sabor natural.\u00a0 Puedes ver ac\u00e1 una idea para\u00a0aprovechar este jarabe con tu caf\u00e9:\" \/>\n<meta property=\"og:url\" content=\"https:\/\/yaomarket.cl\/?product=jarabe-syrup-natural-de-maple-250-ml\" \/>\n<meta property=\"og:site_name\" content=\"YAOMARKET\" \/>\n<meta property=\"article:publisher\" content=\"https:\/\/www.facebook.com\/yaomarketchile\/\" \/>\n<meta property=\"article:modified_time\" content=\"2025-05-27T04:52:33+00:00\" \/>\n<meta property=\"og:image\" content=\"https:\/\/yaomarket.cl\/wp-content\/uploads\/2025\/05\/jarabesyrup-natural-de-maple-250-ml-.png\" \/>\n\t<meta property=\"og:image:width\" content=\"800\" \/>\n\t<meta property=\"og:image:height\" content=\"800\" \/>\n\t<meta property=\"og:image:type\" content=\"image\/png\" \/>\n<meta name=\"twitter:card\" content=\"summary_large_image\" \/>\n<meta name=\"twitter:label1\" content=\"Tiempo de lectura\" \/>\n\t<meta name=\"twitter:data1\" content=\"1 minuto\" \/>\n<script type=\"application\/ld+json\" class=\"yoast-schema-graph\">{\"@context\":\"https:\/\/schema.org\",\"@graph\":[{\"@type\":\"WebPage\",\"@id\":\"https:\/\/yaomarket.cl\/?product=jarabe-syrup-natural-de-maple-250-ml\",\"url\":\"https:\/\/yaomarket.cl\/?product=jarabe-syrup-natural-de-maple-250-ml\",\"name\":\"Jarabe\/Syrup Natural de Maple 250 ml - YAOMARKET\",\"isPartOf\":{\"@id\":\"https:\/\/yaomarket.cl\/#website\"},\"primaryImageOfPage\":{\"@id\":\"https:\/\/yaomarket.cl\/?product=jarabe-syrup-natural-de-maple-250-ml#primaryimage\"},\"image\":{\"@id\":\"https:\/\/yaomarket.cl\/?product=jarabe-syrup-natural-de-maple-250-ml#primaryimage\"},\"thumbnailUrl\":\"https:\/\/yaomarket.cl\/wp-content\/uploads\/2025\/05\/jarabesyrup-natural-de-maple-250-ml-.png\",\"datePublished\":\"2025-05-27T04:52:08+00:00\",\"dateModified\":\"2025-05-27T04:52:33+00:00\",\"breadcrumb\":{\"@id\":\"https:\/\/yaomarket.cl\/?product=jarabe-syrup-natural-de-maple-250-ml#breadcrumb\"},\"inLanguage\":\"es\",\"potentialAction\":[{\"@type\":\"ReadAction\",\"target\":[\"https:\/\/yaomarket.cl\/?product=jarabe-syrup-natural-de-maple-250-ml\"]}]},{\"@type\":\"ImageObject\",\"inLanguage\":\"es\",\"@id\":\"https:\/\/yaomarket.cl\/?product=jarabe-syrup-natural-de-maple-250-ml#primaryimage\",\"url\":\"https:\/\/yaomarket.cl\/wp-content\/uploads\/2025\/05\/jarabesyrup-natural-de-maple-250-ml-.png\",\"contentUrl\":\"https:\/\/yaomarket.cl\/wp-content\/uploads\/2025\/05\/jarabesyrup-natural-de-maple-250-ml-.png\",\"width\":800,\"height\":800},{\"@type\":\"BreadcrumbList\",\"@id\":\"https:\/\/yaomarket.cl\/?product=jarabe-syrup-natural-de-maple-250-ml#breadcrumb\",\"itemListElement\":[{\"@type\":\"ListItem\",\"position\":1,\"name\":\"Portada\",\"item\":\"https:\/\/yaomarket.cl\/\"},{\"@type\":\"ListItem\",\"position\":2,\"name\":\"TIENDA\",\"item\":\"https:\/\/yaomarket.cl\/?page_id=8\"},{\"@type\":\"ListItem\",\"position\":3,\"name\":\"Jarabe\/Syrup Natural de Maple 250 ml\"}]},{\"@type\":\"WebSite\",\"@id\":\"https:\/\/yaomarket.cl\/#website\",\"url\":\"https:\/\/yaomarket.cl\/\",\"name\":\"YAOMARKET\",\"description\":\"\",\"publisher\":{\"@id\":\"https:\/\/yaomarket.cl\/#organization\"},\"potentialAction\":[{\"@type\":\"SearchAction\",\"target\":{\"@type\":\"EntryPoint\",\"urlTemplate\":\"https:\/\/yaomarket.cl\/?s={search_term_string}\"},\"query-input\":{\"@type\":\"PropertyValueSpecification\",\"valueRequired\":true,\"valueName\":\"search_term_string\"}}],\"inLanguage\":\"es\"},{\"@type\":\"Organization\",\"@id\":\"https:\/\/yaomarket.cl\/#organization\",\"name\":\"YAOMARKET\",\"url\":\"https:\/\/yaomarket.cl\/\",\"logo\":{\"@type\":\"ImageObject\",\"inLanguage\":\"es\",\"@id\":\"https:\/\/yaomarket.cl\/#\/schema\/logo\/image\/\",\"url\":\"https:\/\/yaomarket.cl\/wp-content\/uploads\/2023\/08\/Logo-Original-Yao-Market-Circular.png\",\"contentUrl\":\"https:\/\/yaomarket.cl\/wp-content\/uploads\/2023\/08\/Logo-Original-Yao-Market-Circular.png\",\"width\":522,\"height\":522,\"caption\":\"YAOMARKET\"},\"image\":{\"@id\":\"https:\/\/yaomarket.cl\/#\/schema\/logo\/image\/\"},\"sameAs\":[\"https:\/\/www.facebook.com\/yaomarketchile\/\",\"https:\/\/www.instagram.com\/yao_market\/\"]}]}<\/script>\n<!-- \/ Yoast SEO plugin. -->","yoast_head_json":{"title":"Jarabe\/Syrup Natural de Maple 250 ml - YAOMARKET","robots":{"index":"index","follow":"follow","max-snippet":"max-snippet:-1","max-image-preview":"max-image-preview:large","max-video-preview":"max-video-preview:-1"},"canonical":"https:\/\/yaomarket.cl\/?product=jarabe-syrup-natural-de-maple-250-ml","og_locale":"es_ES","og_type":"article","og_title":"Jarabe\/Syrup Natural de Maple 250 ml - YAOMARKET","og_description":"VENCIMIENTO: 06\/12\/2025 PRODUCTO NO ESTA SUJETO A CAMBIOS. Este jarabe de sabor original\u00a0se utiliza como\u00a0acompa\u00f1ante para panqueques, waffles, tostadas francesas, frutas, avena o granola. Tambi\u00e9n se utiliza como ingrediente para hornear, como edulcorante o aromatizante o incluso en el caf\u00e9 o t\u00e9 de la ma\u00f1ana. Ingredientes: Az\u00facar de ca\u00f1a natural, jarabe de arce puro, sabor natural de arce. Este jarabe\u00a0 viene en un\u00a0envase de vidrio f\u00e1cil de abrir, f\u00e1cil de verter y a prueba de manipulaciones, lo que garantiza que el jarabe conserve su sabor natural.\u00a0 Puedes ver ac\u00e1 una idea para\u00a0aprovechar este jarabe con tu caf\u00e9:","og_url":"https:\/\/yaomarket.cl\/?product=jarabe-syrup-natural-de-maple-250-ml","og_site_name":"YAOMARKET","article_publisher":"https:\/\/www.facebook.com\/yaomarketchile\/","article_modified_time":"2025-05-27T04:52:33+00:00","og_image":[{"width":800,"height":800,"url":"https:\/\/yaomarket.cl\/wp-content\/uploads\/2025\/05\/jarabesyrup-natural-de-maple-250-ml-.png","type":"image\/png"}],"twitter_card":"summary_large_image","twitter_misc":{"Tiempo de lectura":"1 minuto"},"schema":{"@context":"https:\/\/schema.org","@graph":[{"@type":"WebPage","@id":"https:\/\/yaomarket.cl\/?product=jarabe-syrup-natural-de-maple-250-ml","url":"https:\/\/yaomarket.cl\/?product=jarabe-syrup-natural-de-maple-250-ml","name":"Jarabe\/Syrup Natural de Maple 250 ml - YAOMARKET","isPartOf":{"@id":"https:\/\/yaomarket.cl\/#website"},"primaryImageOfPage":{"@id":"https:\/\/yaomarket.cl\/?product=jarabe-syrup-natural-de-maple-250-ml#primaryimage"},"image":{"@id":"https:\/\/yaomarket.cl\/?product=jarabe-syrup-natural-de-maple-250-ml#primaryimage"},"thumbnailUrl":"https:\/\/yaomarket.cl\/wp-content\/uploads\/2025\/05\/jarabesyrup-natural-de-maple-250-ml-.png","datePublished":"2025-05-27T04:52:08+00:00","dateModified":"2025-05-27T04:52:33+00:00","breadcrumb":{"@id":"https:\/\/yaomarket.cl\/?product=jarabe-syrup-natural-de-maple-250-ml#breadcrumb"},"inLanguage":"es","potentialAction":[{"@type":"ReadAction","target":["https:\/\/yaomarket.cl\/?product=jarabe-syrup-natural-de-maple-250-ml"]}]},{"@type":"ImageObject","inLanguage":"es","@id":"https:\/\/yaomarket.cl\/?product=jarabe-syrup-natural-de-maple-250-ml#primaryimage","url":"https:\/\/yaomarket.cl\/wp-content\/uploads\/2025\/05\/jarabesyrup-natural-de-maple-250-ml-.png","contentUrl":"https:\/\/yaomarket.cl\/wp-content\/uploads\/2025\/05\/jarabesyrup-natural-de-maple-250-ml-.png","width":800,"height":800},{"@type":"BreadcrumbList","@id":"https:\/\/yaomarket.cl\/?product=jarabe-syrup-natural-de-maple-250-ml#breadcrumb","itemListElement":[{"@type":"ListItem","position":1,"name":"Portada","item":"https:\/\/yaomarket.cl\/"},{"@type":"ListItem","position":2,"name":"TIENDA","item":"https:\/\/yaomarket.cl\/?page_id=8"},{"@type":"ListItem","position":3,"name":"Jarabe\/Syrup Natural de Maple 250 ml"}]},{"@type":"WebSite","@id":"https:\/\/yaomarket.cl\/#website","url":"https:\/\/yaomarket.cl\/","name":"YAOMARKET","description":"","publisher":{"@id":"https:\/\/yaomarket.cl\/#organization"},"potentialAction":[{"@type":"SearchAction","target":{"@type":"EntryPoint","urlTemplate":"https:\/\/yaomarket.cl\/?s={search_term_string}"},"query-input":{"@type":"PropertyValueSpecification","valueRequired":true,"valueName":"search_term_string"}}],"inLanguage":"es"},{"@type":"Organization","@id":"https:\/\/yaomarket.cl\/#organization","name":"YAOMARKET","url":"https:\/\/yaomarket.cl\/","logo":{"@type":"ImageObject","inLanguage":"es","@id":"https:\/\/yaomarket.cl\/#\/schema\/logo\/image\/","url":"https:\/\/yaomarket.cl\/wp-content\/uploads\/2023\/08\/Logo-Original-Yao-Market-Circular.png","contentUrl":"https:\/\/yaomarket.cl\/wp-content\/uploads\/2023\/08\/Logo-Original-Yao-Market-Circular.png","width":522,"height":522,"caption":"YAOMARKET"},"image":{"@id":"https:\/\/yaomarket.cl\/#\/schema\/logo\/image\/"},"sameAs":["https:\/\/www.facebook.com\/yaomarketchile\/","https:\/\/www.instagram.com\/yao_market\/"]}]}},"_links":{"self":[{"href":"https:\/\/yaomarket.cl\/index.php?rest_route=\/wp\/v2\/product\/12112","targetHints":{"allow":["GET"]}}],"collection":[{"href":"https:\/\/yaomarket.cl\/index.php?rest_route=\/wp\/v2\/product"}],"about":[{"href":"https:\/\/yaomarket.cl\/index.php?rest_route=\/wp\/v2\/types\/product"}],"wp:featuredmedia":[{"embeddable":true,"href":"https:\/\/yaomarket.cl\/index.php?rest_route=\/wp\/v2\/media\/12113"}],"wp:attachment":[{"href":"https:\/\/yaomarket.cl\/index.php?rest_route=%2Fwp%2Fv2%2Fmedia&parent=12112"}],"wp:term":[{"taxonomy":"product_cat","embeddable":true,"href":"https:\/\/yaomarket.cl\/index.php?rest_route=%2Fwp%2Fv2%2Fproduct_cat&post=12112"},{"taxonomy":"product_tag","embeddable":true,"href":"https:\/\/yaomarket.cl\/index.php?rest_route=%2Fwp%2Fv2%2Fproduct_tag&post=12112"}],"curies":[{"name":"wp","href":"https:\/\/api.w.org\/{rel}","templated":true}]}}