{"id":12110,"date":"2025-05-27T04:49:18","date_gmt":"2025-05-27T04:49:18","guid":{"rendered":"https:\/\/yaomarket.cl\/?post_type=product&#038;p=12110"},"modified":"2025-05-27T04:49:18","modified_gmt":"2025-05-27T04:49:18","slug":"aceite-de-oliva-extra-virgen-con-trufas-negras-250-ml","status":"publish","type":"product","link":"https:\/\/yaomarket.cl\/?product=aceite-de-oliva-extra-virgen-con-trufas-negras-250-ml","title":{"rendered":"Aceite de Oliva Extra Virgen con Trufas negras 250 ml"},"content":{"rendered":"<p><span style=\"color: #000000;\">Aceite de Oliva Extra Virgen con Trufas Negras 250 ml &#8211; Despensa: \u00bfBuscas un toque de elegancia en tus platos? Nuestro Aceite de Oliva Extra Virgen con Trufas Negras es la elecci\u00f3n perfecta. El sabor inconfundible de las trufas negras se fusiona con el aceite de oliva de alta calidad para brindarte una experiencia culinaria \u00fanica. Roc\u00eda este aceite sobre risottos, pastas o carnes a la parrilla para realzar sus sabores y crear platos gourmet en minutos.<\/span><\/p>\n","protected":false},"excerpt":{"rendered":"<p><span style=\"color: #000000;\">Aceite de Oliva Extra Virgen a base de aceite de oliva virgen extra aromatizado con trufas negras. Un sabor precioso, un toque extra que completar\u00e1 tus recetas: una ayuda natural, genuina y f\u00e1cil en la cocina para la preparaci\u00f3n de nuevos y deliciosos platos.<\/span><\/p>\n<p><span style=\"color: #000000;\"><strong>Contenido Neto:<\/strong> 250ml.<\/span><\/p>\n","protected":false},"featured_media":12111,"template":"","meta":[],"product_cat":[704,696,697],"product_tag":[],"class_list":{"0":"post-12110","1":"product","2":"type-product","3":"status-publish","4":"has-post-thumbnail","6":"product_cat-aceite-de-oliva","7":"product_cat-gourmet","8":"product_cat-para-cocinar","10":"first","11":"instock","12":"shipping-taxable","13":"purchasable","14":"product-type-simple"},"yoast_head":"<!-- This site is optimized with the Yoast SEO plugin v25.2 - https:\/\/yoast.com\/wordpress\/plugins\/seo\/ -->\n<title>Aceite de Oliva Extra Virgen con Trufas negras 250 ml - YAOMARKET<\/title>\n<meta name=\"robots\" content=\"index, follow, max-snippet:-1, max-image-preview:large, max-video-preview:-1\" \/>\n<link rel=\"canonical\" href=\"https:\/\/yaomarket.cl\/?product=aceite-de-oliva-extra-virgen-con-trufas-negras-250-ml\" \/>\n<meta property=\"og:locale\" content=\"es_ES\" \/>\n<meta property=\"og:type\" content=\"article\" \/>\n<meta property=\"og:title\" content=\"Aceite de Oliva Extra Virgen con Trufas negras 250 ml - YAOMARKET\" \/>\n<meta property=\"og:description\" content=\"Aceite de Oliva Extra Virgen a base de aceite de oliva virgen extra aromatizado con trufas negras. Un sabor precioso, un toque extra que completar\u00e1 tus recetas: una ayuda natural, genuina y f\u00e1cil en la cocina para la preparaci\u00f3n de nuevos y deliciosos platos.  Contenido Neto: 250ml.\" \/>\n<meta property=\"og:url\" content=\"https:\/\/yaomarket.cl\/?product=aceite-de-oliva-extra-virgen-con-trufas-negras-250-ml\" \/>\n<meta property=\"og:site_name\" content=\"YAOMARKET\" \/>\n<meta property=\"article:publisher\" content=\"https:\/\/www.facebook.com\/yaomarketchile\/\" \/>\n<meta property=\"og:image\" content=\"https:\/\/yaomarket.cl\/wp-content\/uploads\/2025\/05\/aceite-de-oliva-extra-virgen-con-trufas-negras-250-ml.png\" \/>\n\t<meta property=\"og:image:width\" content=\"800\" \/>\n\t<meta property=\"og:image:height\" content=\"800\" \/>\n\t<meta property=\"og:image:type\" content=\"image\/png\" \/>\n<meta name=\"twitter:card\" content=\"summary_large_image\" \/>\n<meta name=\"twitter:label1\" content=\"Tiempo de lectura\" \/>\n\t<meta name=\"twitter:data1\" content=\"1 minuto\" \/>\n<script type=\"application\/ld+json\" class=\"yoast-schema-graph\">{\"@context\":\"https:\/\/schema.org\",\"@graph\":[{\"@type\":\"WebPage\",\"@id\":\"https:\/\/yaomarket.cl\/?product=aceite-de-oliva-extra-virgen-con-trufas-negras-250-ml\",\"url\":\"https:\/\/yaomarket.cl\/?product=aceite-de-oliva-extra-virgen-con-trufas-negras-250-ml\",\"name\":\"Aceite de Oliva Extra Virgen con Trufas negras 250 ml - YAOMARKET\",\"isPartOf\":{\"@id\":\"https:\/\/yaomarket.cl\/#website\"},\"primaryImageOfPage\":{\"@id\":\"https:\/\/yaomarket.cl\/?product=aceite-de-oliva-extra-virgen-con-trufas-negras-250-ml#primaryimage\"},\"image\":{\"@id\":\"https:\/\/yaomarket.cl\/?product=aceite-de-oliva-extra-virgen-con-trufas-negras-250-ml#primaryimage\"},\"thumbnailUrl\":\"https:\/\/yaomarket.cl\/wp-content\/uploads\/2025\/05\/aceite-de-oliva-extra-virgen-con-trufas-negras-250-ml.png\",\"datePublished\":\"2025-05-27T04:49:18+00:00\",\"breadcrumb\":{\"@id\":\"https:\/\/yaomarket.cl\/?product=aceite-de-oliva-extra-virgen-con-trufas-negras-250-ml#breadcrumb\"},\"inLanguage\":\"es\",\"potentialAction\":[{\"@type\":\"ReadAction\",\"target\":[\"https:\/\/yaomarket.cl\/?product=aceite-de-oliva-extra-virgen-con-trufas-negras-250-ml\"]}]},{\"@type\":\"ImageObject\",\"inLanguage\":\"es\",\"@id\":\"https:\/\/yaomarket.cl\/?product=aceite-de-oliva-extra-virgen-con-trufas-negras-250-ml#primaryimage\",\"url\":\"https:\/\/yaomarket.cl\/wp-content\/uploads\/2025\/05\/aceite-de-oliva-extra-virgen-con-trufas-negras-250-ml.png\",\"contentUrl\":\"https:\/\/yaomarket.cl\/wp-content\/uploads\/2025\/05\/aceite-de-oliva-extra-virgen-con-trufas-negras-250-ml.png\",\"width\":800,\"height\":800},{\"@type\":\"BreadcrumbList\",\"@id\":\"https:\/\/yaomarket.cl\/?product=aceite-de-oliva-extra-virgen-con-trufas-negras-250-ml#breadcrumb\",\"itemListElement\":[{\"@type\":\"ListItem\",\"position\":1,\"name\":\"Portada\",\"item\":\"https:\/\/yaomarket.cl\/\"},{\"@type\":\"ListItem\",\"position\":2,\"name\":\"TIENDA\",\"item\":\"https:\/\/yaomarket.cl\/?page_id=8\"},{\"@type\":\"ListItem\",\"position\":3,\"name\":\"Aceite de Oliva Extra Virgen con Trufas negras 250 ml\"}]},{\"@type\":\"WebSite\",\"@id\":\"https:\/\/yaomarket.cl\/#website\",\"url\":\"https:\/\/yaomarket.cl\/\",\"name\":\"YAOMARKET\",\"description\":\"\",\"publisher\":{\"@id\":\"https:\/\/yaomarket.cl\/#organization\"},\"potentialAction\":[{\"@type\":\"SearchAction\",\"target\":{\"@type\":\"EntryPoint\",\"urlTemplate\":\"https:\/\/yaomarket.cl\/?s={search_term_string}\"},\"query-input\":{\"@type\":\"PropertyValueSpecification\",\"valueRequired\":true,\"valueName\":\"search_term_string\"}}],\"inLanguage\":\"es\"},{\"@type\":\"Organization\",\"@id\":\"https:\/\/yaomarket.cl\/#organization\",\"name\":\"YAOMARKET\",\"url\":\"https:\/\/yaomarket.cl\/\",\"logo\":{\"@type\":\"ImageObject\",\"inLanguage\":\"es\",\"@id\":\"https:\/\/yaomarket.cl\/#\/schema\/logo\/image\/\",\"url\":\"https:\/\/yaomarket.cl\/wp-content\/uploads\/2023\/08\/Logo-Original-Yao-Market-Circular.png\",\"contentUrl\":\"https:\/\/yaomarket.cl\/wp-content\/uploads\/2023\/08\/Logo-Original-Yao-Market-Circular.png\",\"width\":522,\"height\":522,\"caption\":\"YAOMARKET\"},\"image\":{\"@id\":\"https:\/\/yaomarket.cl\/#\/schema\/logo\/image\/\"},\"sameAs\":[\"https:\/\/www.facebook.com\/yaomarketchile\/\",\"https:\/\/www.instagram.com\/yao_market\/\"]}]}<\/script>\n<!-- \/ Yoast SEO plugin. -->","yoast_head_json":{"title":"Aceite de Oliva Extra Virgen con Trufas negras 250 ml - YAOMARKET","robots":{"index":"index","follow":"follow","max-snippet":"max-snippet:-1","max-image-preview":"max-image-preview:large","max-video-preview":"max-video-preview:-1"},"canonical":"https:\/\/yaomarket.cl\/?product=aceite-de-oliva-extra-virgen-con-trufas-negras-250-ml","og_locale":"es_ES","og_type":"article","og_title":"Aceite de Oliva Extra Virgen con Trufas negras 250 ml - YAOMARKET","og_description":"Aceite de Oliva Extra Virgen a base de aceite de oliva virgen extra aromatizado con trufas negras. Un sabor precioso, un toque extra que completar\u00e1 tus recetas: una ayuda natural, genuina y f\u00e1cil en la cocina para la preparaci\u00f3n de nuevos y deliciosos platos.  Contenido Neto: 250ml.","og_url":"https:\/\/yaomarket.cl\/?product=aceite-de-oliva-extra-virgen-con-trufas-negras-250-ml","og_site_name":"YAOMARKET","article_publisher":"https:\/\/www.facebook.com\/yaomarketchile\/","og_image":[{"width":800,"height":800,"url":"https:\/\/yaomarket.cl\/wp-content\/uploads\/2025\/05\/aceite-de-oliva-extra-virgen-con-trufas-negras-250-ml.png","type":"image\/png"}],"twitter_card":"summary_large_image","twitter_misc":{"Tiempo de lectura":"1 minuto"},"schema":{"@context":"https:\/\/schema.org","@graph":[{"@type":"WebPage","@id":"https:\/\/yaomarket.cl\/?product=aceite-de-oliva-extra-virgen-con-trufas-negras-250-ml","url":"https:\/\/yaomarket.cl\/?product=aceite-de-oliva-extra-virgen-con-trufas-negras-250-ml","name":"Aceite de Oliva Extra Virgen con Trufas negras 250 ml - YAOMARKET","isPartOf":{"@id":"https:\/\/yaomarket.cl\/#website"},"primaryImageOfPage":{"@id":"https:\/\/yaomarket.cl\/?product=aceite-de-oliva-extra-virgen-con-trufas-negras-250-ml#primaryimage"},"image":{"@id":"https:\/\/yaomarket.cl\/?product=aceite-de-oliva-extra-virgen-con-trufas-negras-250-ml#primaryimage"},"thumbnailUrl":"https:\/\/yaomarket.cl\/wp-content\/uploads\/2025\/05\/aceite-de-oliva-extra-virgen-con-trufas-negras-250-ml.png","datePublished":"2025-05-27T04:49:18+00:00","breadcrumb":{"@id":"https:\/\/yaomarket.cl\/?product=aceite-de-oliva-extra-virgen-con-trufas-negras-250-ml#breadcrumb"},"inLanguage":"es","potentialAction":[{"@type":"ReadAction","target":["https:\/\/yaomarket.cl\/?product=aceite-de-oliva-extra-virgen-con-trufas-negras-250-ml"]}]},{"@type":"ImageObject","inLanguage":"es","@id":"https:\/\/yaomarket.cl\/?product=aceite-de-oliva-extra-virgen-con-trufas-negras-250-ml#primaryimage","url":"https:\/\/yaomarket.cl\/wp-content\/uploads\/2025\/05\/aceite-de-oliva-extra-virgen-con-trufas-negras-250-ml.png","contentUrl":"https:\/\/yaomarket.cl\/wp-content\/uploads\/2025\/05\/aceite-de-oliva-extra-virgen-con-trufas-negras-250-ml.png","width":800,"height":800},{"@type":"BreadcrumbList","@id":"https:\/\/yaomarket.cl\/?product=aceite-de-oliva-extra-virgen-con-trufas-negras-250-ml#breadcrumb","itemListElement":[{"@type":"ListItem","position":1,"name":"Portada","item":"https:\/\/yaomarket.cl\/"},{"@type":"ListItem","position":2,"name":"TIENDA","item":"https:\/\/yaomarket.cl\/?page_id=8"},{"@type":"ListItem","position":3,"name":"Aceite de Oliva Extra Virgen con Trufas negras 250 ml"}]},{"@type":"WebSite","@id":"https:\/\/yaomarket.cl\/#website","url":"https:\/\/yaomarket.cl\/","name":"YAOMARKET","description":"","publisher":{"@id":"https:\/\/yaomarket.cl\/#organization"},"potentialAction":[{"@type":"SearchAction","target":{"@type":"EntryPoint","urlTemplate":"https:\/\/yaomarket.cl\/?s={search_term_string}"},"query-input":{"@type":"PropertyValueSpecification","valueRequired":true,"valueName":"search_term_string"}}],"inLanguage":"es"},{"@type":"Organization","@id":"https:\/\/yaomarket.cl\/#organization","name":"YAOMARKET","url":"https:\/\/yaomarket.cl\/","logo":{"@type":"ImageObject","inLanguage":"es","@id":"https:\/\/yaomarket.cl\/#\/schema\/logo\/image\/","url":"https:\/\/yaomarket.cl\/wp-content\/uploads\/2023\/08\/Logo-Original-Yao-Market-Circular.png","contentUrl":"https:\/\/yaomarket.cl\/wp-content\/uploads\/2023\/08\/Logo-Original-Yao-Market-Circular.png","width":522,"height":522,"caption":"YAOMARKET"},"image":{"@id":"https:\/\/yaomarket.cl\/#\/schema\/logo\/image\/"},"sameAs":["https:\/\/www.facebook.com\/yaomarketchile\/","https:\/\/www.instagram.com\/yao_market\/"]}]}},"_links":{"self":[{"href":"https:\/\/yaomarket.cl\/index.php?rest_route=\/wp\/v2\/product\/12110","targetHints":{"allow":["GET"]}}],"collection":[{"href":"https:\/\/yaomarket.cl\/index.php?rest_route=\/wp\/v2\/product"}],"about":[{"href":"https:\/\/yaomarket.cl\/index.php?rest_route=\/wp\/v2\/types\/product"}],"wp:featuredmedia":[{"embeddable":true,"href":"https:\/\/yaomarket.cl\/index.php?rest_route=\/wp\/v2\/media\/12111"}],"wp:attachment":[{"href":"https:\/\/yaomarket.cl\/index.php?rest_route=%2Fwp%2Fv2%2Fmedia&parent=12110"}],"wp:term":[{"taxonomy":"product_cat","embeddable":true,"href":"https:\/\/yaomarket.cl\/index.php?rest_route=%2Fwp%2Fv2%2Fproduct_cat&post=12110"},{"taxonomy":"product_tag","embeddable":true,"href":"https:\/\/yaomarket.cl\/index.php?rest_route=%2Fwp%2Fv2%2Fproduct_tag&post=12110"}],"curies":[{"name":"wp","href":"https:\/\/api.w.org\/{rel}","templated":true}]}}