{"id":12102,"date":"2025-05-27T04:44:24","date_gmt":"2025-05-27T04:44:24","guid":{"rendered":"https:\/\/yaomarket.cl\/?post_type=product&#038;p=12102"},"modified":"2025-05-27T04:44:46","modified_gmt":"2025-05-27T04:44:46","slug":"aceite-de-oliva-extra-virgen-seleccion-italiana-250-ml","status":"publish","type":"product","link":"https:\/\/yaomarket.cl\/?product=aceite-de-oliva-extra-virgen-seleccion-italiana-250-ml","title":{"rendered":"Aceite De Oliva Extra Virgen Selecci\u00f3n italiana 250 Ml"},"content":{"rendered":"<p><span style=\"color: #000000;\">El aceite Arioli tiene un encanto que proviene de la relaci\u00f3n directa del producto con la tierra, con el olivo aferrado a ella, f\u00e9rtil desde hace siglos y con miles de frutos que decoran su follaje, ofrecido al sol con exuberancia, casi con alegr\u00eda. Los mejores productos gourmet de SANTA VICTORIA ahora los encuentras en YAO MARKET.<\/span><\/p>\n","protected":false},"excerpt":{"rendered":"<p><span style=\"color: #000000;\">El Aceite de Oliva Virgen Extra 100% Italiano, resultado de una selecci\u00f3n de aceites v\u00edrgenes extra obtenidos de aceitunas cultivadas y prensadas en Italia, es apto para uso en crudo, excelente para ensaladas, carpaccio y bruschettas. Para conservar mejor sus excelentes cualidades organol\u00e9pticas, se envasa en botella de cristal oscuro . <\/span><\/p>\n<p><span style=\"color: #000000;\"><strong>Contenido Neto:<\/strong> 250ml.<\/span><\/p>\n","protected":false},"featured_media":12103,"template":"","meta":[],"product_cat":[704,696,697],"product_tag":[],"class_list":{"0":"post-12102","1":"product","2":"type-product","3":"status-publish","4":"has-post-thumbnail","6":"product_cat-aceite-de-oliva","7":"product_cat-gourmet","8":"product_cat-para-cocinar","10":"first","11":"instock","12":"shipping-taxable","13":"purchasable","14":"product-type-simple"},"yoast_head":"<!-- This site is optimized with the Yoast SEO plugin v25.2 - https:\/\/yoast.com\/wordpress\/plugins\/seo\/ -->\n<title>Aceite De Oliva Extra Virgen Selecci\u00f3n italiana 250 Ml - YAOMARKET<\/title>\n<meta name=\"robots\" content=\"index, follow, max-snippet:-1, max-image-preview:large, max-video-preview:-1\" \/>\n<link rel=\"canonical\" href=\"https:\/\/yaomarket.cl\/?product=aceite-de-oliva-extra-virgen-seleccion-italiana-250-ml\" \/>\n<meta property=\"og:locale\" content=\"es_ES\" \/>\n<meta property=\"og:type\" content=\"article\" \/>\n<meta property=\"og:title\" content=\"Aceite De Oliva Extra Virgen Selecci\u00f3n italiana 250 Ml - YAOMARKET\" \/>\n<meta property=\"og:description\" content=\"El Aceite de Oliva Virgen Extra 100% Italiano, resultado de una selecci\u00f3n de aceites v\u00edrgenes extra obtenidos de aceitunas cultivadas y prensadas en Italia, es apto para uso en crudo, excelente para ensaladas, carpaccio y bruschettas. Para conservar mejor sus excelentes cualidades organol\u00e9pticas, se envasa en botella de cristal oscuro .   Contenido Neto: 250ml.\" \/>\n<meta property=\"og:url\" content=\"https:\/\/yaomarket.cl\/?product=aceite-de-oliva-extra-virgen-seleccion-italiana-250-ml\" \/>\n<meta property=\"og:site_name\" content=\"YAOMARKET\" \/>\n<meta property=\"article:publisher\" content=\"https:\/\/www.facebook.com\/yaomarketchile\/\" \/>\n<meta property=\"article:modified_time\" content=\"2025-05-27T04:44:46+00:00\" \/>\n<meta property=\"og:image\" content=\"https:\/\/yaomarket.cl\/wp-content\/uploads\/2025\/05\/aceite-de-oliva-extra-virgen-selezione-italiana-250-ml.png\" \/>\n\t<meta property=\"og:image:width\" content=\"800\" \/>\n\t<meta property=\"og:image:height\" content=\"800\" \/>\n\t<meta property=\"og:image:type\" content=\"image\/png\" \/>\n<meta name=\"twitter:card\" content=\"summary_large_image\" \/>\n<meta name=\"twitter:label1\" content=\"Tiempo de lectura\" \/>\n\t<meta name=\"twitter:data1\" content=\"1 minuto\" \/>\n<script type=\"application\/ld+json\" class=\"yoast-schema-graph\">{\"@context\":\"https:\/\/schema.org\",\"@graph\":[{\"@type\":\"WebPage\",\"@id\":\"https:\/\/yaomarket.cl\/?product=aceite-de-oliva-extra-virgen-seleccion-italiana-250-ml\",\"url\":\"https:\/\/yaomarket.cl\/?product=aceite-de-oliva-extra-virgen-seleccion-italiana-250-ml\",\"name\":\"Aceite De Oliva Extra Virgen Selecci\u00f3n italiana 250 Ml - YAOMARKET\",\"isPartOf\":{\"@id\":\"https:\/\/yaomarket.cl\/#website\"},\"primaryImageOfPage\":{\"@id\":\"https:\/\/yaomarket.cl\/?product=aceite-de-oliva-extra-virgen-seleccion-italiana-250-ml#primaryimage\"},\"image\":{\"@id\":\"https:\/\/yaomarket.cl\/?product=aceite-de-oliva-extra-virgen-seleccion-italiana-250-ml#primaryimage\"},\"thumbnailUrl\":\"https:\/\/yaomarket.cl\/wp-content\/uploads\/2025\/05\/aceite-de-oliva-extra-virgen-selezione-italiana-250-ml.png\",\"datePublished\":\"2025-05-27T04:44:24+00:00\",\"dateModified\":\"2025-05-27T04:44:46+00:00\",\"breadcrumb\":{\"@id\":\"https:\/\/yaomarket.cl\/?product=aceite-de-oliva-extra-virgen-seleccion-italiana-250-ml#breadcrumb\"},\"inLanguage\":\"es\",\"potentialAction\":[{\"@type\":\"ReadAction\",\"target\":[\"https:\/\/yaomarket.cl\/?product=aceite-de-oliva-extra-virgen-seleccion-italiana-250-ml\"]}]},{\"@type\":\"ImageObject\",\"inLanguage\":\"es\",\"@id\":\"https:\/\/yaomarket.cl\/?product=aceite-de-oliva-extra-virgen-seleccion-italiana-250-ml#primaryimage\",\"url\":\"https:\/\/yaomarket.cl\/wp-content\/uploads\/2025\/05\/aceite-de-oliva-extra-virgen-selezione-italiana-250-ml.png\",\"contentUrl\":\"https:\/\/yaomarket.cl\/wp-content\/uploads\/2025\/05\/aceite-de-oliva-extra-virgen-selezione-italiana-250-ml.png\",\"width\":800,\"height\":800},{\"@type\":\"BreadcrumbList\",\"@id\":\"https:\/\/yaomarket.cl\/?product=aceite-de-oliva-extra-virgen-seleccion-italiana-250-ml#breadcrumb\",\"itemListElement\":[{\"@type\":\"ListItem\",\"position\":1,\"name\":\"Portada\",\"item\":\"https:\/\/yaomarket.cl\/\"},{\"@type\":\"ListItem\",\"position\":2,\"name\":\"TIENDA\",\"item\":\"https:\/\/yaomarket.cl\/?page_id=8\"},{\"@type\":\"ListItem\",\"position\":3,\"name\":\"Aceite De Oliva Extra Virgen Selecci\u00f3n italiana 250 Ml\"}]},{\"@type\":\"WebSite\",\"@id\":\"https:\/\/yaomarket.cl\/#website\",\"url\":\"https:\/\/yaomarket.cl\/\",\"name\":\"YAOMARKET\",\"description\":\"\",\"publisher\":{\"@id\":\"https:\/\/yaomarket.cl\/#organization\"},\"potentialAction\":[{\"@type\":\"SearchAction\",\"target\":{\"@type\":\"EntryPoint\",\"urlTemplate\":\"https:\/\/yaomarket.cl\/?s={search_term_string}\"},\"query-input\":{\"@type\":\"PropertyValueSpecification\",\"valueRequired\":true,\"valueName\":\"search_term_string\"}}],\"inLanguage\":\"es\"},{\"@type\":\"Organization\",\"@id\":\"https:\/\/yaomarket.cl\/#organization\",\"name\":\"YAOMARKET\",\"url\":\"https:\/\/yaomarket.cl\/\",\"logo\":{\"@type\":\"ImageObject\",\"inLanguage\":\"es\",\"@id\":\"https:\/\/yaomarket.cl\/#\/schema\/logo\/image\/\",\"url\":\"https:\/\/yaomarket.cl\/wp-content\/uploads\/2023\/08\/Logo-Original-Yao-Market-Circular.png\",\"contentUrl\":\"https:\/\/yaomarket.cl\/wp-content\/uploads\/2023\/08\/Logo-Original-Yao-Market-Circular.png\",\"width\":522,\"height\":522,\"caption\":\"YAOMARKET\"},\"image\":{\"@id\":\"https:\/\/yaomarket.cl\/#\/schema\/logo\/image\/\"},\"sameAs\":[\"https:\/\/www.facebook.com\/yaomarketchile\/\",\"https:\/\/www.instagram.com\/yao_market\/\"]}]}<\/script>\n<!-- \/ Yoast SEO plugin. -->","yoast_head_json":{"title":"Aceite De Oliva Extra Virgen Selecci\u00f3n italiana 250 Ml - YAOMARKET","robots":{"index":"index","follow":"follow","max-snippet":"max-snippet:-1","max-image-preview":"max-image-preview:large","max-video-preview":"max-video-preview:-1"},"canonical":"https:\/\/yaomarket.cl\/?product=aceite-de-oliva-extra-virgen-seleccion-italiana-250-ml","og_locale":"es_ES","og_type":"article","og_title":"Aceite De Oliva Extra Virgen Selecci\u00f3n italiana 250 Ml - YAOMARKET","og_description":"El Aceite de Oliva Virgen Extra 100% Italiano, resultado de una selecci\u00f3n de aceites v\u00edrgenes extra obtenidos de aceitunas cultivadas y prensadas en Italia, es apto para uso en crudo, excelente para ensaladas, carpaccio y bruschettas. Para conservar mejor sus excelentes cualidades organol\u00e9pticas, se envasa en botella de cristal oscuro .   Contenido Neto: 250ml.","og_url":"https:\/\/yaomarket.cl\/?product=aceite-de-oliva-extra-virgen-seleccion-italiana-250-ml","og_site_name":"YAOMARKET","article_publisher":"https:\/\/www.facebook.com\/yaomarketchile\/","article_modified_time":"2025-05-27T04:44:46+00:00","og_image":[{"width":800,"height":800,"url":"https:\/\/yaomarket.cl\/wp-content\/uploads\/2025\/05\/aceite-de-oliva-extra-virgen-selezione-italiana-250-ml.png","type":"image\/png"}],"twitter_card":"summary_large_image","twitter_misc":{"Tiempo de lectura":"1 minuto"},"schema":{"@context":"https:\/\/schema.org","@graph":[{"@type":"WebPage","@id":"https:\/\/yaomarket.cl\/?product=aceite-de-oliva-extra-virgen-seleccion-italiana-250-ml","url":"https:\/\/yaomarket.cl\/?product=aceite-de-oliva-extra-virgen-seleccion-italiana-250-ml","name":"Aceite De Oliva Extra Virgen Selecci\u00f3n italiana 250 Ml - YAOMARKET","isPartOf":{"@id":"https:\/\/yaomarket.cl\/#website"},"primaryImageOfPage":{"@id":"https:\/\/yaomarket.cl\/?product=aceite-de-oliva-extra-virgen-seleccion-italiana-250-ml#primaryimage"},"image":{"@id":"https:\/\/yaomarket.cl\/?product=aceite-de-oliva-extra-virgen-seleccion-italiana-250-ml#primaryimage"},"thumbnailUrl":"https:\/\/yaomarket.cl\/wp-content\/uploads\/2025\/05\/aceite-de-oliva-extra-virgen-selezione-italiana-250-ml.png","datePublished":"2025-05-27T04:44:24+00:00","dateModified":"2025-05-27T04:44:46+00:00","breadcrumb":{"@id":"https:\/\/yaomarket.cl\/?product=aceite-de-oliva-extra-virgen-seleccion-italiana-250-ml#breadcrumb"},"inLanguage":"es","potentialAction":[{"@type":"ReadAction","target":["https:\/\/yaomarket.cl\/?product=aceite-de-oliva-extra-virgen-seleccion-italiana-250-ml"]}]},{"@type":"ImageObject","inLanguage":"es","@id":"https:\/\/yaomarket.cl\/?product=aceite-de-oliva-extra-virgen-seleccion-italiana-250-ml#primaryimage","url":"https:\/\/yaomarket.cl\/wp-content\/uploads\/2025\/05\/aceite-de-oliva-extra-virgen-selezione-italiana-250-ml.png","contentUrl":"https:\/\/yaomarket.cl\/wp-content\/uploads\/2025\/05\/aceite-de-oliva-extra-virgen-selezione-italiana-250-ml.png","width":800,"height":800},{"@type":"BreadcrumbList","@id":"https:\/\/yaomarket.cl\/?product=aceite-de-oliva-extra-virgen-seleccion-italiana-250-ml#breadcrumb","itemListElement":[{"@type":"ListItem","position":1,"name":"Portada","item":"https:\/\/yaomarket.cl\/"},{"@type":"ListItem","position":2,"name":"TIENDA","item":"https:\/\/yaomarket.cl\/?page_id=8"},{"@type":"ListItem","position":3,"name":"Aceite De Oliva Extra Virgen Selecci\u00f3n italiana 250 Ml"}]},{"@type":"WebSite","@id":"https:\/\/yaomarket.cl\/#website","url":"https:\/\/yaomarket.cl\/","name":"YAOMARKET","description":"","publisher":{"@id":"https:\/\/yaomarket.cl\/#organization"},"potentialAction":[{"@type":"SearchAction","target":{"@type":"EntryPoint","urlTemplate":"https:\/\/yaomarket.cl\/?s={search_term_string}"},"query-input":{"@type":"PropertyValueSpecification","valueRequired":true,"valueName":"search_term_string"}}],"inLanguage":"es"},{"@type":"Organization","@id":"https:\/\/yaomarket.cl\/#organization","name":"YAOMARKET","url":"https:\/\/yaomarket.cl\/","logo":{"@type":"ImageObject","inLanguage":"es","@id":"https:\/\/yaomarket.cl\/#\/schema\/logo\/image\/","url":"https:\/\/yaomarket.cl\/wp-content\/uploads\/2023\/08\/Logo-Original-Yao-Market-Circular.png","contentUrl":"https:\/\/yaomarket.cl\/wp-content\/uploads\/2023\/08\/Logo-Original-Yao-Market-Circular.png","width":522,"height":522,"caption":"YAOMARKET"},"image":{"@id":"https:\/\/yaomarket.cl\/#\/schema\/logo\/image\/"},"sameAs":["https:\/\/www.facebook.com\/yaomarketchile\/","https:\/\/www.instagram.com\/yao_market\/"]}]}},"_links":{"self":[{"href":"https:\/\/yaomarket.cl\/index.php?rest_route=\/wp\/v2\/product\/12102","targetHints":{"allow":["GET"]}}],"collection":[{"href":"https:\/\/yaomarket.cl\/index.php?rest_route=\/wp\/v2\/product"}],"about":[{"href":"https:\/\/yaomarket.cl\/index.php?rest_route=\/wp\/v2\/types\/product"}],"wp:featuredmedia":[{"embeddable":true,"href":"https:\/\/yaomarket.cl\/index.php?rest_route=\/wp\/v2\/media\/12103"}],"wp:attachment":[{"href":"https:\/\/yaomarket.cl\/index.php?rest_route=%2Fwp%2Fv2%2Fmedia&parent=12102"}],"wp:term":[{"taxonomy":"product_cat","embeddable":true,"href":"https:\/\/yaomarket.cl\/index.php?rest_route=%2Fwp%2Fv2%2Fproduct_cat&post=12102"},{"taxonomy":"product_tag","embeddable":true,"href":"https:\/\/yaomarket.cl\/index.php?rest_route=%2Fwp%2Fv2%2Fproduct_tag&post=12102"}],"curies":[{"name":"wp","href":"https:\/\/api.w.org\/{rel}","templated":true}]}}