{"id":12068,"date":"2025-05-27T04:17:10","date_gmt":"2025-05-27T04:17:10","guid":{"rendered":"https:\/\/yaomarket.cl\/?post_type=product&#038;p=12068"},"modified":"2025-05-27T04:17:10","modified_gmt":"2025-05-27T04:17:10","slug":"mostaza-dijon-burdeos-210-gr","status":"publish","type":"product","link":"https:\/\/yaomarket.cl\/?product=mostaza-dijon-burdeos-210-gr","title":{"rendered":"Mostaza Dijon Burdeos 210 Gr"},"content":{"rendered":"<p><span style=\"color: #000000;\">La mostaza\u00a0es una especia muy vers\u00e1til en la cocina, con ella se aderezan ensaladas, embutidos y entremeses. Adem\u00e1s, se sazonan todo tipo de carnes, aportando sabores inigualables al paladar.<\/span><\/p>\n<p><span style=\"color: #000000;\">\u00a1Disfruta de la versatilidad y el sabor aut\u00e9ntico de esta mostaza!<\/span><\/p>\n","protected":false},"excerpt":{"rendered":"<p><span style=\"color: #000000;\">Es una aut\u00e9ntica especialidad francesa, elaborada exclusivamente con semillas de mostaza cultivadas en la regi\u00f3n de Borgo\u00f1a y vinagre de vino de Borgo\u00f1a. Esta mostaza se destaca por su sabor intenso, pero equilibrado, con una textura suave y cremosa que realza cualquier platillo. su car\u00e1cter distintivo proviene de la alta calidad de sus ingredientes locales, lo que la convierte en una opci\u00f3n gourmet ideal para acompa\u00f1ar carnes, embutidos, salsas y vinagretas. Producida de manera tradicional, esta mostaza representa la excelencia culinaria de la regi\u00f3n de Borgo\u00f1a.<\/span><\/p>\n<p><span style=\"color: #000000;\"><strong>Contenido Neto:<\/strong> 210grs.<\/span><\/p>\n","protected":false},"featured_media":12069,"template":"","meta":[],"product_cat":[696,702,697],"product_tag":[],"class_list":{"0":"post-12068","1":"product","2":"type-product","3":"status-publish","4":"has-post-thumbnail","6":"product_cat-gourmet","7":"product_cat-mostaza-y-ketchup","8":"product_cat-para-cocinar","10":"first","11":"instock","12":"shipping-taxable","13":"purchasable","14":"product-type-simple"},"yoast_head":"<!-- This site is optimized with the Yoast SEO plugin v25.2 - https:\/\/yoast.com\/wordpress\/plugins\/seo\/ -->\n<title>Mostaza Dijon Burdeos 210 Gr - YAOMARKET<\/title>\n<meta name=\"robots\" content=\"index, follow, max-snippet:-1, max-image-preview:large, max-video-preview:-1\" \/>\n<link rel=\"canonical\" href=\"https:\/\/yaomarket.cl\/?product=mostaza-dijon-burdeos-210-gr\" \/>\n<meta property=\"og:locale\" content=\"es_ES\" \/>\n<meta property=\"og:type\" content=\"article\" \/>\n<meta property=\"og:title\" content=\"Mostaza Dijon Burdeos 210 Gr - YAOMARKET\" \/>\n<meta property=\"og:description\" content=\"Es una aut\u00e9ntica especialidad francesa, elaborada exclusivamente con semillas de mostaza cultivadas en la regi\u00f3n de Borgo\u00f1a y vinagre de vino de Borgo\u00f1a. Esta mostaza se destaca por su sabor intenso, pero equilibrado, con una textura suave y cremosa que realza cualquier platillo. su car\u00e1cter distintivo proviene de la alta calidad de sus ingredientes locales, lo que la convierte en una opci\u00f3n gourmet ideal para acompa\u00f1ar carnes, embutidos, salsas y vinagretas. Producida de manera tradicional, esta mostaza representa la excelencia culinaria de la regi\u00f3n de Borgo\u00f1a.  Contenido Neto: 210grs.\" \/>\n<meta property=\"og:url\" content=\"https:\/\/yaomarket.cl\/?product=mostaza-dijon-burdeos-210-gr\" \/>\n<meta property=\"og:site_name\" content=\"YAOMARKET\" \/>\n<meta property=\"article:publisher\" content=\"https:\/\/www.facebook.com\/yaomarketchile\/\" \/>\n<meta property=\"og:image\" content=\"https:\/\/yaomarket.cl\/wp-content\/uploads\/2025\/05\/mostaza-dijon-burdeos-210-gr.png\" \/>\n\t<meta property=\"og:image:width\" content=\"800\" \/>\n\t<meta property=\"og:image:height\" content=\"800\" \/>\n\t<meta property=\"og:image:type\" content=\"image\/png\" \/>\n<meta name=\"twitter:card\" content=\"summary_large_image\" \/>\n<meta name=\"twitter:label1\" content=\"Tiempo de lectura\" \/>\n\t<meta name=\"twitter:data1\" content=\"1 minuto\" \/>\n<script type=\"application\/ld+json\" class=\"yoast-schema-graph\">{\"@context\":\"https:\/\/schema.org\",\"@graph\":[{\"@type\":\"WebPage\",\"@id\":\"https:\/\/yaomarket.cl\/?product=mostaza-dijon-burdeos-210-gr\",\"url\":\"https:\/\/yaomarket.cl\/?product=mostaza-dijon-burdeos-210-gr\",\"name\":\"Mostaza Dijon Burdeos 210 Gr - YAOMARKET\",\"isPartOf\":{\"@id\":\"https:\/\/yaomarket.cl\/#website\"},\"primaryImageOfPage\":{\"@id\":\"https:\/\/yaomarket.cl\/?product=mostaza-dijon-burdeos-210-gr#primaryimage\"},\"image\":{\"@id\":\"https:\/\/yaomarket.cl\/?product=mostaza-dijon-burdeos-210-gr#primaryimage\"},\"thumbnailUrl\":\"https:\/\/yaomarket.cl\/wp-content\/uploads\/2025\/05\/mostaza-dijon-burdeos-210-gr.png\",\"datePublished\":\"2025-05-27T04:17:10+00:00\",\"breadcrumb\":{\"@id\":\"https:\/\/yaomarket.cl\/?product=mostaza-dijon-burdeos-210-gr#breadcrumb\"},\"inLanguage\":\"es\",\"potentialAction\":[{\"@type\":\"ReadAction\",\"target\":[\"https:\/\/yaomarket.cl\/?product=mostaza-dijon-burdeos-210-gr\"]}]},{\"@type\":\"ImageObject\",\"inLanguage\":\"es\",\"@id\":\"https:\/\/yaomarket.cl\/?product=mostaza-dijon-burdeos-210-gr#primaryimage\",\"url\":\"https:\/\/yaomarket.cl\/wp-content\/uploads\/2025\/05\/mostaza-dijon-burdeos-210-gr.png\",\"contentUrl\":\"https:\/\/yaomarket.cl\/wp-content\/uploads\/2025\/05\/mostaza-dijon-burdeos-210-gr.png\",\"width\":800,\"height\":800},{\"@type\":\"BreadcrumbList\",\"@id\":\"https:\/\/yaomarket.cl\/?product=mostaza-dijon-burdeos-210-gr#breadcrumb\",\"itemListElement\":[{\"@type\":\"ListItem\",\"position\":1,\"name\":\"Portada\",\"item\":\"https:\/\/yaomarket.cl\/\"},{\"@type\":\"ListItem\",\"position\":2,\"name\":\"TIENDA\",\"item\":\"https:\/\/yaomarket.cl\/?page_id=8\"},{\"@type\":\"ListItem\",\"position\":3,\"name\":\"Mostaza Dijon Burdeos 210 Gr\"}]},{\"@type\":\"WebSite\",\"@id\":\"https:\/\/yaomarket.cl\/#website\",\"url\":\"https:\/\/yaomarket.cl\/\",\"name\":\"YAOMARKET\",\"description\":\"\",\"publisher\":{\"@id\":\"https:\/\/yaomarket.cl\/#organization\"},\"potentialAction\":[{\"@type\":\"SearchAction\",\"target\":{\"@type\":\"EntryPoint\",\"urlTemplate\":\"https:\/\/yaomarket.cl\/?s={search_term_string}\"},\"query-input\":{\"@type\":\"PropertyValueSpecification\",\"valueRequired\":true,\"valueName\":\"search_term_string\"}}],\"inLanguage\":\"es\"},{\"@type\":\"Organization\",\"@id\":\"https:\/\/yaomarket.cl\/#organization\",\"name\":\"YAOMARKET\",\"url\":\"https:\/\/yaomarket.cl\/\",\"logo\":{\"@type\":\"ImageObject\",\"inLanguage\":\"es\",\"@id\":\"https:\/\/yaomarket.cl\/#\/schema\/logo\/image\/\",\"url\":\"https:\/\/yaomarket.cl\/wp-content\/uploads\/2023\/08\/Logo-Original-Yao-Market-Circular.png\",\"contentUrl\":\"https:\/\/yaomarket.cl\/wp-content\/uploads\/2023\/08\/Logo-Original-Yao-Market-Circular.png\",\"width\":522,\"height\":522,\"caption\":\"YAOMARKET\"},\"image\":{\"@id\":\"https:\/\/yaomarket.cl\/#\/schema\/logo\/image\/\"},\"sameAs\":[\"https:\/\/www.facebook.com\/yaomarketchile\/\",\"https:\/\/www.instagram.com\/yao_market\/\"]}]}<\/script>\n<!-- \/ Yoast SEO plugin. -->","yoast_head_json":{"title":"Mostaza Dijon Burdeos 210 Gr - YAOMARKET","robots":{"index":"index","follow":"follow","max-snippet":"max-snippet:-1","max-image-preview":"max-image-preview:large","max-video-preview":"max-video-preview:-1"},"canonical":"https:\/\/yaomarket.cl\/?product=mostaza-dijon-burdeos-210-gr","og_locale":"es_ES","og_type":"article","og_title":"Mostaza Dijon Burdeos 210 Gr - YAOMARKET","og_description":"Es una aut\u00e9ntica especialidad francesa, elaborada exclusivamente con semillas de mostaza cultivadas en la regi\u00f3n de Borgo\u00f1a y vinagre de vino de Borgo\u00f1a. Esta mostaza se destaca por su sabor intenso, pero equilibrado, con una textura suave y cremosa que realza cualquier platillo. su car\u00e1cter distintivo proviene de la alta calidad de sus ingredientes locales, lo que la convierte en una opci\u00f3n gourmet ideal para acompa\u00f1ar carnes, embutidos, salsas y vinagretas. Producida de manera tradicional, esta mostaza representa la excelencia culinaria de la regi\u00f3n de Borgo\u00f1a.  Contenido Neto: 210grs.","og_url":"https:\/\/yaomarket.cl\/?product=mostaza-dijon-burdeos-210-gr","og_site_name":"YAOMARKET","article_publisher":"https:\/\/www.facebook.com\/yaomarketchile\/","og_image":[{"width":800,"height":800,"url":"https:\/\/yaomarket.cl\/wp-content\/uploads\/2025\/05\/mostaza-dijon-burdeos-210-gr.png","type":"image\/png"}],"twitter_card":"summary_large_image","twitter_misc":{"Tiempo de lectura":"1 minuto"},"schema":{"@context":"https:\/\/schema.org","@graph":[{"@type":"WebPage","@id":"https:\/\/yaomarket.cl\/?product=mostaza-dijon-burdeos-210-gr","url":"https:\/\/yaomarket.cl\/?product=mostaza-dijon-burdeos-210-gr","name":"Mostaza Dijon Burdeos 210 Gr - YAOMARKET","isPartOf":{"@id":"https:\/\/yaomarket.cl\/#website"},"primaryImageOfPage":{"@id":"https:\/\/yaomarket.cl\/?product=mostaza-dijon-burdeos-210-gr#primaryimage"},"image":{"@id":"https:\/\/yaomarket.cl\/?product=mostaza-dijon-burdeos-210-gr#primaryimage"},"thumbnailUrl":"https:\/\/yaomarket.cl\/wp-content\/uploads\/2025\/05\/mostaza-dijon-burdeos-210-gr.png","datePublished":"2025-05-27T04:17:10+00:00","breadcrumb":{"@id":"https:\/\/yaomarket.cl\/?product=mostaza-dijon-burdeos-210-gr#breadcrumb"},"inLanguage":"es","potentialAction":[{"@type":"ReadAction","target":["https:\/\/yaomarket.cl\/?product=mostaza-dijon-burdeos-210-gr"]}]},{"@type":"ImageObject","inLanguage":"es","@id":"https:\/\/yaomarket.cl\/?product=mostaza-dijon-burdeos-210-gr#primaryimage","url":"https:\/\/yaomarket.cl\/wp-content\/uploads\/2025\/05\/mostaza-dijon-burdeos-210-gr.png","contentUrl":"https:\/\/yaomarket.cl\/wp-content\/uploads\/2025\/05\/mostaza-dijon-burdeos-210-gr.png","width":800,"height":800},{"@type":"BreadcrumbList","@id":"https:\/\/yaomarket.cl\/?product=mostaza-dijon-burdeos-210-gr#breadcrumb","itemListElement":[{"@type":"ListItem","position":1,"name":"Portada","item":"https:\/\/yaomarket.cl\/"},{"@type":"ListItem","position":2,"name":"TIENDA","item":"https:\/\/yaomarket.cl\/?page_id=8"},{"@type":"ListItem","position":3,"name":"Mostaza Dijon Burdeos 210 Gr"}]},{"@type":"WebSite","@id":"https:\/\/yaomarket.cl\/#website","url":"https:\/\/yaomarket.cl\/","name":"YAOMARKET","description":"","publisher":{"@id":"https:\/\/yaomarket.cl\/#organization"},"potentialAction":[{"@type":"SearchAction","target":{"@type":"EntryPoint","urlTemplate":"https:\/\/yaomarket.cl\/?s={search_term_string}"},"query-input":{"@type":"PropertyValueSpecification","valueRequired":true,"valueName":"search_term_string"}}],"inLanguage":"es"},{"@type":"Organization","@id":"https:\/\/yaomarket.cl\/#organization","name":"YAOMARKET","url":"https:\/\/yaomarket.cl\/","logo":{"@type":"ImageObject","inLanguage":"es","@id":"https:\/\/yaomarket.cl\/#\/schema\/logo\/image\/","url":"https:\/\/yaomarket.cl\/wp-content\/uploads\/2023\/08\/Logo-Original-Yao-Market-Circular.png","contentUrl":"https:\/\/yaomarket.cl\/wp-content\/uploads\/2023\/08\/Logo-Original-Yao-Market-Circular.png","width":522,"height":522,"caption":"YAOMARKET"},"image":{"@id":"https:\/\/yaomarket.cl\/#\/schema\/logo\/image\/"},"sameAs":["https:\/\/www.facebook.com\/yaomarketchile\/","https:\/\/www.instagram.com\/yao_market\/"]}]}},"_links":{"self":[{"href":"https:\/\/yaomarket.cl\/index.php?rest_route=\/wp\/v2\/product\/12068","targetHints":{"allow":["GET"]}}],"collection":[{"href":"https:\/\/yaomarket.cl\/index.php?rest_route=\/wp\/v2\/product"}],"about":[{"href":"https:\/\/yaomarket.cl\/index.php?rest_route=\/wp\/v2\/types\/product"}],"wp:featuredmedia":[{"embeddable":true,"href":"https:\/\/yaomarket.cl\/index.php?rest_route=\/wp\/v2\/media\/12069"}],"wp:attachment":[{"href":"https:\/\/yaomarket.cl\/index.php?rest_route=%2Fwp%2Fv2%2Fmedia&parent=12068"}],"wp:term":[{"taxonomy":"product_cat","embeddable":true,"href":"https:\/\/yaomarket.cl\/index.php?rest_route=%2Fwp%2Fv2%2Fproduct_cat&post=12068"},{"taxonomy":"product_tag","embeddable":true,"href":"https:\/\/yaomarket.cl\/index.php?rest_route=%2Fwp%2Fv2%2Fproduct_tag&post=12068"}],"curies":[{"name":"wp","href":"https:\/\/api.w.org\/{rel}","templated":true}]}}