{"id":11881,"date":"2025-05-26T14:15:18","date_gmt":"2025-05-26T14:15:18","guid":{"rendered":"https:\/\/yaomarket.cl\/?post_type=product&#038;p=11881"},"modified":"2025-05-26T14:15:18","modified_gmt":"2025-05-26T14:15:18","slug":"te-mandarin-jasmin-en-hoja-100-gr","status":"publish","type":"product","link":"https:\/\/yaomarket.cl\/?product=te-mandarin-jasmin-en-hoja-100-gr","title":{"rendered":"Te Mandarin Jasmin en hoja 100 gr"},"content":{"rendered":"","protected":false},"excerpt":{"rendered":"<p><span style=\"color: #000000;\">Un t\u00e9 de jazm\u00edn verde y fuertemente perfumado. Una taza perfecta para disfrutar junto con la cocina china. En China, el verdadero pa\u00eds de los t\u00e9s de jazm\u00edn, el proceso de elaboraci\u00f3n de los t\u00e9s perfumados con flores frescas de jazm\u00edn requiere que las flores se eliminen una vez que se ha completado la etapa de enfleurage. Las flores secas que adornan algunos t\u00e9s de jazm\u00edn y que se a\u00f1aden al final de la preparaci\u00f3n no contribuyen en modo alguno al poder arom\u00e1tico floral de estos t\u00e9s. Respetando este saber hacer tradicional y redescubriendo as\u00ed el esp\u00edritu original de estos t\u00e9s con aroma a flores, nuestro t\u00e9 de jazm\u00edn, MANDARIN JASMIN, se prepara ahora sin a\u00f1adidos de flores secas.<\/span><\/p>\n<p><span style=\"color: #000000;\"><strong>Contenido:<\/strong> 100 gr Te en Hoja.<\/span><\/p>\n","protected":false},"featured_media":11882,"template":"","meta":[],"product_cat":[225,84,86],"product_tag":[],"class_list":{"0":"post-11881","1":"product","2":"type-product","3":"status-publish","4":"has-post-thumbnail","6":"product_cat-te-en-hojas-df","7":"product_cat-mundo-te","8":"product_cat-dammann-freres","10":"first","11":"instock","12":"shipping-taxable","13":"purchasable","14":"product-type-simple"},"yoast_head":"<!-- This site is optimized with the Yoast SEO plugin v25.2 - https:\/\/yoast.com\/wordpress\/plugins\/seo\/ -->\n<title>Te Mandarin Jasmin en hoja 100 gr - YAOMARKET<\/title>\n<meta name=\"robots\" content=\"index, follow, max-snippet:-1, max-image-preview:large, max-video-preview:-1\" \/>\n<link rel=\"canonical\" href=\"https:\/\/yaomarket.cl\/?product=te-mandarin-jasmin-en-hoja-100-gr\" \/>\n<meta property=\"og:locale\" content=\"es_ES\" \/>\n<meta property=\"og:type\" content=\"article\" \/>\n<meta property=\"og:title\" content=\"Te Mandarin Jasmin en hoja 100 gr - YAOMARKET\" \/>\n<meta property=\"og:description\" content=\"Un t\u00e9 de jazm\u00edn verde y fuertemente perfumado. Una taza perfecta para disfrutar junto con la cocina china. En China, el verdadero pa\u00eds de los t\u00e9s de jazm\u00edn, el proceso de elaboraci\u00f3n de los t\u00e9s perfumados con flores frescas de jazm\u00edn requiere que las flores se eliminen una vez que se ha completado la etapa de enfleurage. Las flores secas que adornan algunos t\u00e9s de jazm\u00edn y que se a\u00f1aden al final de la preparaci\u00f3n no contribuyen en modo alguno al poder arom\u00e1tico floral de estos t\u00e9s. Respetando este saber hacer tradicional y redescubriendo as\u00ed el esp\u00edritu original de estos t\u00e9s con aroma a flores, nuestro t\u00e9 de jazm\u00edn, MANDARIN JASMIN, se prepara ahora sin a\u00f1adidos de flores secas.  Contenido: 100 gr Te en Hoja.\" \/>\n<meta property=\"og:url\" content=\"https:\/\/yaomarket.cl\/?product=te-mandarin-jasmin-en-hoja-100-gr\" \/>\n<meta property=\"og:site_name\" content=\"YAOMARKET\" \/>\n<meta property=\"article:publisher\" content=\"https:\/\/www.facebook.com\/yaomarketchile\/\" \/>\n<meta property=\"og:image\" content=\"https:\/\/yaomarket.cl\/wp-content\/uploads\/2025\/05\/te-mandarin-jasmin-en-hoja-100-gr.jpg\" \/>\n\t<meta property=\"og:image:width\" content=\"800\" \/>\n\t<meta property=\"og:image:height\" content=\"800\" \/>\n\t<meta property=\"og:image:type\" content=\"image\/jpeg\" \/>\n<meta name=\"twitter:card\" content=\"summary_large_image\" \/>\n<meta name=\"twitter:label1\" content=\"Tiempo de lectura\" \/>\n\t<meta name=\"twitter:data1\" content=\"1 minuto\" \/>\n<script type=\"application\/ld+json\" class=\"yoast-schema-graph\">{\"@context\":\"https:\/\/schema.org\",\"@graph\":[{\"@type\":\"WebPage\",\"@id\":\"https:\/\/yaomarket.cl\/?product=te-mandarin-jasmin-en-hoja-100-gr\",\"url\":\"https:\/\/yaomarket.cl\/?product=te-mandarin-jasmin-en-hoja-100-gr\",\"name\":\"Te Mandarin Jasmin en hoja 100 gr - YAOMARKET\",\"isPartOf\":{\"@id\":\"https:\/\/yaomarket.cl\/#website\"},\"primaryImageOfPage\":{\"@id\":\"https:\/\/yaomarket.cl\/?product=te-mandarin-jasmin-en-hoja-100-gr#primaryimage\"},\"image\":{\"@id\":\"https:\/\/yaomarket.cl\/?product=te-mandarin-jasmin-en-hoja-100-gr#primaryimage\"},\"thumbnailUrl\":\"https:\/\/yaomarket.cl\/wp-content\/uploads\/2025\/05\/te-mandarin-jasmin-en-hoja-100-gr.jpg\",\"datePublished\":\"2025-05-26T14:15:18+00:00\",\"breadcrumb\":{\"@id\":\"https:\/\/yaomarket.cl\/?product=te-mandarin-jasmin-en-hoja-100-gr#breadcrumb\"},\"inLanguage\":\"es\",\"potentialAction\":[{\"@type\":\"ReadAction\",\"target\":[\"https:\/\/yaomarket.cl\/?product=te-mandarin-jasmin-en-hoja-100-gr\"]}]},{\"@type\":\"ImageObject\",\"inLanguage\":\"es\",\"@id\":\"https:\/\/yaomarket.cl\/?product=te-mandarin-jasmin-en-hoja-100-gr#primaryimage\",\"url\":\"https:\/\/yaomarket.cl\/wp-content\/uploads\/2025\/05\/te-mandarin-jasmin-en-hoja-100-gr.jpg\",\"contentUrl\":\"https:\/\/yaomarket.cl\/wp-content\/uploads\/2025\/05\/te-mandarin-jasmin-en-hoja-100-gr.jpg\",\"width\":800,\"height\":800},{\"@type\":\"BreadcrumbList\",\"@id\":\"https:\/\/yaomarket.cl\/?product=te-mandarin-jasmin-en-hoja-100-gr#breadcrumb\",\"itemListElement\":[{\"@type\":\"ListItem\",\"position\":1,\"name\":\"Portada\",\"item\":\"https:\/\/yaomarket.cl\/\"},{\"@type\":\"ListItem\",\"position\":2,\"name\":\"TIENDA\",\"item\":\"https:\/\/yaomarket.cl\/?page_id=8\"},{\"@type\":\"ListItem\",\"position\":3,\"name\":\"Te Mandarin Jasmin en hoja 100 gr\"}]},{\"@type\":\"WebSite\",\"@id\":\"https:\/\/yaomarket.cl\/#website\",\"url\":\"https:\/\/yaomarket.cl\/\",\"name\":\"YAOMARKET\",\"description\":\"\",\"publisher\":{\"@id\":\"https:\/\/yaomarket.cl\/#organization\"},\"potentialAction\":[{\"@type\":\"SearchAction\",\"target\":{\"@type\":\"EntryPoint\",\"urlTemplate\":\"https:\/\/yaomarket.cl\/?s={search_term_string}\"},\"query-input\":{\"@type\":\"PropertyValueSpecification\",\"valueRequired\":true,\"valueName\":\"search_term_string\"}}],\"inLanguage\":\"es\"},{\"@type\":\"Organization\",\"@id\":\"https:\/\/yaomarket.cl\/#organization\",\"name\":\"YAOMARKET\",\"url\":\"https:\/\/yaomarket.cl\/\",\"logo\":{\"@type\":\"ImageObject\",\"inLanguage\":\"es\",\"@id\":\"https:\/\/yaomarket.cl\/#\/schema\/logo\/image\/\",\"url\":\"https:\/\/yaomarket.cl\/wp-content\/uploads\/2023\/08\/Logo-Original-Yao-Market-Circular.png\",\"contentUrl\":\"https:\/\/yaomarket.cl\/wp-content\/uploads\/2023\/08\/Logo-Original-Yao-Market-Circular.png\",\"width\":522,\"height\":522,\"caption\":\"YAOMARKET\"},\"image\":{\"@id\":\"https:\/\/yaomarket.cl\/#\/schema\/logo\/image\/\"},\"sameAs\":[\"https:\/\/www.facebook.com\/yaomarketchile\/\",\"https:\/\/www.instagram.com\/yao_market\/\"]}]}<\/script>\n<!-- \/ Yoast SEO plugin. -->","yoast_head_json":{"title":"Te Mandarin Jasmin en hoja 100 gr - YAOMARKET","robots":{"index":"index","follow":"follow","max-snippet":"max-snippet:-1","max-image-preview":"max-image-preview:large","max-video-preview":"max-video-preview:-1"},"canonical":"https:\/\/yaomarket.cl\/?product=te-mandarin-jasmin-en-hoja-100-gr","og_locale":"es_ES","og_type":"article","og_title":"Te Mandarin Jasmin en hoja 100 gr - YAOMARKET","og_description":"Un t\u00e9 de jazm\u00edn verde y fuertemente perfumado. Una taza perfecta para disfrutar junto con la cocina china. En China, el verdadero pa\u00eds de los t\u00e9s de jazm\u00edn, el proceso de elaboraci\u00f3n de los t\u00e9s perfumados con flores frescas de jazm\u00edn requiere que las flores se eliminen una vez que se ha completado la etapa de enfleurage. Las flores secas que adornan algunos t\u00e9s de jazm\u00edn y que se a\u00f1aden al final de la preparaci\u00f3n no contribuyen en modo alguno al poder arom\u00e1tico floral de estos t\u00e9s. Respetando este saber hacer tradicional y redescubriendo as\u00ed el esp\u00edritu original de estos t\u00e9s con aroma a flores, nuestro t\u00e9 de jazm\u00edn, MANDARIN JASMIN, se prepara ahora sin a\u00f1adidos de flores secas.  Contenido: 100 gr Te en Hoja.","og_url":"https:\/\/yaomarket.cl\/?product=te-mandarin-jasmin-en-hoja-100-gr","og_site_name":"YAOMARKET","article_publisher":"https:\/\/www.facebook.com\/yaomarketchile\/","og_image":[{"width":800,"height":800,"url":"https:\/\/yaomarket.cl\/wp-content\/uploads\/2025\/05\/te-mandarin-jasmin-en-hoja-100-gr.jpg","type":"image\/jpeg"}],"twitter_card":"summary_large_image","twitter_misc":{"Tiempo de lectura":"1 minuto"},"schema":{"@context":"https:\/\/schema.org","@graph":[{"@type":"WebPage","@id":"https:\/\/yaomarket.cl\/?product=te-mandarin-jasmin-en-hoja-100-gr","url":"https:\/\/yaomarket.cl\/?product=te-mandarin-jasmin-en-hoja-100-gr","name":"Te Mandarin Jasmin en hoja 100 gr - YAOMARKET","isPartOf":{"@id":"https:\/\/yaomarket.cl\/#website"},"primaryImageOfPage":{"@id":"https:\/\/yaomarket.cl\/?product=te-mandarin-jasmin-en-hoja-100-gr#primaryimage"},"image":{"@id":"https:\/\/yaomarket.cl\/?product=te-mandarin-jasmin-en-hoja-100-gr#primaryimage"},"thumbnailUrl":"https:\/\/yaomarket.cl\/wp-content\/uploads\/2025\/05\/te-mandarin-jasmin-en-hoja-100-gr.jpg","datePublished":"2025-05-26T14:15:18+00:00","breadcrumb":{"@id":"https:\/\/yaomarket.cl\/?product=te-mandarin-jasmin-en-hoja-100-gr#breadcrumb"},"inLanguage":"es","potentialAction":[{"@type":"ReadAction","target":["https:\/\/yaomarket.cl\/?product=te-mandarin-jasmin-en-hoja-100-gr"]}]},{"@type":"ImageObject","inLanguage":"es","@id":"https:\/\/yaomarket.cl\/?product=te-mandarin-jasmin-en-hoja-100-gr#primaryimage","url":"https:\/\/yaomarket.cl\/wp-content\/uploads\/2025\/05\/te-mandarin-jasmin-en-hoja-100-gr.jpg","contentUrl":"https:\/\/yaomarket.cl\/wp-content\/uploads\/2025\/05\/te-mandarin-jasmin-en-hoja-100-gr.jpg","width":800,"height":800},{"@type":"BreadcrumbList","@id":"https:\/\/yaomarket.cl\/?product=te-mandarin-jasmin-en-hoja-100-gr#breadcrumb","itemListElement":[{"@type":"ListItem","position":1,"name":"Portada","item":"https:\/\/yaomarket.cl\/"},{"@type":"ListItem","position":2,"name":"TIENDA","item":"https:\/\/yaomarket.cl\/?page_id=8"},{"@type":"ListItem","position":3,"name":"Te Mandarin Jasmin en hoja 100 gr"}]},{"@type":"WebSite","@id":"https:\/\/yaomarket.cl\/#website","url":"https:\/\/yaomarket.cl\/","name":"YAOMARKET","description":"","publisher":{"@id":"https:\/\/yaomarket.cl\/#organization"},"potentialAction":[{"@type":"SearchAction","target":{"@type":"EntryPoint","urlTemplate":"https:\/\/yaomarket.cl\/?s={search_term_string}"},"query-input":{"@type":"PropertyValueSpecification","valueRequired":true,"valueName":"search_term_string"}}],"inLanguage":"es"},{"@type":"Organization","@id":"https:\/\/yaomarket.cl\/#organization","name":"YAOMARKET","url":"https:\/\/yaomarket.cl\/","logo":{"@type":"ImageObject","inLanguage":"es","@id":"https:\/\/yaomarket.cl\/#\/schema\/logo\/image\/","url":"https:\/\/yaomarket.cl\/wp-content\/uploads\/2023\/08\/Logo-Original-Yao-Market-Circular.png","contentUrl":"https:\/\/yaomarket.cl\/wp-content\/uploads\/2023\/08\/Logo-Original-Yao-Market-Circular.png","width":522,"height":522,"caption":"YAOMARKET"},"image":{"@id":"https:\/\/yaomarket.cl\/#\/schema\/logo\/image\/"},"sameAs":["https:\/\/www.facebook.com\/yaomarketchile\/","https:\/\/www.instagram.com\/yao_market\/"]}]}},"_links":{"self":[{"href":"https:\/\/yaomarket.cl\/index.php?rest_route=\/wp\/v2\/product\/11881","targetHints":{"allow":["GET"]}}],"collection":[{"href":"https:\/\/yaomarket.cl\/index.php?rest_route=\/wp\/v2\/product"}],"about":[{"href":"https:\/\/yaomarket.cl\/index.php?rest_route=\/wp\/v2\/types\/product"}],"wp:featuredmedia":[{"embeddable":true,"href":"https:\/\/yaomarket.cl\/index.php?rest_route=\/wp\/v2\/media\/11882"}],"wp:attachment":[{"href":"https:\/\/yaomarket.cl\/index.php?rest_route=%2Fwp%2Fv2%2Fmedia&parent=11881"}],"wp:term":[{"taxonomy":"product_cat","embeddable":true,"href":"https:\/\/yaomarket.cl\/index.php?rest_route=%2Fwp%2Fv2%2Fproduct_cat&post=11881"},{"taxonomy":"product_tag","embeddable":true,"href":"https:\/\/yaomarket.cl\/index.php?rest_route=%2Fwp%2Fv2%2Fproduct_tag&post=11881"}],"curies":[{"name":"wp","href":"https:\/\/api.w.org\/{rel}","templated":true}]}}