{"id":11823,"date":"2025-05-26T04:40:58","date_gmt":"2025-05-26T04:40:58","guid":{"rendered":"https:\/\/yaomarket.cl\/?post_type=product&#038;p=11823"},"modified":"2025-05-26T04:40:58","modified_gmt":"2025-05-26T04:40:58","slug":"english-tea-four-collection-32-sachet","status":"publish","type":"product","link":"https:\/\/yaomarket.cl\/?product=english-tea-four-collection-32-sachet","title":{"rendered":"English Tea Four collection 32 sachet"},"content":{"rendered":"","protected":false},"excerpt":{"rendered":"<p><span style=\"color: #000000;\">Nuestra colecci\u00f3n English Tea Four re\u00fane un cu\u00e1druple de nuestros t\u00e9s favoritos de todos los tiempos en una caja de metal con tem\u00e1tica de Gran Breta\u00f1a. Dentro de esta belleza de color rojo real, encontrar\u00e1 tres de nuestros t\u00e9s negros m\u00e1s atrevidos, cada uno igualmente refrescante pero de car\u00e1cter diverso, junto con nuestro t\u00e9 verde puro, suave y herb\u00e1ceo.<\/span><\/p>\n<p><span style=\"color: #000000;\">Incluye 32 bolsitas, entre ellas:<\/span><\/p>\n<p><span style=\"color: #000000;\">English Breakfast<\/span><\/p>\n<p><span style=\"color: #000000;\">Earl Grey<\/span><\/p>\n<p><span style=\"color: #000000;\">Peach &amp; Passion Fruit<\/span><\/p>\n<p><span style=\"color: #000000;\">Green Tea Pure<\/span><\/p>\n","protected":false},"featured_media":11824,"template":"","meta":[],"product_cat":[169,84,85],"product_tag":[],"class_list":{"0":"post-11823","1":"product","2":"type-product","3":"status-publish","4":"has-post-thumbnail","6":"product_cat-regaleria","7":"product_cat-mundo-te","8":"product_cat-ahmad-tea","10":"first","11":"instock","12":"shipping-taxable","13":"purchasable","14":"product-type-simple"},"yoast_head":"<!-- This site is optimized with the Yoast SEO plugin v25.2 - https:\/\/yoast.com\/wordpress\/plugins\/seo\/ -->\n<title>English Tea Four collection 32 sachet - YAOMARKET<\/title>\n<meta name=\"robots\" content=\"index, follow, max-snippet:-1, max-image-preview:large, max-video-preview:-1\" \/>\n<link rel=\"canonical\" href=\"https:\/\/yaomarket.cl\/?product=english-tea-four-collection-32-sachet\" \/>\n<meta property=\"og:locale\" content=\"es_ES\" \/>\n<meta property=\"og:type\" content=\"article\" \/>\n<meta property=\"og:title\" content=\"English Tea Four collection 32 sachet - YAOMARKET\" \/>\n<meta property=\"og:description\" content=\"Nuestra colecci\u00f3n English Tea Four re\u00fane un cu\u00e1druple de nuestros t\u00e9s favoritos de todos los tiempos en una caja de metal con tem\u00e1tica de Gran Breta\u00f1a. Dentro de esta belleza de color rojo real, encontrar\u00e1 tres de nuestros t\u00e9s negros m\u00e1s atrevidos, cada uno igualmente refrescante pero de car\u00e1cter diverso, junto con nuestro t\u00e9 verde puro, suave y herb\u00e1ceo.  Incluye 32 bolsitas, entre ellas:  English Breakfast  Earl Grey  Peach &amp; Passion Fruit  Green Tea Pure\" \/>\n<meta property=\"og:url\" content=\"https:\/\/yaomarket.cl\/?product=english-tea-four-collection-32-sachet\" \/>\n<meta property=\"og:site_name\" content=\"YAOMARKET\" \/>\n<meta property=\"article:publisher\" content=\"https:\/\/www.facebook.com\/yaomarketchile\/\" \/>\n<meta property=\"og:image\" content=\"https:\/\/yaomarket.cl\/wp-content\/uploads\/2025\/05\/english-tea-four-collection-32-sachet-.jpg\" \/>\n\t<meta property=\"og:image:width\" content=\"800\" \/>\n\t<meta property=\"og:image:height\" content=\"800\" \/>\n\t<meta property=\"og:image:type\" content=\"image\/jpeg\" \/>\n<meta name=\"twitter:card\" content=\"summary_large_image\" \/>\n<meta name=\"twitter:label1\" content=\"Tiempo de lectura\" \/>\n\t<meta name=\"twitter:data1\" content=\"1 minuto\" \/>\n<script type=\"application\/ld+json\" class=\"yoast-schema-graph\">{\"@context\":\"https:\/\/schema.org\",\"@graph\":[{\"@type\":\"WebPage\",\"@id\":\"https:\/\/yaomarket.cl\/?product=english-tea-four-collection-32-sachet\",\"url\":\"https:\/\/yaomarket.cl\/?product=english-tea-four-collection-32-sachet\",\"name\":\"English Tea Four collection 32 sachet - YAOMARKET\",\"isPartOf\":{\"@id\":\"https:\/\/yaomarket.cl\/#website\"},\"primaryImageOfPage\":{\"@id\":\"https:\/\/yaomarket.cl\/?product=english-tea-four-collection-32-sachet#primaryimage\"},\"image\":{\"@id\":\"https:\/\/yaomarket.cl\/?product=english-tea-four-collection-32-sachet#primaryimage\"},\"thumbnailUrl\":\"https:\/\/yaomarket.cl\/wp-content\/uploads\/2025\/05\/english-tea-four-collection-32-sachet-.jpg\",\"datePublished\":\"2025-05-26T04:40:58+00:00\",\"breadcrumb\":{\"@id\":\"https:\/\/yaomarket.cl\/?product=english-tea-four-collection-32-sachet#breadcrumb\"},\"inLanguage\":\"es\",\"potentialAction\":[{\"@type\":\"ReadAction\",\"target\":[\"https:\/\/yaomarket.cl\/?product=english-tea-four-collection-32-sachet\"]}]},{\"@type\":\"ImageObject\",\"inLanguage\":\"es\",\"@id\":\"https:\/\/yaomarket.cl\/?product=english-tea-four-collection-32-sachet#primaryimage\",\"url\":\"https:\/\/yaomarket.cl\/wp-content\/uploads\/2025\/05\/english-tea-four-collection-32-sachet-.jpg\",\"contentUrl\":\"https:\/\/yaomarket.cl\/wp-content\/uploads\/2025\/05\/english-tea-four-collection-32-sachet-.jpg\",\"width\":800,\"height\":800},{\"@type\":\"BreadcrumbList\",\"@id\":\"https:\/\/yaomarket.cl\/?product=english-tea-four-collection-32-sachet#breadcrumb\",\"itemListElement\":[{\"@type\":\"ListItem\",\"position\":1,\"name\":\"Portada\",\"item\":\"https:\/\/yaomarket.cl\/\"},{\"@type\":\"ListItem\",\"position\":2,\"name\":\"TIENDA\",\"item\":\"https:\/\/yaomarket.cl\/?page_id=8\"},{\"@type\":\"ListItem\",\"position\":3,\"name\":\"English Tea Four collection 32 sachet\"}]},{\"@type\":\"WebSite\",\"@id\":\"https:\/\/yaomarket.cl\/#website\",\"url\":\"https:\/\/yaomarket.cl\/\",\"name\":\"YAOMARKET\",\"description\":\"\",\"publisher\":{\"@id\":\"https:\/\/yaomarket.cl\/#organization\"},\"potentialAction\":[{\"@type\":\"SearchAction\",\"target\":{\"@type\":\"EntryPoint\",\"urlTemplate\":\"https:\/\/yaomarket.cl\/?s={search_term_string}\"},\"query-input\":{\"@type\":\"PropertyValueSpecification\",\"valueRequired\":true,\"valueName\":\"search_term_string\"}}],\"inLanguage\":\"es\"},{\"@type\":\"Organization\",\"@id\":\"https:\/\/yaomarket.cl\/#organization\",\"name\":\"YAOMARKET\",\"url\":\"https:\/\/yaomarket.cl\/\",\"logo\":{\"@type\":\"ImageObject\",\"inLanguage\":\"es\",\"@id\":\"https:\/\/yaomarket.cl\/#\/schema\/logo\/image\/\",\"url\":\"https:\/\/yaomarket.cl\/wp-content\/uploads\/2023\/08\/Logo-Original-Yao-Market-Circular.png\",\"contentUrl\":\"https:\/\/yaomarket.cl\/wp-content\/uploads\/2023\/08\/Logo-Original-Yao-Market-Circular.png\",\"width\":522,\"height\":522,\"caption\":\"YAOMARKET\"},\"image\":{\"@id\":\"https:\/\/yaomarket.cl\/#\/schema\/logo\/image\/\"},\"sameAs\":[\"https:\/\/www.facebook.com\/yaomarketchile\/\",\"https:\/\/www.instagram.com\/yao_market\/\"]}]}<\/script>\n<!-- \/ Yoast SEO plugin. -->","yoast_head_json":{"title":"English Tea Four collection 32 sachet - YAOMARKET","robots":{"index":"index","follow":"follow","max-snippet":"max-snippet:-1","max-image-preview":"max-image-preview:large","max-video-preview":"max-video-preview:-1"},"canonical":"https:\/\/yaomarket.cl\/?product=english-tea-four-collection-32-sachet","og_locale":"es_ES","og_type":"article","og_title":"English Tea Four collection 32 sachet - YAOMARKET","og_description":"Nuestra colecci\u00f3n English Tea Four re\u00fane un cu\u00e1druple de nuestros t\u00e9s favoritos de todos los tiempos en una caja de metal con tem\u00e1tica de Gran Breta\u00f1a. Dentro de esta belleza de color rojo real, encontrar\u00e1 tres de nuestros t\u00e9s negros m\u00e1s atrevidos, cada uno igualmente refrescante pero de car\u00e1cter diverso, junto con nuestro t\u00e9 verde puro, suave y herb\u00e1ceo.  Incluye 32 bolsitas, entre ellas:  English Breakfast  Earl Grey  Peach &amp; Passion Fruit  Green Tea Pure","og_url":"https:\/\/yaomarket.cl\/?product=english-tea-four-collection-32-sachet","og_site_name":"YAOMARKET","article_publisher":"https:\/\/www.facebook.com\/yaomarketchile\/","og_image":[{"width":800,"height":800,"url":"https:\/\/yaomarket.cl\/wp-content\/uploads\/2025\/05\/english-tea-four-collection-32-sachet-.jpg","type":"image\/jpeg"}],"twitter_card":"summary_large_image","twitter_misc":{"Tiempo de lectura":"1 minuto"},"schema":{"@context":"https:\/\/schema.org","@graph":[{"@type":"WebPage","@id":"https:\/\/yaomarket.cl\/?product=english-tea-four-collection-32-sachet","url":"https:\/\/yaomarket.cl\/?product=english-tea-four-collection-32-sachet","name":"English Tea Four collection 32 sachet - YAOMARKET","isPartOf":{"@id":"https:\/\/yaomarket.cl\/#website"},"primaryImageOfPage":{"@id":"https:\/\/yaomarket.cl\/?product=english-tea-four-collection-32-sachet#primaryimage"},"image":{"@id":"https:\/\/yaomarket.cl\/?product=english-tea-four-collection-32-sachet#primaryimage"},"thumbnailUrl":"https:\/\/yaomarket.cl\/wp-content\/uploads\/2025\/05\/english-tea-four-collection-32-sachet-.jpg","datePublished":"2025-05-26T04:40:58+00:00","breadcrumb":{"@id":"https:\/\/yaomarket.cl\/?product=english-tea-four-collection-32-sachet#breadcrumb"},"inLanguage":"es","potentialAction":[{"@type":"ReadAction","target":["https:\/\/yaomarket.cl\/?product=english-tea-four-collection-32-sachet"]}]},{"@type":"ImageObject","inLanguage":"es","@id":"https:\/\/yaomarket.cl\/?product=english-tea-four-collection-32-sachet#primaryimage","url":"https:\/\/yaomarket.cl\/wp-content\/uploads\/2025\/05\/english-tea-four-collection-32-sachet-.jpg","contentUrl":"https:\/\/yaomarket.cl\/wp-content\/uploads\/2025\/05\/english-tea-four-collection-32-sachet-.jpg","width":800,"height":800},{"@type":"BreadcrumbList","@id":"https:\/\/yaomarket.cl\/?product=english-tea-four-collection-32-sachet#breadcrumb","itemListElement":[{"@type":"ListItem","position":1,"name":"Portada","item":"https:\/\/yaomarket.cl\/"},{"@type":"ListItem","position":2,"name":"TIENDA","item":"https:\/\/yaomarket.cl\/?page_id=8"},{"@type":"ListItem","position":3,"name":"English Tea Four collection 32 sachet"}]},{"@type":"WebSite","@id":"https:\/\/yaomarket.cl\/#website","url":"https:\/\/yaomarket.cl\/","name":"YAOMARKET","description":"","publisher":{"@id":"https:\/\/yaomarket.cl\/#organization"},"potentialAction":[{"@type":"SearchAction","target":{"@type":"EntryPoint","urlTemplate":"https:\/\/yaomarket.cl\/?s={search_term_string}"},"query-input":{"@type":"PropertyValueSpecification","valueRequired":true,"valueName":"search_term_string"}}],"inLanguage":"es"},{"@type":"Organization","@id":"https:\/\/yaomarket.cl\/#organization","name":"YAOMARKET","url":"https:\/\/yaomarket.cl\/","logo":{"@type":"ImageObject","inLanguage":"es","@id":"https:\/\/yaomarket.cl\/#\/schema\/logo\/image\/","url":"https:\/\/yaomarket.cl\/wp-content\/uploads\/2023\/08\/Logo-Original-Yao-Market-Circular.png","contentUrl":"https:\/\/yaomarket.cl\/wp-content\/uploads\/2023\/08\/Logo-Original-Yao-Market-Circular.png","width":522,"height":522,"caption":"YAOMARKET"},"image":{"@id":"https:\/\/yaomarket.cl\/#\/schema\/logo\/image\/"},"sameAs":["https:\/\/www.facebook.com\/yaomarketchile\/","https:\/\/www.instagram.com\/yao_market\/"]}]}},"_links":{"self":[{"href":"https:\/\/yaomarket.cl\/index.php?rest_route=\/wp\/v2\/product\/11823","targetHints":{"allow":["GET"]}}],"collection":[{"href":"https:\/\/yaomarket.cl\/index.php?rest_route=\/wp\/v2\/product"}],"about":[{"href":"https:\/\/yaomarket.cl\/index.php?rest_route=\/wp\/v2\/types\/product"}],"wp:featuredmedia":[{"embeddable":true,"href":"https:\/\/yaomarket.cl\/index.php?rest_route=\/wp\/v2\/media\/11824"}],"wp:attachment":[{"href":"https:\/\/yaomarket.cl\/index.php?rest_route=%2Fwp%2Fv2%2Fmedia&parent=11823"}],"wp:term":[{"taxonomy":"product_cat","embeddable":true,"href":"https:\/\/yaomarket.cl\/index.php?rest_route=%2Fwp%2Fv2%2Fproduct_cat&post=11823"},{"taxonomy":"product_tag","embeddable":true,"href":"https:\/\/yaomarket.cl\/index.php?rest_route=%2Fwp%2Fv2%2Fproduct_tag&post=11823"}],"curies":[{"name":"wp","href":"https:\/\/api.w.org\/{rel}","templated":true}]}}