{"id":11802,"date":"2025-05-26T04:23:53","date_gmt":"2025-05-26T04:23:53","guid":{"rendered":"https:\/\/yaomarket.cl\/?post_type=product&#038;p=11802"},"modified":"2025-05-26T04:23:54","modified_gmt":"2025-05-26T04:23:54","slug":"kew-elegant-earl-grey-100g","status":"publish","type":"product","link":"https:\/\/yaomarket.cl\/?product=kew-elegant-earl-grey-100g","title":{"rendered":"KEW ELEGANT EARL GREY 100g"},"content":{"rendered":"","protected":false},"excerpt":{"rendered":"<p><span style=\"color: #000000;\">Disfruta de una experiencia ex\u00f3tica con nuestro elegante Earl Grey, un t\u00e9 suelto calmante y sofisticado. Esta mezcla premium equilibra t\u00e9s de Ceylon e India con un toque de bergamota que realza sus notas c\u00edtricas naturales. Parte de la exclusiva colecci\u00f3n Beyond the Leaf en colaboraci\u00f3n con los Jardines de Kew, este t\u00e9 combina cuatro generaciones de conocimiento con la belleza del patrimonio bot\u00e1nico, ofreciendo una experiencia refinada que va m\u00e1s all\u00e1 de una simple taza de t\u00e9.<\/span><\/p>\n","protected":false},"featured_media":11803,"template":"","meta":[],"product_cat":[169,84,85],"product_tag":[],"class_list":{"0":"post-11802","1":"product","2":"type-product","3":"status-publish","4":"has-post-thumbnail","6":"product_cat-regaleria","7":"product_cat-mundo-te","8":"product_cat-ahmad-tea","10":"first","11":"instock","12":"shipping-taxable","13":"purchasable","14":"product-type-simple"},"yoast_head":"<!-- This site is optimized with the Yoast SEO plugin v25.2 - https:\/\/yoast.com\/wordpress\/plugins\/seo\/ -->\n<title>KEW ELEGANT EARL GREY 100g - YAOMARKET<\/title>\n<meta name=\"robots\" content=\"index, follow, max-snippet:-1, max-image-preview:large, max-video-preview:-1\" \/>\n<link rel=\"canonical\" href=\"https:\/\/yaomarket.cl\/?product=kew-elegant-earl-grey-100g\" \/>\n<meta property=\"og:locale\" content=\"es_ES\" \/>\n<meta property=\"og:type\" content=\"article\" \/>\n<meta property=\"og:title\" content=\"KEW ELEGANT EARL GREY 100g - YAOMARKET\" \/>\n<meta property=\"og:description\" content=\"Disfruta de una experiencia ex\u00f3tica con nuestro elegante Earl Grey, un t\u00e9 suelto calmante y sofisticado. Esta mezcla premium equilibra t\u00e9s de Ceylon e India con un toque de bergamota que realza sus notas c\u00edtricas naturales. Parte de la exclusiva colecci\u00f3n Beyond the Leaf en colaboraci\u00f3n con los Jardines de Kew, este t\u00e9 combina cuatro generaciones de conocimiento con la belleza del patrimonio bot\u00e1nico, ofreciendo una experiencia refinada que va m\u00e1s all\u00e1 de una simple taza de t\u00e9.\" \/>\n<meta property=\"og:url\" content=\"https:\/\/yaomarket.cl\/?product=kew-elegant-earl-grey-100g\" \/>\n<meta property=\"og:site_name\" content=\"YAOMARKET\" \/>\n<meta property=\"article:publisher\" content=\"https:\/\/www.facebook.com\/yaomarketchile\/\" \/>\n<meta property=\"article:modified_time\" content=\"2025-05-26T04:23:54+00:00\" \/>\n<meta property=\"og:image\" content=\"https:\/\/yaomarket.cl\/wp-content\/uploads\/2025\/05\/kew-elegant-earl-grey-100-gr-beyond-the-leaf-collection.jpg\" \/>\n\t<meta property=\"og:image:width\" content=\"800\" \/>\n\t<meta property=\"og:image:height\" content=\"800\" \/>\n\t<meta property=\"og:image:type\" content=\"image\/jpeg\" \/>\n<meta name=\"twitter:card\" content=\"summary_large_image\" \/>\n<meta name=\"twitter:label1\" content=\"Tiempo de lectura\" \/>\n\t<meta name=\"twitter:data1\" content=\"1 minuto\" \/>\n<script type=\"application\/ld+json\" class=\"yoast-schema-graph\">{\"@context\":\"https:\/\/schema.org\",\"@graph\":[{\"@type\":\"WebPage\",\"@id\":\"https:\/\/yaomarket.cl\/?product=kew-elegant-earl-grey-100g\",\"url\":\"https:\/\/yaomarket.cl\/?product=kew-elegant-earl-grey-100g\",\"name\":\"KEW ELEGANT EARL GREY 100g - YAOMARKET\",\"isPartOf\":{\"@id\":\"https:\/\/yaomarket.cl\/#website\"},\"primaryImageOfPage\":{\"@id\":\"https:\/\/yaomarket.cl\/?product=kew-elegant-earl-grey-100g#primaryimage\"},\"image\":{\"@id\":\"https:\/\/yaomarket.cl\/?product=kew-elegant-earl-grey-100g#primaryimage\"},\"thumbnailUrl\":\"https:\/\/yaomarket.cl\/wp-content\/uploads\/2025\/05\/kew-elegant-earl-grey-100-gr-beyond-the-leaf-collection.jpg\",\"datePublished\":\"2025-05-26T04:23:53+00:00\",\"dateModified\":\"2025-05-26T04:23:54+00:00\",\"breadcrumb\":{\"@id\":\"https:\/\/yaomarket.cl\/?product=kew-elegant-earl-grey-100g#breadcrumb\"},\"inLanguage\":\"es\",\"potentialAction\":[{\"@type\":\"ReadAction\",\"target\":[\"https:\/\/yaomarket.cl\/?product=kew-elegant-earl-grey-100g\"]}]},{\"@type\":\"ImageObject\",\"inLanguage\":\"es\",\"@id\":\"https:\/\/yaomarket.cl\/?product=kew-elegant-earl-grey-100g#primaryimage\",\"url\":\"https:\/\/yaomarket.cl\/wp-content\/uploads\/2025\/05\/kew-elegant-earl-grey-100-gr-beyond-the-leaf-collection.jpg\",\"contentUrl\":\"https:\/\/yaomarket.cl\/wp-content\/uploads\/2025\/05\/kew-elegant-earl-grey-100-gr-beyond-the-leaf-collection.jpg\",\"width\":800,\"height\":800},{\"@type\":\"BreadcrumbList\",\"@id\":\"https:\/\/yaomarket.cl\/?product=kew-elegant-earl-grey-100g#breadcrumb\",\"itemListElement\":[{\"@type\":\"ListItem\",\"position\":1,\"name\":\"Portada\",\"item\":\"https:\/\/yaomarket.cl\/\"},{\"@type\":\"ListItem\",\"position\":2,\"name\":\"TIENDA\",\"item\":\"https:\/\/yaomarket.cl\/?page_id=8\"},{\"@type\":\"ListItem\",\"position\":3,\"name\":\"KEW ELEGANT EARL GREY 100g\"}]},{\"@type\":\"WebSite\",\"@id\":\"https:\/\/yaomarket.cl\/#website\",\"url\":\"https:\/\/yaomarket.cl\/\",\"name\":\"YAOMARKET\",\"description\":\"\",\"publisher\":{\"@id\":\"https:\/\/yaomarket.cl\/#organization\"},\"potentialAction\":[{\"@type\":\"SearchAction\",\"target\":{\"@type\":\"EntryPoint\",\"urlTemplate\":\"https:\/\/yaomarket.cl\/?s={search_term_string}\"},\"query-input\":{\"@type\":\"PropertyValueSpecification\",\"valueRequired\":true,\"valueName\":\"search_term_string\"}}],\"inLanguage\":\"es\"},{\"@type\":\"Organization\",\"@id\":\"https:\/\/yaomarket.cl\/#organization\",\"name\":\"YAOMARKET\",\"url\":\"https:\/\/yaomarket.cl\/\",\"logo\":{\"@type\":\"ImageObject\",\"inLanguage\":\"es\",\"@id\":\"https:\/\/yaomarket.cl\/#\/schema\/logo\/image\/\",\"url\":\"https:\/\/yaomarket.cl\/wp-content\/uploads\/2023\/08\/Logo-Original-Yao-Market-Circular.png\",\"contentUrl\":\"https:\/\/yaomarket.cl\/wp-content\/uploads\/2023\/08\/Logo-Original-Yao-Market-Circular.png\",\"width\":522,\"height\":522,\"caption\":\"YAOMARKET\"},\"image\":{\"@id\":\"https:\/\/yaomarket.cl\/#\/schema\/logo\/image\/\"},\"sameAs\":[\"https:\/\/www.facebook.com\/yaomarketchile\/\",\"https:\/\/www.instagram.com\/yao_market\/\"]}]}<\/script>\n<!-- \/ Yoast SEO plugin. -->","yoast_head_json":{"title":"KEW ELEGANT EARL GREY 100g - YAOMARKET","robots":{"index":"index","follow":"follow","max-snippet":"max-snippet:-1","max-image-preview":"max-image-preview:large","max-video-preview":"max-video-preview:-1"},"canonical":"https:\/\/yaomarket.cl\/?product=kew-elegant-earl-grey-100g","og_locale":"es_ES","og_type":"article","og_title":"KEW ELEGANT EARL GREY 100g - YAOMARKET","og_description":"Disfruta de una experiencia ex\u00f3tica con nuestro elegante Earl Grey, un t\u00e9 suelto calmante y sofisticado. Esta mezcla premium equilibra t\u00e9s de Ceylon e India con un toque de bergamota que realza sus notas c\u00edtricas naturales. Parte de la exclusiva colecci\u00f3n Beyond the Leaf en colaboraci\u00f3n con los Jardines de Kew, este t\u00e9 combina cuatro generaciones de conocimiento con la belleza del patrimonio bot\u00e1nico, ofreciendo una experiencia refinada que va m\u00e1s all\u00e1 de una simple taza de t\u00e9.","og_url":"https:\/\/yaomarket.cl\/?product=kew-elegant-earl-grey-100g","og_site_name":"YAOMARKET","article_publisher":"https:\/\/www.facebook.com\/yaomarketchile\/","article_modified_time":"2025-05-26T04:23:54+00:00","og_image":[{"width":800,"height":800,"url":"https:\/\/yaomarket.cl\/wp-content\/uploads\/2025\/05\/kew-elegant-earl-grey-100-gr-beyond-the-leaf-collection.jpg","type":"image\/jpeg"}],"twitter_card":"summary_large_image","twitter_misc":{"Tiempo de lectura":"1 minuto"},"schema":{"@context":"https:\/\/schema.org","@graph":[{"@type":"WebPage","@id":"https:\/\/yaomarket.cl\/?product=kew-elegant-earl-grey-100g","url":"https:\/\/yaomarket.cl\/?product=kew-elegant-earl-grey-100g","name":"KEW ELEGANT EARL GREY 100g - YAOMARKET","isPartOf":{"@id":"https:\/\/yaomarket.cl\/#website"},"primaryImageOfPage":{"@id":"https:\/\/yaomarket.cl\/?product=kew-elegant-earl-grey-100g#primaryimage"},"image":{"@id":"https:\/\/yaomarket.cl\/?product=kew-elegant-earl-grey-100g#primaryimage"},"thumbnailUrl":"https:\/\/yaomarket.cl\/wp-content\/uploads\/2025\/05\/kew-elegant-earl-grey-100-gr-beyond-the-leaf-collection.jpg","datePublished":"2025-05-26T04:23:53+00:00","dateModified":"2025-05-26T04:23:54+00:00","breadcrumb":{"@id":"https:\/\/yaomarket.cl\/?product=kew-elegant-earl-grey-100g#breadcrumb"},"inLanguage":"es","potentialAction":[{"@type":"ReadAction","target":["https:\/\/yaomarket.cl\/?product=kew-elegant-earl-grey-100g"]}]},{"@type":"ImageObject","inLanguage":"es","@id":"https:\/\/yaomarket.cl\/?product=kew-elegant-earl-grey-100g#primaryimage","url":"https:\/\/yaomarket.cl\/wp-content\/uploads\/2025\/05\/kew-elegant-earl-grey-100-gr-beyond-the-leaf-collection.jpg","contentUrl":"https:\/\/yaomarket.cl\/wp-content\/uploads\/2025\/05\/kew-elegant-earl-grey-100-gr-beyond-the-leaf-collection.jpg","width":800,"height":800},{"@type":"BreadcrumbList","@id":"https:\/\/yaomarket.cl\/?product=kew-elegant-earl-grey-100g#breadcrumb","itemListElement":[{"@type":"ListItem","position":1,"name":"Portada","item":"https:\/\/yaomarket.cl\/"},{"@type":"ListItem","position":2,"name":"TIENDA","item":"https:\/\/yaomarket.cl\/?page_id=8"},{"@type":"ListItem","position":3,"name":"KEW ELEGANT EARL GREY 100g"}]},{"@type":"WebSite","@id":"https:\/\/yaomarket.cl\/#website","url":"https:\/\/yaomarket.cl\/","name":"YAOMARKET","description":"","publisher":{"@id":"https:\/\/yaomarket.cl\/#organization"},"potentialAction":[{"@type":"SearchAction","target":{"@type":"EntryPoint","urlTemplate":"https:\/\/yaomarket.cl\/?s={search_term_string}"},"query-input":{"@type":"PropertyValueSpecification","valueRequired":true,"valueName":"search_term_string"}}],"inLanguage":"es"},{"@type":"Organization","@id":"https:\/\/yaomarket.cl\/#organization","name":"YAOMARKET","url":"https:\/\/yaomarket.cl\/","logo":{"@type":"ImageObject","inLanguage":"es","@id":"https:\/\/yaomarket.cl\/#\/schema\/logo\/image\/","url":"https:\/\/yaomarket.cl\/wp-content\/uploads\/2023\/08\/Logo-Original-Yao-Market-Circular.png","contentUrl":"https:\/\/yaomarket.cl\/wp-content\/uploads\/2023\/08\/Logo-Original-Yao-Market-Circular.png","width":522,"height":522,"caption":"YAOMARKET"},"image":{"@id":"https:\/\/yaomarket.cl\/#\/schema\/logo\/image\/"},"sameAs":["https:\/\/www.facebook.com\/yaomarketchile\/","https:\/\/www.instagram.com\/yao_market\/"]}]}},"_links":{"self":[{"href":"https:\/\/yaomarket.cl\/index.php?rest_route=\/wp\/v2\/product\/11802","targetHints":{"allow":["GET"]}}],"collection":[{"href":"https:\/\/yaomarket.cl\/index.php?rest_route=\/wp\/v2\/product"}],"about":[{"href":"https:\/\/yaomarket.cl\/index.php?rest_route=\/wp\/v2\/types\/product"}],"wp:featuredmedia":[{"embeddable":true,"href":"https:\/\/yaomarket.cl\/index.php?rest_route=\/wp\/v2\/media\/11803"}],"wp:attachment":[{"href":"https:\/\/yaomarket.cl\/index.php?rest_route=%2Fwp%2Fv2%2Fmedia&parent=11802"}],"wp:term":[{"taxonomy":"product_cat","embeddable":true,"href":"https:\/\/yaomarket.cl\/index.php?rest_route=%2Fwp%2Fv2%2Fproduct_cat&post=11802"},{"taxonomy":"product_tag","embeddable":true,"href":"https:\/\/yaomarket.cl\/index.php?rest_route=%2Fwp%2Fv2%2Fproduct_tag&post=11802"}],"curies":[{"name":"wp","href":"https:\/\/api.w.org\/{rel}","templated":true}]}}