{"id":11608,"date":"2025-04-02T01:43:25","date_gmt":"2025-04-02T01:43:25","guid":{"rendered":"https:\/\/yaomarket.cl\/?post_type=product&#038;p=11608"},"modified":"2025-05-26T03:29:24","modified_gmt":"2025-05-26T03:29:24","slug":"te-con-manzanas-apple-refresh-20-sachet","status":"publish","type":"product","link":"https:\/\/yaomarket.cl\/?product=te-con-manzanas-apple-refresh-20-sachet","title":{"rendered":"T\u00e9 con manzanas &#8211; Apple Refresh (20 sachet)"},"content":{"rendered":"<div class=\"product-description\">\n<p><span style=\"color: #000000;\">Crujiente, dulce y sumamente tentador\u2014Apple Refresh est\u00e1 aqu\u00ed para alegrar tu d\u00eda. Este t\u00e9 negro con cafe\u00edna est\u00e1 infusionado con un delicioso sabor a manzana y contiene trozos reales de fruta. Ya sea que lo disfrutes caliente en una ma\u00f1ana fr\u00eda o helado como un refrescante estimulante por la tarde, es la manera perfecta de saborear el gusto de manzanas reci\u00e9n cosechadas durante todo el a\u00f1o.<\/span><\/p>\n<p><span style=\"color: #000000;\">La dulzura natural del sabor a manzana se combina maravillosamente con la intensa profundidad del t\u00e9 negro, creando una taza suave y refrescante con la cantidad justa de vivacidad en cada sorbo.<\/span><\/p>\n<div class=\"desc-content\">\n<h3><span style=\"color: #000000;\">Especificaciones del Producto<\/span><\/h3>\n<div class=\"row\">\n<div class=\"col-md-6 col-xs-12\">\n<ul>\n<li><span style=\"color: #000000;\"><strong>Contenido:<\/strong>\u00a020 bolsitas de t\u00e9<\/span><\/li>\n<li><span style=\"color: #000000;\"><strong>Tipo de T\u00e9:<\/strong>\u00a0T\u00e9 negro con manzana<\/span><\/li>\n<li><span style=\"color: #000000;\"><strong>Sabores:<\/strong>\u00a0Manzana<\/span><\/li>\n<li><span style=\"color: #000000;\"><strong>Origen:<\/strong>\u00a0Malawi, Kenya<\/span><\/li>\n<li><span style=\"color: #000000;\"><strong>Tiempo de Infusi\u00f3n:<\/strong>\u00a03-5 minutos<\/span><\/li>\n<\/ul>\n<\/div>\n<div class=\"col-md-6 col-xs-12\">\n<ul>\n<li><span style=\"color: #000000;\"><strong>Presentaci\u00f3n:<\/strong>\u00a0Caja con 20 bolsitas de t\u00e9<\/span><\/li>\n<li><span style=\"color: #000000;\"><strong>Composici\u00f3n:<\/strong>\u00a0T\u00e9 negro, trozos reales de manzana y aromas naturales<\/span><\/li>\n<li><span style=\"color: #000000;\"><strong>Embalaje:<\/strong>\u00a0Disponible en caja individual<\/span><\/li>\n<li><span style=\"color: #000000;\"><strong>Ideal para:<\/strong>\u00a0Amantes del t\u00e9 que buscan una experiencia refrescante con sabor frutal<\/span><\/li>\n<\/ul>\n<\/div>\n<\/div>\n<\/div>\n<p>&nbsp;<\/p>\n<h3><span style=\"color: #000000;\">Preparaci\u00f3n Perfecta<\/span><\/h3>\n<ul>\n<li><span style=\"color: #000000;\"><strong>Agua:<\/strong>\u00a0Utiliza siempre agua fresca o filtrada para resaltar los sabores frutales.<\/span><\/li>\n<li><span style=\"color: #000000;\"><strong>Temperatura:<\/strong>\u00a0Calienta el agua hasta punto de ebullici\u00f3n (212\u00b0F\/100\u00b0C).<\/span><\/li>\n<li><span style=\"color: #000000;\"><strong>Tiempo:<\/strong>\u00a0Vierte inmediatamente sobre la bolsita y deja infusionar durante 3-5 minutos.<\/span><\/li>\n<li><span style=\"color: #000000;\"><strong>Servicio:<\/strong>\u00a0Retira la bolsita, remueve ligeramente y disfruta solo o con un toque de miel.<\/span><\/li>\n<li><span style=\"color: #000000;\"><strong>Variante Helada:<\/strong>\u00a0Prepara con doble concentraci\u00f3n, deja enfriar y sirve con hielo para una experiencia a\u00fan m\u00e1s refrescante.<\/span><\/li>\n<\/ul>\n<p>&nbsp;<\/p>\n<h3><span style=\"color: #000000;\">\u00bfSab\u00edas que?<\/span><\/h3>\n<p><span style=\"color: #000000;\">Las manzanas se han cultivado durante m\u00e1s de 4.000 a\u00f1os, y hoy en d\u00eda existen m\u00e1s de 7.500 variedades cultivadas en todo el mundo. Nuestro Apple Refresh tiene un nivel medio de cafe\u00edna (60mg), perfecto para un impulso energ\u00e9tico con el fresco sabor de la huerta en cualquier temporada.<\/span><\/p>\n<\/div>\n","protected":false},"excerpt":{"rendered":"<p><span style=\"color: #000000;\">Disfruta de la frescura y dulzura natural de la manzana con nuestro Apple Refresh. Cada bolsita combina t\u00e9 negro de alta calidad con trozos reales de manzana, creando una bebida refrescante con el perfecto equilibrio entre la intensidad del t\u00e9 y el sabor frutal. Ideal para cualquier momento del d\u00eda, puede disfrutarse caliente en una ma\u00f1ana fr\u00eda o helado como un estimulante por la tarde, permiti\u00e9ndote saborear manzanas de huerto fresco durante todo el a\u00f1o.<\/span><\/p>\n","protected":false},"featured_media":11609,"template":"","meta":[],"product_cat":[166,84,85],"product_tag":[],"class_list":{"0":"post-11608","1":"product","2":"type-product","3":"status-publish","4":"has-post-thumbnail","6":"product_cat-te-frutal-y-especias","7":"product_cat-mundo-te","8":"product_cat-ahmad-tea","10":"first","11":"instock","12":"shipping-taxable","13":"purchasable","14":"product-type-simple"},"yoast_head":"<!-- This site is optimized with the Yoast SEO plugin v25.2 - https:\/\/yoast.com\/wordpress\/plugins\/seo\/ -->\n<title>T\u00e9 con manzanas - Apple Refresh (20 sachet) - YAOMARKET<\/title>\n<meta name=\"robots\" content=\"index, follow, max-snippet:-1, max-image-preview:large, max-video-preview:-1\" \/>\n<link rel=\"canonical\" href=\"https:\/\/yaomarket.cl\/?product=te-con-manzanas-apple-refresh-20-sachet\" \/>\n<meta property=\"og:locale\" content=\"es_ES\" \/>\n<meta property=\"og:type\" content=\"article\" \/>\n<meta property=\"og:title\" content=\"T\u00e9 con manzanas - Apple Refresh (20 sachet) - YAOMARKET\" \/>\n<meta property=\"og:description\" content=\"Disfruta de la frescura y dulzura natural de la manzana con nuestro Apple Refresh. Cada bolsita combina t\u00e9 negro de alta calidad con trozos reales de manzana, creando una bebida refrescante con el perfecto equilibrio entre la intensidad del t\u00e9 y el sabor frutal. Ideal para cualquier momento del d\u00eda, puede disfrutarse caliente en una ma\u00f1ana fr\u00eda o helado como un estimulante por la tarde, permiti\u00e9ndote saborear manzanas de huerto fresco durante todo el a\u00f1o.\" \/>\n<meta property=\"og:url\" content=\"https:\/\/yaomarket.cl\/?product=te-con-manzanas-apple-refresh-20-sachet\" \/>\n<meta property=\"og:site_name\" content=\"YAOMARKET\" \/>\n<meta property=\"article:publisher\" content=\"https:\/\/www.facebook.com\/yaomarketchile\/\" \/>\n<meta property=\"article:modified_time\" content=\"2025-05-26T03:29:24+00:00\" \/>\n<meta property=\"og:image\" content=\"https:\/\/yaomarket.cl\/wp-content\/uploads\/2025\/04\/te-con-manzanas-apple-refresh-caja-20-unidades.png\" \/>\n\t<meta property=\"og:image:width\" content=\"800\" \/>\n\t<meta property=\"og:image:height\" content=\"800\" \/>\n\t<meta property=\"og:image:type\" content=\"image\/png\" \/>\n<meta name=\"twitter:card\" content=\"summary_large_image\" \/>\n<meta name=\"twitter:label1\" content=\"Tiempo de lectura\" \/>\n\t<meta name=\"twitter:data1\" content=\"2 minutos\" \/>\n<script type=\"application\/ld+json\" class=\"yoast-schema-graph\">{\"@context\":\"https:\/\/schema.org\",\"@graph\":[{\"@type\":\"WebPage\",\"@id\":\"https:\/\/yaomarket.cl\/?product=te-con-manzanas-apple-refresh-20-sachet\",\"url\":\"https:\/\/yaomarket.cl\/?product=te-con-manzanas-apple-refresh-20-sachet\",\"name\":\"T\u00e9 con manzanas - Apple Refresh (20 sachet) - YAOMARKET\",\"isPartOf\":{\"@id\":\"https:\/\/yaomarket.cl\/#website\"},\"primaryImageOfPage\":{\"@id\":\"https:\/\/yaomarket.cl\/?product=te-con-manzanas-apple-refresh-20-sachet#primaryimage\"},\"image\":{\"@id\":\"https:\/\/yaomarket.cl\/?product=te-con-manzanas-apple-refresh-20-sachet#primaryimage\"},\"thumbnailUrl\":\"https:\/\/yaomarket.cl\/wp-content\/uploads\/2025\/04\/te-con-manzanas-apple-refresh-caja-20-unidades.png\",\"datePublished\":\"2025-04-02T01:43:25+00:00\",\"dateModified\":\"2025-05-26T03:29:24+00:00\",\"breadcrumb\":{\"@id\":\"https:\/\/yaomarket.cl\/?product=te-con-manzanas-apple-refresh-20-sachet#breadcrumb\"},\"inLanguage\":\"es\",\"potentialAction\":[{\"@type\":\"ReadAction\",\"target\":[\"https:\/\/yaomarket.cl\/?product=te-con-manzanas-apple-refresh-20-sachet\"]}]},{\"@type\":\"ImageObject\",\"inLanguage\":\"es\",\"@id\":\"https:\/\/yaomarket.cl\/?product=te-con-manzanas-apple-refresh-20-sachet#primaryimage\",\"url\":\"https:\/\/yaomarket.cl\/wp-content\/uploads\/2025\/04\/te-con-manzanas-apple-refresh-caja-20-unidades.png\",\"contentUrl\":\"https:\/\/yaomarket.cl\/wp-content\/uploads\/2025\/04\/te-con-manzanas-apple-refresh-caja-20-unidades.png\",\"width\":800,\"height\":800},{\"@type\":\"BreadcrumbList\",\"@id\":\"https:\/\/yaomarket.cl\/?product=te-con-manzanas-apple-refresh-20-sachet#breadcrumb\",\"itemListElement\":[{\"@type\":\"ListItem\",\"position\":1,\"name\":\"Portada\",\"item\":\"https:\/\/yaomarket.cl\/\"},{\"@type\":\"ListItem\",\"position\":2,\"name\":\"TIENDA\",\"item\":\"https:\/\/yaomarket.cl\/?page_id=8\"},{\"@type\":\"ListItem\",\"position\":3,\"name\":\"T\u00e9 con manzanas &#8211; Apple Refresh (20 sachet)\"}]},{\"@type\":\"WebSite\",\"@id\":\"https:\/\/yaomarket.cl\/#website\",\"url\":\"https:\/\/yaomarket.cl\/\",\"name\":\"YAOMARKET\",\"description\":\"\",\"publisher\":{\"@id\":\"https:\/\/yaomarket.cl\/#organization\"},\"potentialAction\":[{\"@type\":\"SearchAction\",\"target\":{\"@type\":\"EntryPoint\",\"urlTemplate\":\"https:\/\/yaomarket.cl\/?s={search_term_string}\"},\"query-input\":{\"@type\":\"PropertyValueSpecification\",\"valueRequired\":true,\"valueName\":\"search_term_string\"}}],\"inLanguage\":\"es\"},{\"@type\":\"Organization\",\"@id\":\"https:\/\/yaomarket.cl\/#organization\",\"name\":\"YAOMARKET\",\"url\":\"https:\/\/yaomarket.cl\/\",\"logo\":{\"@type\":\"ImageObject\",\"inLanguage\":\"es\",\"@id\":\"https:\/\/yaomarket.cl\/#\/schema\/logo\/image\/\",\"url\":\"https:\/\/yaomarket.cl\/wp-content\/uploads\/2023\/08\/Logo-Original-Yao-Market-Circular.png\",\"contentUrl\":\"https:\/\/yaomarket.cl\/wp-content\/uploads\/2023\/08\/Logo-Original-Yao-Market-Circular.png\",\"width\":522,\"height\":522,\"caption\":\"YAOMARKET\"},\"image\":{\"@id\":\"https:\/\/yaomarket.cl\/#\/schema\/logo\/image\/\"},\"sameAs\":[\"https:\/\/www.facebook.com\/yaomarketchile\/\",\"https:\/\/www.instagram.com\/yao_market\/\"]}]}<\/script>\n<!-- \/ Yoast SEO plugin. -->","yoast_head_json":{"title":"T\u00e9 con manzanas - Apple Refresh (20 sachet) - YAOMARKET","robots":{"index":"index","follow":"follow","max-snippet":"max-snippet:-1","max-image-preview":"max-image-preview:large","max-video-preview":"max-video-preview:-1"},"canonical":"https:\/\/yaomarket.cl\/?product=te-con-manzanas-apple-refresh-20-sachet","og_locale":"es_ES","og_type":"article","og_title":"T\u00e9 con manzanas - Apple Refresh (20 sachet) - YAOMARKET","og_description":"Disfruta de la frescura y dulzura natural de la manzana con nuestro Apple Refresh. Cada bolsita combina t\u00e9 negro de alta calidad con trozos reales de manzana, creando una bebida refrescante con el perfecto equilibrio entre la intensidad del t\u00e9 y el sabor frutal. Ideal para cualquier momento del d\u00eda, puede disfrutarse caliente en una ma\u00f1ana fr\u00eda o helado como un estimulante por la tarde, permiti\u00e9ndote saborear manzanas de huerto fresco durante todo el a\u00f1o.","og_url":"https:\/\/yaomarket.cl\/?product=te-con-manzanas-apple-refresh-20-sachet","og_site_name":"YAOMARKET","article_publisher":"https:\/\/www.facebook.com\/yaomarketchile\/","article_modified_time":"2025-05-26T03:29:24+00:00","og_image":[{"width":800,"height":800,"url":"https:\/\/yaomarket.cl\/wp-content\/uploads\/2025\/04\/te-con-manzanas-apple-refresh-caja-20-unidades.png","type":"image\/png"}],"twitter_card":"summary_large_image","twitter_misc":{"Tiempo de lectura":"2 minutos"},"schema":{"@context":"https:\/\/schema.org","@graph":[{"@type":"WebPage","@id":"https:\/\/yaomarket.cl\/?product=te-con-manzanas-apple-refresh-20-sachet","url":"https:\/\/yaomarket.cl\/?product=te-con-manzanas-apple-refresh-20-sachet","name":"T\u00e9 con manzanas - Apple Refresh (20 sachet) - YAOMARKET","isPartOf":{"@id":"https:\/\/yaomarket.cl\/#website"},"primaryImageOfPage":{"@id":"https:\/\/yaomarket.cl\/?product=te-con-manzanas-apple-refresh-20-sachet#primaryimage"},"image":{"@id":"https:\/\/yaomarket.cl\/?product=te-con-manzanas-apple-refresh-20-sachet#primaryimage"},"thumbnailUrl":"https:\/\/yaomarket.cl\/wp-content\/uploads\/2025\/04\/te-con-manzanas-apple-refresh-caja-20-unidades.png","datePublished":"2025-04-02T01:43:25+00:00","dateModified":"2025-05-26T03:29:24+00:00","breadcrumb":{"@id":"https:\/\/yaomarket.cl\/?product=te-con-manzanas-apple-refresh-20-sachet#breadcrumb"},"inLanguage":"es","potentialAction":[{"@type":"ReadAction","target":["https:\/\/yaomarket.cl\/?product=te-con-manzanas-apple-refresh-20-sachet"]}]},{"@type":"ImageObject","inLanguage":"es","@id":"https:\/\/yaomarket.cl\/?product=te-con-manzanas-apple-refresh-20-sachet#primaryimage","url":"https:\/\/yaomarket.cl\/wp-content\/uploads\/2025\/04\/te-con-manzanas-apple-refresh-caja-20-unidades.png","contentUrl":"https:\/\/yaomarket.cl\/wp-content\/uploads\/2025\/04\/te-con-manzanas-apple-refresh-caja-20-unidades.png","width":800,"height":800},{"@type":"BreadcrumbList","@id":"https:\/\/yaomarket.cl\/?product=te-con-manzanas-apple-refresh-20-sachet#breadcrumb","itemListElement":[{"@type":"ListItem","position":1,"name":"Portada","item":"https:\/\/yaomarket.cl\/"},{"@type":"ListItem","position":2,"name":"TIENDA","item":"https:\/\/yaomarket.cl\/?page_id=8"},{"@type":"ListItem","position":3,"name":"T\u00e9 con manzanas &#8211; Apple Refresh (20 sachet)"}]},{"@type":"WebSite","@id":"https:\/\/yaomarket.cl\/#website","url":"https:\/\/yaomarket.cl\/","name":"YAOMARKET","description":"","publisher":{"@id":"https:\/\/yaomarket.cl\/#organization"},"potentialAction":[{"@type":"SearchAction","target":{"@type":"EntryPoint","urlTemplate":"https:\/\/yaomarket.cl\/?s={search_term_string}"},"query-input":{"@type":"PropertyValueSpecification","valueRequired":true,"valueName":"search_term_string"}}],"inLanguage":"es"},{"@type":"Organization","@id":"https:\/\/yaomarket.cl\/#organization","name":"YAOMARKET","url":"https:\/\/yaomarket.cl\/","logo":{"@type":"ImageObject","inLanguage":"es","@id":"https:\/\/yaomarket.cl\/#\/schema\/logo\/image\/","url":"https:\/\/yaomarket.cl\/wp-content\/uploads\/2023\/08\/Logo-Original-Yao-Market-Circular.png","contentUrl":"https:\/\/yaomarket.cl\/wp-content\/uploads\/2023\/08\/Logo-Original-Yao-Market-Circular.png","width":522,"height":522,"caption":"YAOMARKET"},"image":{"@id":"https:\/\/yaomarket.cl\/#\/schema\/logo\/image\/"},"sameAs":["https:\/\/www.facebook.com\/yaomarketchile\/","https:\/\/www.instagram.com\/yao_market\/"]}]}},"_links":{"self":[{"href":"https:\/\/yaomarket.cl\/index.php?rest_route=\/wp\/v2\/product\/11608","targetHints":{"allow":["GET"]}}],"collection":[{"href":"https:\/\/yaomarket.cl\/index.php?rest_route=\/wp\/v2\/product"}],"about":[{"href":"https:\/\/yaomarket.cl\/index.php?rest_route=\/wp\/v2\/types\/product"}],"wp:featuredmedia":[{"embeddable":true,"href":"https:\/\/yaomarket.cl\/index.php?rest_route=\/wp\/v2\/media\/11609"}],"wp:attachment":[{"href":"https:\/\/yaomarket.cl\/index.php?rest_route=%2Fwp%2Fv2%2Fmedia&parent=11608"}],"wp:term":[{"taxonomy":"product_cat","embeddable":true,"href":"https:\/\/yaomarket.cl\/index.php?rest_route=%2Fwp%2Fv2%2Fproduct_cat&post=11608"},{"taxonomy":"product_tag","embeddable":true,"href":"https:\/\/yaomarket.cl\/index.php?rest_route=%2Fwp%2Fv2%2Fproduct_tag&post=11608"}],"curies":[{"name":"wp","href":"https:\/\/api.w.org\/{rel}","templated":true}]}}