{"id":11561,"date":"2025-04-01T22:05:02","date_gmt":"2025-04-01T22:05:02","guid":{"rendered":"https:\/\/yaomarket.cl\/?post_type=product&#038;p=11561"},"modified":"2025-05-26T16:19:13","modified_gmt":"2025-05-26T16:19:13","slug":"kew-set-mug-con-infusor-te-hoja-english-breakfast","status":"publish","type":"product","link":"https:\/\/yaomarket.cl\/?product=kew-set-mug-con-infusor-te-hoja-english-breakfast","title":{"rendered":"KEW SET MUG CON INFUSOR + TE HOJA ENGLISH BREAKFAST"},"content":{"rendered":"","protected":false},"excerpt":{"rendered":"<p><span style=\"color: #000000;\">Este set incluye 1 Kew de t\u00e9s Majestic Breakfast de 100 gramos m\u00e1s un mug con infusor de t\u00e9.\u00a0<\/span><\/p>\n<p><span style=\"color: #000000;\">Un set todo en uno para hacer un regalo perfecto.<\/span><\/p>\n<p><span style=\"color: #000000;\">Encontrar\u00e1s un rico t\u00e9 en hojas, de\u00a0cuerpo dulce para disfrutar de una taza deliciosamente suave. Regala un gesto de cari\u00f1o con este hermoso set el cual se puede disfrutar en cualquier lugar ya que lo puedes transportar donde sea contigo.\u00a0<\/span><\/p>\n<p><span style=\"color: #000000;\">En Ahmad tea Chile, inspiramos el amor por el t\u00e9.\u00a0<\/span><\/p>\n","protected":false},"featured_media":11562,"template":"","meta":[],"product_cat":[684,687,169,686,84,85],"product_tag":[],"class_list":{"0":"post-11561","1":"product","2":"type-product","3":"status-publish","4":"has-post-thumbnail","6":"product_cat-accesorios-para-te","7":"product_cat-mugs-y-tazas","8":"product_cat-regaleria","9":"product_cat-teteras","10":"product_cat-mundo-te","11":"product_cat-ahmad-tea","13":"first","14":"instock","15":"shipping-taxable","16":"purchasable","17":"product-type-simple"},"yoast_head":"<!-- This site is optimized with the Yoast SEO plugin v25.2 - https:\/\/yoast.com\/wordpress\/plugins\/seo\/ -->\n<title>KEW SET MUG CON INFUSOR + TE HOJA ENGLISH BREAKFAST - YAOMARKET<\/title>\n<meta name=\"robots\" content=\"index, follow, max-snippet:-1, max-image-preview:large, max-video-preview:-1\" \/>\n<link rel=\"canonical\" href=\"https:\/\/yaomarket.cl\/?product=kew-set-mug-con-infusor-te-hoja-english-breakfast\" \/>\n<meta property=\"og:locale\" content=\"es_ES\" \/>\n<meta property=\"og:type\" content=\"article\" \/>\n<meta property=\"og:title\" content=\"KEW SET MUG CON INFUSOR + TE HOJA ENGLISH BREAKFAST - YAOMARKET\" \/>\n<meta property=\"og:description\" content=\"Este set incluye 1 Kew de t\u00e9s Majestic Breakfast de 100 gramos m\u00e1s un mug con infusor de t\u00e9.\u00a0  Un set todo en uno para hacer un regalo perfecto.  Encontrar\u00e1s un rico t\u00e9 en hojas, de\u00a0cuerpo dulce para disfrutar de una taza deliciosamente suave. Regala un gesto de cari\u00f1o con este hermoso set el cual se puede disfrutar en cualquier lugar ya que lo puedes transportar donde sea contigo.\u00a0  En Ahmad tea Chile, inspiramos el amor por el t\u00e9.\u00a0\" \/>\n<meta property=\"og:url\" content=\"https:\/\/yaomarket.cl\/?product=kew-set-mug-con-infusor-te-hoja-english-breakfast\" \/>\n<meta property=\"og:site_name\" content=\"YAOMARKET\" \/>\n<meta property=\"article:publisher\" content=\"https:\/\/www.facebook.com\/yaomarketchile\/\" \/>\n<meta property=\"article:modified_time\" content=\"2025-05-26T16:19:13+00:00\" \/>\n<meta property=\"og:image\" content=\"https:\/\/yaomarket.cl\/wp-content\/uploads\/2025\/04\/set-de-regalo-ahmad-kew-con-infusor.jpg\" \/>\n\t<meta property=\"og:image:width\" content=\"800\" \/>\n\t<meta property=\"og:image:height\" content=\"800\" \/>\n\t<meta property=\"og:image:type\" content=\"image\/jpeg\" \/>\n<meta name=\"twitter:card\" content=\"summary_large_image\" \/>\n<script type=\"application\/ld+json\" class=\"yoast-schema-graph\">{\"@context\":\"https:\/\/schema.org\",\"@graph\":[{\"@type\":\"WebPage\",\"@id\":\"https:\/\/yaomarket.cl\/?product=kew-set-mug-con-infusor-te-hoja-english-breakfast\",\"url\":\"https:\/\/yaomarket.cl\/?product=kew-set-mug-con-infusor-te-hoja-english-breakfast\",\"name\":\"KEW SET MUG CON INFUSOR + TE HOJA ENGLISH BREAKFAST - YAOMARKET\",\"isPartOf\":{\"@id\":\"https:\/\/yaomarket.cl\/#website\"},\"primaryImageOfPage\":{\"@id\":\"https:\/\/yaomarket.cl\/?product=kew-set-mug-con-infusor-te-hoja-english-breakfast#primaryimage\"},\"image\":{\"@id\":\"https:\/\/yaomarket.cl\/?product=kew-set-mug-con-infusor-te-hoja-english-breakfast#primaryimage\"},\"thumbnailUrl\":\"https:\/\/yaomarket.cl\/wp-content\/uploads\/2025\/04\/set-de-regalo-ahmad-kew-con-infusor.jpg\",\"datePublished\":\"2025-04-01T22:05:02+00:00\",\"dateModified\":\"2025-05-26T16:19:13+00:00\",\"breadcrumb\":{\"@id\":\"https:\/\/yaomarket.cl\/?product=kew-set-mug-con-infusor-te-hoja-english-breakfast#breadcrumb\"},\"inLanguage\":\"es\",\"potentialAction\":[{\"@type\":\"ReadAction\",\"target\":[\"https:\/\/yaomarket.cl\/?product=kew-set-mug-con-infusor-te-hoja-english-breakfast\"]}]},{\"@type\":\"ImageObject\",\"inLanguage\":\"es\",\"@id\":\"https:\/\/yaomarket.cl\/?product=kew-set-mug-con-infusor-te-hoja-english-breakfast#primaryimage\",\"url\":\"https:\/\/yaomarket.cl\/wp-content\/uploads\/2025\/04\/set-de-regalo-ahmad-kew-con-infusor.jpg\",\"contentUrl\":\"https:\/\/yaomarket.cl\/wp-content\/uploads\/2025\/04\/set-de-regalo-ahmad-kew-con-infusor.jpg\",\"width\":800,\"height\":800},{\"@type\":\"BreadcrumbList\",\"@id\":\"https:\/\/yaomarket.cl\/?product=kew-set-mug-con-infusor-te-hoja-english-breakfast#breadcrumb\",\"itemListElement\":[{\"@type\":\"ListItem\",\"position\":1,\"name\":\"Portada\",\"item\":\"https:\/\/yaomarket.cl\/\"},{\"@type\":\"ListItem\",\"position\":2,\"name\":\"TIENDA\",\"item\":\"https:\/\/yaomarket.cl\/?page_id=8\"},{\"@type\":\"ListItem\",\"position\":3,\"name\":\"KEW SET MUG CON INFUSOR + TE HOJA ENGLISH BREAKFAST\"}]},{\"@type\":\"WebSite\",\"@id\":\"https:\/\/yaomarket.cl\/#website\",\"url\":\"https:\/\/yaomarket.cl\/\",\"name\":\"YAOMARKET\",\"description\":\"\",\"publisher\":{\"@id\":\"https:\/\/yaomarket.cl\/#organization\"},\"potentialAction\":[{\"@type\":\"SearchAction\",\"target\":{\"@type\":\"EntryPoint\",\"urlTemplate\":\"https:\/\/yaomarket.cl\/?s={search_term_string}\"},\"query-input\":{\"@type\":\"PropertyValueSpecification\",\"valueRequired\":true,\"valueName\":\"search_term_string\"}}],\"inLanguage\":\"es\"},{\"@type\":\"Organization\",\"@id\":\"https:\/\/yaomarket.cl\/#organization\",\"name\":\"YAOMARKET\",\"url\":\"https:\/\/yaomarket.cl\/\",\"logo\":{\"@type\":\"ImageObject\",\"inLanguage\":\"es\",\"@id\":\"https:\/\/yaomarket.cl\/#\/schema\/logo\/image\/\",\"url\":\"https:\/\/yaomarket.cl\/wp-content\/uploads\/2023\/08\/Logo-Original-Yao-Market-Circular.png\",\"contentUrl\":\"https:\/\/yaomarket.cl\/wp-content\/uploads\/2023\/08\/Logo-Original-Yao-Market-Circular.png\",\"width\":522,\"height\":522,\"caption\":\"YAOMARKET\"},\"image\":{\"@id\":\"https:\/\/yaomarket.cl\/#\/schema\/logo\/image\/\"},\"sameAs\":[\"https:\/\/www.facebook.com\/yaomarketchile\/\",\"https:\/\/www.instagram.com\/yao_market\/\"]}]}<\/script>\n<!-- \/ Yoast SEO plugin. -->","yoast_head_json":{"title":"KEW SET MUG CON INFUSOR + TE HOJA ENGLISH BREAKFAST - YAOMARKET","robots":{"index":"index","follow":"follow","max-snippet":"max-snippet:-1","max-image-preview":"max-image-preview:large","max-video-preview":"max-video-preview:-1"},"canonical":"https:\/\/yaomarket.cl\/?product=kew-set-mug-con-infusor-te-hoja-english-breakfast","og_locale":"es_ES","og_type":"article","og_title":"KEW SET MUG CON INFUSOR + TE HOJA ENGLISH BREAKFAST - YAOMARKET","og_description":"Este set incluye 1 Kew de t\u00e9s Majestic Breakfast de 100 gramos m\u00e1s un mug con infusor de t\u00e9.\u00a0  Un set todo en uno para hacer un regalo perfecto.  Encontrar\u00e1s un rico t\u00e9 en hojas, de\u00a0cuerpo dulce para disfrutar de una taza deliciosamente suave. Regala un gesto de cari\u00f1o con este hermoso set el cual se puede disfrutar en cualquier lugar ya que lo puedes transportar donde sea contigo.\u00a0  En Ahmad tea Chile, inspiramos el amor por el t\u00e9.\u00a0","og_url":"https:\/\/yaomarket.cl\/?product=kew-set-mug-con-infusor-te-hoja-english-breakfast","og_site_name":"YAOMARKET","article_publisher":"https:\/\/www.facebook.com\/yaomarketchile\/","article_modified_time":"2025-05-26T16:19:13+00:00","og_image":[{"width":800,"height":800,"url":"https:\/\/yaomarket.cl\/wp-content\/uploads\/2025\/04\/set-de-regalo-ahmad-kew-con-infusor.jpg","type":"image\/jpeg"}],"twitter_card":"summary_large_image","schema":{"@context":"https:\/\/schema.org","@graph":[{"@type":"WebPage","@id":"https:\/\/yaomarket.cl\/?product=kew-set-mug-con-infusor-te-hoja-english-breakfast","url":"https:\/\/yaomarket.cl\/?product=kew-set-mug-con-infusor-te-hoja-english-breakfast","name":"KEW SET MUG CON INFUSOR + TE HOJA ENGLISH BREAKFAST - YAOMARKET","isPartOf":{"@id":"https:\/\/yaomarket.cl\/#website"},"primaryImageOfPage":{"@id":"https:\/\/yaomarket.cl\/?product=kew-set-mug-con-infusor-te-hoja-english-breakfast#primaryimage"},"image":{"@id":"https:\/\/yaomarket.cl\/?product=kew-set-mug-con-infusor-te-hoja-english-breakfast#primaryimage"},"thumbnailUrl":"https:\/\/yaomarket.cl\/wp-content\/uploads\/2025\/04\/set-de-regalo-ahmad-kew-con-infusor.jpg","datePublished":"2025-04-01T22:05:02+00:00","dateModified":"2025-05-26T16:19:13+00:00","breadcrumb":{"@id":"https:\/\/yaomarket.cl\/?product=kew-set-mug-con-infusor-te-hoja-english-breakfast#breadcrumb"},"inLanguage":"es","potentialAction":[{"@type":"ReadAction","target":["https:\/\/yaomarket.cl\/?product=kew-set-mug-con-infusor-te-hoja-english-breakfast"]}]},{"@type":"ImageObject","inLanguage":"es","@id":"https:\/\/yaomarket.cl\/?product=kew-set-mug-con-infusor-te-hoja-english-breakfast#primaryimage","url":"https:\/\/yaomarket.cl\/wp-content\/uploads\/2025\/04\/set-de-regalo-ahmad-kew-con-infusor.jpg","contentUrl":"https:\/\/yaomarket.cl\/wp-content\/uploads\/2025\/04\/set-de-regalo-ahmad-kew-con-infusor.jpg","width":800,"height":800},{"@type":"BreadcrumbList","@id":"https:\/\/yaomarket.cl\/?product=kew-set-mug-con-infusor-te-hoja-english-breakfast#breadcrumb","itemListElement":[{"@type":"ListItem","position":1,"name":"Portada","item":"https:\/\/yaomarket.cl\/"},{"@type":"ListItem","position":2,"name":"TIENDA","item":"https:\/\/yaomarket.cl\/?page_id=8"},{"@type":"ListItem","position":3,"name":"KEW SET MUG CON INFUSOR + TE HOJA ENGLISH BREAKFAST"}]},{"@type":"WebSite","@id":"https:\/\/yaomarket.cl\/#website","url":"https:\/\/yaomarket.cl\/","name":"YAOMARKET","description":"","publisher":{"@id":"https:\/\/yaomarket.cl\/#organization"},"potentialAction":[{"@type":"SearchAction","target":{"@type":"EntryPoint","urlTemplate":"https:\/\/yaomarket.cl\/?s={search_term_string}"},"query-input":{"@type":"PropertyValueSpecification","valueRequired":true,"valueName":"search_term_string"}}],"inLanguage":"es"},{"@type":"Organization","@id":"https:\/\/yaomarket.cl\/#organization","name":"YAOMARKET","url":"https:\/\/yaomarket.cl\/","logo":{"@type":"ImageObject","inLanguage":"es","@id":"https:\/\/yaomarket.cl\/#\/schema\/logo\/image\/","url":"https:\/\/yaomarket.cl\/wp-content\/uploads\/2023\/08\/Logo-Original-Yao-Market-Circular.png","contentUrl":"https:\/\/yaomarket.cl\/wp-content\/uploads\/2023\/08\/Logo-Original-Yao-Market-Circular.png","width":522,"height":522,"caption":"YAOMARKET"},"image":{"@id":"https:\/\/yaomarket.cl\/#\/schema\/logo\/image\/"},"sameAs":["https:\/\/www.facebook.com\/yaomarketchile\/","https:\/\/www.instagram.com\/yao_market\/"]}]}},"_links":{"self":[{"href":"https:\/\/yaomarket.cl\/index.php?rest_route=\/wp\/v2\/product\/11561","targetHints":{"allow":["GET"]}}],"collection":[{"href":"https:\/\/yaomarket.cl\/index.php?rest_route=\/wp\/v2\/product"}],"about":[{"href":"https:\/\/yaomarket.cl\/index.php?rest_route=\/wp\/v2\/types\/product"}],"wp:featuredmedia":[{"embeddable":true,"href":"https:\/\/yaomarket.cl\/index.php?rest_route=\/wp\/v2\/media\/11562"}],"wp:attachment":[{"href":"https:\/\/yaomarket.cl\/index.php?rest_route=%2Fwp%2Fv2%2Fmedia&parent=11561"}],"wp:term":[{"taxonomy":"product_cat","embeddable":true,"href":"https:\/\/yaomarket.cl\/index.php?rest_route=%2Fwp%2Fv2%2Fproduct_cat&post=11561"},{"taxonomy":"product_tag","embeddable":true,"href":"https:\/\/yaomarket.cl\/index.php?rest_route=%2Fwp%2Fv2%2Fproduct_tag&post=11561"}],"curies":[{"name":"wp","href":"https:\/\/api.w.org\/{rel}","templated":true}]}}