{"id":11548,"date":"2025-04-01T21:47:53","date_gmt":"2025-04-01T21:47:53","guid":{"rendered":"https:\/\/yaomarket.cl\/?post_type=product&#038;p=11548"},"modified":"2025-05-26T03:12:33","modified_gmt":"2025-05-26T03:12:33","slug":"ahmad-tea-green-selection-4-variedades-20-bolsitas","status":"publish","type":"product","link":"https:\/\/yaomarket.cl\/?product=ahmad-tea-green-selection-4-variedades-20-bolsitas","title":{"rendered":"Ahmad Tea Green Selection 4 Variedades (20 Bolsitas)"},"content":{"rendered":"<p><span style=\"color: #000000;\">Fresco, fragante y lleno de variedad\u2014Green Tea Selection es la manera perfecta de explorar el delicado mundo del t\u00e9 verde. Este pack variado cuidadosamente seleccionado incluye 5 bolsitas de cada uno: Green Tea, Mint Green Tea, Jasmine Green Tea y Lemon Green Tea. Ya sea que est\u00e9s de humor para algo floral, c\u00edtrico, refrescante o cl\u00e1sico, esta caja tiene un t\u00e9 para cada momento.<\/span><\/p>\n<p><span style=\"color: #000000;\">Es un hermoso equilibrio de sabores, todos arraigados en el car\u00e1cter calmante del t\u00e9 verde, ofreciendo diferentes expresiones de esta ancestral tradici\u00f3n con cada infusi\u00f3n.<\/span><\/p>\n<div class=\"desc-content\">\n<h3><span style=\"color: #000000;\">Especificaciones del Producto<\/span><\/h3>\n<div class=\"row\">\n<div class=\"col-md-6 col-xs-12\">\n<ul>\n<li><span style=\"color: #000000;\"><strong>Contenido:<\/strong>\u00a020 bolsitas de t\u00e9 (5 de cada variedad)<\/span><\/li>\n<li><span style=\"color: #000000;\"><strong>Tipo de T\u00e9:<\/strong>\u00a0T\u00e9 verde en diferentes variedades<\/span><\/li>\n<li><span style=\"color: #000000;\"><strong>Sabores:<\/strong>\u00a0Natural, Menta, Jazm\u00edn y Lim\u00f3n<\/span><\/li>\n<li><span style=\"color: #000000;\"><strong>Origen:<\/strong>\u00a0Tri\u00e1ngulo Dorado de China (provincias de Jiangxi, Anhui y Zhejiang)<\/span><\/li>\n<li><span style=\"color: #000000;\"><strong>Tiempo de Infusi\u00f3n:<\/strong>\u00a02-3 minutos<\/span><\/li>\n<\/ul>\n<\/div>\n<div class=\"col-md-6 col-xs-12\">\n<ul>\n<li><span style=\"color: #000000;\"><strong>Presentaci\u00f3n:<\/strong>\u00a0Caja con 20 bolsitas de t\u00e9 surtidas<\/span><\/li>\n<li><span style=\"color: #000000;\"><strong>Composici\u00f3n:<\/strong>\u00a0T\u00e9 verde con diversos complementos naturales<\/span><\/li>\n<li><span style=\"color: #000000;\"><strong>Embalaje:<\/strong>\u00a0Disponible en caja individual o en pack de 6 cajas<\/span><\/li>\n<li><span style=\"color: #000000;\"><strong>Ideal para:<\/strong>\u00a0Introducci\u00f3n al t\u00e9 verde o para variar el disfrute diario<\/span><\/li>\n<\/ul>\n<\/div>\n<\/div>\n<\/div>\n<p>&nbsp;<\/p>\n<h3><span style=\"color: #000000;\">Variedades incluidas:<\/span><\/h3>\n<ul>\n<li><span style=\"color: #000000;\"><strong>Green Tea:<\/strong>\u00a0T\u00e9 verde puro con notas florales sutiles y sabor limpio y ligero.<\/span><\/li>\n<li><span style=\"color: #000000;\"><strong>Mint Green Tea:<\/strong>\u00a0T\u00e9 verde con hojas de menta, refrescante y revitalizante.<\/span><\/li>\n<li><span style=\"color: #000000;\"><strong>Jasmine Green Tea:<\/strong>\u00a0T\u00e9 verde con flores de jazm\u00edn, arom\u00e1tico y relajante.<\/span><\/li>\n<li><span style=\"color: #000000;\"><strong>Lemon Green Tea:<\/strong>\u00a0T\u00e9 verde con trozos de lim\u00f3n, c\u00edtrico y estimulante.<\/span><\/li>\n<\/ul>\n<p>&nbsp;<\/p>\n<h3><span style=\"color: #000000;\">\u00bfSab\u00edas que?<\/span><\/h3>\n<p><span style=\"color: #000000;\">El t\u00e9 verde ha sido apreciado durante siglos en toda Asia por sus beneficios para la salud y su suave impulso de cafe\u00edna. Cada mezcla en esta caja ofrece una expresi\u00f3n diferente de esa antigua tradici\u00f3n, mejorada cuidadosamente con hierbas o frutas reales para un giro sabroso. Con un nivel moderado de cafe\u00edna (40mg), estas variedades proporcionan un equilibrio perfecto entre energ\u00eda y bienestar.<\/span><\/p>\n","protected":false},"excerpt":{"rendered":"<p><span style=\"color: #000000;\">Explora el delicado mundo del t\u00e9 verde con nuestra Green Tea Selection. Esta colecci\u00f3n variada incluye 20 bolsitas de t\u00e9 (5 de cada variedad): Green Tea puro, Mint Green Tea, Jasmine Green Tea y Lemon Green Tea. Ideal para quienes quieren descubrir diferentes expresiones del t\u00e9 verde, desde lo floral hasta lo c\u00edtrico o refrescante, ofreciendo una opci\u00f3n perfecta para cada momento del d\u00eda con el suave impulso energ\u00e9tico y los beneficios del t\u00e9 verde.<\/span><\/p>\n","protected":false},"featured_media":11553,"template":"","meta":[],"product_cat":[167,84,85],"product_tag":[],"class_list":{"0":"post-11548","1":"product","2":"type-product","3":"status-publish","4":"has-post-thumbnail","6":"product_cat-te-verde","7":"product_cat-mundo-te","8":"product_cat-ahmad-tea","10":"first","11":"instock","12":"shipping-taxable","13":"purchasable","14":"product-type-simple"},"yoast_head":"<!-- This site is optimized with the Yoast SEO plugin v25.2 - https:\/\/yoast.com\/wordpress\/plugins\/seo\/ -->\n<title>Ahmad Tea Green Selection 4 Variedades (20 Bolsitas) - YAOMARKET<\/title>\n<meta name=\"robots\" content=\"index, follow, max-snippet:-1, max-image-preview:large, max-video-preview:-1\" \/>\n<link rel=\"canonical\" href=\"https:\/\/yaomarket.cl\/?product=ahmad-tea-green-selection-4-variedades-20-bolsitas\" \/>\n<meta property=\"og:locale\" content=\"es_ES\" \/>\n<meta property=\"og:type\" content=\"article\" \/>\n<meta property=\"og:title\" content=\"Ahmad Tea Green Selection 4 Variedades (20 Bolsitas) - YAOMARKET\" \/>\n<meta property=\"og:description\" content=\"Explora el delicado mundo del t\u00e9 verde con nuestra Green Tea Selection. Esta colecci\u00f3n variada incluye 20 bolsitas de t\u00e9 (5 de cada variedad): Green Tea puro, Mint Green Tea, Jasmine Green Tea y Lemon Green Tea. Ideal para quienes quieren descubrir diferentes expresiones del t\u00e9 verde, desde lo floral hasta lo c\u00edtrico o refrescante, ofreciendo una opci\u00f3n perfecta para cada momento del d\u00eda con el suave impulso energ\u00e9tico y los beneficios del t\u00e9 verde.\" \/>\n<meta property=\"og:url\" content=\"https:\/\/yaomarket.cl\/?product=ahmad-tea-green-selection-4-variedades-20-bolsitas\" \/>\n<meta property=\"og:site_name\" content=\"YAOMARKET\" \/>\n<meta property=\"article:publisher\" content=\"https:\/\/www.facebook.com\/yaomarketchile\/\" \/>\n<meta property=\"article:modified_time\" content=\"2025-05-26T03:12:33+00:00\" \/>\n<meta property=\"og:image\" content=\"https:\/\/yaomarket.cl\/wp-content\/uploads\/2025\/04\/ahmad-tea-green-selection-4-variedades-20-bolsitas-3.png\" \/>\n\t<meta property=\"og:image:width\" content=\"800\" \/>\n\t<meta property=\"og:image:height\" content=\"800\" \/>\n\t<meta property=\"og:image:type\" content=\"image\/png\" \/>\n<meta name=\"twitter:card\" content=\"summary_large_image\" \/>\n<meta name=\"twitter:label1\" content=\"Tiempo de lectura\" \/>\n\t<meta name=\"twitter:data1\" content=\"2 minutos\" \/>\n<script type=\"application\/ld+json\" class=\"yoast-schema-graph\">{\"@context\":\"https:\/\/schema.org\",\"@graph\":[{\"@type\":\"WebPage\",\"@id\":\"https:\/\/yaomarket.cl\/?product=ahmad-tea-green-selection-4-variedades-20-bolsitas\",\"url\":\"https:\/\/yaomarket.cl\/?product=ahmad-tea-green-selection-4-variedades-20-bolsitas\",\"name\":\"Ahmad Tea Green Selection 4 Variedades (20 Bolsitas) - YAOMARKET\",\"isPartOf\":{\"@id\":\"https:\/\/yaomarket.cl\/#website\"},\"primaryImageOfPage\":{\"@id\":\"https:\/\/yaomarket.cl\/?product=ahmad-tea-green-selection-4-variedades-20-bolsitas#primaryimage\"},\"image\":{\"@id\":\"https:\/\/yaomarket.cl\/?product=ahmad-tea-green-selection-4-variedades-20-bolsitas#primaryimage\"},\"thumbnailUrl\":\"https:\/\/yaomarket.cl\/wp-content\/uploads\/2025\/04\/ahmad-tea-green-selection-4-variedades-20-bolsitas-3.png\",\"datePublished\":\"2025-04-01T21:47:53+00:00\",\"dateModified\":\"2025-05-26T03:12:33+00:00\",\"breadcrumb\":{\"@id\":\"https:\/\/yaomarket.cl\/?product=ahmad-tea-green-selection-4-variedades-20-bolsitas#breadcrumb\"},\"inLanguage\":\"es\",\"potentialAction\":[{\"@type\":\"ReadAction\",\"target\":[\"https:\/\/yaomarket.cl\/?product=ahmad-tea-green-selection-4-variedades-20-bolsitas\"]}]},{\"@type\":\"ImageObject\",\"inLanguage\":\"es\",\"@id\":\"https:\/\/yaomarket.cl\/?product=ahmad-tea-green-selection-4-variedades-20-bolsitas#primaryimage\",\"url\":\"https:\/\/yaomarket.cl\/wp-content\/uploads\/2025\/04\/ahmad-tea-green-selection-4-variedades-20-bolsitas-3.png\",\"contentUrl\":\"https:\/\/yaomarket.cl\/wp-content\/uploads\/2025\/04\/ahmad-tea-green-selection-4-variedades-20-bolsitas-3.png\",\"width\":800,\"height\":800},{\"@type\":\"BreadcrumbList\",\"@id\":\"https:\/\/yaomarket.cl\/?product=ahmad-tea-green-selection-4-variedades-20-bolsitas#breadcrumb\",\"itemListElement\":[{\"@type\":\"ListItem\",\"position\":1,\"name\":\"Portada\",\"item\":\"https:\/\/yaomarket.cl\/\"},{\"@type\":\"ListItem\",\"position\":2,\"name\":\"TIENDA\",\"item\":\"https:\/\/yaomarket.cl\/?page_id=8\"},{\"@type\":\"ListItem\",\"position\":3,\"name\":\"Ahmad Tea Green Selection 4 Variedades (20 Bolsitas)\"}]},{\"@type\":\"WebSite\",\"@id\":\"https:\/\/yaomarket.cl\/#website\",\"url\":\"https:\/\/yaomarket.cl\/\",\"name\":\"YAOMARKET\",\"description\":\"\",\"publisher\":{\"@id\":\"https:\/\/yaomarket.cl\/#organization\"},\"potentialAction\":[{\"@type\":\"SearchAction\",\"target\":{\"@type\":\"EntryPoint\",\"urlTemplate\":\"https:\/\/yaomarket.cl\/?s={search_term_string}\"},\"query-input\":{\"@type\":\"PropertyValueSpecification\",\"valueRequired\":true,\"valueName\":\"search_term_string\"}}],\"inLanguage\":\"es\"},{\"@type\":\"Organization\",\"@id\":\"https:\/\/yaomarket.cl\/#organization\",\"name\":\"YAOMARKET\",\"url\":\"https:\/\/yaomarket.cl\/\",\"logo\":{\"@type\":\"ImageObject\",\"inLanguage\":\"es\",\"@id\":\"https:\/\/yaomarket.cl\/#\/schema\/logo\/image\/\",\"url\":\"https:\/\/yaomarket.cl\/wp-content\/uploads\/2023\/08\/Logo-Original-Yao-Market-Circular.png\",\"contentUrl\":\"https:\/\/yaomarket.cl\/wp-content\/uploads\/2023\/08\/Logo-Original-Yao-Market-Circular.png\",\"width\":522,\"height\":522,\"caption\":\"YAOMARKET\"},\"image\":{\"@id\":\"https:\/\/yaomarket.cl\/#\/schema\/logo\/image\/\"},\"sameAs\":[\"https:\/\/www.facebook.com\/yaomarketchile\/\",\"https:\/\/www.instagram.com\/yao_market\/\"]}]}<\/script>\n<!-- \/ Yoast SEO plugin. -->","yoast_head_json":{"title":"Ahmad Tea Green Selection 4 Variedades (20 Bolsitas) - YAOMARKET","robots":{"index":"index","follow":"follow","max-snippet":"max-snippet:-1","max-image-preview":"max-image-preview:large","max-video-preview":"max-video-preview:-1"},"canonical":"https:\/\/yaomarket.cl\/?product=ahmad-tea-green-selection-4-variedades-20-bolsitas","og_locale":"es_ES","og_type":"article","og_title":"Ahmad Tea Green Selection 4 Variedades (20 Bolsitas) - YAOMARKET","og_description":"Explora el delicado mundo del t\u00e9 verde con nuestra Green Tea Selection. Esta colecci\u00f3n variada incluye 20 bolsitas de t\u00e9 (5 de cada variedad): Green Tea puro, Mint Green Tea, Jasmine Green Tea y Lemon Green Tea. Ideal para quienes quieren descubrir diferentes expresiones del t\u00e9 verde, desde lo floral hasta lo c\u00edtrico o refrescante, ofreciendo una opci\u00f3n perfecta para cada momento del d\u00eda con el suave impulso energ\u00e9tico y los beneficios del t\u00e9 verde.","og_url":"https:\/\/yaomarket.cl\/?product=ahmad-tea-green-selection-4-variedades-20-bolsitas","og_site_name":"YAOMARKET","article_publisher":"https:\/\/www.facebook.com\/yaomarketchile\/","article_modified_time":"2025-05-26T03:12:33+00:00","og_image":[{"width":800,"height":800,"url":"https:\/\/yaomarket.cl\/wp-content\/uploads\/2025\/04\/ahmad-tea-green-selection-4-variedades-20-bolsitas-3.png","type":"image\/png"}],"twitter_card":"summary_large_image","twitter_misc":{"Tiempo de lectura":"2 minutos"},"schema":{"@context":"https:\/\/schema.org","@graph":[{"@type":"WebPage","@id":"https:\/\/yaomarket.cl\/?product=ahmad-tea-green-selection-4-variedades-20-bolsitas","url":"https:\/\/yaomarket.cl\/?product=ahmad-tea-green-selection-4-variedades-20-bolsitas","name":"Ahmad Tea Green Selection 4 Variedades (20 Bolsitas) - YAOMARKET","isPartOf":{"@id":"https:\/\/yaomarket.cl\/#website"},"primaryImageOfPage":{"@id":"https:\/\/yaomarket.cl\/?product=ahmad-tea-green-selection-4-variedades-20-bolsitas#primaryimage"},"image":{"@id":"https:\/\/yaomarket.cl\/?product=ahmad-tea-green-selection-4-variedades-20-bolsitas#primaryimage"},"thumbnailUrl":"https:\/\/yaomarket.cl\/wp-content\/uploads\/2025\/04\/ahmad-tea-green-selection-4-variedades-20-bolsitas-3.png","datePublished":"2025-04-01T21:47:53+00:00","dateModified":"2025-05-26T03:12:33+00:00","breadcrumb":{"@id":"https:\/\/yaomarket.cl\/?product=ahmad-tea-green-selection-4-variedades-20-bolsitas#breadcrumb"},"inLanguage":"es","potentialAction":[{"@type":"ReadAction","target":["https:\/\/yaomarket.cl\/?product=ahmad-tea-green-selection-4-variedades-20-bolsitas"]}]},{"@type":"ImageObject","inLanguage":"es","@id":"https:\/\/yaomarket.cl\/?product=ahmad-tea-green-selection-4-variedades-20-bolsitas#primaryimage","url":"https:\/\/yaomarket.cl\/wp-content\/uploads\/2025\/04\/ahmad-tea-green-selection-4-variedades-20-bolsitas-3.png","contentUrl":"https:\/\/yaomarket.cl\/wp-content\/uploads\/2025\/04\/ahmad-tea-green-selection-4-variedades-20-bolsitas-3.png","width":800,"height":800},{"@type":"BreadcrumbList","@id":"https:\/\/yaomarket.cl\/?product=ahmad-tea-green-selection-4-variedades-20-bolsitas#breadcrumb","itemListElement":[{"@type":"ListItem","position":1,"name":"Portada","item":"https:\/\/yaomarket.cl\/"},{"@type":"ListItem","position":2,"name":"TIENDA","item":"https:\/\/yaomarket.cl\/?page_id=8"},{"@type":"ListItem","position":3,"name":"Ahmad Tea Green Selection 4 Variedades (20 Bolsitas)"}]},{"@type":"WebSite","@id":"https:\/\/yaomarket.cl\/#website","url":"https:\/\/yaomarket.cl\/","name":"YAOMARKET","description":"","publisher":{"@id":"https:\/\/yaomarket.cl\/#organization"},"potentialAction":[{"@type":"SearchAction","target":{"@type":"EntryPoint","urlTemplate":"https:\/\/yaomarket.cl\/?s={search_term_string}"},"query-input":{"@type":"PropertyValueSpecification","valueRequired":true,"valueName":"search_term_string"}}],"inLanguage":"es"},{"@type":"Organization","@id":"https:\/\/yaomarket.cl\/#organization","name":"YAOMARKET","url":"https:\/\/yaomarket.cl\/","logo":{"@type":"ImageObject","inLanguage":"es","@id":"https:\/\/yaomarket.cl\/#\/schema\/logo\/image\/","url":"https:\/\/yaomarket.cl\/wp-content\/uploads\/2023\/08\/Logo-Original-Yao-Market-Circular.png","contentUrl":"https:\/\/yaomarket.cl\/wp-content\/uploads\/2023\/08\/Logo-Original-Yao-Market-Circular.png","width":522,"height":522,"caption":"YAOMARKET"},"image":{"@id":"https:\/\/yaomarket.cl\/#\/schema\/logo\/image\/"},"sameAs":["https:\/\/www.facebook.com\/yaomarketchile\/","https:\/\/www.instagram.com\/yao_market\/"]}]}},"_links":{"self":[{"href":"https:\/\/yaomarket.cl\/index.php?rest_route=\/wp\/v2\/product\/11548","targetHints":{"allow":["GET"]}}],"collection":[{"href":"https:\/\/yaomarket.cl\/index.php?rest_route=\/wp\/v2\/product"}],"about":[{"href":"https:\/\/yaomarket.cl\/index.php?rest_route=\/wp\/v2\/types\/product"}],"wp:featuredmedia":[{"embeddable":true,"href":"https:\/\/yaomarket.cl\/index.php?rest_route=\/wp\/v2\/media\/11553"}],"wp:attachment":[{"href":"https:\/\/yaomarket.cl\/index.php?rest_route=%2Fwp%2Fv2%2Fmedia&parent=11548"}],"wp:term":[{"taxonomy":"product_cat","embeddable":true,"href":"https:\/\/yaomarket.cl\/index.php?rest_route=%2Fwp%2Fv2%2Fproduct_cat&post=11548"},{"taxonomy":"product_tag","embeddable":true,"href":"https:\/\/yaomarket.cl\/index.php?rest_route=%2Fwp%2Fv2%2Fproduct_tag&post=11548"}],"curies":[{"name":"wp","href":"https:\/\/api.w.org\/{rel}","templated":true}]}}