{"id":11546,"date":"2025-04-01T21:44:38","date_gmt":"2025-04-01T21:44:38","guid":{"rendered":"https:\/\/yaomarket.cl\/?post_type=product&#038;p=11546"},"modified":"2025-05-26T03:13:41","modified_gmt":"2025-05-26T03:13:41","slug":"te-verde-ahmad-mint-mystique-10-bolsitas","status":"publish","type":"product","link":"https:\/\/yaomarket.cl\/?product=te-verde-ahmad-mint-mystique-10-bolsitas","title":{"rendered":"T\u00e9 Verde Ahmad Mint Mystique (10 Bolsitas)"},"content":{"rendered":"<p><span style=\"color: #000000;\">Fresco, n\u00edtido y refrescantemente suave\u2014Mint Green Tea es una mezcla revitalizante que despierta los sentidos. Este t\u00e9 verde con cafe\u00edna est\u00e1 mejorado con hojas reales de menta para un final brillante y refrescante. Ligero y arom\u00e1tico, es el estimulante perfecto tanto servido caliente como con hielo.<\/span><\/p>\n<p><span style=\"color: #000000;\">La combinaci\u00f3n de t\u00e9 verde limpio y menta vigorizante crea una taza naturalmente estimulante que refresca el cuerpo y la mente con cada sorbo.<\/span><\/p>\n<div class=\"desc-content\">\n<h3><span style=\"color: #000000;\">Especificaciones del Producto<\/span><\/h3>\n<div class=\"row\">\n<div class=\"col-md-6 col-xs-12\">\n<ul>\n<li><span style=\"color: #000000;\"><strong>Contenido:<\/strong>\u00a010 bolsitas con envoltura<\/span><\/li>\n<li><span style=\"color: #000000;\"><strong>Tipo de T\u00e9:<\/strong>\u00a0T\u00e9 verde con menta<\/span><\/li>\n<li><span style=\"color: #000000;\"><strong>Sabores:<\/strong>\u00a0Menta refrescante<\/span><\/li>\n<li><span style=\"color: #000000;\"><strong>Origen:<\/strong>\u00a0Tri\u00e1ngulo Dorado de China (provincias de Jiangxi, Anhui y Zhejiang)<\/span><\/li>\n<li><span style=\"color: #000000;\"><strong>Tiempo de Infusi\u00f3n:<\/strong>\u00a02-3 minutos<\/span><\/li>\n<\/ul>\n<\/div>\n<div class=\"col-md-6 col-xs-12\">\n<ul>\n<li><span style=\"color: #000000;\"><strong>Presentaci\u00f3n:<\/strong>\u00a0Caja con bolsitas\u00a0<\/span><\/li>\n<li><span style=\"color: #000000;\"><strong>Composici\u00f3n:<\/strong>\u00a0T\u00e9 verde, hojas de menta y aromas naturales<\/span><\/li>\n<li><span style=\"color: #000000;\"><strong>Embalaje:<\/strong>\u00a0Disponible en caja individual<\/span><\/li>\n<li><span style=\"color: #000000;\"><strong>Ideal para:<\/strong>\u00a0Momentos de recuperaci\u00f3n, despu\u00e9s de las comidas o como refrescante diario<\/span><\/li>\n<\/ul>\n<\/div>\n<\/div>\n<\/div>\n<p>&nbsp;<\/p>\n<h3><span style=\"color: #000000;\">Caracter\u00edsticas y Beneficios<\/span><\/h3>\n<ul>\n<li><span style=\"color: #000000;\"><strong>Vers\u00e1til:<\/strong>\u00a0Especialmente delicioso con un toque de az\u00facar o miel, y a\u00fan mejor con una ramita fresca de menta.<\/span><\/li>\n<li><span style=\"color: #000000;\"><strong>Digestivo:<\/strong>\u00a0Perfecto como refrescante a media tarde o despu\u00e9s de una comida para limpiar el paladar.<\/span><\/li>\n<li><span style=\"color: #000000;\"><strong>Refrescante:<\/strong>\u00a0La menta proporciona una sensaci\u00f3n natural de frescor que revitaliza cuerpo y mente.<\/span><\/li>\n<li><span style=\"color: #000000;\"><strong>Nivel de Cafe\u00edna:<\/strong>\u00a0Moderado (40mg), ideal para un suave impulso energ\u00e9tico sin excitaci\u00f3n.<\/span><\/li>\n<\/ul>\n<p>&nbsp;<\/p>\n<h3><span style=\"color: #000000;\">\u00bfSab\u00edas que?<\/span><\/h3>\n<p><span style=\"color: #000000;\">La menta se ha utilizado durante siglos en todo el mundo para ayudar a la digesti\u00f3n y refrescar el cuerpo. En la cultura del t\u00e9 marroqu\u00ed, el t\u00e9 verde con menta y az\u00facar es un s\u00edmbolo de hospitalidad y a menudo se sirve en tres rondas, cada una con su propio sabor y significado \u00fanicos. La preparaci\u00f3n a temperatura ligeramente inferior (175-190\u00b0F) preserva los delicados sabores tanto del t\u00e9 verde como de la menta.<\/span><\/p>\n","protected":false},"excerpt":{"rendered":"<p><span style=\"color: #000000;\">Disfruta de una experiencia refrescante con nuestro Mint Green Tea, una revitalizante mezcla que despierta los sentidos. Cada bolsita combina t\u00e9 verde de alta calidad con hojas reales de menta, creando una bebida ligera y arom\u00e1tica con un final fresco y vigorizante. Ideal para cualquier momento del d\u00eda, puede disfrutarse caliente o helado, ofreciendo un equilibrio perfecto entre las propiedades del t\u00e9 verde y el efecto refrescante de la menta.<\/span><\/p>\n","protected":false},"featured_media":11547,"template":"","meta":[],"product_cat":[167,84,85],"product_tag":[],"class_list":{"0":"post-11546","1":"product","2":"type-product","3":"status-publish","4":"has-post-thumbnail","6":"product_cat-te-verde","7":"product_cat-mundo-te","8":"product_cat-ahmad-tea","10":"first","11":"instock","12":"shipping-taxable","13":"purchasable","14":"product-type-simple"},"yoast_head":"<!-- This site is optimized with the Yoast SEO plugin v25.2 - https:\/\/yoast.com\/wordpress\/plugins\/seo\/ -->\n<title>T\u00e9 Verde Ahmad Mint Mystique (10 Bolsitas) - YAOMARKET<\/title>\n<meta name=\"robots\" content=\"index, follow, max-snippet:-1, max-image-preview:large, max-video-preview:-1\" \/>\n<link rel=\"canonical\" href=\"https:\/\/yaomarket.cl\/?product=te-verde-ahmad-mint-mystique-10-bolsitas\" \/>\n<meta property=\"og:locale\" content=\"es_ES\" \/>\n<meta property=\"og:type\" content=\"article\" \/>\n<meta property=\"og:title\" content=\"T\u00e9 Verde Ahmad Mint Mystique (10 Bolsitas) - YAOMARKET\" \/>\n<meta property=\"og:description\" content=\"Disfruta de una experiencia refrescante con nuestro Mint Green Tea, una revitalizante mezcla que despierta los sentidos. Cada bolsita combina t\u00e9 verde de alta calidad con hojas reales de menta, creando una bebida ligera y arom\u00e1tica con un final fresco y vigorizante. Ideal para cualquier momento del d\u00eda, puede disfrutarse caliente o helado, ofreciendo un equilibrio perfecto entre las propiedades del t\u00e9 verde y el efecto refrescante de la menta.\" \/>\n<meta property=\"og:url\" content=\"https:\/\/yaomarket.cl\/?product=te-verde-ahmad-mint-mystique-10-bolsitas\" \/>\n<meta property=\"og:site_name\" content=\"YAOMARKET\" \/>\n<meta property=\"article:publisher\" content=\"https:\/\/www.facebook.com\/yaomarketchile\/\" \/>\n<meta property=\"article:modified_time\" content=\"2025-05-26T03:13:41+00:00\" \/>\n<meta property=\"og:image\" content=\"https:\/\/yaomarket.cl\/wp-content\/uploads\/2025\/04\/te-verde-ahmad-mint-mystique-10-sachets.png\" \/>\n\t<meta property=\"og:image:width\" content=\"800\" \/>\n\t<meta property=\"og:image:height\" content=\"800\" \/>\n\t<meta property=\"og:image:type\" content=\"image\/png\" \/>\n<meta name=\"twitter:card\" content=\"summary_large_image\" \/>\n<meta name=\"twitter:label1\" content=\"Tiempo de lectura\" \/>\n\t<meta name=\"twitter:data1\" content=\"2 minutos\" \/>\n<script type=\"application\/ld+json\" class=\"yoast-schema-graph\">{\"@context\":\"https:\/\/schema.org\",\"@graph\":[{\"@type\":\"WebPage\",\"@id\":\"https:\/\/yaomarket.cl\/?product=te-verde-ahmad-mint-mystique-10-bolsitas\",\"url\":\"https:\/\/yaomarket.cl\/?product=te-verde-ahmad-mint-mystique-10-bolsitas\",\"name\":\"T\u00e9 Verde Ahmad Mint Mystique (10 Bolsitas) - YAOMARKET\",\"isPartOf\":{\"@id\":\"https:\/\/yaomarket.cl\/#website\"},\"primaryImageOfPage\":{\"@id\":\"https:\/\/yaomarket.cl\/?product=te-verde-ahmad-mint-mystique-10-bolsitas#primaryimage\"},\"image\":{\"@id\":\"https:\/\/yaomarket.cl\/?product=te-verde-ahmad-mint-mystique-10-bolsitas#primaryimage\"},\"thumbnailUrl\":\"https:\/\/yaomarket.cl\/wp-content\/uploads\/2025\/04\/te-verde-ahmad-mint-mystique-10-sachets.png\",\"datePublished\":\"2025-04-01T21:44:38+00:00\",\"dateModified\":\"2025-05-26T03:13:41+00:00\",\"breadcrumb\":{\"@id\":\"https:\/\/yaomarket.cl\/?product=te-verde-ahmad-mint-mystique-10-bolsitas#breadcrumb\"},\"inLanguage\":\"es\",\"potentialAction\":[{\"@type\":\"ReadAction\",\"target\":[\"https:\/\/yaomarket.cl\/?product=te-verde-ahmad-mint-mystique-10-bolsitas\"]}]},{\"@type\":\"ImageObject\",\"inLanguage\":\"es\",\"@id\":\"https:\/\/yaomarket.cl\/?product=te-verde-ahmad-mint-mystique-10-bolsitas#primaryimage\",\"url\":\"https:\/\/yaomarket.cl\/wp-content\/uploads\/2025\/04\/te-verde-ahmad-mint-mystique-10-sachets.png\",\"contentUrl\":\"https:\/\/yaomarket.cl\/wp-content\/uploads\/2025\/04\/te-verde-ahmad-mint-mystique-10-sachets.png\",\"width\":800,\"height\":800},{\"@type\":\"BreadcrumbList\",\"@id\":\"https:\/\/yaomarket.cl\/?product=te-verde-ahmad-mint-mystique-10-bolsitas#breadcrumb\",\"itemListElement\":[{\"@type\":\"ListItem\",\"position\":1,\"name\":\"Portada\",\"item\":\"https:\/\/yaomarket.cl\/\"},{\"@type\":\"ListItem\",\"position\":2,\"name\":\"TIENDA\",\"item\":\"https:\/\/yaomarket.cl\/?page_id=8\"},{\"@type\":\"ListItem\",\"position\":3,\"name\":\"T\u00e9 Verde Ahmad Mint Mystique (10 Bolsitas)\"}]},{\"@type\":\"WebSite\",\"@id\":\"https:\/\/yaomarket.cl\/#website\",\"url\":\"https:\/\/yaomarket.cl\/\",\"name\":\"YAOMARKET\",\"description\":\"\",\"publisher\":{\"@id\":\"https:\/\/yaomarket.cl\/#organization\"},\"potentialAction\":[{\"@type\":\"SearchAction\",\"target\":{\"@type\":\"EntryPoint\",\"urlTemplate\":\"https:\/\/yaomarket.cl\/?s={search_term_string}\"},\"query-input\":{\"@type\":\"PropertyValueSpecification\",\"valueRequired\":true,\"valueName\":\"search_term_string\"}}],\"inLanguage\":\"es\"},{\"@type\":\"Organization\",\"@id\":\"https:\/\/yaomarket.cl\/#organization\",\"name\":\"YAOMARKET\",\"url\":\"https:\/\/yaomarket.cl\/\",\"logo\":{\"@type\":\"ImageObject\",\"inLanguage\":\"es\",\"@id\":\"https:\/\/yaomarket.cl\/#\/schema\/logo\/image\/\",\"url\":\"https:\/\/yaomarket.cl\/wp-content\/uploads\/2023\/08\/Logo-Original-Yao-Market-Circular.png\",\"contentUrl\":\"https:\/\/yaomarket.cl\/wp-content\/uploads\/2023\/08\/Logo-Original-Yao-Market-Circular.png\",\"width\":522,\"height\":522,\"caption\":\"YAOMARKET\"},\"image\":{\"@id\":\"https:\/\/yaomarket.cl\/#\/schema\/logo\/image\/\"},\"sameAs\":[\"https:\/\/www.facebook.com\/yaomarketchile\/\",\"https:\/\/www.instagram.com\/yao_market\/\"]}]}<\/script>\n<!-- \/ Yoast SEO plugin. -->","yoast_head_json":{"title":"T\u00e9 Verde Ahmad Mint Mystique (10 Bolsitas) - YAOMARKET","robots":{"index":"index","follow":"follow","max-snippet":"max-snippet:-1","max-image-preview":"max-image-preview:large","max-video-preview":"max-video-preview:-1"},"canonical":"https:\/\/yaomarket.cl\/?product=te-verde-ahmad-mint-mystique-10-bolsitas","og_locale":"es_ES","og_type":"article","og_title":"T\u00e9 Verde Ahmad Mint Mystique (10 Bolsitas) - YAOMARKET","og_description":"Disfruta de una experiencia refrescante con nuestro Mint Green Tea, una revitalizante mezcla que despierta los sentidos. Cada bolsita combina t\u00e9 verde de alta calidad con hojas reales de menta, creando una bebida ligera y arom\u00e1tica con un final fresco y vigorizante. Ideal para cualquier momento del d\u00eda, puede disfrutarse caliente o helado, ofreciendo un equilibrio perfecto entre las propiedades del t\u00e9 verde y el efecto refrescante de la menta.","og_url":"https:\/\/yaomarket.cl\/?product=te-verde-ahmad-mint-mystique-10-bolsitas","og_site_name":"YAOMARKET","article_publisher":"https:\/\/www.facebook.com\/yaomarketchile\/","article_modified_time":"2025-05-26T03:13:41+00:00","og_image":[{"width":800,"height":800,"url":"https:\/\/yaomarket.cl\/wp-content\/uploads\/2025\/04\/te-verde-ahmad-mint-mystique-10-sachets.png","type":"image\/png"}],"twitter_card":"summary_large_image","twitter_misc":{"Tiempo de lectura":"2 minutos"},"schema":{"@context":"https:\/\/schema.org","@graph":[{"@type":"WebPage","@id":"https:\/\/yaomarket.cl\/?product=te-verde-ahmad-mint-mystique-10-bolsitas","url":"https:\/\/yaomarket.cl\/?product=te-verde-ahmad-mint-mystique-10-bolsitas","name":"T\u00e9 Verde Ahmad Mint Mystique (10 Bolsitas) - YAOMARKET","isPartOf":{"@id":"https:\/\/yaomarket.cl\/#website"},"primaryImageOfPage":{"@id":"https:\/\/yaomarket.cl\/?product=te-verde-ahmad-mint-mystique-10-bolsitas#primaryimage"},"image":{"@id":"https:\/\/yaomarket.cl\/?product=te-verde-ahmad-mint-mystique-10-bolsitas#primaryimage"},"thumbnailUrl":"https:\/\/yaomarket.cl\/wp-content\/uploads\/2025\/04\/te-verde-ahmad-mint-mystique-10-sachets.png","datePublished":"2025-04-01T21:44:38+00:00","dateModified":"2025-05-26T03:13:41+00:00","breadcrumb":{"@id":"https:\/\/yaomarket.cl\/?product=te-verde-ahmad-mint-mystique-10-bolsitas#breadcrumb"},"inLanguage":"es","potentialAction":[{"@type":"ReadAction","target":["https:\/\/yaomarket.cl\/?product=te-verde-ahmad-mint-mystique-10-bolsitas"]}]},{"@type":"ImageObject","inLanguage":"es","@id":"https:\/\/yaomarket.cl\/?product=te-verde-ahmad-mint-mystique-10-bolsitas#primaryimage","url":"https:\/\/yaomarket.cl\/wp-content\/uploads\/2025\/04\/te-verde-ahmad-mint-mystique-10-sachets.png","contentUrl":"https:\/\/yaomarket.cl\/wp-content\/uploads\/2025\/04\/te-verde-ahmad-mint-mystique-10-sachets.png","width":800,"height":800},{"@type":"BreadcrumbList","@id":"https:\/\/yaomarket.cl\/?product=te-verde-ahmad-mint-mystique-10-bolsitas#breadcrumb","itemListElement":[{"@type":"ListItem","position":1,"name":"Portada","item":"https:\/\/yaomarket.cl\/"},{"@type":"ListItem","position":2,"name":"TIENDA","item":"https:\/\/yaomarket.cl\/?page_id=8"},{"@type":"ListItem","position":3,"name":"T\u00e9 Verde Ahmad Mint Mystique (10 Bolsitas)"}]},{"@type":"WebSite","@id":"https:\/\/yaomarket.cl\/#website","url":"https:\/\/yaomarket.cl\/","name":"YAOMARKET","description":"","publisher":{"@id":"https:\/\/yaomarket.cl\/#organization"},"potentialAction":[{"@type":"SearchAction","target":{"@type":"EntryPoint","urlTemplate":"https:\/\/yaomarket.cl\/?s={search_term_string}"},"query-input":{"@type":"PropertyValueSpecification","valueRequired":true,"valueName":"search_term_string"}}],"inLanguage":"es"},{"@type":"Organization","@id":"https:\/\/yaomarket.cl\/#organization","name":"YAOMARKET","url":"https:\/\/yaomarket.cl\/","logo":{"@type":"ImageObject","inLanguage":"es","@id":"https:\/\/yaomarket.cl\/#\/schema\/logo\/image\/","url":"https:\/\/yaomarket.cl\/wp-content\/uploads\/2023\/08\/Logo-Original-Yao-Market-Circular.png","contentUrl":"https:\/\/yaomarket.cl\/wp-content\/uploads\/2023\/08\/Logo-Original-Yao-Market-Circular.png","width":522,"height":522,"caption":"YAOMARKET"},"image":{"@id":"https:\/\/yaomarket.cl\/#\/schema\/logo\/image\/"},"sameAs":["https:\/\/www.facebook.com\/yaomarketchile\/","https:\/\/www.instagram.com\/yao_market\/"]}]}},"_links":{"self":[{"href":"https:\/\/yaomarket.cl\/index.php?rest_route=\/wp\/v2\/product\/11546","targetHints":{"allow":["GET"]}}],"collection":[{"href":"https:\/\/yaomarket.cl\/index.php?rest_route=\/wp\/v2\/product"}],"about":[{"href":"https:\/\/yaomarket.cl\/index.php?rest_route=\/wp\/v2\/types\/product"}],"wp:featuredmedia":[{"embeddable":true,"href":"https:\/\/yaomarket.cl\/index.php?rest_route=\/wp\/v2\/media\/11547"}],"wp:attachment":[{"href":"https:\/\/yaomarket.cl\/index.php?rest_route=%2Fwp%2Fv2%2Fmedia&parent=11546"}],"wp:term":[{"taxonomy":"product_cat","embeddable":true,"href":"https:\/\/yaomarket.cl\/index.php?rest_route=%2Fwp%2Fv2%2Fproduct_cat&post=11546"},{"taxonomy":"product_tag","embeddable":true,"href":"https:\/\/yaomarket.cl\/index.php?rest_route=%2Fwp%2Fv2%2Fproduct_tag&post=11546"}],"curies":[{"name":"wp","href":"https:\/\/api.w.org\/{rel}","templated":true}]}}