{"id":11533,"date":"2025-04-01T21:20:37","date_gmt":"2025-04-01T21:20:37","guid":{"rendered":"https:\/\/yaomarket.cl\/?post_type=product&#038;p=11533"},"modified":"2025-05-26T03:02:46","modified_gmt":"2025-05-26T03:02:46","slug":"te-negro-earl-grey-10-bolsitas","status":"publish","type":"product","link":"https:\/\/yaomarket.cl\/?product=te-negro-earl-grey-10-bolsitas","title":{"rendered":"T\u00e9 Negro Earl Grey (10 Bolsitas)"},"content":{"rendered":"<p><span style=\"color: #000000;\">Brillante, arom\u00e1tico y refinado sin esfuerzo\u2014Earl Grey es un cl\u00e1sico del t\u00e9 negro infusionado con la distintiva esencia c\u00edtrica de la bergamota. Esta querida mezcla se convierte en una taza suave, de cuerpo medio, con un aroma fragante y un final refrescante. Es elegante, estimulante y perfecto para cualquier momento del d\u00eda.<\/span><\/p>\n<p><span style=\"color: #000000;\">Hay algo innegablemente atemporal en el Earl Grey. La intensidad del t\u00e9 negro est\u00e1 bellamente equilibrada por el brillo floral y c\u00edtrico de la bergamota, creando una taza que se siente tanto relajante como vigorizante.<\/span><\/p>\n<div class=\"desc-content\">\n<h3><span style=\"color: #000000;\">Especificaciones del Producto<\/span><\/h3>\n<div class=\"row\">\n<div class=\"col-md-6 col-xs-12\">\n<ul>\n<li><span style=\"color: #000000;\"><strong>Contenido:<\/strong>\u00a010 bolsitas con envoltura\u00a0<\/span><\/li>\n<li><span style=\"color: #000000;\"><strong>Tipo de T\u00e9:<\/strong>\u00a0T\u00e9 negro con bergamota<\/span><\/li>\n<li><span style=\"color: #000000;\"><strong>Sabores:<\/strong>\u00a0Notas c\u00edtricas intensas de bergamota<\/span><\/li>\n<li><span style=\"color: #000000;\"><strong>Origen:<\/strong>\u00a0Malawi, Kenia<\/span><\/li>\n<li><span style=\"color: #000000;\"><strong>Tiempo de Infusi\u00f3n:<\/strong>\u00a05 minutos<\/span><\/li>\n<\/ul>\n<\/div>\n<div class=\"col-md-6 col-xs-12\">\n<ul>\n<li><span style=\"color: #000000;\"><strong>Presentaci\u00f3n:<\/strong>\u00a0Caja con 10 bolsitas<\/span><\/li>\n<li><span style=\"color: #000000;\"><strong>Composici\u00f3n:<\/strong>\u00a0T\u00e9 negro con alta dosis de bergamota<\/span><\/li>\n<li><span style=\"color: #000000;\"><strong>Embalaje:<\/strong>\u00a0Disponible en bolsitas con envoltura<\/span><\/li>\n<li><span style=\"color: #000000;\"><strong>Ideal para:<\/strong>\u00a0Amantes del t\u00e9 que disfrutan sabores c\u00edtricos distintivos<\/span><\/li>\n<\/ul>\n<\/div>\n<\/div>\n<\/div>\n<p>&nbsp;<\/p>\n<h3><span style=\"color: #000000;\">Caracter\u00edsticas y Beneficios<\/span><\/h3>\n<ul>\n<li><span style=\"color: #000000;\"><strong>Versatilidad:<\/strong>\u00a0Disfr\u00fatalo solo, con una rodaja de lim\u00f3n o con un toque de leche.<\/span><\/li>\n<li><span style=\"color: #000000;\"><strong>Perfil de Sabor:<\/strong>\u00a0Nuestra mezcla contiene una dosis ligeramente m\u00e1s alta de bergamota comparada con nuestro Aromatic Earl Grey Blend.<\/span><\/li>\n<li><span style=\"color: #000000;\"><strong>Experiencia Sensorial:<\/strong>\u00a0Aroma intenso y refrescante que eleva el estado de \u00e1nimo.<\/span><\/li>\n<li><span style=\"color: #000000;\"><strong>Nivel de Cafe\u00edna:<\/strong>\u00a0Medio (60mg), ideal para un impulso energ\u00e9tico moderado.<\/span><\/li>\n<\/ul>\n<p>&nbsp;<\/p>\n<h3><span style=\"color: #000000;\">\u00bfSab\u00edas que?<\/span><\/h3>\n<p><span style=\"color: #000000;\">El t\u00e9 Earl Grey debe su nombre a Charles Grey, un Primer Ministro brit\u00e1nico del siglo XIX. Seg\u00fan la leyenda, recibi\u00f3 el t\u00e9 aromatizado con bergamota como un regalo diplom\u00e1tico, \u00a1y el resto es historia del t\u00e9! Hoy en d\u00eda, sigue siendo una de las mezclas m\u00e1s ic\u00f3nicas y queridas en el mundo, apreciada tanto por su distintivo perfil arom\u00e1tico como por su versatilidad para disfrutarse en cualquier momento del d\u00eda.<\/span><\/p>\n","protected":false},"excerpt":{"rendered":"<p><span style=\"color: #000000;\">Disfruta de un cl\u00e1sico atemporal con nuestro Earl Grey, un t\u00e9 negro infusionado con la distintiva esencia c\u00edtrica de la bergamota. Cada bolsita crea una taza arom\u00e1tica de cuerpo medio con un aroma fragante y un final refrescante. Nuestra mezcla contiene una dosis ligeramente m\u00e1s alta de bergamota que nuestro Aromatic Earl Grey, ofreciendo una experiencia elegante y estimulante, perfecta para cualquier momento del d\u00eda, ya sea sola, con lim\u00f3n o con leche.<\/span><\/p>\n","protected":false},"featured_media":11534,"template":"","meta":[],"product_cat":[165,84,85],"product_tag":[],"class_list":{"0":"post-11533","1":"product","2":"type-product","3":"status-publish","4":"has-post-thumbnail","6":"product_cat-te-negro","7":"product_cat-mundo-te","8":"product_cat-ahmad-tea","10":"first","11":"instock","12":"shipping-taxable","13":"purchasable","14":"product-type-simple"},"yoast_head":"<!-- This site is optimized with the Yoast SEO plugin v25.2 - https:\/\/yoast.com\/wordpress\/plugins\/seo\/ -->\n<title>T\u00e9 Negro Earl Grey (10 Bolsitas) - YAOMARKET<\/title>\n<meta name=\"robots\" content=\"index, follow, max-snippet:-1, max-image-preview:large, max-video-preview:-1\" \/>\n<link rel=\"canonical\" href=\"https:\/\/yaomarket.cl\/?product=te-negro-earl-grey-10-bolsitas\" \/>\n<meta property=\"og:locale\" content=\"es_ES\" \/>\n<meta property=\"og:type\" content=\"article\" \/>\n<meta property=\"og:title\" content=\"T\u00e9 Negro Earl Grey (10 Bolsitas) - YAOMARKET\" \/>\n<meta property=\"og:description\" content=\"Disfruta de un cl\u00e1sico atemporal con nuestro Earl Grey, un t\u00e9 negro infusionado con la distintiva esencia c\u00edtrica de la bergamota. Cada bolsita crea una taza arom\u00e1tica de cuerpo medio con un aroma fragante y un final refrescante. Nuestra mezcla contiene una dosis ligeramente m\u00e1s alta de bergamota que nuestro Aromatic Earl Grey, ofreciendo una experiencia elegante y estimulante, perfecta para cualquier momento del d\u00eda, ya sea sola, con lim\u00f3n o con leche.\" \/>\n<meta property=\"og:url\" content=\"https:\/\/yaomarket.cl\/?product=te-negro-earl-grey-10-bolsitas\" \/>\n<meta property=\"og:site_name\" content=\"YAOMARKET\" \/>\n<meta property=\"article:publisher\" content=\"https:\/\/www.facebook.com\/yaomarketchile\/\" \/>\n<meta property=\"article:modified_time\" content=\"2025-05-26T03:02:46+00:00\" \/>\n<meta property=\"og:image\" content=\"https:\/\/yaomarket.cl\/wp-content\/uploads\/2025\/04\/te-negro-ahmad-earl-grey-10-sachets.png\" \/>\n\t<meta property=\"og:image:width\" content=\"800\" \/>\n\t<meta property=\"og:image:height\" content=\"800\" \/>\n\t<meta property=\"og:image:type\" content=\"image\/png\" \/>\n<meta name=\"twitter:card\" content=\"summary_large_image\" \/>\n<meta name=\"twitter:label1\" content=\"Tiempo de lectura\" \/>\n\t<meta name=\"twitter:data1\" content=\"2 minutos\" \/>\n<script type=\"application\/ld+json\" class=\"yoast-schema-graph\">{\"@context\":\"https:\/\/schema.org\",\"@graph\":[{\"@type\":\"WebPage\",\"@id\":\"https:\/\/yaomarket.cl\/?product=te-negro-earl-grey-10-bolsitas\",\"url\":\"https:\/\/yaomarket.cl\/?product=te-negro-earl-grey-10-bolsitas\",\"name\":\"T\u00e9 Negro Earl Grey (10 Bolsitas) - YAOMARKET\",\"isPartOf\":{\"@id\":\"https:\/\/yaomarket.cl\/#website\"},\"primaryImageOfPage\":{\"@id\":\"https:\/\/yaomarket.cl\/?product=te-negro-earl-grey-10-bolsitas#primaryimage\"},\"image\":{\"@id\":\"https:\/\/yaomarket.cl\/?product=te-negro-earl-grey-10-bolsitas#primaryimage\"},\"thumbnailUrl\":\"https:\/\/yaomarket.cl\/wp-content\/uploads\/2025\/04\/te-negro-ahmad-earl-grey-10-sachets.png\",\"datePublished\":\"2025-04-01T21:20:37+00:00\",\"dateModified\":\"2025-05-26T03:02:46+00:00\",\"breadcrumb\":{\"@id\":\"https:\/\/yaomarket.cl\/?product=te-negro-earl-grey-10-bolsitas#breadcrumb\"},\"inLanguage\":\"es\",\"potentialAction\":[{\"@type\":\"ReadAction\",\"target\":[\"https:\/\/yaomarket.cl\/?product=te-negro-earl-grey-10-bolsitas\"]}]},{\"@type\":\"ImageObject\",\"inLanguage\":\"es\",\"@id\":\"https:\/\/yaomarket.cl\/?product=te-negro-earl-grey-10-bolsitas#primaryimage\",\"url\":\"https:\/\/yaomarket.cl\/wp-content\/uploads\/2025\/04\/te-negro-ahmad-earl-grey-10-sachets.png\",\"contentUrl\":\"https:\/\/yaomarket.cl\/wp-content\/uploads\/2025\/04\/te-negro-ahmad-earl-grey-10-sachets.png\",\"width\":800,\"height\":800},{\"@type\":\"BreadcrumbList\",\"@id\":\"https:\/\/yaomarket.cl\/?product=te-negro-earl-grey-10-bolsitas#breadcrumb\",\"itemListElement\":[{\"@type\":\"ListItem\",\"position\":1,\"name\":\"Portada\",\"item\":\"https:\/\/yaomarket.cl\/\"},{\"@type\":\"ListItem\",\"position\":2,\"name\":\"TIENDA\",\"item\":\"https:\/\/yaomarket.cl\/?page_id=8\"},{\"@type\":\"ListItem\",\"position\":3,\"name\":\"T\u00e9 Negro Earl Grey (10 Bolsitas)\"}]},{\"@type\":\"WebSite\",\"@id\":\"https:\/\/yaomarket.cl\/#website\",\"url\":\"https:\/\/yaomarket.cl\/\",\"name\":\"YAOMARKET\",\"description\":\"\",\"publisher\":{\"@id\":\"https:\/\/yaomarket.cl\/#organization\"},\"potentialAction\":[{\"@type\":\"SearchAction\",\"target\":{\"@type\":\"EntryPoint\",\"urlTemplate\":\"https:\/\/yaomarket.cl\/?s={search_term_string}\"},\"query-input\":{\"@type\":\"PropertyValueSpecification\",\"valueRequired\":true,\"valueName\":\"search_term_string\"}}],\"inLanguage\":\"es\"},{\"@type\":\"Organization\",\"@id\":\"https:\/\/yaomarket.cl\/#organization\",\"name\":\"YAOMARKET\",\"url\":\"https:\/\/yaomarket.cl\/\",\"logo\":{\"@type\":\"ImageObject\",\"inLanguage\":\"es\",\"@id\":\"https:\/\/yaomarket.cl\/#\/schema\/logo\/image\/\",\"url\":\"https:\/\/yaomarket.cl\/wp-content\/uploads\/2023\/08\/Logo-Original-Yao-Market-Circular.png\",\"contentUrl\":\"https:\/\/yaomarket.cl\/wp-content\/uploads\/2023\/08\/Logo-Original-Yao-Market-Circular.png\",\"width\":522,\"height\":522,\"caption\":\"YAOMARKET\"},\"image\":{\"@id\":\"https:\/\/yaomarket.cl\/#\/schema\/logo\/image\/\"},\"sameAs\":[\"https:\/\/www.facebook.com\/yaomarketchile\/\",\"https:\/\/www.instagram.com\/yao_market\/\"]}]}<\/script>\n<!-- \/ Yoast SEO plugin. -->","yoast_head_json":{"title":"T\u00e9 Negro Earl Grey (10 Bolsitas) - YAOMARKET","robots":{"index":"index","follow":"follow","max-snippet":"max-snippet:-1","max-image-preview":"max-image-preview:large","max-video-preview":"max-video-preview:-1"},"canonical":"https:\/\/yaomarket.cl\/?product=te-negro-earl-grey-10-bolsitas","og_locale":"es_ES","og_type":"article","og_title":"T\u00e9 Negro Earl Grey (10 Bolsitas) - YAOMARKET","og_description":"Disfruta de un cl\u00e1sico atemporal con nuestro Earl Grey, un t\u00e9 negro infusionado con la distintiva esencia c\u00edtrica de la bergamota. Cada bolsita crea una taza arom\u00e1tica de cuerpo medio con un aroma fragante y un final refrescante. Nuestra mezcla contiene una dosis ligeramente m\u00e1s alta de bergamota que nuestro Aromatic Earl Grey, ofreciendo una experiencia elegante y estimulante, perfecta para cualquier momento del d\u00eda, ya sea sola, con lim\u00f3n o con leche.","og_url":"https:\/\/yaomarket.cl\/?product=te-negro-earl-grey-10-bolsitas","og_site_name":"YAOMARKET","article_publisher":"https:\/\/www.facebook.com\/yaomarketchile\/","article_modified_time":"2025-05-26T03:02:46+00:00","og_image":[{"width":800,"height":800,"url":"https:\/\/yaomarket.cl\/wp-content\/uploads\/2025\/04\/te-negro-ahmad-earl-grey-10-sachets.png","type":"image\/png"}],"twitter_card":"summary_large_image","twitter_misc":{"Tiempo de lectura":"2 minutos"},"schema":{"@context":"https:\/\/schema.org","@graph":[{"@type":"WebPage","@id":"https:\/\/yaomarket.cl\/?product=te-negro-earl-grey-10-bolsitas","url":"https:\/\/yaomarket.cl\/?product=te-negro-earl-grey-10-bolsitas","name":"T\u00e9 Negro Earl Grey (10 Bolsitas) - YAOMARKET","isPartOf":{"@id":"https:\/\/yaomarket.cl\/#website"},"primaryImageOfPage":{"@id":"https:\/\/yaomarket.cl\/?product=te-negro-earl-grey-10-bolsitas#primaryimage"},"image":{"@id":"https:\/\/yaomarket.cl\/?product=te-negro-earl-grey-10-bolsitas#primaryimage"},"thumbnailUrl":"https:\/\/yaomarket.cl\/wp-content\/uploads\/2025\/04\/te-negro-ahmad-earl-grey-10-sachets.png","datePublished":"2025-04-01T21:20:37+00:00","dateModified":"2025-05-26T03:02:46+00:00","breadcrumb":{"@id":"https:\/\/yaomarket.cl\/?product=te-negro-earl-grey-10-bolsitas#breadcrumb"},"inLanguage":"es","potentialAction":[{"@type":"ReadAction","target":["https:\/\/yaomarket.cl\/?product=te-negro-earl-grey-10-bolsitas"]}]},{"@type":"ImageObject","inLanguage":"es","@id":"https:\/\/yaomarket.cl\/?product=te-negro-earl-grey-10-bolsitas#primaryimage","url":"https:\/\/yaomarket.cl\/wp-content\/uploads\/2025\/04\/te-negro-ahmad-earl-grey-10-sachets.png","contentUrl":"https:\/\/yaomarket.cl\/wp-content\/uploads\/2025\/04\/te-negro-ahmad-earl-grey-10-sachets.png","width":800,"height":800},{"@type":"BreadcrumbList","@id":"https:\/\/yaomarket.cl\/?product=te-negro-earl-grey-10-bolsitas#breadcrumb","itemListElement":[{"@type":"ListItem","position":1,"name":"Portada","item":"https:\/\/yaomarket.cl\/"},{"@type":"ListItem","position":2,"name":"TIENDA","item":"https:\/\/yaomarket.cl\/?page_id=8"},{"@type":"ListItem","position":3,"name":"T\u00e9 Negro Earl Grey (10 Bolsitas)"}]},{"@type":"WebSite","@id":"https:\/\/yaomarket.cl\/#website","url":"https:\/\/yaomarket.cl\/","name":"YAOMARKET","description":"","publisher":{"@id":"https:\/\/yaomarket.cl\/#organization"},"potentialAction":[{"@type":"SearchAction","target":{"@type":"EntryPoint","urlTemplate":"https:\/\/yaomarket.cl\/?s={search_term_string}"},"query-input":{"@type":"PropertyValueSpecification","valueRequired":true,"valueName":"search_term_string"}}],"inLanguage":"es"},{"@type":"Organization","@id":"https:\/\/yaomarket.cl\/#organization","name":"YAOMARKET","url":"https:\/\/yaomarket.cl\/","logo":{"@type":"ImageObject","inLanguage":"es","@id":"https:\/\/yaomarket.cl\/#\/schema\/logo\/image\/","url":"https:\/\/yaomarket.cl\/wp-content\/uploads\/2023\/08\/Logo-Original-Yao-Market-Circular.png","contentUrl":"https:\/\/yaomarket.cl\/wp-content\/uploads\/2023\/08\/Logo-Original-Yao-Market-Circular.png","width":522,"height":522,"caption":"YAOMARKET"},"image":{"@id":"https:\/\/yaomarket.cl\/#\/schema\/logo\/image\/"},"sameAs":["https:\/\/www.facebook.com\/yaomarketchile\/","https:\/\/www.instagram.com\/yao_market\/"]}]}},"_links":{"self":[{"href":"https:\/\/yaomarket.cl\/index.php?rest_route=\/wp\/v2\/product\/11533","targetHints":{"allow":["GET"]}}],"collection":[{"href":"https:\/\/yaomarket.cl\/index.php?rest_route=\/wp\/v2\/product"}],"about":[{"href":"https:\/\/yaomarket.cl\/index.php?rest_route=\/wp\/v2\/types\/product"}],"wp:featuredmedia":[{"embeddable":true,"href":"https:\/\/yaomarket.cl\/index.php?rest_route=\/wp\/v2\/media\/11534"}],"wp:attachment":[{"href":"https:\/\/yaomarket.cl\/index.php?rest_route=%2Fwp%2Fv2%2Fmedia&parent=11533"}],"wp:term":[{"taxonomy":"product_cat","embeddable":true,"href":"https:\/\/yaomarket.cl\/index.php?rest_route=%2Fwp%2Fv2%2Fproduct_cat&post=11533"},{"taxonomy":"product_tag","embeddable":true,"href":"https:\/\/yaomarket.cl\/index.php?rest_route=%2Fwp%2Fv2%2Fproduct_tag&post=11533"}],"curies":[{"name":"wp","href":"https:\/\/api.w.org\/{rel}","templated":true}]}}