{"id":11341,"date":"2025-02-27T14:57:30","date_gmt":"2025-02-27T14:57:30","guid":{"rendered":"https:\/\/yaomarket.cl\/?post_type=product&#038;p=11341"},"modified":"2025-04-25T03:55:34","modified_gmt":"2025-04-25T03:55:34","slug":"zma-happy-dreams-melatonina-120-capsulas-120-porciones","status":"publish","type":"product","link":"https:\/\/yaomarket.cl\/?product=zma-happy-dreams-melatonina-120-capsulas-120-porciones","title":{"rendered":"ZMA Happy Dreams + Melatonina 120 c\u00e1psulas 120 porciones"},"content":{"rendered":"<p><span style=\"color: #000000;\"><strong>ZMA Happy dreams + melatonina 120 c\u00e1psulas 120 porciones<\/strong><\/span><\/p>\n<p><span style=\"color: #000000;\">El buen descanso es uno de los factores claves para la adecuada recuperaci\u00f3n muscular. Tambi\u00e9n ayuda a regenerar la masa muscular y regula el ciclo circadiano para un correcto funcionamiento y equilibrio hormonal. Un descanso reparador se traduce en una mejor recuperaci\u00f3n muscular y, en consecuencia, un mejor rendimiento deportivo.<\/span><\/p>\n<p><span style=\"color: #000000;\">Happy Dreams es una f\u00f3rmula dise\u00f1ada para mejorar la calidad del sue\u00f1o gracias al aporte de Melatonina, vitaminas como la Vitamina B6 y minerales como el Magnesio y Zinc.<\/span><\/p>\n<p><span style=\"color: #000000;\">La Melatonina presente en Happy Dreams de Revitta Wellness corresponde a una hormona encargada de regular el patr\u00f3n del sue\u00f1o.<\/span><\/p>\n<p><span style=\"color: #000000;\">Adem\u00e1s de la Melatonina presente en Happy Dreams, encontramos el complejo ZMA que corresponde a Zinc, Magnesio y tambi\u00e9n posee Vitamina B6.<\/span><\/p>\n<p><span style=\"color: #000000;\">El ZMA presente en Happy Dreams ayuda a mejorar el perfil de hormonas anab\u00f3licas en el deportista, esto se podr\u00eda traducir en una generaci\u00f3n de mayor hipertrofia muscular. El Zinc esta involucrado en el aumento de Testosterona en sangre. Adem\u00e1s el Zinc y Magnesio podr\u00edan aumentar los niveles del factor de crecimiento tipo insulina (IGF-1). El aumento de Testosterona junto con el aumento de los niveles del factor IGF-1, ser\u00edan la causa de la mejora en el perfil anab\u00f3lico del deportista. Esto podr\u00eda ayudar a aumentar el rendimiento f\u00edsico, la hipertrofia y la regeneraci\u00f3n muscular.<\/span><\/p>\n<p><span style=\"color: #000000;\">Otro componente importante presente en Happy Dreams es la Vitamina B6 o Piridoxina. Esta vitamina ayuda a mejorar la absorci\u00f3n de Zinc y Magnesio en el organismo, por lo que potenciar\u00eda los efectos antes mencionados. Adem\u00e1s, la Piridoxina ayuda a mejorar el Sistema Inmune gracias a que favorece la s\u00edntesis de anticuerpos y gl\u00f3bulos rojos, sumado a que ayuda a mantener la funci\u00f3n cerebral.<\/span><\/p>\n<p><span style=\"color: #000000;\"><strong>\u00bfCu\u00e1ndo y como consumir Happy Dreams? \u00a0<\/strong><\/span><\/p>\n<p><span style=\"color: #000000;\"><strong>\u00a0\u00a0\u00a0<\/strong>Idealmente debes consumir 1 c\u00e1psula de Happy Dreams antes de ir a dormir, ya que, al poseer Melatonina, tendr\u00e1 un efecto inductor del sue\u00f1o.<\/span><\/p>\n<p><span style=\"color: #000000;\">Happy Dreams es una excelente alternativa para incorporar a tu vida diaria ya que posee vitaminas y minerales del complejo ZMA para ayudar a la regeneraci\u00f3n y recuperaci\u00f3n muscular. Adem\u00e1s, ayuda a inducir el sue\u00f1o para lograr tener un buen descanso y as\u00ed mejorar los beneficios en el ejercicio f\u00edsico.<\/span><\/p>\n","protected":false},"excerpt":{"rendered":"<ul>\n<li><span style=\"color: #000000;\">Zinc + Magnesio + Vitamina B6<\/span><\/li>\n<li><span style=\"color: #000000;\">Vegano<\/span><\/li>\n<li><span style=\"color: #000000;\">Pro-hormonal<\/span><\/li>\n<li><span style=\"color: #000000;\">Recuperaci\u00f3n<\/span><\/li>\n<li><span style=\"color: #000000;\">Melatonina<\/span><\/li>\n<\/ul>\n<p><span style=\"color: #000000;\">Formato: C\u00e1psulas<\/span><\/p>\n<p><span style=\"color: #000000;\">Contenido: 120 c\u00e1psulas<\/span><\/p>\n<p><span style=\"color: #000000;\">Porciones: 120<\/span><\/p>\n<p><span style=\"color: #000000;\">Modo de uso: Consumir 1 c\u00e1psula con un vaso de agua antes de dormir o lo prescrito por tu nutricionista.<\/span><\/p>\n","protected":false},"featured_media":11342,"template":"","meta":[],"product_cat":[670],"product_tag":[],"class_list":{"0":"post-11341","1":"product","2":"type-product","3":"status-publish","4":"has-post-thumbnail","6":"product_cat-vitaminas-y-minerales","8":"first","9":"instock","10":"shipping-taxable","11":"purchasable","12":"product-type-simple"},"yoast_head":"<!-- This site is optimized with the Yoast SEO plugin v25.2 - https:\/\/yoast.com\/wordpress\/plugins\/seo\/ -->\n<title>ZMA Happy Dreams + Melatonina 120 c\u00e1psulas 120 porciones - YAOMARKET<\/title>\n<meta name=\"robots\" content=\"index, follow, max-snippet:-1, max-image-preview:large, max-video-preview:-1\" \/>\n<link rel=\"canonical\" href=\"https:\/\/yaomarket.cl\/?product=zma-happy-dreams-melatonina-120-capsulas-120-porciones\" \/>\n<meta property=\"og:locale\" content=\"es_ES\" \/>\n<meta property=\"og:type\" content=\"article\" \/>\n<meta property=\"og:title\" content=\"ZMA Happy Dreams + Melatonina 120 c\u00e1psulas 120 porciones - YAOMARKET\" \/>\n<meta property=\"og:description\" content=\"Zinc + Magnesio + Vitamina B6  Vegano  Pro-hormonal  Recuperaci\u00f3n  Melatonina  Formato: C\u00e1psulas  Contenido: 120 c\u00e1psulas  Porciones: 120  Modo de uso: Consumir 1 c\u00e1psula con un vaso de agua antes de dormir o lo prescrito por tu nutricionista.\" \/>\n<meta property=\"og:url\" content=\"https:\/\/yaomarket.cl\/?product=zma-happy-dreams-melatonina-120-capsulas-120-porciones\" \/>\n<meta property=\"og:site_name\" content=\"YAOMARKET\" \/>\n<meta property=\"article:publisher\" content=\"https:\/\/www.facebook.com\/yaomarketchile\/\" \/>\n<meta property=\"article:modified_time\" content=\"2025-04-25T03:55:34+00:00\" \/>\n<meta property=\"og:image\" content=\"https:\/\/yaomarket.cl\/wp-content\/uploads\/2025\/02\/HappyDreams_600px-1-550x550-1.jpg\" \/>\n\t<meta property=\"og:image:width\" content=\"550\" \/>\n\t<meta property=\"og:image:height\" content=\"550\" \/>\n\t<meta property=\"og:image:type\" content=\"image\/jpeg\" \/>\n<meta name=\"twitter:card\" content=\"summary_large_image\" \/>\n<meta name=\"twitter:label1\" content=\"Tiempo de lectura\" \/>\n\t<meta name=\"twitter:data1\" content=\"2 minutos\" \/>\n<script type=\"application\/ld+json\" class=\"yoast-schema-graph\">{\"@context\":\"https:\/\/schema.org\",\"@graph\":[{\"@type\":\"WebPage\",\"@id\":\"https:\/\/yaomarket.cl\/?product=zma-happy-dreams-melatonina-120-capsulas-120-porciones\",\"url\":\"https:\/\/yaomarket.cl\/?product=zma-happy-dreams-melatonina-120-capsulas-120-porciones\",\"name\":\"ZMA Happy Dreams + Melatonina 120 c\u00e1psulas 120 porciones - YAOMARKET\",\"isPartOf\":{\"@id\":\"https:\/\/yaomarket.cl\/#website\"},\"primaryImageOfPage\":{\"@id\":\"https:\/\/yaomarket.cl\/?product=zma-happy-dreams-melatonina-120-capsulas-120-porciones#primaryimage\"},\"image\":{\"@id\":\"https:\/\/yaomarket.cl\/?product=zma-happy-dreams-melatonina-120-capsulas-120-porciones#primaryimage\"},\"thumbnailUrl\":\"https:\/\/yaomarket.cl\/wp-content\/uploads\/2025\/02\/HappyDreams_600px-1-550x550-1.jpg\",\"datePublished\":\"2025-02-27T14:57:30+00:00\",\"dateModified\":\"2025-04-25T03:55:34+00:00\",\"breadcrumb\":{\"@id\":\"https:\/\/yaomarket.cl\/?product=zma-happy-dreams-melatonina-120-capsulas-120-porciones#breadcrumb\"},\"inLanguage\":\"es\",\"potentialAction\":[{\"@type\":\"ReadAction\",\"target\":[\"https:\/\/yaomarket.cl\/?product=zma-happy-dreams-melatonina-120-capsulas-120-porciones\"]}]},{\"@type\":\"ImageObject\",\"inLanguage\":\"es\",\"@id\":\"https:\/\/yaomarket.cl\/?product=zma-happy-dreams-melatonina-120-capsulas-120-porciones#primaryimage\",\"url\":\"https:\/\/yaomarket.cl\/wp-content\/uploads\/2025\/02\/HappyDreams_600px-1-550x550-1.jpg\",\"contentUrl\":\"https:\/\/yaomarket.cl\/wp-content\/uploads\/2025\/02\/HappyDreams_600px-1-550x550-1.jpg\",\"width\":550,\"height\":550},{\"@type\":\"BreadcrumbList\",\"@id\":\"https:\/\/yaomarket.cl\/?product=zma-happy-dreams-melatonina-120-capsulas-120-porciones#breadcrumb\",\"itemListElement\":[{\"@type\":\"ListItem\",\"position\":1,\"name\":\"Portada\",\"item\":\"https:\/\/yaomarket.cl\/\"},{\"@type\":\"ListItem\",\"position\":2,\"name\":\"TIENDA\",\"item\":\"https:\/\/yaomarket.cl\/?page_id=8\"},{\"@type\":\"ListItem\",\"position\":3,\"name\":\"ZMA Happy Dreams + Melatonina 120 c\u00e1psulas 120 porciones\"}]},{\"@type\":\"WebSite\",\"@id\":\"https:\/\/yaomarket.cl\/#website\",\"url\":\"https:\/\/yaomarket.cl\/\",\"name\":\"YAOMARKET\",\"description\":\"\",\"publisher\":{\"@id\":\"https:\/\/yaomarket.cl\/#organization\"},\"potentialAction\":[{\"@type\":\"SearchAction\",\"target\":{\"@type\":\"EntryPoint\",\"urlTemplate\":\"https:\/\/yaomarket.cl\/?s={search_term_string}\"},\"query-input\":{\"@type\":\"PropertyValueSpecification\",\"valueRequired\":true,\"valueName\":\"search_term_string\"}}],\"inLanguage\":\"es\"},{\"@type\":\"Organization\",\"@id\":\"https:\/\/yaomarket.cl\/#organization\",\"name\":\"YAOMARKET\",\"url\":\"https:\/\/yaomarket.cl\/\",\"logo\":{\"@type\":\"ImageObject\",\"inLanguage\":\"es\",\"@id\":\"https:\/\/yaomarket.cl\/#\/schema\/logo\/image\/\",\"url\":\"https:\/\/yaomarket.cl\/wp-content\/uploads\/2023\/08\/Logo-Original-Yao-Market-Circular.png\",\"contentUrl\":\"https:\/\/yaomarket.cl\/wp-content\/uploads\/2023\/08\/Logo-Original-Yao-Market-Circular.png\",\"width\":522,\"height\":522,\"caption\":\"YAOMARKET\"},\"image\":{\"@id\":\"https:\/\/yaomarket.cl\/#\/schema\/logo\/image\/\"},\"sameAs\":[\"https:\/\/www.facebook.com\/yaomarketchile\/\",\"https:\/\/www.instagram.com\/yao_market\/\"]}]}<\/script>\n<!-- \/ Yoast SEO plugin. -->","yoast_head_json":{"title":"ZMA Happy Dreams + Melatonina 120 c\u00e1psulas 120 porciones - YAOMARKET","robots":{"index":"index","follow":"follow","max-snippet":"max-snippet:-1","max-image-preview":"max-image-preview:large","max-video-preview":"max-video-preview:-1"},"canonical":"https:\/\/yaomarket.cl\/?product=zma-happy-dreams-melatonina-120-capsulas-120-porciones","og_locale":"es_ES","og_type":"article","og_title":"ZMA Happy Dreams + Melatonina 120 c\u00e1psulas 120 porciones - YAOMARKET","og_description":"Zinc + Magnesio + Vitamina B6  Vegano  Pro-hormonal  Recuperaci\u00f3n  Melatonina  Formato: C\u00e1psulas  Contenido: 120 c\u00e1psulas  Porciones: 120  Modo de uso: Consumir 1 c\u00e1psula con un vaso de agua antes de dormir o lo prescrito por tu nutricionista.","og_url":"https:\/\/yaomarket.cl\/?product=zma-happy-dreams-melatonina-120-capsulas-120-porciones","og_site_name":"YAOMARKET","article_publisher":"https:\/\/www.facebook.com\/yaomarketchile\/","article_modified_time":"2025-04-25T03:55:34+00:00","og_image":[{"width":550,"height":550,"url":"https:\/\/yaomarket.cl\/wp-content\/uploads\/2025\/02\/HappyDreams_600px-1-550x550-1.jpg","type":"image\/jpeg"}],"twitter_card":"summary_large_image","twitter_misc":{"Tiempo de lectura":"2 minutos"},"schema":{"@context":"https:\/\/schema.org","@graph":[{"@type":"WebPage","@id":"https:\/\/yaomarket.cl\/?product=zma-happy-dreams-melatonina-120-capsulas-120-porciones","url":"https:\/\/yaomarket.cl\/?product=zma-happy-dreams-melatonina-120-capsulas-120-porciones","name":"ZMA Happy Dreams + Melatonina 120 c\u00e1psulas 120 porciones - YAOMARKET","isPartOf":{"@id":"https:\/\/yaomarket.cl\/#website"},"primaryImageOfPage":{"@id":"https:\/\/yaomarket.cl\/?product=zma-happy-dreams-melatonina-120-capsulas-120-porciones#primaryimage"},"image":{"@id":"https:\/\/yaomarket.cl\/?product=zma-happy-dreams-melatonina-120-capsulas-120-porciones#primaryimage"},"thumbnailUrl":"https:\/\/yaomarket.cl\/wp-content\/uploads\/2025\/02\/HappyDreams_600px-1-550x550-1.jpg","datePublished":"2025-02-27T14:57:30+00:00","dateModified":"2025-04-25T03:55:34+00:00","breadcrumb":{"@id":"https:\/\/yaomarket.cl\/?product=zma-happy-dreams-melatonina-120-capsulas-120-porciones#breadcrumb"},"inLanguage":"es","potentialAction":[{"@type":"ReadAction","target":["https:\/\/yaomarket.cl\/?product=zma-happy-dreams-melatonina-120-capsulas-120-porciones"]}]},{"@type":"ImageObject","inLanguage":"es","@id":"https:\/\/yaomarket.cl\/?product=zma-happy-dreams-melatonina-120-capsulas-120-porciones#primaryimage","url":"https:\/\/yaomarket.cl\/wp-content\/uploads\/2025\/02\/HappyDreams_600px-1-550x550-1.jpg","contentUrl":"https:\/\/yaomarket.cl\/wp-content\/uploads\/2025\/02\/HappyDreams_600px-1-550x550-1.jpg","width":550,"height":550},{"@type":"BreadcrumbList","@id":"https:\/\/yaomarket.cl\/?product=zma-happy-dreams-melatonina-120-capsulas-120-porciones#breadcrumb","itemListElement":[{"@type":"ListItem","position":1,"name":"Portada","item":"https:\/\/yaomarket.cl\/"},{"@type":"ListItem","position":2,"name":"TIENDA","item":"https:\/\/yaomarket.cl\/?page_id=8"},{"@type":"ListItem","position":3,"name":"ZMA Happy Dreams + Melatonina 120 c\u00e1psulas 120 porciones"}]},{"@type":"WebSite","@id":"https:\/\/yaomarket.cl\/#website","url":"https:\/\/yaomarket.cl\/","name":"YAOMARKET","description":"","publisher":{"@id":"https:\/\/yaomarket.cl\/#organization"},"potentialAction":[{"@type":"SearchAction","target":{"@type":"EntryPoint","urlTemplate":"https:\/\/yaomarket.cl\/?s={search_term_string}"},"query-input":{"@type":"PropertyValueSpecification","valueRequired":true,"valueName":"search_term_string"}}],"inLanguage":"es"},{"@type":"Organization","@id":"https:\/\/yaomarket.cl\/#organization","name":"YAOMARKET","url":"https:\/\/yaomarket.cl\/","logo":{"@type":"ImageObject","inLanguage":"es","@id":"https:\/\/yaomarket.cl\/#\/schema\/logo\/image\/","url":"https:\/\/yaomarket.cl\/wp-content\/uploads\/2023\/08\/Logo-Original-Yao-Market-Circular.png","contentUrl":"https:\/\/yaomarket.cl\/wp-content\/uploads\/2023\/08\/Logo-Original-Yao-Market-Circular.png","width":522,"height":522,"caption":"YAOMARKET"},"image":{"@id":"https:\/\/yaomarket.cl\/#\/schema\/logo\/image\/"},"sameAs":["https:\/\/www.facebook.com\/yaomarketchile\/","https:\/\/www.instagram.com\/yao_market\/"]}]}},"_links":{"self":[{"href":"https:\/\/yaomarket.cl\/index.php?rest_route=\/wp\/v2\/product\/11341","targetHints":{"allow":["GET"]}}],"collection":[{"href":"https:\/\/yaomarket.cl\/index.php?rest_route=\/wp\/v2\/product"}],"about":[{"href":"https:\/\/yaomarket.cl\/index.php?rest_route=\/wp\/v2\/types\/product"}],"wp:featuredmedia":[{"embeddable":true,"href":"https:\/\/yaomarket.cl\/index.php?rest_route=\/wp\/v2\/media\/11342"}],"wp:attachment":[{"href":"https:\/\/yaomarket.cl\/index.php?rest_route=%2Fwp%2Fv2%2Fmedia&parent=11341"}],"wp:term":[{"taxonomy":"product_cat","embeddable":true,"href":"https:\/\/yaomarket.cl\/index.php?rest_route=%2Fwp%2Fv2%2Fproduct_cat&post=11341"},{"taxonomy":"product_tag","embeddable":true,"href":"https:\/\/yaomarket.cl\/index.php?rest_route=%2Fwp%2Fv2%2Fproduct_tag&post=11341"}],"curies":[{"name":"wp","href":"https:\/\/api.w.org\/{rel}","templated":true}]}}