{"id":11338,"date":"2025-02-27T14:52:22","date_gmt":"2025-02-27T14:52:22","guid":{"rendered":"https:\/\/yaomarket.cl\/?post_type=product&#038;p=11338"},"modified":"2025-04-25T03:45:48","modified_gmt":"2025-04-25T03:45:48","slug":"antioxidante-beauty-pills-120-capsulas-60-porciones-2","status":"publish","type":"product","link":"https:\/\/yaomarket.cl\/?product=antioxidante-beauty-pills-120-capsulas-60-porciones-2","title":{"rendered":"Antioxidante Beauty Pills 120 C\u00e1psulas 60 porciones"},"content":{"rendered":"<p><span style=\"color: #000000;\"><strong>Antioxidante Beauty Pills 120 c\u00e1psulas 60 porciones<\/strong><\/span><\/p>\n<p><span style=\"color: #000000;\"><strong><u>Beauty Pills: C\u00e1psulas antioxidantes de Revitta Wellness<\/u><\/strong><\/span><\/p>\n<p><span style=\"color: #000000;\">Beauty Pills son las nuevas c\u00e1psulas de Revitta Wellness dise\u00f1adas para potenciar la belleza y prevenir el envejecimiento prematuro gracias a su f\u00f3rmula dise\u00f1ada con antioxidantes y vitaminas como la Coenzima Q10, Vitamina C y Biotina.<\/span><\/p>\n<p><span style=\"color: #000000;\"><strong><u>F\u00f3rmula Beauty Pills<\/u><\/strong><\/span><\/p>\n<p><span style=\"color: #000000;\">Beauty Pills est\u00e1 compuesto por 3 nutrientes: Coenzima Q10, Biotina y Vitamina C.<\/span><\/p>\n<p><span style=\"color: #000000;\"><strong><u>Coenzima Q10<\/u><\/strong><\/span><\/p>\n<p><span style=\"color: #000000;\">La Coenzima Q10 presente en Beauty Pills tiene la funci\u00f3n de ser un antioxidante, por lo que ayuda a prevenir el envejecimiento prematuro de las c\u00e9lulas del organismo. Al ser un antioxidante, ayudar\u00eda a prevenir los efectos perjudiciales que podr\u00edan producir los radicales libres. Esta coenzima tambi\u00e9n controla la estabilidad, permeabilidad y fluidez de las membranas. Tambi\u00e9n estimula el crecimiento celular. Estas caracter\u00edsticas podr\u00edan generar un mejor aspecto y textura en distintas c\u00e9lulas del organismo como piel, cabello y u\u00f1as.<\/span><\/p>\n<p><span style=\"color: #000000;\"><strong><u>Biotina o Vitamina B8<\/u><\/strong><\/span><\/p>\n<p><span style=\"color: #000000;\">La Biotina es una vitamina que podr\u00eda ayudar a evitar afecciones en la piel como dermatitis o la ca\u00edda del cabello.<\/span><\/p>\n<p><span style=\"color: #000000;\"><strong><u>Vitamina C<\/u><\/strong><\/span><\/p>\n<p><span style=\"color: #000000;\">La Vitamina C posee un efecto antioxidante, sumado a que participa en la s\u00edntesis de Col\u00e1geno. El Col\u00e1geno se va perdiendo con el paso de los a\u00f1os, por lo que, al estimular su s\u00edntesis, habr\u00e1 m\u00e1s Col\u00e1geno disponible en el organismo para ayudar a mejorar la firmeza y textura de membranas celulares como las de la piel.<\/span><\/p>\n<p><span style=\"color: #000000;\"><strong>\u00bfCu\u00e1ndo y c\u00f3mo consumir Beauty Pills?<\/strong><\/span><\/p>\n<p><span style=\"color: #000000;\">Se recomienda el consumo de 2 c\u00e1psulas con alguna comida, idealmente antes de hacer ejercicio para potenciar el efecto antioxidante y evitar el da\u00f1o oxidativo que podr\u00eda producir el ejercicio. Debes consumir diariamente Beauty Pills, independiente si haces o no ejercicio. En el caso de que no hagas ejercicio, podr\u00edas consumirla en cualquier momento del d\u00eda.<\/span><\/p>\n<p><span style=\"color: #000000;\">Beauty Pills es un excelente complemento para tu alimentaci\u00f3n, ya que con el paso de los a\u00f1os se va generando un efecto oxidativo, sumado a que las membranas celulares de la piel y otros \u00f3rganos van perdiendo firmeza. Estas situaciones se pueden prevenir para evitar el envejecimiento prematuro. Beauty Pills ayudar\u00e1 a resaltar tu belleza haciendo lucir tu piel, cabello y u\u00f1as m\u00e1s radiantes cada d\u00eda.<\/span><\/p>\n","protected":false},"excerpt":{"rendered":"<p><span style=\"color: #000000;\"><strong>BEAUTY PILLS 120 C\u00c1PSULAS de Revitta Wellness<\/strong> fue dise\u00f1ado para potenciar la belleza y prevenir el envejecimiento prematuro gracias a su f\u00f3rmula.<\/span><\/p>\n<ul>\n<li><span style=\"color: #000000;\">Potente Antioxidante<\/span><\/li>\n<li><span style=\"color: #000000;\">Coenzima Q10<\/span><\/li>\n<li><span style=\"color: #000000;\">Vitamina C<\/span><\/li>\n<li><span style=\"color: #000000;\">Biotina<\/span><\/li>\n<li><span style=\"color: #000000;\">Gluten free<\/span><\/li>\n<\/ul>\n<p><span style=\"color: #000000;\">Formato: Softgel<\/span><\/p>\n<p><span style=\"color: #000000;\">Cantidad: 120<\/span><\/p>\n<p><span style=\"color: #000000;\">Porciones: 60<\/span><\/p>\n<p><span style=\"color: #000000;\">Modo de uso: Consumir 2 softgels al d\u00eda con 1 vaso de agua, de preferencia con alguna comida.<\/span><\/p>\n","protected":false},"featured_media":11339,"template":"","meta":[],"product_cat":[670],"product_tag":[],"class_list":{"0":"post-11338","1":"product","2":"type-product","3":"status-publish","4":"has-post-thumbnail","6":"product_cat-vitaminas-y-minerales","8":"first","9":"instock","10":"shipping-taxable","11":"purchasable","12":"product-type-simple"},"yoast_head":"<!-- This site is optimized with the Yoast SEO plugin v25.2 - https:\/\/yoast.com\/wordpress\/plugins\/seo\/ -->\n<title>Antioxidante Beauty Pills 120 C\u00e1psulas 60 porciones - YAOMARKET<\/title>\n<meta name=\"robots\" content=\"index, follow, max-snippet:-1, max-image-preview:large, max-video-preview:-1\" \/>\n<link rel=\"canonical\" href=\"https:\/\/yaomarket.cl\/?product=antioxidante-beauty-pills-120-capsulas-60-porciones-2\" \/>\n<meta property=\"og:locale\" content=\"es_ES\" \/>\n<meta property=\"og:type\" content=\"article\" \/>\n<meta property=\"og:title\" content=\"Antioxidante Beauty Pills 120 C\u00e1psulas 60 porciones - YAOMARKET\" \/>\n<meta property=\"og:description\" content=\"BEAUTY PILLS 120 C\u00c1PSULAS de Revitta Wellness fue dise\u00f1ado para potenciar la belleza y prevenir el envejecimiento prematuro gracias a su f\u00f3rmula.   Potente Antioxidante  Coenzima Q10  Vitamina C  Biotina  Gluten free  Formato: Softgel  Cantidad: 120  Porciones: 60  Modo de uso: Consumir 2 softgels al d\u00eda con 1 vaso de agua, de preferencia con alguna comida.\" \/>\n<meta property=\"og:url\" content=\"https:\/\/yaomarket.cl\/?product=antioxidante-beauty-pills-120-capsulas-60-porciones-2\" \/>\n<meta property=\"og:site_name\" content=\"YAOMARKET\" \/>\n<meta property=\"article:publisher\" content=\"https:\/\/www.facebook.com\/yaomarketchile\/\" \/>\n<meta property=\"article:modified_time\" content=\"2025-04-25T03:45:48+00:00\" \/>\n<meta property=\"og:image\" content=\"https:\/\/yaomarket.cl\/wp-content\/uploads\/2025\/02\/Beauty_600px-1.jpg\" \/>\n\t<meta property=\"og:image:width\" content=\"600\" \/>\n\t<meta property=\"og:image:height\" content=\"600\" \/>\n\t<meta property=\"og:image:type\" content=\"image\/jpeg\" \/>\n<meta name=\"twitter:card\" content=\"summary_large_image\" \/>\n<meta name=\"twitter:label1\" content=\"Tiempo de lectura\" \/>\n\t<meta name=\"twitter:data1\" content=\"2 minutos\" \/>\n<script type=\"application\/ld+json\" class=\"yoast-schema-graph\">{\"@context\":\"https:\/\/schema.org\",\"@graph\":[{\"@type\":\"WebPage\",\"@id\":\"https:\/\/yaomarket.cl\/?product=antioxidante-beauty-pills-120-capsulas-60-porciones-2\",\"url\":\"https:\/\/yaomarket.cl\/?product=antioxidante-beauty-pills-120-capsulas-60-porciones-2\",\"name\":\"Antioxidante Beauty Pills 120 C\u00e1psulas 60 porciones - YAOMARKET\",\"isPartOf\":{\"@id\":\"https:\/\/yaomarket.cl\/#website\"},\"primaryImageOfPage\":{\"@id\":\"https:\/\/yaomarket.cl\/?product=antioxidante-beauty-pills-120-capsulas-60-porciones-2#primaryimage\"},\"image\":{\"@id\":\"https:\/\/yaomarket.cl\/?product=antioxidante-beauty-pills-120-capsulas-60-porciones-2#primaryimage\"},\"thumbnailUrl\":\"https:\/\/yaomarket.cl\/wp-content\/uploads\/2025\/02\/Beauty_600px-1.jpg\",\"datePublished\":\"2025-02-27T14:52:22+00:00\",\"dateModified\":\"2025-04-25T03:45:48+00:00\",\"breadcrumb\":{\"@id\":\"https:\/\/yaomarket.cl\/?product=antioxidante-beauty-pills-120-capsulas-60-porciones-2#breadcrumb\"},\"inLanguage\":\"es\",\"potentialAction\":[{\"@type\":\"ReadAction\",\"target\":[\"https:\/\/yaomarket.cl\/?product=antioxidante-beauty-pills-120-capsulas-60-porciones-2\"]}]},{\"@type\":\"ImageObject\",\"inLanguage\":\"es\",\"@id\":\"https:\/\/yaomarket.cl\/?product=antioxidante-beauty-pills-120-capsulas-60-porciones-2#primaryimage\",\"url\":\"https:\/\/yaomarket.cl\/wp-content\/uploads\/2025\/02\/Beauty_600px-1.jpg\",\"contentUrl\":\"https:\/\/yaomarket.cl\/wp-content\/uploads\/2025\/02\/Beauty_600px-1.jpg\",\"width\":600,\"height\":600},{\"@type\":\"BreadcrumbList\",\"@id\":\"https:\/\/yaomarket.cl\/?product=antioxidante-beauty-pills-120-capsulas-60-porciones-2#breadcrumb\",\"itemListElement\":[{\"@type\":\"ListItem\",\"position\":1,\"name\":\"Portada\",\"item\":\"https:\/\/yaomarket.cl\/\"},{\"@type\":\"ListItem\",\"position\":2,\"name\":\"TIENDA\",\"item\":\"https:\/\/yaomarket.cl\/?page_id=8\"},{\"@type\":\"ListItem\",\"position\":3,\"name\":\"Antioxidante Beauty Pills 120 C\u00e1psulas 60 porciones\"}]},{\"@type\":\"WebSite\",\"@id\":\"https:\/\/yaomarket.cl\/#website\",\"url\":\"https:\/\/yaomarket.cl\/\",\"name\":\"YAOMARKET\",\"description\":\"\",\"publisher\":{\"@id\":\"https:\/\/yaomarket.cl\/#organization\"},\"potentialAction\":[{\"@type\":\"SearchAction\",\"target\":{\"@type\":\"EntryPoint\",\"urlTemplate\":\"https:\/\/yaomarket.cl\/?s={search_term_string}\"},\"query-input\":{\"@type\":\"PropertyValueSpecification\",\"valueRequired\":true,\"valueName\":\"search_term_string\"}}],\"inLanguage\":\"es\"},{\"@type\":\"Organization\",\"@id\":\"https:\/\/yaomarket.cl\/#organization\",\"name\":\"YAOMARKET\",\"url\":\"https:\/\/yaomarket.cl\/\",\"logo\":{\"@type\":\"ImageObject\",\"inLanguage\":\"es\",\"@id\":\"https:\/\/yaomarket.cl\/#\/schema\/logo\/image\/\",\"url\":\"https:\/\/yaomarket.cl\/wp-content\/uploads\/2023\/08\/Logo-Original-Yao-Market-Circular.png\",\"contentUrl\":\"https:\/\/yaomarket.cl\/wp-content\/uploads\/2023\/08\/Logo-Original-Yao-Market-Circular.png\",\"width\":522,\"height\":522,\"caption\":\"YAOMARKET\"},\"image\":{\"@id\":\"https:\/\/yaomarket.cl\/#\/schema\/logo\/image\/\"},\"sameAs\":[\"https:\/\/www.facebook.com\/yaomarketchile\/\",\"https:\/\/www.instagram.com\/yao_market\/\"]}]}<\/script>\n<!-- \/ Yoast SEO plugin. -->","yoast_head_json":{"title":"Antioxidante Beauty Pills 120 C\u00e1psulas 60 porciones - YAOMARKET","robots":{"index":"index","follow":"follow","max-snippet":"max-snippet:-1","max-image-preview":"max-image-preview:large","max-video-preview":"max-video-preview:-1"},"canonical":"https:\/\/yaomarket.cl\/?product=antioxidante-beauty-pills-120-capsulas-60-porciones-2","og_locale":"es_ES","og_type":"article","og_title":"Antioxidante Beauty Pills 120 C\u00e1psulas 60 porciones - YAOMARKET","og_description":"BEAUTY PILLS 120 C\u00c1PSULAS de Revitta Wellness fue dise\u00f1ado para potenciar la belleza y prevenir el envejecimiento prematuro gracias a su f\u00f3rmula.   Potente Antioxidante  Coenzima Q10  Vitamina C  Biotina  Gluten free  Formato: Softgel  Cantidad: 120  Porciones: 60  Modo de uso: Consumir 2 softgels al d\u00eda con 1 vaso de agua, de preferencia con alguna comida.","og_url":"https:\/\/yaomarket.cl\/?product=antioxidante-beauty-pills-120-capsulas-60-porciones-2","og_site_name":"YAOMARKET","article_publisher":"https:\/\/www.facebook.com\/yaomarketchile\/","article_modified_time":"2025-04-25T03:45:48+00:00","og_image":[{"width":600,"height":600,"url":"https:\/\/yaomarket.cl\/wp-content\/uploads\/2025\/02\/Beauty_600px-1.jpg","type":"image\/jpeg"}],"twitter_card":"summary_large_image","twitter_misc":{"Tiempo de lectura":"2 minutos"},"schema":{"@context":"https:\/\/schema.org","@graph":[{"@type":"WebPage","@id":"https:\/\/yaomarket.cl\/?product=antioxidante-beauty-pills-120-capsulas-60-porciones-2","url":"https:\/\/yaomarket.cl\/?product=antioxidante-beauty-pills-120-capsulas-60-porciones-2","name":"Antioxidante Beauty Pills 120 C\u00e1psulas 60 porciones - YAOMARKET","isPartOf":{"@id":"https:\/\/yaomarket.cl\/#website"},"primaryImageOfPage":{"@id":"https:\/\/yaomarket.cl\/?product=antioxidante-beauty-pills-120-capsulas-60-porciones-2#primaryimage"},"image":{"@id":"https:\/\/yaomarket.cl\/?product=antioxidante-beauty-pills-120-capsulas-60-porciones-2#primaryimage"},"thumbnailUrl":"https:\/\/yaomarket.cl\/wp-content\/uploads\/2025\/02\/Beauty_600px-1.jpg","datePublished":"2025-02-27T14:52:22+00:00","dateModified":"2025-04-25T03:45:48+00:00","breadcrumb":{"@id":"https:\/\/yaomarket.cl\/?product=antioxidante-beauty-pills-120-capsulas-60-porciones-2#breadcrumb"},"inLanguage":"es","potentialAction":[{"@type":"ReadAction","target":["https:\/\/yaomarket.cl\/?product=antioxidante-beauty-pills-120-capsulas-60-porciones-2"]}]},{"@type":"ImageObject","inLanguage":"es","@id":"https:\/\/yaomarket.cl\/?product=antioxidante-beauty-pills-120-capsulas-60-porciones-2#primaryimage","url":"https:\/\/yaomarket.cl\/wp-content\/uploads\/2025\/02\/Beauty_600px-1.jpg","contentUrl":"https:\/\/yaomarket.cl\/wp-content\/uploads\/2025\/02\/Beauty_600px-1.jpg","width":600,"height":600},{"@type":"BreadcrumbList","@id":"https:\/\/yaomarket.cl\/?product=antioxidante-beauty-pills-120-capsulas-60-porciones-2#breadcrumb","itemListElement":[{"@type":"ListItem","position":1,"name":"Portada","item":"https:\/\/yaomarket.cl\/"},{"@type":"ListItem","position":2,"name":"TIENDA","item":"https:\/\/yaomarket.cl\/?page_id=8"},{"@type":"ListItem","position":3,"name":"Antioxidante Beauty Pills 120 C\u00e1psulas 60 porciones"}]},{"@type":"WebSite","@id":"https:\/\/yaomarket.cl\/#website","url":"https:\/\/yaomarket.cl\/","name":"YAOMARKET","description":"","publisher":{"@id":"https:\/\/yaomarket.cl\/#organization"},"potentialAction":[{"@type":"SearchAction","target":{"@type":"EntryPoint","urlTemplate":"https:\/\/yaomarket.cl\/?s={search_term_string}"},"query-input":{"@type":"PropertyValueSpecification","valueRequired":true,"valueName":"search_term_string"}}],"inLanguage":"es"},{"@type":"Organization","@id":"https:\/\/yaomarket.cl\/#organization","name":"YAOMARKET","url":"https:\/\/yaomarket.cl\/","logo":{"@type":"ImageObject","inLanguage":"es","@id":"https:\/\/yaomarket.cl\/#\/schema\/logo\/image\/","url":"https:\/\/yaomarket.cl\/wp-content\/uploads\/2023\/08\/Logo-Original-Yao-Market-Circular.png","contentUrl":"https:\/\/yaomarket.cl\/wp-content\/uploads\/2023\/08\/Logo-Original-Yao-Market-Circular.png","width":522,"height":522,"caption":"YAOMARKET"},"image":{"@id":"https:\/\/yaomarket.cl\/#\/schema\/logo\/image\/"},"sameAs":["https:\/\/www.facebook.com\/yaomarketchile\/","https:\/\/www.instagram.com\/yao_market\/"]}]}},"_links":{"self":[{"href":"https:\/\/yaomarket.cl\/index.php?rest_route=\/wp\/v2\/product\/11338","targetHints":{"allow":["GET"]}}],"collection":[{"href":"https:\/\/yaomarket.cl\/index.php?rest_route=\/wp\/v2\/product"}],"about":[{"href":"https:\/\/yaomarket.cl\/index.php?rest_route=\/wp\/v2\/types\/product"}],"wp:featuredmedia":[{"embeddable":true,"href":"https:\/\/yaomarket.cl\/index.php?rest_route=\/wp\/v2\/media\/11339"}],"wp:attachment":[{"href":"https:\/\/yaomarket.cl\/index.php?rest_route=%2Fwp%2Fv2%2Fmedia&parent=11338"}],"wp:term":[{"taxonomy":"product_cat","embeddable":true,"href":"https:\/\/yaomarket.cl\/index.php?rest_route=%2Fwp%2Fv2%2Fproduct_cat&post=11338"},{"taxonomy":"product_tag","embeddable":true,"href":"https:\/\/yaomarket.cl\/index.php?rest_route=%2Fwp%2Fv2%2Fproduct_tag&post=11338"}],"curies":[{"name":"wp","href":"https:\/\/api.w.org\/{rel}","templated":true}]}}