{"id":11329,"date":"2025-02-26T04:13:30","date_gmt":"2025-02-26T04:13:30","guid":{"rendered":"https:\/\/yaomarket.cl\/?post_type=product&#038;p=11329"},"modified":"2025-06-09T21:24:02","modified_gmt":"2025-06-09T21:24:02","slug":"vitamina-d3-vitta-d-60-capsulas","status":"publish","type":"product","link":"https:\/\/yaomarket.cl\/?product=vitamina-d3-vitta-d-60-capsulas","title":{"rendered":"Vitamina D3 Vitta-D 60 c\u00e1psulas"},"content":{"rendered":"<h1><span style=\"color: #000000;\">Vitamina D3 Vitta-D 60 c\u00e1psulas<\/span><\/h1>\n<p><span style=\"color: #000000;\">Vitamina D3 Se trata de un suplemento nutricional que posee la Vitamina D en su<\/span><br \/>\n<span style=\"color: #000000;\">forma activa (D3), adem\u00e1s posee aporte de Calcio y F\u00f3sforo, minerales con funciones muy<\/span><br \/>\n<span style=\"color: #000000;\">importantes en nuestro organismo que se ven beneficiados en su absorci\u00f3n gracias a la presencia<\/span><br \/>\n<span style=\"color: #000000;\">de Vitamina D.<\/span><\/p>\n<h3><span style=\"color: #000000;\">\u00bfQu\u00e9 es la Vitamina D?<\/span><\/h3>\n<p><span style=\"color: #000000;\">La Vitamina D corresponde a una vitamina liposoluble encargada de promover la mineralizaci\u00f3n<\/span><br \/>\n<span style=\"color: #000000;\">de huesos, favorecer la absorci\u00f3n de calcio en el organismo y potenciar el sistema inmune.<\/span><br \/>\n<span style=\"color: #000000;\">Esta vitamina se encuentra en algunos alimentos y su forma activa se produce gracias a la luz solar<\/span><br \/>\n<span style=\"color: #000000;\">(Vitamina D3). La Vitamina D de Winkler Nutrition se encuentra en su forma activa, por lo que no<\/span><br \/>\n<span style=\"color: #000000;\">necesita la luz solar para ser activada, esto es importante en \u00e9pocas de invierno ya que hay una<\/span><br \/>\n<span style=\"color: #000000;\">menor exposici\u00f3n al sol.<\/span><\/p>\n<h3><span style=\"color: #000000;\">\u00bfPor qu\u00e9 es importante consumir Vitamina D3?<\/span><\/h3>\n<p><span style=\"color: #000000;\">Adecuados niveles de Vitamina D ayudan al mantenimiento de la estructura \u00f3sea, reduciendo el<\/span><br \/>\n<span style=\"color: #000000;\">riesgo de osteoporosis. Tambi\u00e9n ayuda a mejorar el sistema inmune y promueve la absorci\u00f3n de<\/span><br \/>\n<span style=\"color: #000000;\">calcio y f\u00f3sforo en el organismo.<\/span><br \/>\n<span style=\"color: #000000;\">La Vitamina D es necesaria para la absorci\u00f3n de Calcio, por esta raz\u00f3n,si hay un consumo adecuado<\/span><br \/>\n<span style=\"color: #000000;\">de este mineral, pero hay una deficiencia de Vitamina D, no se producir\u00e1 una correcta absorci\u00f3n de<\/span><br \/>\n<span style=\"color: #000000;\">Calcio en el organismo.<\/span><br \/>\n<span style=\"color: #000000;\">Esta vitamina es importante en atletas ya que sus niveles adecuados en el organismo ayudan al<\/span><br \/>\n<span style=\"color: #000000;\">mantenimiento de la estructura \u00f3sea, reduciendo el riesgo de osteoporosis y fractura por estr\u00e9s.<\/span><br \/>\n<span style=\"color: #000000;\">Tambi\u00e9n les ayuda a tener un mejor sistema inmune, reduciendo la susceptibilidad a enfermedades<\/span><br \/>\n<span style=\"color: #000000;\">respiratorias. La Vitamina D ayuda a moderar la respuesta a procesos inflamatorios por lo que podr\u00eda<\/span><br \/>\n<span style=\"color: #000000;\">ayudar a la recuperaci\u00f3n y prevenci\u00f3n de lesiones.<\/span><\/p>\n<h6><span style=\"color: #000000;\">En s\u00edntesis<\/span><\/h6>\n<p><span style=\"color: #000000;\">Vitta D3 de Winkler Nutrition es un suplemento nutricional muy importante para el<\/span><br \/>\n<span style=\"color: #000000;\">deportista y todo tipo de personas debido a que, mantener niveles adecuados de Vitamina D en<\/span><br \/>\n<span style=\"color: #000000;\">nuestro organismo, podr\u00eda ayudar a prevenir enfermedades gracias a su efecto potenciador del<\/span><br \/>\n<span style=\"color: #000000;\">sistema inmune, sumado a que ayuda a prevenir lesiones de tipo osteoarticular por su acci\u00f3n en la<\/span><br \/>\n<span style=\"color: #000000;\">absorci\u00f3n del calcio en el organismo.<\/span><\/p>\n<p>&nbsp;<\/p>\n<p><span style=\"color: #000000;\"><strong>Vitamina D3 Vitta-D 60 c\u00e1psulas<\/strong><\/span><\/p>\n<p><span style=\"color: #000000;\">Vitamina D3 Vitta-D 60 c\u00e1psulas es un suplemento elaborado para satisfacer uno de los grandes d\u00e9ficits vitam\u00ednicos de hoy en d\u00eda en nuestra poblaci\u00f3n normal y en aquellas personas que sus requerimientos puedan estar aumentados por el entrenamiento. La vitamina D participa en varios procesos esenciales ligados al ejercicios como son, regulaci\u00f3n del Calcio corporal, efecto antiinflamatorios, regeneraci\u00f3n y reparaci\u00f3n del tejido muscular, incluso a nivel de SNC (Sistema Nervioso Central) se relaciona con efectos cognitivos en ciertas disciplinas deportivas. Su consumo afecta positivamente a la inmunidad ayudando a mejorar nuestras respuestas inmunes, efecto muy \u00fatil y necesario, debido a la inmunosupresi\u00f3n que afecta a deportistas de alto rendimiento y personas que entrenan a alta intensidad peri\u00f3dicamente, que no se preocupan bien de satisfacer las demandas de este y otros micronutrientes.<\/span><\/p>\n","protected":false},"excerpt":{"rendered":"<h4><span style=\"color: #000000;\">Vitamina D3 Vitta-D 60 c\u00e1psulas<\/span><\/h4>\n<ul>\n<li><span style=\"color: #000000;\">Regular el Calcio corporal<\/span><\/li>\n<li><span style=\"color: #000000;\">Efecto antiinflamatorio<\/span><\/li>\n<li><span style=\"color: #000000;\">Regeneraci\u00f3n y reparaci\u00f3n del tejido muscular<\/span><\/li>\n<\/ul>\n<p><span style=\"color: #000000;\">Formato: C\u00e1psulas<\/span><\/p>\n<p><span style=\"color: #000000;\">Contenido: 60<\/span><\/p>\n<p><span style=\"color: #000000;\">Porciones: 60<\/span><\/p>\n<p><span style=\"color: #000000;\">Modo de uso: Consumir 1 c\u00e1psula de Vitamina D de preferencia en la ma\u00f1ana o lo prescrito por tu nutricionista.<\/span><\/p>\n","protected":false},"featured_media":11330,"template":"","meta":[],"product_cat":[670],"product_tag":[],"class_list":{"0":"post-11329","1":"product","2":"type-product","3":"status-publish","4":"has-post-thumbnail","6":"product_cat-vitaminas-y-minerales","8":"first","9":"instock","10":"shipping-taxable","11":"purchasable","12":"product-type-simple"},"yoast_head":"<!-- This site is optimized with the Yoast SEO plugin v25.2 - https:\/\/yoast.com\/wordpress\/plugins\/seo\/ -->\n<title>Vitamina D3 Vitta-D 60 c\u00e1psulas - YAOMARKET<\/title>\n<meta name=\"robots\" content=\"index, follow, max-snippet:-1, max-image-preview:large, max-video-preview:-1\" \/>\n<link rel=\"canonical\" href=\"https:\/\/yaomarket.cl\/?product=vitamina-d3-vitta-d-60-capsulas\" \/>\n<meta property=\"og:locale\" content=\"es_ES\" \/>\n<meta property=\"og:type\" content=\"article\" \/>\n<meta property=\"og:title\" content=\"Vitamina D3 Vitta-D 60 c\u00e1psulas - YAOMARKET\" \/>\n<meta property=\"og:description\" content=\"Vitamina D3 Vitta-D 60 c\u00e1psulas   Regular el Calcio corporal  Efecto antiinflamatorio  Regeneraci\u00f3n y reparaci\u00f3n del tejido muscular  Formato: C\u00e1psulas  Contenido: 60  Porciones: 60  Modo de uso: Consumir 1 c\u00e1psula de Vitamina D de preferencia en la ma\u00f1ana o lo prescrito por tu nutricionista.\" \/>\n<meta property=\"og:url\" content=\"https:\/\/yaomarket.cl\/?product=vitamina-d3-vitta-d-60-capsulas\" \/>\n<meta property=\"og:site_name\" content=\"YAOMARKET\" \/>\n<meta property=\"article:publisher\" content=\"https:\/\/www.facebook.com\/yaomarketchile\/\" \/>\n<meta property=\"article:modified_time\" content=\"2025-06-09T21:24:02+00:00\" \/>\n<meta property=\"og:image\" content=\"https:\/\/yaomarket.cl\/wp-content\/uploads\/2025\/02\/VittaD_600px-2-1.jpg\" \/>\n\t<meta property=\"og:image:width\" content=\"600\" \/>\n\t<meta property=\"og:image:height\" content=\"600\" \/>\n\t<meta property=\"og:image:type\" content=\"image\/jpeg\" \/>\n<meta name=\"twitter:card\" content=\"summary_large_image\" \/>\n<meta name=\"twitter:label1\" content=\"Tiempo de lectura\" \/>\n\t<meta name=\"twitter:data1\" content=\"3 minutos\" \/>\n<script type=\"application\/ld+json\" class=\"yoast-schema-graph\">{\"@context\":\"https:\/\/schema.org\",\"@graph\":[{\"@type\":\"WebPage\",\"@id\":\"https:\/\/yaomarket.cl\/?product=vitamina-d3-vitta-d-60-capsulas\",\"url\":\"https:\/\/yaomarket.cl\/?product=vitamina-d3-vitta-d-60-capsulas\",\"name\":\"Vitamina D3 Vitta-D 60 c\u00e1psulas - YAOMARKET\",\"isPartOf\":{\"@id\":\"https:\/\/yaomarket.cl\/#website\"},\"primaryImageOfPage\":{\"@id\":\"https:\/\/yaomarket.cl\/?product=vitamina-d3-vitta-d-60-capsulas#primaryimage\"},\"image\":{\"@id\":\"https:\/\/yaomarket.cl\/?product=vitamina-d3-vitta-d-60-capsulas#primaryimage\"},\"thumbnailUrl\":\"https:\/\/yaomarket.cl\/wp-content\/uploads\/2025\/02\/VittaD_600px-2-1.jpg\",\"datePublished\":\"2025-02-26T04:13:30+00:00\",\"dateModified\":\"2025-06-09T21:24:02+00:00\",\"breadcrumb\":{\"@id\":\"https:\/\/yaomarket.cl\/?product=vitamina-d3-vitta-d-60-capsulas#breadcrumb\"},\"inLanguage\":\"es\",\"potentialAction\":[{\"@type\":\"ReadAction\",\"target\":[\"https:\/\/yaomarket.cl\/?product=vitamina-d3-vitta-d-60-capsulas\"]}]},{\"@type\":\"ImageObject\",\"inLanguage\":\"es\",\"@id\":\"https:\/\/yaomarket.cl\/?product=vitamina-d3-vitta-d-60-capsulas#primaryimage\",\"url\":\"https:\/\/yaomarket.cl\/wp-content\/uploads\/2025\/02\/VittaD_600px-2-1.jpg\",\"contentUrl\":\"https:\/\/yaomarket.cl\/wp-content\/uploads\/2025\/02\/VittaD_600px-2-1.jpg\",\"width\":600,\"height\":600},{\"@type\":\"BreadcrumbList\",\"@id\":\"https:\/\/yaomarket.cl\/?product=vitamina-d3-vitta-d-60-capsulas#breadcrumb\",\"itemListElement\":[{\"@type\":\"ListItem\",\"position\":1,\"name\":\"Portada\",\"item\":\"https:\/\/yaomarket.cl\/\"},{\"@type\":\"ListItem\",\"position\":2,\"name\":\"TIENDA\",\"item\":\"https:\/\/yaomarket.cl\/?page_id=8\"},{\"@type\":\"ListItem\",\"position\":3,\"name\":\"Vitamina D3 Vitta-D 60 c\u00e1psulas\"}]},{\"@type\":\"WebSite\",\"@id\":\"https:\/\/yaomarket.cl\/#website\",\"url\":\"https:\/\/yaomarket.cl\/\",\"name\":\"YAOMARKET\",\"description\":\"\",\"publisher\":{\"@id\":\"https:\/\/yaomarket.cl\/#organization\"},\"potentialAction\":[{\"@type\":\"SearchAction\",\"target\":{\"@type\":\"EntryPoint\",\"urlTemplate\":\"https:\/\/yaomarket.cl\/?s={search_term_string}\"},\"query-input\":{\"@type\":\"PropertyValueSpecification\",\"valueRequired\":true,\"valueName\":\"search_term_string\"}}],\"inLanguage\":\"es\"},{\"@type\":\"Organization\",\"@id\":\"https:\/\/yaomarket.cl\/#organization\",\"name\":\"YAOMARKET\",\"url\":\"https:\/\/yaomarket.cl\/\",\"logo\":{\"@type\":\"ImageObject\",\"inLanguage\":\"es\",\"@id\":\"https:\/\/yaomarket.cl\/#\/schema\/logo\/image\/\",\"url\":\"https:\/\/yaomarket.cl\/wp-content\/uploads\/2023\/08\/Logo-Original-Yao-Market-Circular.png\",\"contentUrl\":\"https:\/\/yaomarket.cl\/wp-content\/uploads\/2023\/08\/Logo-Original-Yao-Market-Circular.png\",\"width\":522,\"height\":522,\"caption\":\"YAOMARKET\"},\"image\":{\"@id\":\"https:\/\/yaomarket.cl\/#\/schema\/logo\/image\/\"},\"sameAs\":[\"https:\/\/www.facebook.com\/yaomarketchile\/\",\"https:\/\/www.instagram.com\/yao_market\/\"]}]}<\/script>\n<!-- \/ Yoast SEO plugin. -->","yoast_head_json":{"title":"Vitamina D3 Vitta-D 60 c\u00e1psulas - YAOMARKET","robots":{"index":"index","follow":"follow","max-snippet":"max-snippet:-1","max-image-preview":"max-image-preview:large","max-video-preview":"max-video-preview:-1"},"canonical":"https:\/\/yaomarket.cl\/?product=vitamina-d3-vitta-d-60-capsulas","og_locale":"es_ES","og_type":"article","og_title":"Vitamina D3 Vitta-D 60 c\u00e1psulas - YAOMARKET","og_description":"Vitamina D3 Vitta-D 60 c\u00e1psulas   Regular el Calcio corporal  Efecto antiinflamatorio  Regeneraci\u00f3n y reparaci\u00f3n del tejido muscular  Formato: C\u00e1psulas  Contenido: 60  Porciones: 60  Modo de uso: Consumir 1 c\u00e1psula de Vitamina D de preferencia en la ma\u00f1ana o lo prescrito por tu nutricionista.","og_url":"https:\/\/yaomarket.cl\/?product=vitamina-d3-vitta-d-60-capsulas","og_site_name":"YAOMARKET","article_publisher":"https:\/\/www.facebook.com\/yaomarketchile\/","article_modified_time":"2025-06-09T21:24:02+00:00","og_image":[{"width":600,"height":600,"url":"https:\/\/yaomarket.cl\/wp-content\/uploads\/2025\/02\/VittaD_600px-2-1.jpg","type":"image\/jpeg"}],"twitter_card":"summary_large_image","twitter_misc":{"Tiempo de lectura":"3 minutos"},"schema":{"@context":"https:\/\/schema.org","@graph":[{"@type":"WebPage","@id":"https:\/\/yaomarket.cl\/?product=vitamina-d3-vitta-d-60-capsulas","url":"https:\/\/yaomarket.cl\/?product=vitamina-d3-vitta-d-60-capsulas","name":"Vitamina D3 Vitta-D 60 c\u00e1psulas - YAOMARKET","isPartOf":{"@id":"https:\/\/yaomarket.cl\/#website"},"primaryImageOfPage":{"@id":"https:\/\/yaomarket.cl\/?product=vitamina-d3-vitta-d-60-capsulas#primaryimage"},"image":{"@id":"https:\/\/yaomarket.cl\/?product=vitamina-d3-vitta-d-60-capsulas#primaryimage"},"thumbnailUrl":"https:\/\/yaomarket.cl\/wp-content\/uploads\/2025\/02\/VittaD_600px-2-1.jpg","datePublished":"2025-02-26T04:13:30+00:00","dateModified":"2025-06-09T21:24:02+00:00","breadcrumb":{"@id":"https:\/\/yaomarket.cl\/?product=vitamina-d3-vitta-d-60-capsulas#breadcrumb"},"inLanguage":"es","potentialAction":[{"@type":"ReadAction","target":["https:\/\/yaomarket.cl\/?product=vitamina-d3-vitta-d-60-capsulas"]}]},{"@type":"ImageObject","inLanguage":"es","@id":"https:\/\/yaomarket.cl\/?product=vitamina-d3-vitta-d-60-capsulas#primaryimage","url":"https:\/\/yaomarket.cl\/wp-content\/uploads\/2025\/02\/VittaD_600px-2-1.jpg","contentUrl":"https:\/\/yaomarket.cl\/wp-content\/uploads\/2025\/02\/VittaD_600px-2-1.jpg","width":600,"height":600},{"@type":"BreadcrumbList","@id":"https:\/\/yaomarket.cl\/?product=vitamina-d3-vitta-d-60-capsulas#breadcrumb","itemListElement":[{"@type":"ListItem","position":1,"name":"Portada","item":"https:\/\/yaomarket.cl\/"},{"@type":"ListItem","position":2,"name":"TIENDA","item":"https:\/\/yaomarket.cl\/?page_id=8"},{"@type":"ListItem","position":3,"name":"Vitamina D3 Vitta-D 60 c\u00e1psulas"}]},{"@type":"WebSite","@id":"https:\/\/yaomarket.cl\/#website","url":"https:\/\/yaomarket.cl\/","name":"YAOMARKET","description":"","publisher":{"@id":"https:\/\/yaomarket.cl\/#organization"},"potentialAction":[{"@type":"SearchAction","target":{"@type":"EntryPoint","urlTemplate":"https:\/\/yaomarket.cl\/?s={search_term_string}"},"query-input":{"@type":"PropertyValueSpecification","valueRequired":true,"valueName":"search_term_string"}}],"inLanguage":"es"},{"@type":"Organization","@id":"https:\/\/yaomarket.cl\/#organization","name":"YAOMARKET","url":"https:\/\/yaomarket.cl\/","logo":{"@type":"ImageObject","inLanguage":"es","@id":"https:\/\/yaomarket.cl\/#\/schema\/logo\/image\/","url":"https:\/\/yaomarket.cl\/wp-content\/uploads\/2023\/08\/Logo-Original-Yao-Market-Circular.png","contentUrl":"https:\/\/yaomarket.cl\/wp-content\/uploads\/2023\/08\/Logo-Original-Yao-Market-Circular.png","width":522,"height":522,"caption":"YAOMARKET"},"image":{"@id":"https:\/\/yaomarket.cl\/#\/schema\/logo\/image\/"},"sameAs":["https:\/\/www.facebook.com\/yaomarketchile\/","https:\/\/www.instagram.com\/yao_market\/"]}]}},"_links":{"self":[{"href":"https:\/\/yaomarket.cl\/index.php?rest_route=\/wp\/v2\/product\/11329","targetHints":{"allow":["GET"]}}],"collection":[{"href":"https:\/\/yaomarket.cl\/index.php?rest_route=\/wp\/v2\/product"}],"about":[{"href":"https:\/\/yaomarket.cl\/index.php?rest_route=\/wp\/v2\/types\/product"}],"wp:featuredmedia":[{"embeddable":true,"href":"https:\/\/yaomarket.cl\/index.php?rest_route=\/wp\/v2\/media\/11330"}],"wp:attachment":[{"href":"https:\/\/yaomarket.cl\/index.php?rest_route=%2Fwp%2Fv2%2Fmedia&parent=11329"}],"wp:term":[{"taxonomy":"product_cat","embeddable":true,"href":"https:\/\/yaomarket.cl\/index.php?rest_route=%2Fwp%2Fv2%2Fproduct_cat&post=11329"},{"taxonomy":"product_tag","embeddable":true,"href":"https:\/\/yaomarket.cl\/index.php?rest_route=%2Fwp%2Fv2%2Fproduct_tag&post=11329"}],"curies":[{"name":"wp","href":"https:\/\/api.w.org\/{rel}","templated":true}]}}