{"id":11326,"date":"2025-02-26T04:11:47","date_gmt":"2025-02-26T04:11:47","guid":{"rendered":"https:\/\/yaomarket.cl\/?post_type=product&#038;p=11326"},"modified":"2025-04-25T04:36:38","modified_gmt":"2025-04-25T04:36:38","slug":"nac-l-cisteina-n-acetyl-cysteine-600mg-100-caps","status":"publish","type":"product","link":"https:\/\/yaomarket.cl\/?product=nac-l-cisteina-n-acetyl-cysteine-600mg-100-caps","title":{"rendered":"NAC L Ciste\u00edna (N Acetyl Cysteine) 600mg 100 c\u00e1ps."},"content":{"rendered":"<p><span style=\"color: #000000;\"><strong>NAC L-Ciste\u00edna de Winkler Nutrition<\/strong><\/span><\/p>\n<ul>\n<li><span style=\"color: #000000;\">L-Ciste\u00edna NAC (100 Caps. 600MG).<\/span><\/li>\n<li><span style=\"color: #000000;\">100% N-Acetil Ciste\u00edna.<\/span><\/li>\n<li><span style=\"color: #000000;\">Hangover OFF.<\/span><\/li>\n<li><span style=\"color: #000000;\">S\u00faper Antioxidante.<\/span><\/li>\n<li><span style=\"color: #000000;\">Mucol\u00edtico.<\/span><\/li>\n<li><span style=\"color: #000000;\">Repone el glutati\u00f3n<\/span><\/li>\n<li><span style=\"color: #000000;\">Ayuda a prevenir el da\u00f1o renal y hep\u00e1tico<\/span><\/li>\n<li><span style=\"color: #000000;\">Puede ayudar a combatir adicciones<\/span><\/li>\n<li><span style=\"color: #000000;\">Ayuda a aliviar s\u00edntomas de enfermedades respiratorias<\/span><\/li>\n<\/ul>\n<p><span style=\"color: #000000;\">L-Ciste\u00edna NAC de Winkler Nutrition, al ser consumida diariamente (1 c\u00e1psula) aumenta los niveles de glutati\u00f3n, lo que disminuye el estr\u00e9s oxidativo. Protege de elementos t\u00f3xicos como el tabaco, el alcohol, radiaci\u00f3n ambiental, entre otros. L-Ciste\u00edna NAC protege de lesiones hep\u00e1ticas causadas por estos motivos, incluso por f\u00e1rmacos como el paracetamol, acelerando nuestra recuperaci\u00f3n y restaurando el equilibrio antioxidante en nuestro organismo. Logrando tambi\u00e9n un efecto de retraso del envejecimiento o antiaging.<\/span><\/p>\n<p><span style=\"color: #000000;\">La N Acetil Ciste\u00edna ha demostrado reducir la fatiga muscular debido a su actividad antioxidante y a la optimizaci\u00f3n celular que logra en la contracci\u00f3n muscular. Reduce la inflamaci\u00f3n muscular, acelera la recuperaci\u00f3n, fomenta la oxidaci\u00f3n de las grasas y mejora alteraciones de tipo articular.<\/span><\/p>\n<p><span style=\"color: #000000;\">En el mundo femenino, causa inter\u00e9s por su alto nivel en la estabilizaci\u00f3n de la estructura de las prote\u00ednas. Contribuyendo as\u00ed en la formaci\u00f3n end\u00f3gena del col\u00e1geno. Potenciando el tejido residual, como la piel, el cabello y las u\u00f1as.<\/span><\/p>\n<p><span style=\"color: #000000;\">En usos terap\u00e9uticos, la L-Ciste\u00edna reduce el riesgo de padecer algunos tipos de c\u00e1ncer, algunas afecciones cardiacas, e infecciones. Y mejora los efectos secundarios, provocados por consecuencia del uso de otros f\u00e1rmacos para los tratamientos a estas patolog\u00edas.<\/span><\/p>\n<h5><span style=\"color: #000000;\"><strong>Mucho m\u00e1s que antioxidante<\/strong><\/span><\/h5>\n<p><span style=\"color: #000000;\">Dentro de sus cualidades protectoras en el aparato respiratorio, act\u00faa como un poderoso mucol\u00edtico, raz\u00f3n por la cual se usa como componente en una gran variedad de medicamentos. Disminuye la viscosidad, promoviendo la fluidez de la mucosa. Fomentando as\u00ed la expectoraci\u00f3n. Facilitando as\u00ed la recuperaci\u00f3n de muchas infecciones y enfermedades pulmonares y\/o respiratorias, como la bronquitis, enfisemas, etc.<\/span><\/p>\n<p><span style=\"color: #000000;\">La dosis como ayuda ergog\u00e9nica recomendada es de 20mg\/Kg\/d\u00eda. Y en dosis de 600mg. Se recomienda consumir con el estomago vac\u00edo (en ayunas), ya que puede reducir la biodisponibilidad de algunos minerales. Tomar una c\u00e1psula dos horas antes, o dos horas despu\u00e9s de comer, acompa\u00f1ado de abundante l\u00edquido. Para efecto Hangover Off, tomar dos c\u00e1psulas antes de dormir, o lo recomendado por su nutricionista.<\/span><\/p>\n","protected":false},"excerpt":{"rendered":"<ul>\n<li><span style=\"color: #000000;\">Protector hep\u00e1tico<\/span><\/li>\n<li><span style=\"color: #000000;\">Recupera de los efectos del hangover<\/span><\/li>\n<li><span style=\"color: #000000;\">600 mg de L-Ciste\u00edna<\/span><\/li>\n<li><span style=\"color: #000000;\">N Acetyl Cysteine<\/span><\/li>\n<li><span style=\"color: #000000;\">Repone el glutati\u00f3n<\/span><\/li>\n<li><span style=\"color: #000000;\">Ayuda a prevenir el da\u00f1o renal y hep\u00e1tico<\/span><\/li>\n<li><span style=\"color: #000000;\">Puede ayudar a combatir adicciones<\/span><\/li>\n<li><span style=\"color: #000000;\">Ayuda a aliviar s\u00edntomas de enfermedades respiratorias<\/span><\/li>\n<\/ul>\n<p><span style=\"color: #000000;\">Formato: C\u00e1psulas<\/span><\/p>\n<p><span style=\"color: #000000;\">Contenido: 100 c\u00e1psulas<\/span><\/p>\n<p><span style=\"color: #000000;\">Porciones: 100<\/span><\/p>\n","protected":false},"featured_media":11327,"template":"","meta":[],"product_cat":[670],"product_tag":[],"class_list":{"0":"post-11326","1":"product","2":"type-product","3":"status-publish","4":"has-post-thumbnail","6":"product_cat-vitaminas-y-minerales","8":"first","9":"instock","10":"shipping-taxable","11":"purchasable","12":"product-type-simple"},"yoast_head":"<!-- This site is optimized with the Yoast SEO plugin v25.2 - https:\/\/yoast.com\/wordpress\/plugins\/seo\/ -->\n<title>NAC L Ciste\u00edna (N Acetyl Cysteine) 600mg 100 c\u00e1ps. - YAOMARKET<\/title>\n<meta name=\"robots\" content=\"index, follow, max-snippet:-1, max-image-preview:large, max-video-preview:-1\" \/>\n<link rel=\"canonical\" href=\"https:\/\/yaomarket.cl\/?product=nac-l-cisteina-n-acetyl-cysteine-600mg-100-caps\" \/>\n<meta property=\"og:locale\" content=\"es_ES\" \/>\n<meta property=\"og:type\" content=\"article\" \/>\n<meta property=\"og:title\" content=\"NAC L Ciste\u00edna (N Acetyl Cysteine) 600mg 100 c\u00e1ps. - YAOMARKET\" \/>\n<meta property=\"og:description\" content=\"Protector hep\u00e1tico  Recupera de los efectos del hangover  600 mg de L-Ciste\u00edna  N Acetyl Cysteine  Repone el glutati\u00f3n  Ayuda a prevenir el da\u00f1o renal y hep\u00e1tico  Puede ayudar a combatir adicciones  Ayuda a aliviar s\u00edntomas de enfermedades respiratorias  Formato: C\u00e1psulas  Contenido: 100 c\u00e1psulas  Porciones: 100\" \/>\n<meta property=\"og:url\" content=\"https:\/\/yaomarket.cl\/?product=nac-l-cisteina-n-acetyl-cysteine-600mg-100-caps\" \/>\n<meta property=\"og:site_name\" content=\"YAOMARKET\" \/>\n<meta property=\"article:publisher\" content=\"https:\/\/www.facebook.com\/yaomarketchile\/\" \/>\n<meta property=\"article:modified_time\" content=\"2025-04-25T04:36:38+00:00\" \/>\n<meta property=\"og:image\" content=\"https:\/\/yaomarket.cl\/wp-content\/uploads\/2025\/02\/L-cisteina_600px.jpg\" \/>\n\t<meta property=\"og:image:width\" content=\"600\" \/>\n\t<meta property=\"og:image:height\" content=\"600\" \/>\n\t<meta property=\"og:image:type\" content=\"image\/jpeg\" \/>\n<meta name=\"twitter:card\" content=\"summary_large_image\" \/>\n<meta name=\"twitter:label1\" content=\"Tiempo de lectura\" \/>\n\t<meta name=\"twitter:data1\" content=\"2 minutos\" \/>\n<script type=\"application\/ld+json\" class=\"yoast-schema-graph\">{\"@context\":\"https:\/\/schema.org\",\"@graph\":[{\"@type\":\"WebPage\",\"@id\":\"https:\/\/yaomarket.cl\/?product=nac-l-cisteina-n-acetyl-cysteine-600mg-100-caps\",\"url\":\"https:\/\/yaomarket.cl\/?product=nac-l-cisteina-n-acetyl-cysteine-600mg-100-caps\",\"name\":\"NAC L Ciste\u00edna (N Acetyl Cysteine) 600mg 100 c\u00e1ps. - YAOMARKET\",\"isPartOf\":{\"@id\":\"https:\/\/yaomarket.cl\/#website\"},\"primaryImageOfPage\":{\"@id\":\"https:\/\/yaomarket.cl\/?product=nac-l-cisteina-n-acetyl-cysteine-600mg-100-caps#primaryimage\"},\"image\":{\"@id\":\"https:\/\/yaomarket.cl\/?product=nac-l-cisteina-n-acetyl-cysteine-600mg-100-caps#primaryimage\"},\"thumbnailUrl\":\"https:\/\/yaomarket.cl\/wp-content\/uploads\/2025\/02\/L-cisteina_600px.jpg\",\"datePublished\":\"2025-02-26T04:11:47+00:00\",\"dateModified\":\"2025-04-25T04:36:38+00:00\",\"breadcrumb\":{\"@id\":\"https:\/\/yaomarket.cl\/?product=nac-l-cisteina-n-acetyl-cysteine-600mg-100-caps#breadcrumb\"},\"inLanguage\":\"es\",\"potentialAction\":[{\"@type\":\"ReadAction\",\"target\":[\"https:\/\/yaomarket.cl\/?product=nac-l-cisteina-n-acetyl-cysteine-600mg-100-caps\"]}]},{\"@type\":\"ImageObject\",\"inLanguage\":\"es\",\"@id\":\"https:\/\/yaomarket.cl\/?product=nac-l-cisteina-n-acetyl-cysteine-600mg-100-caps#primaryimage\",\"url\":\"https:\/\/yaomarket.cl\/wp-content\/uploads\/2025\/02\/L-cisteina_600px.jpg\",\"contentUrl\":\"https:\/\/yaomarket.cl\/wp-content\/uploads\/2025\/02\/L-cisteina_600px.jpg\",\"width\":600,\"height\":600},{\"@type\":\"BreadcrumbList\",\"@id\":\"https:\/\/yaomarket.cl\/?product=nac-l-cisteina-n-acetyl-cysteine-600mg-100-caps#breadcrumb\",\"itemListElement\":[{\"@type\":\"ListItem\",\"position\":1,\"name\":\"Portada\",\"item\":\"https:\/\/yaomarket.cl\/\"},{\"@type\":\"ListItem\",\"position\":2,\"name\":\"TIENDA\",\"item\":\"https:\/\/yaomarket.cl\/?page_id=8\"},{\"@type\":\"ListItem\",\"position\":3,\"name\":\"NAC L Ciste\u00edna (N Acetyl Cysteine) 600mg 100 c\u00e1ps.\"}]},{\"@type\":\"WebSite\",\"@id\":\"https:\/\/yaomarket.cl\/#website\",\"url\":\"https:\/\/yaomarket.cl\/\",\"name\":\"YAOMARKET\",\"description\":\"\",\"publisher\":{\"@id\":\"https:\/\/yaomarket.cl\/#organization\"},\"potentialAction\":[{\"@type\":\"SearchAction\",\"target\":{\"@type\":\"EntryPoint\",\"urlTemplate\":\"https:\/\/yaomarket.cl\/?s={search_term_string}\"},\"query-input\":{\"@type\":\"PropertyValueSpecification\",\"valueRequired\":true,\"valueName\":\"search_term_string\"}}],\"inLanguage\":\"es\"},{\"@type\":\"Organization\",\"@id\":\"https:\/\/yaomarket.cl\/#organization\",\"name\":\"YAOMARKET\",\"url\":\"https:\/\/yaomarket.cl\/\",\"logo\":{\"@type\":\"ImageObject\",\"inLanguage\":\"es\",\"@id\":\"https:\/\/yaomarket.cl\/#\/schema\/logo\/image\/\",\"url\":\"https:\/\/yaomarket.cl\/wp-content\/uploads\/2023\/08\/Logo-Original-Yao-Market-Circular.png\",\"contentUrl\":\"https:\/\/yaomarket.cl\/wp-content\/uploads\/2023\/08\/Logo-Original-Yao-Market-Circular.png\",\"width\":522,\"height\":522,\"caption\":\"YAOMARKET\"},\"image\":{\"@id\":\"https:\/\/yaomarket.cl\/#\/schema\/logo\/image\/\"},\"sameAs\":[\"https:\/\/www.facebook.com\/yaomarketchile\/\",\"https:\/\/www.instagram.com\/yao_market\/\"]}]}<\/script>\n<!-- \/ Yoast SEO plugin. -->","yoast_head_json":{"title":"NAC L Ciste\u00edna (N Acetyl Cysteine) 600mg 100 c\u00e1ps. - YAOMARKET","robots":{"index":"index","follow":"follow","max-snippet":"max-snippet:-1","max-image-preview":"max-image-preview:large","max-video-preview":"max-video-preview:-1"},"canonical":"https:\/\/yaomarket.cl\/?product=nac-l-cisteina-n-acetyl-cysteine-600mg-100-caps","og_locale":"es_ES","og_type":"article","og_title":"NAC L Ciste\u00edna (N Acetyl Cysteine) 600mg 100 c\u00e1ps. - YAOMARKET","og_description":"Protector hep\u00e1tico  Recupera de los efectos del hangover  600 mg de L-Ciste\u00edna  N Acetyl Cysteine  Repone el glutati\u00f3n  Ayuda a prevenir el da\u00f1o renal y hep\u00e1tico  Puede ayudar a combatir adicciones  Ayuda a aliviar s\u00edntomas de enfermedades respiratorias  Formato: C\u00e1psulas  Contenido: 100 c\u00e1psulas  Porciones: 100","og_url":"https:\/\/yaomarket.cl\/?product=nac-l-cisteina-n-acetyl-cysteine-600mg-100-caps","og_site_name":"YAOMARKET","article_publisher":"https:\/\/www.facebook.com\/yaomarketchile\/","article_modified_time":"2025-04-25T04:36:38+00:00","og_image":[{"width":600,"height":600,"url":"https:\/\/yaomarket.cl\/wp-content\/uploads\/2025\/02\/L-cisteina_600px.jpg","type":"image\/jpeg"}],"twitter_card":"summary_large_image","twitter_misc":{"Tiempo de lectura":"2 minutos"},"schema":{"@context":"https:\/\/schema.org","@graph":[{"@type":"WebPage","@id":"https:\/\/yaomarket.cl\/?product=nac-l-cisteina-n-acetyl-cysteine-600mg-100-caps","url":"https:\/\/yaomarket.cl\/?product=nac-l-cisteina-n-acetyl-cysteine-600mg-100-caps","name":"NAC L Ciste\u00edna (N Acetyl Cysteine) 600mg 100 c\u00e1ps. - YAOMARKET","isPartOf":{"@id":"https:\/\/yaomarket.cl\/#website"},"primaryImageOfPage":{"@id":"https:\/\/yaomarket.cl\/?product=nac-l-cisteina-n-acetyl-cysteine-600mg-100-caps#primaryimage"},"image":{"@id":"https:\/\/yaomarket.cl\/?product=nac-l-cisteina-n-acetyl-cysteine-600mg-100-caps#primaryimage"},"thumbnailUrl":"https:\/\/yaomarket.cl\/wp-content\/uploads\/2025\/02\/L-cisteina_600px.jpg","datePublished":"2025-02-26T04:11:47+00:00","dateModified":"2025-04-25T04:36:38+00:00","breadcrumb":{"@id":"https:\/\/yaomarket.cl\/?product=nac-l-cisteina-n-acetyl-cysteine-600mg-100-caps#breadcrumb"},"inLanguage":"es","potentialAction":[{"@type":"ReadAction","target":["https:\/\/yaomarket.cl\/?product=nac-l-cisteina-n-acetyl-cysteine-600mg-100-caps"]}]},{"@type":"ImageObject","inLanguage":"es","@id":"https:\/\/yaomarket.cl\/?product=nac-l-cisteina-n-acetyl-cysteine-600mg-100-caps#primaryimage","url":"https:\/\/yaomarket.cl\/wp-content\/uploads\/2025\/02\/L-cisteina_600px.jpg","contentUrl":"https:\/\/yaomarket.cl\/wp-content\/uploads\/2025\/02\/L-cisteina_600px.jpg","width":600,"height":600},{"@type":"BreadcrumbList","@id":"https:\/\/yaomarket.cl\/?product=nac-l-cisteina-n-acetyl-cysteine-600mg-100-caps#breadcrumb","itemListElement":[{"@type":"ListItem","position":1,"name":"Portada","item":"https:\/\/yaomarket.cl\/"},{"@type":"ListItem","position":2,"name":"TIENDA","item":"https:\/\/yaomarket.cl\/?page_id=8"},{"@type":"ListItem","position":3,"name":"NAC L Ciste\u00edna (N Acetyl Cysteine) 600mg 100 c\u00e1ps."}]},{"@type":"WebSite","@id":"https:\/\/yaomarket.cl\/#website","url":"https:\/\/yaomarket.cl\/","name":"YAOMARKET","description":"","publisher":{"@id":"https:\/\/yaomarket.cl\/#organization"},"potentialAction":[{"@type":"SearchAction","target":{"@type":"EntryPoint","urlTemplate":"https:\/\/yaomarket.cl\/?s={search_term_string}"},"query-input":{"@type":"PropertyValueSpecification","valueRequired":true,"valueName":"search_term_string"}}],"inLanguage":"es"},{"@type":"Organization","@id":"https:\/\/yaomarket.cl\/#organization","name":"YAOMARKET","url":"https:\/\/yaomarket.cl\/","logo":{"@type":"ImageObject","inLanguage":"es","@id":"https:\/\/yaomarket.cl\/#\/schema\/logo\/image\/","url":"https:\/\/yaomarket.cl\/wp-content\/uploads\/2023\/08\/Logo-Original-Yao-Market-Circular.png","contentUrl":"https:\/\/yaomarket.cl\/wp-content\/uploads\/2023\/08\/Logo-Original-Yao-Market-Circular.png","width":522,"height":522,"caption":"YAOMARKET"},"image":{"@id":"https:\/\/yaomarket.cl\/#\/schema\/logo\/image\/"},"sameAs":["https:\/\/www.facebook.com\/yaomarketchile\/","https:\/\/www.instagram.com\/yao_market\/"]}]}},"_links":{"self":[{"href":"https:\/\/yaomarket.cl\/index.php?rest_route=\/wp\/v2\/product\/11326","targetHints":{"allow":["GET"]}}],"collection":[{"href":"https:\/\/yaomarket.cl\/index.php?rest_route=\/wp\/v2\/product"}],"about":[{"href":"https:\/\/yaomarket.cl\/index.php?rest_route=\/wp\/v2\/types\/product"}],"wp:featuredmedia":[{"embeddable":true,"href":"https:\/\/yaomarket.cl\/index.php?rest_route=\/wp\/v2\/media\/11327"}],"wp:attachment":[{"href":"https:\/\/yaomarket.cl\/index.php?rest_route=%2Fwp%2Fv2%2Fmedia&parent=11326"}],"wp:term":[{"taxonomy":"product_cat","embeddable":true,"href":"https:\/\/yaomarket.cl\/index.php?rest_route=%2Fwp%2Fv2%2Fproduct_cat&post=11326"},{"taxonomy":"product_tag","embeddable":true,"href":"https:\/\/yaomarket.cl\/index.php?rest_route=%2Fwp%2Fv2%2Fproduct_tag&post=11326"}],"curies":[{"name":"wp","href":"https:\/\/api.w.org\/{rel}","templated":true}]}}