{"id":11323,"date":"2025-02-26T04:09:39","date_gmt":"2025-02-26T04:09:39","guid":{"rendered":"https:\/\/yaomarket.cl\/?post_type=product&#038;p=11323"},"modified":"2025-04-25T04:32:25","modified_gmt":"2025-04-25T04:32:25","slug":"ashwagandha-450mg-60-capsulas","status":"publish","type":"product","link":"https:\/\/yaomarket.cl\/?product=ashwagandha-450mg-60-capsulas","title":{"rendered":"Ashwagandha 450mg 60 c\u00e1psulas"},"content":{"rendered":"<p><span style=\"color: #000000;\"><strong><u>Ashwagandha de Winkler Nutrition<\/u><\/strong><\/span><\/p>\n<p><span style=\"color: #000000;\">La Ashwagandha de Winkler Nutrition (<em>Withania somn\u00edfera<\/em>) o ginseng indio, es una hierba medicinal tradicional de la India, del cual se utiliza tanto su ra\u00edz como hoja por sus diversas propiedades. Es conocido como un rejuvenecedor, revitalizante y promovedor de la salud.<\/span><\/p>\n<p><span style=\"color: #000000;\">Adapt\u00f3geno que fomenta la homeostasis de todo el cuerpo, ayuda a la funci\u00f3n cognitiva, concentraci\u00f3n, memoria corto \u2013 largo plazo y estado an\u00edmico general. Esto se debe, principalmente por sus cuatro tipos de bioactivos: sitoindosidos, m\u00faltiples alcaloides, componentes fen\u00f3licos y \u00e1cidos org\u00e1nicos; estos estimulan las funciones ejecutivas, de atenci\u00f3n y procesamiento r\u00e1pido de la informaci\u00f3n tanto en personas sanas, adulto mayor o sujetos con una patolog\u00eda asociada.<\/span><\/p>\n<p><span style=\"color: #000000;\">Sus m\u00faltiples elementos lo distinguen como un neuro protector y antiinflamatorio, gracias a su acci\u00f3n en la disminuci\u00f3n del cortisol, disminuci\u00f3n de la frecuencia card\u00edaca, presi\u00f3n arterial y neuro inflamatorios; por ello existe un gran inter\u00e9s en el uso de los episodios de estr\u00e9s, ansiedad e insomnio.<\/span><\/p>\n<p><span style=\"color: #000000;\">El extracto de Ashwagandha demuestra un gran efecto en la reducci\u00f3n de especies reactivas de ox\u00edgeno y de inflamaci\u00f3n, es decir, es un agente antioxidante y con principios que mejoran la funci\u00f3n endotelial.<\/span><\/p>\n<p><span style=\"color: #000000;\">Otro beneficio, pero de menor grado es su elemento antimicrobiano.<\/span><\/p>\n<p><span style=\"color: #000000;\"><strong><u>\u00bfAshwagandha de Winkler Nutrition y deporte?<\/u><\/strong><\/span><\/p>\n<p><span style=\"color: #000000;\">Si bien, los beneficios conocidos van dirigido a sujetos con trastornos del sue\u00f1o, fatiga mental, cansancio y ansiedad. Existe un gran inter\u00e9s en encontrar los beneficios de este suplemento en personas sanas con una actividad f\u00edsica leve o moderada. Los \u00faltimos estudios est\u00e1n buscando los beneficios directos de la Aswandha en el ejercicio, donde existe un posible efecto en las adaptaciones musculares en deportes de fuerza, optimizaci\u00f3n de la capacidad respiratoria, la fatiga mental y las readaptaciones del ciclo del sue\u00f1o frente a competencias y\/o post lesi\u00f3n.<\/span><\/p>\n<p><span style=\"color: #000000;\"><strong><u>Dosis:<\/u><\/strong><\/span><\/p>\n<p><span style=\"color: #000000;\">Se aconseja el uso de dos c\u00e1psulas al d\u00eda, para alcanzar 450 mg del compuesto activo. Se sugiere consultar con el nutricionista o doctor a cargo, antes de consumir.<\/span><\/p>\n<p><span style=\"color: #000000;\"><strong><u>Recomendaciones:<\/u><\/strong><\/span><\/p>\n<ul>\n<li><span style=\"color: #000000;\">Apto para vegetarianos y veganos.<\/span><\/li>\n<li><span style=\"color: #000000;\">No se recomienda su uso en menores de 8 a\u00f1os, embarazadas y nodrizas.<\/span><\/li>\n<\/ul>\n","protected":false},"excerpt":{"rendered":"<p><span style=\"color: #000000;\"><strong>Ashwagandha 60 c\u00e1psulas de Winkler Nutrition<\/strong><\/span><\/p>\n<ul>\n<li><span style=\"color: #000000;\">Extracto de Ashwagandha<\/span><\/li>\n<li><span style=\"color: #000000;\">Estr\u00e9s, ansiedad e insomnio<\/span><\/li>\n<li><span style=\"color: #000000;\">Neuro protector y antiinflamatorio<\/span><\/li>\n<li><span style=\"color: #000000;\">Ginseng indio<\/span><\/li>\n<li><span style=\"color: #000000;\">Hierba medicinal<\/span><\/li>\n<\/ul>\n<p><span style=\"color: #000000;\">Formato: C\u00e1psulas<\/span><\/p>\n<p><span style=\"color: #000000;\">Contenido: 60 c\u00e1psulas<\/span><\/p>\n<p><span style=\"color: #000000;\">Porciones: 30<\/span><\/p>\n<p><span style=\"color: #000000;\">Modo de uso: Consumir 2 c\u00e1psulas al d\u00eda, para alcanzar 450 mg del compuesto activo o lo prescrito por tu especialista.<\/span><\/p>\n","protected":false},"featured_media":11324,"template":"","meta":[],"product_cat":[670],"product_tag":[],"class_list":{"0":"post-11323","1":"product","2":"type-product","3":"status-publish","4":"has-post-thumbnail","6":"product_cat-vitaminas-y-minerales","8":"first","9":"instock","10":"shipping-taxable","11":"purchasable","12":"product-type-simple"},"yoast_head":"<!-- This site is optimized with the Yoast SEO plugin v25.2 - https:\/\/yoast.com\/wordpress\/plugins\/seo\/ -->\n<title>Ashwagandha 450mg 60 c\u00e1psulas - YAOMARKET<\/title>\n<meta name=\"robots\" content=\"index, follow, max-snippet:-1, max-image-preview:large, max-video-preview:-1\" \/>\n<link rel=\"canonical\" href=\"https:\/\/yaomarket.cl\/?product=ashwagandha-450mg-60-capsulas\" \/>\n<meta property=\"og:locale\" content=\"es_ES\" \/>\n<meta property=\"og:type\" content=\"article\" \/>\n<meta property=\"og:title\" content=\"Ashwagandha 450mg 60 c\u00e1psulas - YAOMARKET\" \/>\n<meta property=\"og:description\" content=\"Ashwagandha 60 c\u00e1psulas de Winkler Nutrition   Extracto de Ashwagandha  Estr\u00e9s, ansiedad e insomnio  Neuro protector y antiinflamatorio  Ginseng indio  Hierba medicinal  Formato: C\u00e1psulas  Contenido: 60 c\u00e1psulas  Porciones: 30  Modo de uso: Consumir 2 c\u00e1psulas al d\u00eda, para alcanzar 450 mg del compuesto activo o lo prescrito por tu especialista.\" \/>\n<meta property=\"og:url\" content=\"https:\/\/yaomarket.cl\/?product=ashwagandha-450mg-60-capsulas\" \/>\n<meta property=\"og:site_name\" content=\"YAOMARKET\" \/>\n<meta property=\"article:publisher\" content=\"https:\/\/www.facebook.com\/yaomarketchile\/\" \/>\n<meta property=\"article:modified_time\" content=\"2025-04-25T04:32:25+00:00\" \/>\n<meta property=\"og:image\" content=\"https:\/\/yaomarket.cl\/wp-content\/uploads\/2025\/02\/Ashwaganda_600px.jpg\" \/>\n\t<meta property=\"og:image:width\" content=\"600\" \/>\n\t<meta property=\"og:image:height\" content=\"600\" \/>\n\t<meta property=\"og:image:type\" content=\"image\/jpeg\" \/>\n<meta name=\"twitter:card\" content=\"summary_large_image\" \/>\n<meta name=\"twitter:label1\" content=\"Tiempo de lectura\" \/>\n\t<meta name=\"twitter:data1\" content=\"2 minutos\" \/>\n<script type=\"application\/ld+json\" class=\"yoast-schema-graph\">{\"@context\":\"https:\/\/schema.org\",\"@graph\":[{\"@type\":\"WebPage\",\"@id\":\"https:\/\/yaomarket.cl\/?product=ashwagandha-450mg-60-capsulas\",\"url\":\"https:\/\/yaomarket.cl\/?product=ashwagandha-450mg-60-capsulas\",\"name\":\"Ashwagandha 450mg 60 c\u00e1psulas - YAOMARKET\",\"isPartOf\":{\"@id\":\"https:\/\/yaomarket.cl\/#website\"},\"primaryImageOfPage\":{\"@id\":\"https:\/\/yaomarket.cl\/?product=ashwagandha-450mg-60-capsulas#primaryimage\"},\"image\":{\"@id\":\"https:\/\/yaomarket.cl\/?product=ashwagandha-450mg-60-capsulas#primaryimage\"},\"thumbnailUrl\":\"https:\/\/yaomarket.cl\/wp-content\/uploads\/2025\/02\/Ashwaganda_600px.jpg\",\"datePublished\":\"2025-02-26T04:09:39+00:00\",\"dateModified\":\"2025-04-25T04:32:25+00:00\",\"breadcrumb\":{\"@id\":\"https:\/\/yaomarket.cl\/?product=ashwagandha-450mg-60-capsulas#breadcrumb\"},\"inLanguage\":\"es\",\"potentialAction\":[{\"@type\":\"ReadAction\",\"target\":[\"https:\/\/yaomarket.cl\/?product=ashwagandha-450mg-60-capsulas\"]}]},{\"@type\":\"ImageObject\",\"inLanguage\":\"es\",\"@id\":\"https:\/\/yaomarket.cl\/?product=ashwagandha-450mg-60-capsulas#primaryimage\",\"url\":\"https:\/\/yaomarket.cl\/wp-content\/uploads\/2025\/02\/Ashwaganda_600px.jpg\",\"contentUrl\":\"https:\/\/yaomarket.cl\/wp-content\/uploads\/2025\/02\/Ashwaganda_600px.jpg\",\"width\":600,\"height\":600},{\"@type\":\"BreadcrumbList\",\"@id\":\"https:\/\/yaomarket.cl\/?product=ashwagandha-450mg-60-capsulas#breadcrumb\",\"itemListElement\":[{\"@type\":\"ListItem\",\"position\":1,\"name\":\"Portada\",\"item\":\"https:\/\/yaomarket.cl\/\"},{\"@type\":\"ListItem\",\"position\":2,\"name\":\"TIENDA\",\"item\":\"https:\/\/yaomarket.cl\/?page_id=8\"},{\"@type\":\"ListItem\",\"position\":3,\"name\":\"Ashwagandha 450mg 60 c\u00e1psulas\"}]},{\"@type\":\"WebSite\",\"@id\":\"https:\/\/yaomarket.cl\/#website\",\"url\":\"https:\/\/yaomarket.cl\/\",\"name\":\"YAOMARKET\",\"description\":\"\",\"publisher\":{\"@id\":\"https:\/\/yaomarket.cl\/#organization\"},\"potentialAction\":[{\"@type\":\"SearchAction\",\"target\":{\"@type\":\"EntryPoint\",\"urlTemplate\":\"https:\/\/yaomarket.cl\/?s={search_term_string}\"},\"query-input\":{\"@type\":\"PropertyValueSpecification\",\"valueRequired\":true,\"valueName\":\"search_term_string\"}}],\"inLanguage\":\"es\"},{\"@type\":\"Organization\",\"@id\":\"https:\/\/yaomarket.cl\/#organization\",\"name\":\"YAOMARKET\",\"url\":\"https:\/\/yaomarket.cl\/\",\"logo\":{\"@type\":\"ImageObject\",\"inLanguage\":\"es\",\"@id\":\"https:\/\/yaomarket.cl\/#\/schema\/logo\/image\/\",\"url\":\"https:\/\/yaomarket.cl\/wp-content\/uploads\/2023\/08\/Logo-Original-Yao-Market-Circular.png\",\"contentUrl\":\"https:\/\/yaomarket.cl\/wp-content\/uploads\/2023\/08\/Logo-Original-Yao-Market-Circular.png\",\"width\":522,\"height\":522,\"caption\":\"YAOMARKET\"},\"image\":{\"@id\":\"https:\/\/yaomarket.cl\/#\/schema\/logo\/image\/\"},\"sameAs\":[\"https:\/\/www.facebook.com\/yaomarketchile\/\",\"https:\/\/www.instagram.com\/yao_market\/\"]}]}<\/script>\n<!-- \/ Yoast SEO plugin. -->","yoast_head_json":{"title":"Ashwagandha 450mg 60 c\u00e1psulas - YAOMARKET","robots":{"index":"index","follow":"follow","max-snippet":"max-snippet:-1","max-image-preview":"max-image-preview:large","max-video-preview":"max-video-preview:-1"},"canonical":"https:\/\/yaomarket.cl\/?product=ashwagandha-450mg-60-capsulas","og_locale":"es_ES","og_type":"article","og_title":"Ashwagandha 450mg 60 c\u00e1psulas - YAOMARKET","og_description":"Ashwagandha 60 c\u00e1psulas de Winkler Nutrition   Extracto de Ashwagandha  Estr\u00e9s, ansiedad e insomnio  Neuro protector y antiinflamatorio  Ginseng indio  Hierba medicinal  Formato: C\u00e1psulas  Contenido: 60 c\u00e1psulas  Porciones: 30  Modo de uso: Consumir 2 c\u00e1psulas al d\u00eda, para alcanzar 450 mg del compuesto activo o lo prescrito por tu especialista.","og_url":"https:\/\/yaomarket.cl\/?product=ashwagandha-450mg-60-capsulas","og_site_name":"YAOMARKET","article_publisher":"https:\/\/www.facebook.com\/yaomarketchile\/","article_modified_time":"2025-04-25T04:32:25+00:00","og_image":[{"width":600,"height":600,"url":"https:\/\/yaomarket.cl\/wp-content\/uploads\/2025\/02\/Ashwaganda_600px.jpg","type":"image\/jpeg"}],"twitter_card":"summary_large_image","twitter_misc":{"Tiempo de lectura":"2 minutos"},"schema":{"@context":"https:\/\/schema.org","@graph":[{"@type":"WebPage","@id":"https:\/\/yaomarket.cl\/?product=ashwagandha-450mg-60-capsulas","url":"https:\/\/yaomarket.cl\/?product=ashwagandha-450mg-60-capsulas","name":"Ashwagandha 450mg 60 c\u00e1psulas - YAOMARKET","isPartOf":{"@id":"https:\/\/yaomarket.cl\/#website"},"primaryImageOfPage":{"@id":"https:\/\/yaomarket.cl\/?product=ashwagandha-450mg-60-capsulas#primaryimage"},"image":{"@id":"https:\/\/yaomarket.cl\/?product=ashwagandha-450mg-60-capsulas#primaryimage"},"thumbnailUrl":"https:\/\/yaomarket.cl\/wp-content\/uploads\/2025\/02\/Ashwaganda_600px.jpg","datePublished":"2025-02-26T04:09:39+00:00","dateModified":"2025-04-25T04:32:25+00:00","breadcrumb":{"@id":"https:\/\/yaomarket.cl\/?product=ashwagandha-450mg-60-capsulas#breadcrumb"},"inLanguage":"es","potentialAction":[{"@type":"ReadAction","target":["https:\/\/yaomarket.cl\/?product=ashwagandha-450mg-60-capsulas"]}]},{"@type":"ImageObject","inLanguage":"es","@id":"https:\/\/yaomarket.cl\/?product=ashwagandha-450mg-60-capsulas#primaryimage","url":"https:\/\/yaomarket.cl\/wp-content\/uploads\/2025\/02\/Ashwaganda_600px.jpg","contentUrl":"https:\/\/yaomarket.cl\/wp-content\/uploads\/2025\/02\/Ashwaganda_600px.jpg","width":600,"height":600},{"@type":"BreadcrumbList","@id":"https:\/\/yaomarket.cl\/?product=ashwagandha-450mg-60-capsulas#breadcrumb","itemListElement":[{"@type":"ListItem","position":1,"name":"Portada","item":"https:\/\/yaomarket.cl\/"},{"@type":"ListItem","position":2,"name":"TIENDA","item":"https:\/\/yaomarket.cl\/?page_id=8"},{"@type":"ListItem","position":3,"name":"Ashwagandha 450mg 60 c\u00e1psulas"}]},{"@type":"WebSite","@id":"https:\/\/yaomarket.cl\/#website","url":"https:\/\/yaomarket.cl\/","name":"YAOMARKET","description":"","publisher":{"@id":"https:\/\/yaomarket.cl\/#organization"},"potentialAction":[{"@type":"SearchAction","target":{"@type":"EntryPoint","urlTemplate":"https:\/\/yaomarket.cl\/?s={search_term_string}"},"query-input":{"@type":"PropertyValueSpecification","valueRequired":true,"valueName":"search_term_string"}}],"inLanguage":"es"},{"@type":"Organization","@id":"https:\/\/yaomarket.cl\/#organization","name":"YAOMARKET","url":"https:\/\/yaomarket.cl\/","logo":{"@type":"ImageObject","inLanguage":"es","@id":"https:\/\/yaomarket.cl\/#\/schema\/logo\/image\/","url":"https:\/\/yaomarket.cl\/wp-content\/uploads\/2023\/08\/Logo-Original-Yao-Market-Circular.png","contentUrl":"https:\/\/yaomarket.cl\/wp-content\/uploads\/2023\/08\/Logo-Original-Yao-Market-Circular.png","width":522,"height":522,"caption":"YAOMARKET"},"image":{"@id":"https:\/\/yaomarket.cl\/#\/schema\/logo\/image\/"},"sameAs":["https:\/\/www.facebook.com\/yaomarketchile\/","https:\/\/www.instagram.com\/yao_market\/"]}]}},"_links":{"self":[{"href":"https:\/\/yaomarket.cl\/index.php?rest_route=\/wp\/v2\/product\/11323","targetHints":{"allow":["GET"]}}],"collection":[{"href":"https:\/\/yaomarket.cl\/index.php?rest_route=\/wp\/v2\/product"}],"about":[{"href":"https:\/\/yaomarket.cl\/index.php?rest_route=\/wp\/v2\/types\/product"}],"wp:featuredmedia":[{"embeddable":true,"href":"https:\/\/yaomarket.cl\/index.php?rest_route=\/wp\/v2\/media\/11324"}],"wp:attachment":[{"href":"https:\/\/yaomarket.cl\/index.php?rest_route=%2Fwp%2Fv2%2Fmedia&parent=11323"}],"wp:term":[{"taxonomy":"product_cat","embeddable":true,"href":"https:\/\/yaomarket.cl\/index.php?rest_route=%2Fwp%2Fv2%2Fproduct_cat&post=11323"},{"taxonomy":"product_tag","embeddable":true,"href":"https:\/\/yaomarket.cl\/index.php?rest_route=%2Fwp%2Fv2%2Fproduct_tag&post=11323"}],"curies":[{"name":"wp","href":"https:\/\/api.w.org\/{rel}","templated":true}]}}