{"id":11318,"date":"2025-02-26T04:07:39","date_gmt":"2025-02-26T04:07:39","guid":{"rendered":"https:\/\/yaomarket.cl\/?post_type=product&#038;p=11318"},"modified":"2025-04-25T03:48:06","modified_gmt":"2025-04-25T03:48:06","slug":"colageno-hidrolizado-arti-safe-450-grs-30-servicios","status":"publish","type":"product","link":"https:\/\/yaomarket.cl\/?product=colageno-hidrolizado-arti-safe-450-grs-30-servicios","title":{"rendered":"Col\u00e1geno Hidrolizado Arti-Safe 450 grs. 30 servicios"},"content":{"rendered":"<h5><span style=\"color: #000000;\">Col\u00e1geno Hidrolizado Arti-Safe 450 grs. 30 servicios<\/span><\/h5>\n<p><span style=\"color: #000000;\">Col\u00e1geno Hidrolizado Arti-Safe 450 grs. 30 servicios de Winkler Nutrition es una muy buena opci\u00f3n para prevenir, tratar y reducir sintomatolog\u00eda en patolog\u00edas que involucren tejidos osteo articulares y mejorar el desempe\u00f1o deportivo reduciendo las molestias producidas en las articulaciones.<\/span><\/p>\n<p><span style=\"color: #000000;\">Deportistas y personas mayores de 30 a\u00f1os comienzan a sufrir deterioro y molestias en sus articulaciones, situaci\u00f3n que podr\u00eda afectar el rendimiento deportivo y la ejecuci\u00f3n de actividades diarias. Por esta raz\u00f3n, ellos buscan alg\u00fan suplemento nutricional o deportivo que les pueda ayudar a obtener beneficios para una adecuada regeneraci\u00f3n osteo-articular y de esta formar evitar malestares al momento de entrenar y en la recuperaci\u00f3n post entrenamiento. Un adecuado manejo de esta sintomatolog\u00eda podr\u00eda incluso mejorar su rendimiento deportivo.<\/span><\/p>\n<h2><span style=\"color: #000000;\">Col\u00e1geno hidrolizado Winkler Nutrition<\/span><\/h2>\n<p><span style=\"color: #000000;\">El col\u00e1geno hidrolizado de Winkler Nutrition es un col\u00e1geno que como bien dice la palabra, se encuentra hidrolizado, esto quiere decir que se encuentra fraccionado en sus mol\u00e9culas m\u00e1s peque\u00f1as para una mejor absorci\u00f3n en el organismo. Adem\u00e1s, el col\u00e1geno de winkler nutrition tiene adici\u00f3n de vitamina c y zinc, lo que potencia sus propiedades y beneficios en la salud. Col\u00e1geno Hidrolizado Arti-Safe 450 grs. 30 servicios \u2013 Winkler Nutrition<\/span><\/p>\n<h3><span style=\"color: #000000;\">\u00bfQu\u00e9 es el col\u00e1geno?<\/span><\/h3>\n<p><span style=\"color: #000000;\">El col\u00e1geno es una mol\u00e9cula (prote\u00edna) que posee funciones principalmente estructurales, formando parte de importantes tejidos en nuestro organismo. Se encuentra presente en articulaciones, huesos y cart\u00edlagos principalmente.<\/span><\/p>\n<h3><span style=\"color: #000000;\">\u00bfQu\u00e9 significa que el col\u00e1geno este hidrolizado?<\/span><\/h3>\n<p><span style=\"color: #000000;\">Significa que al col\u00e1geno se le realiz\u00f3 un procedimiento de hidr\u00f3lisis con el fin de que el organismo pueda digerirlo m\u00e1s f\u00e1cilmente y as\u00ed se produzca une mejor absorci\u00f3n. La hidr\u00f3lisis del col\u00e1geno tambi\u00e9n genera p\u00e9ptidos m\u00e1s peque\u00f1os para poder disolverlo en agua fr\u00eda y as\u00ed facilitar su consumo.<\/span><\/p>\n<h3><span style=\"color: #000000;\">Beneficios del consumo de col\u00e1geno hidrolizado<\/span><\/h3>\n<p><span style=\"color: #000000;\">Dentro de los beneficios que otorga el consumo de col\u00e1geno hidrolizado se encuentra un efecto positivo sobre patolog\u00edas osteoarticulares degenerativas y el envejecimiento d\u00e9rmico, efectos favorables a nivel de salud \u00f3sea en adultos y mujeres post menopa\u00fasicas y beneficios en deportistas, reduciendo el riesgo de deterioro en articulaciones y mejorando el desempe\u00f1o f\u00edsico. Un consumo de 10 gr al d\u00eda de col\u00e1geno hidrolizado facilita la s\u00edntesis de col\u00e1geno tisular, lo que ayuda a mejorar la regeneraci\u00f3n de tejidos para prevenir, tratar y reducir s\u00edntomas en patolog\u00edas como artrosis, osteoporosis, deterioro d\u00e9rmico y dolor articular en deportistas.<\/span><\/p>\n<p><span style=\"color: #000000;\"><a style=\"color: #000000;\" href=\"http:\/\/winklernutrition.cl\/producto\/colageno-hidrolizado-arti-safe-450-grs-30-servicios\/\">Col\u00e1geno Hidrolizado Arti-Safe 450 grs. 30 servicios \u2013 Winkler Nutrition<\/a><\/span><\/p>\n<h3><span style=\"color: #000000;\">Col\u00e1geno y vitamina C<\/span><\/h3>\n<p><span style=\"color: #000000;\">El col\u00e1geno hidrolizado de Winkler Nutrition tiene adici\u00f3n de vitamina C, lo que potencia sus beneficios ya que la vitamina c act\u00faa como enzima precursora de la s\u00edntesis de col\u00e1geno. El mecanismo de acci\u00f3n que posee la vitamina C o \u00e1cido asc\u00f3rbico consiste en que act\u00faa como un agente reductor, necesario para la s\u00edntesis de las fibras de col\u00e1geno a trav\u00e9s del proceso de hidroxilaci\u00f3n de prolina y lisina, amino\u00e1cidos encargados de la s\u00edntesis de col\u00e1geno.<\/span><\/p>\n<p><span style=\"color: #000000;\">La dosis recomendada de vitamina C diaria es de 90 mg\/d en hombres adultos y 75 mg\/d en mujeres adultas. El col\u00e1geno hidrolizado de Winkler Nutrition tiene un aporte de 186 mg de vitamina C por porci\u00f3n, lo que aporta la cantidad necesaria para estimular la s\u00edntesis de col\u00e1geno. Si bien excede la dosis recomendada, esto no es un problema ya que la vitamina C es una vitamina hidrosoluble, por lo que su exceso se elimina por la orina.<\/span><\/p>\n<h3><span style=\"color: #000000;\">Col\u00e1geno y Zinc<\/span><\/h3>\n<p><span style=\"color: #000000;\">El col\u00e1geno hidrolizado de Winkler Nutrition tiene adici\u00f3n de zinc (15 mg\/porci\u00f3n). El zinc tiene un papel estructural fundamental en el organismo ya que participa como cofactor en el funcionamiento de muchas enzimas encargadas de las siguientes funciones:<\/span><\/p>\n<ul>\n<li><span style=\"color: #000000;\">S\u00edntesis y degradaci\u00f3n de prote\u00ednas<\/span><\/li>\n<li><span style=\"color: #000000;\">Metabolismo de hidratos de carbono<\/span><\/li>\n<li><span style=\"color: #000000;\">Calcificaci\u00f3n \u00f3sea<\/span><\/li>\n<li><span style=\"color: #000000;\">Crecimiento y diferenciaci\u00f3n celular<\/span><\/li>\n<li><span style=\"color: #000000;\">Papel estructural en membranas biol\u00f3gicas.<\/span><\/li>\n<\/ul>\n<h3><span style=\"color: #000000;\">Col\u00e1geno y Glucosamina<\/span><\/h3>\n<p><span style=\"color: #000000;\">El col\u00e1geno hidrolizado de Winkler nutrition tiene adici\u00f3n de glucosamina, compuesto muy importante que act\u00faa con un efecto sin\u00e9rgico junto al col\u00e1geno ya que la glucosamina es esencial para la formaci\u00f3n de GAG (glucosaminoglicanos) y proteoglucanos. Los proteoglucanos est\u00e1n involucrados en la formaci\u00f3n de col\u00e1geno y tambi\u00e9n ayudan a retener agua en las articulaciones para poder soportar flexibilidad y resistencia de fuerza en compresi\u00f3n. Por esta raz\u00f3n, al a\u00f1adir glucosamina (750 mg\/porci\u00f3n) al col\u00e1geno hidrolizado de Winkler Nutrition , se logra mejorar los s\u00edntomas en patolog\u00edas que involucren tejidos osteoarticulares reduciendo inflamaci\u00f3n , dolor articular y manteniendo elasticidad en tejido conectivo y cart\u00edlago.<\/span><\/p>\n<p><span style=\"color: #000000;\">El col\u00e1geno hidrolizado de Winkler Nutrition al tener un buen aporte de col\u00e1geno (10,4 mg) adici\u00f3n de vitamina c, glucosamina y zinc, tiene un efecto positivo en la regeneraci\u00f3n de tejidos, en la prevenci\u00f3n y reducci\u00f3n de sintomatolog\u00eda en patolog\u00edas que involucran deterioro osteo-articular y dolor articular en deportistas. Es un excelente suplemento que puedes incluir en tu alimentaci\u00f3n, idealmente si eres deportista y tienes m\u00e1s de 30 a\u00f1os.<\/span><\/p>\n","protected":false},"excerpt":{"rendered":"<h4><span style=\"color: #000000;\">Col\u00e1geno Hidrolizado Arti-Safe 450 grs. 30 servicios<\/span><\/h4>\n<ul>\n<li><span style=\"color: #000000;\">Col\u00e1geno hidrolizado<\/span><\/li>\n<li><span style=\"color: #000000;\">Glucosamina<\/span><\/li>\n<li><span style=\"color: #000000;\">Vitamina C (mejora absorci\u00f3n del col\u00e1geno)<\/span><\/li>\n<li><span style=\"color: #000000;\">Mejora la recuperaci\u00f3n de articulaciones, ligamentos y tendones<\/span><\/li>\n<\/ul>\n<p><span style=\"color: #000000;\">Formato: Polvo<\/span><\/p>\n<p><span style=\"color: #000000;\">Sabores: Naranja y Frutos rojos<\/span><\/p>\n<p><span style=\"color: #000000;\">Contenido: 450 grs.<\/span><\/p>\n<p><span style=\"color: #000000;\">Porciones: 30<\/span><\/p>\n<p><span style=\"color: #000000;\">Modo de uso: Mezclar 1 scoop en 250cc de agua (preferentemente en la noche antes de dormir) o lo prescrito por tu nutricionista.<\/span><\/p>\n","protected":false},"featured_media":11319,"template":"","meta":[],"product_cat":[670],"product_tag":[],"class_list":{"0":"post-11318","1":"product","2":"type-product","3":"status-publish","4":"has-post-thumbnail","6":"product_cat-vitaminas-y-minerales","8":"first","9":"instock","10":"shipping-taxable","11":"purchasable","12":"product-type-variable"},"yoast_head":"<!-- This site is optimized with the Yoast SEO plugin v25.2 - https:\/\/yoast.com\/wordpress\/plugins\/seo\/ -->\n<title>Col\u00e1geno Hidrolizado Arti-Safe 450 grs. 30 servicios - YAOMARKET<\/title>\n<meta name=\"robots\" content=\"index, follow, max-snippet:-1, max-image-preview:large, max-video-preview:-1\" \/>\n<link rel=\"canonical\" href=\"https:\/\/yaomarket.cl\/?product=colageno-hidrolizado-arti-safe-450-grs-30-servicios\" \/>\n<meta property=\"og:locale\" content=\"es_ES\" \/>\n<meta property=\"og:type\" content=\"article\" \/>\n<meta property=\"og:title\" content=\"Col\u00e1geno Hidrolizado Arti-Safe 450 grs. 30 servicios - YAOMARKET\" \/>\n<meta property=\"og:description\" content=\"Col\u00e1geno Hidrolizado Arti-Safe 450 grs. 30 servicios   Col\u00e1geno hidrolizado  Glucosamina  Vitamina C (mejora absorci\u00f3n del col\u00e1geno)  Mejora la recuperaci\u00f3n de articulaciones, ligamentos y tendones  Formato: Polvo  Sabores: Naranja y Frutos rojos  Contenido: 450 grs.  Porciones: 30  Modo de uso: Mezclar 1 scoop en 250cc de agua (preferentemente en la noche antes de dormir) o lo prescrito por tu nutricionista.\" \/>\n<meta property=\"og:url\" content=\"https:\/\/yaomarket.cl\/?product=colageno-hidrolizado-arti-safe-450-grs-30-servicios\" \/>\n<meta property=\"og:site_name\" content=\"YAOMARKET\" \/>\n<meta property=\"article:publisher\" content=\"https:\/\/www.facebook.com\/yaomarketchile\/\" \/>\n<meta property=\"article:modified_time\" content=\"2025-04-25T03:48:06+00:00\" \/>\n<meta property=\"og:image\" content=\"https:\/\/yaomarket.cl\/wp-content\/uploads\/2025\/02\/Colageno_600px-1-550x550-1.jpg\" \/>\n\t<meta property=\"og:image:width\" content=\"550\" \/>\n\t<meta property=\"og:image:height\" content=\"550\" \/>\n\t<meta property=\"og:image:type\" content=\"image\/jpeg\" \/>\n<meta name=\"twitter:card\" content=\"summary_large_image\" \/>\n<meta name=\"twitter:label1\" content=\"Tiempo de lectura\" \/>\n\t<meta name=\"twitter:data1\" content=\"4 minutos\" \/>\n<script type=\"application\/ld+json\" class=\"yoast-schema-graph\">{\"@context\":\"https:\/\/schema.org\",\"@graph\":[{\"@type\":\"WebPage\",\"@id\":\"https:\/\/yaomarket.cl\/?product=colageno-hidrolizado-arti-safe-450-grs-30-servicios\",\"url\":\"https:\/\/yaomarket.cl\/?product=colageno-hidrolizado-arti-safe-450-grs-30-servicios\",\"name\":\"Col\u00e1geno Hidrolizado Arti-Safe 450 grs. 30 servicios - YAOMARKET\",\"isPartOf\":{\"@id\":\"https:\/\/yaomarket.cl\/#website\"},\"primaryImageOfPage\":{\"@id\":\"https:\/\/yaomarket.cl\/?product=colageno-hidrolizado-arti-safe-450-grs-30-servicios#primaryimage\"},\"image\":{\"@id\":\"https:\/\/yaomarket.cl\/?product=colageno-hidrolizado-arti-safe-450-grs-30-servicios#primaryimage\"},\"thumbnailUrl\":\"https:\/\/yaomarket.cl\/wp-content\/uploads\/2025\/02\/Colageno_600px-1-550x550-1.jpg\",\"datePublished\":\"2025-02-26T04:07:39+00:00\",\"dateModified\":\"2025-04-25T03:48:06+00:00\",\"breadcrumb\":{\"@id\":\"https:\/\/yaomarket.cl\/?product=colageno-hidrolizado-arti-safe-450-grs-30-servicios#breadcrumb\"},\"inLanguage\":\"es\",\"potentialAction\":[{\"@type\":\"ReadAction\",\"target\":[\"https:\/\/yaomarket.cl\/?product=colageno-hidrolizado-arti-safe-450-grs-30-servicios\"]}]},{\"@type\":\"ImageObject\",\"inLanguage\":\"es\",\"@id\":\"https:\/\/yaomarket.cl\/?product=colageno-hidrolizado-arti-safe-450-grs-30-servicios#primaryimage\",\"url\":\"https:\/\/yaomarket.cl\/wp-content\/uploads\/2025\/02\/Colageno_600px-1-550x550-1.jpg\",\"contentUrl\":\"https:\/\/yaomarket.cl\/wp-content\/uploads\/2025\/02\/Colageno_600px-1-550x550-1.jpg\",\"width\":550,\"height\":550},{\"@type\":\"BreadcrumbList\",\"@id\":\"https:\/\/yaomarket.cl\/?product=colageno-hidrolizado-arti-safe-450-grs-30-servicios#breadcrumb\",\"itemListElement\":[{\"@type\":\"ListItem\",\"position\":1,\"name\":\"Portada\",\"item\":\"https:\/\/yaomarket.cl\/\"},{\"@type\":\"ListItem\",\"position\":2,\"name\":\"TIENDA\",\"item\":\"https:\/\/yaomarket.cl\/?page_id=8\"},{\"@type\":\"ListItem\",\"position\":3,\"name\":\"Col\u00e1geno Hidrolizado Arti-Safe 450 grs. 30 servicios\"}]},{\"@type\":\"WebSite\",\"@id\":\"https:\/\/yaomarket.cl\/#website\",\"url\":\"https:\/\/yaomarket.cl\/\",\"name\":\"YAOMARKET\",\"description\":\"\",\"publisher\":{\"@id\":\"https:\/\/yaomarket.cl\/#organization\"},\"potentialAction\":[{\"@type\":\"SearchAction\",\"target\":{\"@type\":\"EntryPoint\",\"urlTemplate\":\"https:\/\/yaomarket.cl\/?s={search_term_string}\"},\"query-input\":{\"@type\":\"PropertyValueSpecification\",\"valueRequired\":true,\"valueName\":\"search_term_string\"}}],\"inLanguage\":\"es\"},{\"@type\":\"Organization\",\"@id\":\"https:\/\/yaomarket.cl\/#organization\",\"name\":\"YAOMARKET\",\"url\":\"https:\/\/yaomarket.cl\/\",\"logo\":{\"@type\":\"ImageObject\",\"inLanguage\":\"es\",\"@id\":\"https:\/\/yaomarket.cl\/#\/schema\/logo\/image\/\",\"url\":\"https:\/\/yaomarket.cl\/wp-content\/uploads\/2023\/08\/Logo-Original-Yao-Market-Circular.png\",\"contentUrl\":\"https:\/\/yaomarket.cl\/wp-content\/uploads\/2023\/08\/Logo-Original-Yao-Market-Circular.png\",\"width\":522,\"height\":522,\"caption\":\"YAOMARKET\"},\"image\":{\"@id\":\"https:\/\/yaomarket.cl\/#\/schema\/logo\/image\/\"},\"sameAs\":[\"https:\/\/www.facebook.com\/yaomarketchile\/\",\"https:\/\/www.instagram.com\/yao_market\/\"]}]}<\/script>\n<!-- \/ Yoast SEO plugin. -->","yoast_head_json":{"title":"Col\u00e1geno Hidrolizado Arti-Safe 450 grs. 30 servicios - YAOMARKET","robots":{"index":"index","follow":"follow","max-snippet":"max-snippet:-1","max-image-preview":"max-image-preview:large","max-video-preview":"max-video-preview:-1"},"canonical":"https:\/\/yaomarket.cl\/?product=colageno-hidrolizado-arti-safe-450-grs-30-servicios","og_locale":"es_ES","og_type":"article","og_title":"Col\u00e1geno Hidrolizado Arti-Safe 450 grs. 30 servicios - YAOMARKET","og_description":"Col\u00e1geno Hidrolizado Arti-Safe 450 grs. 30 servicios   Col\u00e1geno hidrolizado  Glucosamina  Vitamina C (mejora absorci\u00f3n del col\u00e1geno)  Mejora la recuperaci\u00f3n de articulaciones, ligamentos y tendones  Formato: Polvo  Sabores: Naranja y Frutos rojos  Contenido: 450 grs.  Porciones: 30  Modo de uso: Mezclar 1 scoop en 250cc de agua (preferentemente en la noche antes de dormir) o lo prescrito por tu nutricionista.","og_url":"https:\/\/yaomarket.cl\/?product=colageno-hidrolizado-arti-safe-450-grs-30-servicios","og_site_name":"YAOMARKET","article_publisher":"https:\/\/www.facebook.com\/yaomarketchile\/","article_modified_time":"2025-04-25T03:48:06+00:00","og_image":[{"width":550,"height":550,"url":"https:\/\/yaomarket.cl\/wp-content\/uploads\/2025\/02\/Colageno_600px-1-550x550-1.jpg","type":"image\/jpeg"}],"twitter_card":"summary_large_image","twitter_misc":{"Tiempo de lectura":"4 minutos"},"schema":{"@context":"https:\/\/schema.org","@graph":[{"@type":"WebPage","@id":"https:\/\/yaomarket.cl\/?product=colageno-hidrolizado-arti-safe-450-grs-30-servicios","url":"https:\/\/yaomarket.cl\/?product=colageno-hidrolizado-arti-safe-450-grs-30-servicios","name":"Col\u00e1geno Hidrolizado Arti-Safe 450 grs. 30 servicios - YAOMARKET","isPartOf":{"@id":"https:\/\/yaomarket.cl\/#website"},"primaryImageOfPage":{"@id":"https:\/\/yaomarket.cl\/?product=colageno-hidrolizado-arti-safe-450-grs-30-servicios#primaryimage"},"image":{"@id":"https:\/\/yaomarket.cl\/?product=colageno-hidrolizado-arti-safe-450-grs-30-servicios#primaryimage"},"thumbnailUrl":"https:\/\/yaomarket.cl\/wp-content\/uploads\/2025\/02\/Colageno_600px-1-550x550-1.jpg","datePublished":"2025-02-26T04:07:39+00:00","dateModified":"2025-04-25T03:48:06+00:00","breadcrumb":{"@id":"https:\/\/yaomarket.cl\/?product=colageno-hidrolizado-arti-safe-450-grs-30-servicios#breadcrumb"},"inLanguage":"es","potentialAction":[{"@type":"ReadAction","target":["https:\/\/yaomarket.cl\/?product=colageno-hidrolizado-arti-safe-450-grs-30-servicios"]}]},{"@type":"ImageObject","inLanguage":"es","@id":"https:\/\/yaomarket.cl\/?product=colageno-hidrolizado-arti-safe-450-grs-30-servicios#primaryimage","url":"https:\/\/yaomarket.cl\/wp-content\/uploads\/2025\/02\/Colageno_600px-1-550x550-1.jpg","contentUrl":"https:\/\/yaomarket.cl\/wp-content\/uploads\/2025\/02\/Colageno_600px-1-550x550-1.jpg","width":550,"height":550},{"@type":"BreadcrumbList","@id":"https:\/\/yaomarket.cl\/?product=colageno-hidrolizado-arti-safe-450-grs-30-servicios#breadcrumb","itemListElement":[{"@type":"ListItem","position":1,"name":"Portada","item":"https:\/\/yaomarket.cl\/"},{"@type":"ListItem","position":2,"name":"TIENDA","item":"https:\/\/yaomarket.cl\/?page_id=8"},{"@type":"ListItem","position":3,"name":"Col\u00e1geno Hidrolizado Arti-Safe 450 grs. 30 servicios"}]},{"@type":"WebSite","@id":"https:\/\/yaomarket.cl\/#website","url":"https:\/\/yaomarket.cl\/","name":"YAOMARKET","description":"","publisher":{"@id":"https:\/\/yaomarket.cl\/#organization"},"potentialAction":[{"@type":"SearchAction","target":{"@type":"EntryPoint","urlTemplate":"https:\/\/yaomarket.cl\/?s={search_term_string}"},"query-input":{"@type":"PropertyValueSpecification","valueRequired":true,"valueName":"search_term_string"}}],"inLanguage":"es"},{"@type":"Organization","@id":"https:\/\/yaomarket.cl\/#organization","name":"YAOMARKET","url":"https:\/\/yaomarket.cl\/","logo":{"@type":"ImageObject","inLanguage":"es","@id":"https:\/\/yaomarket.cl\/#\/schema\/logo\/image\/","url":"https:\/\/yaomarket.cl\/wp-content\/uploads\/2023\/08\/Logo-Original-Yao-Market-Circular.png","contentUrl":"https:\/\/yaomarket.cl\/wp-content\/uploads\/2023\/08\/Logo-Original-Yao-Market-Circular.png","width":522,"height":522,"caption":"YAOMARKET"},"image":{"@id":"https:\/\/yaomarket.cl\/#\/schema\/logo\/image\/"},"sameAs":["https:\/\/www.facebook.com\/yaomarketchile\/","https:\/\/www.instagram.com\/yao_market\/"]}]}},"_links":{"self":[{"href":"https:\/\/yaomarket.cl\/index.php?rest_route=\/wp\/v2\/product\/11318","targetHints":{"allow":["GET"]}}],"collection":[{"href":"https:\/\/yaomarket.cl\/index.php?rest_route=\/wp\/v2\/product"}],"about":[{"href":"https:\/\/yaomarket.cl\/index.php?rest_route=\/wp\/v2\/types\/product"}],"wp:featuredmedia":[{"embeddable":true,"href":"https:\/\/yaomarket.cl\/index.php?rest_route=\/wp\/v2\/media\/11319"}],"wp:attachment":[{"href":"https:\/\/yaomarket.cl\/index.php?rest_route=%2Fwp%2Fv2%2Fmedia&parent=11318"}],"wp:term":[{"taxonomy":"product_cat","embeddable":true,"href":"https:\/\/yaomarket.cl\/index.php?rest_route=%2Fwp%2Fv2%2Fproduct_cat&post=11318"},{"taxonomy":"product_tag","embeddable":true,"href":"https:\/\/yaomarket.cl\/index.php?rest_route=%2Fwp%2Fv2%2Fproduct_tag&post=11318"}],"curies":[{"name":"wp","href":"https:\/\/api.w.org\/{rel}","templated":true}]}}