{"id":11315,"date":"2025-02-26T04:05:03","date_gmt":"2025-02-26T04:05:03","guid":{"rendered":"https:\/\/yaomarket.cl\/?post_type=product&#038;p=11315"},"modified":"2025-04-25T04:32:49","modified_gmt":"2025-04-25T04:32:49","slug":"astaxantina-antioxidante-90-capsulas","status":"publish","type":"product","link":"https:\/\/yaomarket.cl\/?product=astaxantina-antioxidante-90-capsulas","title":{"rendered":"Astaxantina Antioxidante 90 c\u00e1psulas"},"content":{"rendered":"<h1><span style=\"color: #000000;\">Astaxantina Antioxidante<\/span><\/h1>\n<p><span style=\"color: #000000;\">Astaxantina antioxidante de Winkler Nutrition es un tipo de carotenoide, es decir, est\u00e1 conformado por pigmentos liposolubles de color amarillo, naranja y rojo que se sintetizan naturalmente en diferentes tipos de plantas, algas y bacterias del reino vegetal.<\/span><\/p>\n<p><span style=\"color: #000000;\">Los podemos encontrar en diferentes tipos de frutas y verduras tales como: tomates, zanahorias, naranjas, betarragas, pimentones y muchos tipos de flores, y tambi\u00e9n en los animales que lo consumen, tales como: salm\u00f3n, la trucha roja, los crust\u00e1ceos o Krill.<\/span><\/p>\n<p><span style=\"color: #000000;\">Debido a que la astaxantina no puede ser producida por el cuerpo humano, es fundamental que sea ingerida mediante la dieta por alimentos o suplementaci\u00f3n adecuada.<\/span><\/p>\n<h4><span style=\"color: #000000;\">Como antioxidante<\/span><\/h4>\n<p><span style=\"color: #000000;\">Es un poderoso antioxidante, con concentraciones de hasta diez veces m\u00e1s que otros carotenoides. Por consiguiente, su ingesta reduce el estr\u00e9s oxidativo, es decir, protege a nuestras c\u00e9lulas y tejidos del envejecimiento prematuro, enfermedades graves como el c\u00e1ncer, problemas cardiovasculares, procesos neurodegenerativos y sistema inmunol\u00f3gico.<\/span><\/p>\n<h4><span style=\"color: #000000;\">Para el bienestar de la piel<\/span><\/h4>\n<p><span style=\"color: #000000;\">A su vez, en la piel tiene efectos impresionantes, aparte de retrasar el envejecimiento, act\u00faa como reafirmante, mejora la elasticidad, tonicidad y brillo de la piel, manteni\u00e9ndola mas humectada y fresca. Como si lo anterior no bastara, previene el acn\u00e9, las estr\u00edas y la celulitis en el cuerpo.<\/span><\/p>\n<p><span style=\"color: #000000;\">Por otro lado, la astaxantina tambi\u00e9n act\u00faa como un antiinflamatorio, retrasando el deterioro f\u00edsico y mental que van causando el envejecimiento y la mala alimentaci\u00f3n.<\/span><\/p>\n<p><span style=\"color: #000000;\">Algunos otros atributos a destacar:<\/span><\/p>\n<ul>\n<li><span style=\"color: #000000;\">Protege algunas enfermedades degenerativas que se van presentando con los a\u00f1os, principalmente enfermedades oculares.<\/span><\/li>\n<li><span style=\"color: #000000;\">Es energizante, con capacidad para mejorar el rendimiento f\u00edsico en el deporte y disminuyendo los niveles de fatiga post entrenamiento.<\/span><\/li>\n<li><span style=\"color: #000000;\">En cuanto al funcionamiento cardiovascular, este pigmento ayuda a estabilizar la presi\u00f3n arterial, ayuda a aumentar el colesterol bueno (HDL) y a reducir los triglic\u00e9ridos en el torrente sangu\u00edneo.<\/span><\/li>\n<\/ul>\n<p><span style=\"color: #000000;\">Astaxantina de Revitta Wellness es un suplemento alimentario, el cual se recomienda consumir junto a la alimentaci\u00f3n diaria, y no como un sustituto o remplazo de alg\u00fan alimento.<\/span><\/p>\n<ul>\n<li><span style=\"color: #000000;\">Poderoso antioxidante<\/span><\/li>\n<li><span style=\"color: #000000;\">Mejora el rendimiento f\u00edsico<\/span><\/li>\n<li><span style=\"color: #000000;\">Mejora la salud Cardiovascular<\/span><\/li>\n<li><span style=\"color: #000000;\">Libre de gluten<\/span><\/li>\n<\/ul>\n","protected":false},"excerpt":{"rendered":"<p><span style=\"color: #000000;\"><strong>Astaxantina antioxidante 90 caps. de Winkler Nutrition:<\/strong><\/span><\/p>\n<ul>\n<li><span style=\"color: #000000;\">Poderoso antioxidante<\/span><\/li>\n<li><span style=\"color: #000000;\">Aumenta la resistencia f\u00edsica<\/span><\/li>\n<li><span style=\"color: #000000;\">Beneficia la salud cardiovascular<\/span><\/li>\n<li><span style=\"color: #000000;\">Reducci\u00f3n de Triglic\u00e9ridos<\/span><\/li>\n<li><span style=\"color: #000000;\">Beneficia la funci\u00f3n inmunol\u00f3gica<\/span><\/li>\n<li><span style=\"color: #000000;\">Beneficia el estado de la piel y la vista<\/span><\/li>\n<li><span style=\"color: #000000;\">Potente antiinflamatorio natural<\/span><\/li>\n<li><span style=\"color: #000000;\">Favorece los procesos de recuperaci\u00f3n en artritis y asma<\/span><\/li>\n<\/ul>\n<p><span style=\"color: #000000;\">Formato: C\u00e1psulas<\/span><\/p>\n<p><span style=\"color: #000000;\">Contenido: 90 c\u00e1psulas<\/span><\/p>\n<p><span style=\"color: #000000;\">Porciones: 90<\/span><\/p>\n","protected":false},"featured_media":11316,"template":"","meta":[],"product_cat":[670],"product_tag":[],"class_list":{"0":"post-11315","1":"product","2":"type-product","3":"status-publish","4":"has-post-thumbnail","6":"product_cat-vitaminas-y-minerales","8":"first","9":"instock","10":"shipping-taxable","11":"purchasable","12":"product-type-simple"},"yoast_head":"<!-- This site is optimized with the Yoast SEO plugin v25.2 - https:\/\/yoast.com\/wordpress\/plugins\/seo\/ -->\n<title>Astaxantina Antioxidante 90 c\u00e1psulas - YAOMARKET<\/title>\n<meta name=\"robots\" content=\"index, follow, max-snippet:-1, max-image-preview:large, max-video-preview:-1\" \/>\n<link rel=\"canonical\" href=\"https:\/\/yaomarket.cl\/?product=astaxantina-antioxidante-90-capsulas\" \/>\n<meta property=\"og:locale\" content=\"es_ES\" \/>\n<meta property=\"og:type\" content=\"article\" \/>\n<meta property=\"og:title\" content=\"Astaxantina Antioxidante 90 c\u00e1psulas - YAOMARKET\" \/>\n<meta property=\"og:description\" content=\"Astaxantina antioxidante 90 caps. de Winkler Nutrition:   Poderoso antioxidante  Aumenta la resistencia f\u00edsica  Beneficia la salud cardiovascular  Reducci\u00f3n de Triglic\u00e9ridos  Beneficia la funci\u00f3n inmunol\u00f3gica  Beneficia el estado de la piel y la vista  Potente antiinflamatorio natural  Favorece los procesos de recuperaci\u00f3n en artritis y asma  Formato: C\u00e1psulas  Contenido: 90 c\u00e1psulas  Porciones: 90\" \/>\n<meta property=\"og:url\" content=\"https:\/\/yaomarket.cl\/?product=astaxantina-antioxidante-90-capsulas\" \/>\n<meta property=\"og:site_name\" content=\"YAOMARKET\" \/>\n<meta property=\"article:publisher\" content=\"https:\/\/www.facebook.com\/yaomarketchile\/\" \/>\n<meta property=\"article:modified_time\" content=\"2025-04-25T04:32:49+00:00\" \/>\n<meta property=\"og:image\" content=\"https:\/\/yaomarket.cl\/wp-content\/uploads\/2025\/02\/Astaxantina_600px-1-1-1.jpg\" \/>\n\t<meta property=\"og:image:width\" content=\"600\" \/>\n\t<meta property=\"og:image:height\" content=\"600\" \/>\n\t<meta property=\"og:image:type\" content=\"image\/jpeg\" \/>\n<meta name=\"twitter:card\" content=\"summary_large_image\" \/>\n<meta name=\"twitter:label1\" content=\"Tiempo de lectura\" \/>\n\t<meta name=\"twitter:data1\" content=\"2 minutos\" \/>\n<script type=\"application\/ld+json\" class=\"yoast-schema-graph\">{\"@context\":\"https:\/\/schema.org\",\"@graph\":[{\"@type\":\"WebPage\",\"@id\":\"https:\/\/yaomarket.cl\/?product=astaxantina-antioxidante-90-capsulas\",\"url\":\"https:\/\/yaomarket.cl\/?product=astaxantina-antioxidante-90-capsulas\",\"name\":\"Astaxantina Antioxidante 90 c\u00e1psulas - YAOMARKET\",\"isPartOf\":{\"@id\":\"https:\/\/yaomarket.cl\/#website\"},\"primaryImageOfPage\":{\"@id\":\"https:\/\/yaomarket.cl\/?product=astaxantina-antioxidante-90-capsulas#primaryimage\"},\"image\":{\"@id\":\"https:\/\/yaomarket.cl\/?product=astaxantina-antioxidante-90-capsulas#primaryimage\"},\"thumbnailUrl\":\"https:\/\/yaomarket.cl\/wp-content\/uploads\/2025\/02\/Astaxantina_600px-1-1-1.jpg\",\"datePublished\":\"2025-02-26T04:05:03+00:00\",\"dateModified\":\"2025-04-25T04:32:49+00:00\",\"breadcrumb\":{\"@id\":\"https:\/\/yaomarket.cl\/?product=astaxantina-antioxidante-90-capsulas#breadcrumb\"},\"inLanguage\":\"es\",\"potentialAction\":[{\"@type\":\"ReadAction\",\"target\":[\"https:\/\/yaomarket.cl\/?product=astaxantina-antioxidante-90-capsulas\"]}]},{\"@type\":\"ImageObject\",\"inLanguage\":\"es\",\"@id\":\"https:\/\/yaomarket.cl\/?product=astaxantina-antioxidante-90-capsulas#primaryimage\",\"url\":\"https:\/\/yaomarket.cl\/wp-content\/uploads\/2025\/02\/Astaxantina_600px-1-1-1.jpg\",\"contentUrl\":\"https:\/\/yaomarket.cl\/wp-content\/uploads\/2025\/02\/Astaxantina_600px-1-1-1.jpg\",\"width\":600,\"height\":600},{\"@type\":\"BreadcrumbList\",\"@id\":\"https:\/\/yaomarket.cl\/?product=astaxantina-antioxidante-90-capsulas#breadcrumb\",\"itemListElement\":[{\"@type\":\"ListItem\",\"position\":1,\"name\":\"Portada\",\"item\":\"https:\/\/yaomarket.cl\/\"},{\"@type\":\"ListItem\",\"position\":2,\"name\":\"TIENDA\",\"item\":\"https:\/\/yaomarket.cl\/?page_id=8\"},{\"@type\":\"ListItem\",\"position\":3,\"name\":\"Astaxantina Antioxidante 90 c\u00e1psulas\"}]},{\"@type\":\"WebSite\",\"@id\":\"https:\/\/yaomarket.cl\/#website\",\"url\":\"https:\/\/yaomarket.cl\/\",\"name\":\"YAOMARKET\",\"description\":\"\",\"publisher\":{\"@id\":\"https:\/\/yaomarket.cl\/#organization\"},\"potentialAction\":[{\"@type\":\"SearchAction\",\"target\":{\"@type\":\"EntryPoint\",\"urlTemplate\":\"https:\/\/yaomarket.cl\/?s={search_term_string}\"},\"query-input\":{\"@type\":\"PropertyValueSpecification\",\"valueRequired\":true,\"valueName\":\"search_term_string\"}}],\"inLanguage\":\"es\"},{\"@type\":\"Organization\",\"@id\":\"https:\/\/yaomarket.cl\/#organization\",\"name\":\"YAOMARKET\",\"url\":\"https:\/\/yaomarket.cl\/\",\"logo\":{\"@type\":\"ImageObject\",\"inLanguage\":\"es\",\"@id\":\"https:\/\/yaomarket.cl\/#\/schema\/logo\/image\/\",\"url\":\"https:\/\/yaomarket.cl\/wp-content\/uploads\/2023\/08\/Logo-Original-Yao-Market-Circular.png\",\"contentUrl\":\"https:\/\/yaomarket.cl\/wp-content\/uploads\/2023\/08\/Logo-Original-Yao-Market-Circular.png\",\"width\":522,\"height\":522,\"caption\":\"YAOMARKET\"},\"image\":{\"@id\":\"https:\/\/yaomarket.cl\/#\/schema\/logo\/image\/\"},\"sameAs\":[\"https:\/\/www.facebook.com\/yaomarketchile\/\",\"https:\/\/www.instagram.com\/yao_market\/\"]}]}<\/script>\n<!-- \/ Yoast SEO plugin. -->","yoast_head_json":{"title":"Astaxantina Antioxidante 90 c\u00e1psulas - YAOMARKET","robots":{"index":"index","follow":"follow","max-snippet":"max-snippet:-1","max-image-preview":"max-image-preview:large","max-video-preview":"max-video-preview:-1"},"canonical":"https:\/\/yaomarket.cl\/?product=astaxantina-antioxidante-90-capsulas","og_locale":"es_ES","og_type":"article","og_title":"Astaxantina Antioxidante 90 c\u00e1psulas - YAOMARKET","og_description":"Astaxantina antioxidante 90 caps. de Winkler Nutrition:   Poderoso antioxidante  Aumenta la resistencia f\u00edsica  Beneficia la salud cardiovascular  Reducci\u00f3n de Triglic\u00e9ridos  Beneficia la funci\u00f3n inmunol\u00f3gica  Beneficia el estado de la piel y la vista  Potente antiinflamatorio natural  Favorece los procesos de recuperaci\u00f3n en artritis y asma  Formato: C\u00e1psulas  Contenido: 90 c\u00e1psulas  Porciones: 90","og_url":"https:\/\/yaomarket.cl\/?product=astaxantina-antioxidante-90-capsulas","og_site_name":"YAOMARKET","article_publisher":"https:\/\/www.facebook.com\/yaomarketchile\/","article_modified_time":"2025-04-25T04:32:49+00:00","og_image":[{"width":600,"height":600,"url":"https:\/\/yaomarket.cl\/wp-content\/uploads\/2025\/02\/Astaxantina_600px-1-1-1.jpg","type":"image\/jpeg"}],"twitter_card":"summary_large_image","twitter_misc":{"Tiempo de lectura":"2 minutos"},"schema":{"@context":"https:\/\/schema.org","@graph":[{"@type":"WebPage","@id":"https:\/\/yaomarket.cl\/?product=astaxantina-antioxidante-90-capsulas","url":"https:\/\/yaomarket.cl\/?product=astaxantina-antioxidante-90-capsulas","name":"Astaxantina Antioxidante 90 c\u00e1psulas - YAOMARKET","isPartOf":{"@id":"https:\/\/yaomarket.cl\/#website"},"primaryImageOfPage":{"@id":"https:\/\/yaomarket.cl\/?product=astaxantina-antioxidante-90-capsulas#primaryimage"},"image":{"@id":"https:\/\/yaomarket.cl\/?product=astaxantina-antioxidante-90-capsulas#primaryimage"},"thumbnailUrl":"https:\/\/yaomarket.cl\/wp-content\/uploads\/2025\/02\/Astaxantina_600px-1-1-1.jpg","datePublished":"2025-02-26T04:05:03+00:00","dateModified":"2025-04-25T04:32:49+00:00","breadcrumb":{"@id":"https:\/\/yaomarket.cl\/?product=astaxantina-antioxidante-90-capsulas#breadcrumb"},"inLanguage":"es","potentialAction":[{"@type":"ReadAction","target":["https:\/\/yaomarket.cl\/?product=astaxantina-antioxidante-90-capsulas"]}]},{"@type":"ImageObject","inLanguage":"es","@id":"https:\/\/yaomarket.cl\/?product=astaxantina-antioxidante-90-capsulas#primaryimage","url":"https:\/\/yaomarket.cl\/wp-content\/uploads\/2025\/02\/Astaxantina_600px-1-1-1.jpg","contentUrl":"https:\/\/yaomarket.cl\/wp-content\/uploads\/2025\/02\/Astaxantina_600px-1-1-1.jpg","width":600,"height":600},{"@type":"BreadcrumbList","@id":"https:\/\/yaomarket.cl\/?product=astaxantina-antioxidante-90-capsulas#breadcrumb","itemListElement":[{"@type":"ListItem","position":1,"name":"Portada","item":"https:\/\/yaomarket.cl\/"},{"@type":"ListItem","position":2,"name":"TIENDA","item":"https:\/\/yaomarket.cl\/?page_id=8"},{"@type":"ListItem","position":3,"name":"Astaxantina Antioxidante 90 c\u00e1psulas"}]},{"@type":"WebSite","@id":"https:\/\/yaomarket.cl\/#website","url":"https:\/\/yaomarket.cl\/","name":"YAOMARKET","description":"","publisher":{"@id":"https:\/\/yaomarket.cl\/#organization"},"potentialAction":[{"@type":"SearchAction","target":{"@type":"EntryPoint","urlTemplate":"https:\/\/yaomarket.cl\/?s={search_term_string}"},"query-input":{"@type":"PropertyValueSpecification","valueRequired":true,"valueName":"search_term_string"}}],"inLanguage":"es"},{"@type":"Organization","@id":"https:\/\/yaomarket.cl\/#organization","name":"YAOMARKET","url":"https:\/\/yaomarket.cl\/","logo":{"@type":"ImageObject","inLanguage":"es","@id":"https:\/\/yaomarket.cl\/#\/schema\/logo\/image\/","url":"https:\/\/yaomarket.cl\/wp-content\/uploads\/2023\/08\/Logo-Original-Yao-Market-Circular.png","contentUrl":"https:\/\/yaomarket.cl\/wp-content\/uploads\/2023\/08\/Logo-Original-Yao-Market-Circular.png","width":522,"height":522,"caption":"YAOMARKET"},"image":{"@id":"https:\/\/yaomarket.cl\/#\/schema\/logo\/image\/"},"sameAs":["https:\/\/www.facebook.com\/yaomarketchile\/","https:\/\/www.instagram.com\/yao_market\/"]}]}},"_links":{"self":[{"href":"https:\/\/yaomarket.cl\/index.php?rest_route=\/wp\/v2\/product\/11315","targetHints":{"allow":["GET"]}}],"collection":[{"href":"https:\/\/yaomarket.cl\/index.php?rest_route=\/wp\/v2\/product"}],"about":[{"href":"https:\/\/yaomarket.cl\/index.php?rest_route=\/wp\/v2\/types\/product"}],"wp:featuredmedia":[{"embeddable":true,"href":"https:\/\/yaomarket.cl\/index.php?rest_route=\/wp\/v2\/media\/11316"}],"wp:attachment":[{"href":"https:\/\/yaomarket.cl\/index.php?rest_route=%2Fwp%2Fv2%2Fmedia&parent=11315"}],"wp:term":[{"taxonomy":"product_cat","embeddable":true,"href":"https:\/\/yaomarket.cl\/index.php?rest_route=%2Fwp%2Fv2%2Fproduct_cat&post=11315"},{"taxonomy":"product_tag","embeddable":true,"href":"https:\/\/yaomarket.cl\/index.php?rest_route=%2Fwp%2Fv2%2Fproduct_tag&post=11315"}],"curies":[{"name":"wp","href":"https:\/\/api.w.org\/{rel}","templated":true}]}}