{"id":11299,"date":"2025-02-26T03:53:55","date_gmt":"2025-02-26T03:53:55","guid":{"rendered":"https:\/\/yaomarket.cl\/?post_type=product&#038;p=11299"},"modified":"2025-04-25T04:37:05","modified_gmt":"2025-04-25T04:37:05","slug":"vitamina-c-800mg-120-capsulas","status":"publish","type":"product","link":"https:\/\/yaomarket.cl\/?product=vitamina-c-800mg-120-capsulas","title":{"rendered":"Vitamina C 800mg 120 c\u00e1psulas"},"content":{"rendered":"<h3><span style=\"color: #000000;\">Vitamina C 800mg 120 c\u00e1psulas<\/span><\/h3>\n<p><span style=\"color: #000000;\">Vitta C es un suplemento elaborado en base a \u00c1cido Asc\u00f3rbico (Vitamina C), el cual participa de importantes procesos en nuestro organismo, a\u00fan m\u00e1s cuando ejecutamos ejercicio de manera diaria. Participa en la s\u00edntesis de col\u00e1geno, tejido fundamental para nuestro cuerpo, el cual se ve afectado diariamente cada vez que entrenamos, un 25% de las prote\u00ednas de nuestro cuerpo son Col\u00e1geno, por lo tanto, es vital favorecer su reparaci\u00f3n. Es de vital importancia para aquellos que realizan entrenamientos aer\u00f3bicos, ya que ayuda a mejorar la absorci\u00f3n de Hierro, ayuda a regular el metabolismo del \u00e1cido f\u00f3lico y participa como antioxidante ante la elevada formaci\u00f3n de radicales libres que el entrenamiento aer\u00f3bico genera. Por esta raz\u00f3n es que es muy importante cumplir con los requerimientos diarios de Vitamina C (los que se ven aumentados por el ejercicio), siendo Vitta-C una muy buena alternativa para alcanzarlos.<\/span><\/p>\n","protected":false},"excerpt":{"rendered":"<h4><span style=\"color: #000000;\">Vitamina C 800mg 120 c\u00e1psulas<\/span><\/h4>\n<ul>\n<li><span style=\"color: #000000;\">Ayuda en la s\u00edntesis del col\u00e1geno<\/span><\/li>\n<li><span style=\"color: #000000;\">Mejora absorci\u00f3n de Hierro<\/span><\/li>\n<li><span style=\"color: #000000;\">Regula el metabolismo del \u00e1cido f\u00f3lico<\/span><\/li>\n<li><span style=\"color: #000000;\">Participa como antioxidante ante la elevada formaci\u00f3n de radicales libres<\/span><\/li>\n<\/ul>\n<p><span style=\"color: #000000;\">Formato: C\u00e1psulas<\/span><\/p>\n<p><span style=\"color: #000000;\">Contenido: 120<\/span><\/p>\n<p><span style=\"color: #000000;\">Porciones: 120<\/span><\/p>\n<p><span style=\"color: #000000;\">Modo de uso: Consumir una c\u00e1psula al d\u00eda con un vaso de agua, de preferencia despu\u00e9s de entrenar o antes de dormir o lo prescrito por tu nutricionista.<\/span><\/p>\n","protected":false},"featured_media":11300,"template":"","meta":[],"product_cat":[670],"product_tag":[],"class_list":{"0":"post-11299","1":"product","2":"type-product","3":"status-publish","4":"has-post-thumbnail","6":"product_cat-vitaminas-y-minerales","8":"first","9":"instock","10":"shipping-taxable","11":"purchasable","12":"product-type-simple"},"yoast_head":"<!-- This site is optimized with the Yoast SEO plugin v25.2 - https:\/\/yoast.com\/wordpress\/plugins\/seo\/ -->\n<title>Vitamina C 800mg 120 c\u00e1psulas - YAOMARKET<\/title>\n<meta name=\"robots\" content=\"index, follow, max-snippet:-1, max-image-preview:large, max-video-preview:-1\" \/>\n<link rel=\"canonical\" href=\"https:\/\/yaomarket.cl\/?product=vitamina-c-800mg-120-capsulas\" \/>\n<meta property=\"og:locale\" content=\"es_ES\" \/>\n<meta property=\"og:type\" content=\"article\" \/>\n<meta property=\"og:title\" content=\"Vitamina C 800mg 120 c\u00e1psulas - YAOMARKET\" \/>\n<meta property=\"og:description\" content=\"Vitamina C 800mg 120 c\u00e1psulas   Ayuda en la s\u00edntesis del col\u00e1geno  Mejora absorci\u00f3n de Hierro  Regula el metabolismo del \u00e1cido f\u00f3lico  Participa como antioxidante ante la elevada formaci\u00f3n de radicales libres  Formato: C\u00e1psulas  Contenido: 120  Porciones: 120  Modo de uso: Consumir una c\u00e1psula al d\u00eda con un vaso de agua, de preferencia despu\u00e9s de entrenar o antes de dormir o lo prescrito por tu nutricionista.\" \/>\n<meta property=\"og:url\" content=\"https:\/\/yaomarket.cl\/?product=vitamina-c-800mg-120-capsulas\" \/>\n<meta property=\"og:site_name\" content=\"YAOMARKET\" \/>\n<meta property=\"article:publisher\" content=\"https:\/\/www.facebook.com\/yaomarketchile\/\" \/>\n<meta property=\"article:modified_time\" content=\"2025-04-25T04:37:05+00:00\" \/>\n<meta property=\"og:image\" content=\"https:\/\/yaomarket.cl\/wp-content\/uploads\/2025\/02\/VittaC_600px-2.jpg\" \/>\n\t<meta property=\"og:image:width\" content=\"600\" \/>\n\t<meta property=\"og:image:height\" content=\"600\" \/>\n\t<meta property=\"og:image:type\" content=\"image\/jpeg\" \/>\n<meta name=\"twitter:card\" content=\"summary_large_image\" \/>\n<meta name=\"twitter:label1\" content=\"Tiempo de lectura\" \/>\n\t<meta name=\"twitter:data1\" content=\"1 minuto\" \/>\n<script type=\"application\/ld+json\" class=\"yoast-schema-graph\">{\"@context\":\"https:\/\/schema.org\",\"@graph\":[{\"@type\":\"WebPage\",\"@id\":\"https:\/\/yaomarket.cl\/?product=vitamina-c-800mg-120-capsulas\",\"url\":\"https:\/\/yaomarket.cl\/?product=vitamina-c-800mg-120-capsulas\",\"name\":\"Vitamina C 800mg 120 c\u00e1psulas - YAOMARKET\",\"isPartOf\":{\"@id\":\"https:\/\/yaomarket.cl\/#website\"},\"primaryImageOfPage\":{\"@id\":\"https:\/\/yaomarket.cl\/?product=vitamina-c-800mg-120-capsulas#primaryimage\"},\"image\":{\"@id\":\"https:\/\/yaomarket.cl\/?product=vitamina-c-800mg-120-capsulas#primaryimage\"},\"thumbnailUrl\":\"https:\/\/yaomarket.cl\/wp-content\/uploads\/2025\/02\/VittaC_600px-2.jpg\",\"datePublished\":\"2025-02-26T03:53:55+00:00\",\"dateModified\":\"2025-04-25T04:37:05+00:00\",\"breadcrumb\":{\"@id\":\"https:\/\/yaomarket.cl\/?product=vitamina-c-800mg-120-capsulas#breadcrumb\"},\"inLanguage\":\"es\",\"potentialAction\":[{\"@type\":\"ReadAction\",\"target\":[\"https:\/\/yaomarket.cl\/?product=vitamina-c-800mg-120-capsulas\"]}]},{\"@type\":\"ImageObject\",\"inLanguage\":\"es\",\"@id\":\"https:\/\/yaomarket.cl\/?product=vitamina-c-800mg-120-capsulas#primaryimage\",\"url\":\"https:\/\/yaomarket.cl\/wp-content\/uploads\/2025\/02\/VittaC_600px-2.jpg\",\"contentUrl\":\"https:\/\/yaomarket.cl\/wp-content\/uploads\/2025\/02\/VittaC_600px-2.jpg\",\"width\":600,\"height\":600},{\"@type\":\"BreadcrumbList\",\"@id\":\"https:\/\/yaomarket.cl\/?product=vitamina-c-800mg-120-capsulas#breadcrumb\",\"itemListElement\":[{\"@type\":\"ListItem\",\"position\":1,\"name\":\"Portada\",\"item\":\"https:\/\/yaomarket.cl\/\"},{\"@type\":\"ListItem\",\"position\":2,\"name\":\"TIENDA\",\"item\":\"https:\/\/yaomarket.cl\/?page_id=8\"},{\"@type\":\"ListItem\",\"position\":3,\"name\":\"Vitamina C 800mg 120 c\u00e1psulas\"}]},{\"@type\":\"WebSite\",\"@id\":\"https:\/\/yaomarket.cl\/#website\",\"url\":\"https:\/\/yaomarket.cl\/\",\"name\":\"YAOMARKET\",\"description\":\"\",\"publisher\":{\"@id\":\"https:\/\/yaomarket.cl\/#organization\"},\"potentialAction\":[{\"@type\":\"SearchAction\",\"target\":{\"@type\":\"EntryPoint\",\"urlTemplate\":\"https:\/\/yaomarket.cl\/?s={search_term_string}\"},\"query-input\":{\"@type\":\"PropertyValueSpecification\",\"valueRequired\":true,\"valueName\":\"search_term_string\"}}],\"inLanguage\":\"es\"},{\"@type\":\"Organization\",\"@id\":\"https:\/\/yaomarket.cl\/#organization\",\"name\":\"YAOMARKET\",\"url\":\"https:\/\/yaomarket.cl\/\",\"logo\":{\"@type\":\"ImageObject\",\"inLanguage\":\"es\",\"@id\":\"https:\/\/yaomarket.cl\/#\/schema\/logo\/image\/\",\"url\":\"https:\/\/yaomarket.cl\/wp-content\/uploads\/2023\/08\/Logo-Original-Yao-Market-Circular.png\",\"contentUrl\":\"https:\/\/yaomarket.cl\/wp-content\/uploads\/2023\/08\/Logo-Original-Yao-Market-Circular.png\",\"width\":522,\"height\":522,\"caption\":\"YAOMARKET\"},\"image\":{\"@id\":\"https:\/\/yaomarket.cl\/#\/schema\/logo\/image\/\"},\"sameAs\":[\"https:\/\/www.facebook.com\/yaomarketchile\/\",\"https:\/\/www.instagram.com\/yao_market\/\"]}]}<\/script>\n<!-- \/ Yoast SEO plugin. -->","yoast_head_json":{"title":"Vitamina C 800mg 120 c\u00e1psulas - YAOMARKET","robots":{"index":"index","follow":"follow","max-snippet":"max-snippet:-1","max-image-preview":"max-image-preview:large","max-video-preview":"max-video-preview:-1"},"canonical":"https:\/\/yaomarket.cl\/?product=vitamina-c-800mg-120-capsulas","og_locale":"es_ES","og_type":"article","og_title":"Vitamina C 800mg 120 c\u00e1psulas - YAOMARKET","og_description":"Vitamina C 800mg 120 c\u00e1psulas   Ayuda en la s\u00edntesis del col\u00e1geno  Mejora absorci\u00f3n de Hierro  Regula el metabolismo del \u00e1cido f\u00f3lico  Participa como antioxidante ante la elevada formaci\u00f3n de radicales libres  Formato: C\u00e1psulas  Contenido: 120  Porciones: 120  Modo de uso: Consumir una c\u00e1psula al d\u00eda con un vaso de agua, de preferencia despu\u00e9s de entrenar o antes de dormir o lo prescrito por tu nutricionista.","og_url":"https:\/\/yaomarket.cl\/?product=vitamina-c-800mg-120-capsulas","og_site_name":"YAOMARKET","article_publisher":"https:\/\/www.facebook.com\/yaomarketchile\/","article_modified_time":"2025-04-25T04:37:05+00:00","og_image":[{"width":600,"height":600,"url":"https:\/\/yaomarket.cl\/wp-content\/uploads\/2025\/02\/VittaC_600px-2.jpg","type":"image\/jpeg"}],"twitter_card":"summary_large_image","twitter_misc":{"Tiempo de lectura":"1 minuto"},"schema":{"@context":"https:\/\/schema.org","@graph":[{"@type":"WebPage","@id":"https:\/\/yaomarket.cl\/?product=vitamina-c-800mg-120-capsulas","url":"https:\/\/yaomarket.cl\/?product=vitamina-c-800mg-120-capsulas","name":"Vitamina C 800mg 120 c\u00e1psulas - YAOMARKET","isPartOf":{"@id":"https:\/\/yaomarket.cl\/#website"},"primaryImageOfPage":{"@id":"https:\/\/yaomarket.cl\/?product=vitamina-c-800mg-120-capsulas#primaryimage"},"image":{"@id":"https:\/\/yaomarket.cl\/?product=vitamina-c-800mg-120-capsulas#primaryimage"},"thumbnailUrl":"https:\/\/yaomarket.cl\/wp-content\/uploads\/2025\/02\/VittaC_600px-2.jpg","datePublished":"2025-02-26T03:53:55+00:00","dateModified":"2025-04-25T04:37:05+00:00","breadcrumb":{"@id":"https:\/\/yaomarket.cl\/?product=vitamina-c-800mg-120-capsulas#breadcrumb"},"inLanguage":"es","potentialAction":[{"@type":"ReadAction","target":["https:\/\/yaomarket.cl\/?product=vitamina-c-800mg-120-capsulas"]}]},{"@type":"ImageObject","inLanguage":"es","@id":"https:\/\/yaomarket.cl\/?product=vitamina-c-800mg-120-capsulas#primaryimage","url":"https:\/\/yaomarket.cl\/wp-content\/uploads\/2025\/02\/VittaC_600px-2.jpg","contentUrl":"https:\/\/yaomarket.cl\/wp-content\/uploads\/2025\/02\/VittaC_600px-2.jpg","width":600,"height":600},{"@type":"BreadcrumbList","@id":"https:\/\/yaomarket.cl\/?product=vitamina-c-800mg-120-capsulas#breadcrumb","itemListElement":[{"@type":"ListItem","position":1,"name":"Portada","item":"https:\/\/yaomarket.cl\/"},{"@type":"ListItem","position":2,"name":"TIENDA","item":"https:\/\/yaomarket.cl\/?page_id=8"},{"@type":"ListItem","position":3,"name":"Vitamina C 800mg 120 c\u00e1psulas"}]},{"@type":"WebSite","@id":"https:\/\/yaomarket.cl\/#website","url":"https:\/\/yaomarket.cl\/","name":"YAOMARKET","description":"","publisher":{"@id":"https:\/\/yaomarket.cl\/#organization"},"potentialAction":[{"@type":"SearchAction","target":{"@type":"EntryPoint","urlTemplate":"https:\/\/yaomarket.cl\/?s={search_term_string}"},"query-input":{"@type":"PropertyValueSpecification","valueRequired":true,"valueName":"search_term_string"}}],"inLanguage":"es"},{"@type":"Organization","@id":"https:\/\/yaomarket.cl\/#organization","name":"YAOMARKET","url":"https:\/\/yaomarket.cl\/","logo":{"@type":"ImageObject","inLanguage":"es","@id":"https:\/\/yaomarket.cl\/#\/schema\/logo\/image\/","url":"https:\/\/yaomarket.cl\/wp-content\/uploads\/2023\/08\/Logo-Original-Yao-Market-Circular.png","contentUrl":"https:\/\/yaomarket.cl\/wp-content\/uploads\/2023\/08\/Logo-Original-Yao-Market-Circular.png","width":522,"height":522,"caption":"YAOMARKET"},"image":{"@id":"https:\/\/yaomarket.cl\/#\/schema\/logo\/image\/"},"sameAs":["https:\/\/www.facebook.com\/yaomarketchile\/","https:\/\/www.instagram.com\/yao_market\/"]}]}},"_links":{"self":[{"href":"https:\/\/yaomarket.cl\/index.php?rest_route=\/wp\/v2\/product\/11299","targetHints":{"allow":["GET"]}}],"collection":[{"href":"https:\/\/yaomarket.cl\/index.php?rest_route=\/wp\/v2\/product"}],"about":[{"href":"https:\/\/yaomarket.cl\/index.php?rest_route=\/wp\/v2\/types\/product"}],"wp:featuredmedia":[{"embeddable":true,"href":"https:\/\/yaomarket.cl\/index.php?rest_route=\/wp\/v2\/media\/11300"}],"wp:attachment":[{"href":"https:\/\/yaomarket.cl\/index.php?rest_route=%2Fwp%2Fv2%2Fmedia&parent=11299"}],"wp:term":[{"taxonomy":"product_cat","embeddable":true,"href":"https:\/\/yaomarket.cl\/index.php?rest_route=%2Fwp%2Fv2%2Fproduct_cat&post=11299"},{"taxonomy":"product_tag","embeddable":true,"href":"https:\/\/yaomarket.cl\/index.php?rest_route=%2Fwp%2Fv2%2Fproduct_tag&post=11299"}],"curies":[{"name":"wp","href":"https:\/\/api.w.org\/{rel}","templated":true}]}}