{"id":11278,"date":"2025-02-26T03:32:40","date_gmt":"2025-02-26T03:32:40","guid":{"rendered":"https:\/\/yaomarket.cl\/?post_type=product&#038;p=11278"},"modified":"2025-06-09T21:40:03","modified_gmt":"2025-06-09T21:40:03","slug":"fibra-de-manzana-200-grs-20-servicios","status":"publish","type":"product","link":"https:\/\/yaomarket.cl\/?product=fibra-de-manzana-200-grs-20-servicios","title":{"rendered":"Fibra de Manzana 200 grs. 20 servicios"},"content":{"rendered":"<p><span style=\"color: #000000;\">La fibra de manzana de Revitta Wellness es un regulador del tr\u00e1nsito digestivo, totalmente natural, elaborado a partir de fibra de c\u00e1scara de manzana. Este alimento nos permite hacer un producto con las cantidades necesarias de fibra recomendada para combatir naturalmente los problemas como el estre\u00f1imiento.<\/span><\/p>\n","protected":false},"excerpt":{"rendered":"<ul>\n<li><span style=\"color: #000000;\">100% fibra de manzana<\/span><\/li>\n<li><span style=\"color: #000000;\">Combatir problemas de estre\u00f1imiento<\/span><\/li>\n<li><span style=\"color: #000000;\">Regulador del tr\u00e1nsito digestivo<\/span><\/li>\n<li><span style=\"color: #000000;\">Sin az\u00facar a\u00f1adida<\/span><\/li>\n<\/ul>\n<p><span style=\"color: #000000;\">Formato: Polvo<\/span><\/p>\n<p><span style=\"color: #000000;\">Contenido: 200 grs.<\/span><\/p>\n<p><span style=\"color: #000000;\">Porciones: 20<\/span><\/p>\n","protected":false},"featured_media":11279,"template":"","meta":[],"product_cat":[722,534,536,726],"product_tag":[],"class_list":{"0":"post-11278","1":"product","2":"type-product","3":"status-publish","4":"has-post-thumbnail","6":"product_cat-alimentos-saludables","7":"product_cat-deportista","8":"product_cat-energia-y-resistencia","9":"product_cat-super-alimentos","11":"first","12":"instock","13":"shipping-taxable","14":"purchasable","15":"product-type-simple"},"yoast_head":"<!-- This site is optimized with the Yoast SEO plugin v25.2 - https:\/\/yoast.com\/wordpress\/plugins\/seo\/ -->\n<title>Fibra de Manzana 200 grs. 20 servicios - YAOMARKET<\/title>\n<meta name=\"robots\" content=\"index, follow, max-snippet:-1, max-image-preview:large, max-video-preview:-1\" \/>\n<link rel=\"canonical\" href=\"https:\/\/yaomarket.cl\/?product=fibra-de-manzana-200-grs-20-servicios\" \/>\n<meta property=\"og:locale\" content=\"es_ES\" \/>\n<meta property=\"og:type\" content=\"article\" \/>\n<meta property=\"og:title\" content=\"Fibra de Manzana 200 grs. 20 servicios - YAOMARKET\" \/>\n<meta property=\"og:description\" content=\"100% fibra de manzana  Combatir problemas de estre\u00f1imiento  Regulador del tr\u00e1nsito digestivo  Sin az\u00facar a\u00f1adida  Formato: Polvo  Contenido: 200 grs.  Porciones: 20\" \/>\n<meta property=\"og:url\" content=\"https:\/\/yaomarket.cl\/?product=fibra-de-manzana-200-grs-20-servicios\" \/>\n<meta property=\"og:site_name\" content=\"YAOMARKET\" \/>\n<meta property=\"article:publisher\" content=\"https:\/\/www.facebook.com\/yaomarketchile\/\" \/>\n<meta property=\"article:modified_time\" content=\"2025-06-09T21:40:03+00:00\" \/>\n<meta property=\"og:image\" content=\"https:\/\/yaomarket.cl\/wp-content\/uploads\/2025\/02\/Fibra1_600px-1.jpg\" \/>\n\t<meta property=\"og:image:width\" content=\"600\" \/>\n\t<meta property=\"og:image:height\" content=\"600\" \/>\n\t<meta property=\"og:image:type\" content=\"image\/jpeg\" \/>\n<meta name=\"twitter:card\" content=\"summary_large_image\" \/>\n<meta name=\"twitter:label1\" content=\"Tiempo de lectura\" \/>\n\t<meta name=\"twitter:data1\" content=\"1 minuto\" \/>\n<script type=\"application\/ld+json\" class=\"yoast-schema-graph\">{\"@context\":\"https:\/\/schema.org\",\"@graph\":[{\"@type\":\"WebPage\",\"@id\":\"https:\/\/yaomarket.cl\/?product=fibra-de-manzana-200-grs-20-servicios\",\"url\":\"https:\/\/yaomarket.cl\/?product=fibra-de-manzana-200-grs-20-servicios\",\"name\":\"Fibra de Manzana 200 grs. 20 servicios - YAOMARKET\",\"isPartOf\":{\"@id\":\"https:\/\/yaomarket.cl\/#website\"},\"primaryImageOfPage\":{\"@id\":\"https:\/\/yaomarket.cl\/?product=fibra-de-manzana-200-grs-20-servicios#primaryimage\"},\"image\":{\"@id\":\"https:\/\/yaomarket.cl\/?product=fibra-de-manzana-200-grs-20-servicios#primaryimage\"},\"thumbnailUrl\":\"https:\/\/yaomarket.cl\/wp-content\/uploads\/2025\/02\/Fibra1_600px-1.jpg\",\"datePublished\":\"2025-02-26T03:32:40+00:00\",\"dateModified\":\"2025-06-09T21:40:03+00:00\",\"breadcrumb\":{\"@id\":\"https:\/\/yaomarket.cl\/?product=fibra-de-manzana-200-grs-20-servicios#breadcrumb\"},\"inLanguage\":\"es\",\"potentialAction\":[{\"@type\":\"ReadAction\",\"target\":[\"https:\/\/yaomarket.cl\/?product=fibra-de-manzana-200-grs-20-servicios\"]}]},{\"@type\":\"ImageObject\",\"inLanguage\":\"es\",\"@id\":\"https:\/\/yaomarket.cl\/?product=fibra-de-manzana-200-grs-20-servicios#primaryimage\",\"url\":\"https:\/\/yaomarket.cl\/wp-content\/uploads\/2025\/02\/Fibra1_600px-1.jpg\",\"contentUrl\":\"https:\/\/yaomarket.cl\/wp-content\/uploads\/2025\/02\/Fibra1_600px-1.jpg\",\"width\":600,\"height\":600},{\"@type\":\"BreadcrumbList\",\"@id\":\"https:\/\/yaomarket.cl\/?product=fibra-de-manzana-200-grs-20-servicios#breadcrumb\",\"itemListElement\":[{\"@type\":\"ListItem\",\"position\":1,\"name\":\"Portada\",\"item\":\"https:\/\/yaomarket.cl\/\"},{\"@type\":\"ListItem\",\"position\":2,\"name\":\"TIENDA\",\"item\":\"https:\/\/yaomarket.cl\/?page_id=8\"},{\"@type\":\"ListItem\",\"position\":3,\"name\":\"Fibra de Manzana 200 grs. 20 servicios\"}]},{\"@type\":\"WebSite\",\"@id\":\"https:\/\/yaomarket.cl\/#website\",\"url\":\"https:\/\/yaomarket.cl\/\",\"name\":\"YAOMARKET\",\"description\":\"\",\"publisher\":{\"@id\":\"https:\/\/yaomarket.cl\/#organization\"},\"potentialAction\":[{\"@type\":\"SearchAction\",\"target\":{\"@type\":\"EntryPoint\",\"urlTemplate\":\"https:\/\/yaomarket.cl\/?s={search_term_string}\"},\"query-input\":{\"@type\":\"PropertyValueSpecification\",\"valueRequired\":true,\"valueName\":\"search_term_string\"}}],\"inLanguage\":\"es\"},{\"@type\":\"Organization\",\"@id\":\"https:\/\/yaomarket.cl\/#organization\",\"name\":\"YAOMARKET\",\"url\":\"https:\/\/yaomarket.cl\/\",\"logo\":{\"@type\":\"ImageObject\",\"inLanguage\":\"es\",\"@id\":\"https:\/\/yaomarket.cl\/#\/schema\/logo\/image\/\",\"url\":\"https:\/\/yaomarket.cl\/wp-content\/uploads\/2023\/08\/Logo-Original-Yao-Market-Circular.png\",\"contentUrl\":\"https:\/\/yaomarket.cl\/wp-content\/uploads\/2023\/08\/Logo-Original-Yao-Market-Circular.png\",\"width\":522,\"height\":522,\"caption\":\"YAOMARKET\"},\"image\":{\"@id\":\"https:\/\/yaomarket.cl\/#\/schema\/logo\/image\/\"},\"sameAs\":[\"https:\/\/www.facebook.com\/yaomarketchile\/\",\"https:\/\/www.instagram.com\/yao_market\/\"]}]}<\/script>\n<!-- \/ Yoast SEO plugin. -->","yoast_head_json":{"title":"Fibra de Manzana 200 grs. 20 servicios - YAOMARKET","robots":{"index":"index","follow":"follow","max-snippet":"max-snippet:-1","max-image-preview":"max-image-preview:large","max-video-preview":"max-video-preview:-1"},"canonical":"https:\/\/yaomarket.cl\/?product=fibra-de-manzana-200-grs-20-servicios","og_locale":"es_ES","og_type":"article","og_title":"Fibra de Manzana 200 grs. 20 servicios - YAOMARKET","og_description":"100% fibra de manzana  Combatir problemas de estre\u00f1imiento  Regulador del tr\u00e1nsito digestivo  Sin az\u00facar a\u00f1adida  Formato: Polvo  Contenido: 200 grs.  Porciones: 20","og_url":"https:\/\/yaomarket.cl\/?product=fibra-de-manzana-200-grs-20-servicios","og_site_name":"YAOMARKET","article_publisher":"https:\/\/www.facebook.com\/yaomarketchile\/","article_modified_time":"2025-06-09T21:40:03+00:00","og_image":[{"width":600,"height":600,"url":"https:\/\/yaomarket.cl\/wp-content\/uploads\/2025\/02\/Fibra1_600px-1.jpg","type":"image\/jpeg"}],"twitter_card":"summary_large_image","twitter_misc":{"Tiempo de lectura":"1 minuto"},"schema":{"@context":"https:\/\/schema.org","@graph":[{"@type":"WebPage","@id":"https:\/\/yaomarket.cl\/?product=fibra-de-manzana-200-grs-20-servicios","url":"https:\/\/yaomarket.cl\/?product=fibra-de-manzana-200-grs-20-servicios","name":"Fibra de Manzana 200 grs. 20 servicios - YAOMARKET","isPartOf":{"@id":"https:\/\/yaomarket.cl\/#website"},"primaryImageOfPage":{"@id":"https:\/\/yaomarket.cl\/?product=fibra-de-manzana-200-grs-20-servicios#primaryimage"},"image":{"@id":"https:\/\/yaomarket.cl\/?product=fibra-de-manzana-200-grs-20-servicios#primaryimage"},"thumbnailUrl":"https:\/\/yaomarket.cl\/wp-content\/uploads\/2025\/02\/Fibra1_600px-1.jpg","datePublished":"2025-02-26T03:32:40+00:00","dateModified":"2025-06-09T21:40:03+00:00","breadcrumb":{"@id":"https:\/\/yaomarket.cl\/?product=fibra-de-manzana-200-grs-20-servicios#breadcrumb"},"inLanguage":"es","potentialAction":[{"@type":"ReadAction","target":["https:\/\/yaomarket.cl\/?product=fibra-de-manzana-200-grs-20-servicios"]}]},{"@type":"ImageObject","inLanguage":"es","@id":"https:\/\/yaomarket.cl\/?product=fibra-de-manzana-200-grs-20-servicios#primaryimage","url":"https:\/\/yaomarket.cl\/wp-content\/uploads\/2025\/02\/Fibra1_600px-1.jpg","contentUrl":"https:\/\/yaomarket.cl\/wp-content\/uploads\/2025\/02\/Fibra1_600px-1.jpg","width":600,"height":600},{"@type":"BreadcrumbList","@id":"https:\/\/yaomarket.cl\/?product=fibra-de-manzana-200-grs-20-servicios#breadcrumb","itemListElement":[{"@type":"ListItem","position":1,"name":"Portada","item":"https:\/\/yaomarket.cl\/"},{"@type":"ListItem","position":2,"name":"TIENDA","item":"https:\/\/yaomarket.cl\/?page_id=8"},{"@type":"ListItem","position":3,"name":"Fibra de Manzana 200 grs. 20 servicios"}]},{"@type":"WebSite","@id":"https:\/\/yaomarket.cl\/#website","url":"https:\/\/yaomarket.cl\/","name":"YAOMARKET","description":"","publisher":{"@id":"https:\/\/yaomarket.cl\/#organization"},"potentialAction":[{"@type":"SearchAction","target":{"@type":"EntryPoint","urlTemplate":"https:\/\/yaomarket.cl\/?s={search_term_string}"},"query-input":{"@type":"PropertyValueSpecification","valueRequired":true,"valueName":"search_term_string"}}],"inLanguage":"es"},{"@type":"Organization","@id":"https:\/\/yaomarket.cl\/#organization","name":"YAOMARKET","url":"https:\/\/yaomarket.cl\/","logo":{"@type":"ImageObject","inLanguage":"es","@id":"https:\/\/yaomarket.cl\/#\/schema\/logo\/image\/","url":"https:\/\/yaomarket.cl\/wp-content\/uploads\/2023\/08\/Logo-Original-Yao-Market-Circular.png","contentUrl":"https:\/\/yaomarket.cl\/wp-content\/uploads\/2023\/08\/Logo-Original-Yao-Market-Circular.png","width":522,"height":522,"caption":"YAOMARKET"},"image":{"@id":"https:\/\/yaomarket.cl\/#\/schema\/logo\/image\/"},"sameAs":["https:\/\/www.facebook.com\/yaomarketchile\/","https:\/\/www.instagram.com\/yao_market\/"]}]}},"_links":{"self":[{"href":"https:\/\/yaomarket.cl\/index.php?rest_route=\/wp\/v2\/product\/11278","targetHints":{"allow":["GET"]}}],"collection":[{"href":"https:\/\/yaomarket.cl\/index.php?rest_route=\/wp\/v2\/product"}],"about":[{"href":"https:\/\/yaomarket.cl\/index.php?rest_route=\/wp\/v2\/types\/product"}],"wp:featuredmedia":[{"embeddable":true,"href":"https:\/\/yaomarket.cl\/index.php?rest_route=\/wp\/v2\/media\/11279"}],"wp:attachment":[{"href":"https:\/\/yaomarket.cl\/index.php?rest_route=%2Fwp%2Fv2%2Fmedia&parent=11278"}],"wp:term":[{"taxonomy":"product_cat","embeddable":true,"href":"https:\/\/yaomarket.cl\/index.php?rest_route=%2Fwp%2Fv2%2Fproduct_cat&post=11278"},{"taxonomy":"product_tag","embeddable":true,"href":"https:\/\/yaomarket.cl\/index.php?rest_route=%2Fwp%2Fv2%2Fproduct_tag&post=11278"}],"curies":[{"name":"wp","href":"https:\/\/api.w.org\/{rel}","templated":true}]}}