{"id":11270,"date":"2025-02-26T03:28:24","date_gmt":"2025-02-26T03:28:24","guid":{"rendered":"https:\/\/yaomarket.cl\/?post_type=product&#038;p=11270"},"modified":"2025-06-09T21:39:23","modified_gmt":"2025-06-09T21:39:23","slug":"curcuma-activada-pimienta-negra-200-grs","status":"publish","type":"product","link":"https:\/\/yaomarket.cl\/?product=curcuma-activada-pimienta-negra-200-grs","title":{"rendered":"C\u00farcuma Activada + Pimienta Negra 200 grs."},"content":{"rendered":"<p><span style=\"color: #000000;\"><strong>C\u00farcuma activada + Pimienta negra 200 grs.<\/strong><\/span><\/p>\n<p><span style=\"color: #000000;\"><strong>Potencia tu salud<\/strong><\/span><\/p>\n<p><span style=\"color: #000000;\">C\u00farcuma Activada + Pimienta negra 200 grs. de Revitta Wellness es un suplemento alimentario que proviene directamente de la naturaleza, con caracter\u00edsticas muy importantes para la salud tales como su potente efecto antioxidante y antiinflamatorio natural.<\/span><\/p>\n<p><span style=\"color: #000000;\"><strong>\u00bfC\u00farcuma y Pimienta?<\/strong><\/span><\/p>\n<p><span style=\"color: #000000;\">Este producto tiene en su composici\u00f3n C\u00farcuma y Pimienta negra. La Piperina, presente en la Pimienta negra, tiene la funci\u00f3n de mejorar la biodisponibilidad de la Curcumina, compuesto activo de la C\u00farcuma, para que pueda absorberse mejor en el organismo y, por ende, llevar a cabo sus funciones de la mejor manera.<\/span><\/p>\n<p><span style=\"color: #000000;\"><strong>Beneficios de consumir<\/strong><\/span><\/p>\n<p><span style=\"color: #000000;\"><strong>\u00a0\u00a0\u00a0<\/strong>Existes grandes beneficios que se atribuyen al consumo de C\u00farcuma, entre ellos, uno de los m\u00e1s importantes es su gran efecto antioxidante, lo que evita el da\u00f1o celular, promoviendo la salud y evitando el envejecimiento celular.<\/span><\/p>\n<p><span style=\"color: #000000;\">Otro de los efectos importantes de la C\u00farcuma es su acci\u00f3n antiinflamatoria, lo cual podr\u00eda ayudar a patolog\u00edas que involucren un estado de inflamaci\u00f3n cr\u00f3nica, procesos dolorosos o inflamaci\u00f3n post entrenamiento.<\/span><\/p>\n<p><span style=\"color: #000000;\">Un beneficio muy importante que podr\u00eda otorgar la C\u00farcuma es mejorar el sistema inmune, protegiendo contra las enfermedades, generando un bienestar generalizado.<\/span><\/p>\n<p><span style=\"color: #000000;\"><strong>C\u00farcuma en el deporte<\/strong><\/span><\/p>\n<p><span style=\"color: #000000;\"><strong>\u00a0\u00a0\u00a0<\/strong>Si bien la C\u00farcuma es un superalimento recomendado para potenciar la salud en toda la poblaci\u00f3n, podr\u00eda tener grandes beneficios en los deportistas gracias a su efecto antiinflamatorio, reduciendo los s\u00edntomas provocados por el da\u00f1o muscular producido por el ejercicio, actuando a nivel de interleuquinas proinflamatorias y algunos marcadores inflamatorios de da\u00f1o muscular, reduciendo la presencia de la inflamaci\u00f3n y, por lo tanto, mejorando la recuperaci\u00f3n post entrenamiento.<\/span><\/p>\n<p>&nbsp;<\/p>\n<p><span style=\"color: #000000;\"><strong>\u00bfC\u00f3mo consumir la c\u00farcuma activada de Revitta Wellness?<\/strong><\/span><\/p>\n<p><span style=\"color: #000000;\">Existen diversas formas en que podr\u00edas consumir la C\u00farcuma activada de Revitta Wellness, puedes incorporarla en tus batidos, en sopas o en la preparaci\u00f3n que prefieras; Puedes distribuir la dosis de 5 g durante el d\u00eda para aprovechar al m\u00e1ximo los grandes beneficios de este poderoso superalimento.<\/span><\/p>\n<p><span style=\"color: #000000;\">La C\u00farcuma activada con Pimienta Negra de Revitta Wellness es un excelente complemento para tu alimentaci\u00f3n, potenciadora de tu salud y bienestar, mejorando la calidad de vida y previniendo o mejorando patolog\u00edas que tengan involucrado principalmente un proceso inflamatorio. 5 gramos de C\u00farcuma activada en el d\u00eda y podr\u00e1s tener los m\u00faltiples beneficios de este maravilloso Superalimento.<\/span><\/p>\n","protected":false},"excerpt":{"rendered":"<p><span style=\"color: #000000;\"><strong>C\u00farcuma Activada + Pimienta negra 200 grs. de Revitta Wellness:<\/strong><\/span><\/p>\n<ul>\n<li><span style=\"color: #000000;\">Propiedades antiinflamatorias<\/span><\/li>\n<li><span style=\"color: #000000;\">Efecto antioxidante<\/span><\/li>\n<li><span style=\"color: #000000;\">Adici\u00f3n de Pimienta negra (absorbe mejor la c\u00farcuma)<\/span><\/li>\n<li><span style=\"color: #000000;\">Mejora sistema inmune<\/span><\/li>\n<li><span style=\"color: #000000;\">Soporte Salud General<\/span><\/li>\n<\/ul>\n<p><span style=\"color: #000000;\"><strong>Formato:<\/strong>\u00a0Polvo<\/span><\/p>\n<p><span style=\"color: #000000;\"><strong>Contenido:<\/strong>\u00a0200 Grs.<\/span><\/p>\n<p><span style=\"color: #000000;\"><strong>Porciones:<\/strong>\u00a080<\/span><\/p>\n<p><span style=\"color: #000000;\"><strong>Modo de uso:\u00a0<\/strong>Consumir 1 medida dosificadora (2,5 grs.) de c\u00farcuma activada en agua, batidos o sopas.<\/span><\/p>\n","protected":false},"featured_media":11271,"template":"","meta":[],"product_cat":[722,534,726,670],"product_tag":[],"class_list":{"0":"post-11270","1":"product","2":"type-product","3":"status-publish","4":"has-post-thumbnail","6":"product_cat-alimentos-saludables","7":"product_cat-deportista","8":"product_cat-super-alimentos","9":"product_cat-vitaminas-y-minerales","11":"first","12":"instock","13":"shipping-taxable","14":"purchasable","15":"product-type-simple"},"yoast_head":"<!-- This site is optimized with the Yoast SEO plugin v25.2 - https:\/\/yoast.com\/wordpress\/plugins\/seo\/ -->\n<title>C\u00farcuma Activada + Pimienta Negra 200 grs. - YAOMARKET<\/title>\n<meta name=\"robots\" content=\"index, follow, max-snippet:-1, max-image-preview:large, max-video-preview:-1\" \/>\n<link rel=\"canonical\" href=\"https:\/\/yaomarket.cl\/?product=curcuma-activada-pimienta-negra-200-grs\" \/>\n<meta property=\"og:locale\" content=\"es_ES\" \/>\n<meta property=\"og:type\" content=\"article\" \/>\n<meta property=\"og:title\" content=\"C\u00farcuma Activada + Pimienta Negra 200 grs. - YAOMARKET\" \/>\n<meta property=\"og:description\" content=\"C\u00farcuma Activada + Pimienta negra 200 grs. de Revitta Wellness:   Propiedades antiinflamatorias  Efecto antioxidante  Adici\u00f3n de Pimienta negra (absorbe mejor la c\u00farcuma)  Mejora sistema inmune  Soporte Salud General  Formato:\u00a0Polvo  Contenido:\u00a0200 Grs.  Porciones:\u00a080  Modo de uso:\u00a0Consumir 1 medida dosificadora (2,5 grs.) de c\u00farcuma activada en agua, batidos o sopas.\" \/>\n<meta property=\"og:url\" content=\"https:\/\/yaomarket.cl\/?product=curcuma-activada-pimienta-negra-200-grs\" \/>\n<meta property=\"og:site_name\" content=\"YAOMARKET\" \/>\n<meta property=\"article:publisher\" content=\"https:\/\/www.facebook.com\/yaomarketchile\/\" \/>\n<meta property=\"article:modified_time\" content=\"2025-06-09T21:39:23+00:00\" \/>\n<meta property=\"og:image\" content=\"https:\/\/yaomarket.cl\/wp-content\/uploads\/2025\/02\/Curcuma200_600px-2.jpg\" \/>\n\t<meta property=\"og:image:width\" content=\"600\" \/>\n\t<meta property=\"og:image:height\" content=\"600\" \/>\n\t<meta property=\"og:image:type\" content=\"image\/jpeg\" \/>\n<meta name=\"twitter:card\" content=\"summary_large_image\" \/>\n<meta name=\"twitter:label1\" content=\"Tiempo de lectura\" \/>\n\t<meta name=\"twitter:data1\" content=\"2 minutos\" \/>\n<script type=\"application\/ld+json\" class=\"yoast-schema-graph\">{\"@context\":\"https:\/\/schema.org\",\"@graph\":[{\"@type\":\"WebPage\",\"@id\":\"https:\/\/yaomarket.cl\/?product=curcuma-activada-pimienta-negra-200-grs\",\"url\":\"https:\/\/yaomarket.cl\/?product=curcuma-activada-pimienta-negra-200-grs\",\"name\":\"C\u00farcuma Activada + Pimienta Negra 200 grs. - YAOMARKET\",\"isPartOf\":{\"@id\":\"https:\/\/yaomarket.cl\/#website\"},\"primaryImageOfPage\":{\"@id\":\"https:\/\/yaomarket.cl\/?product=curcuma-activada-pimienta-negra-200-grs#primaryimage\"},\"image\":{\"@id\":\"https:\/\/yaomarket.cl\/?product=curcuma-activada-pimienta-negra-200-grs#primaryimage\"},\"thumbnailUrl\":\"https:\/\/yaomarket.cl\/wp-content\/uploads\/2025\/02\/Curcuma200_600px-2.jpg\",\"datePublished\":\"2025-02-26T03:28:24+00:00\",\"dateModified\":\"2025-06-09T21:39:23+00:00\",\"breadcrumb\":{\"@id\":\"https:\/\/yaomarket.cl\/?product=curcuma-activada-pimienta-negra-200-grs#breadcrumb\"},\"inLanguage\":\"es\",\"potentialAction\":[{\"@type\":\"ReadAction\",\"target\":[\"https:\/\/yaomarket.cl\/?product=curcuma-activada-pimienta-negra-200-grs\"]}]},{\"@type\":\"ImageObject\",\"inLanguage\":\"es\",\"@id\":\"https:\/\/yaomarket.cl\/?product=curcuma-activada-pimienta-negra-200-grs#primaryimage\",\"url\":\"https:\/\/yaomarket.cl\/wp-content\/uploads\/2025\/02\/Curcuma200_600px-2.jpg\",\"contentUrl\":\"https:\/\/yaomarket.cl\/wp-content\/uploads\/2025\/02\/Curcuma200_600px-2.jpg\",\"width\":600,\"height\":600},{\"@type\":\"BreadcrumbList\",\"@id\":\"https:\/\/yaomarket.cl\/?product=curcuma-activada-pimienta-negra-200-grs#breadcrumb\",\"itemListElement\":[{\"@type\":\"ListItem\",\"position\":1,\"name\":\"Portada\",\"item\":\"https:\/\/yaomarket.cl\/\"},{\"@type\":\"ListItem\",\"position\":2,\"name\":\"TIENDA\",\"item\":\"https:\/\/yaomarket.cl\/?page_id=8\"},{\"@type\":\"ListItem\",\"position\":3,\"name\":\"C\u00farcuma Activada + Pimienta Negra 200 grs.\"}]},{\"@type\":\"WebSite\",\"@id\":\"https:\/\/yaomarket.cl\/#website\",\"url\":\"https:\/\/yaomarket.cl\/\",\"name\":\"YAOMARKET\",\"description\":\"\",\"publisher\":{\"@id\":\"https:\/\/yaomarket.cl\/#organization\"},\"potentialAction\":[{\"@type\":\"SearchAction\",\"target\":{\"@type\":\"EntryPoint\",\"urlTemplate\":\"https:\/\/yaomarket.cl\/?s={search_term_string}\"},\"query-input\":{\"@type\":\"PropertyValueSpecification\",\"valueRequired\":true,\"valueName\":\"search_term_string\"}}],\"inLanguage\":\"es\"},{\"@type\":\"Organization\",\"@id\":\"https:\/\/yaomarket.cl\/#organization\",\"name\":\"YAOMARKET\",\"url\":\"https:\/\/yaomarket.cl\/\",\"logo\":{\"@type\":\"ImageObject\",\"inLanguage\":\"es\",\"@id\":\"https:\/\/yaomarket.cl\/#\/schema\/logo\/image\/\",\"url\":\"https:\/\/yaomarket.cl\/wp-content\/uploads\/2023\/08\/Logo-Original-Yao-Market-Circular.png\",\"contentUrl\":\"https:\/\/yaomarket.cl\/wp-content\/uploads\/2023\/08\/Logo-Original-Yao-Market-Circular.png\",\"width\":522,\"height\":522,\"caption\":\"YAOMARKET\"},\"image\":{\"@id\":\"https:\/\/yaomarket.cl\/#\/schema\/logo\/image\/\"},\"sameAs\":[\"https:\/\/www.facebook.com\/yaomarketchile\/\",\"https:\/\/www.instagram.com\/yao_market\/\"]}]}<\/script>\n<!-- \/ Yoast SEO plugin. -->","yoast_head_json":{"title":"C\u00farcuma Activada + Pimienta Negra 200 grs. - YAOMARKET","robots":{"index":"index","follow":"follow","max-snippet":"max-snippet:-1","max-image-preview":"max-image-preview:large","max-video-preview":"max-video-preview:-1"},"canonical":"https:\/\/yaomarket.cl\/?product=curcuma-activada-pimienta-negra-200-grs","og_locale":"es_ES","og_type":"article","og_title":"C\u00farcuma Activada + Pimienta Negra 200 grs. - YAOMARKET","og_description":"C\u00farcuma Activada + Pimienta negra 200 grs. de Revitta Wellness:   Propiedades antiinflamatorias  Efecto antioxidante  Adici\u00f3n de Pimienta negra (absorbe mejor la c\u00farcuma)  Mejora sistema inmune  Soporte Salud General  Formato:\u00a0Polvo  Contenido:\u00a0200 Grs.  Porciones:\u00a080  Modo de uso:\u00a0Consumir 1 medida dosificadora (2,5 grs.) de c\u00farcuma activada en agua, batidos o sopas.","og_url":"https:\/\/yaomarket.cl\/?product=curcuma-activada-pimienta-negra-200-grs","og_site_name":"YAOMARKET","article_publisher":"https:\/\/www.facebook.com\/yaomarketchile\/","article_modified_time":"2025-06-09T21:39:23+00:00","og_image":[{"width":600,"height":600,"url":"https:\/\/yaomarket.cl\/wp-content\/uploads\/2025\/02\/Curcuma200_600px-2.jpg","type":"image\/jpeg"}],"twitter_card":"summary_large_image","twitter_misc":{"Tiempo de lectura":"2 minutos"},"schema":{"@context":"https:\/\/schema.org","@graph":[{"@type":"WebPage","@id":"https:\/\/yaomarket.cl\/?product=curcuma-activada-pimienta-negra-200-grs","url":"https:\/\/yaomarket.cl\/?product=curcuma-activada-pimienta-negra-200-grs","name":"C\u00farcuma Activada + Pimienta Negra 200 grs. - YAOMARKET","isPartOf":{"@id":"https:\/\/yaomarket.cl\/#website"},"primaryImageOfPage":{"@id":"https:\/\/yaomarket.cl\/?product=curcuma-activada-pimienta-negra-200-grs#primaryimage"},"image":{"@id":"https:\/\/yaomarket.cl\/?product=curcuma-activada-pimienta-negra-200-grs#primaryimage"},"thumbnailUrl":"https:\/\/yaomarket.cl\/wp-content\/uploads\/2025\/02\/Curcuma200_600px-2.jpg","datePublished":"2025-02-26T03:28:24+00:00","dateModified":"2025-06-09T21:39:23+00:00","breadcrumb":{"@id":"https:\/\/yaomarket.cl\/?product=curcuma-activada-pimienta-negra-200-grs#breadcrumb"},"inLanguage":"es","potentialAction":[{"@type":"ReadAction","target":["https:\/\/yaomarket.cl\/?product=curcuma-activada-pimienta-negra-200-grs"]}]},{"@type":"ImageObject","inLanguage":"es","@id":"https:\/\/yaomarket.cl\/?product=curcuma-activada-pimienta-negra-200-grs#primaryimage","url":"https:\/\/yaomarket.cl\/wp-content\/uploads\/2025\/02\/Curcuma200_600px-2.jpg","contentUrl":"https:\/\/yaomarket.cl\/wp-content\/uploads\/2025\/02\/Curcuma200_600px-2.jpg","width":600,"height":600},{"@type":"BreadcrumbList","@id":"https:\/\/yaomarket.cl\/?product=curcuma-activada-pimienta-negra-200-grs#breadcrumb","itemListElement":[{"@type":"ListItem","position":1,"name":"Portada","item":"https:\/\/yaomarket.cl\/"},{"@type":"ListItem","position":2,"name":"TIENDA","item":"https:\/\/yaomarket.cl\/?page_id=8"},{"@type":"ListItem","position":3,"name":"C\u00farcuma Activada + Pimienta Negra 200 grs."}]},{"@type":"WebSite","@id":"https:\/\/yaomarket.cl\/#website","url":"https:\/\/yaomarket.cl\/","name":"YAOMARKET","description":"","publisher":{"@id":"https:\/\/yaomarket.cl\/#organization"},"potentialAction":[{"@type":"SearchAction","target":{"@type":"EntryPoint","urlTemplate":"https:\/\/yaomarket.cl\/?s={search_term_string}"},"query-input":{"@type":"PropertyValueSpecification","valueRequired":true,"valueName":"search_term_string"}}],"inLanguage":"es"},{"@type":"Organization","@id":"https:\/\/yaomarket.cl\/#organization","name":"YAOMARKET","url":"https:\/\/yaomarket.cl\/","logo":{"@type":"ImageObject","inLanguage":"es","@id":"https:\/\/yaomarket.cl\/#\/schema\/logo\/image\/","url":"https:\/\/yaomarket.cl\/wp-content\/uploads\/2023\/08\/Logo-Original-Yao-Market-Circular.png","contentUrl":"https:\/\/yaomarket.cl\/wp-content\/uploads\/2023\/08\/Logo-Original-Yao-Market-Circular.png","width":522,"height":522,"caption":"YAOMARKET"},"image":{"@id":"https:\/\/yaomarket.cl\/#\/schema\/logo\/image\/"},"sameAs":["https:\/\/www.facebook.com\/yaomarketchile\/","https:\/\/www.instagram.com\/yao_market\/"]}]}},"_links":{"self":[{"href":"https:\/\/yaomarket.cl\/index.php?rest_route=\/wp\/v2\/product\/11270","targetHints":{"allow":["GET"]}}],"collection":[{"href":"https:\/\/yaomarket.cl\/index.php?rest_route=\/wp\/v2\/product"}],"about":[{"href":"https:\/\/yaomarket.cl\/index.php?rest_route=\/wp\/v2\/types\/product"}],"wp:featuredmedia":[{"embeddable":true,"href":"https:\/\/yaomarket.cl\/index.php?rest_route=\/wp\/v2\/media\/11271"}],"wp:attachment":[{"href":"https:\/\/yaomarket.cl\/index.php?rest_route=%2Fwp%2Fv2%2Fmedia&parent=11270"}],"wp:term":[{"taxonomy":"product_cat","embeddable":true,"href":"https:\/\/yaomarket.cl\/index.php?rest_route=%2Fwp%2Fv2%2Fproduct_cat&post=11270"},{"taxonomy":"product_tag","embeddable":true,"href":"https:\/\/yaomarket.cl\/index.php?rest_route=%2Fwp%2Fv2%2Fproduct_tag&post=11270"}],"curies":[{"name":"wp","href":"https:\/\/api.w.org\/{rel}","templated":true}]}}