{"id":11222,"date":"2025-02-26T02:53:32","date_gmt":"2025-02-26T02:53:32","guid":{"rendered":"https:\/\/yaomarket.cl\/?post_type=product&#038;p=11222"},"modified":"2025-06-09T18:20:28","modified_gmt":"2025-06-09T18:20:28","slug":"bombon-vegano-proteico-protein-choc-100-grs","status":"publish","type":"product","link":"https:\/\/yaomarket.cl\/?product=bombon-vegano-proteico-protein-choc-100-grs","title":{"rendered":"Bombon Vegano Proteico Protein Choc 100 grs."},"content":{"rendered":"<p><span style=\"color: #000000;\"><strong>Bombon vegano proteico Protein choc 100 grs.<\/strong><\/span><\/p>\n<p><span style=\"color: #000000;\">Protein Choc 100 grs. de Revitta Wellness son bombones de chocolate vegano con un aporte de prote\u00ednas. Bombon vegano es elaborado a partir de\u00a0<strong>Prote\u00edna Vegetal (Prote\u00edna de arroz al 30%)<\/strong>\u00a0y\u00a0<b>Cacao Natural (36 %),\u00a0<\/b>lo cual lo convierte \u00a0en un alimento saludable y sabroso.<\/span><\/p>\n<p><span style=\"color: #000000;\"><strong>\u00a1Es un snack delicioso que debes probar!<\/strong>\u00a0Adem\u00e1s, junto con su suave textura, se transforma en la mejor respuesta para aquellos repentinos antojos, pero sin culpas.<\/span><\/p>\n<p><span style=\"color: #000000;\">Para el mundo vegano y vegetariano hemos desarrollado 4 sabores diferentes:<\/span><\/p>\n<ul>\n<li><span style=\"color: #000000;\">Natural (Chocolate puro)<\/span><\/li>\n<li><span style=\"color: #000000;\">Naranja<\/span><\/li>\n<li><span style=\"color: #000000;\">Menta<\/span><\/li>\n<li><span style=\"color: #000000;\">Cranberries<\/span><\/li>\n<\/ul>\n<p><span style=\"color: #000000;\"><b>\u00a1Disfr\u00fatalos donde tu quieras!<\/b>\u00a0En el trabajo, en clases, de viaje, haciendo deporte o simplemente viendo tu serie favorita. Viene en un formato de 100 gramos con aproximadamente 14 bombones. La porci\u00f3n recomendada es de 2 bombones, pero siempre puedes quitarte las ganas de comer uno mas.<\/span><\/p>\n<p><span style=\"color: #000000;\"><strong>\u00a1Un Snack para todos!<\/strong>\u00a0Este snack, puede ser consumido por cualquier tipo persona, independiente de su r\u00e9gimen alimentario; vegano, vegetariano o flexible, y sin importar por consiguiente su nivel de entrenamiento, estilo de vida o edad*.<\/span><\/p>\n<p><span style=\"color: #000000;\">*Se recomienda no darle a ni\u00f1os peque\u00f1os, menores de 3-4 a\u00f1os y a personas que padezcan alg\u00fan tipo de alergia alimentaria relacionada a alg\u00fan ingrediente rotulado. Mantener en un lugar fresco, seco, fuera del alcance de los ni\u00f1os, alejados de la luz y el calor (15\u00b0C-25\u00b0C).<\/span><\/p>\n<h4><span style=\"color: #000000;\"><strong>Principales atributos de Protein Choc Revitta 100 grs. \u2013 Bombones veganos\u00a0proteicos<\/strong><\/span><\/h4>\n<ul>\n<li><span style=\"color: #000000;\">Vegan friendly<\/span><\/li>\n<li><span style=\"color: #000000;\">Lactosa free<\/span><\/li>\n<li><span style=\"color: #000000;\">Gluten free<\/span><\/li>\n<li><span style=\"color: #000000;\">Prote\u00edna vegetal de arroz<\/span><\/li>\n<li><span style=\"color: #000000;\">Sin az\u00facar a\u00f1adida<\/span><\/li>\n<li><span style=\"color: #000000;\">0% Colesterol<\/span><\/li>\n<li><span style=\"color: #000000;\">Libre de Sodio<\/span><\/li>\n<\/ul>\n<p><span style=\"color: #000000;\"><strong>Protein Choc de Revitta no debe ser usado para sustituir ning\u00fan tipo de alimentaci\u00f3n equilibrada, sino mas bien para ser consumidos como un snack o complemento para el d\u00eda a d\u00eda.<\/strong><\/span><\/p>\n","protected":false},"excerpt":{"rendered":"<p><strong><span style=\"color: #000000;\">Bomb\u00f3n vegano proteico con prote\u00edna de arroz y cacao.<\/span><\/strong><\/p>\n<ul>\n<li><span style=\"color: #000000;\">28 grs. de prote\u00edna por envase<\/span><\/li>\n<li><span style=\"color: #000000;\">Sin az\u00facar a\u00f1adida<\/span><\/li>\n<li><span style=\"color: #000000;\">Sin Gluten<\/span><\/li>\n<li><span style=\"color: #000000;\">Sin Lactosa<\/span><\/li>\n<li><span style=\"color: #000000;\">0% colesterol<\/span><\/li>\n<li><span style=\"color: #000000;\">100% vegano<\/span><\/li>\n<\/ul>\n<p><span style=\"color: #000000;\">Sabores: Chocolate, Chocolate menta, Chocolate naranja y Chocolate Cranberries<\/span><\/p>\n<p><span style=\"color: #000000;\">Formato: 100 grs.<\/span><\/p>\n","protected":false},"featured_media":11223,"template":"","meta":[],"product_cat":[722,534,537],"product_tag":[],"class_list":{"0":"post-11222","1":"product","2":"type-product","3":"status-publish","4":"has-post-thumbnail","6":"product_cat-alimentos-saludables","7":"product_cat-deportista","8":"product_cat-proteinas","10":"first","11":"instock","12":"shipping-taxable","13":"purchasable","14":"product-type-variable"},"yoast_head":"<!-- This site is optimized with the Yoast SEO plugin v25.2 - https:\/\/yoast.com\/wordpress\/plugins\/seo\/ -->\n<title>Bombon Vegano Proteico Protein Choc 100 grs. - YAOMARKET<\/title>\n<meta name=\"robots\" content=\"index, follow, max-snippet:-1, max-image-preview:large, max-video-preview:-1\" \/>\n<link rel=\"canonical\" href=\"https:\/\/yaomarket.cl\/?product=bombon-vegano-proteico-protein-choc-100-grs\" \/>\n<meta property=\"og:locale\" content=\"es_ES\" \/>\n<meta property=\"og:type\" content=\"article\" \/>\n<meta property=\"og:title\" content=\"Bombon Vegano Proteico Protein Choc 100 grs. - YAOMARKET\" \/>\n<meta property=\"og:description\" content=\"Bomb\u00f3n vegano proteico con prote\u00edna de arroz y cacao.   28 grs. de prote\u00edna por envase  Sin az\u00facar a\u00f1adida  Sin Gluten  Sin Lactosa  0% colesterol  100% vegano  Sabores: Chocolate, Chocolate menta, Chocolate naranja y Chocolate Cranberries  Formato: 100 grs.\" \/>\n<meta property=\"og:url\" content=\"https:\/\/yaomarket.cl\/?product=bombon-vegano-proteico-protein-choc-100-grs\" \/>\n<meta property=\"og:site_name\" content=\"YAOMARKET\" \/>\n<meta property=\"article:publisher\" content=\"https:\/\/www.facebook.com\/yaomarketchile\/\" \/>\n<meta property=\"article:modified_time\" content=\"2025-06-09T18:20:28+00:00\" \/>\n<meta property=\"og:image\" content=\"https:\/\/yaomarket.cl\/wp-content\/uploads\/2025\/02\/ChocoNeutro_600px-550x550-1.jpg\" \/>\n\t<meta property=\"og:image:width\" content=\"550\" \/>\n\t<meta property=\"og:image:height\" content=\"550\" \/>\n\t<meta property=\"og:image:type\" content=\"image\/jpeg\" \/>\n<meta name=\"twitter:card\" content=\"summary_large_image\" \/>\n<meta name=\"twitter:label1\" content=\"Tiempo de lectura\" \/>\n\t<meta name=\"twitter:data1\" content=\"2 minutos\" \/>\n<script type=\"application\/ld+json\" class=\"yoast-schema-graph\">{\"@context\":\"https:\/\/schema.org\",\"@graph\":[{\"@type\":\"WebPage\",\"@id\":\"https:\/\/yaomarket.cl\/?product=bombon-vegano-proteico-protein-choc-100-grs\",\"url\":\"https:\/\/yaomarket.cl\/?product=bombon-vegano-proteico-protein-choc-100-grs\",\"name\":\"Bombon Vegano Proteico Protein Choc 100 grs. - YAOMARKET\",\"isPartOf\":{\"@id\":\"https:\/\/yaomarket.cl\/#website\"},\"primaryImageOfPage\":{\"@id\":\"https:\/\/yaomarket.cl\/?product=bombon-vegano-proteico-protein-choc-100-grs#primaryimage\"},\"image\":{\"@id\":\"https:\/\/yaomarket.cl\/?product=bombon-vegano-proteico-protein-choc-100-grs#primaryimage\"},\"thumbnailUrl\":\"https:\/\/yaomarket.cl\/wp-content\/uploads\/2025\/02\/ChocoNeutro_600px-550x550-1.jpg\",\"datePublished\":\"2025-02-26T02:53:32+00:00\",\"dateModified\":\"2025-06-09T18:20:28+00:00\",\"breadcrumb\":{\"@id\":\"https:\/\/yaomarket.cl\/?product=bombon-vegano-proteico-protein-choc-100-grs#breadcrumb\"},\"inLanguage\":\"es\",\"potentialAction\":[{\"@type\":\"ReadAction\",\"target\":[\"https:\/\/yaomarket.cl\/?product=bombon-vegano-proteico-protein-choc-100-grs\"]}]},{\"@type\":\"ImageObject\",\"inLanguage\":\"es\",\"@id\":\"https:\/\/yaomarket.cl\/?product=bombon-vegano-proteico-protein-choc-100-grs#primaryimage\",\"url\":\"https:\/\/yaomarket.cl\/wp-content\/uploads\/2025\/02\/ChocoNeutro_600px-550x550-1.jpg\",\"contentUrl\":\"https:\/\/yaomarket.cl\/wp-content\/uploads\/2025\/02\/ChocoNeutro_600px-550x550-1.jpg\",\"width\":550,\"height\":550},{\"@type\":\"BreadcrumbList\",\"@id\":\"https:\/\/yaomarket.cl\/?product=bombon-vegano-proteico-protein-choc-100-grs#breadcrumb\",\"itemListElement\":[{\"@type\":\"ListItem\",\"position\":1,\"name\":\"Portada\",\"item\":\"https:\/\/yaomarket.cl\/\"},{\"@type\":\"ListItem\",\"position\":2,\"name\":\"TIENDA\",\"item\":\"https:\/\/yaomarket.cl\/?page_id=8\"},{\"@type\":\"ListItem\",\"position\":3,\"name\":\"Bombon Vegano Proteico Protein Choc 100 grs.\"}]},{\"@type\":\"WebSite\",\"@id\":\"https:\/\/yaomarket.cl\/#website\",\"url\":\"https:\/\/yaomarket.cl\/\",\"name\":\"YAOMARKET\",\"description\":\"\",\"publisher\":{\"@id\":\"https:\/\/yaomarket.cl\/#organization\"},\"potentialAction\":[{\"@type\":\"SearchAction\",\"target\":{\"@type\":\"EntryPoint\",\"urlTemplate\":\"https:\/\/yaomarket.cl\/?s={search_term_string}\"},\"query-input\":{\"@type\":\"PropertyValueSpecification\",\"valueRequired\":true,\"valueName\":\"search_term_string\"}}],\"inLanguage\":\"es\"},{\"@type\":\"Organization\",\"@id\":\"https:\/\/yaomarket.cl\/#organization\",\"name\":\"YAOMARKET\",\"url\":\"https:\/\/yaomarket.cl\/\",\"logo\":{\"@type\":\"ImageObject\",\"inLanguage\":\"es\",\"@id\":\"https:\/\/yaomarket.cl\/#\/schema\/logo\/image\/\",\"url\":\"https:\/\/yaomarket.cl\/wp-content\/uploads\/2023\/08\/Logo-Original-Yao-Market-Circular.png\",\"contentUrl\":\"https:\/\/yaomarket.cl\/wp-content\/uploads\/2023\/08\/Logo-Original-Yao-Market-Circular.png\",\"width\":522,\"height\":522,\"caption\":\"YAOMARKET\"},\"image\":{\"@id\":\"https:\/\/yaomarket.cl\/#\/schema\/logo\/image\/\"},\"sameAs\":[\"https:\/\/www.facebook.com\/yaomarketchile\/\",\"https:\/\/www.instagram.com\/yao_market\/\"]}]}<\/script>\n<!-- \/ Yoast SEO plugin. -->","yoast_head_json":{"title":"Bombon Vegano Proteico Protein Choc 100 grs. - YAOMARKET","robots":{"index":"index","follow":"follow","max-snippet":"max-snippet:-1","max-image-preview":"max-image-preview:large","max-video-preview":"max-video-preview:-1"},"canonical":"https:\/\/yaomarket.cl\/?product=bombon-vegano-proteico-protein-choc-100-grs","og_locale":"es_ES","og_type":"article","og_title":"Bombon Vegano Proteico Protein Choc 100 grs. - YAOMARKET","og_description":"Bomb\u00f3n vegano proteico con prote\u00edna de arroz y cacao.   28 grs. de prote\u00edna por envase  Sin az\u00facar a\u00f1adida  Sin Gluten  Sin Lactosa  0% colesterol  100% vegano  Sabores: Chocolate, Chocolate menta, Chocolate naranja y Chocolate Cranberries  Formato: 100 grs.","og_url":"https:\/\/yaomarket.cl\/?product=bombon-vegano-proteico-protein-choc-100-grs","og_site_name":"YAOMARKET","article_publisher":"https:\/\/www.facebook.com\/yaomarketchile\/","article_modified_time":"2025-06-09T18:20:28+00:00","og_image":[{"width":550,"height":550,"url":"https:\/\/yaomarket.cl\/wp-content\/uploads\/2025\/02\/ChocoNeutro_600px-550x550-1.jpg","type":"image\/jpeg"}],"twitter_card":"summary_large_image","twitter_misc":{"Tiempo de lectura":"2 minutos"},"schema":{"@context":"https:\/\/schema.org","@graph":[{"@type":"WebPage","@id":"https:\/\/yaomarket.cl\/?product=bombon-vegano-proteico-protein-choc-100-grs","url":"https:\/\/yaomarket.cl\/?product=bombon-vegano-proteico-protein-choc-100-grs","name":"Bombon Vegano Proteico Protein Choc 100 grs. - YAOMARKET","isPartOf":{"@id":"https:\/\/yaomarket.cl\/#website"},"primaryImageOfPage":{"@id":"https:\/\/yaomarket.cl\/?product=bombon-vegano-proteico-protein-choc-100-grs#primaryimage"},"image":{"@id":"https:\/\/yaomarket.cl\/?product=bombon-vegano-proteico-protein-choc-100-grs#primaryimage"},"thumbnailUrl":"https:\/\/yaomarket.cl\/wp-content\/uploads\/2025\/02\/ChocoNeutro_600px-550x550-1.jpg","datePublished":"2025-02-26T02:53:32+00:00","dateModified":"2025-06-09T18:20:28+00:00","breadcrumb":{"@id":"https:\/\/yaomarket.cl\/?product=bombon-vegano-proteico-protein-choc-100-grs#breadcrumb"},"inLanguage":"es","potentialAction":[{"@type":"ReadAction","target":["https:\/\/yaomarket.cl\/?product=bombon-vegano-proteico-protein-choc-100-grs"]}]},{"@type":"ImageObject","inLanguage":"es","@id":"https:\/\/yaomarket.cl\/?product=bombon-vegano-proteico-protein-choc-100-grs#primaryimage","url":"https:\/\/yaomarket.cl\/wp-content\/uploads\/2025\/02\/ChocoNeutro_600px-550x550-1.jpg","contentUrl":"https:\/\/yaomarket.cl\/wp-content\/uploads\/2025\/02\/ChocoNeutro_600px-550x550-1.jpg","width":550,"height":550},{"@type":"BreadcrumbList","@id":"https:\/\/yaomarket.cl\/?product=bombon-vegano-proteico-protein-choc-100-grs#breadcrumb","itemListElement":[{"@type":"ListItem","position":1,"name":"Portada","item":"https:\/\/yaomarket.cl\/"},{"@type":"ListItem","position":2,"name":"TIENDA","item":"https:\/\/yaomarket.cl\/?page_id=8"},{"@type":"ListItem","position":3,"name":"Bombon Vegano Proteico Protein Choc 100 grs."}]},{"@type":"WebSite","@id":"https:\/\/yaomarket.cl\/#website","url":"https:\/\/yaomarket.cl\/","name":"YAOMARKET","description":"","publisher":{"@id":"https:\/\/yaomarket.cl\/#organization"},"potentialAction":[{"@type":"SearchAction","target":{"@type":"EntryPoint","urlTemplate":"https:\/\/yaomarket.cl\/?s={search_term_string}"},"query-input":{"@type":"PropertyValueSpecification","valueRequired":true,"valueName":"search_term_string"}}],"inLanguage":"es"},{"@type":"Organization","@id":"https:\/\/yaomarket.cl\/#organization","name":"YAOMARKET","url":"https:\/\/yaomarket.cl\/","logo":{"@type":"ImageObject","inLanguage":"es","@id":"https:\/\/yaomarket.cl\/#\/schema\/logo\/image\/","url":"https:\/\/yaomarket.cl\/wp-content\/uploads\/2023\/08\/Logo-Original-Yao-Market-Circular.png","contentUrl":"https:\/\/yaomarket.cl\/wp-content\/uploads\/2023\/08\/Logo-Original-Yao-Market-Circular.png","width":522,"height":522,"caption":"YAOMARKET"},"image":{"@id":"https:\/\/yaomarket.cl\/#\/schema\/logo\/image\/"},"sameAs":["https:\/\/www.facebook.com\/yaomarketchile\/","https:\/\/www.instagram.com\/yao_market\/"]}]}},"_links":{"self":[{"href":"https:\/\/yaomarket.cl\/index.php?rest_route=\/wp\/v2\/product\/11222","targetHints":{"allow":["GET"]}}],"collection":[{"href":"https:\/\/yaomarket.cl\/index.php?rest_route=\/wp\/v2\/product"}],"about":[{"href":"https:\/\/yaomarket.cl\/index.php?rest_route=\/wp\/v2\/types\/product"}],"wp:featuredmedia":[{"embeddable":true,"href":"https:\/\/yaomarket.cl\/index.php?rest_route=\/wp\/v2\/media\/11223"}],"wp:attachment":[{"href":"https:\/\/yaomarket.cl\/index.php?rest_route=%2Fwp%2Fv2%2Fmedia&parent=11222"}],"wp:term":[{"taxonomy":"product_cat","embeddable":true,"href":"https:\/\/yaomarket.cl\/index.php?rest_route=%2Fwp%2Fv2%2Fproduct_cat&post=11222"},{"taxonomy":"product_tag","embeddable":true,"href":"https:\/\/yaomarket.cl\/index.php?rest_route=%2Fwp%2Fv2%2Fproduct_tag&post=11222"}],"curies":[{"name":"wp","href":"https:\/\/api.w.org\/{rel}","templated":true}]}}