{"id":11188,"date":"2025-02-26T02:21:45","date_gmt":"2025-02-26T02:21:45","guid":{"rendered":"https:\/\/yaomarket.cl\/?post_type=product&#038;p=11188"},"modified":"2025-04-25T04:13:29","modified_gmt":"2025-04-25T04:13:29","slug":"proteina-para-cocinar-de-arveja-pea-protein-1-kg-30-servicios","status":"publish","type":"product","link":"https:\/\/yaomarket.cl\/?product=proteina-para-cocinar-de-arveja-pea-protein-1-kg-30-servicios","title":{"rendered":"Proteina para cocinar de Arveja Pea Protein 1 Kg. 30 servicios"},"content":{"rendered":"<h3><span style=\"color: #000000;\">Proteina para cocinar de Arveja Pea Protein 1 Kg. 30 servicios<\/span><\/h3>\n<p><span style=\"color: #000000;\">Proteina para cocinar de Arveja Pea Protein 1 Kg. 30 servicios para comenzar, es importante mencionar que los batidos proteicos de origen vegetal pueden ser una muy buena fuente de prote\u00ednas y amino\u00e1cidos esenciales. En la actualidad, la prote\u00edna de arvejas se ha posicionado como una de las fuentes proteicas preferidas por la gente que practica ejercicio o deporte que quieren llevar una vida sana y que adem\u00e1s buscan una alternativa al consumo de prote\u00ednas de origen animal. Prote\u00edna de arveja Pea Protein, contiene una elevada cantidad de amino\u00e1cidos de cadena ramificada los cuales ayudan a potenciar el proceso de reparaci\u00f3n y recuperaci\u00f3n posterior a cada entrenamiento.<\/span><\/p>\n<p><span style=\"color: #000000;\">Prote\u00edna para cocinar de arveja Pea Protein de Revitta Wellness es suplemento alimentario 100% puro y vegetal. Est\u00e1 elaborado en base a prote\u00edna de arveja de alta calidad y valor biol\u00f3gico para el organismo. Por consiguiente, una excelente opci\u00f3n para todo aquel que busque complementar su estilo de vida saludable y que prefiera obtener sus prote\u00ednas de fuentes no animales.<\/span><\/p>\n<p><span style=\"color: #000000;\">Es importante destacar que su \u00fanico ingrediente es aislado de prote\u00edna de arveja, lo que la transforma en una excelente alternativa de suplementaci\u00f3n, no tiene az\u00facar a\u00f1adida ni colorantes y preservantes que puedan alterar su composici\u00f3n o naturalidad.<\/span><\/p>\n<p><span style=\"color: #000000;\">En resumen, prote\u00edna de arveja Pea Protein puede ser ingerida por cualquier tipo personas, ya sea si su r\u00e9gimen alimentario es de tipo vegano, vegetariano o flexible, y sin importar si realiza actividad f\u00edsica o no.<\/span><\/p>\n<h4><span style=\"color: #000000;\">Algunas de sus funciones son:<\/span><\/h4>\n<p><span style=\"color: #000000;\">\u2013 Ayuda a la recuperaci\u00f3n<\/span><\/p>\n<p><span style=\"color: #000000;\">\u2013 Promueve la mantenci\u00f3n y el desarrollo muscular magro<\/span><\/p>\n<p><span style=\"color: #000000;\">\u2013 Ayuda a reparar tejidos<\/span><\/p>\n<p><span style=\"color: #000000;\">\u2013 Mejora el rendimiento f\u00edsico general<\/span><\/p>\n<p><span style=\"color: #000000;\">Prote\u00edna de arveja Pea Protein de Revitta Wellness viene en un formato de 1kg con 30 porciones, el cual incluye una medida dosificadora en su interior de 33 gramos, la que aporta 26.4 gramos de prote\u00edna por porci\u00f3n. Adem\u00e1s es muy baja en grasas, s\u00f3lo aporta 131 calor\u00edas, 0% colesterol y 0% az\u00facar. Puedes consumir entre 1 a 3 porciones al d\u00eda \u00f3 lo recomendado por tu Nutricionista.<\/span><\/p>\n<h4><span style=\"color: #000000;\">IDEAL PARA COCINAR<\/span><\/h4>\n<p><span style=\"color: #000000;\">Adicionalmente con este producto puedes preparar batidos proteicos, as\u00ed como tambi\u00e9n incorporarla a tus recetas favoritas, tanto dulces como saladas, como queques, muffins, sopas, guisos, etc. para aumentar su valor nutricional.<\/span><\/p>\n<h4><span style=\"color: #000000;\">Atributos:<\/span><\/h4>\n<ul>\n<li><span style=\"color: #000000;\">Vegano<\/span><\/li>\n<li><span style=\"color: #000000;\">No contiene soya<\/span><\/li>\n<li><span style=\"color: #000000;\">Sin lactosa<\/span><\/li>\n<li><span style=\"color: #000000;\">Libre de gluten<\/span><\/li>\n<li><span style=\"color: #000000;\">Sin transg\u00e9nicos<\/span><\/li>\n<li><span style=\"color: #000000;\">Sin az\u00facar a\u00f1adida<\/span><\/li>\n<li><span style=\"color: #000000;\">Alto en prote\u00edna<\/span><\/li>\n<li><span style=\"color: #000000;\">Certificaci\u00f3n V-Label<\/span><\/li>\n<li><span style=\"color: #000000;\">No contiene ingredientes de origen animal.<\/span><\/li>\n<\/ul>\n","protected":false},"excerpt":{"rendered":"<p><span style=\"color: #000000;\"><strong>Proteina para cocinar de Arveja Pea Protein 1 Kg. 30 servicios<\/strong><\/span><\/p>\n<ul>\n<li><span style=\"color: #000000;\">100% Prote\u00edna de arveja<\/span><\/li>\n<li><span style=\"color: #000000;\">Ideal para cocinar<\/span><\/li>\n<li><span style=\"color: #000000;\">Crecimiento muscular<\/span><\/li>\n<li><span style=\"color: #000000;\">Recuperaci\u00f3n<\/span><\/li>\n<li><span style=\"color: #000000;\">Sin gluten<\/span><\/li>\n<li><span style=\"color: #000000;\">Sin saborizantes y colorantes<\/span><\/li>\n<\/ul>\n<p><span style=\"color: #000000;\">Formato: Polvo<\/span><\/p>\n<p><span style=\"color: #000000;\">Sabores: Sin sabor (Natural a prote\u00edna de arveja)<\/span><\/p>\n<p><span style=\"color: #000000;\">Contenido: 1 kg.<\/span><\/p>\n<p><span style=\"color: #000000;\">Porciones: 30<\/span><\/p>\n","protected":false},"featured_media":11189,"template":"","meta":[],"product_cat":[534,537],"product_tag":[],"class_list":{"0":"post-11188","1":"product","2":"type-product","3":"status-publish","4":"has-post-thumbnail","6":"product_cat-deportista","7":"product_cat-proteinas","9":"first","10":"instock","11":"shipping-taxable","12":"purchasable","13":"product-type-simple"},"yoast_head":"<!-- This site is optimized with the Yoast SEO plugin v25.2 - https:\/\/yoast.com\/wordpress\/plugins\/seo\/ -->\n<title>Proteina para cocinar de Arveja Pea Protein 1 Kg. 30 servicios - YAOMARKET<\/title>\n<meta name=\"robots\" content=\"index, follow, max-snippet:-1, max-image-preview:large, max-video-preview:-1\" \/>\n<link rel=\"canonical\" href=\"https:\/\/yaomarket.cl\/?product=proteina-para-cocinar-de-arveja-pea-protein-1-kg-30-servicios\" \/>\n<meta property=\"og:locale\" content=\"es_ES\" \/>\n<meta property=\"og:type\" content=\"article\" \/>\n<meta property=\"og:title\" content=\"Proteina para cocinar de Arveja Pea Protein 1 Kg. 30 servicios - YAOMARKET\" \/>\n<meta property=\"og:description\" content=\"Proteina para cocinar de Arveja Pea Protein 1 Kg. 30 servicios   100% Prote\u00edna de arveja  Ideal para cocinar  Crecimiento muscular  Recuperaci\u00f3n  Sin gluten  Sin saborizantes y colorantes  Formato: Polvo  Sabores: Sin sabor (Natural a prote\u00edna de arveja)  Contenido: 1 kg.  Porciones: 30\" \/>\n<meta property=\"og:url\" content=\"https:\/\/yaomarket.cl\/?product=proteina-para-cocinar-de-arveja-pea-protein-1-kg-30-servicios\" \/>\n<meta property=\"og:site_name\" content=\"YAOMARKET\" \/>\n<meta property=\"article:publisher\" content=\"https:\/\/www.facebook.com\/yaomarketchile\/\" \/>\n<meta property=\"article:modified_time\" content=\"2025-04-25T04:13:29+00:00\" \/>\n<meta property=\"og:image\" content=\"https:\/\/yaomarket.cl\/wp-content\/uploads\/2025\/02\/PeaRev_600px-1.jpg\" \/>\n\t<meta property=\"og:image:width\" content=\"600\" \/>\n\t<meta property=\"og:image:height\" content=\"600\" \/>\n\t<meta property=\"og:image:type\" content=\"image\/jpeg\" \/>\n<meta name=\"twitter:card\" content=\"summary_large_image\" \/>\n<meta name=\"twitter:label1\" content=\"Tiempo de lectura\" \/>\n\t<meta name=\"twitter:data1\" content=\"2 minutos\" \/>\n<script type=\"application\/ld+json\" class=\"yoast-schema-graph\">{\"@context\":\"https:\/\/schema.org\",\"@graph\":[{\"@type\":\"WebPage\",\"@id\":\"https:\/\/yaomarket.cl\/?product=proteina-para-cocinar-de-arveja-pea-protein-1-kg-30-servicios\",\"url\":\"https:\/\/yaomarket.cl\/?product=proteina-para-cocinar-de-arveja-pea-protein-1-kg-30-servicios\",\"name\":\"Proteina para cocinar de Arveja Pea Protein 1 Kg. 30 servicios - YAOMARKET\",\"isPartOf\":{\"@id\":\"https:\/\/yaomarket.cl\/#website\"},\"primaryImageOfPage\":{\"@id\":\"https:\/\/yaomarket.cl\/?product=proteina-para-cocinar-de-arveja-pea-protein-1-kg-30-servicios#primaryimage\"},\"image\":{\"@id\":\"https:\/\/yaomarket.cl\/?product=proteina-para-cocinar-de-arveja-pea-protein-1-kg-30-servicios#primaryimage\"},\"thumbnailUrl\":\"https:\/\/yaomarket.cl\/wp-content\/uploads\/2025\/02\/PeaRev_600px-1.jpg\",\"datePublished\":\"2025-02-26T02:21:45+00:00\",\"dateModified\":\"2025-04-25T04:13:29+00:00\",\"breadcrumb\":{\"@id\":\"https:\/\/yaomarket.cl\/?product=proteina-para-cocinar-de-arveja-pea-protein-1-kg-30-servicios#breadcrumb\"},\"inLanguage\":\"es\",\"potentialAction\":[{\"@type\":\"ReadAction\",\"target\":[\"https:\/\/yaomarket.cl\/?product=proteina-para-cocinar-de-arveja-pea-protein-1-kg-30-servicios\"]}]},{\"@type\":\"ImageObject\",\"inLanguage\":\"es\",\"@id\":\"https:\/\/yaomarket.cl\/?product=proteina-para-cocinar-de-arveja-pea-protein-1-kg-30-servicios#primaryimage\",\"url\":\"https:\/\/yaomarket.cl\/wp-content\/uploads\/2025\/02\/PeaRev_600px-1.jpg\",\"contentUrl\":\"https:\/\/yaomarket.cl\/wp-content\/uploads\/2025\/02\/PeaRev_600px-1.jpg\",\"width\":600,\"height\":600},{\"@type\":\"BreadcrumbList\",\"@id\":\"https:\/\/yaomarket.cl\/?product=proteina-para-cocinar-de-arveja-pea-protein-1-kg-30-servicios#breadcrumb\",\"itemListElement\":[{\"@type\":\"ListItem\",\"position\":1,\"name\":\"Portada\",\"item\":\"https:\/\/yaomarket.cl\/\"},{\"@type\":\"ListItem\",\"position\":2,\"name\":\"TIENDA\",\"item\":\"https:\/\/yaomarket.cl\/?page_id=8\"},{\"@type\":\"ListItem\",\"position\":3,\"name\":\"Proteina para cocinar de Arveja Pea Protein 1 Kg. 30 servicios\"}]},{\"@type\":\"WebSite\",\"@id\":\"https:\/\/yaomarket.cl\/#website\",\"url\":\"https:\/\/yaomarket.cl\/\",\"name\":\"YAOMARKET\",\"description\":\"\",\"publisher\":{\"@id\":\"https:\/\/yaomarket.cl\/#organization\"},\"potentialAction\":[{\"@type\":\"SearchAction\",\"target\":{\"@type\":\"EntryPoint\",\"urlTemplate\":\"https:\/\/yaomarket.cl\/?s={search_term_string}\"},\"query-input\":{\"@type\":\"PropertyValueSpecification\",\"valueRequired\":true,\"valueName\":\"search_term_string\"}}],\"inLanguage\":\"es\"},{\"@type\":\"Organization\",\"@id\":\"https:\/\/yaomarket.cl\/#organization\",\"name\":\"YAOMARKET\",\"url\":\"https:\/\/yaomarket.cl\/\",\"logo\":{\"@type\":\"ImageObject\",\"inLanguage\":\"es\",\"@id\":\"https:\/\/yaomarket.cl\/#\/schema\/logo\/image\/\",\"url\":\"https:\/\/yaomarket.cl\/wp-content\/uploads\/2023\/08\/Logo-Original-Yao-Market-Circular.png\",\"contentUrl\":\"https:\/\/yaomarket.cl\/wp-content\/uploads\/2023\/08\/Logo-Original-Yao-Market-Circular.png\",\"width\":522,\"height\":522,\"caption\":\"YAOMARKET\"},\"image\":{\"@id\":\"https:\/\/yaomarket.cl\/#\/schema\/logo\/image\/\"},\"sameAs\":[\"https:\/\/www.facebook.com\/yaomarketchile\/\",\"https:\/\/www.instagram.com\/yao_market\/\"]}]}<\/script>\n<!-- \/ Yoast SEO plugin. -->","yoast_head_json":{"title":"Proteina para cocinar de Arveja Pea Protein 1 Kg. 30 servicios - YAOMARKET","robots":{"index":"index","follow":"follow","max-snippet":"max-snippet:-1","max-image-preview":"max-image-preview:large","max-video-preview":"max-video-preview:-1"},"canonical":"https:\/\/yaomarket.cl\/?product=proteina-para-cocinar-de-arveja-pea-protein-1-kg-30-servicios","og_locale":"es_ES","og_type":"article","og_title":"Proteina para cocinar de Arveja Pea Protein 1 Kg. 30 servicios - YAOMARKET","og_description":"Proteina para cocinar de Arveja Pea Protein 1 Kg. 30 servicios   100% Prote\u00edna de arveja  Ideal para cocinar  Crecimiento muscular  Recuperaci\u00f3n  Sin gluten  Sin saborizantes y colorantes  Formato: Polvo  Sabores: Sin sabor (Natural a prote\u00edna de arveja)  Contenido: 1 kg.  Porciones: 30","og_url":"https:\/\/yaomarket.cl\/?product=proteina-para-cocinar-de-arveja-pea-protein-1-kg-30-servicios","og_site_name":"YAOMARKET","article_publisher":"https:\/\/www.facebook.com\/yaomarketchile\/","article_modified_time":"2025-04-25T04:13:29+00:00","og_image":[{"width":600,"height":600,"url":"https:\/\/yaomarket.cl\/wp-content\/uploads\/2025\/02\/PeaRev_600px-1.jpg","type":"image\/jpeg"}],"twitter_card":"summary_large_image","twitter_misc":{"Tiempo de lectura":"2 minutos"},"schema":{"@context":"https:\/\/schema.org","@graph":[{"@type":"WebPage","@id":"https:\/\/yaomarket.cl\/?product=proteina-para-cocinar-de-arveja-pea-protein-1-kg-30-servicios","url":"https:\/\/yaomarket.cl\/?product=proteina-para-cocinar-de-arveja-pea-protein-1-kg-30-servicios","name":"Proteina para cocinar de Arveja Pea Protein 1 Kg. 30 servicios - YAOMARKET","isPartOf":{"@id":"https:\/\/yaomarket.cl\/#website"},"primaryImageOfPage":{"@id":"https:\/\/yaomarket.cl\/?product=proteina-para-cocinar-de-arveja-pea-protein-1-kg-30-servicios#primaryimage"},"image":{"@id":"https:\/\/yaomarket.cl\/?product=proteina-para-cocinar-de-arveja-pea-protein-1-kg-30-servicios#primaryimage"},"thumbnailUrl":"https:\/\/yaomarket.cl\/wp-content\/uploads\/2025\/02\/PeaRev_600px-1.jpg","datePublished":"2025-02-26T02:21:45+00:00","dateModified":"2025-04-25T04:13:29+00:00","breadcrumb":{"@id":"https:\/\/yaomarket.cl\/?product=proteina-para-cocinar-de-arveja-pea-protein-1-kg-30-servicios#breadcrumb"},"inLanguage":"es","potentialAction":[{"@type":"ReadAction","target":["https:\/\/yaomarket.cl\/?product=proteina-para-cocinar-de-arveja-pea-protein-1-kg-30-servicios"]}]},{"@type":"ImageObject","inLanguage":"es","@id":"https:\/\/yaomarket.cl\/?product=proteina-para-cocinar-de-arveja-pea-protein-1-kg-30-servicios#primaryimage","url":"https:\/\/yaomarket.cl\/wp-content\/uploads\/2025\/02\/PeaRev_600px-1.jpg","contentUrl":"https:\/\/yaomarket.cl\/wp-content\/uploads\/2025\/02\/PeaRev_600px-1.jpg","width":600,"height":600},{"@type":"BreadcrumbList","@id":"https:\/\/yaomarket.cl\/?product=proteina-para-cocinar-de-arveja-pea-protein-1-kg-30-servicios#breadcrumb","itemListElement":[{"@type":"ListItem","position":1,"name":"Portada","item":"https:\/\/yaomarket.cl\/"},{"@type":"ListItem","position":2,"name":"TIENDA","item":"https:\/\/yaomarket.cl\/?page_id=8"},{"@type":"ListItem","position":3,"name":"Proteina para cocinar de Arveja Pea Protein 1 Kg. 30 servicios"}]},{"@type":"WebSite","@id":"https:\/\/yaomarket.cl\/#website","url":"https:\/\/yaomarket.cl\/","name":"YAOMARKET","description":"","publisher":{"@id":"https:\/\/yaomarket.cl\/#organization"},"potentialAction":[{"@type":"SearchAction","target":{"@type":"EntryPoint","urlTemplate":"https:\/\/yaomarket.cl\/?s={search_term_string}"},"query-input":{"@type":"PropertyValueSpecification","valueRequired":true,"valueName":"search_term_string"}}],"inLanguage":"es"},{"@type":"Organization","@id":"https:\/\/yaomarket.cl\/#organization","name":"YAOMARKET","url":"https:\/\/yaomarket.cl\/","logo":{"@type":"ImageObject","inLanguage":"es","@id":"https:\/\/yaomarket.cl\/#\/schema\/logo\/image\/","url":"https:\/\/yaomarket.cl\/wp-content\/uploads\/2023\/08\/Logo-Original-Yao-Market-Circular.png","contentUrl":"https:\/\/yaomarket.cl\/wp-content\/uploads\/2023\/08\/Logo-Original-Yao-Market-Circular.png","width":522,"height":522,"caption":"YAOMARKET"},"image":{"@id":"https:\/\/yaomarket.cl\/#\/schema\/logo\/image\/"},"sameAs":["https:\/\/www.facebook.com\/yaomarketchile\/","https:\/\/www.instagram.com\/yao_market\/"]}]}},"_links":{"self":[{"href":"https:\/\/yaomarket.cl\/index.php?rest_route=\/wp\/v2\/product\/11188","targetHints":{"allow":["GET"]}}],"collection":[{"href":"https:\/\/yaomarket.cl\/index.php?rest_route=\/wp\/v2\/product"}],"about":[{"href":"https:\/\/yaomarket.cl\/index.php?rest_route=\/wp\/v2\/types\/product"}],"wp:featuredmedia":[{"embeddable":true,"href":"https:\/\/yaomarket.cl\/index.php?rest_route=\/wp\/v2\/media\/11189"}],"wp:attachment":[{"href":"https:\/\/yaomarket.cl\/index.php?rest_route=%2Fwp%2Fv2%2Fmedia&parent=11188"}],"wp:term":[{"taxonomy":"product_cat","embeddable":true,"href":"https:\/\/yaomarket.cl\/index.php?rest_route=%2Fwp%2Fv2%2Fproduct_cat&post=11188"},{"taxonomy":"product_tag","embeddable":true,"href":"https:\/\/yaomarket.cl\/index.php?rest_route=%2Fwp%2Fv2%2Fproduct_tag&post=11188"}],"curies":[{"name":"wp","href":"https:\/\/api.w.org\/{rel}","templated":true}]}}