{"id":11185,"date":"2025-02-26T02:16:43","date_gmt":"2025-02-26T02:16:43","guid":{"rendered":"https:\/\/yaomarket.cl\/?post_type=product&#038;p=11185"},"modified":"2025-06-03T14:24:49","modified_gmt":"2025-06-03T14:24:49","slug":"proteina-whey-cooking-protein-128-kgs-43-servicios","status":"publish","type":"product","link":"https:\/\/yaomarket.cl\/?product=proteina-whey-cooking-protein-128-kgs-43-servicios","title":{"rendered":"Proteina Whey Cooking Protein 1,28 kgs. 43 servicios"},"content":{"rendered":"<p><span style=\"color: #000000;\"><strong>Proteina Whey Cooking Protein 1,28 kgs. 43 servicios: La prote\u00edna ideal para cocinar de Revitta Wellness<\/strong><\/span><\/p>\n<p><span style=\"color: #000000;\">Si te encuentras buscando una prote\u00edna en su estado m\u00e1s puro, libre de cualquier tipo de aditivo y saborizante, Cooking Protein de Revitta Wellness es una muy buena opci\u00f3n. Adem\u00e1s, al ser sin saborizantes, no cambiar\u00e1 el sabor de tus recetas, por lo que podr\u00e1s hacer recetas saladas o dulces, con muy buen aporte nutricional y un extra de prote\u00ednas.<\/span><\/p>\n<p><span style=\"color: #000000;\">Proteina Whey Cooking Protein 1,28 kgs. 43 servicios es una prote\u00edna hecha de concentrado de suero de leche (Whey Protein), libre de grasas saturadas y trans. Tambi\u00e9n es naturalmente libre de gluten (apta para cel\u00edacos) y libre de az\u00facar a\u00f1adida, ya que no contiene az\u00facar ni edulcorantes.<\/span><\/p>\n<p><span style=\"color: #000000;\">Dentro de las caracter\u00edsticas de Cooking Protein se encuentra que es compatible para personas intolerantes a la lactosa ya que tiene adici\u00f3n de la enzima lactasa, lo que hace m\u00e1s f\u00e1cil su digesti\u00f3n. La lactosa presente de manera natural en el suero de prote\u00edna de leche necesita de la enzima lactasa para poder digerirse. Por lo que personas que carecen de esta enzima o la tienen en baja concentraci\u00f3n en su organismo podr\u00edan desarrollar sintomatolog\u00eda asociada al malestar gastrointestinal. Al poseer lactasa en su composici\u00f3n, Cooking Protein tiene una mejor tolerancia.<\/span><\/p>\n<p><span style=\"color: #000000;\">En cuanto al aporte nutricional, una porci\u00f3n de Cooking Protein de Revitta (30 grs.) posee 118 calor\u00edas, 24 grs. de prote\u00edna, 5,3 grs. de BCAAs, tan s\u00f3lo tiene 1.6 grs. de grasa y 1.8 grs. de carbohidratos. El aminograma presente en Cooking Protein es muy completo, ya que posee todos los amino\u00e1cidos esenciales. Es decir, los amino\u00e1cidos que el organismo no puede sintetizar por si s\u00f3lo, sino que necesitan ser consumidos a trav\u00e9s de la alimentaci\u00f3n y\/o suplementaci\u00f3n.<\/span><\/p>\n<p><span style=\"color: #000000;\">Cooking protein es ideal para cocinar, tanto preparaciones dulces como saladas ya que, al no tener saborizantes, se puede adaptar a cualquier preparaci\u00f3n. Incluso puedes hacer salsas o preparaciones dulces como postres, aportando un extra de prote\u00ednas. Podr\u00edas cocinar brownies, muffins, salsas, agregarlo a sopas, tortillas o crepes, donde te lleve tu imaginaci\u00f3n para la creaci\u00f3n de recetas con un alto porcentaje de prote\u00edna. Esto te ayudar\u00e1 a alcanzar tus requerimientos diarios de prote\u00edna a trav\u00e9s de preparaciones dulces o saladas.<\/span><\/p>\n","protected":false},"excerpt":{"rendered":"<h3><span style=\"color: #000000;\"><strong>Proteina Whey Cooking Protein 1,28 kgs. 43 servicios<\/strong><\/span><\/h3>\n<ul>\n<li><span style=\"color: #000000;\">100% whey (suero de leche)<\/span><\/li>\n<li><span style=\"color: #000000;\">Enzima lactasa<\/span><\/li>\n<li><span style=\"color: #000000;\">5,3 grs. de BCAAs<\/span><\/li>\n<li><span style=\"color: #000000;\">Especialmente para cocinar o batidos con frutas, yogur, etc.<\/span><\/li>\n<li><span style=\"color: #000000;\">Sin saborizantes y colorantes<\/span><\/li>\n<\/ul>\n<p><span style=\"color: #000000;\">Formato: Polvo<\/span><\/p>\n<p><span style=\"color: #000000;\">Contenido neto: 1,28 kgs.<\/span><\/p>\n<p><span style=\"color: #000000;\">Porciones: 43<\/span><\/p>\n<p><span style=\"color: #000000;\">Modo de uso: Usar 1 scoop (30 grs.) para preparaciones dulces como saladas ya que, al no tener saborizantes, se puede adaptar a cualquier preparaci\u00f3n. Incluso puedes hacer salsas o preparaciones dulces como postres, aportando un extra de prote\u00ednas. Podr\u00edas cocinar brownies, muffins, salsas, agregarlo a sopas, tortillas o crepes, donde te lleve tu imaginaci\u00f3n para la creaci\u00f3n de recetas con un alto porcentaje de prote\u00edna. Esto te ayudar\u00e1 a alcanzar tus requerimientos diarios de prote\u00edna a trav\u00e9s de preparaciones dulces o saladas.<\/span><\/p>\n","protected":false},"featured_media":11186,"template":"","meta":[],"product_cat":[534,537],"product_tag":[],"class_list":{"0":"post-11185","1":"product","2":"type-product","3":"status-publish","4":"has-post-thumbnail","6":"product_cat-deportista","7":"product_cat-proteinas","9":"first","10":"instock","11":"shipping-taxable","12":"purchasable","13":"product-type-simple"},"yoast_head":"<!-- This site is optimized with the Yoast SEO plugin v25.2 - https:\/\/yoast.com\/wordpress\/plugins\/seo\/ -->\n<title>Proteina Whey Cooking Protein 1,28 kgs. 43 servicios - YAOMARKET<\/title>\n<meta name=\"robots\" content=\"index, follow, max-snippet:-1, max-image-preview:large, max-video-preview:-1\" \/>\n<link rel=\"canonical\" href=\"https:\/\/yaomarket.cl\/?product=proteina-whey-cooking-protein-128-kgs-43-servicios\" \/>\n<meta property=\"og:locale\" content=\"es_ES\" \/>\n<meta property=\"og:type\" content=\"article\" \/>\n<meta property=\"og:title\" content=\"Proteina Whey Cooking Protein 1,28 kgs. 43 servicios - YAOMARKET\" \/>\n<meta property=\"og:description\" content=\"Proteina Whey Cooking Protein 1,28 kgs. 43 servicios   100% whey (suero de leche)  Enzima lactasa  5,3 grs. de BCAAs  Especialmente para cocinar o batidos con frutas, yogur, etc.  Sin saborizantes y colorantes  Formato: Polvo  Contenido neto: 1,28 kgs.  Porciones: 43  Modo de uso: Usar 1 scoop (30 grs.) para preparaciones dulces como saladas ya que, al no tener saborizantes, se puede adaptar a cualquier preparaci\u00f3n. Incluso puedes hacer salsas o preparaciones dulces como postres, aportando un extra de prote\u00ednas. Podr\u00edas cocinar brownies, muffins, salsas, agregarlo a sopas, tortillas o crepes, donde te lleve tu imaginaci\u00f3n para la creaci\u00f3n de recetas con un alto porcentaje de prote\u00edna. Esto te ayudar\u00e1 a alcanzar tus requerimientos diarios de prote\u00edna a trav\u00e9s de preparaciones dulces o saladas.\" \/>\n<meta property=\"og:url\" content=\"https:\/\/yaomarket.cl\/?product=proteina-whey-cooking-protein-128-kgs-43-servicios\" \/>\n<meta property=\"og:site_name\" content=\"YAOMARKET\" \/>\n<meta property=\"article:publisher\" content=\"https:\/\/www.facebook.com\/yaomarketchile\/\" \/>\n<meta property=\"article:modified_time\" content=\"2025-06-03T14:24:49+00:00\" \/>\n<meta property=\"og:image\" content=\"https:\/\/yaomarket.cl\/wp-content\/uploads\/2025\/02\/Cooking1_600px-550x550-1.jpg\" \/>\n\t<meta property=\"og:image:width\" content=\"550\" \/>\n\t<meta property=\"og:image:height\" content=\"550\" \/>\n\t<meta property=\"og:image:type\" content=\"image\/jpeg\" \/>\n<meta name=\"twitter:card\" content=\"summary_large_image\" \/>\n<meta name=\"twitter:label1\" content=\"Tiempo de lectura\" \/>\n\t<meta name=\"twitter:data1\" content=\"2 minutos\" \/>\n<script type=\"application\/ld+json\" class=\"yoast-schema-graph\">{\"@context\":\"https:\/\/schema.org\",\"@graph\":[{\"@type\":\"WebPage\",\"@id\":\"https:\/\/yaomarket.cl\/?product=proteina-whey-cooking-protein-128-kgs-43-servicios\",\"url\":\"https:\/\/yaomarket.cl\/?product=proteina-whey-cooking-protein-128-kgs-43-servicios\",\"name\":\"Proteina Whey Cooking Protein 1,28 kgs. 43 servicios - YAOMARKET\",\"isPartOf\":{\"@id\":\"https:\/\/yaomarket.cl\/#website\"},\"primaryImageOfPage\":{\"@id\":\"https:\/\/yaomarket.cl\/?product=proteina-whey-cooking-protein-128-kgs-43-servicios#primaryimage\"},\"image\":{\"@id\":\"https:\/\/yaomarket.cl\/?product=proteina-whey-cooking-protein-128-kgs-43-servicios#primaryimage\"},\"thumbnailUrl\":\"https:\/\/yaomarket.cl\/wp-content\/uploads\/2025\/02\/Cooking1_600px-550x550-1.jpg\",\"datePublished\":\"2025-02-26T02:16:43+00:00\",\"dateModified\":\"2025-06-03T14:24:49+00:00\",\"breadcrumb\":{\"@id\":\"https:\/\/yaomarket.cl\/?product=proteina-whey-cooking-protein-128-kgs-43-servicios#breadcrumb\"},\"inLanguage\":\"es\",\"potentialAction\":[{\"@type\":\"ReadAction\",\"target\":[\"https:\/\/yaomarket.cl\/?product=proteina-whey-cooking-protein-128-kgs-43-servicios\"]}]},{\"@type\":\"ImageObject\",\"inLanguage\":\"es\",\"@id\":\"https:\/\/yaomarket.cl\/?product=proteina-whey-cooking-protein-128-kgs-43-servicios#primaryimage\",\"url\":\"https:\/\/yaomarket.cl\/wp-content\/uploads\/2025\/02\/Cooking1_600px-550x550-1.jpg\",\"contentUrl\":\"https:\/\/yaomarket.cl\/wp-content\/uploads\/2025\/02\/Cooking1_600px-550x550-1.jpg\",\"width\":550,\"height\":550},{\"@type\":\"BreadcrumbList\",\"@id\":\"https:\/\/yaomarket.cl\/?product=proteina-whey-cooking-protein-128-kgs-43-servicios#breadcrumb\",\"itemListElement\":[{\"@type\":\"ListItem\",\"position\":1,\"name\":\"Portada\",\"item\":\"https:\/\/yaomarket.cl\/\"},{\"@type\":\"ListItem\",\"position\":2,\"name\":\"TIENDA\",\"item\":\"https:\/\/yaomarket.cl\/?page_id=8\"},{\"@type\":\"ListItem\",\"position\":3,\"name\":\"Proteina Whey Cooking Protein 1,28 kgs. 43 servicios\"}]},{\"@type\":\"WebSite\",\"@id\":\"https:\/\/yaomarket.cl\/#website\",\"url\":\"https:\/\/yaomarket.cl\/\",\"name\":\"YAOMARKET\",\"description\":\"\",\"publisher\":{\"@id\":\"https:\/\/yaomarket.cl\/#organization\"},\"potentialAction\":[{\"@type\":\"SearchAction\",\"target\":{\"@type\":\"EntryPoint\",\"urlTemplate\":\"https:\/\/yaomarket.cl\/?s={search_term_string}\"},\"query-input\":{\"@type\":\"PropertyValueSpecification\",\"valueRequired\":true,\"valueName\":\"search_term_string\"}}],\"inLanguage\":\"es\"},{\"@type\":\"Organization\",\"@id\":\"https:\/\/yaomarket.cl\/#organization\",\"name\":\"YAOMARKET\",\"url\":\"https:\/\/yaomarket.cl\/\",\"logo\":{\"@type\":\"ImageObject\",\"inLanguage\":\"es\",\"@id\":\"https:\/\/yaomarket.cl\/#\/schema\/logo\/image\/\",\"url\":\"https:\/\/yaomarket.cl\/wp-content\/uploads\/2023\/08\/Logo-Original-Yao-Market-Circular.png\",\"contentUrl\":\"https:\/\/yaomarket.cl\/wp-content\/uploads\/2023\/08\/Logo-Original-Yao-Market-Circular.png\",\"width\":522,\"height\":522,\"caption\":\"YAOMARKET\"},\"image\":{\"@id\":\"https:\/\/yaomarket.cl\/#\/schema\/logo\/image\/\"},\"sameAs\":[\"https:\/\/www.facebook.com\/yaomarketchile\/\",\"https:\/\/www.instagram.com\/yao_market\/\"]}]}<\/script>\n<!-- \/ Yoast SEO plugin. -->","yoast_head_json":{"title":"Proteina Whey Cooking Protein 1,28 kgs. 43 servicios - YAOMARKET","robots":{"index":"index","follow":"follow","max-snippet":"max-snippet:-1","max-image-preview":"max-image-preview:large","max-video-preview":"max-video-preview:-1"},"canonical":"https:\/\/yaomarket.cl\/?product=proteina-whey-cooking-protein-128-kgs-43-servicios","og_locale":"es_ES","og_type":"article","og_title":"Proteina Whey Cooking Protein 1,28 kgs. 43 servicios - YAOMARKET","og_description":"Proteina Whey Cooking Protein 1,28 kgs. 43 servicios   100% whey (suero de leche)  Enzima lactasa  5,3 grs. de BCAAs  Especialmente para cocinar o batidos con frutas, yogur, etc.  Sin saborizantes y colorantes  Formato: Polvo  Contenido neto: 1,28 kgs.  Porciones: 43  Modo de uso: Usar 1 scoop (30 grs.) para preparaciones dulces como saladas ya que, al no tener saborizantes, se puede adaptar a cualquier preparaci\u00f3n. Incluso puedes hacer salsas o preparaciones dulces como postres, aportando un extra de prote\u00ednas. Podr\u00edas cocinar brownies, muffins, salsas, agregarlo a sopas, tortillas o crepes, donde te lleve tu imaginaci\u00f3n para la creaci\u00f3n de recetas con un alto porcentaje de prote\u00edna. Esto te ayudar\u00e1 a alcanzar tus requerimientos diarios de prote\u00edna a trav\u00e9s de preparaciones dulces o saladas.","og_url":"https:\/\/yaomarket.cl\/?product=proteina-whey-cooking-protein-128-kgs-43-servicios","og_site_name":"YAOMARKET","article_publisher":"https:\/\/www.facebook.com\/yaomarketchile\/","article_modified_time":"2025-06-03T14:24:49+00:00","og_image":[{"width":550,"height":550,"url":"https:\/\/yaomarket.cl\/wp-content\/uploads\/2025\/02\/Cooking1_600px-550x550-1.jpg","type":"image\/jpeg"}],"twitter_card":"summary_large_image","twitter_misc":{"Tiempo de lectura":"2 minutos"},"schema":{"@context":"https:\/\/schema.org","@graph":[{"@type":"WebPage","@id":"https:\/\/yaomarket.cl\/?product=proteina-whey-cooking-protein-128-kgs-43-servicios","url":"https:\/\/yaomarket.cl\/?product=proteina-whey-cooking-protein-128-kgs-43-servicios","name":"Proteina Whey Cooking Protein 1,28 kgs. 43 servicios - YAOMARKET","isPartOf":{"@id":"https:\/\/yaomarket.cl\/#website"},"primaryImageOfPage":{"@id":"https:\/\/yaomarket.cl\/?product=proteina-whey-cooking-protein-128-kgs-43-servicios#primaryimage"},"image":{"@id":"https:\/\/yaomarket.cl\/?product=proteina-whey-cooking-protein-128-kgs-43-servicios#primaryimage"},"thumbnailUrl":"https:\/\/yaomarket.cl\/wp-content\/uploads\/2025\/02\/Cooking1_600px-550x550-1.jpg","datePublished":"2025-02-26T02:16:43+00:00","dateModified":"2025-06-03T14:24:49+00:00","breadcrumb":{"@id":"https:\/\/yaomarket.cl\/?product=proteina-whey-cooking-protein-128-kgs-43-servicios#breadcrumb"},"inLanguage":"es","potentialAction":[{"@type":"ReadAction","target":["https:\/\/yaomarket.cl\/?product=proteina-whey-cooking-protein-128-kgs-43-servicios"]}]},{"@type":"ImageObject","inLanguage":"es","@id":"https:\/\/yaomarket.cl\/?product=proteina-whey-cooking-protein-128-kgs-43-servicios#primaryimage","url":"https:\/\/yaomarket.cl\/wp-content\/uploads\/2025\/02\/Cooking1_600px-550x550-1.jpg","contentUrl":"https:\/\/yaomarket.cl\/wp-content\/uploads\/2025\/02\/Cooking1_600px-550x550-1.jpg","width":550,"height":550},{"@type":"BreadcrumbList","@id":"https:\/\/yaomarket.cl\/?product=proteina-whey-cooking-protein-128-kgs-43-servicios#breadcrumb","itemListElement":[{"@type":"ListItem","position":1,"name":"Portada","item":"https:\/\/yaomarket.cl\/"},{"@type":"ListItem","position":2,"name":"TIENDA","item":"https:\/\/yaomarket.cl\/?page_id=8"},{"@type":"ListItem","position":3,"name":"Proteina Whey Cooking Protein 1,28 kgs. 43 servicios"}]},{"@type":"WebSite","@id":"https:\/\/yaomarket.cl\/#website","url":"https:\/\/yaomarket.cl\/","name":"YAOMARKET","description":"","publisher":{"@id":"https:\/\/yaomarket.cl\/#organization"},"potentialAction":[{"@type":"SearchAction","target":{"@type":"EntryPoint","urlTemplate":"https:\/\/yaomarket.cl\/?s={search_term_string}"},"query-input":{"@type":"PropertyValueSpecification","valueRequired":true,"valueName":"search_term_string"}}],"inLanguage":"es"},{"@type":"Organization","@id":"https:\/\/yaomarket.cl\/#organization","name":"YAOMARKET","url":"https:\/\/yaomarket.cl\/","logo":{"@type":"ImageObject","inLanguage":"es","@id":"https:\/\/yaomarket.cl\/#\/schema\/logo\/image\/","url":"https:\/\/yaomarket.cl\/wp-content\/uploads\/2023\/08\/Logo-Original-Yao-Market-Circular.png","contentUrl":"https:\/\/yaomarket.cl\/wp-content\/uploads\/2023\/08\/Logo-Original-Yao-Market-Circular.png","width":522,"height":522,"caption":"YAOMARKET"},"image":{"@id":"https:\/\/yaomarket.cl\/#\/schema\/logo\/image\/"},"sameAs":["https:\/\/www.facebook.com\/yaomarketchile\/","https:\/\/www.instagram.com\/yao_market\/"]}]}},"_links":{"self":[{"href":"https:\/\/yaomarket.cl\/index.php?rest_route=\/wp\/v2\/product\/11185","targetHints":{"allow":["GET"]}}],"collection":[{"href":"https:\/\/yaomarket.cl\/index.php?rest_route=\/wp\/v2\/product"}],"about":[{"href":"https:\/\/yaomarket.cl\/index.php?rest_route=\/wp\/v2\/types\/product"}],"wp:featuredmedia":[{"embeddable":true,"href":"https:\/\/yaomarket.cl\/index.php?rest_route=\/wp\/v2\/media\/11186"}],"wp:attachment":[{"href":"https:\/\/yaomarket.cl\/index.php?rest_route=%2Fwp%2Fv2%2Fmedia&parent=11185"}],"wp:term":[{"taxonomy":"product_cat","embeddable":true,"href":"https:\/\/yaomarket.cl\/index.php?rest_route=%2Fwp%2Fv2%2Fproduct_cat&post=11185"},{"taxonomy":"product_tag","embeddable":true,"href":"https:\/\/yaomarket.cl\/index.php?rest_route=%2Fwp%2Fv2%2Fproduct_tag&post=11185"}],"curies":[{"name":"wp","href":"https:\/\/api.w.org\/{rel}","templated":true}]}}