{"id":11181,"date":"2025-02-26T02:14:18","date_gmt":"2025-02-26T02:14:18","guid":{"rendered":"https:\/\/yaomarket.cl\/?post_type=product&#038;p=11181"},"modified":"2025-04-25T04:12:02","modified_gmt":"2025-04-25T04:12:02","slug":"proteina-para-cocinar-cooking-vegan-protein-1-kg","status":"publish","type":"product","link":"https:\/\/yaomarket.cl\/?product=proteina-para-cocinar-cooking-vegan-protein-1-kg","title":{"rendered":"Prote\u00edna para cocinar Cooking Vegan Protein 1 kg."},"content":{"rendered":"<h3><span style=\"color: #000000;\">Proteina para cocina Cooking Vegan Protein 1 kg.<\/span><\/h3>\n<p><span style=\"color: #000000;\">Proteina para cocinar Cooking Vegan Protein 1 kg. 30 servicios (Prote\u00edna de aislado de arveja y soya)<\/span><\/p>\n<ul>\n<li><span style=\"color: #000000;\">Bajo en carbohidratos y grasas<\/span><\/li>\n<li><span style=\"color: #000000;\">Recuperaci\u00f3n muscular<\/span><\/li>\n<li><span style=\"color: #000000;\">1005 vegana<\/span><\/li>\n<li><span style=\"color: #000000;\">Sin saborizantes, colorantes y preservantes<\/span><\/li>\n<\/ul>\n<p><span style=\"color: #000000;\">Proteina Cooking Vegan Protein de Revitta Wellness, es un alimento alto en prote\u00ednas de aislado de arveja y soya, de alto valor biol\u00f3gico. De completa composici\u00f3n de amino\u00e1cidos y una \u00f3ptima absorci\u00f3n.<\/span><\/p>\n<p><span style=\"color: #000000;\">Su alto contenido de prote\u00ednas y amino\u00e1cidos, proporcionan energ\u00eda al m\u00fasculo en actividades f\u00edsicas tanto aer\u00f3bicas, como anaer\u00f3bicas. Tambi\u00e9n contribuyen a cubrir posibles d\u00e9ficits proteicos en la ingesta diaria. Fomentando de esta manera el anabolismo muscular (recuperaci\u00f3n, desarrollo, crecimiento). Y previniendo el catabolismo muscular (p\u00e9rdida, reducci\u00f3n, degradaci\u00f3n).<\/span><\/p>\n","protected":false},"excerpt":{"rendered":"<h5><strong><span style=\"color: #000000;\">Prote\u00edna para cocinar Cooking Vegan Protein 1 kg.<\/span><\/strong><\/h5>\n<ul>\n<li><span style=\"color: #000000;\">100% vegana<\/span><\/li>\n<li><span style=\"color: #000000;\">Prote\u00edna de aislado de arveja y soya<\/span><\/li>\n<li><span style=\"color: #000000;\">Dise\u00f1ada especialmente para cocinar<\/span><\/li>\n<li><span style=\"color: #000000;\">Recuperaci\u00f3n<\/span><\/li>\n<li><span style=\"color: #000000;\">Sin Gluten y sin az\u00facar a\u00f1adida<\/span><\/li>\n<li><span style=\"color: #000000;\">Sin colorantes, sin saborizantes y sin preservantes<\/span><\/li>\n<li><span style=\"color: #000000;\">Prote\u00edna para Chefs<\/span><\/li>\n<\/ul>\n<p><span style=\"color: #000000;\">Formato: Polvo<\/span><\/p>\n<p><span style=\"color: #000000;\">Sabor: Sabor natural<\/span><\/p>\n<p><span style=\"color: #000000;\">Contenido: 1 kg.<\/span><\/p>\n<p><span style=\"color: #000000;\">Porciones: 30<\/span><\/p>\n<p><span style=\"color: #000000;\">Modo de uso: Se recomienda consumir de 1 a 2 porciones al d\u00eda, o lo prescrito por su nutricionista. Mezclar 1 scoop en 250ml. de agua (o cualquier bebida de su preferencia) y combinarlos con fruta, cacao, etc. o simplemente cocinar panqueques, cupcakes, entre otros.<\/span><\/p>\n","protected":false},"featured_media":11182,"template":"","meta":[],"product_cat":[534,537],"product_tag":[],"class_list":{"0":"post-11181","1":"product","2":"type-product","3":"status-publish","4":"has-post-thumbnail","6":"product_cat-deportista","7":"product_cat-proteinas","9":"first","10":"instock","11":"shipping-taxable","12":"purchasable","13":"product-type-simple"},"yoast_head":"<!-- This site is optimized with the Yoast SEO plugin v25.2 - https:\/\/yoast.com\/wordpress\/plugins\/seo\/ -->\n<title>Prote\u00edna para cocinar Cooking Vegan Protein 1 kg. - YAOMARKET<\/title>\n<meta name=\"robots\" content=\"index, follow, max-snippet:-1, max-image-preview:large, max-video-preview:-1\" \/>\n<link rel=\"canonical\" href=\"https:\/\/yaomarket.cl\/?product=proteina-para-cocinar-cooking-vegan-protein-1-kg\" \/>\n<meta property=\"og:locale\" content=\"es_ES\" \/>\n<meta property=\"og:type\" content=\"article\" \/>\n<meta property=\"og:title\" content=\"Prote\u00edna para cocinar Cooking Vegan Protein 1 kg. - YAOMARKET\" \/>\n<meta property=\"og:description\" content=\"Prote\u00edna para cocinar Cooking Vegan Protein 1 kg.   100% vegana  Prote\u00edna de aislado de arveja y soya  Dise\u00f1ada especialmente para cocinar  Recuperaci\u00f3n  Sin Gluten y sin az\u00facar a\u00f1adida  Sin colorantes, sin saborizantes y sin preservantes  Prote\u00edna para Chefs  Formato: Polvo  Sabor: Sabor natural  Contenido: 1 kg.  Porciones: 30  Modo de uso: Se recomienda consumir de 1 a 2 porciones al d\u00eda, o lo prescrito por su nutricionista. Mezclar 1 scoop en 250ml. de agua (o cualquier bebida de su preferencia) y combinarlos con fruta, cacao, etc. o simplemente cocinar panqueques, cupcakes, entre otros.\" \/>\n<meta property=\"og:url\" content=\"https:\/\/yaomarket.cl\/?product=proteina-para-cocinar-cooking-vegan-protein-1-kg\" \/>\n<meta property=\"og:site_name\" content=\"YAOMARKET\" \/>\n<meta property=\"article:publisher\" content=\"https:\/\/www.facebook.com\/yaomarketchile\/\" \/>\n<meta property=\"article:modified_time\" content=\"2025-04-25T04:12:02+00:00\" \/>\n<meta property=\"og:image\" content=\"https:\/\/yaomarket.cl\/wp-content\/uploads\/2025\/02\/cookingvegan_600px-1.jpg\" \/>\n\t<meta property=\"og:image:width\" content=\"600\" \/>\n\t<meta property=\"og:image:height\" content=\"600\" \/>\n\t<meta property=\"og:image:type\" content=\"image\/jpeg\" \/>\n<meta name=\"twitter:card\" content=\"summary_large_image\" \/>\n<meta name=\"twitter:label1\" content=\"Tiempo de lectura\" \/>\n\t<meta name=\"twitter:data1\" content=\"1 minuto\" \/>\n<script type=\"application\/ld+json\" class=\"yoast-schema-graph\">{\"@context\":\"https:\/\/schema.org\",\"@graph\":[{\"@type\":\"WebPage\",\"@id\":\"https:\/\/yaomarket.cl\/?product=proteina-para-cocinar-cooking-vegan-protein-1-kg\",\"url\":\"https:\/\/yaomarket.cl\/?product=proteina-para-cocinar-cooking-vegan-protein-1-kg\",\"name\":\"Prote\u00edna para cocinar Cooking Vegan Protein 1 kg. - YAOMARKET\",\"isPartOf\":{\"@id\":\"https:\/\/yaomarket.cl\/#website\"},\"primaryImageOfPage\":{\"@id\":\"https:\/\/yaomarket.cl\/?product=proteina-para-cocinar-cooking-vegan-protein-1-kg#primaryimage\"},\"image\":{\"@id\":\"https:\/\/yaomarket.cl\/?product=proteina-para-cocinar-cooking-vegan-protein-1-kg#primaryimage\"},\"thumbnailUrl\":\"https:\/\/yaomarket.cl\/wp-content\/uploads\/2025\/02\/cookingvegan_600px-1.jpg\",\"datePublished\":\"2025-02-26T02:14:18+00:00\",\"dateModified\":\"2025-04-25T04:12:02+00:00\",\"breadcrumb\":{\"@id\":\"https:\/\/yaomarket.cl\/?product=proteina-para-cocinar-cooking-vegan-protein-1-kg#breadcrumb\"},\"inLanguage\":\"es\",\"potentialAction\":[{\"@type\":\"ReadAction\",\"target\":[\"https:\/\/yaomarket.cl\/?product=proteina-para-cocinar-cooking-vegan-protein-1-kg\"]}]},{\"@type\":\"ImageObject\",\"inLanguage\":\"es\",\"@id\":\"https:\/\/yaomarket.cl\/?product=proteina-para-cocinar-cooking-vegan-protein-1-kg#primaryimage\",\"url\":\"https:\/\/yaomarket.cl\/wp-content\/uploads\/2025\/02\/cookingvegan_600px-1.jpg\",\"contentUrl\":\"https:\/\/yaomarket.cl\/wp-content\/uploads\/2025\/02\/cookingvegan_600px-1.jpg\",\"width\":600,\"height\":600},{\"@type\":\"BreadcrumbList\",\"@id\":\"https:\/\/yaomarket.cl\/?product=proteina-para-cocinar-cooking-vegan-protein-1-kg#breadcrumb\",\"itemListElement\":[{\"@type\":\"ListItem\",\"position\":1,\"name\":\"Portada\",\"item\":\"https:\/\/yaomarket.cl\/\"},{\"@type\":\"ListItem\",\"position\":2,\"name\":\"TIENDA\",\"item\":\"https:\/\/yaomarket.cl\/?page_id=8\"},{\"@type\":\"ListItem\",\"position\":3,\"name\":\"Prote\u00edna para cocinar Cooking Vegan Protein 1 kg.\"}]},{\"@type\":\"WebSite\",\"@id\":\"https:\/\/yaomarket.cl\/#website\",\"url\":\"https:\/\/yaomarket.cl\/\",\"name\":\"YAOMARKET\",\"description\":\"\",\"publisher\":{\"@id\":\"https:\/\/yaomarket.cl\/#organization\"},\"potentialAction\":[{\"@type\":\"SearchAction\",\"target\":{\"@type\":\"EntryPoint\",\"urlTemplate\":\"https:\/\/yaomarket.cl\/?s={search_term_string}\"},\"query-input\":{\"@type\":\"PropertyValueSpecification\",\"valueRequired\":true,\"valueName\":\"search_term_string\"}}],\"inLanguage\":\"es\"},{\"@type\":\"Organization\",\"@id\":\"https:\/\/yaomarket.cl\/#organization\",\"name\":\"YAOMARKET\",\"url\":\"https:\/\/yaomarket.cl\/\",\"logo\":{\"@type\":\"ImageObject\",\"inLanguage\":\"es\",\"@id\":\"https:\/\/yaomarket.cl\/#\/schema\/logo\/image\/\",\"url\":\"https:\/\/yaomarket.cl\/wp-content\/uploads\/2023\/08\/Logo-Original-Yao-Market-Circular.png\",\"contentUrl\":\"https:\/\/yaomarket.cl\/wp-content\/uploads\/2023\/08\/Logo-Original-Yao-Market-Circular.png\",\"width\":522,\"height\":522,\"caption\":\"YAOMARKET\"},\"image\":{\"@id\":\"https:\/\/yaomarket.cl\/#\/schema\/logo\/image\/\"},\"sameAs\":[\"https:\/\/www.facebook.com\/yaomarketchile\/\",\"https:\/\/www.instagram.com\/yao_market\/\"]}]}<\/script>\n<!-- \/ Yoast SEO plugin. -->","yoast_head_json":{"title":"Prote\u00edna para cocinar Cooking Vegan Protein 1 kg. - YAOMARKET","robots":{"index":"index","follow":"follow","max-snippet":"max-snippet:-1","max-image-preview":"max-image-preview:large","max-video-preview":"max-video-preview:-1"},"canonical":"https:\/\/yaomarket.cl\/?product=proteina-para-cocinar-cooking-vegan-protein-1-kg","og_locale":"es_ES","og_type":"article","og_title":"Prote\u00edna para cocinar Cooking Vegan Protein 1 kg. - YAOMARKET","og_description":"Prote\u00edna para cocinar Cooking Vegan Protein 1 kg.   100% vegana  Prote\u00edna de aislado de arveja y soya  Dise\u00f1ada especialmente para cocinar  Recuperaci\u00f3n  Sin Gluten y sin az\u00facar a\u00f1adida  Sin colorantes, sin saborizantes y sin preservantes  Prote\u00edna para Chefs  Formato: Polvo  Sabor: Sabor natural  Contenido: 1 kg.  Porciones: 30  Modo de uso: Se recomienda consumir de 1 a 2 porciones al d\u00eda, o lo prescrito por su nutricionista. Mezclar 1 scoop en 250ml. de agua (o cualquier bebida de su preferencia) y combinarlos con fruta, cacao, etc. o simplemente cocinar panqueques, cupcakes, entre otros.","og_url":"https:\/\/yaomarket.cl\/?product=proteina-para-cocinar-cooking-vegan-protein-1-kg","og_site_name":"YAOMARKET","article_publisher":"https:\/\/www.facebook.com\/yaomarketchile\/","article_modified_time":"2025-04-25T04:12:02+00:00","og_image":[{"width":600,"height":600,"url":"https:\/\/yaomarket.cl\/wp-content\/uploads\/2025\/02\/cookingvegan_600px-1.jpg","type":"image\/jpeg"}],"twitter_card":"summary_large_image","twitter_misc":{"Tiempo de lectura":"1 minuto"},"schema":{"@context":"https:\/\/schema.org","@graph":[{"@type":"WebPage","@id":"https:\/\/yaomarket.cl\/?product=proteina-para-cocinar-cooking-vegan-protein-1-kg","url":"https:\/\/yaomarket.cl\/?product=proteina-para-cocinar-cooking-vegan-protein-1-kg","name":"Prote\u00edna para cocinar Cooking Vegan Protein 1 kg. - YAOMARKET","isPartOf":{"@id":"https:\/\/yaomarket.cl\/#website"},"primaryImageOfPage":{"@id":"https:\/\/yaomarket.cl\/?product=proteina-para-cocinar-cooking-vegan-protein-1-kg#primaryimage"},"image":{"@id":"https:\/\/yaomarket.cl\/?product=proteina-para-cocinar-cooking-vegan-protein-1-kg#primaryimage"},"thumbnailUrl":"https:\/\/yaomarket.cl\/wp-content\/uploads\/2025\/02\/cookingvegan_600px-1.jpg","datePublished":"2025-02-26T02:14:18+00:00","dateModified":"2025-04-25T04:12:02+00:00","breadcrumb":{"@id":"https:\/\/yaomarket.cl\/?product=proteina-para-cocinar-cooking-vegan-protein-1-kg#breadcrumb"},"inLanguage":"es","potentialAction":[{"@type":"ReadAction","target":["https:\/\/yaomarket.cl\/?product=proteina-para-cocinar-cooking-vegan-protein-1-kg"]}]},{"@type":"ImageObject","inLanguage":"es","@id":"https:\/\/yaomarket.cl\/?product=proteina-para-cocinar-cooking-vegan-protein-1-kg#primaryimage","url":"https:\/\/yaomarket.cl\/wp-content\/uploads\/2025\/02\/cookingvegan_600px-1.jpg","contentUrl":"https:\/\/yaomarket.cl\/wp-content\/uploads\/2025\/02\/cookingvegan_600px-1.jpg","width":600,"height":600},{"@type":"BreadcrumbList","@id":"https:\/\/yaomarket.cl\/?product=proteina-para-cocinar-cooking-vegan-protein-1-kg#breadcrumb","itemListElement":[{"@type":"ListItem","position":1,"name":"Portada","item":"https:\/\/yaomarket.cl\/"},{"@type":"ListItem","position":2,"name":"TIENDA","item":"https:\/\/yaomarket.cl\/?page_id=8"},{"@type":"ListItem","position":3,"name":"Prote\u00edna para cocinar Cooking Vegan Protein 1 kg."}]},{"@type":"WebSite","@id":"https:\/\/yaomarket.cl\/#website","url":"https:\/\/yaomarket.cl\/","name":"YAOMARKET","description":"","publisher":{"@id":"https:\/\/yaomarket.cl\/#organization"},"potentialAction":[{"@type":"SearchAction","target":{"@type":"EntryPoint","urlTemplate":"https:\/\/yaomarket.cl\/?s={search_term_string}"},"query-input":{"@type":"PropertyValueSpecification","valueRequired":true,"valueName":"search_term_string"}}],"inLanguage":"es"},{"@type":"Organization","@id":"https:\/\/yaomarket.cl\/#organization","name":"YAOMARKET","url":"https:\/\/yaomarket.cl\/","logo":{"@type":"ImageObject","inLanguage":"es","@id":"https:\/\/yaomarket.cl\/#\/schema\/logo\/image\/","url":"https:\/\/yaomarket.cl\/wp-content\/uploads\/2023\/08\/Logo-Original-Yao-Market-Circular.png","contentUrl":"https:\/\/yaomarket.cl\/wp-content\/uploads\/2023\/08\/Logo-Original-Yao-Market-Circular.png","width":522,"height":522,"caption":"YAOMARKET"},"image":{"@id":"https:\/\/yaomarket.cl\/#\/schema\/logo\/image\/"},"sameAs":["https:\/\/www.facebook.com\/yaomarketchile\/","https:\/\/www.instagram.com\/yao_market\/"]}]}},"_links":{"self":[{"href":"https:\/\/yaomarket.cl\/index.php?rest_route=\/wp\/v2\/product\/11181","targetHints":{"allow":["GET"]}}],"collection":[{"href":"https:\/\/yaomarket.cl\/index.php?rest_route=\/wp\/v2\/product"}],"about":[{"href":"https:\/\/yaomarket.cl\/index.php?rest_route=\/wp\/v2\/types\/product"}],"wp:featuredmedia":[{"embeddable":true,"href":"https:\/\/yaomarket.cl\/index.php?rest_route=\/wp\/v2\/media\/11182"}],"wp:attachment":[{"href":"https:\/\/yaomarket.cl\/index.php?rest_route=%2Fwp%2Fv2%2Fmedia&parent=11181"}],"wp:term":[{"taxonomy":"product_cat","embeddable":true,"href":"https:\/\/yaomarket.cl\/index.php?rest_route=%2Fwp%2Fv2%2Fproduct_cat&post=11181"},{"taxonomy":"product_tag","embeddable":true,"href":"https:\/\/yaomarket.cl\/index.php?rest_route=%2Fwp%2Fv2%2Fproduct_tag&post=11181"}],"curies":[{"name":"wp","href":"https:\/\/api.w.org\/{rel}","templated":true}]}}