{"id":11165,"date":"2025-02-25T21:03:41","date_gmt":"2025-02-25T21:03:41","guid":{"rendered":"https:\/\/yaomarket.cl\/?post_type=product&#038;p=11165"},"modified":"2025-06-09T21:37:22","modified_gmt":"2025-06-09T21:37:22","slug":"spirulina-en-capsulas-300-caps-60-porciones","status":"publish","type":"product","link":"https:\/\/yaomarket.cl\/?product=spirulina-en-capsulas-300-caps-60-porciones","title":{"rendered":"Spirulina en c\u00e1psulas 300 caps. 60 porciones"},"content":{"rendered":"<h2><span style=\"color: #000000;\"><strong>Super Alimento Spirulina en c\u00e1psulas<\/strong><\/span><\/h2>\n<p><span style=\"color: #000000;\">Spirulina en c\u00e1psulas 300 caps. 60 porciones de Revitta Wellness es un suplemento alimentario 100 % Natural.<\/span><\/p>\n<p><span style=\"color: #000000;\">Est\u00e1 elaborada a partir de un tipo de alga que se utiliza incluso para crear productos medicinales por su gran aporte de nutrientes. Adem\u00e1s est\u00e1 catalogada como un s\u00faper alimento por su excelente fuente de vitaminas, minerales, antioxidantes y prote\u00ednas. Este alimento le otorga al organismo una serie de beneficios que se los mencionaremos a continuaci\u00f3n.<\/span><\/p>\n<p><span style=\"color: #000000;\"><strong>Beneficios de la Spirulina para el cuerpo Humano:<\/strong><\/span><\/p>\n<ul>\n<li><span style=\"color: #000000;\">Disminuir la presi\u00f3n arterial as\u00ed como tambi\u00e9n el colesterol y los triglic\u00e9ridos<\/span><\/li>\n<li><span style=\"color: #000000;\">Mejorar los s\u00edntomas de la\u00a0rinitis\u00a0al\u00e9rgica<\/span><\/li>\n<li><span style=\"color: #000000;\">Prevenir y controlar la diabetes<\/span><\/li>\n<li><span style=\"color: #000000;\">Favorecer la p\u00e9rdida de peso<\/span><\/li>\n<li><span style=\"color: #000000;\">Podr\u00eda mejorar la concentraci\u00f3n y adem\u00e1s subir el \u00e1nimo.<\/span><\/li>\n<li><span style=\"color: #000000;\">Ejerce un efecto neuroprotector y por ende podr\u00eda contribuir a mejorar la memoria<\/span><\/li>\n<li><span style=\"color: #000000;\">Ayuda a reducir la inflamaci\u00f3n<\/span><\/li>\n<li><span style=\"color: #000000;\">Mejora y fortalece el sistema inmune<\/span><\/li>\n<li><span style=\"color: #000000;\">Puede influir en el tratamiento de la artritis<\/span><\/li>\n<li><span style=\"color: #000000;\">Impide el envejecimiento precoz<\/span><\/li>\n<li><span style=\"color: #000000;\">Prevenir\u00a0el c\u00e1ncer<\/span><\/li>\n<li><span style=\"color: #000000;\">Favorecer la hipertrofia as\u00ed como tambi\u00e9n la recuperaci\u00f3n muscular<\/span><\/li>\n<li><span style=\"color: #000000;\">Purificar el\u00a0organismo<\/span><\/li>\n<li><span style=\"color: #000000;\">Podr\u00eda mejorar los s\u00edntomas de la anemia<\/span><\/li>\n<\/ul>\n<h4><span style=\"color: #000000;\">Otros beneficios<\/span><\/h4>\n<p><span style=\"color: #000000;\">En adici\u00f3n a todos los beneficios anteriormente mencionados, la spirulina se recomienda para combatir diferentes enfermedades tales como: la hipertensi\u00f3n, la dislipidemia, la rinitis al\u00e9rgica, la anemia, la diabetes, trastornos neurol\u00f3gicos, artritis, o simplemente para mejorar la apariencia de la piel y brindar una sensaci\u00f3n de bienestar. Adem\u00e1s est\u00e1 recomendada para diferentes etapas de la vida, dependiendo de las necesidades latentes de cada individuo.<\/span><\/p>\n<h4><span style=\"color: #000000;\"><strong>C\u00f3mo Tomar Spirulina en c\u00e1psulas<\/strong><\/span><\/h4>\n<p><span style=\"color: #000000;\">Tambi\u00e9n Spirulina de Revitta Wellness es f\u00e1cil de tomar, ya que viene en c\u00e1psulas. Por lo cual, para lograr una dosis \u00f3ptima, se recomienda consumir 5 c\u00e1psulas con un vaso de agua (200ml)\u00a0 durante el d\u00eda, ya sea ingerida en una dosis \u00f3 bien fraccionarlas durante el d\u00eda. Adem\u00e1s se recomienda consumirla 20 minutos antes de las comidas de preferencia antes del desayuno o lo prescrito por tu m\u00e9dico o nutricionista.<\/span><\/p>\n<p><span style=\"color: #000000;\">Spirulina en c\u00e1psulas 300 caps. 60 porciones de Revitta Wellness es un Suplemento Alimentario, el cual se recomienda consumir en conjunto a la alimentaci\u00f3n diaria, no como sustituto o remplazo de alg\u00fan alimento.<\/span><\/p>\n<ul>\n<li><span style=\"color: #000000;\">Apto para veganos y vegetarianos<\/span><\/li>\n<li><span style=\"color: #000000;\">Poderoso antioxidante<\/span><\/li>\n<li><span style=\"color: #000000;\">Libre de gluten<\/span><\/li>\n<li><span style=\"color: #000000;\">Sin Lactosa<\/span><\/li>\n<li><span style=\"color: #000000;\">Libre de Soya<\/span><\/li>\n<li><span style=\"color: #000000;\">GMO free<\/span><\/li>\n<\/ul>\n","protected":false},"excerpt":{"rendered":"<ul>\n<li><span style=\"color: #000000;\">S\u00faper alimento<\/span><\/li>\n<li><span style=\"color: #000000;\">Gluten free<\/span><\/li>\n<li><span style=\"color: #000000;\">Bajo en calor\u00edas<\/span><\/li>\n<li><span style=\"color: #000000;\">Contiene antioxidantes<\/span><\/li>\n<li><span style=\"color: #000000;\">Rico en Hierro, Vitamina B12 y Beta caroteno<\/span><\/li>\n<\/ul>\n<p><span style=\"color: #000000;\">Formato: Capsulas<\/span><\/p>\n<p><span style=\"color: #000000;\">Contenido: 300 c\u00e1psulas<\/span><\/p>\n<p><span style=\"color: #000000;\">Porciones: 60<\/span><\/p>\n<p><span style=\"color: #000000;\"><strong>100% org\u00e1nica, fundamental en la spirulina, ya que esta planta absorbe todo lo que tiene a su alrededor. Si es cultivada en piscinas o con pesticidas, se vuelve t\u00f3xica para el organismo. Es por esto que la spirulina siempre debe ser org\u00e1nica.<\/strong><\/span><\/p>\n","protected":false},"featured_media":11166,"template":"","meta":[],"product_cat":[534,726,670],"product_tag":[],"class_list":{"0":"post-11165","1":"product","2":"type-product","3":"status-publish","4":"has-post-thumbnail","6":"product_cat-deportista","7":"product_cat-super-alimentos","8":"product_cat-vitaminas-y-minerales","10":"first","11":"instock","12":"shipping-taxable","13":"purchasable","14":"product-type-simple"},"yoast_head":"<!-- This site is optimized with the Yoast SEO plugin v25.2 - https:\/\/yoast.com\/wordpress\/plugins\/seo\/ -->\n<title>Spirulina en c\u00e1psulas 300 caps. 60 porciones - YAOMARKET<\/title>\n<meta name=\"robots\" content=\"index, follow, max-snippet:-1, max-image-preview:large, max-video-preview:-1\" \/>\n<link rel=\"canonical\" href=\"https:\/\/yaomarket.cl\/?product=spirulina-en-capsulas-300-caps-60-porciones\" \/>\n<meta property=\"og:locale\" content=\"es_ES\" \/>\n<meta property=\"og:type\" content=\"article\" \/>\n<meta property=\"og:title\" content=\"Spirulina en c\u00e1psulas 300 caps. 60 porciones - YAOMARKET\" \/>\n<meta property=\"og:description\" content=\"S\u00faper alimento  Gluten free  Bajo en calor\u00edas  Contiene antioxidantes  Rico en Hierro, Vitamina B12 y Beta caroteno  Formato: Capsulas  Contenido: 300 c\u00e1psulas  Porciones: 60  100% org\u00e1nica, fundamental en la spirulina, ya que esta planta absorbe todo lo que tiene a su alrededor. Si es cultivada en piscinas o con pesticidas, se vuelve t\u00f3xica para el organismo. Es por esto que la spirulina siempre debe ser org\u00e1nica.\" \/>\n<meta property=\"og:url\" content=\"https:\/\/yaomarket.cl\/?product=spirulina-en-capsulas-300-caps-60-porciones\" \/>\n<meta property=\"og:site_name\" content=\"YAOMARKET\" \/>\n<meta property=\"article:publisher\" content=\"https:\/\/www.facebook.com\/yaomarketchile\/\" \/>\n<meta property=\"article:modified_time\" content=\"2025-06-09T21:37:22+00:00\" \/>\n<meta property=\"og:image\" content=\"https:\/\/yaomarket.cl\/wp-content\/uploads\/2025\/02\/Spiru1_600px.jpg\" \/>\n\t<meta property=\"og:image:width\" content=\"600\" \/>\n\t<meta property=\"og:image:height\" content=\"600\" \/>\n\t<meta property=\"og:image:type\" content=\"image\/jpeg\" \/>\n<meta name=\"twitter:card\" content=\"summary_large_image\" \/>\n<meta name=\"twitter:label1\" content=\"Tiempo de lectura\" \/>\n\t<meta name=\"twitter:data1\" content=\"2 minutos\" \/>\n<script type=\"application\/ld+json\" class=\"yoast-schema-graph\">{\"@context\":\"https:\/\/schema.org\",\"@graph\":[{\"@type\":\"WebPage\",\"@id\":\"https:\/\/yaomarket.cl\/?product=spirulina-en-capsulas-300-caps-60-porciones\",\"url\":\"https:\/\/yaomarket.cl\/?product=spirulina-en-capsulas-300-caps-60-porciones\",\"name\":\"Spirulina en c\u00e1psulas 300 caps. 60 porciones - YAOMARKET\",\"isPartOf\":{\"@id\":\"https:\/\/yaomarket.cl\/#website\"},\"primaryImageOfPage\":{\"@id\":\"https:\/\/yaomarket.cl\/?product=spirulina-en-capsulas-300-caps-60-porciones#primaryimage\"},\"image\":{\"@id\":\"https:\/\/yaomarket.cl\/?product=spirulina-en-capsulas-300-caps-60-porciones#primaryimage\"},\"thumbnailUrl\":\"https:\/\/yaomarket.cl\/wp-content\/uploads\/2025\/02\/Spiru1_600px.jpg\",\"datePublished\":\"2025-02-25T21:03:41+00:00\",\"dateModified\":\"2025-06-09T21:37:22+00:00\",\"breadcrumb\":{\"@id\":\"https:\/\/yaomarket.cl\/?product=spirulina-en-capsulas-300-caps-60-porciones#breadcrumb\"},\"inLanguage\":\"es\",\"potentialAction\":[{\"@type\":\"ReadAction\",\"target\":[\"https:\/\/yaomarket.cl\/?product=spirulina-en-capsulas-300-caps-60-porciones\"]}]},{\"@type\":\"ImageObject\",\"inLanguage\":\"es\",\"@id\":\"https:\/\/yaomarket.cl\/?product=spirulina-en-capsulas-300-caps-60-porciones#primaryimage\",\"url\":\"https:\/\/yaomarket.cl\/wp-content\/uploads\/2025\/02\/Spiru1_600px.jpg\",\"contentUrl\":\"https:\/\/yaomarket.cl\/wp-content\/uploads\/2025\/02\/Spiru1_600px.jpg\",\"width\":600,\"height\":600},{\"@type\":\"BreadcrumbList\",\"@id\":\"https:\/\/yaomarket.cl\/?product=spirulina-en-capsulas-300-caps-60-porciones#breadcrumb\",\"itemListElement\":[{\"@type\":\"ListItem\",\"position\":1,\"name\":\"Portada\",\"item\":\"https:\/\/yaomarket.cl\/\"},{\"@type\":\"ListItem\",\"position\":2,\"name\":\"TIENDA\",\"item\":\"https:\/\/yaomarket.cl\/?page_id=8\"},{\"@type\":\"ListItem\",\"position\":3,\"name\":\"Spirulina en c\u00e1psulas 300 caps. 60 porciones\"}]},{\"@type\":\"WebSite\",\"@id\":\"https:\/\/yaomarket.cl\/#website\",\"url\":\"https:\/\/yaomarket.cl\/\",\"name\":\"YAOMARKET\",\"description\":\"\",\"publisher\":{\"@id\":\"https:\/\/yaomarket.cl\/#organization\"},\"potentialAction\":[{\"@type\":\"SearchAction\",\"target\":{\"@type\":\"EntryPoint\",\"urlTemplate\":\"https:\/\/yaomarket.cl\/?s={search_term_string}\"},\"query-input\":{\"@type\":\"PropertyValueSpecification\",\"valueRequired\":true,\"valueName\":\"search_term_string\"}}],\"inLanguage\":\"es\"},{\"@type\":\"Organization\",\"@id\":\"https:\/\/yaomarket.cl\/#organization\",\"name\":\"YAOMARKET\",\"url\":\"https:\/\/yaomarket.cl\/\",\"logo\":{\"@type\":\"ImageObject\",\"inLanguage\":\"es\",\"@id\":\"https:\/\/yaomarket.cl\/#\/schema\/logo\/image\/\",\"url\":\"https:\/\/yaomarket.cl\/wp-content\/uploads\/2023\/08\/Logo-Original-Yao-Market-Circular.png\",\"contentUrl\":\"https:\/\/yaomarket.cl\/wp-content\/uploads\/2023\/08\/Logo-Original-Yao-Market-Circular.png\",\"width\":522,\"height\":522,\"caption\":\"YAOMARKET\"},\"image\":{\"@id\":\"https:\/\/yaomarket.cl\/#\/schema\/logo\/image\/\"},\"sameAs\":[\"https:\/\/www.facebook.com\/yaomarketchile\/\",\"https:\/\/www.instagram.com\/yao_market\/\"]}]}<\/script>\n<!-- \/ Yoast SEO plugin. -->","yoast_head_json":{"title":"Spirulina en c\u00e1psulas 300 caps. 60 porciones - YAOMARKET","robots":{"index":"index","follow":"follow","max-snippet":"max-snippet:-1","max-image-preview":"max-image-preview:large","max-video-preview":"max-video-preview:-1"},"canonical":"https:\/\/yaomarket.cl\/?product=spirulina-en-capsulas-300-caps-60-porciones","og_locale":"es_ES","og_type":"article","og_title":"Spirulina en c\u00e1psulas 300 caps. 60 porciones - YAOMARKET","og_description":"S\u00faper alimento  Gluten free  Bajo en calor\u00edas  Contiene antioxidantes  Rico en Hierro, Vitamina B12 y Beta caroteno  Formato: Capsulas  Contenido: 300 c\u00e1psulas  Porciones: 60  100% org\u00e1nica, fundamental en la spirulina, ya que esta planta absorbe todo lo que tiene a su alrededor. Si es cultivada en piscinas o con pesticidas, se vuelve t\u00f3xica para el organismo. Es por esto que la spirulina siempre debe ser org\u00e1nica.","og_url":"https:\/\/yaomarket.cl\/?product=spirulina-en-capsulas-300-caps-60-porciones","og_site_name":"YAOMARKET","article_publisher":"https:\/\/www.facebook.com\/yaomarketchile\/","article_modified_time":"2025-06-09T21:37:22+00:00","og_image":[{"width":600,"height":600,"url":"https:\/\/yaomarket.cl\/wp-content\/uploads\/2025\/02\/Spiru1_600px.jpg","type":"image\/jpeg"}],"twitter_card":"summary_large_image","twitter_misc":{"Tiempo de lectura":"2 minutos"},"schema":{"@context":"https:\/\/schema.org","@graph":[{"@type":"WebPage","@id":"https:\/\/yaomarket.cl\/?product=spirulina-en-capsulas-300-caps-60-porciones","url":"https:\/\/yaomarket.cl\/?product=spirulina-en-capsulas-300-caps-60-porciones","name":"Spirulina en c\u00e1psulas 300 caps. 60 porciones - YAOMARKET","isPartOf":{"@id":"https:\/\/yaomarket.cl\/#website"},"primaryImageOfPage":{"@id":"https:\/\/yaomarket.cl\/?product=spirulina-en-capsulas-300-caps-60-porciones#primaryimage"},"image":{"@id":"https:\/\/yaomarket.cl\/?product=spirulina-en-capsulas-300-caps-60-porciones#primaryimage"},"thumbnailUrl":"https:\/\/yaomarket.cl\/wp-content\/uploads\/2025\/02\/Spiru1_600px.jpg","datePublished":"2025-02-25T21:03:41+00:00","dateModified":"2025-06-09T21:37:22+00:00","breadcrumb":{"@id":"https:\/\/yaomarket.cl\/?product=spirulina-en-capsulas-300-caps-60-porciones#breadcrumb"},"inLanguage":"es","potentialAction":[{"@type":"ReadAction","target":["https:\/\/yaomarket.cl\/?product=spirulina-en-capsulas-300-caps-60-porciones"]}]},{"@type":"ImageObject","inLanguage":"es","@id":"https:\/\/yaomarket.cl\/?product=spirulina-en-capsulas-300-caps-60-porciones#primaryimage","url":"https:\/\/yaomarket.cl\/wp-content\/uploads\/2025\/02\/Spiru1_600px.jpg","contentUrl":"https:\/\/yaomarket.cl\/wp-content\/uploads\/2025\/02\/Spiru1_600px.jpg","width":600,"height":600},{"@type":"BreadcrumbList","@id":"https:\/\/yaomarket.cl\/?product=spirulina-en-capsulas-300-caps-60-porciones#breadcrumb","itemListElement":[{"@type":"ListItem","position":1,"name":"Portada","item":"https:\/\/yaomarket.cl\/"},{"@type":"ListItem","position":2,"name":"TIENDA","item":"https:\/\/yaomarket.cl\/?page_id=8"},{"@type":"ListItem","position":3,"name":"Spirulina en c\u00e1psulas 300 caps. 60 porciones"}]},{"@type":"WebSite","@id":"https:\/\/yaomarket.cl\/#website","url":"https:\/\/yaomarket.cl\/","name":"YAOMARKET","description":"","publisher":{"@id":"https:\/\/yaomarket.cl\/#organization"},"potentialAction":[{"@type":"SearchAction","target":{"@type":"EntryPoint","urlTemplate":"https:\/\/yaomarket.cl\/?s={search_term_string}"},"query-input":{"@type":"PropertyValueSpecification","valueRequired":true,"valueName":"search_term_string"}}],"inLanguage":"es"},{"@type":"Organization","@id":"https:\/\/yaomarket.cl\/#organization","name":"YAOMARKET","url":"https:\/\/yaomarket.cl\/","logo":{"@type":"ImageObject","inLanguage":"es","@id":"https:\/\/yaomarket.cl\/#\/schema\/logo\/image\/","url":"https:\/\/yaomarket.cl\/wp-content\/uploads\/2023\/08\/Logo-Original-Yao-Market-Circular.png","contentUrl":"https:\/\/yaomarket.cl\/wp-content\/uploads\/2023\/08\/Logo-Original-Yao-Market-Circular.png","width":522,"height":522,"caption":"YAOMARKET"},"image":{"@id":"https:\/\/yaomarket.cl\/#\/schema\/logo\/image\/"},"sameAs":["https:\/\/www.facebook.com\/yaomarketchile\/","https:\/\/www.instagram.com\/yao_market\/"]}]}},"_links":{"self":[{"href":"https:\/\/yaomarket.cl\/index.php?rest_route=\/wp\/v2\/product\/11165","targetHints":{"allow":["GET"]}}],"collection":[{"href":"https:\/\/yaomarket.cl\/index.php?rest_route=\/wp\/v2\/product"}],"about":[{"href":"https:\/\/yaomarket.cl\/index.php?rest_route=\/wp\/v2\/types\/product"}],"wp:featuredmedia":[{"embeddable":true,"href":"https:\/\/yaomarket.cl\/index.php?rest_route=\/wp\/v2\/media\/11166"}],"wp:attachment":[{"href":"https:\/\/yaomarket.cl\/index.php?rest_route=%2Fwp%2Fv2%2Fmedia&parent=11165"}],"wp:term":[{"taxonomy":"product_cat","embeddable":true,"href":"https:\/\/yaomarket.cl\/index.php?rest_route=%2Fwp%2Fv2%2Fproduct_cat&post=11165"},{"taxonomy":"product_tag","embeddable":true,"href":"https:\/\/yaomarket.cl\/index.php?rest_route=%2Fwp%2Fv2%2Fproduct_tag&post=11165"}],"curies":[{"name":"wp","href":"https:\/\/api.w.org\/{rel}","templated":true}]}}