{"id":11112,"date":"2025-02-25T19:34:53","date_gmt":"2025-02-25T19:34:53","guid":{"rendered":"https:\/\/yaomarket.cl\/?post_type=product&#038;p=11112"},"modified":"2025-06-09T21:12:12","modified_gmt":"2025-06-09T21:12:12","slug":"ganador-de-peso-mass-pro-win-39-kgs","status":"publish","type":"product","link":"https:\/\/yaomarket.cl\/?product=ganador-de-peso-mass-pro-win-39-kgs","title":{"rendered":"Ganador de Peso Mass Pro Win 3,9 kgs."},"content":{"rendered":"<h1><span style=\"color: #000000;\">Ganador de peso Mass Pro Win 3,9 kgs.<\/span><\/h1>\n<p><span style=\"color: #000000;\">Es importante mencionar que a deportistas con un elevado gasto energ\u00e9tico producto de largas e intensivas jornadas de entrenamiento se les dificulta llegar a sus requerimientos diarios de nutrientes. Este producto es una excelente alternativa para alcanzar sus requerimientos diarios, evitando el catabolismo muscular, la disminuci\u00f3n del rendimiento deportivo y la p\u00e9rdida de peso corporal.<\/span><\/p>\n<h2><span style=\"color: #000000;\">\u00bfDe qu\u00e9 est\u00e1 compuesto Mass Pro Win?<\/span><\/h2>\n<p><span style=\"color: #000000;\">El ganador de peso de Winkler Nutrition est\u00e1 compuesto por prote\u00edna de suero de leche, creatina, glutamina y L-leucina dentro de sus ingredientes principales, nutrientes que est\u00e1n enfocados principalmente en la regeneraci\u00f3n, recuperaci\u00f3n muscular y aumento del rendimiento deportivo.<\/span><\/p>\n<h3><span style=\"color: #000000;\">Funciones de los componentes del ganador de peso de Winkler Nutrition.<\/span><\/h3>\n<p><span style=\"color: #000000;\">\u25aa Whey (Proteina de suero de leche) (33 grs. por porci\u00f3n): Su funci\u00f3n principal es favorecer la recuperaci\u00f3n y regeneraci\u00f3n muscular.<\/span><br \/>\n<span style=\"color: #000000;\">\u25aa Creatina Monohidrato (3000 mg o 3 grs.): El rol principal es mejorar fuerza, potencia y aumentar masa muscular.<\/span><br \/>\n<span style=\"color: #000000;\">\u25aa L- glutamina (1500 mg. o 1,5 grs.): Amino\u00e1cido involucrado en evitar la fatiga muscular y favorece la hipertrofia muscular. Tambi\u00e9n fortalece el sistema inmune y mejora la recuperaci\u00f3n post ejercicio.<\/span><br \/>\n<span style=\"color: #000000;\">\u25aa Maltodextrina y dextrosa: Carbohidratos involucrados en el proceso anab\u00f3lico y aporte energ\u00e9tico.<\/span><br \/>\n<span style=\"color: #000000;\">\u25aaAmino\u00e1cido L-leucina: est\u00e1 involucrado en la s\u00edntesis de prote\u00edna muscular. La L-leucina produce un efecto anab\u00f3lico cuando act\u00faa en sinergia con hidratos de carbono, por lo que se potencia su efecto con la presencia de maltodextrina y dextrosa.<\/span><\/p>\n<h3><span style=\"color: #000000;\">\u00bfCu\u00e1l es la diferencia entre una prote\u00edna y un ganador de peso?<\/span><\/h3>\n<p><span style=\"color: #000000;\">La diferencia radica principalmente en el aporte cal\u00f3rico y de macronutrientes por los que est\u00e1n compuestos. La prote\u00edna contiene muy baja cantidad carbohidratos y grasas, mientras que el ganador de peso tiene un alto contenido de hidratos de carbono (102 gr) y tambi\u00e9n aporta grasas (4g). Adem\u00e1s, se diferencian en su funci\u00f3n ya que el ganador de peso busca lograr el aumento o recuperaci\u00f3n de peso corporal a trav\u00e9s de un aporte muy elevado de calor\u00edas y macronutrientes, a diferencia de la prote\u00edna que tiene un aporte cal\u00f3rico mucho menor (100-150 cal\/ porci\u00f3n) y est\u00e1 enfocado principalmente a la recuperaci\u00f3n y regeneraci\u00f3n muscular.<\/span><\/p>\n<h3><span style=\"color: #000000;\">Aporte energ\u00e9tico de Mass Pro Win<\/span><\/h3>\n<p><span style=\"color: #000000;\">El aporte nutricional por porci\u00f3n (150 g) del Ganador de peso de Winkler Nutrition es de: 580 calor\u00edas, 102 gr de carbohidratos, 33 gr de prote\u00edna y 4 g de grasas. El aporte energ\u00e9tico es elevado, por este motivo, se recomienda principalmente en deportistas de alto rendimiento con un gasto energ\u00e9tico muy elevado o deportistas que se encuentran bajo peso para llegar a un peso adecuado de una forma m\u00e1s r\u00e1pida y eficaz.<\/span><\/p>\n","protected":false},"excerpt":{"rendered":"<h4><span style=\"color: #000000;\">Ganador de peso Mass Pro Win 3,9 kgs.<\/span><\/h4>\n<ul>\n<li><span style=\"color: #000000;\">Crecimiento muscular<\/span><\/li>\n<li><span style=\"color: #000000;\">Recuperaci\u00f3n<\/span><\/li>\n<li><span style=\"color: #000000;\">Ganador de peso<\/span><\/li>\n<li><span style=\"color: #000000;\">Fuerza<\/span><\/li>\n<\/ul>\n<p><span style=\"color: #000000;\">Formato: Polvo<\/span><\/p>\n<p><span style=\"color: #000000;\">Sabores: Chocolate y Dulce de leche<\/span><\/p>\n<p><span style=\"color: #000000;\">Contenido: 3,9 kgs.<\/span><\/p>\n<p><span style=\"color: #000000;\">Porciones: 26<\/span><\/p>\n<p><span style=\"color: #000000;\">Modo de uso: Mezclar 1 scoop en 500 ml de agua o leche despu\u00e9s del entrenamiento o lo prescrito por tu nutricionista.<\/span><\/p>\n","protected":false},"featured_media":11113,"template":"","meta":[],"product_cat":[534,537],"product_tag":[],"class_list":{"0":"post-11112","1":"product","2":"type-product","3":"status-publish","4":"has-post-thumbnail","6":"product_cat-deportista","7":"product_cat-proteinas","9":"first","10":"instock","11":"shipping-taxable","12":"purchasable","13":"product-type-variable"},"yoast_head":"<!-- This site is optimized with the Yoast SEO plugin v25.2 - https:\/\/yoast.com\/wordpress\/plugins\/seo\/ -->\n<title>Ganador de Peso Mass Pro Win 3,9 kgs. - YAOMARKET<\/title>\n<meta name=\"robots\" content=\"index, follow, max-snippet:-1, max-image-preview:large, max-video-preview:-1\" \/>\n<link rel=\"canonical\" href=\"https:\/\/yaomarket.cl\/?product=ganador-de-peso-mass-pro-win-39-kgs\" \/>\n<meta property=\"og:locale\" content=\"es_ES\" \/>\n<meta property=\"og:type\" content=\"article\" \/>\n<meta property=\"og:title\" content=\"Ganador de Peso Mass Pro Win 3,9 kgs. - YAOMARKET\" \/>\n<meta property=\"og:description\" content=\"Ganador de peso Mass Pro Win 3,9 kgs.   Crecimiento muscular  Recuperaci\u00f3n  Ganador de peso  Fuerza  Formato: Polvo  Sabores: Chocolate y Dulce de leche  Contenido: 3,9 kgs.  Porciones: 26  Modo de uso: Mezclar 1 scoop en 500 ml de agua o leche despu\u00e9s del entrenamiento o lo prescrito por tu nutricionista.\" \/>\n<meta property=\"og:url\" content=\"https:\/\/yaomarket.cl\/?product=ganador-de-peso-mass-pro-win-39-kgs\" \/>\n<meta property=\"og:site_name\" content=\"YAOMARKET\" \/>\n<meta property=\"article:publisher\" content=\"https:\/\/www.facebook.com\/yaomarketchile\/\" \/>\n<meta property=\"article:modified_time\" content=\"2025-06-09T21:12:12+00:00\" \/>\n<meta property=\"og:image\" content=\"https:\/\/yaomarket.cl\/wp-content\/uploads\/2025\/02\/MassProNew1_600px-550x550-1.jpg\" \/>\n\t<meta property=\"og:image:width\" content=\"550\" \/>\n\t<meta property=\"og:image:height\" content=\"550\" \/>\n\t<meta property=\"og:image:type\" content=\"image\/jpeg\" \/>\n<meta name=\"twitter:card\" content=\"summary_large_image\" \/>\n<meta name=\"twitter:label1\" content=\"Tiempo de lectura\" \/>\n\t<meta name=\"twitter:data1\" content=\"3 minutos\" \/>\n<script type=\"application\/ld+json\" class=\"yoast-schema-graph\">{\"@context\":\"https:\/\/schema.org\",\"@graph\":[{\"@type\":\"WebPage\",\"@id\":\"https:\/\/yaomarket.cl\/?product=ganador-de-peso-mass-pro-win-39-kgs\",\"url\":\"https:\/\/yaomarket.cl\/?product=ganador-de-peso-mass-pro-win-39-kgs\",\"name\":\"Ganador de Peso Mass Pro Win 3,9 kgs. - YAOMARKET\",\"isPartOf\":{\"@id\":\"https:\/\/yaomarket.cl\/#website\"},\"primaryImageOfPage\":{\"@id\":\"https:\/\/yaomarket.cl\/?product=ganador-de-peso-mass-pro-win-39-kgs#primaryimage\"},\"image\":{\"@id\":\"https:\/\/yaomarket.cl\/?product=ganador-de-peso-mass-pro-win-39-kgs#primaryimage\"},\"thumbnailUrl\":\"https:\/\/yaomarket.cl\/wp-content\/uploads\/2025\/02\/MassProNew1_600px-550x550-1.jpg\",\"datePublished\":\"2025-02-25T19:34:53+00:00\",\"dateModified\":\"2025-06-09T21:12:12+00:00\",\"breadcrumb\":{\"@id\":\"https:\/\/yaomarket.cl\/?product=ganador-de-peso-mass-pro-win-39-kgs#breadcrumb\"},\"inLanguage\":\"es\",\"potentialAction\":[{\"@type\":\"ReadAction\",\"target\":[\"https:\/\/yaomarket.cl\/?product=ganador-de-peso-mass-pro-win-39-kgs\"]}]},{\"@type\":\"ImageObject\",\"inLanguage\":\"es\",\"@id\":\"https:\/\/yaomarket.cl\/?product=ganador-de-peso-mass-pro-win-39-kgs#primaryimage\",\"url\":\"https:\/\/yaomarket.cl\/wp-content\/uploads\/2025\/02\/MassProNew1_600px-550x550-1.jpg\",\"contentUrl\":\"https:\/\/yaomarket.cl\/wp-content\/uploads\/2025\/02\/MassProNew1_600px-550x550-1.jpg\",\"width\":550,\"height\":550},{\"@type\":\"BreadcrumbList\",\"@id\":\"https:\/\/yaomarket.cl\/?product=ganador-de-peso-mass-pro-win-39-kgs#breadcrumb\",\"itemListElement\":[{\"@type\":\"ListItem\",\"position\":1,\"name\":\"Portada\",\"item\":\"https:\/\/yaomarket.cl\/\"},{\"@type\":\"ListItem\",\"position\":2,\"name\":\"TIENDA\",\"item\":\"https:\/\/yaomarket.cl\/?page_id=8\"},{\"@type\":\"ListItem\",\"position\":3,\"name\":\"Ganador de Peso Mass Pro Win 3,9 kgs.\"}]},{\"@type\":\"WebSite\",\"@id\":\"https:\/\/yaomarket.cl\/#website\",\"url\":\"https:\/\/yaomarket.cl\/\",\"name\":\"YAOMARKET\",\"description\":\"\",\"publisher\":{\"@id\":\"https:\/\/yaomarket.cl\/#organization\"},\"potentialAction\":[{\"@type\":\"SearchAction\",\"target\":{\"@type\":\"EntryPoint\",\"urlTemplate\":\"https:\/\/yaomarket.cl\/?s={search_term_string}\"},\"query-input\":{\"@type\":\"PropertyValueSpecification\",\"valueRequired\":true,\"valueName\":\"search_term_string\"}}],\"inLanguage\":\"es\"},{\"@type\":\"Organization\",\"@id\":\"https:\/\/yaomarket.cl\/#organization\",\"name\":\"YAOMARKET\",\"url\":\"https:\/\/yaomarket.cl\/\",\"logo\":{\"@type\":\"ImageObject\",\"inLanguage\":\"es\",\"@id\":\"https:\/\/yaomarket.cl\/#\/schema\/logo\/image\/\",\"url\":\"https:\/\/yaomarket.cl\/wp-content\/uploads\/2023\/08\/Logo-Original-Yao-Market-Circular.png\",\"contentUrl\":\"https:\/\/yaomarket.cl\/wp-content\/uploads\/2023\/08\/Logo-Original-Yao-Market-Circular.png\",\"width\":522,\"height\":522,\"caption\":\"YAOMARKET\"},\"image\":{\"@id\":\"https:\/\/yaomarket.cl\/#\/schema\/logo\/image\/\"},\"sameAs\":[\"https:\/\/www.facebook.com\/yaomarketchile\/\",\"https:\/\/www.instagram.com\/yao_market\/\"]}]}<\/script>\n<!-- \/ Yoast SEO plugin. -->","yoast_head_json":{"title":"Ganador de Peso Mass Pro Win 3,9 kgs. - YAOMARKET","robots":{"index":"index","follow":"follow","max-snippet":"max-snippet:-1","max-image-preview":"max-image-preview:large","max-video-preview":"max-video-preview:-1"},"canonical":"https:\/\/yaomarket.cl\/?product=ganador-de-peso-mass-pro-win-39-kgs","og_locale":"es_ES","og_type":"article","og_title":"Ganador de Peso Mass Pro Win 3,9 kgs. - YAOMARKET","og_description":"Ganador de peso Mass Pro Win 3,9 kgs.   Crecimiento muscular  Recuperaci\u00f3n  Ganador de peso  Fuerza  Formato: Polvo  Sabores: Chocolate y Dulce de leche  Contenido: 3,9 kgs.  Porciones: 26  Modo de uso: Mezclar 1 scoop en 500 ml de agua o leche despu\u00e9s del entrenamiento o lo prescrito por tu nutricionista.","og_url":"https:\/\/yaomarket.cl\/?product=ganador-de-peso-mass-pro-win-39-kgs","og_site_name":"YAOMARKET","article_publisher":"https:\/\/www.facebook.com\/yaomarketchile\/","article_modified_time":"2025-06-09T21:12:12+00:00","og_image":[{"width":550,"height":550,"url":"https:\/\/yaomarket.cl\/wp-content\/uploads\/2025\/02\/MassProNew1_600px-550x550-1.jpg","type":"image\/jpeg"}],"twitter_card":"summary_large_image","twitter_misc":{"Tiempo de lectura":"3 minutos"},"schema":{"@context":"https:\/\/schema.org","@graph":[{"@type":"WebPage","@id":"https:\/\/yaomarket.cl\/?product=ganador-de-peso-mass-pro-win-39-kgs","url":"https:\/\/yaomarket.cl\/?product=ganador-de-peso-mass-pro-win-39-kgs","name":"Ganador de Peso Mass Pro Win 3,9 kgs. - YAOMARKET","isPartOf":{"@id":"https:\/\/yaomarket.cl\/#website"},"primaryImageOfPage":{"@id":"https:\/\/yaomarket.cl\/?product=ganador-de-peso-mass-pro-win-39-kgs#primaryimage"},"image":{"@id":"https:\/\/yaomarket.cl\/?product=ganador-de-peso-mass-pro-win-39-kgs#primaryimage"},"thumbnailUrl":"https:\/\/yaomarket.cl\/wp-content\/uploads\/2025\/02\/MassProNew1_600px-550x550-1.jpg","datePublished":"2025-02-25T19:34:53+00:00","dateModified":"2025-06-09T21:12:12+00:00","breadcrumb":{"@id":"https:\/\/yaomarket.cl\/?product=ganador-de-peso-mass-pro-win-39-kgs#breadcrumb"},"inLanguage":"es","potentialAction":[{"@type":"ReadAction","target":["https:\/\/yaomarket.cl\/?product=ganador-de-peso-mass-pro-win-39-kgs"]}]},{"@type":"ImageObject","inLanguage":"es","@id":"https:\/\/yaomarket.cl\/?product=ganador-de-peso-mass-pro-win-39-kgs#primaryimage","url":"https:\/\/yaomarket.cl\/wp-content\/uploads\/2025\/02\/MassProNew1_600px-550x550-1.jpg","contentUrl":"https:\/\/yaomarket.cl\/wp-content\/uploads\/2025\/02\/MassProNew1_600px-550x550-1.jpg","width":550,"height":550},{"@type":"BreadcrumbList","@id":"https:\/\/yaomarket.cl\/?product=ganador-de-peso-mass-pro-win-39-kgs#breadcrumb","itemListElement":[{"@type":"ListItem","position":1,"name":"Portada","item":"https:\/\/yaomarket.cl\/"},{"@type":"ListItem","position":2,"name":"TIENDA","item":"https:\/\/yaomarket.cl\/?page_id=8"},{"@type":"ListItem","position":3,"name":"Ganador de Peso Mass Pro Win 3,9 kgs."}]},{"@type":"WebSite","@id":"https:\/\/yaomarket.cl\/#website","url":"https:\/\/yaomarket.cl\/","name":"YAOMARKET","description":"","publisher":{"@id":"https:\/\/yaomarket.cl\/#organization"},"potentialAction":[{"@type":"SearchAction","target":{"@type":"EntryPoint","urlTemplate":"https:\/\/yaomarket.cl\/?s={search_term_string}"},"query-input":{"@type":"PropertyValueSpecification","valueRequired":true,"valueName":"search_term_string"}}],"inLanguage":"es"},{"@type":"Organization","@id":"https:\/\/yaomarket.cl\/#organization","name":"YAOMARKET","url":"https:\/\/yaomarket.cl\/","logo":{"@type":"ImageObject","inLanguage":"es","@id":"https:\/\/yaomarket.cl\/#\/schema\/logo\/image\/","url":"https:\/\/yaomarket.cl\/wp-content\/uploads\/2023\/08\/Logo-Original-Yao-Market-Circular.png","contentUrl":"https:\/\/yaomarket.cl\/wp-content\/uploads\/2023\/08\/Logo-Original-Yao-Market-Circular.png","width":522,"height":522,"caption":"YAOMARKET"},"image":{"@id":"https:\/\/yaomarket.cl\/#\/schema\/logo\/image\/"},"sameAs":["https:\/\/www.facebook.com\/yaomarketchile\/","https:\/\/www.instagram.com\/yao_market\/"]}]}},"_links":{"self":[{"href":"https:\/\/yaomarket.cl\/index.php?rest_route=\/wp\/v2\/product\/11112","targetHints":{"allow":["GET"]}}],"collection":[{"href":"https:\/\/yaomarket.cl\/index.php?rest_route=\/wp\/v2\/product"}],"about":[{"href":"https:\/\/yaomarket.cl\/index.php?rest_route=\/wp\/v2\/types\/product"}],"wp:featuredmedia":[{"embeddable":true,"href":"https:\/\/yaomarket.cl\/index.php?rest_route=\/wp\/v2\/media\/11113"}],"wp:attachment":[{"href":"https:\/\/yaomarket.cl\/index.php?rest_route=%2Fwp%2Fv2%2Fmedia&parent=11112"}],"wp:term":[{"taxonomy":"product_cat","embeddable":true,"href":"https:\/\/yaomarket.cl\/index.php?rest_route=%2Fwp%2Fv2%2Fproduct_cat&post=11112"},{"taxonomy":"product_tag","embeddable":true,"href":"https:\/\/yaomarket.cl\/index.php?rest_route=%2Fwp%2Fv2%2Fproduct_tag&post=11112"}],"curies":[{"name":"wp","href":"https:\/\/api.w.org\/{rel}","templated":true}]}}