{"id":11103,"date":"2025-02-25T19:30:18","date_gmt":"2025-02-25T19:30:18","guid":{"rendered":"https:\/\/yaomarket.cl\/?post_type=product&#038;p=11103"},"modified":"2025-06-09T21:10:44","modified_gmt":"2025-06-09T21:10:44","slug":"proteina-whey-procomplex-multi-fase-1-kg-30-servicios","status":"publish","type":"product","link":"https:\/\/yaomarket.cl\/?product=proteina-whey-procomplex-multi-fase-1-kg-30-servicios","title":{"rendered":"Prote\u00edna Whey Procomplex Multi-Fase 1 kg. 30 servicios"},"content":{"rendered":"<h3><span style=\"color: #000000;\">Prote\u00edna Whey Procomplex Multi-Fase 1 kg. 30 servicios<\/span><\/h3>\n<p><span style=\"color: #000000;\">Prote\u00edna Whey Procomplex Multi-Fase 1 kg. 30 servicios de Winkler Nutrition es una combinaci\u00f3n de diferentes fuentes de prote\u00ednas, con un excelente sabor. Es una mezcla de prote\u00ednas, amino\u00e1cidos y enzimas digestivas que favorecen una f\u00e1cil digesti\u00f3n y liberaci\u00f3n de amino\u00e1cidos al torrente sangu\u00edneo. Al ser un complejo proteico, cuenta con prote\u00ednas de digesti\u00f3n lenta, mediana y r\u00e1pida lo que aumenta su biodisponibilidad. \u2028Esta prote\u00edna ha sido creada para entregar, a trav\u00e9s de sus componentes, mayores oportunidades de recuperaci\u00f3n para las personas que entrenen y que utilicen este suplemento en su d\u00eda a d\u00eda.<\/span><\/p>\n","protected":false},"excerpt":{"rendered":"<h4><span style=\"color: #000000;\">Prote\u00edna Whey Procomplex Multi-Fase 1 kg. 30 servicios<\/span><\/h4>\n<ul>\n<li><span style=\"color: #000000;\">Prote\u00edna de suero de leche (whey)<\/span><\/li>\n<li><span style=\"color: #000000;\">Prote\u00edna de arveja (pea)<\/span><\/li>\n<li><span style=\"color: #000000;\">Prote\u00edna de huevo (albumina)<\/span><\/li>\n<li><span style=\"color: #000000;\">Multi-fase (absorci\u00f3n r\u00e1pida, mediana y lenta)<\/span><\/li>\n<li><span style=\"color: #000000;\">Crecimiento y recuperaci\u00f3n muscular<\/span><\/li>\n<\/ul>\n<p><span style=\"color: #000000;\">Formato: Polvo<\/span><\/p>\n<p><span style=\"color: #000000;\">Sabores: Apple Strudel, Banana, Chocolate suizo, Dulce de leche y Frutilla<\/span><\/p>\n<p><span style=\"color: #000000;\">Contenido: 1 kg.<\/span><\/p>\n<p><span style=\"color: #000000;\">Porciones: 30<\/span><\/p>\n<p><span style=\"color: #000000;\">Modo de uso: Mezclar 1 scoop con 250 ml de agua o leche despu\u00e9s del entrenamiento o lo prescrito por tu nutricionista.<\/span><\/p>\n","protected":false},"featured_media":11105,"template":"","meta":[],"product_cat":[534,537],"product_tag":[],"class_list":{"0":"post-11103","1":"product","2":"type-product","3":"status-publish","4":"has-post-thumbnail","6":"product_cat-deportista","7":"product_cat-proteinas","9":"first","10":"instock","11":"shipping-taxable","12":"purchasable","13":"product-type-variable"},"yoast_head":"<!-- This site is optimized with the Yoast SEO plugin v25.2 - https:\/\/yoast.com\/wordpress\/plugins\/seo\/ -->\n<title>Prote\u00edna Whey Procomplex Multi-Fase 1 kg. 30 servicios - YAOMARKET<\/title>\n<meta name=\"robots\" content=\"index, follow, max-snippet:-1, max-image-preview:large, max-video-preview:-1\" \/>\n<link rel=\"canonical\" href=\"https:\/\/yaomarket.cl\/?product=proteina-whey-procomplex-multi-fase-1-kg-30-servicios\" \/>\n<meta property=\"og:locale\" content=\"es_ES\" \/>\n<meta property=\"og:type\" content=\"article\" \/>\n<meta property=\"og:title\" content=\"Prote\u00edna Whey Procomplex Multi-Fase 1 kg. 30 servicios - YAOMARKET\" \/>\n<meta property=\"og:description\" content=\"Prote\u00edna Whey Procomplex Multi-Fase 1 kg. 30 servicios   Prote\u00edna de suero de leche (whey)  Prote\u00edna de arveja (pea)  Prote\u00edna de huevo (albumina)  Multi-fase (absorci\u00f3n r\u00e1pida, mediana y lenta)  Crecimiento y recuperaci\u00f3n muscular  Formato: Polvo  Sabores: Apple Strudel, Banana, Chocolate suizo, Dulce de leche y Frutilla  Contenido: 1 kg.  Porciones: 30  Modo de uso: Mezclar 1 scoop con 250 ml de agua o leche despu\u00e9s del entrenamiento o lo prescrito por tu nutricionista.\" \/>\n<meta property=\"og:url\" content=\"https:\/\/yaomarket.cl\/?product=proteina-whey-procomplex-multi-fase-1-kg-30-servicios\" \/>\n<meta property=\"og:site_name\" content=\"YAOMARKET\" \/>\n<meta property=\"article:publisher\" content=\"https:\/\/www.facebook.com\/yaomarketchile\/\" \/>\n<meta property=\"article:modified_time\" content=\"2025-06-09T21:10:44+00:00\" \/>\n<meta property=\"og:image\" content=\"https:\/\/yaomarket.cl\/wp-content\/uploads\/2025\/02\/ProComplexApple_1000.jpg\" \/>\n\t<meta property=\"og:image:width\" content=\"1000\" \/>\n\t<meta property=\"og:image:height\" content=\"1000\" \/>\n\t<meta property=\"og:image:type\" content=\"image\/jpeg\" \/>\n<meta name=\"twitter:card\" content=\"summary_large_image\" \/>\n<meta name=\"twitter:label1\" content=\"Tiempo de lectura\" \/>\n\t<meta name=\"twitter:data1\" content=\"1 minuto\" \/>\n<script type=\"application\/ld+json\" class=\"yoast-schema-graph\">{\"@context\":\"https:\/\/schema.org\",\"@graph\":[{\"@type\":\"WebPage\",\"@id\":\"https:\/\/yaomarket.cl\/?product=proteina-whey-procomplex-multi-fase-1-kg-30-servicios\",\"url\":\"https:\/\/yaomarket.cl\/?product=proteina-whey-procomplex-multi-fase-1-kg-30-servicios\",\"name\":\"Prote\u00edna Whey Procomplex Multi-Fase 1 kg. 30 servicios - YAOMARKET\",\"isPartOf\":{\"@id\":\"https:\/\/yaomarket.cl\/#website\"},\"primaryImageOfPage\":{\"@id\":\"https:\/\/yaomarket.cl\/?product=proteina-whey-procomplex-multi-fase-1-kg-30-servicios#primaryimage\"},\"image\":{\"@id\":\"https:\/\/yaomarket.cl\/?product=proteina-whey-procomplex-multi-fase-1-kg-30-servicios#primaryimage\"},\"thumbnailUrl\":\"https:\/\/yaomarket.cl\/wp-content\/uploads\/2025\/02\/ProComplexApple_1000.jpg\",\"datePublished\":\"2025-02-25T19:30:18+00:00\",\"dateModified\":\"2025-06-09T21:10:44+00:00\",\"breadcrumb\":{\"@id\":\"https:\/\/yaomarket.cl\/?product=proteina-whey-procomplex-multi-fase-1-kg-30-servicios#breadcrumb\"},\"inLanguage\":\"es\",\"potentialAction\":[{\"@type\":\"ReadAction\",\"target\":[\"https:\/\/yaomarket.cl\/?product=proteina-whey-procomplex-multi-fase-1-kg-30-servicios\"]}]},{\"@type\":\"ImageObject\",\"inLanguage\":\"es\",\"@id\":\"https:\/\/yaomarket.cl\/?product=proteina-whey-procomplex-multi-fase-1-kg-30-servicios#primaryimage\",\"url\":\"https:\/\/yaomarket.cl\/wp-content\/uploads\/2025\/02\/ProComplexApple_1000.jpg\",\"contentUrl\":\"https:\/\/yaomarket.cl\/wp-content\/uploads\/2025\/02\/ProComplexApple_1000.jpg\",\"width\":1000,\"height\":1000},{\"@type\":\"BreadcrumbList\",\"@id\":\"https:\/\/yaomarket.cl\/?product=proteina-whey-procomplex-multi-fase-1-kg-30-servicios#breadcrumb\",\"itemListElement\":[{\"@type\":\"ListItem\",\"position\":1,\"name\":\"Portada\",\"item\":\"https:\/\/yaomarket.cl\/\"},{\"@type\":\"ListItem\",\"position\":2,\"name\":\"TIENDA\",\"item\":\"https:\/\/yaomarket.cl\/?page_id=8\"},{\"@type\":\"ListItem\",\"position\":3,\"name\":\"Prote\u00edna Whey Procomplex Multi-Fase 1 kg. 30 servicios\"}]},{\"@type\":\"WebSite\",\"@id\":\"https:\/\/yaomarket.cl\/#website\",\"url\":\"https:\/\/yaomarket.cl\/\",\"name\":\"YAOMARKET\",\"description\":\"\",\"publisher\":{\"@id\":\"https:\/\/yaomarket.cl\/#organization\"},\"potentialAction\":[{\"@type\":\"SearchAction\",\"target\":{\"@type\":\"EntryPoint\",\"urlTemplate\":\"https:\/\/yaomarket.cl\/?s={search_term_string}\"},\"query-input\":{\"@type\":\"PropertyValueSpecification\",\"valueRequired\":true,\"valueName\":\"search_term_string\"}}],\"inLanguage\":\"es\"},{\"@type\":\"Organization\",\"@id\":\"https:\/\/yaomarket.cl\/#organization\",\"name\":\"YAOMARKET\",\"url\":\"https:\/\/yaomarket.cl\/\",\"logo\":{\"@type\":\"ImageObject\",\"inLanguage\":\"es\",\"@id\":\"https:\/\/yaomarket.cl\/#\/schema\/logo\/image\/\",\"url\":\"https:\/\/yaomarket.cl\/wp-content\/uploads\/2023\/08\/Logo-Original-Yao-Market-Circular.png\",\"contentUrl\":\"https:\/\/yaomarket.cl\/wp-content\/uploads\/2023\/08\/Logo-Original-Yao-Market-Circular.png\",\"width\":522,\"height\":522,\"caption\":\"YAOMARKET\"},\"image\":{\"@id\":\"https:\/\/yaomarket.cl\/#\/schema\/logo\/image\/\"},\"sameAs\":[\"https:\/\/www.facebook.com\/yaomarketchile\/\",\"https:\/\/www.instagram.com\/yao_market\/\"]}]}<\/script>\n<!-- \/ Yoast SEO plugin. -->","yoast_head_json":{"title":"Prote\u00edna Whey Procomplex Multi-Fase 1 kg. 30 servicios - YAOMARKET","robots":{"index":"index","follow":"follow","max-snippet":"max-snippet:-1","max-image-preview":"max-image-preview:large","max-video-preview":"max-video-preview:-1"},"canonical":"https:\/\/yaomarket.cl\/?product=proteina-whey-procomplex-multi-fase-1-kg-30-servicios","og_locale":"es_ES","og_type":"article","og_title":"Prote\u00edna Whey Procomplex Multi-Fase 1 kg. 30 servicios - YAOMARKET","og_description":"Prote\u00edna Whey Procomplex Multi-Fase 1 kg. 30 servicios   Prote\u00edna de suero de leche (whey)  Prote\u00edna de arveja (pea)  Prote\u00edna de huevo (albumina)  Multi-fase (absorci\u00f3n r\u00e1pida, mediana y lenta)  Crecimiento y recuperaci\u00f3n muscular  Formato: Polvo  Sabores: Apple Strudel, Banana, Chocolate suizo, Dulce de leche y Frutilla  Contenido: 1 kg.  Porciones: 30  Modo de uso: Mezclar 1 scoop con 250 ml de agua o leche despu\u00e9s del entrenamiento o lo prescrito por tu nutricionista.","og_url":"https:\/\/yaomarket.cl\/?product=proteina-whey-procomplex-multi-fase-1-kg-30-servicios","og_site_name":"YAOMARKET","article_publisher":"https:\/\/www.facebook.com\/yaomarketchile\/","article_modified_time":"2025-06-09T21:10:44+00:00","og_image":[{"width":1000,"height":1000,"url":"https:\/\/yaomarket.cl\/wp-content\/uploads\/2025\/02\/ProComplexApple_1000.jpg","type":"image\/jpeg"}],"twitter_card":"summary_large_image","twitter_misc":{"Tiempo de lectura":"1 minuto"},"schema":{"@context":"https:\/\/schema.org","@graph":[{"@type":"WebPage","@id":"https:\/\/yaomarket.cl\/?product=proteina-whey-procomplex-multi-fase-1-kg-30-servicios","url":"https:\/\/yaomarket.cl\/?product=proteina-whey-procomplex-multi-fase-1-kg-30-servicios","name":"Prote\u00edna Whey Procomplex Multi-Fase 1 kg. 30 servicios - YAOMARKET","isPartOf":{"@id":"https:\/\/yaomarket.cl\/#website"},"primaryImageOfPage":{"@id":"https:\/\/yaomarket.cl\/?product=proteina-whey-procomplex-multi-fase-1-kg-30-servicios#primaryimage"},"image":{"@id":"https:\/\/yaomarket.cl\/?product=proteina-whey-procomplex-multi-fase-1-kg-30-servicios#primaryimage"},"thumbnailUrl":"https:\/\/yaomarket.cl\/wp-content\/uploads\/2025\/02\/ProComplexApple_1000.jpg","datePublished":"2025-02-25T19:30:18+00:00","dateModified":"2025-06-09T21:10:44+00:00","breadcrumb":{"@id":"https:\/\/yaomarket.cl\/?product=proteina-whey-procomplex-multi-fase-1-kg-30-servicios#breadcrumb"},"inLanguage":"es","potentialAction":[{"@type":"ReadAction","target":["https:\/\/yaomarket.cl\/?product=proteina-whey-procomplex-multi-fase-1-kg-30-servicios"]}]},{"@type":"ImageObject","inLanguage":"es","@id":"https:\/\/yaomarket.cl\/?product=proteina-whey-procomplex-multi-fase-1-kg-30-servicios#primaryimage","url":"https:\/\/yaomarket.cl\/wp-content\/uploads\/2025\/02\/ProComplexApple_1000.jpg","contentUrl":"https:\/\/yaomarket.cl\/wp-content\/uploads\/2025\/02\/ProComplexApple_1000.jpg","width":1000,"height":1000},{"@type":"BreadcrumbList","@id":"https:\/\/yaomarket.cl\/?product=proteina-whey-procomplex-multi-fase-1-kg-30-servicios#breadcrumb","itemListElement":[{"@type":"ListItem","position":1,"name":"Portada","item":"https:\/\/yaomarket.cl\/"},{"@type":"ListItem","position":2,"name":"TIENDA","item":"https:\/\/yaomarket.cl\/?page_id=8"},{"@type":"ListItem","position":3,"name":"Prote\u00edna Whey Procomplex Multi-Fase 1 kg. 30 servicios"}]},{"@type":"WebSite","@id":"https:\/\/yaomarket.cl\/#website","url":"https:\/\/yaomarket.cl\/","name":"YAOMARKET","description":"","publisher":{"@id":"https:\/\/yaomarket.cl\/#organization"},"potentialAction":[{"@type":"SearchAction","target":{"@type":"EntryPoint","urlTemplate":"https:\/\/yaomarket.cl\/?s={search_term_string}"},"query-input":{"@type":"PropertyValueSpecification","valueRequired":true,"valueName":"search_term_string"}}],"inLanguage":"es"},{"@type":"Organization","@id":"https:\/\/yaomarket.cl\/#organization","name":"YAOMARKET","url":"https:\/\/yaomarket.cl\/","logo":{"@type":"ImageObject","inLanguage":"es","@id":"https:\/\/yaomarket.cl\/#\/schema\/logo\/image\/","url":"https:\/\/yaomarket.cl\/wp-content\/uploads\/2023\/08\/Logo-Original-Yao-Market-Circular.png","contentUrl":"https:\/\/yaomarket.cl\/wp-content\/uploads\/2023\/08\/Logo-Original-Yao-Market-Circular.png","width":522,"height":522,"caption":"YAOMARKET"},"image":{"@id":"https:\/\/yaomarket.cl\/#\/schema\/logo\/image\/"},"sameAs":["https:\/\/www.facebook.com\/yaomarketchile\/","https:\/\/www.instagram.com\/yao_market\/"]}]}},"_links":{"self":[{"href":"https:\/\/yaomarket.cl\/index.php?rest_route=\/wp\/v2\/product\/11103","targetHints":{"allow":["GET"]}}],"collection":[{"href":"https:\/\/yaomarket.cl\/index.php?rest_route=\/wp\/v2\/product"}],"about":[{"href":"https:\/\/yaomarket.cl\/index.php?rest_route=\/wp\/v2\/types\/product"}],"wp:featuredmedia":[{"embeddable":true,"href":"https:\/\/yaomarket.cl\/index.php?rest_route=\/wp\/v2\/media\/11105"}],"wp:attachment":[{"href":"https:\/\/yaomarket.cl\/index.php?rest_route=%2Fwp%2Fv2%2Fmedia&parent=11103"}],"wp:term":[{"taxonomy":"product_cat","embeddable":true,"href":"https:\/\/yaomarket.cl\/index.php?rest_route=%2Fwp%2Fv2%2Fproduct_cat&post=11103"},{"taxonomy":"product_tag","embeddable":true,"href":"https:\/\/yaomarket.cl\/index.php?rest_route=%2Fwp%2Fv2%2Fproduct_tag&post=11103"}],"curies":[{"name":"wp","href":"https:\/\/api.w.org\/{rel}","templated":true}]}}