{"id":11063,"date":"2025-02-25T18:31:01","date_gmt":"2025-02-25T18:31:01","guid":{"rendered":"https:\/\/yaomarket.cl\/?post_type=product&#038;p=11063"},"modified":"2025-06-09T21:00:08","modified_gmt":"2025-06-09T21:00:08","slug":"proteina-whey-prowin-2kg-60-servicios","status":"publish","type":"product","link":"https:\/\/yaomarket.cl\/?product=proteina-whey-prowin-2kg-60-servicios","title":{"rendered":"Prote\u00edna Whey ProWin 2kg 60 servicios"},"content":{"rendered":"<h3><span style=\"color: #000000;\">Formatos Prote\u00edna Whey ProWin 2Kg<\/span><\/h3>\n<p><span style=\"color: #000000;\">100% Whey ProWin 2kg (Prote\u00edna de suero de leche ultra filtrada, aislada e hidrolizada).<\/span><\/p>\n<p><span style=\"color: #000000;\">Naturalmente alto en leucina.<\/span><\/p>\n<p><span style=\"color: #000000;\">Adici\u00f3n de lactasa \/ f\u00e1cil digesti\u00f3n.<\/span><\/p>\n<p><span style=\"color: #000000;\">Bajo en carbohidratos y grasas.<\/span><\/p>\n<p><span style=\"color: #000000;\">Recuperaci\u00f3n.<\/span><\/p>\n<p><span style=\"color: #000000;\">Crecimiento muscular.<\/span><\/p>\n<p><span style=\"color: #000000;\">Prote\u00edna Whey Pro Win de Winkler Nutrition, es un alimento alto en prote\u00ednas de suero de leche, ultrafiltradas, aisladas e hidrolizadas, de alto valor biol\u00f3gico. De completa composici\u00f3n de amino\u00e1cidos y una \u00f3ptima absorci\u00f3n.<\/span><\/p>\n<p><span style=\"color: #000000;\">Su alto contenido de prote\u00ednas y amino\u00e1cidos, proporcionan energ\u00eda al m\u00fasculo en actividades f\u00edsicas tanto aer\u00f3bicas, como anaer\u00f3bicas. Tambi\u00e9n contribuyen a cubrir posibles d\u00e9ficits proteicos en la ingesta diaria. Fomentando de esta manera el anabolismo muscular (recuperaci\u00f3n, desarrollo, crecimiento). Y previniendo el catabolismo muscular (p\u00e9rdida, reducci\u00f3n, degradaci\u00f3n).<\/span><\/p>\n<p><span style=\"color: #000000;\">El alto contenido de BCAAs, estimula el sistema inmunol\u00f3gico, la funci\u00f3n antioxidante, protege al organismo de radicales libres, y mantiene nutrido el m\u00fasculo gracias a la r\u00e1pida y \u00f3ptima absorci\u00f3n de estos amino\u00e1cidos ramificados.<\/span><\/p>\n<h3><span style=\"color: #000000;\"><strong>Para el deporte o actividad f\u00edsica<\/strong><\/span><\/h3>\n<p><span style=\"color: #000000;\">Para deportistas y personas f\u00edsicamente activas, Prote\u00edna Whey Pro Win puede potenciar todo tipo de actividades comenzando desde la variable nutricional. Los entrenamientos de alta y baja intensidad aumentan los niveles de fatiga, lo que requiere una mayor ingesta proteica en la dieta diaria, para la recuperaci\u00f3n del tejido muscular, y lograr as\u00ed una s\u00faper compensaci\u00f3n. Lo que se traduce en un aumento del rendimiento f\u00edsico, en una recuperaci\u00f3n m\u00e1s r\u00e1pida, y en un aumento de la masa muscular ya sea tanto en volumen, como en densidad, dependiendo el tipo de actividad que realizamos y de c\u00f3mo se componga nuestra dieta diaria.<\/span><\/p>\n<h3><span style=\"color: #000000;\"><strong>Prote\u00edna Whey ProWin\u00a0 2kg para el control de peso<\/strong><\/span><\/h3>\n<p><span style=\"color: #000000;\">Con Prote\u00edna Whey Pro Win logramos perder masa grasa mediante la optimizaci\u00f3n del metabolismo, consecuencia del aumento de masa muscular, que mejora nuestra tasa metab\u00f3lica basal, y ayud\u00e1ndonos as\u00ed a usar m\u00e1s calor\u00edas en nuestro d\u00eda a d\u00eda. Aumentamos la ingesta de prote\u00ednas, disminuyendo la de carbohidratos y grasas, dando como resultado, un aumento en la proporci\u00f3n de masa magra (muscular), y una disminuci\u00f3n en la de masa grasa.<\/span><\/p>\n<p><span style=\"color: #000000;\">Para el p\u00fablico sedentario o adulto mayor, ayuda a recuperar la masa muscular fisiol\u00f3gica perdida, ya sea, por sarcopenia (envejecimiento), sedentarismo, o por d\u00e9ficit de prote\u00ednas en la ingesta diaria.<\/span><\/p>\n<p><span style=\"color: #000000;\">Se recomienda consumir de 1 a 2 porciones al d\u00eda, o lo prescrito por su nutricionista. Mezclar 1 scoop en 250ml. de agua(o cualquier bebida de su preferencia).<\/span><\/p>\n<p><span style=\"color: #000000;\">Inmediatamente terminada la actividad f\u00edsica o entrenamiento.<\/span><\/p>\n<p><span style=\"color: #000000;\">En la noche antes de dormir o entrar en reposo.<\/span><\/p>\n<p><span style=\"color: #000000;\">Al desayuno con yogur, leche o agua.<\/span><\/p>\n<p><span style=\"color: #000000;\">Como reemplazo o complemento de una merienda.<\/span><\/p>\n","protected":false},"excerpt":{"rendered":"<ul>\n<li><span style=\"color: #000000;\">Crecimiento muscular<\/span><\/li>\n<li><span style=\"color: #000000;\">Prote\u00edna de suero de leche (whey)<\/span><\/li>\n<li><span style=\"color: #000000;\">Recuperaci\u00f3n<\/span><\/li>\n<li><span style=\"color: #000000;\">Enzima lactasa (intolerantes a la lactosa)<\/span><\/li>\n<\/ul>\n<p><span style=\"color: #000000;\">Formato: Polvo<\/span><\/p>\n<p><span style=\"color: #000000;\">Sabores: Chocolate suizo, Cookies &amp; cream, Dulce de leche, Vainilla, Capuccino, Frutos del bosque y Pie de lim\u00f3n<\/span><\/p>\n<p><span style=\"color: #000000;\">Contenido: 2 kgs.<\/span><\/p>\n<p><span style=\"color: #000000;\">Porciones: 60<\/span><\/p>\n","protected":false},"featured_media":11065,"template":"","meta":[],"product_cat":[534,537],"product_tag":[],"class_list":{"0":"post-11063","1":"product","2":"type-product","3":"status-publish","4":"has-post-thumbnail","6":"product_cat-deportista","7":"product_cat-proteinas","9":"first","10":"instock","11":"shipping-taxable","12":"purchasable","13":"product-type-variable"},"yoast_head":"<!-- This site is optimized with the Yoast SEO plugin v25.2 - https:\/\/yoast.com\/wordpress\/plugins\/seo\/ -->\n<title>Prote\u00edna Whey ProWin 2kg 60 servicios - YAOMARKET<\/title>\n<meta name=\"robots\" content=\"index, follow, max-snippet:-1, max-image-preview:large, max-video-preview:-1\" \/>\n<link rel=\"canonical\" href=\"https:\/\/yaomarket.cl\/?product=proteina-whey-prowin-2kg-60-servicios\" \/>\n<meta property=\"og:locale\" content=\"es_ES\" \/>\n<meta property=\"og:type\" content=\"article\" \/>\n<meta property=\"og:title\" content=\"Prote\u00edna Whey ProWin 2kg 60 servicios - YAOMARKET\" \/>\n<meta property=\"og:description\" content=\"Crecimiento muscular  Prote\u00edna de suero de leche (whey)  Recuperaci\u00f3n  Enzima lactasa (intolerantes a la lactosa)  Formato: Polvo  Sabores: Chocolate suizo, Cookies &amp; cream, Dulce de leche, Vainilla, Capuccino, Frutos del bosque y Pie de lim\u00f3n  Contenido: 2 kgs.  Porciones: 60\" \/>\n<meta property=\"og:url\" content=\"https:\/\/yaomarket.cl\/?product=proteina-whey-prowin-2kg-60-servicios\" \/>\n<meta property=\"og:site_name\" content=\"YAOMARKET\" \/>\n<meta property=\"article:publisher\" content=\"https:\/\/www.facebook.com\/yaomarketchile\/\" \/>\n<meta property=\"article:modified_time\" content=\"2025-06-09T21:00:08+00:00\" \/>\n<meta property=\"og:image\" content=\"https:\/\/yaomarket.cl\/wp-content\/uploads\/2025\/02\/Whey2k_1_600px-550x550-1.jpg\" \/>\n\t<meta property=\"og:image:width\" content=\"550\" \/>\n\t<meta property=\"og:image:height\" content=\"550\" \/>\n\t<meta property=\"og:image:type\" content=\"image\/jpeg\" \/>\n<meta name=\"twitter:card\" content=\"summary_large_image\" \/>\n<meta name=\"twitter:label1\" content=\"Tiempo de lectura\" \/>\n\t<meta name=\"twitter:data1\" content=\"3 minutos\" \/>\n<script type=\"application\/ld+json\" class=\"yoast-schema-graph\">{\"@context\":\"https:\/\/schema.org\",\"@graph\":[{\"@type\":\"WebPage\",\"@id\":\"https:\/\/yaomarket.cl\/?product=proteina-whey-prowin-2kg-60-servicios\",\"url\":\"https:\/\/yaomarket.cl\/?product=proteina-whey-prowin-2kg-60-servicios\",\"name\":\"Prote\u00edna Whey ProWin 2kg 60 servicios - YAOMARKET\",\"isPartOf\":{\"@id\":\"https:\/\/yaomarket.cl\/#website\"},\"primaryImageOfPage\":{\"@id\":\"https:\/\/yaomarket.cl\/?product=proteina-whey-prowin-2kg-60-servicios#primaryimage\"},\"image\":{\"@id\":\"https:\/\/yaomarket.cl\/?product=proteina-whey-prowin-2kg-60-servicios#primaryimage\"},\"thumbnailUrl\":\"https:\/\/yaomarket.cl\/wp-content\/uploads\/2025\/02\/Whey2k_1_600px-550x550-1.jpg\",\"datePublished\":\"2025-02-25T18:31:01+00:00\",\"dateModified\":\"2025-06-09T21:00:08+00:00\",\"breadcrumb\":{\"@id\":\"https:\/\/yaomarket.cl\/?product=proteina-whey-prowin-2kg-60-servicios#breadcrumb\"},\"inLanguage\":\"es\",\"potentialAction\":[{\"@type\":\"ReadAction\",\"target\":[\"https:\/\/yaomarket.cl\/?product=proteina-whey-prowin-2kg-60-servicios\"]}]},{\"@type\":\"ImageObject\",\"inLanguage\":\"es\",\"@id\":\"https:\/\/yaomarket.cl\/?product=proteina-whey-prowin-2kg-60-servicios#primaryimage\",\"url\":\"https:\/\/yaomarket.cl\/wp-content\/uploads\/2025\/02\/Whey2k_1_600px-550x550-1.jpg\",\"contentUrl\":\"https:\/\/yaomarket.cl\/wp-content\/uploads\/2025\/02\/Whey2k_1_600px-550x550-1.jpg\",\"width\":550,\"height\":550},{\"@type\":\"BreadcrumbList\",\"@id\":\"https:\/\/yaomarket.cl\/?product=proteina-whey-prowin-2kg-60-servicios#breadcrumb\",\"itemListElement\":[{\"@type\":\"ListItem\",\"position\":1,\"name\":\"Portada\",\"item\":\"https:\/\/yaomarket.cl\/\"},{\"@type\":\"ListItem\",\"position\":2,\"name\":\"TIENDA\",\"item\":\"https:\/\/yaomarket.cl\/?page_id=8\"},{\"@type\":\"ListItem\",\"position\":3,\"name\":\"Prote\u00edna Whey ProWin 2kg 60 servicios\"}]},{\"@type\":\"WebSite\",\"@id\":\"https:\/\/yaomarket.cl\/#website\",\"url\":\"https:\/\/yaomarket.cl\/\",\"name\":\"YAOMARKET\",\"description\":\"\",\"publisher\":{\"@id\":\"https:\/\/yaomarket.cl\/#organization\"},\"potentialAction\":[{\"@type\":\"SearchAction\",\"target\":{\"@type\":\"EntryPoint\",\"urlTemplate\":\"https:\/\/yaomarket.cl\/?s={search_term_string}\"},\"query-input\":{\"@type\":\"PropertyValueSpecification\",\"valueRequired\":true,\"valueName\":\"search_term_string\"}}],\"inLanguage\":\"es\"},{\"@type\":\"Organization\",\"@id\":\"https:\/\/yaomarket.cl\/#organization\",\"name\":\"YAOMARKET\",\"url\":\"https:\/\/yaomarket.cl\/\",\"logo\":{\"@type\":\"ImageObject\",\"inLanguage\":\"es\",\"@id\":\"https:\/\/yaomarket.cl\/#\/schema\/logo\/image\/\",\"url\":\"https:\/\/yaomarket.cl\/wp-content\/uploads\/2023\/08\/Logo-Original-Yao-Market-Circular.png\",\"contentUrl\":\"https:\/\/yaomarket.cl\/wp-content\/uploads\/2023\/08\/Logo-Original-Yao-Market-Circular.png\",\"width\":522,\"height\":522,\"caption\":\"YAOMARKET\"},\"image\":{\"@id\":\"https:\/\/yaomarket.cl\/#\/schema\/logo\/image\/\"},\"sameAs\":[\"https:\/\/www.facebook.com\/yaomarketchile\/\",\"https:\/\/www.instagram.com\/yao_market\/\"]}]}<\/script>\n<!-- \/ Yoast SEO plugin. -->","yoast_head_json":{"title":"Prote\u00edna Whey ProWin 2kg 60 servicios - YAOMARKET","robots":{"index":"index","follow":"follow","max-snippet":"max-snippet:-1","max-image-preview":"max-image-preview:large","max-video-preview":"max-video-preview:-1"},"canonical":"https:\/\/yaomarket.cl\/?product=proteina-whey-prowin-2kg-60-servicios","og_locale":"es_ES","og_type":"article","og_title":"Prote\u00edna Whey ProWin 2kg 60 servicios - YAOMARKET","og_description":"Crecimiento muscular  Prote\u00edna de suero de leche (whey)  Recuperaci\u00f3n  Enzima lactasa (intolerantes a la lactosa)  Formato: Polvo  Sabores: Chocolate suizo, Cookies &amp; cream, Dulce de leche, Vainilla, Capuccino, Frutos del bosque y Pie de lim\u00f3n  Contenido: 2 kgs.  Porciones: 60","og_url":"https:\/\/yaomarket.cl\/?product=proteina-whey-prowin-2kg-60-servicios","og_site_name":"YAOMARKET","article_publisher":"https:\/\/www.facebook.com\/yaomarketchile\/","article_modified_time":"2025-06-09T21:00:08+00:00","og_image":[{"width":550,"height":550,"url":"https:\/\/yaomarket.cl\/wp-content\/uploads\/2025\/02\/Whey2k_1_600px-550x550-1.jpg","type":"image\/jpeg"}],"twitter_card":"summary_large_image","twitter_misc":{"Tiempo de lectura":"3 minutos"},"schema":{"@context":"https:\/\/schema.org","@graph":[{"@type":"WebPage","@id":"https:\/\/yaomarket.cl\/?product=proteina-whey-prowin-2kg-60-servicios","url":"https:\/\/yaomarket.cl\/?product=proteina-whey-prowin-2kg-60-servicios","name":"Prote\u00edna Whey ProWin 2kg 60 servicios - YAOMARKET","isPartOf":{"@id":"https:\/\/yaomarket.cl\/#website"},"primaryImageOfPage":{"@id":"https:\/\/yaomarket.cl\/?product=proteina-whey-prowin-2kg-60-servicios#primaryimage"},"image":{"@id":"https:\/\/yaomarket.cl\/?product=proteina-whey-prowin-2kg-60-servicios#primaryimage"},"thumbnailUrl":"https:\/\/yaomarket.cl\/wp-content\/uploads\/2025\/02\/Whey2k_1_600px-550x550-1.jpg","datePublished":"2025-02-25T18:31:01+00:00","dateModified":"2025-06-09T21:00:08+00:00","breadcrumb":{"@id":"https:\/\/yaomarket.cl\/?product=proteina-whey-prowin-2kg-60-servicios#breadcrumb"},"inLanguage":"es","potentialAction":[{"@type":"ReadAction","target":["https:\/\/yaomarket.cl\/?product=proteina-whey-prowin-2kg-60-servicios"]}]},{"@type":"ImageObject","inLanguage":"es","@id":"https:\/\/yaomarket.cl\/?product=proteina-whey-prowin-2kg-60-servicios#primaryimage","url":"https:\/\/yaomarket.cl\/wp-content\/uploads\/2025\/02\/Whey2k_1_600px-550x550-1.jpg","contentUrl":"https:\/\/yaomarket.cl\/wp-content\/uploads\/2025\/02\/Whey2k_1_600px-550x550-1.jpg","width":550,"height":550},{"@type":"BreadcrumbList","@id":"https:\/\/yaomarket.cl\/?product=proteina-whey-prowin-2kg-60-servicios#breadcrumb","itemListElement":[{"@type":"ListItem","position":1,"name":"Portada","item":"https:\/\/yaomarket.cl\/"},{"@type":"ListItem","position":2,"name":"TIENDA","item":"https:\/\/yaomarket.cl\/?page_id=8"},{"@type":"ListItem","position":3,"name":"Prote\u00edna Whey ProWin 2kg 60 servicios"}]},{"@type":"WebSite","@id":"https:\/\/yaomarket.cl\/#website","url":"https:\/\/yaomarket.cl\/","name":"YAOMARKET","description":"","publisher":{"@id":"https:\/\/yaomarket.cl\/#organization"},"potentialAction":[{"@type":"SearchAction","target":{"@type":"EntryPoint","urlTemplate":"https:\/\/yaomarket.cl\/?s={search_term_string}"},"query-input":{"@type":"PropertyValueSpecification","valueRequired":true,"valueName":"search_term_string"}}],"inLanguage":"es"},{"@type":"Organization","@id":"https:\/\/yaomarket.cl\/#organization","name":"YAOMARKET","url":"https:\/\/yaomarket.cl\/","logo":{"@type":"ImageObject","inLanguage":"es","@id":"https:\/\/yaomarket.cl\/#\/schema\/logo\/image\/","url":"https:\/\/yaomarket.cl\/wp-content\/uploads\/2023\/08\/Logo-Original-Yao-Market-Circular.png","contentUrl":"https:\/\/yaomarket.cl\/wp-content\/uploads\/2023\/08\/Logo-Original-Yao-Market-Circular.png","width":522,"height":522,"caption":"YAOMARKET"},"image":{"@id":"https:\/\/yaomarket.cl\/#\/schema\/logo\/image\/"},"sameAs":["https:\/\/www.facebook.com\/yaomarketchile\/","https:\/\/www.instagram.com\/yao_market\/"]}]}},"_links":{"self":[{"href":"https:\/\/yaomarket.cl\/index.php?rest_route=\/wp\/v2\/product\/11063","targetHints":{"allow":["GET"]}}],"collection":[{"href":"https:\/\/yaomarket.cl\/index.php?rest_route=\/wp\/v2\/product"}],"about":[{"href":"https:\/\/yaomarket.cl\/index.php?rest_route=\/wp\/v2\/types\/product"}],"wp:featuredmedia":[{"embeddable":true,"href":"https:\/\/yaomarket.cl\/index.php?rest_route=\/wp\/v2\/media\/11065"}],"wp:attachment":[{"href":"https:\/\/yaomarket.cl\/index.php?rest_route=%2Fwp%2Fv2%2Fmedia&parent=11063"}],"wp:term":[{"taxonomy":"product_cat","embeddable":true,"href":"https:\/\/yaomarket.cl\/index.php?rest_route=%2Fwp%2Fv2%2Fproduct_cat&post=11063"},{"taxonomy":"product_tag","embeddable":true,"href":"https:\/\/yaomarket.cl\/index.php?rest_route=%2Fwp%2Fv2%2Fproduct_tag&post=11063"}],"curies":[{"name":"wp","href":"https:\/\/api.w.org\/{rel}","templated":true}]}}